{"id":16159,"date":"2022-06-19T14:34:00","date_gmt":"2022-06-19T14:34:00","guid":{"rendered":"https:\/\/zecovalve.com\/?post_type=product&#038;p=16159"},"modified":"2023-06-15T12:39:53","modified_gmt":"2023-06-15T12:39:53","slug":"sw-gate-valve","status":"publish","type":"product","link":"https:\/\/zecovalve.com\/es\/producto\/sw-gate-valve","title":{"rendered":"V\u00e1lvula de compuerta de acero forjado"},"content":{"rendered":"<p>Las capacidades de fabricaci\u00f3n de ZECO para v\u00e1lvulas de compuerta forjada API 602 incluyen 1\/2\u201d-2\u201d, clase de presi\u00f3n ANSI 150#-2500#. Los materiales de construcci\u00f3n incluyen acero al carbono, acero inoxidable, aleaci\u00f3n 20 y otros materiales ex\u00f3ticos.<\/p>\r\n\r\n\r\n\r\n<figure class=\"wp-block-image alignnone size-medium wp-image-16160\">\r\n<p><img loading=\"lazy\" decoding=\"async\" class=\"wp-image-27879 size-medium\" src=\"https:\/\/zecovalve.com\/wp-content\/uploads\/2022\/06\/Forged-Steel-Gate-Valve-300x225.jpg\" alt=\"V\u00e1lvula de compuerta de acero forjado\" width=\"300\" height=\"225\" srcset=\"https:\/\/zecovalve.com\/wp-content\/uploads\/2022\/06\/Forged-Steel-Gate-Valve-300x225.jpg 300w, https:\/\/zecovalve.com\/wp-content\/uploads\/2022\/06\/Forged-Steel-Gate-Valve-768x576.jpg 768w, https:\/\/zecovalve.com\/wp-content\/uploads\/2022\/06\/Forged-Steel-Gate-Valve-600x450.jpg 600w, https:\/\/zecovalve.com\/wp-content\/uploads\/2022\/06\/Forged-Steel-Gate-Valve.jpg 800w\" sizes=\"auto, (max-width: 300px) 100vw, 300px\" \/><\/p>\r\n<\/figure>\r\n\r\n\r\n<div class=\"gb-button-wrapper gb-button-wrapper-6d8495a3\">\r\n\r\n\r\n<p><a class=\"gb-button gb-button-3d442e11 gb-button-text\" href=\"mailto:commercial@zecovalve.com\" target=\"_blank\" rel=\"noopener noreferrer\"><strong>OBT\u00c9N PRECIO DE V\u00c1LVULA DE COMPUERTA DE ACERO FORJADO<\/strong><\/a><\/p>\r\n<\/div>\r\n\r\n\r\n\r\n\r\n<h2 class=\"wp-block-heading\" id=\"h-what-is-a-forged-steel-gate-valve\">\u00bfQu\u00e9 es una v\u00e1lvula de compuerta de acero forjado?<\/h2>\r\n\r\n\r\n\r\n<p>La v\u00e1lvula de compuerta forjada se fabrica con componentes de la mejor calidad y bajo la firme direcci\u00f3n de controladores de calidad experimentados. Estos est\u00e1n dise\u00f1ados utilizando componentes de la mejor calidad y siguiendo est\u00e1ndares industriales internacionales.<\/p>\r\n\r\n\r\n\r\n<p>La v\u00e1lvula de compuerta de acero forjado est\u00e1 dise\u00f1ada para API602 y tiene un yugo y un tornillo exterior de v\u00e1stago elevado. Dedicado al aislamiento en ambas direcciones del flujo.<\/p>\r\n\r\n\r\n\r\n<h2 class=\"wp-block-heading\">\u00bfPor qu\u00e9 utilizar v\u00e1lvulas de compuerta de acero forjado?<\/h2>\r\n\r\n\r\n\r\n<p>Las v\u00e1lvulas de compuerta forjadas son excelentes para procesar l\u00edquidos en tuber\u00edas. Estas v\u00e1lvulas de compuerta forjadas proporcionan un cierre herm\u00e9tico favorable tanto en situaciones horizontales como verticales.<\/p>\r\n\r\n\r\n\r\n<p>Las v\u00e1lvulas de compuerta forjadas tambi\u00e9n ofrecen una peque\u00f1a cantidad de control y se utilizan para estrangular vapor, gas o l\u00edquidos. F\u00e1cil de operar y la opci\u00f3n preferida por los ingenieros sobre las v\u00e1lvulas de bola para aislar las estaciones de captura.<\/p>\r\n\r\n\r\n\r\n<h2 class=\"wp-block-heading\" id=\"h-features-of-forged-steel-gate-valve\">Caracter\u00edsticas de la v\u00e1lvula de compuerta de acero forjado<\/h2>\r\n\r\n\r\n\r\n<ul class=\"wp-block-list\">\r\n<li><span style=\"background-color: var(--base-3); color: var(--contrast);\">OS&amp;Y, v\u00e1stago ascendente<\/span><\/li>\r\n<li>Cu\u00f1a s\u00f3lida<\/li>\r\n<li>Empaquetadura y junta de grafito<\/li>\r\n<li>Prensaestopas autoalineable de dos piezas<\/li>\r\n<li>Bonete atornillado con junta en espiral<\/li>\r\n<li>Asiento trasero integral<\/li>\r\n<\/ul>\r\n\r\n\r\n\r\n<h2 class=\"wp-block-heading\">Caracter\u00edsticas opcionales de las v\u00e1lvulas de compuerta de acero forjado<\/h2>\r\n\r\n\r\n\r\n<ul class=\"wp-block-list\">\r\n<li>Puerto Completo o Puerto Regular<\/li>\r\n<li>V\u00e1stago extendido o debajo del sello<\/li>\r\n<li>Bonete soldado o bonete sellado a presi\u00f3n<\/li>\r\n<li>Dispositivo de bloqueo bajo petici\u00f3n<\/li>\r\n<li>Fabricaci\u00f3n seg\u00fan NACE MR0175 bajo pedido<\/li>\r\n<li>Bajas emisiones fugitivas<\/li>\r\n<\/ul>\r\n\r\n\r\n\r\n<h2 class=\"wp-block-heading\">Aplicaciones de la v\u00e1lvula de compuerta de acero forjado<\/h2>\r\n\r\n\r\n\r\n<ul class=\"wp-block-list\">\r\n<li>sala de turbinas<\/li>\r\n<li>Aislamiento<\/li>\r\n<li>L\u00edneas de condensado<\/li>\r\n<li>Antes de costosos equipos de planta L\u00edneas de quemadores de gas\u00f3leo<\/li>\r\n<li>Planta de calderas L\u00ednea de combustible Instalaciones de reciclaje Industria qu\u00edmica Planta de vapor Hospitales, escuelas y HVAC<\/li>\r\n<\/ul>\r\n\r\n\r\n\r\n<h2 class=\"wp-block-heading\" id=\"h-product-details-of-forged-steel-gate-valve\">Detalles del producto de la v\u00e1lvula de compuerta de acero forjado<\/h2>\r\n\r\n\r\n\r\n<figure class=\"wp-block-table is-style-stripes\">\r\n<table>\r\n<tbody>\r\n<tr>\r\n<td><strong>Clase\/clasificaci\u00f3n ANSI<\/strong><\/td>\r\n<td>800#, 1500#, 2500#<\/td>\r\n<\/tr>\r\n<tr>\r\n<td><strong>Norma de dise\u00f1o<\/strong><\/td>\r\n<td>API 602<\/td>\r\n<\/tr>\r\n<tr>\r\n<td><strong>Norma de ensayo<\/strong><\/td>\r\n<td>API 598<\/td>\r\n<\/tr>\r\n<tr>\r\n<td><strong>Talla<\/strong><\/td>\r\n<td>1\/2\u2033 -2\u2033<\/td>\r\n<\/tr>\r\n<tr>\r\n<td><strong>Materiales<\/strong><\/td>\r\n<td>Carrocer\u00eda: A105, F11, F22, F51, LF2, F304, F304L, F316, F316L Detalles: 13 % Cr, Stellite, etc.<\/td>\r\n<\/tr>\r\n<tr>\r\n<td><strong>Termina<\/strong><\/td>\r\n<td>Extremos atornillados (NPT) seg\u00fan ANSI\/ASME B1.20.1 Extremos para soldar seg\u00fan ASME B16.11 Extremos para soldar a tope seg\u00fan ASME B16.25 Brida final: ANSI B16.5<\/td>\r\n<\/tr>\r\n<tr>\r\n<td><strong>Operaci\u00f3n<\/strong><\/td>\r\n<td>Manual, El\u00e9ctrico<\/td>\r\n<\/tr>\r\n<tr>\r\n<td><strong>Puertos<\/strong><\/td>\r\n<td>Puerto est\u00e1ndar y completo<\/td>\r\n<\/tr>\r\n<\/tbody>\r\n<\/table>\r\n<\/figure>","protected":false},"excerpt":{"rendered":"<p>Las capacidades de fabricaci\u00f3n de ZECO para v\u00e1lvulas de compuerta forjada API 602 incluyen 1\/2\u201d-2\u201d, clase de presi\u00f3n ANSI 150#-2500#. Los materiales de construcci\u00f3n incluyen acero al carbono, inoxidable... <a title=\"V\u00e1lvula de compuerta de acero forjado\" class=\"read-more\" href=\"https:\/\/zecovalve.com\/es\/producto\/sw-gate-valve\" aria-label=\"M\u00e1s en V\u00e1lvula de compuerta de acero forjado\">Leer m\u00e1s<\/a><\/p>","protected":false},"featured_media":27879,"comment_status":"closed","ping_status":"closed","template":"","meta":{"_generate-full-width-content":"","kt_blocks_editor_width":""},"product_cat":[2464,2052],"product_tag":[2798],"class_list":["post-16159","product","type-product","status-publish","has-post-thumbnail","hentry","product_cat-forged-steel-gate-valve","product_cat-gate-valve","product_tag-osy-valve","sales-flash-overlay","woocommerce-text-align-center","woocommerce-image-align-center","do-quantity-buttons"],"featured_image_src_large":["https:\/\/zecovalve.com\/wp-content\/uploads\/2022\/06\/Forged-Steel-Gate-Valve.jpg",800,600,false],"author_info":[],"comment_info":0,"taxonomy_info":{"product_cat":[{"value":2464,"label":"Forged Steel Gate Valve"},{"value":2052,"label":"Gate Valve"}],"product_tag":[{"value":2798,"label":"OS&amp;Y Valve"}]},"yoast_head":"<!-- This site is optimized with the Yoast SEO Premium plugin v15.4 - https:\/\/yoast.com\/wordpress\/plugins\/seo\/ -->\n<title>Forged Steel Gate Valve - OS&amp;Y Gate Valve Manufacturer | ZECO Valve<\/title>\n<meta name=\"robots\" content=\"index, follow, max-snippet:-1, max-image-preview:large, max-video-preview:-1\" \/>\n<link rel=\"canonical\" href=\"https:\/\/zecovalve.com\/es\/producto\/sw-gate-valve\" \/>\n<meta property=\"og:locale\" content=\"es_ES\" \/>\n<meta property=\"og:type\" content=\"article\" \/>\n<meta property=\"og:title\" content=\"Forged Steel Gate Valve - OS&amp;Y Gate Valve Manufacturer | ZECO Valve\" \/>\n<meta property=\"og:description\" content=\"ZECO manufacturing capabilities for API 602 Forged Gate valves include 1\/2\u201d-2\u201d, ANSI Pressure class 150#-2500#. Materials of construction include Carbon Steel, Stainless ... Leer m\u00e1s\" \/>\n<meta property=\"og:url\" content=\"https:\/\/zecovalve.com\/es\/producto\/sw-gate-valve\" \/>\n<meta property=\"og:site_name\" content=\"ZECO Valve\" \/>\n<meta property=\"article:modified_time\" content=\"2023-06-15T12:39:53+00:00\" \/>\n<meta property=\"og:image\" content=\"https:\/\/zecovalve.com\/wp-content\/uploads\/2022\/06\/Forged-Steel-Gate-Valve.jpg\" \/>\n\t<meta property=\"og:image:width\" content=\"800\" \/>\n\t<meta property=\"og:image:height\" content=\"600\" \/>\n<meta name=\"twitter:card\" content=\"summary_large_image\" \/>\n<meta name=\"twitter:label1\" content=\"Escrito por\">\n\t<meta name=\"twitter:data1\" content=\"Jerry\">\n\t<meta name=\"twitter:label2\" content=\"Tiempo de lectura\">\n\t<meta name=\"twitter:data2\" content=\"1 minuto\">\n<script type=\"application\/ld+json\" class=\"yoast-schema-graph\">{\"@context\":\"https:\/\/schema.org\",\"@graph\":[{\"@type\":\"WebSite\",\"@id\":\"https:\/\/zecovalve.com\/#website\",\"url\":\"https:\/\/zecovalve.com\/\",\"name\":\"ZECO Valve\",\"description\":\"Industrial Ball Valve, Gate Valve and Globe Valve Manufacturer\",\"potentialAction\":[{\"@type\":\"SearchAction\",\"target\":\"https:\/\/zecovalve.com\/?s={search_term_string}\",\"query-input\":\"required name=search_term_string\"}],\"inLanguage\":\"es\"},{\"@type\":\"ImageObject\",\"@id\":\"https:\/\/zecovalve.com\/product\/sw-gate-valve#primaryimage\",\"inLanguage\":\"es\",\"url\":\"https:\/\/zecovalve.com\/wp-content\/uploads\/2022\/06\/Forged-Steel-Gate-Valve.jpg\",\"width\":800,\"height\":600,\"caption\":\"Forged Steel Gate Valve\"},{\"@type\":\"WebPage\",\"@id\":\"https:\/\/zecovalve.com\/product\/sw-gate-valve#webpage\",\"url\":\"https:\/\/zecovalve.com\/product\/sw-gate-valve\",\"name\":\"Forged Steel Gate Valve - OS&Y Gate Valve Manufacturer | ZECO Valve\",\"isPartOf\":{\"@id\":\"https:\/\/zecovalve.com\/#website\"},\"primaryImageOfPage\":{\"@id\":\"https:\/\/zecovalve.com\/product\/sw-gate-valve#primaryimage\"},\"datePublished\":\"2022-06-19T14:34:00+00:00\",\"dateModified\":\"2023-06-15T12:39:53+00:00\",\"breadcrumb\":{\"@id\":\"https:\/\/zecovalve.com\/product\/sw-gate-valve#breadcrumb\"},\"inLanguage\":\"es\",\"potentialAction\":[{\"@type\":\"ReadAction\",\"target\":[\"https:\/\/zecovalve.com\/product\/sw-gate-valve\"]}]},{\"@type\":\"BreadcrumbList\",\"@id\":\"https:\/\/zecovalve.com\/product\/sw-gate-valve#breadcrumb\",\"itemListElement\":[{\"@type\":\"ListItem\",\"position\":1,\"item\":{\"@type\":\"WebPage\",\"@id\":\"https:\/\/zecovalve.com\/\",\"url\":\"https:\/\/zecovalve.com\/\",\"name\":\"Home\"}},{\"@type\":\"ListItem\",\"position\":2,\"item\":{\"@type\":\"WebPage\",\"@id\":\"https:\/\/zecovalve.com\/product-category\",\"url\":\"https:\/\/zecovalve.com\/product-category\",\"name\":\"Industrial Valve Manufacturer | Water Valve Manufacturer\"}},{\"@type\":\"ListItem\",\"position\":3,\"item\":{\"@type\":\"WebPage\",\"@id\":\"https:\/\/zecovalve.com\/product\/sw-gate-valve\",\"url\":\"https:\/\/zecovalve.com\/product\/sw-gate-valve\",\"name\":\"Forged Steel Gate Valve\"}}]}]}<\/script>\n<!-- \/ Yoast SEO Premium plugin. -->","_links":{"self":[{"href":"https:\/\/zecovalve.com\/es\/wp-json\/wp\/v2\/product\/16159","targetHints":{"allow":["GET"]}}],"collection":[{"href":"https:\/\/zecovalve.com\/es\/wp-json\/wp\/v2\/product"}],"about":[{"href":"https:\/\/zecovalve.com\/es\/wp-json\/wp\/v2\/types\/product"}],"replies":[{"embeddable":true,"href":"https:\/\/zecovalve.com\/es\/wp-json\/wp\/v2\/comments?post=16159"}],"wp:featuredmedia":[{"embeddable":true,"href":"https:\/\/zecovalve.com\/es\/wp-json\/wp\/v2\/media\/27879"}],"wp:attachment":[{"href":"https:\/\/zecovalve.com\/es\/wp-json\/wp\/v2\/media?parent=16159"}],"wp:term":[{"taxonomy":"product_cat","embeddable":true,"href":"https:\/\/zecovalve.com\/es\/wp-json\/wp\/v2\/product_cat?post=16159"},{"taxonomy":"product_tag","embeddable":true,"href":"https:\/\/zecovalve.com\/es\/wp-json\/wp\/v2\/product_tag?post=16159"}],"curies":[{"name":"wp","href":"https:\/\/api.w.org\/{rel}","templated":true}]}}