{"id":16161,"date":"2022-06-19T14:36:10","date_gmt":"2022-06-19T14:36:10","guid":{"rendered":"https:\/\/zecovalve.com\/?post_type=product&#038;p=16161"},"modified":"2023-06-07T07:16:30","modified_gmt":"2023-06-07T07:16:30","slug":"two-piece-ball-valve","status":"publish","type":"product","link":"https:\/\/zecovalve.com\/es\/producto\/two-piece-ball-valve","title":{"rendered":"V\u00e1lvula de bola de dos piezas"},"content":{"rendered":"<p>V\u00e1lvula de bola de dos piezas Las v\u00e1lvulas de bola de paso total con bridas son a prueba de incendios y cuentan con certificaci\u00f3n TA Luft. La funci\u00f3n de montaje directo est\u00e1ndar ISO permite una f\u00e1cil instalaci\u00f3n de cualquier actuador, incluso despu\u00e9s del arranque inicial en una configuraci\u00f3n manual.<\/p>\r\n\r\n\r\n\r\n<figure class=\"wp-block-image alignnone size-medium wp-image-16162\"><img loading=\"lazy\" decoding=\"async\" width=\"300\" height=\"225\" class=\"wp-image-16162\" src=\"https:\/\/zecovalve.com\/wp-content\/uploads\/2022\/06\/two-piece-ball-valve-300x225.jpg\" alt=\"V\u00e1lvula de bola de dos piezas\" srcset=\"https:\/\/zecovalve.com\/wp-content\/uploads\/2022\/06\/two-piece-ball-valve-300x225.jpg 300w, https:\/\/zecovalve.com\/wp-content\/uploads\/2022\/06\/two-piece-ball-valve-768x576.jpg 768w, https:\/\/zecovalve.com\/wp-content\/uploads\/2022\/06\/two-piece-ball-valve-600x450.jpg 600w, https:\/\/zecovalve.com\/wp-content\/uploads\/2022\/06\/two-piece-ball-valve.jpg 800w\" sizes=\"auto, (max-width: 300px) 100vw, 300px\" \/><\/figure>\r\n\r\n\r\n<div class=\"gb-button-wrapper gb-button-wrapper-6d8495a3\">\r\n\r\n\r\n<p><a class=\"gb-button gb-button-3d442e11 gb-button-text\" href=\"https:\/\/zecovalve.com\/es\/contact\/\" target=\"_blank\" rel=\"noopener noreferrer\"><strong>OBT\u00c9N PRECIO DE V\u00c1LVULA DE BOLA DE DOS PIEZAS<\/strong><\/a><\/p>\r\n<\/div>\r\n\r\n\r\n\r\n\r\n<h2 class=\"wp-block-heading\" id=\"h-what-is-a-two-piece-ball-valve\">\u00bfQu\u00e9 es una v\u00e1lvula de bola de dos piezas?<\/h2>\r\n\r\n\r\n\r\n<p>La v\u00e1lvula de bola de dos piezas ZECO se divide en una v\u00e1lvula de bola montada en mu\u00f1\u00f3n de dos piezas y una v\u00e1lvula de bola flotante de dos piezas. La v\u00e1lvula de bola flotante de dos piezas se llama porque, la bola est\u00e1 flotando, bajo la presi\u00f3n del medio, la bola producir\u00e1 un cierto desplazamiento y la superficie de sellado del extremo de salida se puede mantener en estrecho contacto para asegurar el sello; La v\u00e1lvula de bola montada en mu\u00f1\u00f3n de dos piezas es adecuada para tuber\u00edas de larga distancia y tuber\u00edas industriales en general, v\u00e1lvula de bola montada en mu\u00f1\u00f3n porque la bola no se mover\u00e1 hacia la bola debido a la presi\u00f3n del medio, pero transferir\u00e1 la presi\u00f3n del medio al rodamiento, por lo que el par de torsi\u00f3n de la v\u00e1lvula de bola montada en mu\u00f1\u00f3n ser\u00e1 mucho menor que el de la v\u00e1lvula de bola flotante y su vida \u00fatil ser\u00e1 m\u00e1s larga.<\/p>\r\n\r\n\r\n\r\n<h2 class=\"wp-block-heading\">Piezas de v\u00e1lvula de bola de dos piezas<\/h2>\r\n\r\n\r\n\r\n<ul class=\"wp-block-list\">\r\n<li>Bola\r\n<ul>\r\n<li>La bola s\u00f3lida altamente pulida tiene un orificio de alivio de presi\u00f3n en la ranura del v\u00e1stago para evitar la acumulaci\u00f3n de presi\u00f3n en la cavidad del cuerpo. Esto garantiza un cierre herm\u00e9tico y una larga vida \u00fatil.<\/li>\r\n<\/ul>\r\n<\/li>\r\n<li>V\u00e1stago\r\n<ul>\r\n<li>El conjunto del v\u00e1stago de la v\u00e1lvula tiene una construcci\u00f3n a prueba de explosiones y una conexi\u00f3n superior cuadrada. Un sello de arandela de empuje de PTFE ayuda a lograr un par de operaci\u00f3n bajo.<\/li>\r\n<\/ul>\r\n<\/li>\r\n<li>Asientos\r\n<ul>\r\n<li>Un dise\u00f1o de asiento flexible proporciona un cierre herm\u00e9tico a presiones altas y bajas. La construcci\u00f3n especial del asiento limita el desgaste al m\u00ednimo y garantiza valores de par bajos en todas las condiciones de funcionamiento. El material del asiento est\u00e1ndar es PTFE TFM1600 de alta calidad. Adem\u00e1s de las propiedades mec\u00e1nicas y qu\u00edmicas probadas del PTFE, esta versi\u00f3n reforzada qu\u00edmicamente ofrece idoneidad para una gama m\u00e1s amplia de aplicaciones con respecto a presi\u00f3n y temperatura.<\/li>\r\n<\/ul>\r\n<\/li>\r\n<\/ul>\r\n\r\n\r\n\r\n<h2 class=\"wp-block-heading\">Descripci\u00f3n de v\u00e1lvulas de bola de 2 piezas<\/h2>\r\n\r\n\r\n\r\n<ul class=\"wp-block-list\">\r\n<li>V\u00e1lvulas de bola de paso total de 2 piezas<\/li>\r\n<li>Acero al carbono y acero inoxidable.<\/li>\r\n<li>Conexiones de brida ASME B16.5<\/li>\r\n<li>Clasificaci\u00f3n de presi\u00f3n de ASME CLASE 150 a ASME CLASE 2500<\/li>\r\n<li>Tama\u00f1o 1\/2\u2033 \u2013 16\u2033<\/li>\r\n<li>Dise\u00f1o ASME B16.34, API 608, API 6D<\/li>\r\n<li>Longitud cara a cara Patr\u00f3n largo ASME B16.10<\/li>\r\n<li>Montaje directo ISO 5211<\/li>\r\n<li>Certificado de seguridad contra incendios API 607, sexta edici\u00f3n<\/li>\r\n<li>Dispositivo antiest\u00e1tico<\/li>\r\n<\/ul>\r\n\r\n\r\n\r\n<h2 class=\"wp-block-heading\" id=\"h-features-of-2pc-ball-valves\">Caracter\u00edsticas de las v\u00e1lvulas de bola de 2 piezas<\/h2>\r\n\r\n\r\n\r\n<ul class=\"wp-block-list\">\r\n<li>El asiento de la v\u00e1lvula de bola de dos piezas ZECO se adopta con una estructura de dise\u00f1o frontal, esta estructura tiene capacidad de sellado en ambos lados y funci\u00f3n de alivio autom\u00e1tico. El asiento de material compuesto flota y est\u00e1 cargado con resorte. Cuando est\u00e1 en la posici\u00f3n Cerrada, la cara de sellado mantiene un estrecho contacto con la bola para garantizar que no haya fugas entre la presi\u00f3n alta y baja;<\/li>\r\n<li>V\u00e1lvula de bola ZECO de dise\u00f1o de dos piezas con sistema de sellado emergente-asiento auxiliar. Una vez que se da\u00f1a el sellado o se da\u00f1a la capacidad de la cara de sellado, la inyecci\u00f3n de sellador al sistema auxiliar podr\u00e1 sellarlo de manera emergente. El dispositivo de sellado emergente tambi\u00e9n podr\u00e1 usarse para limpiar o lubricar. El v\u00e1stago tambi\u00e9n est\u00e1 dise\u00f1ado con un sistema de sellado emergente;<\/li>\r\n<li>De acuerdo con las condiciones del texto, la v\u00e1lvula de bola de dos piezas ZECO ha sido dise\u00f1ada para tener una estructura a prueba de fuego. Este dise\u00f1o cumple con API 607; una vez que se produce un incendio, la estructura a prueba de fuego podr\u00e1 evitar fugas masivas;<\/li>\r\n<li>Cuando la v\u00e1lvula est\u00e1 en estado cerrado, el asiento bloquea el l\u00edquido y el dispositivo de alivio podr\u00e1 liberar los residuos acumulados en la cavidad del cuerpo.<\/li>\r\n<\/ul>\r\n\r\n\r\n\r\n<h2 class=\"wp-block-heading\" id=\"h-material-of-two-piece-ball-valve\">Material de la v\u00e1lvula de bola de dos piezas:<\/h2>\r\n\r\n\r\n\r\n<figure class=\"wp-block-table\">\r\n<table>\r\n<tbody>\r\n<tr>\r\n<td>No<\/td>\r\n<td>Pieza<\/td>\r\n<td>Material<\/td>\r\n<\/tr>\r\n<tr>\r\n<td>1<\/td>\r\n<td>Cuerpo<\/td>\r\n<td>ASTM A182 F304<\/td>\r\n<\/tr>\r\n<tr>\r\n<td>2<\/td>\r\n<td>Cap\u00f3<\/td>\r\n<td>ASTM A182 F304<\/td>\r\n<\/tr>\r\n<tr>\r\n<td>3<\/td>\r\n<td>Perno del cap\u00f3<\/td>\r\n<td>ASTM A193 B8<\/td>\r\n<\/tr>\r\n<tr>\r\n<td>4<\/td>\r\n<td>Tuerca de sombrerete<\/td>\r\n<td>ASTM A194 8<\/td>\r\n<\/tr>\r\n<tr>\r\n<td>5<\/td>\r\n<td>Junta del cap\u00f3<\/td>\r\n<td>Grafito +SS304<\/td>\r\n<\/tr>\r\n<tr>\r\n<td>6<\/td>\r\n<td>Anillo de asiento<\/td>\r\n<td>VITON<\/td>\r\n<\/tr>\r\n<tr>\r\n<td>7<\/td>\r\n<td>Bola<\/td>\r\n<td>ASTM A182 F304<\/td>\r\n<\/tr>\r\n<tr>\r\n<td>8<\/td>\r\n<td>V\u00e1stago<\/td>\r\n<td>ASTM A276 304<\/td>\r\n<\/tr>\r\n<tr>\r\n<td>9<\/td>\r\n<td>Empaquetadura de v\u00e1stago<\/td>\r\n<td>Grafito<\/td>\r\n<\/tr>\r\n<tr>\r\n<td>10<\/td>\r\n<td>Gl\u00e1ndula<\/td>\r\n<td>ASTM A351 CF8<\/td>\r\n<\/tr>\r\n<tr>\r\n<td>11<\/td>\r\n<td>Collar\u00edn de parada<\/td>\r\n<td>ANSI 1025<\/td>\r\n<\/tr>\r\n<\/tbody>\r\n<\/table>\r\n<\/figure>","protected":false},"excerpt":{"rendered":"<p>V\u00e1lvula de bola de dos piezas Las v\u00e1lvulas de bola de paso total con bridas son a prueba de incendios y cuentan con certificaci\u00f3n TA Luft. La funci\u00f3n est\u00e1ndar ISO de montaje directo... <a title=\"V\u00e1lvula de bola de dos piezas\" class=\"read-more\" href=\"https:\/\/zecovalve.com\/es\/producto\/two-piece-ball-valve\" aria-label=\"M\u00e1s en V\u00e1lvula de bola de dos piezas\">Leer m\u00e1s<\/a><\/p>","protected":false},"featured_media":27866,"comment_status":"closed","ping_status":"closed","template":"","meta":{"_generate-full-width-content":"","kt_blocks_editor_width":""},"product_cat":[2047,2465],"product_tag":[2655,2804,2656],"class_list":["post-16161","product","type-product","status-publish","has-post-thumbnail","hentry","product_cat-ball-valve","product_cat-forged-steel-ball-valve","product_tag-1-2-ball-valve","product_tag-2-inch-ball-valve","product_tag-3-4-ball-valve","sales-flash-overlay","woocommerce-text-align-center","woocommerce-image-align-center","do-quantity-buttons"],"featured_image_src_large":["https:\/\/zecovalve.com\/wp-content\/uploads\/2022\/06\/Two-Piece-Ball-Valve-1.jpg",800,600,false],"author_info":[],"comment_info":0,"taxonomy_info":{"product_cat":[{"value":2047,"label":"Ball Valve"},{"value":2465,"label":"Forged Ball Valve"}],"product_tag":[{"value":2655,"label":"1 2 ball valve"},{"value":2804,"label":"2 inch Ball Valve"},{"value":2656,"label":"3 4 ball valve"}]},"yoast_head":"<!-- This site is optimized with the Yoast SEO Premium plugin v15.4 - https:\/\/yoast.com\/wordpress\/plugins\/seo\/ -->\n<title>Two Piece Ball Valve - 2PC Ball Valve Manufacturer | ZECO Valve<\/title>\n<meta name=\"robots\" content=\"index, follow, max-snippet:-1, max-image-preview:large, max-video-preview:-1\" \/>\n<link rel=\"canonical\" href=\"https:\/\/zecovalve.com\/es\/producto\/two-piece-ball-valve\" \/>\n<meta property=\"og:locale\" content=\"es_ES\" \/>\n<meta property=\"og:type\" content=\"article\" \/>\n<meta property=\"og:title\" content=\"Two Piece Ball Valve - 2PC Ball Valve Manufacturer | ZECO Valve\" \/>\n<meta property=\"og:description\" content=\"Two Piece Ball Valve flanged full bore ball valves are fire safe and TA Luft certified. The standard ISO direct mount feature ... Leer m\u00e1s\" \/>\n<meta property=\"og:url\" content=\"https:\/\/zecovalve.com\/es\/producto\/two-piece-ball-valve\" \/>\n<meta property=\"og:site_name\" content=\"ZECO Valve\" \/>\n<meta property=\"article:modified_time\" content=\"2023-06-07T07:16:30+00:00\" \/>\n<meta property=\"og:image\" content=\"https:\/\/zecovalve.com\/wp-content\/uploads\/2022\/06\/Two-Piece-Ball-Valve-1.jpg\" \/>\n\t<meta property=\"og:image:width\" content=\"800\" \/>\n\t<meta property=\"og:image:height\" content=\"600\" \/>\n<meta name=\"twitter:card\" content=\"summary_large_image\" \/>\n<meta name=\"twitter:label1\" content=\"Escrito por\">\n\t<meta name=\"twitter:data1\" content=\"Jerry\">\n\t<meta name=\"twitter:label2\" content=\"Tiempo de lectura\">\n\t<meta name=\"twitter:data2\" content=\"2 minutos\">\n<script type=\"application\/ld+json\" class=\"yoast-schema-graph\">{\"@context\":\"https:\/\/schema.org\",\"@graph\":[{\"@type\":\"WebSite\",\"@id\":\"https:\/\/zecovalve.com\/#website\",\"url\":\"https:\/\/zecovalve.com\/\",\"name\":\"ZECO Valve\",\"description\":\"Industrial Ball Valve, Gate Valve and Globe Valve Manufacturer\",\"potentialAction\":[{\"@type\":\"SearchAction\",\"target\":\"https:\/\/zecovalve.com\/?s={search_term_string}\",\"query-input\":\"required name=search_term_string\"}],\"inLanguage\":\"es\"},{\"@type\":\"ImageObject\",\"@id\":\"https:\/\/zecovalve.com\/product\/two-piece-ball-valve#primaryimage\",\"inLanguage\":\"es\",\"url\":\"https:\/\/zecovalve.com\/wp-content\/uploads\/2022\/06\/Two-Piece-Ball-Valve-1.jpg\",\"width\":800,\"height\":600,\"caption\":\"Two Piece Ball Valve\"},{\"@type\":\"WebPage\",\"@id\":\"https:\/\/zecovalve.com\/product\/two-piece-ball-valve#webpage\",\"url\":\"https:\/\/zecovalve.com\/product\/two-piece-ball-valve\",\"name\":\"Two Piece Ball Valve - 2PC Ball Valve Manufacturer | ZECO Valve\",\"isPartOf\":{\"@id\":\"https:\/\/zecovalve.com\/#website\"},\"primaryImageOfPage\":{\"@id\":\"https:\/\/zecovalve.com\/product\/two-piece-ball-valve#primaryimage\"},\"datePublished\":\"2022-06-19T14:36:10+00:00\",\"dateModified\":\"2023-06-07T07:16:30+00:00\",\"breadcrumb\":{\"@id\":\"https:\/\/zecovalve.com\/product\/two-piece-ball-valve#breadcrumb\"},\"inLanguage\":\"es\",\"potentialAction\":[{\"@type\":\"ReadAction\",\"target\":[\"https:\/\/zecovalve.com\/product\/two-piece-ball-valve\"]}]},{\"@type\":\"BreadcrumbList\",\"@id\":\"https:\/\/zecovalve.com\/product\/two-piece-ball-valve#breadcrumb\",\"itemListElement\":[{\"@type\":\"ListItem\",\"position\":1,\"item\":{\"@type\":\"WebPage\",\"@id\":\"https:\/\/zecovalve.com\/\",\"url\":\"https:\/\/zecovalve.com\/\",\"name\":\"Home\"}},{\"@type\":\"ListItem\",\"position\":2,\"item\":{\"@type\":\"WebPage\",\"@id\":\"https:\/\/zecovalve.com\/product-category\",\"url\":\"https:\/\/zecovalve.com\/product-category\",\"name\":\"Industrial Valve Manufacturer | Water Valve Manufacturer\"}},{\"@type\":\"ListItem\",\"position\":3,\"item\":{\"@type\":\"WebPage\",\"@id\":\"https:\/\/zecovalve.com\/product\/two-piece-ball-valve\",\"url\":\"https:\/\/zecovalve.com\/product\/two-piece-ball-valve\",\"name\":\"Two Piece Ball Valve\"}}]}]}<\/script>\n<!-- \/ Yoast SEO Premium plugin. -->","_links":{"self":[{"href":"https:\/\/zecovalve.com\/es\/wp-json\/wp\/v2\/product\/16161","targetHints":{"allow":["GET"]}}],"collection":[{"href":"https:\/\/zecovalve.com\/es\/wp-json\/wp\/v2\/product"}],"about":[{"href":"https:\/\/zecovalve.com\/es\/wp-json\/wp\/v2\/types\/product"}],"replies":[{"embeddable":true,"href":"https:\/\/zecovalve.com\/es\/wp-json\/wp\/v2\/comments?post=16161"}],"wp:featuredmedia":[{"embeddable":true,"href":"https:\/\/zecovalve.com\/es\/wp-json\/wp\/v2\/media\/27866"}],"wp:attachment":[{"href":"https:\/\/zecovalve.com\/es\/wp-json\/wp\/v2\/media?parent=16161"}],"wp:term":[{"taxonomy":"product_cat","embeddable":true,"href":"https:\/\/zecovalve.com\/es\/wp-json\/wp\/v2\/product_cat?post=16161"},{"taxonomy":"product_tag","embeddable":true,"href":"https:\/\/zecovalve.com\/es\/wp-json\/wp\/v2\/product_tag?post=16161"}],"curies":[{"name":"wp","href":"https:\/\/api.w.org\/{rel}","templated":true}]}}