{"id":16167,"date":"2022-06-19T14:50:15","date_gmt":"2022-06-19T14:50:15","guid":{"rendered":"https:\/\/zecovalve.com\/?post_type=product&#038;p=16167"},"modified":"2022-07-18T14:23:16","modified_gmt":"2022-07-18T14:23:16","slug":"stainless-steel-butterfly-valve","status":"publish","type":"product","link":"https:\/\/zecovalve.com\/es\/producto\/stainless-steel-butterfly-valve","title":{"rendered":"V\u00e1lvula de mariposa de acero inoxidable"},"content":{"rendered":"Las v\u00e1lvulas de mariposa tienen un mecanismo de trabajo muy simple que resulta extremadamente ventajoso para las aplicaciones a las que presta servicio. Si necesita obtener m\u00e1s informaci\u00f3n sobre las v\u00e1lvulas de mariposa, ZECO Valve es un fabricante de v\u00e1lvulas de mariposa de buena reputaci\u00f3n.\r\n\r\n\r\n\r\n\r\n<figure class=\"wp-block-image alignnone size-medium wp-image-16168\"><img loading=\"lazy\" decoding=\"async\" width=\"300\" height=\"225\" class=\"wp-image-16168\" src=\"https:\/\/zecovalve.com\/wp-content\/uploads\/2022\/06\/stainless-steel-butterfly-valve-300x225.jpg\" alt=\"V\u00e1lvula de mariposa de acero inoxidable\" srcset=\"https:\/\/zecovalve.com\/wp-content\/uploads\/2022\/06\/stainless-steel-butterfly-valve-300x225.jpg 300w, https:\/\/zecovalve.com\/wp-content\/uploads\/2022\/06\/stainless-steel-butterfly-valve-768x576.jpg 768w, https:\/\/zecovalve.com\/wp-content\/uploads\/2022\/06\/stainless-steel-butterfly-valve-600x450.jpg 600w, https:\/\/zecovalve.com\/wp-content\/uploads\/2022\/06\/stainless-steel-butterfly-valve.jpg 800w\" sizes=\"auto, (max-width: 300px) 100vw, 300px\" \/><\/figure>\r\n\r\n\r\n<div class=\"gb-button-wrapper gb-button-wrapper-6d8495a3\">\r\n\r\n<a class=\"gb-button gb-button-3d442e11 gb-button-text\" href=\"https:\/\/zecovalve.com\/es\/contact\/\" target=\"_blank\" rel=\"noopener noreferrer\"><strong>OBTENER PRECIO DE V\u00c1LVULA DE MARIPOSA DE ACERO INOXIDABLE<\/strong><\/a>\r\n\r\n<\/div>\r\n\r\n\r\n\r\n\r\n<h2 class=\"wp-block-heading\" id=\"h-what-is-a-stainless-steel-butterfly-valve\">\u00bfQu\u00e9 es una v\u00e1lvula de mariposa de acero inoxidable?<\/h2>\r\n\r\n\r\n\r\n\r\nUna v\u00e1lvula de mariposa de acero inoxidable es una v\u00e1lvula hecha de material de acero inoxidable. Aunque esta v\u00e1lvula est\u00e1 hecha de acero, otros componentes internos como asientos, sellos, juntas t\u00f3ricas y juntas pueden estar hechos de diferentes materiales como pl\u00e1stico, caucho u otro material. El tipo de material utilizado para fabricar esos componentes internos determina el tipo de medio y la temperatura en la que se puede utilizar la v\u00e1lvula. Las v\u00e1lvulas de mariposa SS fabricadas con materiales totalmente met\u00e1licos son adecuadas para su uso tanto en temperaturas bajas como altas porque los materiales met\u00e1licos pueden soportar altos niveles de calor t\u00e9rmico. Los fabricantes de v\u00e1lvulas de mariposa de acero inoxidable dise\u00f1an estas v\u00e1lvulas para condiciones duras y de servicio pesado. Como tal, estas v\u00e1lvulas son muy fuertes y pueden soportar altas presiones y lodos sin problemas. Las v\u00e1lvulas de mariposa SS funcionan de forma manual o autom\u00e1tica. El funcionamiento de estas v\u00e1lvulas depende del cuarto de vuelta del volante para iniciar o detener el flujo de fluido. El cuarto de vuelta del volante hace que estas v\u00e1lvulas funcionen r\u00e1pidamente y sean menos tediosas en comparaci\u00f3n con otras v\u00e1lvulas que necesitan m\u00faltiples vueltas para funcionar.\r\n\r\n\r\n\r\n\r\n<h2 class=\"wp-block-heading\">\u00bfC\u00f3mo funciona una v\u00e1lvula de mariposa de acero inoxidable?<\/h2>\r\n\r\n\r\n\r\n\r\nLas v\u00e1lvulas de mariposa de acero inoxidable tienen una construcci\u00f3n relativamente simple. Los componentes principales de una v\u00e1lvula de mariposa son el cuerpo, el sello, el disco y el v\u00e1stago. Una v\u00e1lvula de mariposa t\u00edpica tiene el disco colocado en el centro de la tuber\u00eda conectada y un v\u00e1stago que est\u00e1 conectado a un actuador o manija en el exterior de la v\u00e1lvula. En la posici\u00f3n cerrada, el disco es perpendicular al flujo y est\u00e1 sellado por el asiento de la v\u00e1lvula. El v\u00e1stago tambi\u00e9n se sella mediante una junta t\u00f3rica. Cuando el actuador o la manija gira el v\u00e1stago de la v\u00e1lvula de mariposa hacia atr\u00e1s 90 grados, el disco se aleja del asiento de la v\u00e1lvula de mariposa y se posiciona paralelo al flujo. La rotaci\u00f3n parcial permite estrangular o proporcional el flujo.\r\n\r\n\r\n\r\n\r\n<h2 class=\"wp-block-heading\" id=\"h-features-of-stainless-steel-butterfly-valves\">Caracter\u00edsticas de las v\u00e1lvulas de mariposa de acero inoxidable<\/h2>\r\n\r\n\r\n\r\n<ul class=\"wp-block-list\">\r\n \t<li>La v\u00e1lvula de mariposa de acero inoxidable ZECO combina los tres desplazamientos de la superficie de asiento con la flexibilidad de la laminaci\u00f3n de grafito para lograr un sello herm\u00e9tico y uniforme con un torque requerido bajo;<\/li>\r\n \t<li>El dise\u00f1o doble anti-explosi\u00f3n de la v\u00e1lvula de mariposa de acero inoxidable ZECO satisface los requisitos API 609 y ASME B31.1 mediante retenci\u00f3n del v\u00e1stago tanto interna como externa;<\/li>\r\n \t<li>Los anillos de sello laminados de la v\u00e1lvula de mariposa de acero inoxidable ZECO est\u00e1n dise\u00f1ados para autoalinearse y permitir que las v\u00e1lvulas cumplan con cero fugas seg\u00fan API 598;<\/li>\r\n \t<li>El eje de la v\u00e1lvula de mariposa de acero inoxidable ZECO est\u00e1 completamente guiado por un cojinete de eje y un seguidor de prensaestopas para reducir la carga lateral debida al empuje de presi\u00f3n de la l\u00ednea.<\/li>\r\n<\/ul>\r\n\r\n\r\n\r\n<h2 class=\"wp-block-heading\">Aplicaciones de las v\u00e1lvulas de mariposa SS<\/h2>\r\n\r\n\r\n\r\n\r\nLas v\u00e1lvulas de mariposa SS se utilizan a menudo en las industrias farmac\u00e9utica y qu\u00edmica, incluida la alimentaria. Esta v\u00e1lvula tambi\u00e9n se puede utilizar en instalaciones de tratamiento de aguas residuales, servicios de protecci\u00f3n contra incendios y manejo de combustible. En t\u00e9rminos generales, la v\u00e1lvula de mariposa puede manejar grandes vol\u00famenes y lodos.\r\n\r\n\r\n\r\n\r\n<h2 class=\"wp-block-heading\" id=\"h-material-of-stainless-steel-butterfly-valve\">Material de la v\u00e1lvula de mariposa de acero inoxidable:<\/h2>\r\n\r\n\r\n\r\n<figure class=\"wp-block-table\">\r\n<table>\r\n<tbody>\r\n<tr>\r\n<td>No<\/td>\r\n<td>Pieza<\/td>\r\n<td>Material<\/td>\r\n<\/tr>\r\n<tr>\r\n<td>1<\/td>\r\n<td>Cuerpo<\/td>\r\n<td>ASTM A351 CF8<\/td>\r\n<\/tr>\r\n<tr>\r\n<td>2<\/td>\r\n<td>Anillo de sello<\/td>\r\n<td>Grafito + SS304<\/td>\r\n<\/tr>\r\n<tr>\r\n<td>3<\/td>\r\n<td>Brida de retenci\u00f3n<\/td>\r\n<td>ASTM A182 F304<\/td>\r\n<\/tr>\r\n<tr>\r\n<td>4<\/td>\r\n<td>Pin<\/td>\r\n<td>ASTM A276 304<\/td>\r\n<\/tr>\r\n<tr>\r\n<td>5<\/td>\r\n<td>Disco<\/td>\r\n<td>ASTM A351 CF8<\/td>\r\n<\/tr>\r\n<tr>\r\n<td>6<\/td>\r\n<td>V\u00e1stago<\/td>\r\n<td>ASTM A276 304<\/td>\r\n<\/tr>\r\n<tr>\r\n<td>7<\/td>\r\n<td>Empaquetadura de v\u00e1stago<\/td>\r\n<td>Grafito<\/td>\r\n<\/tr>\r\n<tr>\r\n<td>8<\/td>\r\n<td>Golpe de tallo<\/td>\r\n<td>SS304 + PTFE<\/td>\r\n<\/tr>\r\n<tr>\r\n<td>9<\/td>\r\n<td>Perno<\/td>\r\n<td>ASTM A193 B8<\/td>\r\n<\/tr>\r\n<tr>\r\n<td>10<\/td>\r\n<td>Tuerca<\/td>\r\n<td>ASTM A194 8<\/td>\r\n<\/tr>\r\n<tr>\r\n<td>11<\/td>\r\n<td>Yugo<\/td>\r\n<td>ASTM A216 WCB<\/td>\r\n<\/tr>\r\n<\/tbody>\r\n<\/table>\r\n<\/figure>","protected":false},"excerpt":{"rendered":"<p>Las v\u00e1lvulas de mariposa tienen un mecanismo de trabajo muy simple que resulta extremadamente ventajoso para las aplicaciones a las que presta servicio. Si necesitas aprender... <a title=\"V\u00e1lvula de mariposa de acero inoxidable\" class=\"read-more\" href=\"https:\/\/zecovalve.com\/es\/producto\/stainless-steel-butterfly-valve\" aria-label=\"M\u00e1s en V\u00e1lvula Mariposa de Acero Inoxidable\">Leer m\u00e1s<\/a><\/p>","protected":false},"featured_media":16168,"comment_status":"closed","ping_status":"closed","template":"","meta":{"_generate-full-width-content":"","kt_blocks_editor_width":""},"product_cat":[2044,2469,2604],"product_tag":[],"class_list":["post-16167","product","type-product","status-publish","has-post-thumbnail","hentry","product_cat-butterfly-valve","product_cat-butterfly-valve-by-material","product_cat-triple-offset-butterfly-valve","sales-flash-overlay","woocommerce-text-align-center","woocommerce-image-align-center","do-quantity-buttons"],"featured_image_src_large":["https:\/\/zecovalve.com\/wp-content\/uploads\/2022\/06\/stainless-steel-butterfly-valve.jpg",800,600,false],"author_info":[],"comment_info":0,"taxonomy_info":{"product_cat":[{"value":2044,"label":"Butterfly Valve"},{"value":2469,"label":"Butterfly Valve By Material"},{"value":2604,"label":"Triple Offset Butterfly Valve"}]},"yoast_head":"<!-- This site is optimized with the Yoast SEO Premium plugin v15.4 - https:\/\/yoast.com\/wordpress\/plugins\/seo\/ -->\n<title>Stainless Steel Butterfly Valve - SS Butterfly Valve Manufacturer | ZECO<\/title>\n<meta name=\"robots\" content=\"index, follow, max-snippet:-1, max-image-preview:large, max-video-preview:-1\" \/>\n<link rel=\"canonical\" href=\"https:\/\/zecovalve.com\/es\/producto\/stainless-steel-butterfly-valve\" \/>\n<meta property=\"og:locale\" content=\"es_ES\" \/>\n<meta property=\"og:type\" content=\"article\" \/>\n<meta property=\"og:title\" content=\"Stainless Steel Butterfly Valve - SS Butterfly Valve Manufacturer | ZECO\" \/>\n<meta property=\"og:description\" content=\"Butterfly valves have a very simple working mechanism that is extremely advantageous to the applications it services. If you need to learn ... Leer m\u00e1s\" \/>\n<meta property=\"og:url\" content=\"https:\/\/zecovalve.com\/es\/producto\/stainless-steel-butterfly-valve\" \/>\n<meta property=\"og:site_name\" content=\"ZECO Valve\" \/>\n<meta property=\"article:modified_time\" content=\"2022-07-18T14:23:16+00:00\" \/>\n<meta property=\"og:image\" content=\"https:\/\/zecovalve.com\/wp-content\/uploads\/2022\/06\/stainless-steel-butterfly-valve.jpg\" \/>\n\t<meta property=\"og:image:width\" content=\"800\" \/>\n\t<meta property=\"og:image:height\" content=\"600\" \/>\n<meta name=\"twitter:card\" content=\"summary_large_image\" \/>\n<meta name=\"twitter:label1\" content=\"Escrito por\">\n\t<meta name=\"twitter:data1\" content=\"Jerry\">\n\t<meta name=\"twitter:label2\" content=\"Tiempo de lectura\">\n\t<meta name=\"twitter:data2\" content=\"2 minutos\">\n<script type=\"application\/ld+json\" class=\"yoast-schema-graph\">{\"@context\":\"https:\/\/schema.org\",\"@graph\":[{\"@type\":\"WebSite\",\"@id\":\"https:\/\/zecovalve.com\/#website\",\"url\":\"https:\/\/zecovalve.com\/\",\"name\":\"ZECO Valve\",\"description\":\"Industrial Ball Valve, Gate Valve and Globe Valve Manufacturer\",\"potentialAction\":[{\"@type\":\"SearchAction\",\"target\":\"https:\/\/zecovalve.com\/?s={search_term_string}\",\"query-input\":\"required name=search_term_string\"}],\"inLanguage\":\"es\"},{\"@type\":\"ImageObject\",\"@id\":\"https:\/\/zecovalve.com\/product\/stainless-steel-butterfly-valve#primaryimage\",\"inLanguage\":\"es\",\"url\":\"https:\/\/zecovalve.com\/wp-content\/uploads\/2022\/06\/stainless-steel-butterfly-valve.jpg\",\"width\":800,\"height\":600,\"caption\":\"Stainless Steel Butterfly Valve\"},{\"@type\":\"WebPage\",\"@id\":\"https:\/\/zecovalve.com\/product\/stainless-steel-butterfly-valve#webpage\",\"url\":\"https:\/\/zecovalve.com\/product\/stainless-steel-butterfly-valve\",\"name\":\"Stainless Steel Butterfly Valve - SS Butterfly Valve Manufacturer | ZECO\",\"isPartOf\":{\"@id\":\"https:\/\/zecovalve.com\/#website\"},\"primaryImageOfPage\":{\"@id\":\"https:\/\/zecovalve.com\/product\/stainless-steel-butterfly-valve#primaryimage\"},\"datePublished\":\"2022-06-19T14:50:15+00:00\",\"dateModified\":\"2022-07-18T14:23:16+00:00\",\"breadcrumb\":{\"@id\":\"https:\/\/zecovalve.com\/product\/stainless-steel-butterfly-valve#breadcrumb\"},\"inLanguage\":\"es\",\"potentialAction\":[{\"@type\":\"ReadAction\",\"target\":[\"https:\/\/zecovalve.com\/product\/stainless-steel-butterfly-valve\"]}]},{\"@type\":\"BreadcrumbList\",\"@id\":\"https:\/\/zecovalve.com\/product\/stainless-steel-butterfly-valve#breadcrumb\",\"itemListElement\":[{\"@type\":\"ListItem\",\"position\":1,\"item\":{\"@type\":\"WebPage\",\"@id\":\"https:\/\/zecovalve.com\/\",\"url\":\"https:\/\/zecovalve.com\/\",\"name\":\"Home\"}},{\"@type\":\"ListItem\",\"position\":2,\"item\":{\"@type\":\"WebPage\",\"@id\":\"https:\/\/zecovalve.com\/product-category\",\"url\":\"https:\/\/zecovalve.com\/product-category\",\"name\":\"Industrial Valve Manufacturer | Water Valve Manufacturer\"}},{\"@type\":\"ListItem\",\"position\":3,\"item\":{\"@type\":\"WebPage\",\"@id\":\"https:\/\/zecovalve.com\/product\/stainless-steel-butterfly-valve\",\"url\":\"https:\/\/zecovalve.com\/product\/stainless-steel-butterfly-valve\",\"name\":\"Stainless Steel Butterfly Valve\"}}]}]}<\/script>\n<!-- \/ Yoast SEO Premium plugin. -->","_links":{"self":[{"href":"https:\/\/zecovalve.com\/es\/wp-json\/wp\/v2\/product\/16167","targetHints":{"allow":["GET"]}}],"collection":[{"href":"https:\/\/zecovalve.com\/es\/wp-json\/wp\/v2\/product"}],"about":[{"href":"https:\/\/zecovalve.com\/es\/wp-json\/wp\/v2\/types\/product"}],"replies":[{"embeddable":true,"href":"https:\/\/zecovalve.com\/es\/wp-json\/wp\/v2\/comments?post=16167"}],"wp:featuredmedia":[{"embeddable":true,"href":"https:\/\/zecovalve.com\/es\/wp-json\/wp\/v2\/media\/16168"}],"wp:attachment":[{"href":"https:\/\/zecovalve.com\/es\/wp-json\/wp\/v2\/media?parent=16167"}],"wp:term":[{"taxonomy":"product_cat","embeddable":true,"href":"https:\/\/zecovalve.com\/es\/wp-json\/wp\/v2\/product_cat?post=16167"},{"taxonomy":"product_tag","embeddable":true,"href":"https:\/\/zecovalve.com\/es\/wp-json\/wp\/v2\/product_tag?post=16167"}],"curies":[{"name":"wp","href":"https:\/\/api.w.org\/{rel}","templated":true}]}}