{"id":16179,"date":"2022-06-19T15:07:41","date_gmt":"2022-06-19T15:07:41","guid":{"rendered":"https:\/\/zecovalve.com\/?post_type=product&#038;p=16179"},"modified":"2023-06-15T13:58:41","modified_gmt":"2023-06-15T13:58:41","slug":"stainless-steel-globe-valve","status":"publish","type":"product","link":"https:\/\/zecovalve.com\/es\/producto\/stainless-steel-globe-valve","title":{"rendered":"V\u00e1lvula de globo de acero inoxidable"},"content":{"rendered":"<p>Cuando necesite detener e iniciar el flujo a trav\u00e9s de una tuber\u00eda y controlar el caudal de un l\u00edquido o gas, elija esta v\u00e1lvula de globo de ZECO.<\/p>\r\n\r\n\r\n\r\n<figure class=\"wp-block-image alignnone size-medium wp-image-16180\">\r\n<p><img loading=\"lazy\" decoding=\"async\" class=\"wp-image-27907 size-medium\" src=\"https:\/\/zecovalve.com\/wp-content\/uploads\/2022\/06\/Stainless-Steel-Globe-Valve-1-300x225.jpg\" alt=\"V\u00e1lvula de globo de acero inoxidable\" width=\"300\" height=\"225\" srcset=\"https:\/\/zecovalve.com\/wp-content\/uploads\/2022\/06\/Stainless-Steel-Globe-Valve-1-300x225.jpg 300w, https:\/\/zecovalve.com\/wp-content\/uploads\/2022\/06\/Stainless-Steel-Globe-Valve-1-768x576.jpg 768w, https:\/\/zecovalve.com\/wp-content\/uploads\/2022\/06\/Stainless-Steel-Globe-Valve-1-600x450.jpg 600w, https:\/\/zecovalve.com\/wp-content\/uploads\/2022\/06\/Stainless-Steel-Globe-Valve-1.jpg 800w\" sizes=\"auto, (max-width: 300px) 100vw, 300px\" \/><\/p>\r\n<\/figure>\r\n\r\n\r\n<div class=\"gb-button-wrapper gb-button-wrapper-6d8495a3\">\r\n\r\n\r\n<p><a class=\"gb-button gb-button-3d442e11 gb-button-text\" href=\"https:\/\/zecovalve.com\/es\/contact\/\" target=\"_blank\" rel=\"noopener noreferrer\"><strong>OBTENER PRECIO DE V\u00c1LVULA DE GLOBO DE ACERO INOXIDABLE<\/strong><\/a><\/p>\r\n<\/div>\r\n\r\n\r\n\r\n\r\n<h2 class=\"wp-block-heading\" id=\"h-what-is-a-stainless-steel-globe-valve\">\u00bfQu\u00e9 es una v\u00e1lvula de globo de acero inoxidable?<\/h2>\r\n\r\n\r\n\r\n<p>El principio de la v\u00e1lvula de globo de acero inoxidable ZECO es que a trav\u00e9s del mecanismo de accionamiento para hacer que el v\u00e1stago y la tuerca de la rueda realicen la rotaci\u00f3n relativa, el pist\u00f3n de accionamiento del v\u00e1stago para realizar el movimiento hacia arriba y hacia abajo a lo largo del eje desempe\u00f1a un papel en la conmutaci\u00f3n. El sellado se realiza mediante el v\u00e1stago y la tuerca de la rueda que ejercen una fuerza de preapriete mutuo en la superficie de sellado del pist\u00f3n y el asiento superpuestos. Seg\u00fan la ubicaci\u00f3n del v\u00e1stago, el hilo se puede dividir en dos tipos: v\u00e1stago de hilo ascendente y v\u00e1stago de hilo descendente. V\u00e1stago de rosca ascendente: la rosca del v\u00e1stago est\u00e1 fuera del medio, el v\u00e1stago se erosiona del medio, f\u00e1cil lubricaci\u00f3n. V\u00e1stago de rosca inferior: rosca del v\u00e1stago en el cuerpo de la v\u00e1lvula, en contacto directo con el medio, el v\u00e1stago est\u00e1 al este de la erosi\u00f3n por el medio, sin lubricaci\u00f3n.<\/p>\r\n\r\n\r\n\r\n<h2 class=\"wp-block-heading\" id=\"h-features-of-stainless-steel-globe-valves\">Caracter\u00edsticas de las v\u00e1lvulas de globo de acero inoxidable<\/h2>\r\n\r\n\r\n\r\n<ul class=\"wp-block-list\">\r\n<li>La v\u00e1lvula de globo de acero inoxidable ZECO se abre o cierra en el proceso, el recorrido del movimiento del disco de la v\u00e1lvula es peque\u00f1o, por lo que el tiempo de apertura y cierre se acortar\u00e1 en comparaci\u00f3n con la v\u00e1lvula de compuerta, la altura de la v\u00e1lvula ser\u00e1 mucho m\u00e1s corta, pero la longitud de la estructura ser\u00e1 m\u00e1s largo;<\/li>\r\n<li>La superficie de sellado de la v\u00e1lvula de globo de acero inoxidable ZECO no es f\u00e1cil de desgastar ni raspar, porque la superficie de sellado del disco de la v\u00e1lvula de globo y el asiento de la v\u00e1lvula est\u00e1n sellados mediante un par r\u00edgido del v\u00e1stago de la v\u00e1lvula y no habr\u00e1 contacto de fricci\u00f3n mutua durante mucho tiempo. como una v\u00e1lvula de compuerta, por lo que la v\u00e1lvula de globo tiene una vida \u00fatil m\u00e1s larga y no necesita mantenimiento a largo plazo para mantener el funcionamiento normal de la v\u00e1lvula;<\/li>\r\n<li>La v\u00e1lvula de globo de acero inoxidable ZECO es de estructura simple, f\u00e1cil fabricaci\u00f3n y mantenimiento;<\/li>\r\n<li>El v\u00e1stago de la v\u00e1lvula de globo de acero inoxidable ZECO est\u00e1 dise\u00f1ado con una superficie de asiento trasero c\u00f3nico anti-explosi\u00f3n para permitir el reempaque de la v\u00e1lvula en la posici\u00f3n completamente abierta.<\/li>\r\n<\/ul>\r\n\r\n\r\n\r\n<h2 class=\"wp-block-heading\">Aplicaciones de las v\u00e1lvulas de globo de acero inoxidable<\/h2>\r\n\r\n\r\n\r\n<p>La v\u00e1lvula de globo de acero inoxidable es adecuada para l\u00edquidos ligeramente agresivos y corrosivos; Ideal para tareas de aislamiento y medios que incluyen aire, gas, aceite y agua.<\/p>\r\n\r\n\r\n\r\n<h2 class=\"wp-block-heading\" id=\"h-material-of-stainless-steel-globe-valve\">Material de la v\u00e1lvula de globo de acero inoxidable:<\/h2>\r\n\r\n\r\n\r\n<figure class=\"wp-block-table\">\r\n<table>\r\n<tbody>\r\n<tr>\r\n<td>No<\/td>\r\n<td>Pieza<\/td>\r\n<td>Material<\/td>\r\n<\/tr>\r\n<tr>\r\n<td>1<\/td>\r\n<td>Cuerpo<\/td>\r\n<td>ASTM A351 CF8<\/td>\r\n<\/tr>\r\n<tr>\r\n<td>2<\/td>\r\n<td>Disco<\/td>\r\n<td>ASTM A182 F304<\/td>\r\n<\/tr>\r\n<tr>\r\n<td>3<\/td>\r\n<td>V\u00e1stago<\/td>\r\n<td>ASTM A276 304<\/td>\r\n<\/tr>\r\n<tr>\r\n<td>4<\/td>\r\n<td>Junta del cap\u00f3<\/td>\r\n<td>Grafito + SS304<\/td>\r\n<\/tr>\r\n<tr>\r\n<td>5<\/td>\r\n<td>Cap\u00f3<\/td>\r\n<td>ASTM A351 CF8<\/td>\r\n<\/tr>\r\n<tr>\r\n<td>6<\/td>\r\n<td>Perno del cap\u00f3<\/td>\r\n<td>ASTM A193 B8<\/td>\r\n<\/tr>\r\n<tr>\r\n<td>7<\/td>\r\n<td>Tuerca de sombrerete<\/td>\r\n<td>ASTM A194 8<\/td>\r\n<\/tr>\r\n<tr>\r\n<td>8<\/td>\r\n<td>Empaquetadura de v\u00e1stago<\/td>\r\n<td>Grafito reforzado<\/td>\r\n<\/tr>\r\n<tr>\r\n<td>9<\/td>\r\n<td>Gl\u00e1ndula<\/td>\r\n<td>ASTM A276 304<\/td>\r\n<\/tr>\r\n<tr>\r\n<td>10<\/td>\r\n<td>Gland Eyebolt<\/td>\r\n<td>ASTM A193 B8<\/td>\r\n<\/tr>\r\n<tr>\r\n<td>11<\/td>\r\n<td>Tuerca del v\u00e1stago<\/td>\r\n<td>ASTM B148<\/td>\r\n<\/tr>\r\n<\/tbody>\r\n<\/table>\r\n<\/figure>","protected":false},"excerpt":{"rendered":"<p>Cuando necesita detener e iniciar el flujo a trav\u00e9s de una tuber\u00eda y controlar el caudal de un l\u00edquido o gas,... <a title=\"V\u00e1lvula de globo de acero inoxidable\" class=\"read-more\" href=\"https:\/\/zecovalve.com\/es\/producto\/stainless-steel-globe-valve\" aria-label=\"M\u00e1s en V\u00e1lvula de Globo de Acero Inoxidable\">Leer m\u00e1s<\/a><\/p>","protected":false},"featured_media":27907,"comment_status":"closed","ping_status":"closed","template":"","meta":{"_generate-full-width-content":"","kt_blocks_editor_width":""},"product_cat":[2049],"product_tag":[],"class_list":["post-16179","product","type-product","status-publish","has-post-thumbnail","hentry","product_cat-globe-valve","sales-flash-overlay","woocommerce-text-align-center","woocommerce-image-align-center","do-quantity-buttons"],"featured_image_src_large":["https:\/\/zecovalve.com\/wp-content\/uploads\/2022\/06\/Stainless-Steel-Globe-Valve-1.jpg",800,600,false],"author_info":[],"comment_info":0,"taxonomy_info":{"product_cat":[{"value":2049,"label":"Globe Valve"}]},"yoast_head":"<!-- This site is optimized with the Yoast SEO Premium plugin v15.4 - https:\/\/yoast.com\/wordpress\/plugins\/seo\/ -->\n<title>Stainless Steel Globe Valve - Globe Valve Manufacturer | ZECO Valve<\/title>\n<meta name=\"robots\" content=\"index, follow, max-snippet:-1, max-image-preview:large, max-video-preview:-1\" \/>\n<link rel=\"canonical\" href=\"https:\/\/zecovalve.com\/es\/producto\/stainless-steel-globe-valve\" \/>\n<meta property=\"og:locale\" content=\"es_ES\" \/>\n<meta property=\"og:type\" content=\"article\" \/>\n<meta property=\"og:title\" content=\"Stainless Steel Globe Valve - Globe Valve Manufacturer | ZECO Valve\" \/>\n<meta property=\"og:description\" content=\"When you need to stop and start the flow through a pipeline and control the flow rate of a liquid or gas, ... Leer m\u00e1s\" \/>\n<meta property=\"og:url\" content=\"https:\/\/zecovalve.com\/es\/producto\/stainless-steel-globe-valve\" \/>\n<meta property=\"og:site_name\" content=\"ZECO Valve\" \/>\n<meta property=\"article:modified_time\" content=\"2023-06-15T13:58:41+00:00\" \/>\n<meta property=\"og:image\" content=\"https:\/\/zecovalve.com\/wp-content\/uploads\/2022\/06\/Stainless-Steel-Globe-Valve-1.jpg\" \/>\n\t<meta property=\"og:image:width\" content=\"800\" \/>\n\t<meta property=\"og:image:height\" content=\"600\" \/>\n<meta name=\"twitter:card\" content=\"summary_large_image\" \/>\n<meta name=\"twitter:label1\" content=\"Escrito por\">\n\t<meta name=\"twitter:data1\" content=\"Jerry\">\n\t<meta name=\"twitter:label2\" content=\"Tiempo de lectura\">\n\t<meta name=\"twitter:data2\" content=\"2 minutos\">\n<script type=\"application\/ld+json\" class=\"yoast-schema-graph\">{\"@context\":\"https:\/\/schema.org\",\"@graph\":[{\"@type\":\"WebSite\",\"@id\":\"https:\/\/zecovalve.com\/#website\",\"url\":\"https:\/\/zecovalve.com\/\",\"name\":\"ZECO Valve\",\"description\":\"Industrial Ball Valve, Gate Valve and Globe Valve Manufacturer\",\"potentialAction\":[{\"@type\":\"SearchAction\",\"target\":\"https:\/\/zecovalve.com\/?s={search_term_string}\",\"query-input\":\"required name=search_term_string\"}],\"inLanguage\":\"es\"},{\"@type\":\"ImageObject\",\"@id\":\"https:\/\/zecovalve.com\/product\/stainless-steel-globe-valve#primaryimage\",\"inLanguage\":\"es\",\"url\":\"https:\/\/zecovalve.com\/wp-content\/uploads\/2022\/06\/Stainless-Steel-Globe-Valve-1.jpg\",\"width\":800,\"height\":600,\"caption\":\"Stainless Steel Globe Valve\"},{\"@type\":\"WebPage\",\"@id\":\"https:\/\/zecovalve.com\/product\/stainless-steel-globe-valve#webpage\",\"url\":\"https:\/\/zecovalve.com\/product\/stainless-steel-globe-valve\",\"name\":\"Stainless Steel Globe Valve - Globe Valve Manufacturer | ZECO Valve\",\"isPartOf\":{\"@id\":\"https:\/\/zecovalve.com\/#website\"},\"primaryImageOfPage\":{\"@id\":\"https:\/\/zecovalve.com\/product\/stainless-steel-globe-valve#primaryimage\"},\"datePublished\":\"2022-06-19T15:07:41+00:00\",\"dateModified\":\"2023-06-15T13:58:41+00:00\",\"breadcrumb\":{\"@id\":\"https:\/\/zecovalve.com\/product\/stainless-steel-globe-valve#breadcrumb\"},\"inLanguage\":\"es\",\"potentialAction\":[{\"@type\":\"ReadAction\",\"target\":[\"https:\/\/zecovalve.com\/product\/stainless-steel-globe-valve\"]}]},{\"@type\":\"BreadcrumbList\",\"@id\":\"https:\/\/zecovalve.com\/product\/stainless-steel-globe-valve#breadcrumb\",\"itemListElement\":[{\"@type\":\"ListItem\",\"position\":1,\"item\":{\"@type\":\"WebPage\",\"@id\":\"https:\/\/zecovalve.com\/\",\"url\":\"https:\/\/zecovalve.com\/\",\"name\":\"Home\"}},{\"@type\":\"ListItem\",\"position\":2,\"item\":{\"@type\":\"WebPage\",\"@id\":\"https:\/\/zecovalve.com\/product-category\",\"url\":\"https:\/\/zecovalve.com\/product-category\",\"name\":\"Industrial Valve Manufacturer | Water Valve Manufacturer\"}},{\"@type\":\"ListItem\",\"position\":3,\"item\":{\"@type\":\"WebPage\",\"@id\":\"https:\/\/zecovalve.com\/product\/stainless-steel-globe-valve\",\"url\":\"https:\/\/zecovalve.com\/product\/stainless-steel-globe-valve\",\"name\":\"Stainless Steel Globe Valve\"}}]}]}<\/script>\n<!-- \/ Yoast SEO Premium plugin. -->","_links":{"self":[{"href":"https:\/\/zecovalve.com\/es\/wp-json\/wp\/v2\/product\/16179","targetHints":{"allow":["GET"]}}],"collection":[{"href":"https:\/\/zecovalve.com\/es\/wp-json\/wp\/v2\/product"}],"about":[{"href":"https:\/\/zecovalve.com\/es\/wp-json\/wp\/v2\/types\/product"}],"replies":[{"embeddable":true,"href":"https:\/\/zecovalve.com\/es\/wp-json\/wp\/v2\/comments?post=16179"}],"wp:featuredmedia":[{"embeddable":true,"href":"https:\/\/zecovalve.com\/es\/wp-json\/wp\/v2\/media\/27907"}],"wp:attachment":[{"href":"https:\/\/zecovalve.com\/es\/wp-json\/wp\/v2\/media?parent=16179"}],"wp:term":[{"taxonomy":"product_cat","embeddable":true,"href":"https:\/\/zecovalve.com\/es\/wp-json\/wp\/v2\/product_cat?post=16179"},{"taxonomy":"product_tag","embeddable":true,"href":"https:\/\/zecovalve.com\/es\/wp-json\/wp\/v2\/product_tag?post=16179"}],"curies":[{"name":"wp","href":"https:\/\/api.w.org\/{rel}","templated":true}]}}