{"id":16181,"date":"2022-06-19T15:12:21","date_gmt":"2022-06-19T15:12:21","guid":{"rendered":"https:\/\/zecovalve.com\/?post_type=product&#038;p=16181"},"modified":"2023-06-15T12:40:17","modified_gmt":"2023-06-15T12:40:17","slug":"carbon-steel-gate-valve","status":"publish","type":"product","link":"https:\/\/zecovalve.com\/es\/producto\/carbon-steel-gate-valve","title":{"rendered":"V\u00e1lvula de compuerta de acero al carbono"},"content":{"rendered":"<p>La l\u00ednea de productos de v\u00e1lvulas de compuerta de acero al carbono ZECO incluye 1\/2\u201d-48\u201d, clase de presi\u00f3n ANSI 150# \u2013 300# \u2013 600# \u2013 900# \u2013 1500# \u2013 2500#. El material de construcci\u00f3n incluye fundici\u00f3n WCB y acero al carbono de baja temperatura LCC y LCB. Las opciones incluyen cumplimiento de NACE, engranajes c\u00f3nicos, almohadillas de montaje listas para activaci\u00f3n, sistemas DTR de alivio t\u00e9rmico y v\u00e1stago de doble avance para un tiempo de carrera r\u00e1pido.<\/p>\r\n\r\n\r\n\r\n<figure class=\"wp-block-image alignnone size-medium wp-image-16182\"><img loading=\"lazy\" decoding=\"async\" width=\"300\" height=\"225\" class=\"wp-image-16182\" src=\"https:\/\/zecovalve.com\/wp-content\/uploads\/2022\/06\/carbon-steel-gate-valve-300x225.jpg\" alt=\"V\u00e1lvula de compuerta de acero al carbono\" srcset=\"https:\/\/zecovalve.com\/wp-content\/uploads\/2022\/06\/carbon-steel-gate-valve-300x225.jpg 300w, https:\/\/zecovalve.com\/wp-content\/uploads\/2022\/06\/carbon-steel-gate-valve-768x576.jpg 768w, https:\/\/zecovalve.com\/wp-content\/uploads\/2022\/06\/carbon-steel-gate-valve-600x450.jpg 600w, https:\/\/zecovalve.com\/wp-content\/uploads\/2022\/06\/carbon-steel-gate-valve.jpg 800w\" sizes=\"auto, (max-width: 300px) 100vw, 300px\" \/><\/figure>\r\n\r\n\r\n<div class=\"gb-button-wrapper gb-button-wrapper-6d8495a3\">\r\n\r\n\r\n<p><a class=\"gb-button gb-button-3d442e11 gb-button-text\" href=\"https:\/\/zecovalve.com\/es\/contact\/\" target=\"_blank\" rel=\"noopener noreferrer\"><strong>OBTENER PRECIO DE V\u00c1LVULA DE COMPUERTA DE ACERO AL CARBONO<\/strong><\/a><\/p>\r\n<\/div>\r\n\r\n\r\n\r\n\r\n<h2 class=\"wp-block-heading\" id=\"h-what-is-a-carbon-steel-gate-valve\">\u00bfQu\u00e9 es una v\u00e1lvula de compuerta de acero al carbono?<\/h2>\r\n\r\n\r\n\r\n<p>La v\u00e1lvula de compuerta de acero al carbono ZECO se compromete a brindar a los usuarios el dise\u00f1o del producto con la vida \u00fatil del rendimiento de sellado m\u00e1s grande y confiable y utiliza el dise\u00f1o de tama\u00f1o completo, cumple con API 6D, API 600, los requisitos de dise\u00f1o de BS 1414 y EN 1984. En ZECO del cuerpo y el cap\u00f3 hab\u00eda un total de tres tipos de material de acero al carbono, ASTM A216 WCA, ASTM A216 WCB, ASTM A216 WCC, el material m\u00e1s com\u00fanmente utilizado para ASTM A216 WCB, rango de temperatura adecuado para \u2013 29 \u2103 ~ 425 \u2103. Acero al carbono a alta temperatura debido a la migraci\u00f3n y agregaci\u00f3n de \u00e1tomos de carbono en grafito, debido a la baja resistencia del grafito, la resistencia del acero al carbono a alta temperatura se reducir\u00e1 considerablemente y aumentar\u00e1 la fragilidad.<\/p>\r\n\r\n\r\n\r\n<p>Los cuerpos y los bonetes est\u00e1n fundidos de alta calidad y luego mecanizados con precisi\u00f3n, dirigiendo la atenci\u00f3n para evitar la concentraci\u00f3n de tensiones. Los cuerpos de las v\u00e1lvulas de compuerta de acero al carbono constan de un puerto directo que garantiza una turbulencia y una resistencia al flujo m\u00ednimas. En ambos dise\u00f1os, con casquete atornillado y sello de presi\u00f3n, los cuerpos constan de ranuras gu\u00eda para acomodar la cu\u00f1a durante la apertura o cierre de la v\u00e1lvula. Los bonetes pueden ser de una sola pieza -siendo entonces el yugo parte integrante de ella- o de dos piezas, dependiendo del tama\u00f1o de la v\u00e1lvula de compuerta de acero al carbono. Esto asegura la perfecta alineaci\u00f3n con el cuerpo lo que conduce a una apertura y cierre precisos.<\/p>\r\n\r\n\r\n\r\n<h2 class=\"wp-block-heading\" id=\"h-features-of-carbon-steel-gate-valve\">Caracter\u00edsticas de la v\u00e1lvula de compuerta de acero al carbono:<\/h2>\r\n\r\n\r\n\r\n<ul class=\"wp-block-list\">\r\n<li>El material de acero al carbono de la v\u00e1lvula de compuerta de acero al carbono ZECO se importa mediante estrictos an\u00e1lisis qu\u00edmicos y mec\u00e1nicos. ASTM A216 WCB tiene una resistencia a la tracci\u00f3n de 485~655 mpa, un l\u00edmite el\u00e1stico de m\u00e1s de 250 mpa, un alargamiento de m\u00e1s de 22%, una contracci\u00f3n de la secci\u00f3n de m\u00e1s de 35%;<\/li>\r\n<li>La v\u00e1lvula de compuerta de acero al carbono ZECO tiene un dise\u00f1o de cojinete de empuje en la tuerca del v\u00e1stago para facilitar y flexibilidad durante la apertura de la v\u00e1lvula;<\/li>\r\n<li>La v\u00e1lvula de compuerta de acero al carbono ZECO est\u00e1 dise\u00f1ada con una estructura sellada en el extremo superior del casquete, lo que permite al personal de mantenimiento reemplazar de manera segura el empaque durante el mantenimiento sin causar fugas, evitando as\u00ed riesgos de fugas m\u00e1s graves causados por el reemplazo del empaque;<\/li>\r\n<li>En el proceso de apertura o cierre de la v\u00e1lvula de compuerta de acero al carbono ZECO, la cu\u00f1a siempre se fija en el riel gu\u00eda del cuerpo de la v\u00e1lvula. Si no hay un riel gu\u00eda en el cuerpo de la v\u00e1lvula, la compuerta se atascar\u00e1 en el proceso de apertura o cierre y quedar\u00e1 inutilizable.<\/li>\r\n<li>La cara del asiento es de aleaci\u00f3n dura, rectificada y lapeada hasta obtener un acabado de espejo;<\/li>\r\n<li>Cu\u00f1a flexible con contacto de cu\u00f1a de v\u00e1stago central bajo, en CA15 s\u00f3lido (13Cr) o recubierta dura con 13Cr, SS 316, Monel o aleaci\u00f3n. La cu\u00f1a se pule y se pule hasta obtener un acabado de espejo y se gu\u00eda firmemente para evitar que se arrastre y se da\u00f1e el asiento. Tambi\u00e9n est\u00e1 disponible la cu\u00f1a CF8M de aleaci\u00f3n dura;<\/li>\r\n<li>V\u00e1stago no giratorio con roscas Acme de precisi\u00f3n y acabado bru\u00f1ido. Doble Acme para una operaci\u00f3n m\u00e1s r\u00e1pida;<\/li>\r\n<li>Junta de cuerpo y cap\u00f3 mecanizada con precisi\u00f3n;<\/li>\r\n<li>Las piezas fundidas del cuerpo y del cap\u00f3 est\u00e1n mecanizadas con precisi\u00f3n. Bonete de una sola pieza hasta NPS 12 (DN 300) para una mejor alineaci\u00f3n y menos piezas;<\/li>\r\n<li>Dispositivo de bloqueo opcional o extensi\u00f3n de v\u00e1stago;<\/li>\r\n<li>Montaje directo opcional seg\u00fan ISO 5211.<\/li>\r\n<\/ul>\r\n\r\n\r\n\r\n<h2 class=\"wp-block-heading\" id=\"h-product-range-of-carbon-steel-gate-valve\">Gama de productos de v\u00e1lvulas de compuerta de acero al carbono<\/h2>\r\n\r\n\r\n\r\n<figure class=\"wp-block-table is-style-stripes\">\r\n<table>\r\n<tbody>\r\n<tr>\r\n<td>TAMA\u00d1OS<\/td>\r\n<td>2\u2033 - 48\u2033<\/td>\r\n<\/tr>\r\n<tr>\r\n<td>PRESIONES<\/td>\r\n<td>150# - 2500#<\/td>\r\n<\/tr>\r\n<tr>\r\n<td>GRADOS DE MATERIALES<\/td>\r\n<td>WCB, CMI, LCB, LCC, etc.<\/td>\r\n<\/tr>\r\n<tr>\r\n<td>CONEXI\u00d3N FINAL<\/td>\r\n<td>RF, RTJ, BW, etc.<\/td>\r\n<\/tr>\r\n<tr>\r\n<td>MATERIALES DE ACABADO<\/td>\r\n<td>TRIM 5, 8, 12, 16 y materiales especiales<\/td>\r\n<\/tr>\r\n<tr>\r\n<td>OPERACI\u00d3N<\/td>\r\n<td>Volante, caja de cambios, actuador el\u00e9ctrico, actuador neum\u00e1tico, etc.<\/td>\r\n<\/tr>\r\n<tr>\r\n<td>OPCIONES<\/td>\r\n<td>NACE, engranajes c\u00f3nicos, almohadillas de montaje listas para accionamiento, sistemas DTR de alivio t\u00e9rmico, v\u00e1stago doble para un tiempo de funcionamiento r\u00e1pido<\/td>\r\n<\/tr>\r\n<tr>\r\n<td>CARACTER\u00cdSTICAS<\/td>\r\n<td>OS&amp;Y, v\u00e1stago ascendente, cu\u00f1a flexible, cap\u00f3 atornillado, empaque y junta (bajas emisiones fugitivas) *Tambi\u00e9n disponible en nuestra serie Contractor de 2\u201d-12\u201d<\/td>\r\n<\/tr>\r\n<\/tbody>\r\n<\/table>\r\n<\/figure>\r\n\r\n\r\n\r\n<h2 class=\"wp-block-heading\">Materiales de la carcasa de la v\u00e1lvula de compuerta de acero al carbono<\/h2>\r\n\r\n\r\n\r\n<figure class=\"wp-block-table\">\r\n<table>\r\n<tbody>\r\n<tr>\r\n<td>Especificaci\u00f3n ASTM<\/td>\r\n<td>Designaci\u00f3n de material<\/td>\r\n<td>Temperatura de trabajo \u2103<\/td>\r\n<\/tr>\r\n<tr>\r\n<td>A216 WCB \/ A216 WCC<\/td>\r\n<td>Acero carbono<\/td>\r\n<td>538 M\u00e1ximo<\/td>\r\n<\/tr>\r\n<tr>\r\n<td>A217 WC1<\/td>\r\n<td>C \u2013 1\/2 mes<\/td>\r\n<td>538 M\u00e1ximo<\/td>\r\n<\/tr>\r\n<tr>\r\n<td>A217 WC6<\/td>\r\n<td>1 1\/4 Cr- 1\/2 Mes<\/td>\r\n<td>593 M\u00e1ximo<\/td>\r\n<\/tr>\r\n<tr>\r\n<td>A217 WC9<\/td>\r\n<td>2 1\/4 Cr \u2013 1 mes<\/td>\r\n<td>593 M\u00e1ximo<\/td>\r\n<\/tr>\r\n<tr>\r\n<td>A217C5<\/td>\r\n<td>5Cr \u2013 1\/2 Mes<\/td>\r\n<td>649 m\u00e1ximo<\/td>\r\n<\/tr>\r\n<tr>\r\n<td>A217 C12<\/td>\r\n<td>9Cr \u2013 1 mes<\/td>\r\n<td>649 m\u00e1ximo<\/td>\r\n<\/tr>\r\n<tr>\r\n<td>A352 LCB<\/td>\r\n<td>Acero carbono<\/td>\r\n<td>-46 M\u00ednimo<\/td>\r\n<\/tr>\r\n<tr>\r\n<td>A352 LCC<\/td>\r\n<td>Acero carbono<\/td>\r\n<td>-46 M\u00ednimo<\/td>\r\n<\/tr>\r\n<tr>\r\n<td>A352 LC1<\/td>\r\n<td>C \u2013 1\/2 mes<\/td>\r\n<td>-59 m\u00ednimo<\/td>\r\n<\/tr>\r\n<tr>\r\n<td>A352 LC2<\/td>\r\n<td>2 1\/2 Ni \u2013 100<\/td>\r\n<td>-73 M\u00ednimo<\/td>\r\n<\/tr>\r\n<tr>\r\n<td>A352LC3<\/td>\r\n<td>3 1\/2 Ni \u2013 150<\/td>\r\n<td>-101 M\u00ednimo<\/td>\r\n<\/tr>\r\n<\/tbody>\r\n<\/table>\r\n<\/figure>","protected":false},"excerpt":{"rendered":"<p>La l\u00ednea de productos de v\u00e1lvulas de compuerta de acero al carbono ZECO incluye 1\/2\u201d-48\u201d, Clase de presi\u00f3n ANSI 150# \u2013 300# \u2013 600# \u2013 900# \u2013 1500# \u2013\u2026 <a title=\"V\u00e1lvula de compuerta de acero al carbono\" class=\"read-more\" href=\"https:\/\/zecovalve.com\/es\/producto\/carbon-steel-gate-valve\" aria-label=\"M\u00e1s en V\u00e1lvula de compuerta de acero al carbono\">Leer m\u00e1s<\/a><\/p>","protected":false},"featured_media":27880,"comment_status":"closed","ping_status":"closed","template":"","meta":{"_generate-full-width-content":"","kt_blocks_editor_width":""},"product_cat":[2052,2454],"product_tag":[2798],"class_list":["post-16181","product","type-product","status-publish","has-post-thumbnail","hentry","product_cat-gate-valve","product_cat-gate-valve-by-material","product_tag-osy-valve","sales-flash-overlay","woocommerce-text-align-center","woocommerce-image-align-center","do-quantity-buttons"],"featured_image_src_large":["https:\/\/zecovalve.com\/wp-content\/uploads\/2022\/06\/Carbon-Steel-Gate-Valve-1.jpg",800,600,false],"author_info":[],"comment_info":0,"taxonomy_info":{"product_cat":[{"value":2052,"label":"Gate Valve"},{"value":2454,"label":"Gate Valve By Material"}],"product_tag":[{"value":2798,"label":"OS&amp;Y Valve"}]},"yoast_head":"<!-- This site is optimized with the Yoast SEO Premium plugin v15.4 - https:\/\/yoast.com\/wordpress\/plugins\/seo\/ -->\n<title>Carbon Steel Gate Valve - Carbon Steel Valve | ZECO Valve<\/title>\n<meta name=\"robots\" content=\"index, follow, max-snippet:-1, max-image-preview:large, max-video-preview:-1\" \/>\n<link rel=\"canonical\" href=\"https:\/\/zecovalve.com\/es\/producto\/carbon-steel-gate-valve\" \/>\n<meta property=\"og:locale\" content=\"es_ES\" \/>\n<meta property=\"og:type\" content=\"article\" \/>\n<meta property=\"og:title\" content=\"Carbon Steel Gate Valve - Carbon Steel Valve | ZECO Valve\" \/>\n<meta property=\"og:description\" content=\"ZECO carbon steel gate valve product line includes 1\/2\u201d-48\u201d, ANSI Pressure class 150# &#8211; 300# &#8211; 600# &#8211; 900# &#8211; 1500# &#8211; ... Leer m\u00e1s\" \/>\n<meta property=\"og:url\" content=\"https:\/\/zecovalve.com\/es\/producto\/carbon-steel-gate-valve\" \/>\n<meta property=\"og:site_name\" content=\"ZECO Valve\" \/>\n<meta property=\"article:modified_time\" content=\"2023-06-15T12:40:17+00:00\" \/>\n<meta property=\"og:image\" content=\"https:\/\/zecovalve.com\/wp-content\/uploads\/2022\/06\/Carbon-Steel-Gate-Valve-1.jpg\" \/>\n\t<meta property=\"og:image:width\" content=\"800\" \/>\n\t<meta property=\"og:image:height\" content=\"600\" \/>\n<meta name=\"twitter:card\" content=\"summary_large_image\" \/>\n<meta name=\"twitter:label1\" content=\"Escrito por\">\n\t<meta name=\"twitter:data1\" content=\"Jerry\">\n\t<meta name=\"twitter:label2\" content=\"Tiempo de lectura\">\n\t<meta name=\"twitter:data2\" content=\"3 minutos\">\n<script type=\"application\/ld+json\" class=\"yoast-schema-graph\">{\"@context\":\"https:\/\/schema.org\",\"@graph\":[{\"@type\":\"WebSite\",\"@id\":\"https:\/\/zecovalve.com\/#website\",\"url\":\"https:\/\/zecovalve.com\/\",\"name\":\"ZECO Valve\",\"description\":\"Industrial Ball Valve, Gate Valve and Globe Valve Manufacturer\",\"potentialAction\":[{\"@type\":\"SearchAction\",\"target\":\"https:\/\/zecovalve.com\/?s={search_term_string}\",\"query-input\":\"required name=search_term_string\"}],\"inLanguage\":\"es\"},{\"@type\":\"ImageObject\",\"@id\":\"https:\/\/zecovalve.com\/product\/carbon-steel-gate-valve#primaryimage\",\"inLanguage\":\"es\",\"url\":\"https:\/\/zecovalve.com\/wp-content\/uploads\/2022\/06\/Carbon-Steel-Gate-Valve-1.jpg\",\"width\":800,\"height\":600,\"caption\":\"Carbon Steel Gate Valve\"},{\"@type\":\"WebPage\",\"@id\":\"https:\/\/zecovalve.com\/product\/carbon-steel-gate-valve#webpage\",\"url\":\"https:\/\/zecovalve.com\/product\/carbon-steel-gate-valve\",\"name\":\"Carbon Steel Gate Valve - Carbon Steel Valve | ZECO Valve\",\"isPartOf\":{\"@id\":\"https:\/\/zecovalve.com\/#website\"},\"primaryImageOfPage\":{\"@id\":\"https:\/\/zecovalve.com\/product\/carbon-steel-gate-valve#primaryimage\"},\"datePublished\":\"2022-06-19T15:12:21+00:00\",\"dateModified\":\"2023-06-15T12:40:17+00:00\",\"breadcrumb\":{\"@id\":\"https:\/\/zecovalve.com\/product\/carbon-steel-gate-valve#breadcrumb\"},\"inLanguage\":\"es\",\"potentialAction\":[{\"@type\":\"ReadAction\",\"target\":[\"https:\/\/zecovalve.com\/product\/carbon-steel-gate-valve\"]}]},{\"@type\":\"BreadcrumbList\",\"@id\":\"https:\/\/zecovalve.com\/product\/carbon-steel-gate-valve#breadcrumb\",\"itemListElement\":[{\"@type\":\"ListItem\",\"position\":1,\"item\":{\"@type\":\"WebPage\",\"@id\":\"https:\/\/zecovalve.com\/\",\"url\":\"https:\/\/zecovalve.com\/\",\"name\":\"Home\"}},{\"@type\":\"ListItem\",\"position\":2,\"item\":{\"@type\":\"WebPage\",\"@id\":\"https:\/\/zecovalve.com\/product-category\",\"url\":\"https:\/\/zecovalve.com\/product-category\",\"name\":\"Industrial Valve Manufacturer | Water Valve Manufacturer\"}},{\"@type\":\"ListItem\",\"position\":3,\"item\":{\"@type\":\"WebPage\",\"@id\":\"https:\/\/zecovalve.com\/product\/carbon-steel-gate-valve\",\"url\":\"https:\/\/zecovalve.com\/product\/carbon-steel-gate-valve\",\"name\":\"Carbon Steel Gate Valve\"}}]}]}<\/script>\n<!-- \/ Yoast SEO Premium plugin. -->","_links":{"self":[{"href":"https:\/\/zecovalve.com\/es\/wp-json\/wp\/v2\/product\/16181","targetHints":{"allow":["GET"]}}],"collection":[{"href":"https:\/\/zecovalve.com\/es\/wp-json\/wp\/v2\/product"}],"about":[{"href":"https:\/\/zecovalve.com\/es\/wp-json\/wp\/v2\/types\/product"}],"replies":[{"embeddable":true,"href":"https:\/\/zecovalve.com\/es\/wp-json\/wp\/v2\/comments?post=16181"}],"wp:featuredmedia":[{"embeddable":true,"href":"https:\/\/zecovalve.com\/es\/wp-json\/wp\/v2\/media\/27880"}],"wp:attachment":[{"href":"https:\/\/zecovalve.com\/es\/wp-json\/wp\/v2\/media?parent=16181"}],"wp:term":[{"taxonomy":"product_cat","embeddable":true,"href":"https:\/\/zecovalve.com\/es\/wp-json\/wp\/v2\/product_cat?post=16181"},{"taxonomy":"product_tag","embeddable":true,"href":"https:\/\/zecovalve.com\/es\/wp-json\/wp\/v2\/product_tag?post=16181"}],"curies":[{"name":"wp","href":"https:\/\/api.w.org\/{rel}","templated":true}]}}