{"id":16188,"date":"2022-06-19T15:33:39","date_gmt":"2022-06-19T15:33:39","guid":{"rendered":"https:\/\/zecovalve.com\/?post_type=product&#038;p=16188"},"modified":"2023-06-16T13:39:22","modified_gmt":"2023-06-16T13:39:22","slug":"high-temperature-check-valve","status":"publish","type":"product","link":"https:\/\/zecovalve.com\/es\/producto\/high-temperature-check-valve","title":{"rendered":"V\u00e1lvula antirretorno de alta temperatura"},"content":{"rendered":"<figure class=\"wp-block-image alignnone size-medium wp-image-16189\"><img loading=\"lazy\" decoding=\"async\" class=\"alignnone wp-image-27914 size-medium\" src=\"https:\/\/zecovalve.com\/wp-content\/uploads\/2022\/06\/High-Temperature-Check-Valve-1-300x225.jpg\" alt=\"V\u00e1lvula antirretorno de alta temperatura\" width=\"300\" height=\"225\" srcset=\"https:\/\/zecovalve.com\/wp-content\/uploads\/2022\/06\/High-Temperature-Check-Valve-1-300x225.jpg 300w, https:\/\/zecovalve.com\/wp-content\/uploads\/2022\/06\/High-Temperature-Check-Valve-1-768x576.jpg 768w, https:\/\/zecovalve.com\/wp-content\/uploads\/2022\/06\/High-Temperature-Check-Valve-1-600x450.jpg 600w, https:\/\/zecovalve.com\/wp-content\/uploads\/2022\/06\/High-Temperature-Check-Valve-1.jpg 800w\" sizes=\"auto, (max-width: 300px) 100vw, 300px\" \/><\/figure>\r\n\r\n\r\n<div class=\"gb-button-wrapper gb-button-wrapper-6d8495a3\">\r\n\r\n\r\n<p><a class=\"gb-button gb-button-3d442e11 gb-button-text\" href=\"mailto:commercial@zecovalve.com\" target=\"_blank\" rel=\"noopener noreferrer\"><strong>OBT\u00c9N PRECIO DE V\u00c1LVULA DE RETENCI\u00d3N DE ALTA TEMPERATURA<\/strong><\/a><\/p>\r\n<\/div>\r\n\r\n\r\n\r\n\r\n<h2 class=\"wp-block-heading\" id=\"h-what-is-a-high-temperature-valve\">\u00bfQu\u00e9 es una v\u00e1lvula de alta temperatura?<\/h2>\r\n\r\n\r\n\r\n<p>Al elegir el dise\u00f1o de la v\u00e1lvula y la selecci\u00f3n del material, la temperatura de trabajo de la v\u00e1lvula debe ser compatible con el cuerpo de la v\u00e1lvula y los materiales de los internos. Las v\u00e1lvulas de alta temperatura se encuentran en las industrias petroqu\u00edmica, qu\u00edmica, de fertilizantes, de energ\u00eda el\u00e9ctrica y metal\u00fargica. Las propiedades de los materiales de los grados no ferrosos, de acero al carbono y de aleaciones se especifican de acuerdo con los l\u00edmites del material. El bronce, por ejemplo, no puede exceder los 550 grados F, por lo que no se considera temperatura alta. Los grados de alta temperatura son:<\/p>\r\n\r\n\r\n\r\n<h3 class=\"wp-block-heading\">Temperatura subalta<\/h3>\r\n\r\n\r\n\r\n<p>Las v\u00e1lvulas de temperatura subalta se refieren a la temperatura de trabajo de la v\u00e1lvula entre 625 \u00b0 F y 800 \u00b0 F.<\/p>\r\n\r\n\r\n\r\n<p>WCB, WCC, A105, WC6 y WC9 se utilizan principalmente para servicios corrosivos en este rango: se utiliza C5, CF8, CF3, CF8M y CF3M.<\/p>\r\n\r\n\r\n\r\n<h3 class=\"wp-block-heading\">Nivel I de alta temperatura<\/h3>\r\n\r\n\r\n\r\n<p>El nivel I de alta temperatura es la temperatura de funcionamiento de la v\u00e1lvula dentro del rango de 800 \u00b0F y 1025 \u00b0F.<\/p>\r\n\r\n\r\n\r\n<p>Los materiales dentro de esta gama se basan en acero inoxidable CF8 de la familia ASTM A351.<\/p>\r\n\r\n\r\n\r\n<h3 class=\"wp-block-heading\">Nivel de alta temperatura II y nivel III<\/h3>\r\n\r\n\r\n\r\n<p>Los niveles de alta temperatura II y III est\u00e1n dentro de las temperaturas de trabajo de la v\u00e1lvula dentro del rango de 1025 f y 1350 grados.<\/p>\r\n\r\n\r\n\r\n<p>Los materiales dentro de esta gama se basan en acero inoxidable CF8 de la familia ASTM A351.<\/p>\r\n\r\n\r\n\r\n<p>Para temperaturas superiores a 1350 \u00b0F, la temperatura de trabajo de la v\u00e1lvula se clasifica como Clase IV y Clase V de alta temperatura. Esto requiere recomendaciones espec\u00edficas de la aplicaci\u00f3n y no se puede citar de forma rutinaria ya que el nivel de presi\u00f3n-temperatura puede causar deformaci\u00f3n pl\u00e1stica.<\/p>\r\n\r\n\r\n\r\n<h3 class=\"wp-block-heading\">Matriz de presi\u00f3n\/temperatura<\/h3>\r\n\r\n\r\n\r\n<p>Las v\u00e1lvulas de acero fundido o de acero forjado pueden estar hechas de acero al carbono o aleaciones de acero inoxidable y los internos son capaces de soportar temperaturas de 1000 grados F y hasta 10 000 psi. Estas v\u00e1lvulas est\u00e1n fabricadas con asientos totalmente duros de metal con metal o con varias aleaciones de cromo-molibdeno y materiales ex\u00f3ticos como Monel 400, Hastelloy C276, Inconel 600 e Inconel 625.<\/p>\r\n\r\n\r\n\r\n<p>\u00bfC\u00f3mo se especifican las v\u00e1lvulas para presi\u00f3n-temperatura?<\/p>\r\n\r\n\r\n\r\n<p>La tabla de presi\u00f3n y temperatura ASME B16.34 agrupa los materiales por presi\u00f3n y temperatura para la aplicaci\u00f3n recomendada.<\/p>\r\n\r\n\r\n\r\n<h2 class=\"wp-block-heading\">Materiales de grupos de alta temperatura<\/h2>\r\n\r\n\r\n\r\n<p>Por ejemplo, las v\u00e1lvulas de compuerta, v\u00e1lvulas de globo, v\u00e1lvulas de retenci\u00f3n y v\u00e1lvulas de retenci\u00f3n tienen combinaciones de materiales recomendadas seg\u00fan la tabla de presi\u00f3n y temperatura ASME B16.34. SA 182 F11, SA 182 F22, SA 182 F316, ASTM A351 CF8M, A 351 CN7M, C-276, A217 WC6, A217 WC9, A216 WCB, A352 LCB, A352 LCC, A352 LC2, A352 LC3, A217 WC1, A217 WC4 , A217 WC6, A217 WC9, A 217 C5 tienen diferentes capacidades de resistencia a la presi\u00f3n, temperatura y corrosi\u00f3n.<\/p>\r\n\r\n\r\n\r\n<p>Un factor adicional que determina las limitaciones de las v\u00e1lvulas son los materiales de empaquetadura y empaquetadura, que pueden estar hechos de Grafoil o Grafito para temperaturas m\u00e1s altas, Tefl\u00f3n para temperaturas inferiores a 500 \u00b0F y fuelles de Monel de dos y tres capas para altas temperaturas.<\/p>\r\n\r\n\r\n\r\n<h2 class=\"wp-block-heading\" id=\"h-features-of-high-temperature-check-valve\">Caracter\u00edsticas de la v\u00e1lvula de retenci\u00f3n de alta temperatura<\/h2>\r\n\r\n\r\n\r\n<ul class=\"wp-block-list\">\r\n<li>Para temperaturas extremadamente altas o aplicaciones criog\u00e9nicas, las v\u00e1lvulas pueden estar equipadas con extensiones de alta temperatura.<\/li>\r\n<li>De este modo se retira la empaquetadura del cuerpo de la v\u00e1lvula de alta o baja temperatura.<\/li>\r\n<li>Cuerpo de v\u00e1lvula fabricado en acero inoxidable AISI 316Ti.<\/li>\r\n<li>El v\u00e1stago de dos piezas con v\u00e1stago inferior no giratorio aumenta la vida \u00fatil de la empaquetadura y el asiento.<\/li>\r\n<li>Mango grande para f\u00e1cil operaci\u00f3n a presiones m\u00e1s altas. Par m\u00ednimo requerido y sin problemas de holgura.<\/li>\r\n<li>Estanco con gases y l\u00edquidos.<\/li>\r\n<li>Anillo de empaquetadura inerte de PTFE o plata.<\/li>\r\n<li>Orificios de drenaje de seguridad en conexiones de tuber\u00eda y empaquetaduras.<\/li>\r\n<li>Conexiones para tuber\u00eda SITEC HP en pulgadas y m\u00e9tricas.<\/li>\r\n<li>Temperatura de trabajo del fluido \u2013200 \u00b0C (\u2013300 \u00b0F) a +300 \u00b0C (570 \u00b0F). Con camisa de refrigeraci\u00f3n en la extensi\u00f3n de alta temperatura hasta +450\u00b0C.<\/li>\r\n<li>Todas nuestras v\u00e1lvulas est\u00e1n equipadas con tuercas y collares prensaestopas.<\/li>\r\n<li>Todas las v\u00e1lvulas se prueban en f\u00e1brica y est\u00e1n disponibles con fecha corta.<\/li>\r\n<\/ul>\r\n\r\n\r\n\r\n<h2 class=\"wp-block-heading\" id=\"h-material-of-high-temperature-check-valve\">Material de la v\u00e1lvula de retenci\u00f3n de alta temperatura<\/h2>\r\n\r\n\r\n\r\n<figure class=\"wp-block-table\">\r\n<table>\r\n<tbody>\r\n<tr>\r\n<td>No<\/td>\r\n<td>Pieza<\/td>\r\n<td>Material<\/td>\r\n<\/tr>\r\n<tr>\r\n<td>1<\/td>\r\n<td>Cuerpo<\/td>\r\n<td>ASTM A217 WC9<\/td>\r\n<\/tr>\r\n<tr>\r\n<td>2<\/td>\r\n<td>Asiento<\/td>\r\n<td>ASTM A182 F22 + STL<\/td>\r\n<\/tr>\r\n<tr>\r\n<td>3<\/td>\r\n<td>Disco<\/td>\r\n<td>ASTM A217 WC9 +STL<\/td>\r\n<\/tr>\r\n<tr>\r\n<td>4<\/td>\r\n<td>Brazo<\/td>\r\n<td>ASTM A217 WC9<\/td>\r\n<\/tr>\r\n<tr>\r\n<td>5<\/td>\r\n<td>Tuerca<\/td>\r\n<td>ASTM A194 4<\/td>\r\n<\/tr>\r\n<tr>\r\n<td>6<\/td>\r\n<td>Pin<\/td>\r\n<td>ASTM A182 F6a<\/td>\r\n<\/tr>\r\n<tr>\r\n<td>7<\/td>\r\n<td>Conector<\/td>\r\n<td>ASTM A217 WC9<\/td>\r\n<\/tr>\r\n<tr>\r\n<td>8<\/td>\r\n<td>Junta<\/td>\r\n<td>Grafito + SS316<\/td>\r\n<\/tr>\r\n<tr>\r\n<td>9<\/td>\r\n<td>Cap\u00f3<\/td>\r\n<td>ASTM A217 WC9<\/td>\r\n<\/tr>\r\n<tr>\r\n<td>10<\/td>\r\n<td>Perno<\/td>\r\n<td>ASTM A193 B16<\/td>\r\n<\/tr>\r\n<\/tbody>\r\n<\/table>\r\n<\/figure>","protected":false},"excerpt":{"rendered":"<p>\u00bfQu\u00e9 es una v\u00e1lvula de alta temperatura? Al elegir el dise\u00f1o de una v\u00e1lvula y la selecci\u00f3n del material, la temperatura de trabajo de la v\u00e1lvula debe ser... <a title=\"V\u00e1lvula antirretorno de alta temperatura\" class=\"read-more\" href=\"https:\/\/zecovalve.com\/es\/producto\/high-temperature-check-valve\" aria-label=\"M\u00e1s en V\u00e1lvula de retenci\u00f3n de alta temperatura\">Leer m\u00e1s<\/a><\/p>","protected":false},"featured_media":27914,"comment_status":"closed","ping_status":"closed","template":"","meta":{"_generate-full-width-content":"","kt_blocks_editor_width":""},"product_cat":[2455,2067],"product_tag":[2657,2661,2660],"class_list":["post-16188","product","type-product","status-publish","has-post-thumbnail","hentry","product_cat-check-valve","product_cat-swing-check-valve","product_tag-non-return-valve","product_tag-nrv-valve","product_tag-swing-check-valve","sales-flash-overlay","woocommerce-text-align-center","woocommerce-image-align-center","do-quantity-buttons"],"featured_image_src_large":["https:\/\/zecovalve.com\/wp-content\/uploads\/2022\/06\/High-Temperature-Check-Valve-1.jpg",800,600,false],"author_info":[],"comment_info":0,"taxonomy_info":{"product_cat":[{"value":2455,"label":"Check Valve"},{"value":2067,"label":"Swing Check Valve"}],"product_tag":[{"value":2657,"label":"Non Return Valve"},{"value":2661,"label":"NRV Valve"},{"value":2660,"label":"Swing Check Valve"}]},"yoast_head":"<!-- This site is optimized with the Yoast SEO Premium plugin v15.4 - https:\/\/yoast.com\/wordpress\/plugins\/seo\/ -->\n<title>High Temperature Check Valve - High Temperature Valve | ZECO Valve<\/title>\n<meta name=\"robots\" content=\"index, follow, max-snippet:-1, max-image-preview:large, max-video-preview:-1\" \/>\n<link rel=\"canonical\" href=\"https:\/\/zecovalve.com\/es\/producto\/high-temperature-check-valve\" \/>\n<meta property=\"og:locale\" content=\"es_ES\" \/>\n<meta property=\"og:type\" content=\"article\" \/>\n<meta property=\"og:title\" content=\"High Temperature Check Valve - High Temperature Valve | ZECO Valve\" \/>\n<meta property=\"og:description\" content=\"What is a High Temperature Valve? When choosing a valve design and material selection, the working temperature of the valve should be ... Leer m\u00e1s\" \/>\n<meta property=\"og:url\" content=\"https:\/\/zecovalve.com\/es\/producto\/high-temperature-check-valve\" \/>\n<meta property=\"og:site_name\" content=\"ZECO Valve\" \/>\n<meta property=\"article:modified_time\" content=\"2023-06-16T13:39:22+00:00\" \/>\n<meta property=\"og:image\" content=\"https:\/\/zecovalve.com\/wp-content\/uploads\/2022\/06\/High-Temperature-Check-Valve-1.jpg\" \/>\n\t<meta property=\"og:image:width\" content=\"800\" \/>\n\t<meta property=\"og:image:height\" content=\"600\" \/>\n<meta name=\"twitter:card\" content=\"summary_large_image\" \/>\n<meta name=\"twitter:label1\" content=\"Escrito por\">\n\t<meta name=\"twitter:data1\" content=\"Jerry\">\n\t<meta name=\"twitter:label2\" content=\"Tiempo de lectura\">\n\t<meta name=\"twitter:data2\" content=\"2 minutos\">\n<script type=\"application\/ld+json\" class=\"yoast-schema-graph\">{\"@context\":\"https:\/\/schema.org\",\"@graph\":[{\"@type\":\"WebSite\",\"@id\":\"https:\/\/zecovalve.com\/#website\",\"url\":\"https:\/\/zecovalve.com\/\",\"name\":\"ZECO Valve\",\"description\":\"Industrial Ball Valve, Gate Valve and Globe Valve Manufacturer\",\"potentialAction\":[{\"@type\":\"SearchAction\",\"target\":\"https:\/\/zecovalve.com\/?s={search_term_string}\",\"query-input\":\"required name=search_term_string\"}],\"inLanguage\":\"es\"},{\"@type\":\"ImageObject\",\"@id\":\"https:\/\/zecovalve.com\/product\/high-temperature-check-valve#primaryimage\",\"inLanguage\":\"es\",\"url\":\"https:\/\/zecovalve.com\/wp-content\/uploads\/2022\/06\/High-Temperature-Check-Valve-1.jpg\",\"width\":800,\"height\":600,\"caption\":\"High Temperature Check Valve\"},{\"@type\":\"WebPage\",\"@id\":\"https:\/\/zecovalve.com\/product\/high-temperature-check-valve#webpage\",\"url\":\"https:\/\/zecovalve.com\/product\/high-temperature-check-valve\",\"name\":\"High Temperature Check Valve - High Temperature Valve | ZECO Valve\",\"isPartOf\":{\"@id\":\"https:\/\/zecovalve.com\/#website\"},\"primaryImageOfPage\":{\"@id\":\"https:\/\/zecovalve.com\/product\/high-temperature-check-valve#primaryimage\"},\"datePublished\":\"2022-06-19T15:33:39+00:00\",\"dateModified\":\"2023-06-16T13:39:22+00:00\",\"breadcrumb\":{\"@id\":\"https:\/\/zecovalve.com\/product\/high-temperature-check-valve#breadcrumb\"},\"inLanguage\":\"es\",\"potentialAction\":[{\"@type\":\"ReadAction\",\"target\":[\"https:\/\/zecovalve.com\/product\/high-temperature-check-valve\"]}]},{\"@type\":\"BreadcrumbList\",\"@id\":\"https:\/\/zecovalve.com\/product\/high-temperature-check-valve#breadcrumb\",\"itemListElement\":[{\"@type\":\"ListItem\",\"position\":1,\"item\":{\"@type\":\"WebPage\",\"@id\":\"https:\/\/zecovalve.com\/\",\"url\":\"https:\/\/zecovalve.com\/\",\"name\":\"Home\"}},{\"@type\":\"ListItem\",\"position\":2,\"item\":{\"@type\":\"WebPage\",\"@id\":\"https:\/\/zecovalve.com\/product-category\",\"url\":\"https:\/\/zecovalve.com\/product-category\",\"name\":\"Industrial Valve Manufacturer | Water Valve Manufacturer\"}},{\"@type\":\"ListItem\",\"position\":3,\"item\":{\"@type\":\"WebPage\",\"@id\":\"https:\/\/zecovalve.com\/product\/high-temperature-check-valve\",\"url\":\"https:\/\/zecovalve.com\/product\/high-temperature-check-valve\",\"name\":\"High Temperature Check Valve\"}}]}]}<\/script>\n<!-- \/ Yoast SEO Premium plugin. -->","_links":{"self":[{"href":"https:\/\/zecovalve.com\/es\/wp-json\/wp\/v2\/product\/16188","targetHints":{"allow":["GET"]}}],"collection":[{"href":"https:\/\/zecovalve.com\/es\/wp-json\/wp\/v2\/product"}],"about":[{"href":"https:\/\/zecovalve.com\/es\/wp-json\/wp\/v2\/types\/product"}],"replies":[{"embeddable":true,"href":"https:\/\/zecovalve.com\/es\/wp-json\/wp\/v2\/comments?post=16188"}],"wp:featuredmedia":[{"embeddable":true,"href":"https:\/\/zecovalve.com\/es\/wp-json\/wp\/v2\/media\/27914"}],"wp:attachment":[{"href":"https:\/\/zecovalve.com\/es\/wp-json\/wp\/v2\/media?parent=16188"}],"wp:term":[{"taxonomy":"product_cat","embeddable":true,"href":"https:\/\/zecovalve.com\/es\/wp-json\/wp\/v2\/product_cat?post=16188"},{"taxonomy":"product_tag","embeddable":true,"href":"https:\/\/zecovalve.com\/es\/wp-json\/wp\/v2\/product_tag?post=16188"}],"curies":[{"name":"wp","href":"https:\/\/api.w.org\/{rel}","templated":true}]}}