{"id":16192,"date":"2022-06-19T15:45:58","date_gmt":"2022-06-19T15:45:58","guid":{"rendered":"https:\/\/zecovalve.com\/?post_type=product&#038;p=16192"},"modified":"2023-06-16T13:39:47","modified_gmt":"2023-06-16T13:39:47","slug":"wafer-type-nrv","status":"publish","type":"product","link":"https:\/\/zecovalve.com\/es\/producto\/wafer-type-nrv","title":{"rendered":"Tipo oblea NRV"},"content":{"rendered":"<p>ZECO Valve es un reputado fabricante de v\u00e1lvulas de retenci\u00f3n dedicado al dise\u00f1o de v\u00e1lvulas industriales de alta calidad. Ofrecemos una amplia gama de v\u00e1lvulas de dise\u00f1o robusto, f\u00e1ciles de usar, modulares y extremadamente duraderas.<\/p>\r\n\r\n\r\n\r\n<figure class=\"wp-block-image alignnone size-medium wp-image-16193\">\r\n<p><img loading=\"lazy\" decoding=\"async\" class=\"wp-image-27915 size-medium\" src=\"https:\/\/zecovalve.com\/wp-content\/uploads\/2022\/06\/Wafer-Type-NRV-2-300x225.jpg\" alt=\"Tipo oblea NRV\" width=\"300\" height=\"225\" srcset=\"https:\/\/zecovalve.com\/wp-content\/uploads\/2022\/06\/Wafer-Type-NRV-2-300x225.jpg 300w, https:\/\/zecovalve.com\/wp-content\/uploads\/2022\/06\/Wafer-Type-NRV-2-768x576.jpg 768w, https:\/\/zecovalve.com\/wp-content\/uploads\/2022\/06\/Wafer-Type-NRV-2-600x450.jpg 600w, https:\/\/zecovalve.com\/wp-content\/uploads\/2022\/06\/Wafer-Type-NRV-2.jpg 800w\" sizes=\"auto, (max-width: 300px) 100vw, 300px\" \/><\/p>\r\n<\/figure>\r\n\r\n\r\n<div class=\"gb-button-wrapper gb-button-wrapper-6d8495a3\">\r\n\r\n\r\n<p><a class=\"gb-button gb-button-3d442e11 gb-button-text\" href=\"mailto:commercial@zecovalve.com\" target=\"_blank\" rel=\"noopener noreferrer\"><strong>OBTENER PRECIO NRV TIPO WAFER<\/strong><\/a><\/p>\r\n<\/div>\r\n\r\n\r\n\r\n\r\n<h2 class=\"wp-block-heading\" id=\"h-what-is-nrv-wafer-type\">\u00bfQu\u00e9 es el tipo de oblea NRV?<\/h2>\r\n\r\n\r\n\r\n<p>El tipo oblea NRV de ZECO tiene una dimensi\u00f3n cara a cara m\u00e1s corta y un dise\u00f1o de placa doble, las opciones de conexi\u00f3n final incluyen tipo oblea, tipo orejeta y tipo de doble brida, y est\u00e1n disponibles en tama\u00f1os de 2\u2033 a 60\u2033 y en clasificaciones de presi\u00f3n de ASME clase 150 a 2500. Una amplia gama de materiales de carrocer\u00eda y molduras son opcionales a pedido del cliente. En comparaci\u00f3n con las v\u00e1lvulas de retenci\u00f3n oscilantes convencionales, las NRV tipo oblea de ZECO tienen la ventaja de no tener fugas hacia el exterior (sin conexiones atornilladas ni roscadas), ahorro de costos, se pueden instalar en cualquier orientaci\u00f3n de l\u00ednea, rendimiento de sellado superior, ofrecen impactos de l\u00ednea m\u00ednimos y presi\u00f3n m\u00e1s baja. P\u00e9rdida y cero desgaste del asiento.<\/p>\r\n\r\n\r\n\r\n<h2 class=\"wp-block-heading\">Tipos de obleas NRV<\/h2>\r\n\r\n\r\n\r\n<h3 class=\"wp-block-heading\">V\u00c1LVULA DE RETENCI\u00d3N DE DISCO \u00daNICO<\/h3>\r\n\r\n\r\n\r\n<p>Dise\u00f1o vers\u00e1til y liviano: 80% a 90% menos que las v\u00e1lvulas de retenci\u00f3n oscilantes convencionales de cuerpo completo Apertura de disco \u00fanico, conjunto de brazo\/disco integrado \u00fanico, disco accionado por resorte calculado para aumentar la capacidad de respuesta del disco, asiento de junta t\u00f3rica de elast\u00f3mero asegurado en el cuerpo con ranura en cola de milano, asiento de cuerpo integrado, dise\u00f1o de eje que no explota. Optimiza la utilizaci\u00f3n del espacio, reduce los costos de instalaci\u00f3n, reduce los soportes de tuber\u00edas, requiere menos horas de trabajo, flujo sin obstrucciones Disco estable a velocidades de flujo m\u00e1s bajas, no se corta el disco del brazo, disco no giratorio para una vida m\u00e1s larga.<\/p>\r\n\r\n\r\n\r\n<h3 class=\"wp-block-heading\">V\u00c1LVULA DE RETENCI\u00d3N ANTIGRUPOS<\/h3>\r\n\r\n\r\n\r\n<p>La v\u00e1lvula de retenci\u00f3n de disco tiene dise\u00f1os avanzados que brindan un flujo total y ocupan mucho menos espacio que otros tipos de v\u00e1lvulas sin retorno. Las DCV son f\u00e1ciles de colocar entre dos bridas de tuber\u00eda. Disco cargado por resorte para evitar el flujo inverso en las tuber\u00edas. M\u00e1s fuertes, m\u00e1s livianas y m\u00e1s peque\u00f1as que las v\u00e1lvulas de retenci\u00f3n oscilantes convencionales y, por lo tanto, menos costosas de instalar y mantener. El dise\u00f1o compacto de las v\u00e1lvulas se adapta de manera flexible a varios tipos de selecci\u00f3n de bridas. Las v\u00e1lvulas se pueden montar en cualquier direcci\u00f3n en las tuber\u00edas. Cero fugas para v\u00e1lvulas de asiento blando.<\/p>\r\n\r\n\r\n\r\n<h3 class=\"wp-block-heading\">V\u00c1LVULA DE RETENCI\u00d3N DE PLACA DOBLE<\/h3>\r\n\r\n\r\n\r\n<p>La v\u00e1lvula de retenci\u00f3n de placa doble es una v\u00e1lvula antirretorno multiuso que es mucho m\u00e1s resistente, m\u00e1s liviana y de menor tama\u00f1o en comparaci\u00f3n con una v\u00e1lvula de retenci\u00f3n de oscilaci\u00f3n convencional o una v\u00e1lvula de retenci\u00f3n de vida \u00fatil. La v\u00e1lvula de retenci\u00f3n de placa doble tiene un cuerpo cil\u00edndrico que hace que la v\u00e1lvula parezca cualquier otro accesorio de tuber\u00eda. Un cuerpo cil\u00edndrico tiene una distribuci\u00f3n de tensi\u00f3n mucho m\u00e1s uniforme en comparaci\u00f3n con una v\u00e1lvula de retenci\u00f3n oscilante convencional. Se puede dise\u00f1ar un cuerpo cil\u00edndrico de la parte que contiene presi\u00f3n de la v\u00e1lvula de retenci\u00f3n de placa doble para soportar mucho peso (grosor) de la v\u00e1lvula. Por lo tanto, para condiciones de carga severas\/resistentes, estas v\u00e1lvulas tienen una ventaja distintiva sobre las v\u00e1lvulas convencionales tanto en t\u00e9rminos de seguridad como de econom\u00eda, adem\u00e1s de versatilidad general. La v\u00e1lvula de retenci\u00f3n de placa doble emplea dos placas accionadas por resorte articuladas en un pasador de bisagra central. Cuando el flujo disminuye, las placas se cierran mediante la acci\u00f3n del resorte de torsi\u00f3n sin requerir flujo inverso. Este dise\u00f1o ofrece las ventajas gemelas de No Golpe de Ariete y No Golpe de Ariete simult\u00e1neamente. Todas las caracter\u00edsticas juntas hacen de la v\u00e1lvula de retenci\u00f3n de placa doble uno de los dise\u00f1os m\u00e1s eficientes. Las v\u00e1lvulas de retenci\u00f3n de doble plataforma est\u00e1n disponibles en dise\u00f1o de oblea, dise\u00f1o de oblea con brida y dise\u00f1o extendido con extremos con bridas que tienen dimensiones cara a cara como las de una v\u00e1lvula de retenci\u00f3n oscilante.<\/p>\r\n\r\n\r\n\r\n<h2 class=\"wp-block-heading\">\u00bfC\u00f3mo funciona un NRV tipo oblea?<\/h2>\r\n\r\n\r\n\r\n<p>Una v\u00e1lvula antirretorno tipo wafer funciona seg\u00fan el diferencial de presi\u00f3n. Esta es una diferencia de presi\u00f3n entre los puertos de entrada y salida del NRV tipo oblea. El disco de la v\u00e1lvula se abre cuando la presi\u00f3n de entrada es mayor que la presi\u00f3n de salida. Esta presi\u00f3n proporciona la fuerza necesaria para batir los discos de las v\u00e1lvulas. Cuando los discos se agitan, dejan espacio para que el fluido fluya a trav\u00e9s de la v\u00e1lvula. Los discos permanecen abiertos siempre que haya una presi\u00f3n de succi\u00f3n superior a la del lado de salida. Cuando la presi\u00f3n de succi\u00f3n se reduce o el fluido intenta invertir el flujo, el resorte gana energ\u00eda para revertir las placas de la v\u00e1lvula a su posici\u00f3n de asiento, lo que ayuda a prevenir el flujo inverso del fluido.<\/p>\r\n\r\n\r\n<div class=\"wp-block-image\">\r\n<figure class=\"aligncenter size-full\"><img loading=\"lazy\" decoding=\"async\" width=\"566\" height=\"154\" class=\"wp-image-19681\" src=\"https:\/\/zecovalve.com\/wp-content\/uploads\/2022\/07\/Working-of-a-wafer-type-non-return-check-valve.jpg\" alt=\"\" srcset=\"https:\/\/zecovalve.com\/wp-content\/uploads\/2022\/07\/Working-of-a-wafer-type-non-return-check-valve.jpg 566w, https:\/\/zecovalve.com\/wp-content\/uploads\/2022\/07\/Working-of-a-wafer-type-non-return-check-valve-300x82.jpg 300w\" sizes=\"auto, (max-width: 566px) 100vw, 566px\" \/><\/figure>\r\n<\/div>\r\n\r\n\r\n<h2 class=\"wp-block-heading\" id=\"h-features-of-wafer-type-nrv\">Caracter\u00edsticas del tipo oblea NRV<\/h2>\r\n\r\n\r\n\r\n<ul class=\"wp-block-list\">\r\n<li>El dise\u00f1o de placa dual del tipo oblea NRV de ZECO incorpora un accesorio de retenci\u00f3n interno. El accesorio no invade la superficie de sellado de la junta para garantizar un sellado eficaz entre la v\u00e1lvula y la tuber\u00eda;<\/li>\r\n<li>El dise\u00f1o de oblea de doble placa del tipo oblea ZECO NRV hace que esta v\u00e1lvula de retenci\u00f3n sea m\u00e1s liviana, que pesa solo 10 ~ 25% del peso de la v\u00e1lvula de retenci\u00f3n oscilante convencional, lo que ahorra dinero en el costo inicial de la v\u00e1lvula y proporciona un menor costo de instalaci\u00f3n;<\/li>\r\n<li>La caracter\u00edstica de resorte del NRV tipo oblea ZECO ayuda a mantener la v\u00e1lvula cerrada y el peso m\u00e1s liviano para eliminar las cargas de flexi\u00f3n de la tuber\u00eda hace que la v\u00e1lvula sea flexible instalada en cualquier posici\u00f3n, para permitirle dise\u00f1ar el dise\u00f1o de su tuber\u00eda con el m\u00e9todo m\u00e1s eficiente y menos costoso;<\/li>\r\n<li>Cuando se abre la v\u00e1lvula, el tal\u00f3n del doble plato se levanta en la direcci\u00f3n del flujo, para evitar que el tal\u00f3n se arrastre por la superficie del asiento y provoque desgaste. Al cerrar la v\u00e1lvula, tanto los dos resortes de alta torsi\u00f3n como la contrapresi\u00f3n forzar\u00e1n la punta y el tal\u00f3n del disco hacia el asiento plano para completar el sello.<\/li>\r\n<li>Las v\u00e1lvulas antirretorno tipo wafer funcionan por s\u00ed solas sin el uso de un volante o actuador de v\u00e1lvula.<\/li>\r\n<li>Estas v\u00e1lvulas no permiten el flujo inverso del fluido. El fluido fluye hacia adelante y cualquier intento de retroceder est\u00e1 restringido ya que la v\u00e1lvula se cierra inmediatamente.<\/li>\r\n<li>Estas v\u00e1lvulas tienen una alta eficiencia en relaci\u00f3n con otras v\u00e1lvulas porque su ca\u00edda de presi\u00f3n es m\u00ednima.<\/li>\r\n<li>Las v\u00e1lvulas antirretorno tipo wafer est\u00e1n dise\u00f1adas para mantener la presi\u00f3n del fluido de trabajo.<\/li>\r\n<li>Los NRV de tipo oblea son vers\u00e1tiles ya que se utilizan en diversas aplicaciones, desde dom\u00e9sticas hasta industriales.<\/li>\r\n<li>Estas v\u00e1lvulas son f\u00e1ciles de instalar, reparar y limpiar.<\/li>\r\n<li>Est\u00e1n libres de fugas de l\u00edquido.<\/li>\r\n<li>Las v\u00e1lvulas antirretorno tipo wafer alivian el golpe de ariete y sus efectos relacionados.<\/li>\r\n<li>Son livianas en comparaci\u00f3n con otras v\u00e1lvulas antirretorno.<\/li>\r\n<li>Estas v\u00e1lvulas se pueden instalar en posici\u00f3n horizontal o vertical, ya que no dependen \u00fanicamente de la gravedad para evitar el flujo inverso del fluido.<\/li>\r\n<li>Las NRV tipo wafer act\u00faan r\u00e1pidamente en comparaci\u00f3n con otras v\u00e1lvulas, como las v\u00e1lvulas de globo.<\/li>\r\n<\/ul>\r\n\r\n\r\n\r\n<h2 class=\"wp-block-heading\">Aplicaciones del tipo oblea NRV<\/h2>\r\n\r\n\r\n\r\n<ul class=\"wp-block-list\">\r\n<li>Vapor<\/li>\r\n<li>Agua fr\u00eda y caliente<\/li>\r\n<li>Ingenier\u00eda de energ\u00eda y calor<\/li>\r\n<li>Aire a presi\u00f3n<\/li>\r\n<li>Tecnolog\u00edas industriales<\/li>\r\n<li>Fluidos sin propiedades de acidez o alcalinidad.<\/li>\r\n<\/ul>\r\n\r\n\r\n\r\n<h2 class=\"wp-block-heading\">Especificaci\u00f3n del tipo de oblea NRV<\/h2>\r\n\r\n\r\n\r\n<figure class=\"wp-block-table is-style-stripes\">\r\n<table>\r\n<tbody>\r\n<tr>\r\n<td>V\u00e1lvula de retenci\u00f3n de disco \u00fanico<\/td>\r\n<td>API 594 \/ API 6D<\/td>\r\n<\/tr>\r\n<tr>\r\n<td>V\u00e1lvula de retenci\u00f3n sin golpe<\/td>\r\n<td>API 594<\/td>\r\n<\/tr>\r\n<tr>\r\n<td>V\u00e1lvula de retenci\u00f3n de doble placa<\/td>\r\n<td>API 594<\/td>\r\n<\/tr>\r\n<tr>\r\n<td>Dimensiones del extremo bridado<\/td>\r\n<td>ASME B16.5, ASME B16.47 A y B<\/td>\r\n<\/tr>\r\n<tr>\r\n<td>Inspecci\u00f3n y prueba de v\u00e1lvulas<\/td>\r\n<td>API 598<\/td>\r\n<\/tr>\r\n<tr>\r\n<td>Inspecci\u00f3n visual<\/td>\r\n<td>MSS SP 55<\/td>\r\n<\/tr>\r\n<tr>\r\n<td>Ensayo No Destructivo (RT, UT, MT, PT)<\/td>\r\n<td>ASME B16.34<\/td>\r\n<\/tr>\r\n<tr>\r\n<td>Presi\u00f3n \u2013 Clasificaci\u00f3n de temperatura<\/td>\r\n<td>ASME B16.34<\/td>\r\n<\/tr>\r\n<\/tbody>\r\n<\/table>\r\n<\/figure>\r\n\r\n\r\n\r\n<figure class=\"wp-block-table is-style-stripes\">\r\n<table>\r\n<tbody>\r\n<tr>\r\n<td>CUERPO<\/td>\r\n<td>CI IS 210 GR FG 200\/220\/CS ASTMA 216 GR WCB \/SG HIERRO\/ CF8\/SS 304 \/ CF8M\/SS 316 \/CF3\/CF3M\/GUN METAL\/ALUMINIO<\/td>\r\n<\/tr>\r\n<tr>\r\n<td>ALFILER<\/td>\r\n<td>MS\/AISI 304\/ AISI 316<\/td>\r\n<\/tr>\r\n<tr>\r\n<td>ANILLOS<\/td>\r\n<td>NBR\/NEOPRENO \/NITRILO \/SILICIO\/ VITON\/PTFE\/STL\/INTREGAL<\/td>\r\n<\/tr>\r\n<tr>\r\n<td>RANGO DE TAMA\u00d1O<\/td>\r\n<td>25NB A 1200NB (1\u2033 A 48\u2033)<\/td>\r\n<\/tr>\r\n<tr>\r\n<td>CLASE DE PRESI\u00d3N<\/td>\r\n<td>150# a 1500#<\/td>\r\n<\/tr>\r\n<\/tbody>\r\n<\/table>\r\n<\/figure>","protected":false},"excerpt":{"rendered":"<p>ZECO Valve es un reputado fabricante de v\u00e1lvulas de retenci\u00f3n dedicado al dise\u00f1o de v\u00e1lvulas industriales de alta calidad. Ofrecemos una amplia gama de v\u00e1lvulas que... <a title=\"Tipo oblea NRV\" class=\"read-more\" href=\"https:\/\/zecovalve.com\/es\/producto\/wafer-type-nrv\" aria-label=\"M\u00e1s en Tipo Wafer NRV\">Leer m\u00e1s<\/a><\/p>","protected":false},"featured_media":27915,"comment_status":"closed","ping_status":"closed","template":"","meta":{"_generate-full-width-content":"","kt_blocks_editor_width":""},"product_cat":[2455,2442],"product_tag":[2657,2661,2725],"class_list":["post-16192","product","type-product","status-publish","has-post-thumbnail","hentry","product_cat-check-valve","product_cat-wafer-check-valve","product_tag-non-return-valve","product_tag-nrv-valve","product_tag-wafer-check-valve","sales-flash-overlay","woocommerce-text-align-center","woocommerce-image-align-center","do-quantity-buttons"],"featured_image_src_large":["https:\/\/zecovalve.com\/wp-content\/uploads\/2022\/06\/Wafer-Type-NRV-2.jpg",800,600,false],"author_info":[],"comment_info":0,"taxonomy_info":{"product_cat":[{"value":2455,"label":"Check Valve"},{"value":2442,"label":"Wafer Check Valve"}],"product_tag":[{"value":2657,"label":"Non Return Valve"},{"value":2661,"label":"NRV Valve"},{"value":2725,"label":"Wafer Check Valve"}]},"yoast_head":"<!-- This site is optimized with the Yoast SEO Premium plugin v15.4 - https:\/\/yoast.com\/wordpress\/plugins\/seo\/ -->\n<title>Wafer Type NRV - Types of Wafer Type NRV Valve | ZECO Valve<\/title>\n<meta name=\"robots\" content=\"index, follow, max-snippet:-1, max-image-preview:large, max-video-preview:-1\" \/>\n<link rel=\"canonical\" href=\"https:\/\/zecovalve.com\/es\/producto\/wafer-type-nrv\" \/>\n<meta property=\"og:locale\" content=\"es_ES\" \/>\n<meta property=\"og:type\" content=\"article\" \/>\n<meta property=\"og:title\" content=\"Wafer Type NRV - Types of Wafer Type NRV Valve | ZECO Valve\" \/>\n<meta property=\"og:description\" content=\"ZECO Valve is a reputed Check Valve Manufacturer engaged in designing fine-quality industrial valves. We offer a wide range of valves that ... Leer m\u00e1s\" \/>\n<meta property=\"og:url\" content=\"https:\/\/zecovalve.com\/es\/producto\/wafer-type-nrv\" \/>\n<meta property=\"og:site_name\" content=\"ZECO Valve\" \/>\n<meta property=\"article:modified_time\" content=\"2023-06-16T13:39:47+00:00\" \/>\n<meta property=\"og:image\" content=\"https:\/\/zecovalve.com\/wp-content\/uploads\/2022\/06\/Wafer-Type-NRV-2.jpg\" \/>\n\t<meta property=\"og:image:width\" content=\"800\" \/>\n\t<meta property=\"og:image:height\" content=\"600\" \/>\n<meta name=\"twitter:card\" content=\"summary_large_image\" \/>\n<meta name=\"twitter:label1\" content=\"Escrito por\">\n\t<meta name=\"twitter:data1\" content=\"Jerry\">\n\t<meta name=\"twitter:label2\" content=\"Tiempo de lectura\">\n\t<meta name=\"twitter:data2\" content=\"4 minutos\">\n<script type=\"application\/ld+json\" class=\"yoast-schema-graph\">{\"@context\":\"https:\/\/schema.org\",\"@graph\":[{\"@type\":\"WebSite\",\"@id\":\"https:\/\/zecovalve.com\/#website\",\"url\":\"https:\/\/zecovalve.com\/\",\"name\":\"ZECO Valve\",\"description\":\"Industrial Ball Valve, Gate Valve and Globe Valve Manufacturer\",\"potentialAction\":[{\"@type\":\"SearchAction\",\"target\":\"https:\/\/zecovalve.com\/?s={search_term_string}\",\"query-input\":\"required name=search_term_string\"}],\"inLanguage\":\"es\"},{\"@type\":\"ImageObject\",\"@id\":\"https:\/\/zecovalve.com\/product\/wafer-type-nrv#primaryimage\",\"inLanguage\":\"es\",\"url\":\"https:\/\/zecovalve.com\/wp-content\/uploads\/2022\/06\/Wafer-Type-NRV-2.jpg\",\"width\":800,\"height\":600,\"caption\":\"Wafer Type NRV\"},{\"@type\":\"WebPage\",\"@id\":\"https:\/\/zecovalve.com\/product\/wafer-type-nrv#webpage\",\"url\":\"https:\/\/zecovalve.com\/product\/wafer-type-nrv\",\"name\":\"Wafer Type NRV - Types of Wafer Type NRV Valve | ZECO Valve\",\"isPartOf\":{\"@id\":\"https:\/\/zecovalve.com\/#website\"},\"primaryImageOfPage\":{\"@id\":\"https:\/\/zecovalve.com\/product\/wafer-type-nrv#primaryimage\"},\"datePublished\":\"2022-06-19T15:45:58+00:00\",\"dateModified\":\"2023-06-16T13:39:47+00:00\",\"breadcrumb\":{\"@id\":\"https:\/\/zecovalve.com\/product\/wafer-type-nrv#breadcrumb\"},\"inLanguage\":\"es\",\"potentialAction\":[{\"@type\":\"ReadAction\",\"target\":[\"https:\/\/zecovalve.com\/product\/wafer-type-nrv\"]}]},{\"@type\":\"BreadcrumbList\",\"@id\":\"https:\/\/zecovalve.com\/product\/wafer-type-nrv#breadcrumb\",\"itemListElement\":[{\"@type\":\"ListItem\",\"position\":1,\"item\":{\"@type\":\"WebPage\",\"@id\":\"https:\/\/zecovalve.com\/\",\"url\":\"https:\/\/zecovalve.com\/\",\"name\":\"Home\"}},{\"@type\":\"ListItem\",\"position\":2,\"item\":{\"@type\":\"WebPage\",\"@id\":\"https:\/\/zecovalve.com\/product-category\",\"url\":\"https:\/\/zecovalve.com\/product-category\",\"name\":\"Industrial Valve Manufacturer | Water Valve Manufacturer\"}},{\"@type\":\"ListItem\",\"position\":3,\"item\":{\"@type\":\"WebPage\",\"@id\":\"https:\/\/zecovalve.com\/product\/wafer-type-nrv\",\"url\":\"https:\/\/zecovalve.com\/product\/wafer-type-nrv\",\"name\":\"Wafer Type NRV\"}}]}]}<\/script>\n<!-- \/ Yoast SEO Premium plugin. -->","_links":{"self":[{"href":"https:\/\/zecovalve.com\/es\/wp-json\/wp\/v2\/product\/16192","targetHints":{"allow":["GET"]}}],"collection":[{"href":"https:\/\/zecovalve.com\/es\/wp-json\/wp\/v2\/product"}],"about":[{"href":"https:\/\/zecovalve.com\/es\/wp-json\/wp\/v2\/types\/product"}],"replies":[{"embeddable":true,"href":"https:\/\/zecovalve.com\/es\/wp-json\/wp\/v2\/comments?post=16192"}],"wp:featuredmedia":[{"embeddable":true,"href":"https:\/\/zecovalve.com\/es\/wp-json\/wp\/v2\/media\/27915"}],"wp:attachment":[{"href":"https:\/\/zecovalve.com\/es\/wp-json\/wp\/v2\/media?parent=16192"}],"wp:term":[{"taxonomy":"product_cat","embeddable":true,"href":"https:\/\/zecovalve.com\/es\/wp-json\/wp\/v2\/product_cat?post=16192"},{"taxonomy":"product_tag","embeddable":true,"href":"https:\/\/zecovalve.com\/es\/wp-json\/wp\/v2\/product_tag?post=16192"}],"curies":[{"name":"wp","href":"https:\/\/api.w.org\/{rel}","templated":true}]}}