{"id":16194,"date":"2022-06-19T15:49:59","date_gmt":"2022-06-19T15:49:59","guid":{"rendered":"https:\/\/zecovalve.com\/?post_type=product&#038;p=16194"},"modified":"2022-09-01T00:56:53","modified_gmt":"2022-09-01T00:56:53","slug":"gear-operated-butterfly-valve","status":"publish","type":"product","link":"https:\/\/zecovalve.com\/es\/producto\/gear-operated-butterfly-valve","title":{"rendered":"V\u00e1lvula de mariposa accionada por engranaje"},"content":{"rendered":"<p>La v\u00e1lvula de mariposa operada por engranajes se utiliza para regular o controlar el flujo de fluido dentro de una tuber\u00eda.<\/p>\r\n\r\n\r\n\r\n<figure class=\"wp-block-image alignnone size-medium wp-image-16195\"><img loading=\"lazy\" decoding=\"async\" width=\"300\" height=\"225\" class=\"wp-image-16195\" src=\"https:\/\/zecovalve.com\/wp-content\/uploads\/2022\/06\/gear-operated-butterfly-valve-300x225.jpg\" alt=\"V\u00e1lvula de mariposa accionada por engranaje\" srcset=\"https:\/\/zecovalve.com\/wp-content\/uploads\/2022\/06\/gear-operated-butterfly-valve-300x225.jpg 300w, https:\/\/zecovalve.com\/wp-content\/uploads\/2022\/06\/gear-operated-butterfly-valve-768x576.jpg 768w, https:\/\/zecovalve.com\/wp-content\/uploads\/2022\/06\/gear-operated-butterfly-valve-600x450.jpg 600w, https:\/\/zecovalve.com\/wp-content\/uploads\/2022\/06\/gear-operated-butterfly-valve.jpg 800w\" sizes=\"auto, (max-width: 300px) 100vw, 300px\" \/><\/figure>\r\n\r\n\r\n<div class=\"gb-button-wrapper gb-button-wrapper-6d8495a3\">\r\n\r\n\r\n<p><a class=\"gb-button gb-button-3d442e11 gb-button-text\" href=\"mailto:commercial@zecovalve.com\" target=\"_blank\" rel=\"noopener noreferrer\"><strong>OBT\u00c9N PRECIO DE V\u00c1LVULA DE MARIPOSA ACCIONADA POR ENGRANAJES<\/strong><\/a><\/p>\r\n<\/div>\r\n\r\n\r\n\r\n\r\n<h2 class=\"wp-block-heading\" id=\"h-what-is-a-gear-operated-butterfly-valve\">\u00bfQu\u00e9 es una v\u00e1lvula de mariposa accionada por engranajes?<\/h2>\r\n\r\n\r\n\r\n<p>La v\u00e1lvula de mariposa accionada por engranajes ZECO lleva el nombre de la forma en que funciona el engranaje. ZECO presta atenci\u00f3n a cada detalle de la v\u00e1lvula. Cada v\u00e1lvula se inspecciona e instala estrictamente para garantizar que est\u00e9 en buenas condiciones y lista para funcionar. Sin embargo, en el control de las materias primas o en la producci\u00f3n y procesamiento posterior de la v\u00e1lvula, los inspectores solo controlan bien cada enlace de acuerdo con los requisitos de las pruebas de ingenier\u00eda t\u00e9cnica y las pruebas de presi\u00f3n, y tienen respuestas hasta el final para demostrar su rendimiento. Adem\u00e1s, incluso si la prueba tiene \u00e9xito, se debe verificar el sello del v\u00e1stago de la v\u00e1lvula y la empaquetadura, y la empaquetadura debe estar en la posici\u00f3n inicial. La v\u00e1lvula es un producto especial con ciertas reglas de movimiento y reglas de fricci\u00f3n. Para lograr un rendimiento satisfactorio, algunas partes de la m\u00e1quina deben protegerse cuidadosamente. Con la presi\u00f3n, el medio y la temperatura adecuados, la vida \u00fatil continua de la v\u00e1lvula no ser\u00e1 inferior a 6 a\u00f1os.<\/p>\r\n\r\n\r\n\r\n<h2 class=\"wp-block-heading\">Componentes de la v\u00e1lvula de mariposa accionada por engranajes<\/h2>\r\n\r\n\r\n\r\n<p>Las v\u00e1lvulas de mariposa son f\u00e1ciles y r\u00e1pidas de abrir. Una rotaci\u00f3n en \u00e1ngulo recto de la manija proporciona un cierre o apertura completo de la v\u00e1lvula de mariposa. Las v\u00e1lvulas de mariposa grandes suelen estar compuestas por una caja de engranajes, donde el volante mediante engranajes se une al v\u00e1stago. Esto facilita el funcionamiento de la v\u00e1lvula de mariposa, pero a expensas de la velocidad. Las v\u00e1lvulas ZECO tienen un cuerpo circular corto, asientos blandos, cojinetes de eje y prensaestopas. La construcci\u00f3n de un cuerpo de v\u00e1lvula de mariposa var\u00eda en dise\u00f1o. Un dise\u00f1o m\u00e1s utilizado es el tipo oblea que encaja entre dos bridas. El dise\u00f1o de oblea con orejetas es otro dise\u00f1o com\u00fan que une las dos bridas y pasa a trav\u00e9s de los orificios. Las v\u00e1lvulas de mariposa incluso est\u00e1n disponibles con roscas de brida y extremos para soldar a tope, pero no se usan con frecuencia.<\/p>\r\n\r\n\r\n\r\n<h2 class=\"wp-block-heading\">\u00bfC\u00f3mo funciona una v\u00e1lvula de mariposa accionada por engranajes?<\/h2>\r\n\r\n\r\n\r\n<p>Una v\u00e1lvula de mariposa accionada por engranajes funciona obteniendo energ\u00eda del operador de la v\u00e1lvula. El operador aplica fuerza sobre el volante para operar la v\u00e1lvula. El volante est\u00e1 conectado a un sistema de engranajes a trav\u00e9s de un eje corto. Para abrir la v\u00e1lvula, el operador gira el volante un cuarto de vuelta en sentido antihorario. Esto hace que el par (o fuerza giratoria) aplicado en el volante se transmita al disco de la v\u00e1lvula a trav\u00e9s del v\u00e1stago. Como tal, el disco forma un \u00e1ngulo de un cuarto de vuelta donde queda orientado paralelo al flujo de fluido. En este estado del disco, el fluido fluye a trav\u00e9s de la v\u00e1lvula sin obst\u00e1culos. Para cerrar el flujo de fluido, el operador de la v\u00e1lvula gira el volante en el sentido de las agujas del reloj. Esto obliga al disco a realizar un giro de 90 grados y volverse perpendicular al flujo de fluido. En este estado, el disco impide que el flujo de fluido cruce la v\u00e1lvula. Los fabricantes de v\u00e1lvulas de mariposa accionadas por engranajes fabrican estas v\u00e1lvulas para su uso incluso en aplicaciones de estrangulamiento. Sin embargo, se recomienda el uso de estas v\u00e1lvulas en aplicaciones de estrangulaci\u00f3n donde la ca\u00edda de presi\u00f3n es baja. Cuando es necesario utilizar la v\u00e1lvula en aplicaciones de estrangulaci\u00f3n, el operador de la v\u00e1lvula gira ligeramente el volante en un \u00e1ngulo de menos de 90 grados, dependiendo de la cantidad de flujo de fluido requerido.<\/p>\r\n\r\n\r\n\r\n<h2 class=\"wp-block-heading\" id=\"h-features-of-gear-operated-butterfly-valve\">Caracter\u00edsticas de la v\u00e1lvula de mariposa accionada por engranajes<\/h2>\r\n\r\n\r\n\r\n<ul class=\"wp-block-list\">\r\n<li>La brida del operador cumple con la norma ISO 5211. Dise\u00f1ado para funcionar con actuadores manuales, neum\u00e1ticos o el\u00e9ctricos.<\/li>\r\n<li>El asiento de goma no es plegable, es resistente al estiramiento y a prueba de explosiones.<\/li>\r\n<li>El disco mecanizado con precisi\u00f3n garantiza un par de funcionamiento bajo y un sellado eficaz de hasta 200 psi. El disco de dise\u00f1o hidrodin\u00e1mico permite un flujo de alta capacidad.<\/li>\r\n<li>El dise\u00f1o del eje de una sola pieza garantiza confiabilidad y posicionamiento positivo del disco.<\/li>\r\n<li>Las v\u00e1lvulas est\u00e1n recubiertas de epoxi e incorporan engrasadores estilo \u201czerk\u201d para una f\u00e1cil lubricaci\u00f3n en el cuello y la caja de cambios (si corresponde).<\/li>\r\n<\/ul>\r\n\r\n\r\n\r\n<h2 class=\"wp-block-heading\" id=\"h-material-of-gear-operated-butterfly-valve\">Material de la v\u00e1lvula de mariposa accionada por engranajes<\/h2>\r\n\r\n\r\n\r\n<figure class=\"wp-block-table\">\r\n<table>\r\n<tbody>\r\n<tr>\r\n<td>No<\/td>\r\n<td>Pieza<\/td>\r\n<td>Material<\/td>\r\n<\/tr>\r\n<tr>\r\n<td>1<\/td>\r\n<td>Cuerpo<\/td>\r\n<td>ASTM A216 WCB + 13Cr<\/td>\r\n<\/tr>\r\n<tr>\r\n<td>2<\/td>\r\n<td>Anillo de sello<\/td>\r\n<td>Grafito + SS304<\/td>\r\n<\/tr>\r\n<tr>\r\n<td>3<\/td>\r\n<td>Brida de retenci\u00f3n<\/td>\r\n<td>ASTM A182 F304<\/td>\r\n<\/tr>\r\n<tr>\r\n<td>4<\/td>\r\n<td>Pin<\/td>\r\n<td>ASTM A276 304<\/td>\r\n<\/tr>\r\n<tr>\r\n<td>5<\/td>\r\n<td>Disco<\/td>\r\n<td>ASTM A351 CF8<\/td>\r\n<\/tr>\r\n<tr>\r\n<td>6<\/td>\r\n<td>V\u00e1stago<\/td>\r\n<td>ASTM A276 304<\/td>\r\n<\/tr>\r\n<tr>\r\n<td>7<\/td>\r\n<td>Empaquetadura de v\u00e1stago<\/td>\r\n<td>Grafito<\/td>\r\n<\/tr>\r\n<tr>\r\n<td>8<\/td>\r\n<td>Golpe de tallo<\/td>\r\n<td>SS304 + PTFE<\/td>\r\n<\/tr>\r\n<tr>\r\n<td>9<\/td>\r\n<td>Perno<\/td>\r\n<td>ASTM A193 B7<\/td>\r\n<\/tr>\r\n<tr>\r\n<td>10<\/td>\r\n<td>Tuerca<\/td>\r\n<td>ASTM A194 2H<\/td>\r\n<\/tr>\r\n<tr>\r\n<td>11<\/td>\r\n<td>Yugo<\/td>\r\n<td>ASTM A216 WCB<\/td>\r\n<\/tr>\r\n<\/tbody>\r\n<\/table>\r\n<\/figure>","protected":false},"excerpt":{"rendered":"<p>La v\u00e1lvula de mariposa operada por engranajes se utiliza para regular o controlar el flujo de fluido dentro de una tuber\u00eda. \u00bfQu\u00e9 es una v\u00e1lvula de mariposa accionada por engranajes? \u2026 <a title=\"V\u00e1lvula de mariposa accionada por engranaje\" class=\"read-more\" href=\"https:\/\/zecovalve.com\/es\/producto\/gear-operated-butterfly-valve\" aria-label=\"M\u00e1s en V\u00e1lvula de mariposa operada por engranajes\">Leer m\u00e1s<\/a><\/p>","protected":false},"featured_media":16195,"comment_status":"closed","ping_status":"closed","template":"","meta":{"_generate-full-width-content":"","kt_blocks_editor_width":""},"product_cat":[2044,2468,2604],"product_tag":[2806,2801],"class_list":["post-16194","product","type-product","status-publish","has-post-thumbnail","hentry","product_cat-butterfly-valve","product_cat-butterfly-valve-by-drive-mode","product_cat-triple-offset-butterfly-valve","product_tag-butterfly-valve-wafer-type","product_tag-wafer-type-butterfly-valve","sales-flash-overlay","woocommerce-text-align-center","woocommerce-image-align-center","do-quantity-buttons"],"featured_image_src_large":["https:\/\/zecovalve.com\/wp-content\/uploads\/2022\/06\/gear-operated-butterfly-valve.jpg",800,600,false],"author_info":[],"comment_info":0,"taxonomy_info":{"product_cat":[{"value":2044,"label":"Butterfly Valve"},{"value":2468,"label":"Butterfly Valve By Drive Mode"},{"value":2604,"label":"Triple Offset Butterfly Valve"}],"product_tag":[{"value":2806,"label":"Butterfly Valve Wafer Type"},{"value":2801,"label":"Wafer Type Butterfly Valve"}]},"yoast_head":"<!-- This site is optimized with the Yoast SEO Premium plugin v15.4 - https:\/\/yoast.com\/wordpress\/plugins\/seo\/ -->\n<title>Gear Operated Butterfly Valve - Butterfly Valve Gear Operated | ZECO Valve<\/title>\n<meta name=\"robots\" content=\"index, follow, max-snippet:-1, max-image-preview:large, max-video-preview:-1\" \/>\n<link rel=\"canonical\" href=\"https:\/\/zecovalve.com\/es\/producto\/gear-operated-butterfly-valve\" \/>\n<meta property=\"og:locale\" content=\"es_ES\" \/>\n<meta property=\"og:type\" content=\"article\" \/>\n<meta property=\"og:title\" content=\"Gear Operated Butterfly Valve - Butterfly Valve Gear Operated | ZECO Valve\" \/>\n<meta property=\"og:description\" content=\"Gear Operated Butterfly Valve is used to regulate or control fluid flow within a pipeline. What is a Gear Operated Butterfly Valve? ... Leer m\u00e1s\" \/>\n<meta property=\"og:url\" content=\"https:\/\/zecovalve.com\/es\/producto\/gear-operated-butterfly-valve\" \/>\n<meta property=\"og:site_name\" content=\"ZECO Valve\" \/>\n<meta property=\"article:modified_time\" content=\"2022-09-01T00:56:53+00:00\" \/>\n<meta property=\"og:image\" content=\"https:\/\/zecovalve.com\/wp-content\/uploads\/2022\/06\/gear-operated-butterfly-valve.jpg\" \/>\n\t<meta property=\"og:image:width\" content=\"800\" \/>\n\t<meta property=\"og:image:height\" content=\"600\" \/>\n<meta name=\"twitter:card\" content=\"summary_large_image\" \/>\n<meta name=\"twitter:label1\" content=\"Escrito por\">\n\t<meta name=\"twitter:data1\" content=\"Jerry\">\n\t<meta name=\"twitter:label2\" content=\"Tiempo de lectura\">\n\t<meta name=\"twitter:data2\" content=\"3 minutos\">\n<script type=\"application\/ld+json\" class=\"yoast-schema-graph\">{\"@context\":\"https:\/\/schema.org\",\"@graph\":[{\"@type\":\"WebSite\",\"@id\":\"https:\/\/zecovalve.com\/#website\",\"url\":\"https:\/\/zecovalve.com\/\",\"name\":\"ZECO Valve\",\"description\":\"Industrial Ball Valve, Gate Valve and Globe Valve Manufacturer\",\"potentialAction\":[{\"@type\":\"SearchAction\",\"target\":\"https:\/\/zecovalve.com\/?s={search_term_string}\",\"query-input\":\"required name=search_term_string\"}],\"inLanguage\":\"es\"},{\"@type\":\"ImageObject\",\"@id\":\"https:\/\/zecovalve.com\/product\/gear-operated-butterfly-valve#primaryimage\",\"inLanguage\":\"es\",\"url\":\"https:\/\/zecovalve.com\/wp-content\/uploads\/2022\/06\/gear-operated-butterfly-valve.jpg\",\"width\":800,\"height\":600,\"caption\":\"Gear Operated Butterfly Valve\"},{\"@type\":\"WebPage\",\"@id\":\"https:\/\/zecovalve.com\/product\/gear-operated-butterfly-valve#webpage\",\"url\":\"https:\/\/zecovalve.com\/product\/gear-operated-butterfly-valve\",\"name\":\"Gear Operated Butterfly Valve - Butterfly Valve Gear Operated | ZECO Valve\",\"isPartOf\":{\"@id\":\"https:\/\/zecovalve.com\/#website\"},\"primaryImageOfPage\":{\"@id\":\"https:\/\/zecovalve.com\/product\/gear-operated-butterfly-valve#primaryimage\"},\"datePublished\":\"2022-06-19T15:49:59+00:00\",\"dateModified\":\"2022-09-01T00:56:53+00:00\",\"breadcrumb\":{\"@id\":\"https:\/\/zecovalve.com\/product\/gear-operated-butterfly-valve#breadcrumb\"},\"inLanguage\":\"es\",\"potentialAction\":[{\"@type\":\"ReadAction\",\"target\":[\"https:\/\/zecovalve.com\/product\/gear-operated-butterfly-valve\"]}]},{\"@type\":\"BreadcrumbList\",\"@id\":\"https:\/\/zecovalve.com\/product\/gear-operated-butterfly-valve#breadcrumb\",\"itemListElement\":[{\"@type\":\"ListItem\",\"position\":1,\"item\":{\"@type\":\"WebPage\",\"@id\":\"https:\/\/zecovalve.com\/\",\"url\":\"https:\/\/zecovalve.com\/\",\"name\":\"Home\"}},{\"@type\":\"ListItem\",\"position\":2,\"item\":{\"@type\":\"WebPage\",\"@id\":\"https:\/\/zecovalve.com\/product-category\",\"url\":\"https:\/\/zecovalve.com\/product-category\",\"name\":\"Industrial Valve Manufacturer | Water Valve Manufacturer\"}},{\"@type\":\"ListItem\",\"position\":3,\"item\":{\"@type\":\"WebPage\",\"@id\":\"https:\/\/zecovalve.com\/product\/gear-operated-butterfly-valve\",\"url\":\"https:\/\/zecovalve.com\/product\/gear-operated-butterfly-valve\",\"name\":\"Gear Operated Butterfly Valve\"}}]}]}<\/script>\n<!-- \/ Yoast SEO Premium plugin. -->","_links":{"self":[{"href":"https:\/\/zecovalve.com\/es\/wp-json\/wp\/v2\/product\/16194","targetHints":{"allow":["GET"]}}],"collection":[{"href":"https:\/\/zecovalve.com\/es\/wp-json\/wp\/v2\/product"}],"about":[{"href":"https:\/\/zecovalve.com\/es\/wp-json\/wp\/v2\/types\/product"}],"replies":[{"embeddable":true,"href":"https:\/\/zecovalve.com\/es\/wp-json\/wp\/v2\/comments?post=16194"}],"wp:featuredmedia":[{"embeddable":true,"href":"https:\/\/zecovalve.com\/es\/wp-json\/wp\/v2\/media\/16195"}],"wp:attachment":[{"href":"https:\/\/zecovalve.com\/es\/wp-json\/wp\/v2\/media?parent=16194"}],"wp:term":[{"taxonomy":"product_cat","embeddable":true,"href":"https:\/\/zecovalve.com\/es\/wp-json\/wp\/v2\/product_cat?post=16194"},{"taxonomy":"product_tag","embeddable":true,"href":"https:\/\/zecovalve.com\/es\/wp-json\/wp\/v2\/product_tag?post=16194"}],"curies":[{"name":"wp","href":"https:\/\/api.w.org\/{rel}","templated":true}]}}