{"id":16209,"date":"2022-06-19T16:01:25","date_gmt":"2022-06-19T16:01:25","guid":{"rendered":"https:\/\/zecovalve.com\/?post_type=product&#038;p=16209"},"modified":"2022-09-01T00:50:44","modified_gmt":"2022-09-01T00:50:44","slug":"electric-butterfly-valve","status":"publish","type":"product","link":"https:\/\/zecovalve.com\/es\/producto\/electric-butterfly-valve","title":{"rendered":"V\u00e1lvula de mariposa el\u00e9ctrica"},"content":{"rendered":"<p>Las v\u00e1lvulas de mariposa suelen estar automatizadas con actuadores neum\u00e1ticos o el\u00e9ctricos. Un actuador es un dispositivo mec\u00e1nico para mover o controlar un mecanismo o sistema. Un actuador (como parte de la v\u00e1lvula de mariposa accionada) suele ser un dispositivo mec\u00e1nico que toma energ\u00eda, generalmente creada por aire, electricidad o l\u00edquido, y la convierte en alg\u00fan tipo de movimiento.<\/p>\r\n\r\n\r\n\r\n<figure class=\"wp-block-image alignnone size-medium wp-image-16210\"><img loading=\"lazy\" decoding=\"async\" width=\"300\" height=\"225\" class=\"wp-image-16210\" src=\"https:\/\/zecovalve.com\/wp-content\/uploads\/2022\/06\/electric-butterfly-valve-300x225.jpg\" alt=\"V\u00e1lvula de mariposa el\u00e9ctrica\" srcset=\"https:\/\/zecovalve.com\/wp-content\/uploads\/2022\/06\/electric-butterfly-valve-300x225.jpg 300w, https:\/\/zecovalve.com\/wp-content\/uploads\/2022\/06\/electric-butterfly-valve-768x576.jpg 768w, https:\/\/zecovalve.com\/wp-content\/uploads\/2022\/06\/electric-butterfly-valve-600x450.jpg 600w, https:\/\/zecovalve.com\/wp-content\/uploads\/2022\/06\/electric-butterfly-valve.jpg 800w\" sizes=\"auto, (max-width: 300px) 100vw, 300px\" \/><\/figure>\r\n\r\n\r\n<div class=\"gb-button-wrapper gb-button-wrapper-6d8495a3\">\r\n\r\n\r\n<p><a class=\"gb-button gb-button-3d442e11 gb-button-text\" href=\"mailto:commercial@zecovalve.com\" target=\"_blank\" rel=\"noopener noreferrer\"><strong>OBTENER PRECIO DE V\u00c1LVULA DE MARIPOSA EL\u00c9CTRICA<\/strong><\/a><\/p>\r\n<\/div>\r\n\r\n\r\n\r\n\r\n<h2 class=\"wp-block-heading\" id=\"h-what-is-a-electric-butterfly-valve\">\u00bfQu\u00e9 es una v\u00e1lvula de mariposa el\u00e9ctrica?<\/h2>\r\n\r\n\r\n\r\n<p>Vea la gama ZECO de v\u00e1lvulas de mariposa accionadas el\u00e9ctricamente, que se utilizan para controlar el flujo de un medio de forma remota. Pueden tener un estilo de conexi\u00f3n de terminal o de oblea. El actuador abre o cierra la v\u00e1lvula con una corriente el\u00e9ctrica, pero no requiere energ\u00eda para permanecer en ese estado. La v\u00e1lvula de mariposa tiene un disco que gira con el actuador para abrir o cerrar la v\u00e1lvula de mariposa. El dise\u00f1o de la v\u00e1lvula de mariposa permite buenas propiedades de sellado, durabilidad y confiabilidad para su aplicaci\u00f3n. Los actuadores el\u00e9ctricos se instalan y conectan f\u00e1cilmente a un sistema existente. Existen varias carcasas, sellos y tama\u00f1os de v\u00e1lvulas de mariposa controladas el\u00e9ctricamente para que pueda encontrar la adecuada para su aplicaci\u00f3n.<\/p>\r\n\r\n\r\n\r\n<p>Un buen sellado dentro de la v\u00e1lvula ver\u00e1 afectado el rendimiento del sellado debido al da\u00f1o o la abrasi\u00f3n normal. Para las duras condiciones de trabajo, la estimaci\u00f3n y reparaci\u00f3n m\u00e1s all\u00e1 del alcance de este manual, debido a una variedad de formas estructurales diferentes, si es necesario conocerlo de antemano, se debe cooperar con el fabricante para encontrar un m\u00e9todo adecuado. La construcci\u00f3n externa de la v\u00e1lvula es f\u00e1cil de verificar y mantener. Por lo tanto, se debe adoptar un enfoque racional para evitar da\u00f1os mec\u00e1nicos a la v\u00e1lvula, evitar la corrosi\u00f3n de la v\u00e1lvula por los sedimentos en la atm\u00f3sfera, sustancias qu\u00edmicas o gas h\u00famedo y el deterioro de su calidad. Los hilos, los cojinetes o los engranajes funcionan como la interfaz de trabajo y deben lubricarse peri\u00f3dicamente.<\/p>\r\n\r\n\r\n\r\n<h2 class=\"wp-block-heading\">\u00bfC\u00f3mo funciona una v\u00e1lvula de mariposa el\u00e9ctrica?<\/h2>\r\n\r\n\r\n\r\n<p>Una v\u00e1lvula de mariposa es una v\u00e1lvula utilizada para la regulaci\u00f3n del flujo en tuber\u00edas de grandes di\u00e1metros en las que el disco toma la forma de un disco. El funcionamiento es similar al de una v\u00e1lvula de bola. Se coloca una placa o disco en el centro de la tuber\u00eda. El disco tiene una varilla que lo atraviesa y que est\u00e1 conectada a un actuador en el exterior de la v\u00e1lvula. Al girar el actuador, el disco gira paralelo o perpendicular al flujo. A diferencia de una v\u00e1lvula de bola, el disco siempre est\u00e1 presente dentro del flujo, por lo que siempre se induce una ca\u00edda de presi\u00f3n en el flujo, independientemente de la posici\u00f3n de la v\u00e1lvula.<\/p>\r\n\r\n\r\n\r\n<p>Un actuador de v\u00e1lvula de mariposa controla el flujo de gas o l\u00edquido mediante un disco, que gira sobre un eje diametral dentro de una tuber\u00eda o mediante dos placas semicirculares articuladas sobre un eje com\u00fan, que permite el flujo en una sola direcci\u00f3n. Estas v\u00e1lvulas de mariposa accionadas ofrecen un movimiento de v\u00e1stago giratorio de 90 grados o menos, en un dise\u00f1o compacto. A diferencia de las v\u00e1lvulas de bola, las v\u00e1lvulas de mariposa no tienen bolsas en las que los fluidos puedan quedar atrapados cuando la v\u00e1lvula est\u00e1 cerrada.<\/p>\r\n\r\n\r\n\r\n<h2 class=\"wp-block-heading\" id=\"h-features-of-electric-actuated-butterfly-valve\">Caracter\u00edsticas de la v\u00e1lvula de mariposa accionada el\u00e9ctricamente<\/h2>\r\n\r\n\r\n\r\n<ul class=\"wp-block-list\">\r\n<li>En caso de que no haya una solicitud especial, la v\u00e1lvula de mariposa el\u00e9ctrica ZECO generalmente est\u00e1 equipada con un actuador el\u00e9ctrico AUMA alem\u00e1n. Para usarla durante un largo tiempo en la tuber\u00eda, ZECO no usar\u00eda el precio para cambiar la calidad, nuestro objetivo es permitir al usuario seleccionar ZECO porque la calidad y confiabilidad del producto ZECO puede usarse durante mucho tiempo para el usuario en el uso a largo plazo de reducir los costos de mantenimiento de la tuber\u00eda, en lugar de un precio bajo;<\/li>\r\n<li>La v\u00e1lvula de mariposa el\u00e9ctrica ZECO adopta un asiento de v\u00e1lvula sellado duro. La superficie del asiento de la v\u00e1lvula sellada duramente se puede soldar para evitar que la v\u00e1lvula no pueda sellarse debido a da\u00f1os en el asiento de la v\u00e1lvula y la superficie de sellado causados por medios abrasivos fuertes;<\/li>\r\n<li>El v\u00e1stago de la v\u00e1lvula de mariposa el\u00e9ctrica ZECO est\u00e1 dise\u00f1ado con sistema anti-soplado, evitando que el v\u00e1stago se salga en el momento del mantenimiento;<\/li>\r\n<li>El material de la v\u00e1lvula de mariposa el\u00e9ctrica ZECO se produce de acuerdo con las normas internacionales;<\/li>\r\n<li>Ahorro en mano de obra;<\/li>\r\n<li>Seguridad de la planta;<\/li>\r\n<li>Garant\u00eda de calidad del producto;<\/li>\r\n<li>Secuenciaci\u00f3n autom\u00e1tica.<\/li>\r\n<\/ul>\r\n\r\n\r\n\r\n<h2 class=\"wp-block-heading\" id=\"h-material-of-butterfly-valve-with-electric-actuator\">Material de la v\u00e1lvula de mariposa con actuador el\u00e9ctrico<\/h2>\r\n\r\n\r\n\r\n<figure class=\"wp-block-table\">\r\n<table>\r\n<tbody>\r\n<tr>\r\n<td>No<\/td>\r\n<td>Pieza<\/td>\r\n<td>Material<\/td>\r\n<\/tr>\r\n<tr>\r\n<td>1<\/td>\r\n<td>Cuerpo<\/td>\r\n<td>ASTM A216 WCB + 13Cr<\/td>\r\n<\/tr>\r\n<tr>\r\n<td>2<\/td>\r\n<td>Anillo de sello<\/td>\r\n<td>Grafito + SS304<\/td>\r\n<\/tr>\r\n<tr>\r\n<td>3<\/td>\r\n<td>Brida de retenci\u00f3n<\/td>\r\n<td>ASTM A105<\/td>\r\n<\/tr>\r\n<tr>\r\n<td>4<\/td>\r\n<td>Pin<\/td>\r\n<td>ASTM A276 410<\/td>\r\n<\/tr>\r\n<tr>\r\n<td>5<\/td>\r\n<td>Disco<\/td>\r\n<td>ASTM A216 WCB<\/td>\r\n<\/tr>\r\n<tr>\r\n<td>6<\/td>\r\n<td>V\u00e1stago<\/td>\r\n<td>ASTM A276 410<\/td>\r\n<\/tr>\r\n<tr>\r\n<td>7<\/td>\r\n<td>Empaquetadura de v\u00e1stago<\/td>\r\n<td>Grafito<\/td>\r\n<\/tr>\r\n<tr>\r\n<td>8<\/td>\r\n<td>Golpe de tallo<\/td>\r\n<td>SS304 + PTFE<\/td>\r\n<\/tr>\r\n<tr>\r\n<td>9<\/td>\r\n<td>Perno<\/td>\r\n<td>ASTM A193 B7<\/td>\r\n<\/tr>\r\n<tr>\r\n<td>10<\/td>\r\n<td>Tuerca<\/td>\r\n<td>ASTM A194 2H<\/td>\r\n<\/tr>\r\n<tr>\r\n<td>11<\/td>\r\n<td>Yugo<\/td>\r\n<td>ASTM A216 WCB<\/td>\r\n<\/tr>\r\n<\/tbody>\r\n<\/table>\r\n<\/figure>","protected":false},"excerpt":{"rendered":"<p>Las v\u00e1lvulas de mariposa suelen estar automatizadas con actuadores neum\u00e1ticos o el\u00e9ctricos. Un actuador es un dispositivo mec\u00e1nico para mover o controlar un mecanismo... <a title=\"V\u00e1lvula de mariposa el\u00e9ctrica\" class=\"read-more\" href=\"https:\/\/zecovalve.com\/es\/producto\/electric-butterfly-valve\" aria-label=\"M\u00e1s en V\u00e1lvula de Mariposa El\u00e9ctrica\">Leer m\u00e1s<\/a><\/p>","protected":false},"featured_media":16210,"comment_status":"closed","ping_status":"closed","template":"","meta":{"_generate-full-width-content":"","kt_blocks_editor_width":""},"product_cat":[2044,2468,2604],"product_tag":[2766,2727],"class_list":["post-16209","product","type-product","status-publish","has-post-thumbnail","hentry","product_cat-butterfly-valve","product_cat-butterfly-valve-by-drive-mode","product_cat-triple-offset-butterfly-valve","product_tag-motorised-valve","product_tag-motorized-valve","sales-flash-overlay","woocommerce-text-align-center","woocommerce-image-align-center","do-quantity-buttons"],"featured_image_src_large":["https:\/\/zecovalve.com\/wp-content\/uploads\/2022\/06\/electric-butterfly-valve.jpg",800,600,false],"author_info":[],"comment_info":0,"taxonomy_info":{"product_cat":[{"value":2044,"label":"Butterfly Valve"},{"value":2468,"label":"Butterfly Valve By Drive Mode"},{"value":2604,"label":"Triple Offset Butterfly Valve"}],"product_tag":[{"value":2766,"label":"Motorised Valve"},{"value":2727,"label":"Motorized Valve"}]},"yoast_head":"<!-- This site is optimized with the Yoast SEO Premium plugin v15.4 - https:\/\/yoast.com\/wordpress\/plugins\/seo\/ -->\n<title>Electric Butterfly Valve - Electric Actuated Butterfly Valve | ZECO Valve<\/title>\n<meta name=\"robots\" content=\"index, follow, max-snippet:-1, max-image-preview:large, max-video-preview:-1\" \/>\n<link rel=\"canonical\" href=\"https:\/\/zecovalve.com\/es\/producto\/electric-butterfly-valve\" \/>\n<meta property=\"og:locale\" content=\"es_ES\" \/>\n<meta property=\"og:type\" content=\"article\" \/>\n<meta property=\"og:title\" content=\"Electric Butterfly Valve - Electric Actuated Butterfly Valve | ZECO Valve\" \/>\n<meta property=\"og:description\" content=\"Butterfly valves are often automated with pneumatic or electric actuators. An actuator is a mechanical device for moving or controlling a mechanism ... Leer m\u00e1s\" \/>\n<meta property=\"og:url\" content=\"https:\/\/zecovalve.com\/es\/producto\/electric-butterfly-valve\" \/>\n<meta property=\"og:site_name\" content=\"ZECO Valve\" \/>\n<meta property=\"article:modified_time\" content=\"2022-09-01T00:50:44+00:00\" \/>\n<meta property=\"og:image\" content=\"https:\/\/zecovalve.com\/wp-content\/uploads\/2022\/06\/electric-butterfly-valve.jpg\" \/>\n\t<meta property=\"og:image:width\" content=\"800\" \/>\n\t<meta property=\"og:image:height\" content=\"600\" \/>\n<meta name=\"twitter:card\" content=\"summary_large_image\" \/>\n<meta name=\"twitter:label1\" content=\"Escrito por\">\n\t<meta name=\"twitter:data1\" content=\"Jerry\">\n\t<meta name=\"twitter:label2\" content=\"Tiempo de lectura\">\n\t<meta name=\"twitter:data2\" content=\"3 minutos\">\n<script type=\"application\/ld+json\" class=\"yoast-schema-graph\">{\"@context\":\"https:\/\/schema.org\",\"@graph\":[{\"@type\":\"WebSite\",\"@id\":\"https:\/\/zecovalve.com\/#website\",\"url\":\"https:\/\/zecovalve.com\/\",\"name\":\"ZECO Valve\",\"description\":\"Industrial Ball Valve, Gate Valve and Globe Valve Manufacturer\",\"potentialAction\":[{\"@type\":\"SearchAction\",\"target\":\"https:\/\/zecovalve.com\/?s={search_term_string}\",\"query-input\":\"required name=search_term_string\"}],\"inLanguage\":\"es\"},{\"@type\":\"ImageObject\",\"@id\":\"https:\/\/zecovalve.com\/product\/electric-butterfly-valve#primaryimage\",\"inLanguage\":\"es\",\"url\":\"https:\/\/zecovalve.com\/wp-content\/uploads\/2022\/06\/electric-butterfly-valve.jpg\",\"width\":800,\"height\":600,\"caption\":\"Electric Butterfly Valve\"},{\"@type\":\"WebPage\",\"@id\":\"https:\/\/zecovalve.com\/product\/electric-butterfly-valve#webpage\",\"url\":\"https:\/\/zecovalve.com\/product\/electric-butterfly-valve\",\"name\":\"Electric Butterfly Valve - Electric Actuated Butterfly Valve | ZECO Valve\",\"isPartOf\":{\"@id\":\"https:\/\/zecovalve.com\/#website\"},\"primaryImageOfPage\":{\"@id\":\"https:\/\/zecovalve.com\/product\/electric-butterfly-valve#primaryimage\"},\"datePublished\":\"2022-06-19T16:01:25+00:00\",\"dateModified\":\"2022-09-01T00:50:44+00:00\",\"breadcrumb\":{\"@id\":\"https:\/\/zecovalve.com\/product\/electric-butterfly-valve#breadcrumb\"},\"inLanguage\":\"es\",\"potentialAction\":[{\"@type\":\"ReadAction\",\"target\":[\"https:\/\/zecovalve.com\/product\/electric-butterfly-valve\"]}]},{\"@type\":\"BreadcrumbList\",\"@id\":\"https:\/\/zecovalve.com\/product\/electric-butterfly-valve#breadcrumb\",\"itemListElement\":[{\"@type\":\"ListItem\",\"position\":1,\"item\":{\"@type\":\"WebPage\",\"@id\":\"https:\/\/zecovalve.com\/\",\"url\":\"https:\/\/zecovalve.com\/\",\"name\":\"Home\"}},{\"@type\":\"ListItem\",\"position\":2,\"item\":{\"@type\":\"WebPage\",\"@id\":\"https:\/\/zecovalve.com\/product-category\",\"url\":\"https:\/\/zecovalve.com\/product-category\",\"name\":\"Industrial Valve Manufacturer | Water Valve Manufacturer\"}},{\"@type\":\"ListItem\",\"position\":3,\"item\":{\"@type\":\"WebPage\",\"@id\":\"https:\/\/zecovalve.com\/product\/electric-butterfly-valve\",\"url\":\"https:\/\/zecovalve.com\/product\/electric-butterfly-valve\",\"name\":\"Electric Butterfly Valve\"}}]}]}<\/script>\n<!-- \/ Yoast SEO Premium plugin. -->","_links":{"self":[{"href":"https:\/\/zecovalve.com\/es\/wp-json\/wp\/v2\/product\/16209","targetHints":{"allow":["GET"]}}],"collection":[{"href":"https:\/\/zecovalve.com\/es\/wp-json\/wp\/v2\/product"}],"about":[{"href":"https:\/\/zecovalve.com\/es\/wp-json\/wp\/v2\/types\/product"}],"replies":[{"embeddable":true,"href":"https:\/\/zecovalve.com\/es\/wp-json\/wp\/v2\/comments?post=16209"}],"wp:featuredmedia":[{"embeddable":true,"href":"https:\/\/zecovalve.com\/es\/wp-json\/wp\/v2\/media\/16210"}],"wp:attachment":[{"href":"https:\/\/zecovalve.com\/es\/wp-json\/wp\/v2\/media?parent=16209"}],"wp:term":[{"taxonomy":"product_cat","embeddable":true,"href":"https:\/\/zecovalve.com\/es\/wp-json\/wp\/v2\/product_cat?post=16209"},{"taxonomy":"product_tag","embeddable":true,"href":"https:\/\/zecovalve.com\/es\/wp-json\/wp\/v2\/product_tag?post=16209"}],"curies":[{"name":"wp","href":"https:\/\/api.w.org\/{rel}","templated":true}]}}