{"id":16241,"date":"2022-06-20T09:01:32","date_gmt":"2022-06-20T09:01:32","guid":{"rendered":"https:\/\/zecovalve.com\/?post_type=product&#038;p=16241"},"modified":"2022-07-23T13:33:54","modified_gmt":"2022-07-23T13:33:54","slug":"cryogenic-butterfly-valve","status":"publish","type":"product","link":"https:\/\/zecovalve.com\/es\/producto\/cryogenic-butterfly-valve","title":{"rendered":"V\u00e1lvula de mariposa criog\u00e9nica"},"content":{"rendered":"ZECO Valve ofrece una serie de v\u00e1lvulas criog\u00e9nicas de alta calidad contrastada, como lo demuestra la evidencia t\u00e9cnica. Ofrecemos v\u00e1lvulas de compuerta, globo, retenci\u00f3n, mariposa y bola de acero inoxidable y acero al carbono fundido para el procesamiento, almacenamiento, env\u00edo y distribuci\u00f3n de fluidos criog\u00e9nicos hasta -196 \u2103.\r\n\r\n\r\n\r\n\r\n<figure class=\"wp-block-image alignnone size-medium wp-image-16242\"><img loading=\"lazy\" decoding=\"async\" width=\"300\" height=\"225\" class=\"wp-image-16242\" src=\"https:\/\/zecovalve.com\/wp-content\/uploads\/2022\/06\/cryogenic-butterfly-valve-300x225.jpg\" alt=\"V\u00e1lvula de mariposa criog\u00e9nica\" srcset=\"https:\/\/zecovalve.com\/wp-content\/uploads\/2022\/06\/cryogenic-butterfly-valve-300x225.jpg 300w, https:\/\/zecovalve.com\/wp-content\/uploads\/2022\/06\/cryogenic-butterfly-valve-768x576.jpg 768w, https:\/\/zecovalve.com\/wp-content\/uploads\/2022\/06\/cryogenic-butterfly-valve-600x450.jpg 600w, https:\/\/zecovalve.com\/wp-content\/uploads\/2022\/06\/cryogenic-butterfly-valve.jpg 800w\" sizes=\"auto, (max-width: 300px) 100vw, 300px\" \/><\/figure>\r\n\r\n\r\n<div class=\"gb-button-wrapper gb-button-wrapper-6d8495a3\">\r\n\r\n<a class=\"gb-button gb-button-3d442e11 gb-button-text\" href=\"https:\/\/zecovalve.com\/es\/contact\/\" target=\"_blank\" rel=\"noopener noreferrer\"><strong>OBTENER PRECIO DE V\u00c1LVULA DE MARIPOSA CRIOG\u00c9NICA<\/strong><\/a>\r\n\r\n<\/div>\r\n\r\n\r\n\r\n\r\n<h2 class=\"wp-block-heading\" id=\"h-what-is-a-cryogenic-butterfly-valve\">\u00bfQu\u00e9 es una v\u00e1lvula de mariposa criog\u00e9nica?<\/h2>\r\n\r\n\r\n\r\n\r\nLa v\u00e1lvula de mariposa ZECO para servicio criog\u00e9nico est\u00e1 dise\u00f1ada para servicio de estrangulaci\u00f3n y cierre herm\u00e9tico. El movimiento del disco tiene triple desplazamiento. Esto elimina los puntos de desgaste concentrados en el anillo de sellado y prolonga su vida \u00fatil. Los patrones de cuerpo est\u00e1ndar son del tipo bridado y soldado a tope. El tipo soldado a tope tiene un cuerpo extendido para evitar la conducci\u00f3n de calor al \u00e1rea de sellado durante la instalaci\u00f3n de la soldadura. Una puerta de inspecci\u00f3n en la parte superior del cuerpo permite una f\u00e1cil inspecci\u00f3n, mantenimiento y reemplazo de las piezas internas sin necesidad de quitar la v\u00e1lvula o cortar la tuber\u00eda. Para evitar tensiones internas en el cap\u00f3 durante el per\u00edodo de enfriamiento, todas las juntas del cap\u00f3 est\u00e1n atornilladas. Este cap\u00f3 se extiende para garantizar que el \u00e1rea del casquillo permanezca libre de congelaci\u00f3n incluso en temperaturas de hasta -196 \u02daC. La v\u00e1lvula se puede instalar con el eje en cualquier direcci\u00f3n. La perforaci\u00f3n de la brida superior cumple con las normas ISO 5211 para adaptarse a una amplia gama de engranajes y actuadores.\r\n\r\n\r\n\r\n\r\n<h2 class=\"wp-block-heading\">Gama de productos de v\u00e1lvula de mariposa criog\u00e9nica<\/h2>\r\n\r\n\r\n\r\n<ul class=\"wp-block-list\">\r\n \t<li>V\u00e1lvula de mariposa para Servicio Criog\u00e9nico (-196 a ~ +100 grados C)<\/li>\r\n \t<li>Clasificaci\u00f3n de presi\u00f3n: Vac\u00edo hasta 75 bar (CL 300)<\/li>\r\n \t<li>Tama\u00f1o: 100 mm (4 pulgadas) hasta 600 mm (24 pulgadas)<\/li>\r\n \t<li>Dise\u00f1o bidireccional. Presi\u00f3n de trabajo 10barg<\/li>\r\n \t<li>Con extremos para soldar a tope o con bridas<\/li>\r\n \t<li>Con acceso de inspecci\u00f3n\/mantenimiento (entrada lateral)<\/li>\r\n \t<li>Eje de doble desplazamiento (para el tipo con asiento met\u00e1lico de triple desplazamiento, consulte la p\u00e1gina 9)<\/li>\r\n \t<li>Eje macizo de doble pieza.<\/li>\r\n \t<li>La v\u00e1lvula se puede instalar en cualquier orientaci\u00f3n.<\/li>\r\n \t<li>Cumplimiento de est\u00e1ndares: BS 6364 V\u00e1lvulas para servicio criog\u00e9nico<\/li>\r\n \t<li>Fire Safe aprobado de acuerdo con BS 6755<\/li>\r\n \t<li>Cap\u00f3\/eje extendido para un acceso seguro<\/li>\r\n<\/ul>\r\n\r\n\r\n\r\n<h2 class=\"wp-block-heading\">Aplicaciones de la v\u00e1lvula de mariposa criog\u00e9nica<\/h2>\r\n\r\n\r\n\r\n\r\nLas aplicaciones m\u00e1s t\u00edpicas de las v\u00e1lvulas criog\u00e9nicas son gas natural, terminales receptoras de GNL, trenes de GNL, almacenamiento de GNL, buques metaneros, etc. Los productos ZECO tambi\u00e9n se utilizan en un amplio espectro de industrias, por ejemplo, centrales qu\u00edmicas y petroqu\u00edmicas, nucleares y convencionales. , en alta mar y ampliamente en la industria del gas industrial.\r\n\r\n\r\n\r\n\r\n<h2 class=\"wp-block-heading\" id=\"h-features-of-cryogenic-butterfly-valve\">Caracter\u00edsticas de la v\u00e1lvula de mariposa criog\u00e9nica:<\/h2>\r\n\r\n\r\n\r\n<ul class=\"wp-block-list\">\r\n \t<li>Criog\u00e9nico por dise\u00f1o\r\n<ul>\r\n \t<li>Las v\u00e1lvulas de mariposa criog\u00e9nicas est\u00e1n dise\u00f1adas espec\u00edficamente para servicios de temperatura de l\u00ednea bajo cero. Estas v\u00e1lvulas manejan fluidos criog\u00e9nicos de manera eficiente y confiable con requisitos m\u00ednimos de mantenimiento.<\/li>\r\n<\/ul>\r\n<\/li>\r\n \t<li>Compacto para un mejor control de la temperatura\r\n<ul>\r\n \t<li>El tama\u00f1o compacto de las v\u00e1lvulas estilo wafer y lug permite tiempos m\u00ednimos de estabilizaci\u00f3n de temperatura en el calentamiento o enfriamiento de la l\u00ednea.<\/li>\r\n<\/ul>\r\n<\/li>\r\n \t<li>Flexibilidad de aplicaci\u00f3n\r\n<ul>\r\n \t<li>Los materiales de construcci\u00f3n de acero inoxidable proporcionan m\u00e1xima flexibilidad de servicio y aplicaciones de medios.<\/li>\r\n<\/ul>\r\n<\/li>\r\n \t<li>Dise\u00f1ado para accionamiento y f\u00e1cil ajuste.\r\n<ul>\r\n \t<li>Las extensiones de eje y casquete soldadas integralmente permiten montar los actuadores de v\u00e1lvula muy por encima del aislamiento de la tuber\u00eda y permiten un f\u00e1cil ajuste de la presi\u00f3n del prensaestopas del v\u00e1stago.<\/li>\r\n<\/ul>\r\n<\/li>\r\n<\/ul>\r\n\r\n\r\n\r\n<h2 class=\"wp-block-heading\" id=\"h-material-of-cryogenic-butterfly-valve\">Material de la v\u00e1lvula de mariposa criog\u00e9nica<\/h2>\r\n\r\n\r\n\r\n<figure class=\"wp-block-table\">\r\n<table>\r\n<tbody>\r\n<tr>\r\n<td>No<\/td>\r\n<td>Pieza<\/td>\r\n<td>Material<\/td>\r\n<\/tr>\r\n<tr>\r\n<td>1<\/td>\r\n<td>Cuerpo<\/td>\r\n<td>ASTM A351 CF3M<\/td>\r\n<\/tr>\r\n<tr>\r\n<td>2<\/td>\r\n<td>Anillo de sello<\/td>\r\n<td>Grafito + SS316L<\/td>\r\n<\/tr>\r\n<tr>\r\n<td>3<\/td>\r\n<td>Brida de retenci\u00f3n<\/td>\r\n<td>ASTM A182 F316L<\/td>\r\n<\/tr>\r\n<tr>\r\n<td>4<\/td>\r\n<td>Pin<\/td>\r\n<td>ASTM A276 316L<\/td>\r\n<\/tr>\r\n<tr>\r\n<td>5<\/td>\r\n<td>Disco<\/td>\r\n<td>ASTM A351 CF3M<\/td>\r\n<\/tr>\r\n<tr>\r\n<td>6<\/td>\r\n<td>V\u00e1stago<\/td>\r\n<td>ASTM A276 316L<\/td>\r\n<\/tr>\r\n<tr>\r\n<td>7<\/td>\r\n<td>Empaquetadura de v\u00e1stago<\/td>\r\n<td>Grafito<\/td>\r\n<\/tr>\r\n<tr>\r\n<td>8<\/td>\r\n<td>Golpe de tallo<\/td>\r\n<td>SS316L + R.TFE<\/td>\r\n<\/tr>\r\n<tr>\r\n<td>9<\/td>\r\n<td>Perno<\/td>\r\n<td>ASTM A193 B8M<\/td>\r\n<\/tr>\r\n<tr>\r\n<td>10<\/td>\r\n<td>Tuerca<\/td>\r\n<td>ASTM A194 8M<\/td>\r\n<\/tr>\r\n<tr>\r\n<td>11<\/td>\r\n<td>Yugo<\/td>\r\n<td>ASTM A351 CF3M<\/td>\r\n<\/tr>\r\n<\/tbody>\r\n<\/table>\r\n<\/figure>","protected":false},"excerpt":{"rendered":"<p>ZECO Valve ofrece una serie de v\u00e1lvulas criog\u00e9nicas de alta calidad contrastada, como lo demuestra la evidencia t\u00e9cnica. Ofrecemos acero inoxidable y\u2026 <a title=\"V\u00e1lvula de mariposa criog\u00e9nica\" class=\"read-more\" href=\"https:\/\/zecovalve.com\/es\/producto\/cryogenic-butterfly-valve\" aria-label=\"M\u00e1s en V\u00e1lvula de mariposa criog\u00e9nica\">Leer m\u00e1s<\/a><\/p>","protected":false},"featured_media":16242,"comment_status":"closed","ping_status":"closed","template":"","meta":{"_generate-full-width-content":"","kt_blocks_editor_width":""},"product_cat":[2044,2469,2604],"product_tag":[],"class_list":["post-16241","product","type-product","status-publish","has-post-thumbnail","hentry","product_cat-butterfly-valve","product_cat-butterfly-valve-by-material","product_cat-triple-offset-butterfly-valve","sales-flash-overlay","woocommerce-text-align-center","woocommerce-image-align-center","do-quantity-buttons"],"featured_image_src_large":["https:\/\/zecovalve.com\/wp-content\/uploads\/2022\/06\/cryogenic-butterfly-valve.jpg",800,600,false],"author_info":[],"comment_info":0,"taxonomy_info":{"product_cat":[{"value":2044,"label":"Butterfly Valve"},{"value":2469,"label":"Butterfly Valve By Material"},{"value":2604,"label":"Triple Offset Butterfly Valve"}]},"yoast_head":"<!-- This site is optimized with the Yoast SEO Premium plugin v15.4 - https:\/\/yoast.com\/wordpress\/plugins\/seo\/ -->\n<title>Cryogenic Butterfly Valve - Cryogenic Valve Manufacturer | ZECO Valve<\/title>\n<meta name=\"robots\" content=\"index, follow, max-snippet:-1, max-image-preview:large, max-video-preview:-1\" \/>\n<link rel=\"canonical\" href=\"https:\/\/zecovalve.com\/es\/producto\/cryogenic-butterfly-valve\" \/>\n<meta property=\"og:locale\" content=\"es_ES\" \/>\n<meta property=\"og:type\" content=\"article\" \/>\n<meta property=\"og:title\" content=\"Cryogenic Butterfly Valve - Cryogenic Valve Manufacturer | ZECO Valve\" \/>\n<meta property=\"og:description\" content=\"ZECO Valve offers a series of cryogenic valves of proven high quality, as demonstrated by technical evidence. We offer stainless steel and ... Leer m\u00e1s\" \/>\n<meta property=\"og:url\" content=\"https:\/\/zecovalve.com\/es\/producto\/cryogenic-butterfly-valve\" \/>\n<meta property=\"og:site_name\" content=\"ZECO Valve\" \/>\n<meta property=\"article:modified_time\" content=\"2022-07-23T13:33:54+00:00\" \/>\n<meta property=\"og:image\" content=\"https:\/\/zecovalve.com\/wp-content\/uploads\/2022\/06\/cryogenic-butterfly-valve.jpg\" \/>\n\t<meta property=\"og:image:width\" content=\"800\" \/>\n\t<meta property=\"og:image:height\" content=\"600\" \/>\n<meta name=\"twitter:card\" content=\"summary_large_image\" \/>\n<meta name=\"twitter:label1\" content=\"Escrito por\">\n\t<meta name=\"twitter:data1\" content=\"Jerry\">\n\t<meta name=\"twitter:label2\" content=\"Tiempo de lectura\">\n\t<meta name=\"twitter:data2\" content=\"2 minutos\">\n<script type=\"application\/ld+json\" class=\"yoast-schema-graph\">{\"@context\":\"https:\/\/schema.org\",\"@graph\":[{\"@type\":\"WebSite\",\"@id\":\"https:\/\/zecovalve.com\/#website\",\"url\":\"https:\/\/zecovalve.com\/\",\"name\":\"ZECO Valve\",\"description\":\"Industrial Ball Valve, Gate Valve and Globe Valve Manufacturer\",\"potentialAction\":[{\"@type\":\"SearchAction\",\"target\":\"https:\/\/zecovalve.com\/?s={search_term_string}\",\"query-input\":\"required name=search_term_string\"}],\"inLanguage\":\"es\"},{\"@type\":\"ImageObject\",\"@id\":\"https:\/\/zecovalve.com\/product\/cryogenic-butterfly-valve#primaryimage\",\"inLanguage\":\"es\",\"url\":\"https:\/\/zecovalve.com\/wp-content\/uploads\/2022\/06\/cryogenic-butterfly-valve.jpg\",\"width\":800,\"height\":600,\"caption\":\"Cryogenic Butterfly Valve\"},{\"@type\":\"WebPage\",\"@id\":\"https:\/\/zecovalve.com\/product\/cryogenic-butterfly-valve#webpage\",\"url\":\"https:\/\/zecovalve.com\/product\/cryogenic-butterfly-valve\",\"name\":\"Cryogenic Butterfly Valve - Cryogenic Valve Manufacturer | ZECO Valve\",\"isPartOf\":{\"@id\":\"https:\/\/zecovalve.com\/#website\"},\"primaryImageOfPage\":{\"@id\":\"https:\/\/zecovalve.com\/product\/cryogenic-butterfly-valve#primaryimage\"},\"datePublished\":\"2022-06-20T09:01:32+00:00\",\"dateModified\":\"2022-07-23T13:33:54+00:00\",\"breadcrumb\":{\"@id\":\"https:\/\/zecovalve.com\/product\/cryogenic-butterfly-valve#breadcrumb\"},\"inLanguage\":\"es\",\"potentialAction\":[{\"@type\":\"ReadAction\",\"target\":[\"https:\/\/zecovalve.com\/product\/cryogenic-butterfly-valve\"]}]},{\"@type\":\"BreadcrumbList\",\"@id\":\"https:\/\/zecovalve.com\/product\/cryogenic-butterfly-valve#breadcrumb\",\"itemListElement\":[{\"@type\":\"ListItem\",\"position\":1,\"item\":{\"@type\":\"WebPage\",\"@id\":\"https:\/\/zecovalve.com\/\",\"url\":\"https:\/\/zecovalve.com\/\",\"name\":\"Home\"}},{\"@type\":\"ListItem\",\"position\":2,\"item\":{\"@type\":\"WebPage\",\"@id\":\"https:\/\/zecovalve.com\/product-category\",\"url\":\"https:\/\/zecovalve.com\/product-category\",\"name\":\"Industrial Valve Manufacturer | Water Valve Manufacturer\"}},{\"@type\":\"ListItem\",\"position\":3,\"item\":{\"@type\":\"WebPage\",\"@id\":\"https:\/\/zecovalve.com\/product\/cryogenic-butterfly-valve\",\"url\":\"https:\/\/zecovalve.com\/product\/cryogenic-butterfly-valve\",\"name\":\"Cryogenic Butterfly Valve\"}}]}]}<\/script>\n<!-- \/ Yoast SEO Premium plugin. -->","_links":{"self":[{"href":"https:\/\/zecovalve.com\/es\/wp-json\/wp\/v2\/product\/16241","targetHints":{"allow":["GET"]}}],"collection":[{"href":"https:\/\/zecovalve.com\/es\/wp-json\/wp\/v2\/product"}],"about":[{"href":"https:\/\/zecovalve.com\/es\/wp-json\/wp\/v2\/types\/product"}],"replies":[{"embeddable":true,"href":"https:\/\/zecovalve.com\/es\/wp-json\/wp\/v2\/comments?post=16241"}],"wp:featuredmedia":[{"embeddable":true,"href":"https:\/\/zecovalve.com\/es\/wp-json\/wp\/v2\/media\/16242"}],"wp:attachment":[{"href":"https:\/\/zecovalve.com\/es\/wp-json\/wp\/v2\/media?parent=16241"}],"wp:term":[{"taxonomy":"product_cat","embeddable":true,"href":"https:\/\/zecovalve.com\/es\/wp-json\/wp\/v2\/product_cat?post=16241"},{"taxonomy":"product_tag","embeddable":true,"href":"https:\/\/zecovalve.com\/es\/wp-json\/wp\/v2\/product_tag?post=16241"}],"curies":[{"name":"wp","href":"https:\/\/api.w.org\/{rel}","templated":true}]}}