{"id":16245,"date":"2022-06-20T09:04:23","date_gmt":"2022-06-20T09:04:23","guid":{"rendered":"https:\/\/zecovalve.com\/?post_type=product&#038;p=16245"},"modified":"2022-09-01T00:56:22","modified_gmt":"2022-09-01T00:56:22","slug":"motorized-butterfly-valve","status":"publish","type":"product","link":"https:\/\/zecovalve.com\/es\/producto\/motorized-butterfly-valve","title":{"rendered":"V\u00e1lvula de mariposa motorizada"},"content":{"rendered":"<p>La v\u00e1lvula de mariposa accionada el\u00e9ctricamente se utiliza para el control de apertura y cierre de agua y otros medios compatibles con los materiales de construcci\u00f3n.<\/p>\r\n\r\n\r\n\r\n<figure class=\"wp-block-image alignnone size-medium wp-image-16246\"><img loading=\"lazy\" decoding=\"async\" width=\"300\" height=\"225\" class=\"wp-image-16246\" src=\"https:\/\/zecovalve.com\/wp-content\/uploads\/2022\/06\/motorized-butterfly-valve-300x225.jpg\" alt=\"V\u00e1lvula de mariposa motorizada\" srcset=\"https:\/\/zecovalve.com\/wp-content\/uploads\/2022\/06\/motorized-butterfly-valve-300x225.jpg 300w, https:\/\/zecovalve.com\/wp-content\/uploads\/2022\/06\/motorized-butterfly-valve-768x576.jpg 768w, https:\/\/zecovalve.com\/wp-content\/uploads\/2022\/06\/motorized-butterfly-valve-600x450.jpg 600w, https:\/\/zecovalve.com\/wp-content\/uploads\/2022\/06\/motorized-butterfly-valve.jpg 800w\" sizes=\"auto, (max-width: 300px) 100vw, 300px\" \/><\/figure>\r\n\r\n\r\n<div class=\"gb-button-wrapper gb-button-wrapper-6d8495a3\">\r\n\r\n\r\n<p><a class=\"gb-button gb-button-3d442e11 gb-button-text\" href=\"mailto:commercial@zecovalve.com\" target=\"_blank\" rel=\"noopener noreferrer\"><strong>OBTENER PRECIO DE V\u00c1LVULA DE MARIPOSA MOTORIZADA<\/strong><\/a><\/p>\r\n<\/div>\r\n\r\n\r\n\r\n\r\n<h2 class=\"wp-block-heading\" id=\"h-what-is-a-motorized-butterfly-valve\">\u00bfQu\u00e9 es una v\u00e1lvula de mariposa motorizada?<\/h2>\r\n\r\n\r\n\r\n<p>Una v\u00e1lvula de mariposa motorizada es un tipo de v\u00e1lvula que se puede utilizar para aislar o regular el flujo. El mecanismo de cierre es el disco, que se encuentra en el centro del cuerpo de la v\u00e1lvula. El disco est\u00e1 conectado a una manija o actuador a trav\u00e9s del eje, que pasa desde el disco a trav\u00e9s de la parte superior del cuerpo de la v\u00e1lvula.<\/p>\r\n\r\n\r\n\r\n<p>La v\u00e1lvula de mariposa motorizada ZECO es adecuada para la regulaci\u00f3n de caudal. Debido a que los componentes del disco y del v\u00e1stago de la v\u00e1lvula de mariposa todav\u00eda tienen el problema de resistir el flujo del medio en la tuber\u00eda, la p\u00e9rdida de presi\u00f3n de la v\u00e1lvula de mariposa es a\u00fan mayor que la de la v\u00e1lvula de compuerta. Por lo tanto, se debe considerar la influencia de la p\u00e9rdida de presi\u00f3n al seleccionar una v\u00e1lvula de mariposa motorizada como v\u00e1lvula reguladora o de conmutaci\u00f3n. Pero la estructura de la longitud de la v\u00e1lvula de mariposa es corta, la altura total ser\u00e1 corta en comparaci\u00f3n con otras v\u00e1lvulas, al mismo tiempo, la velocidad de apertura mediante electricidad, engranaje o manija es m\u00e1s r\u00e1pida que muchas otras v\u00e1lvulas, al mismo tiempo tiene un buen control de flujo. caracter\u00edsticas, por lo que el uso de la gama de v\u00e1lvulas de mariposa motorizadas es muy amplio, generalmente ya que la regulaci\u00f3n de v\u00e1lvulas motorizadas y v\u00e1lvulas de conmutaci\u00f3n motorizadas se utiliza en petr\u00f3leo, industria qu\u00edmica, plantas de energ\u00eda, productos farmac\u00e9uticos, construcci\u00f3n naval, metalurgia y otras \u00e1reas industriales, al mismo tiempo como el sistema de tuber\u00edas de la v\u00e1lvula de corte, la v\u00e1lvula de control y la v\u00e1lvula de retenci\u00f3n. ZECO, como fabricante profesional de v\u00e1lvulas de mariposa motorizadas, generalmente utiliza v\u00e1lvulas de mariposa de triple exc\u00e9ntrica o doble exc\u00e9ntrica selladas con metal especialmente dise\u00f1adas como productos recomendados para usuarios en condiciones de trabajo especiales.<\/p>\r\n\r\n\r\n\r\n<h2 class=\"wp-block-heading\">\u00bfC\u00f3mo funciona una v\u00e1lvula de mariposa motorizada?<\/h2>\r\n\r\n\r\n\r\n<p>Una v\u00e1lvula de mariposa motorizada funciona cambiando la posici\u00f3n de un disco redondo que se encuentra dentro de una tuber\u00eda. El disco tiene el tama\u00f1o de la circunferencia de la tuber\u00eda, lo que le permite crear un sello confiable en los casos en que es necesario restringir o detener el flujo de los medios de proceso. Las v\u00e1lvulas de mariposa motorizadas est\u00e1n disponibles en una variedad de tama\u00f1os, por lo que cualquier f\u00e1brica podr\u00e1 pedir una que se ajuste y funcione espec\u00edficamente dentro de sus tuber\u00edas. Los rangos de tama\u00f1os m\u00e1s comunes para las v\u00e1lvulas de mariposa y sus discos est\u00e1n entre un par de pulgadas y un par de pies, aunque las aplicaciones industriales m\u00e1s grandes de esta v\u00e1lvula en particular pueden abarcar un poco m\u00e1s que esos rangos t\u00edpicos.<\/p>\r\n\r\n\r\n\r\n<p>Cuando el disco de una v\u00e1lvula de mariposa motorizada est\u00e1 en la posici\u00f3n cerrada, la tuber\u00eda se bloquea completamente y se detiene el flujo. El disco de la v\u00e1lvula est\u00e1 unido al eje de la v\u00e1lvula, que luego es controlado por un motor. Cuando este motor mueve la v\u00e1lvula a la posici\u00f3n abierta, el disco queda paralelo a la tuber\u00eda y los l\u00edquidos pueden fluir m\u00e1s all\u00e1 del disco en cualquier lado. Todav\u00eda hay una ca\u00edda en el volumen de flujo porque el disco en s\u00ed todav\u00eda est\u00e1 presente dentro de la tuber\u00eda. Sin embargo, se permite el paso del flujo. Si es necesario estrangular, controlar o regular el flujo seg\u00fan el volumen a medida que la producci\u00f3n necesita cambiar, el motor puede girar el disco a una posici\u00f3n en la que est\u00e9 parcialmente abierto. Si se necesita una cantidad variable de flujo volum\u00e9trico del medio de proceso para la producci\u00f3n, la v\u00e1lvula de mariposa motorizada puede ajustarse durante el proceso para suministrar cantidades adecuadas de l\u00edquido.<\/p>\r\n\r\n\r\n\r\n<h2 class=\"wp-block-heading\">Aplicaciones de la v\u00e1lvula de mariposa accionada el\u00e9ctricamente<\/h2>\r\n\r\n\r\n\r\n<p>Las v\u00e1lvulas de mariposa son v\u00e1lvulas de aislamiento utilizadas en redes de suministro de agua, en las interconexiones de redes, en f\u00e1bricas, en estaciones de bombeo, en redes generales y en redes de protecci\u00f3n contra incendios en sitios industriales.<\/p>\r\n\r\n\r\n\r\n<h2 class=\"wp-block-heading\" id=\"h-features-of-motorized-butterfly-valves\">Caracter\u00edsticas de las v\u00e1lvulas de mariposa motorizadas<\/h2>\r\n\r\n\r\n\r\n<ul class=\"wp-block-list\">\r\n<li>1. La plataforma de montaje de la v\u00e1lvula de mariposa motorizada ZECO est\u00e1 dise\u00f1ada seg\u00fan ISO 5211. Es f\u00e1cil para el usuario configurar el actuador el\u00e9ctrico est\u00e1ndar por s\u00ed mismo o directamente mediante la entrega del actuador el\u00e9ctrico completamente configurado de ZECO;<\/li>\r\n<li>2. El v\u00e1stago superior e inferior de la v\u00e1lvula de mariposa motorizada ZECO est\u00e1 dise\u00f1ado para evitar el estallido. Este dise\u00f1o evita el riesgo de explosi\u00f3n cuando se requiere mantenimiento;<\/li>\r\n<li>3. El sello de la v\u00e1lvula de mariposa motorizada ZECO est\u00e1 dise\u00f1ado para seguridad contra incendios. El sellado no es resistente y puede cumplir con los requisitos de prueba de fuego API 607;<\/li>\r\n<li>4. El par de torsi\u00f3n de la v\u00e1lvula de mariposa motorizada ZECO es bajo. Los usuarios pueden igualar una marcha m\u00e1s baja que el actuador el\u00e9ctrico convencional, ahorrando costos.<\/li>\r\n<li>La protecci\u00f3n contra sobrecarga mantiene la v\u00e1lvula y su proyecto seguros<\/li>\r\n<li>M\u00faltiples m\u00e9todos de control para elegir<\/li>\r\n<li>Clase de protecci\u00f3n resistente a la intemperie adecuada para uso en exteriores.<\/li>\r\n<li>Est\u00e1ndar de montaje ISO 5211 que podr\u00eda ser adecuado para todos los tipos de v\u00e1lvulas de mariposa.<\/li>\r\n<li>Disponible para ajustar el \u00e1ngulo de apertura\/cierre para facilitar el control del flujo<\/li>\r\n<li>Estricto control de calidad con ISO9001:2015 para garantizar una baja tasa de fallas del actuador<\/li>\r\n<li>Proporcione v\u00e1lvulas de mariposa tipo oblea\/con orejetas\/bridadas\/de triple abrazadera para cumplir con los requisitos de su tuber\u00eda.<\/li>\r\n<li>Gama de tama\u00f1os grande para elegir y que podr\u00eda satisfacer el tama\u00f1o de su tuber\u00eda.<\/li>\r\n<li>F\u00e1cil instalaci\u00f3n y f\u00e1cil mantenimiento. Larga vida \u00fatil.<\/li>\r\n<li>Todas las v\u00e1lvulas de mariposa han pasado la prueba de materiales. Respetuoso del medio ambiente.<\/li>\r\n<li>Alto flujo, peso ligero, m\u00faltiples tipos de conexi\u00f3n para elegir<\/li>\r\n<\/ul>\r\n\r\n\r\n\r\n<h2 class=\"wp-block-heading\" id=\"h-material-of-motorized-butterfly-valves\">Material de las v\u00e1lvulas de mariposa motorizadas<\/h2>\r\n\r\n\r\n\r\n<figure class=\"wp-block-table\">\r\n<table>\r\n<tbody>\r\n<tr>\r\n<td>No<\/td>\r\n<td>Pieza<\/td>\r\n<td>Material<\/td>\r\n<\/tr>\r\n<tr>\r\n<td>1<\/td>\r\n<td>Cuerpo<\/td>\r\n<td>ASTM A351 CF8M<\/td>\r\n<\/tr>\r\n<tr>\r\n<td>2<\/td>\r\n<td>Anillo de sello<\/td>\r\n<td>Grafito + SS316<\/td>\r\n<\/tr>\r\n<tr>\r\n<td>3<\/td>\r\n<td>Brida de retenci\u00f3n<\/td>\r\n<td>ASTM A182 F316<\/td>\r\n<\/tr>\r\n<tr>\r\n<td>4<\/td>\r\n<td>Pin<\/td>\r\n<td>ASTM A276 316<\/td>\r\n<\/tr>\r\n<tr>\r\n<td>5<\/td>\r\n<td>Disco<\/td>\r\n<td>ASTM A351 CF8M<\/td>\r\n<\/tr>\r\n<tr>\r\n<td>6<\/td>\r\n<td>V\u00e1stago<\/td>\r\n<td>ASTM A276 316<\/td>\r\n<\/tr>\r\n<tr>\r\n<td>7<\/td>\r\n<td>Empaquetadura de v\u00e1stago<\/td>\r\n<td>Grafito<\/td>\r\n<\/tr>\r\n<tr>\r\n<td>8<\/td>\r\n<td>Golpe de tallo<\/td>\r\n<td>SS316 + PTFE<\/td>\r\n<\/tr>\r\n<tr>\r\n<td>9<\/td>\r\n<td>Perno<\/td>\r\n<td>ASTM A193 B8M<\/td>\r\n<\/tr>\r\n<tr>\r\n<td>10<\/td>\r\n<td>Tuerca<\/td>\r\n<td>ASTM A194 8M<\/td>\r\n<\/tr>\r\n<tr>\r\n<td>11<\/td>\r\n<td>Yugo<\/td>\r\n<td>ASTM A216 WCB<\/td>\r\n<\/tr>\r\n<\/tbody>\r\n<\/table>\r\n<\/figure>","protected":false},"excerpt":{"rendered":"<p>La v\u00e1lvula de mariposa accionada el\u00e9ctricamente se utiliza para el control de apertura y cierre de agua y otros medios compatibles con los materiales de construcci\u00f3n. Qu\u00e9 \u2026 <a title=\"V\u00e1lvula de mariposa motorizada\" class=\"read-more\" href=\"https:\/\/zecovalve.com\/es\/producto\/motorized-butterfly-valve\" aria-label=\"M\u00e1s en V\u00e1lvula Mariposa Motorizada\">Leer m\u00e1s<\/a><\/p>","protected":false},"featured_media":16246,"comment_status":"closed","ping_status":"closed","template":"","meta":{"_generate-full-width-content":"","kt_blocks_editor_width":""},"product_cat":[2044,2468],"product_tag":[2806,2766,2727,2801],"class_list":["post-16245","product","type-product","status-publish","has-post-thumbnail","hentry","product_cat-butterfly-valve","product_cat-butterfly-valve-by-drive-mode","product_tag-butterfly-valve-wafer-type","product_tag-motorised-valve","product_tag-motorized-valve","product_tag-wafer-type-butterfly-valve","sales-flash-overlay","woocommerce-text-align-center","woocommerce-image-align-center","do-quantity-buttons"],"featured_image_src_large":["https:\/\/zecovalve.com\/wp-content\/uploads\/2022\/06\/motorized-butterfly-valve.jpg",800,600,false],"author_info":[],"comment_info":0,"taxonomy_info":{"product_cat":[{"value":2044,"label":"Butterfly Valve"},{"value":2468,"label":"Butterfly Valve By Drive Mode"}],"product_tag":[{"value":2806,"label":"Butterfly Valve Wafer Type"},{"value":2766,"label":"Motorised Valve"},{"value":2727,"label":"Motorized Valve"},{"value":2801,"label":"Wafer Type Butterfly Valve"}]},"yoast_head":"<!-- This site is optimized with the Yoast SEO Premium plugin v15.4 - https:\/\/yoast.com\/wordpress\/plugins\/seo\/ -->\n<title>Motorized Butterfly Valve - Electrically Actuated Butterfly Valve | ZECO Valve<\/title>\n<meta name=\"robots\" content=\"index, follow, max-snippet:-1, max-image-preview:large, max-video-preview:-1\" \/>\n<link rel=\"canonical\" href=\"https:\/\/zecovalve.com\/es\/producto\/motorized-butterfly-valve\" \/>\n<meta property=\"og:locale\" content=\"es_ES\" \/>\n<meta property=\"og:type\" content=\"article\" \/>\n<meta property=\"og:title\" content=\"Motorized Butterfly Valve - Electrically Actuated Butterfly Valve | ZECO Valve\" \/>\n<meta property=\"og:description\" content=\"The electrically actuated butterfly valve is used for on-off control of water and other media compatible with the materials of construction. What ... Leer m\u00e1s\" \/>\n<meta property=\"og:url\" content=\"https:\/\/zecovalve.com\/es\/producto\/motorized-butterfly-valve\" \/>\n<meta property=\"og:site_name\" content=\"ZECO Valve\" \/>\n<meta property=\"article:modified_time\" content=\"2022-09-01T00:56:22+00:00\" \/>\n<meta property=\"og:image\" content=\"https:\/\/zecovalve.com\/wp-content\/uploads\/2022\/06\/motorized-butterfly-valve.jpg\" \/>\n\t<meta property=\"og:image:width\" content=\"800\" \/>\n\t<meta property=\"og:image:height\" content=\"600\" \/>\n<meta name=\"twitter:card\" content=\"summary_large_image\" \/>\n<meta name=\"twitter:label1\" content=\"Escrito por\">\n\t<meta name=\"twitter:data1\" content=\"Jerry\">\n\t<meta name=\"twitter:label2\" content=\"Tiempo de lectura\">\n\t<meta name=\"twitter:data2\" content=\"4 minutos\">\n<script type=\"application\/ld+json\" class=\"yoast-schema-graph\">{\"@context\":\"https:\/\/schema.org\",\"@graph\":[{\"@type\":\"WebSite\",\"@id\":\"https:\/\/zecovalve.com\/#website\",\"url\":\"https:\/\/zecovalve.com\/\",\"name\":\"ZECO Valve\",\"description\":\"Industrial Ball Valve, Gate Valve and Globe Valve Manufacturer\",\"potentialAction\":[{\"@type\":\"SearchAction\",\"target\":\"https:\/\/zecovalve.com\/?s={search_term_string}\",\"query-input\":\"required name=search_term_string\"}],\"inLanguage\":\"es\"},{\"@type\":\"ImageObject\",\"@id\":\"https:\/\/zecovalve.com\/product\/motorized-butterfly-valve#primaryimage\",\"inLanguage\":\"es\",\"url\":\"https:\/\/zecovalve.com\/wp-content\/uploads\/2022\/06\/motorized-butterfly-valve.jpg\",\"width\":800,\"height\":600,\"caption\":\"Motorized Butterfly Valve\"},{\"@type\":\"WebPage\",\"@id\":\"https:\/\/zecovalve.com\/product\/motorized-butterfly-valve#webpage\",\"url\":\"https:\/\/zecovalve.com\/product\/motorized-butterfly-valve\",\"name\":\"Motorized Butterfly Valve - Electrically Actuated Butterfly Valve | ZECO Valve\",\"isPartOf\":{\"@id\":\"https:\/\/zecovalve.com\/#website\"},\"primaryImageOfPage\":{\"@id\":\"https:\/\/zecovalve.com\/product\/motorized-butterfly-valve#primaryimage\"},\"datePublished\":\"2022-06-20T09:04:23+00:00\",\"dateModified\":\"2022-09-01T00:56:22+00:00\",\"breadcrumb\":{\"@id\":\"https:\/\/zecovalve.com\/product\/motorized-butterfly-valve#breadcrumb\"},\"inLanguage\":\"es\",\"potentialAction\":[{\"@type\":\"ReadAction\",\"target\":[\"https:\/\/zecovalve.com\/product\/motorized-butterfly-valve\"]}]},{\"@type\":\"BreadcrumbList\",\"@id\":\"https:\/\/zecovalve.com\/product\/motorized-butterfly-valve#breadcrumb\",\"itemListElement\":[{\"@type\":\"ListItem\",\"position\":1,\"item\":{\"@type\":\"WebPage\",\"@id\":\"https:\/\/zecovalve.com\/\",\"url\":\"https:\/\/zecovalve.com\/\",\"name\":\"Home\"}},{\"@type\":\"ListItem\",\"position\":2,\"item\":{\"@type\":\"WebPage\",\"@id\":\"https:\/\/zecovalve.com\/product-category\",\"url\":\"https:\/\/zecovalve.com\/product-category\",\"name\":\"Industrial Valve Manufacturer | Water Valve Manufacturer\"}},{\"@type\":\"ListItem\",\"position\":3,\"item\":{\"@type\":\"WebPage\",\"@id\":\"https:\/\/zecovalve.com\/product\/motorized-butterfly-valve\",\"url\":\"https:\/\/zecovalve.com\/product\/motorized-butterfly-valve\",\"name\":\"Motorized Butterfly Valve\"}}]}]}<\/script>\n<!-- \/ Yoast SEO Premium plugin. -->","_links":{"self":[{"href":"https:\/\/zecovalve.com\/es\/wp-json\/wp\/v2\/product\/16245","targetHints":{"allow":["GET"]}}],"collection":[{"href":"https:\/\/zecovalve.com\/es\/wp-json\/wp\/v2\/product"}],"about":[{"href":"https:\/\/zecovalve.com\/es\/wp-json\/wp\/v2\/types\/product"}],"replies":[{"embeddable":true,"href":"https:\/\/zecovalve.com\/es\/wp-json\/wp\/v2\/comments?post=16245"}],"wp:featuredmedia":[{"embeddable":true,"href":"https:\/\/zecovalve.com\/es\/wp-json\/wp\/v2\/media\/16246"}],"wp:attachment":[{"href":"https:\/\/zecovalve.com\/es\/wp-json\/wp\/v2\/media?parent=16245"}],"wp:term":[{"taxonomy":"product_cat","embeddable":true,"href":"https:\/\/zecovalve.com\/es\/wp-json\/wp\/v2\/product_cat?post=16245"},{"taxonomy":"product_tag","embeddable":true,"href":"https:\/\/zecovalve.com\/es\/wp-json\/wp\/v2\/product_tag?post=16245"}],"curies":[{"name":"wp","href":"https:\/\/api.w.org\/{rel}","templated":true}]}}