{"id":16247,"date":"2022-06-20T09:11:40","date_gmt":"2022-06-20T09:11:40","guid":{"rendered":"https:\/\/zecovalve.com\/?post_type=product&#038;p=16247"},"modified":"2023-06-15T12:40:40","modified_gmt":"2023-06-15T12:40:40","slug":"manual-gate-valve","status":"publish","type":"product","link":"https:\/\/zecovalve.com\/es\/producto\/manual-gate-valve","title":{"rendered":"V\u00e1lvula de compuerta manual"},"content":{"rendered":"<p>ZECO Valve es un fabricante, proveedor y exportador l\u00edder de v\u00e1lvulas de compuerta operadas manualmente. Ofrecemos v\u00e1lvulas de compuerta manual con diferentes tama\u00f1os y dimensiones para fines industriales o comerciales.<\/p>\r\n\r\n\r\n\r\n<figure class=\"wp-block-image alignnone size-medium wp-image-16248\"><img loading=\"lazy\" decoding=\"async\" width=\"300\" height=\"225\" class=\"wp-image-16248\" src=\"https:\/\/zecovalve.com\/wp-content\/uploads\/2022\/06\/manual-gate-valve-300x225.jpg\" alt=\"V\u00e1lvula de compuerta manual\" srcset=\"https:\/\/zecovalve.com\/wp-content\/uploads\/2022\/06\/manual-gate-valve-300x225.jpg 300w, https:\/\/zecovalve.com\/wp-content\/uploads\/2022\/06\/manual-gate-valve-768x576.jpg 768w, https:\/\/zecovalve.com\/wp-content\/uploads\/2022\/06\/manual-gate-valve-600x450.jpg 600w, https:\/\/zecovalve.com\/wp-content\/uploads\/2022\/06\/manual-gate-valve.jpg 800w\" sizes=\"auto, (max-width: 300px) 100vw, 300px\" \/><\/figure>\r\n\r\n\r\n<div class=\"gb-button-wrapper gb-button-wrapper-6d8495a3\">\r\n\r\n\r\n<p><a class=\"gb-button gb-button-3d442e11 gb-button-text\" href=\"mailto:commercial@zecovalve.com\" target=\"_blank\" rel=\"noopener noreferrer\"><strong>OBTENER PRECIO DE V\u00c1LVULA DE PUERTA MANUAL<\/strong><\/a><\/p>\r\n<\/div>\r\n\r\n\r\n\r\n\r\n<h2 class=\"wp-block-heading\" id=\"h-what-is-a-manual-gate-valve\">\u00bfQu\u00e9 es una v\u00e1lvula de compuerta manual?<\/h2>\r\n\r\n\r\n\r\n<p>La v\u00e1lvula de compuerta manual ZECO recibe su nombre seg\u00fan el modo de conducci\u00f3n. La v\u00e1lvula de compuerta accionada manualmente suele ser una v\u00e1lvula de compuerta de peque\u00f1o di\u00e1metro. Debido a que el par de torsi\u00f3n de di\u00e1metro peque\u00f1o es bajo, puede abrirse f\u00e1cilmente con mano de obra, por lo que no hay necesidad de desperdiciar el costo del usuario m\u00e1s el cabezal de la turbina o el dispositivo de engranaje c\u00f3nico. Como producto de marca famosa de Shanghai China y Jiangsu China, ZECO se dedica a promover la marca ZECO en el mundo, haciendo que la calidad y el servicio de la marca ZECO se conviertan en productos mundialmente famosos y haciendo que los usuarios de compa\u00f1\u00edas petroleras, empresas de ingenier\u00eda y dise\u00f1o. Las empresas reconocen cada vez m\u00e1s a ZECO. Este es un sentido de misi\u00f3n y responsabilidad de ZECO como marca nacional, que hace que la v\u00e1lvula ZECO aparezca en todos los rincones del mundo y proteja todas las tuber\u00edas del mundo.<\/p>\r\n\r\n\r\n\r\n<h2 class=\"wp-block-heading\" id=\"h-features-of-manual-gate-valve\">Caracter\u00edsticas de la v\u00e1lvula de compuerta manual<\/h2>\r\n\r\n\r\n\r\n<ul class=\"wp-block-list\">\r\n<li>La cu\u00f1a de la v\u00e1lvula de compuerta manual ZECO es del tipo flexible de cu\u00f1a \u00fanica que proporciona una mayor capacidad de sellado y menores requisitos de torsi\u00f3n. Esto tambi\u00e9n hace que la v\u00e1lvula de compuerta manual ZECO sea m\u00e1s f\u00e1cil de abrir y m\u00e1s conveniente para la operaci\u00f3n manual;<\/li>\r\n<li>La cu\u00f1a de la v\u00e1lvula de compuerta manual ZECO tiene ranuras de gu\u00eda precisas, lo que garantiza una alineaci\u00f3n verdadera y proporciona una gu\u00eda completa durante la operaci\u00f3n;<\/li>\r\n<li>Los anillos de asiento de la v\u00e1lvula de compuerta manual ZECO est\u00e1n soldados con sello en el cuerpo y est\u00e1n hechos de acero al carbono con superficies de asiento duras. Las caras del asiento de las cu\u00f1as se fabrican soldando acero inoxidable 13 CR o estelita. Adem\u00e1s, las excelentes habilidades de los ingenieros de soldadura de ZECO y la depuraci\u00f3n precisa del robot de soldadura garantizan un final de soldadura perfecto;<\/li>\r\n<li>La v\u00e1lvula de compuerta manual ZECO est\u00e1 provista de un casquillo de asiento trasero en el cap\u00f3, lo que permite reemplazar la empaquetadura del v\u00e1stago cuando la v\u00e1lvula est\u00e1 en la posici\u00f3n completamente abierta.<\/li>\r\n<li>Bajas emisiones: &lt; 100 ppm<\/li>\r\n<li>Rectitud y redondez del tallo.<\/li>\r\n<li>Acabado de la superficie del v\u00e1stago hasta m\u00e1x. 32 ra<\/li>\r\n<li>Acabado de la superficie del prensaestopas hasta m\u00e1x. 125 ra<\/li>\r\n<li>Cilindricidad del prensaestopas y prensaestopas<\/li>\r\n<li>Dise\u00f1o de casquillo autocentrante<\/li>\r\n<li>Empaquetadura del prensaestopas: Anillos de grafito moldeados con anillos superior e inferior de grafito trenzado<\/li>\r\n<li>Juntas de bonete de acero inoxidable corrugado y grafito<\/li>\r\n<\/ul>\r\n\r\n\r\n\r\n<h2 class=\"wp-block-heading\">Descripci\u00f3n general del producto de la v\u00e1lvula de compuerta manual<\/h2>\r\n\r\n\r\n\r\n<figure class=\"wp-block-table\">\r\n<table>\r\n<tbody>\r\n<tr>\r\n<td>Dise\u00f1o y fabricaci\u00f3n<\/td>\r\n<td>ASME B16.34, API600, API 6D<\/td>\r\n<\/tr>\r\n<tr>\r\n<td>Cara a cara<\/td>\r\n<td>ASME B16.10<\/td>\r\n<\/tr>\r\n<tr>\r\n<td>Dimensi\u00f3n de conexi\u00f3n<\/td>\r\n<td>ASME B16.5, ASME B16.25<\/td>\r\n<\/tr>\r\n<tr>\r\n<td>Inspecci\u00f3n y prueba<\/td>\r\n<td>ISO5208, API598<\/td>\r\n<\/tr>\r\n<tr>\r\n<td>Tama\u00f1os<\/td>\r\n<td>1\/2 pulg. a 48 pulg.<\/td>\r\n<\/tr>\r\n<tr>\r\n<td>Presi\u00f3n<\/td>\r\n<td>Clase 150\/Clase 300\/Clase 600\/Clase 900\/Clase 1500<\/td>\r\n<\/tr>\r\n<tr>\r\n<td>Temperatura media<\/td>\r\n<td>-30\u00b0C a 450\u00b0C<\/td>\r\n<\/tr>\r\n<tr>\r\n<td>Opciones de materiales<\/td>\r\n<td>Acero inoxidable 304\/316\/316L o WCB<\/td>\r\n<\/tr>\r\n<\/tbody>\r\n<\/table>\r\n<\/figure>\r\n\r\n\r\n\r\n<h2 class=\"wp-block-heading\" id=\"h-material-of-manual-gate-valve\">Material de la v\u00e1lvula de compuerta manual<\/h2>\r\n\r\n\r\n\r\n<figure class=\"wp-block-table\">\r\n<table>\r\n<tbody>\r\n<tr>\r\n<td>No<\/td>\r\n<td>Pieza<\/td>\r\n<td>Material<\/td>\r\n<\/tr>\r\n<tr>\r\n<td>1<\/td>\r\n<td>Cuerpo<\/td>\r\n<td>ASTM A216 WCB<\/td>\r\n<\/tr>\r\n<tr>\r\n<td>2<\/td>\r\n<td>Anillo de asiento<\/td>\r\n<td>ASTM A105 + STL<\/td>\r\n<\/tr>\r\n<tr>\r\n<td>3<\/td>\r\n<td>Cu\u00f1a<\/td>\r\n<td>ASTM A216 WCB + 13Cr<\/td>\r\n<\/tr>\r\n<tr>\r\n<td>4<\/td>\r\n<td>V\u00e1stago<\/td>\r\n<td>ASTM A276 410<\/td>\r\n<\/tr>\r\n<tr>\r\n<td>5<\/td>\r\n<td>Junta del cap\u00f3<\/td>\r\n<td>Grafito + SS304<\/td>\r\n<\/tr>\r\n<tr>\r\n<td>6<\/td>\r\n<td>Perno del cap\u00f3<\/td>\r\n<td>ASTM A193 B7<\/td>\r\n<\/tr>\r\n<tr>\r\n<td>7<\/td>\r\n<td>Tuerca de sombrerete<\/td>\r\n<td>ASTM A194 2H<\/td>\r\n<\/tr>\r\n<tr>\r\n<td>8<\/td>\r\n<td>Cap\u00f3<\/td>\r\n<td>ASTM A216 WCB<\/td>\r\n<\/tr>\r\n<tr>\r\n<td>9<\/td>\r\n<td>Asiento trasero<\/td>\r\n<td>ASTM A182 F6a<\/td>\r\n<\/tr>\r\n<tr>\r\n<td>10<\/td>\r\n<td>Empaquetadura de v\u00e1stago<\/td>\r\n<td>Grafito reforzado<\/td>\r\n<\/tr>\r\n<tr>\r\n<td>11<\/td>\r\n<td>Volante<\/td>\r\n<td>KTH330-08<\/td>\r\n<\/tr>\r\n<\/tbody>\r\n<\/table>\r\n<\/figure>\r\n\r\n\r\n\r\n<h2 class=\"wp-block-heading\">Aplicaciones de la v\u00e1lvula de compuerta manual<\/h2>\r\n\r\n\r\n\r\n<ul class=\"wp-block-list\">\r\n<li>refinaci\u00f3n del petr\u00f3leo<\/li>\r\n<li>Procesamiento qu\u00edmico<\/li>\r\n<li>Generaci\u00f3n de energ\u00eda<\/li>\r\n<li>Aplicaciones que requieren que los fabricantes est\u00e9n en una lista de fabricantes aprobados (AML)<\/li>\r\n<\/ul>\r\n\r\n\r\n\r\n<h2 class=\"wp-block-heading\">Fabricante y f\u00e1brica de v\u00e1lvulas de compuerta de operaci\u00f3n manual<\/h2>\r\n\r\n\r\n\r\n<p>Si estas buscando un <a href=\"https:\/\/zecovalve.com\/es\/producto\/manual-gate-valve\" data-internallinksmanager029f6b8e52c=\"5\" title=\"fabricante de v\u00e1lvulas de compuerta de accionamiento manual\" target=\"_blank\" rel=\"noopener\">fabricante de v\u00e1lvulas de compuerta de accionamiento manual<\/a>, est\u00e1s en el lugar correcto aqu\u00ed. La v\u00e1lvula ZECO es una v\u00e1lvula industrial. <a href=\"https:\/\/zecovalve.com\/es\/producto\/manual-gate-valve\" data-internallinksmanager029f6b8e52c=\"5\" title=\"fabricante de v\u00e1lvulas de compuerta de accionamiento manual\" target=\"_blank\" rel=\"noopener\">f\u00e1brica de v\u00e1lvulas de compuerta de operaci\u00f3n manual<\/a> en China. Nuestro producto principal es la v\u00e1lvula de compuerta ANSI API 600. Tambi\u00e9n se pueden personalizar otros est\u00e1ndares. Ofrecemos todo tipo de v\u00e1lvulas de compuerta en todos los materiales como WCB y acero inoxidable, dise\u00f1o y rangos de presi\u00f3n para su elecci\u00f3n. Tambi\u00e9n ofrecemos un servicio de v\u00e1lvulas personalizado para que usted cumpla con sus requisitos y ayude a que su proyecto funcione bien. Bienvenido a consultarnos para seleccionar la v\u00e1lvula de compuerta adecuada seg\u00fan los requisitos de su proyecto.<\/p>","protected":false},"excerpt":{"rendered":"<p>ZECO Valve es un fabricante, proveedor y exportador l\u00edder de v\u00e1lvulas de compuerta operadas manualmente. Ofrecemos v\u00e1lvulas de compuerta manual con diferentes tama\u00f1os... <a title=\"V\u00e1lvula de compuerta manual\" class=\"read-more\" href=\"https:\/\/zecovalve.com\/es\/producto\/manual-gate-valve\" aria-label=\"M\u00e1s en V\u00e1lvula de compuerta manual\">Leer m\u00e1s<\/a><\/p>","protected":false},"featured_media":27881,"comment_status":"closed","ping_status":"closed","template":"","meta":{"_generate-full-width-content":"","kt_blocks_editor_width":""},"product_cat":[2052,2457],"product_tag":[2798],"class_list":["post-16247","product","type-product","status-publish","has-post-thumbnail","hentry","product_cat-gate-valve","product_cat-gate-valve-by-drive-mode","product_tag-osy-valve","sales-flash-overlay","woocommerce-text-align-center","woocommerce-image-align-center","do-quantity-buttons"],"featured_image_src_large":["https:\/\/zecovalve.com\/wp-content\/uploads\/2022\/06\/Manual-Gate-Valve-1.jpg",800,600,false],"author_info":[],"comment_info":0,"taxonomy_info":{"product_cat":[{"value":2052,"label":"Gate Valve"},{"value":2457,"label":"Gate Valve with Actuator"}],"product_tag":[{"value":2798,"label":"OS&amp;Y Valve"}]},"yoast_head":"<!-- This site is optimized with the Yoast SEO Premium plugin v15.4 - https:\/\/yoast.com\/wordpress\/plugins\/seo\/ -->\n<title>Manual Gate Valve - Manual Operate Gate Valve Manufacturer | ZECO<\/title>\n<meta name=\"robots\" content=\"index, follow, max-snippet:-1, max-image-preview:large, max-video-preview:-1\" \/>\n<link rel=\"canonical\" href=\"https:\/\/zecovalve.com\/es\/producto\/manual-gate-valve\" \/>\n<meta property=\"og:locale\" content=\"es_ES\" \/>\n<meta property=\"og:type\" content=\"article\" \/>\n<meta property=\"og:title\" content=\"Manual Gate Valve - Manual Operate Gate Valve Manufacturer | ZECO\" \/>\n<meta property=\"og:description\" content=\"ZECO Valve is a leading manufacturer, supplier and exporter of manual operated gate valve. We offer manual gate valve with different sizes ... Leer m\u00e1s\" \/>\n<meta property=\"og:url\" content=\"https:\/\/zecovalve.com\/es\/producto\/manual-gate-valve\" \/>\n<meta property=\"og:site_name\" content=\"ZECO Valve\" \/>\n<meta property=\"article:modified_time\" content=\"2023-06-15T12:40:40+00:00\" \/>\n<meta property=\"og:image\" content=\"https:\/\/zecovalve.com\/wp-content\/uploads\/2022\/06\/Manual-Gate-Valve-1.jpg\" \/>\n\t<meta property=\"og:image:width\" content=\"800\" \/>\n\t<meta property=\"og:image:height\" content=\"600\" \/>\n<meta name=\"twitter:card\" content=\"summary_large_image\" \/>\n<meta name=\"twitter:label1\" content=\"Escrito por\">\n\t<meta name=\"twitter:data1\" content=\"Jerry\">\n\t<meta name=\"twitter:label2\" content=\"Tiempo de lectura\">\n\t<meta name=\"twitter:data2\" content=\"2 minutos\">\n<script type=\"application\/ld+json\" class=\"yoast-schema-graph\">{\"@context\":\"https:\/\/schema.org\",\"@graph\":[{\"@type\":\"WebSite\",\"@id\":\"https:\/\/zecovalve.com\/#website\",\"url\":\"https:\/\/zecovalve.com\/\",\"name\":\"ZECO Valve\",\"description\":\"Industrial Ball Valve, Gate Valve and Globe Valve Manufacturer\",\"potentialAction\":[{\"@type\":\"SearchAction\",\"target\":\"https:\/\/zecovalve.com\/?s={search_term_string}\",\"query-input\":\"required name=search_term_string\"}],\"inLanguage\":\"es\"},{\"@type\":\"ImageObject\",\"@id\":\"https:\/\/zecovalve.com\/product\/manual-gate-valve#primaryimage\",\"inLanguage\":\"es\",\"url\":\"https:\/\/zecovalve.com\/wp-content\/uploads\/2022\/06\/Manual-Gate-Valve-1.jpg\",\"width\":800,\"height\":600,\"caption\":\"Manual Gate Valve\"},{\"@type\":\"WebPage\",\"@id\":\"https:\/\/zecovalve.com\/product\/manual-gate-valve#webpage\",\"url\":\"https:\/\/zecovalve.com\/product\/manual-gate-valve\",\"name\":\"Manual Gate Valve - Manual Operate Gate Valve Manufacturer | ZECO\",\"isPartOf\":{\"@id\":\"https:\/\/zecovalve.com\/#website\"},\"primaryImageOfPage\":{\"@id\":\"https:\/\/zecovalve.com\/product\/manual-gate-valve#primaryimage\"},\"datePublished\":\"2022-06-20T09:11:40+00:00\",\"dateModified\":\"2023-06-15T12:40:40+00:00\",\"breadcrumb\":{\"@id\":\"https:\/\/zecovalve.com\/product\/manual-gate-valve#breadcrumb\"},\"inLanguage\":\"es\",\"potentialAction\":[{\"@type\":\"ReadAction\",\"target\":[\"https:\/\/zecovalve.com\/product\/manual-gate-valve\"]}]},{\"@type\":\"BreadcrumbList\",\"@id\":\"https:\/\/zecovalve.com\/product\/manual-gate-valve#breadcrumb\",\"itemListElement\":[{\"@type\":\"ListItem\",\"position\":1,\"item\":{\"@type\":\"WebPage\",\"@id\":\"https:\/\/zecovalve.com\/\",\"url\":\"https:\/\/zecovalve.com\/\",\"name\":\"Home\"}},{\"@type\":\"ListItem\",\"position\":2,\"item\":{\"@type\":\"WebPage\",\"@id\":\"https:\/\/zecovalve.com\/product-category\",\"url\":\"https:\/\/zecovalve.com\/product-category\",\"name\":\"Industrial Valve Manufacturer | Water Valve Manufacturer\"}},{\"@type\":\"ListItem\",\"position\":3,\"item\":{\"@type\":\"WebPage\",\"@id\":\"https:\/\/zecovalve.com\/product\/manual-gate-valve\",\"url\":\"https:\/\/zecovalve.com\/product\/manual-gate-valve\",\"name\":\"Manual Gate Valve\"}}]}]}<\/script>\n<!-- \/ Yoast SEO Premium plugin. -->","_links":{"self":[{"href":"https:\/\/zecovalve.com\/es\/wp-json\/wp\/v2\/product\/16247","targetHints":{"allow":["GET"]}}],"collection":[{"href":"https:\/\/zecovalve.com\/es\/wp-json\/wp\/v2\/product"}],"about":[{"href":"https:\/\/zecovalve.com\/es\/wp-json\/wp\/v2\/types\/product"}],"replies":[{"embeddable":true,"href":"https:\/\/zecovalve.com\/es\/wp-json\/wp\/v2\/comments?post=16247"}],"wp:featuredmedia":[{"embeddable":true,"href":"https:\/\/zecovalve.com\/es\/wp-json\/wp\/v2\/media\/27881"}],"wp:attachment":[{"href":"https:\/\/zecovalve.com\/es\/wp-json\/wp\/v2\/media?parent=16247"}],"wp:term":[{"taxonomy":"product_cat","embeddable":true,"href":"https:\/\/zecovalve.com\/es\/wp-json\/wp\/v2\/product_cat?post=16247"},{"taxonomy":"product_tag","embeddable":true,"href":"https:\/\/zecovalve.com\/es\/wp-json\/wp\/v2\/product_tag?post=16247"}],"curies":[{"name":"wp","href":"https:\/\/api.w.org\/{rel}","templated":true}]}}