{"id":16257,"date":"2022-06-20T12:37:19","date_gmt":"2022-06-20T12:37:19","guid":{"rendered":"https:\/\/zecovalve.com\/?post_type=product&#038;p=16257"},"modified":"2023-06-07T07:04:04","modified_gmt":"2023-06-07T07:04:04","slug":"56-inch-ball-valve","status":"publish","type":"product","link":"https:\/\/zecovalve.com\/es\/producto\/56-inch-ball-valve","title":{"rendered":"V\u00e1lvula de bola de 56 pulgadas"},"content":{"rendered":"<p>ZECO Valve est\u00e1 introduciendo v\u00e1lvulas de bola de gran di\u00e1metro en Global desde 2016. ZECO Valve est\u00e1 dise\u00f1ando v\u00e1lvulas que funcionar\u00e1n en todas las aplicaciones de petr\u00f3leo y gas. Nuestro equipo t\u00e9cnico eval\u00faa cuidadosamente todas las especificaciones t\u00e9cnicas para brindar la mejor soluci\u00f3n t\u00e9cnica para cumplir con los requisitos del cliente y, siempre que sea posible, asesorar posibles mejoras para suministrar una v\u00e1lvula mejor construida que cumpla con su servicio o aplicaci\u00f3n.<\/p>\r\n\r\n\r\n\r\n<figure class=\"wp-block-image size-full is-resized\"><img loading=\"lazy\" decoding=\"async\" class=\"wp-image-26581\" src=\"https:\/\/zecovalve.com\/wp-content\/uploads\/2022\/08\/A105-\u5168\u710a\u63a5\u7403\u9600.jpg\" alt=\"\" width=\"400\" height=\"400\" srcset=\"https:\/\/zecovalve.com\/wp-content\/uploads\/2022\/08\/A105-\u5168\u710a\u63a5\u7403\u9600.jpg 800w, https:\/\/zecovalve.com\/wp-content\/uploads\/2022\/08\/A105-\u5168\u710a\u63a5\u7403\u9600-300x300.jpg 300w, https:\/\/zecovalve.com\/wp-content\/uploads\/2022\/08\/A105-\u5168\u710a\u63a5\u7403\u9600-150x150.jpg 150w, https:\/\/zecovalve.com\/wp-content\/uploads\/2022\/08\/A105-\u5168\u710a\u63a5\u7403\u9600-768x768.jpg 768w, https:\/\/zecovalve.com\/wp-content\/uploads\/2022\/08\/A105-\u5168\u710a\u63a5\u7403\u9600-400x400.jpg 400w, https:\/\/zecovalve.com\/wp-content\/uploads\/2022\/08\/A105-\u5168\u710a\u63a5\u7403\u9600-600x600.jpg 600w, https:\/\/zecovalve.com\/wp-content\/uploads\/2022\/08\/A105-\u5168\u710a\u63a5\u7403\u9600-100x100.jpg 100w\" sizes=\"auto, (max-width: 400px) 100vw, 400px\" \/><\/figure>\r\n\r\n\r\n<div class=\"gb-button-wrapper gb-button-wrapper-6d8495a3\">\r\n\r\n\r\n<p><a class=\"gb-button gb-button-3d442e11 gb-button-text\" href=\"https:\/\/zecovalve.com\/es\/contact\/\" target=\"_blank\" rel=\"noopener noreferrer\"><strong>OBT\u00c9N PRECIO DE V\u00c1LVULA DE BOLA DE 56 PULGADAS<\/strong><\/a><\/p>\r\n<\/div>\r\n\r\n\r\n\r\n\r\n<h2 class=\"wp-block-heading\">Detalles de la v\u00e1lvula de bola grande ZECO<\/h2>\r\n\r\n\r\n\r\n<ul class=\"wp-block-list\">\r\n<li>Las V\u00e1lvulas de Bola ZECO se pueden fabricar desde 1\u00bd hasta 56\u201d (cuando aplique)<\/li>\r\n<li>Clases de presi\u00f3n entre 150 y 2500 ANSI (cuando corresponda)<\/li>\r\n<li>V\u00e1lvulas de bola flotante y Trunnion (DBB, DIB1 y DIB2).<\/li>\r\n<li>Di\u00e1metro: Di\u00e1metro total o reducido<\/li>\r\n<li>Dise\u00f1o: API 6D, ASME B16.34<\/li>\r\n<li>Prueba: API 598<\/li>\r\n<\/ul>\r\n\r\n\r\n\r\n<h2 class=\"wp-block-heading\" id=\"h-what-is-a-56-inch-ball-valve\">\u00bfQu\u00e9 es una v\u00e1lvula de bola de 56 pulgadas?<\/h2>\r\n\r\n\r\n\r\n<p>La v\u00e1lvula de bola de mayor tama\u00f1o producida por ZECO es de 56 pulgadas y tiene su propio molde, que puede satisfacer las necesidades urgentes de los usuarios con la velocidad de entrega m\u00e1s r\u00e1pida y el precio de calidad m\u00e1s alto y satisfacer los requisitos de control de costos de los usuarios. ZECO ha estado produciendo v\u00e1lvulas de bola en China durante casi 30 a\u00f1os y tiene 3 bases de producci\u00f3n en China, cuenta con m\u00e1quinas herramienta CNC y centros de mecanizado de alta precisi\u00f3n, equipos e instrumentos de inspecci\u00f3n avanzados, t\u00e9cnicas finas y un sistema de gesti\u00f3n de calidad estricto y perfecto. Adem\u00e1s, reunimos \u00e9lites profesionales para formar un equipo de cient\u00edficos y tecn\u00f3logos avanzados a fin de aprovechar al m\u00e1ximo las nuevas tecnolog\u00edas, nuevas t\u00e9cnicas y nuevos materiales para garantizar la estabilidad y confiabilidad de los productos. La calidad del producto se origina en medios de fabricaci\u00f3n avanzados y los conceptos finos de los productos surgen de la innovaci\u00f3n continua.<\/p>\r\n\r\n\r\n\r\n<h2 class=\"wp-block-heading\">Dimensiones y peso de las v\u00e1lvulas de bola de 56 pulgadas<\/h2>\r\n<table border=\"=1\" width=\"800\">\r\n<tbody>\r\n<tr>\r\n<td rowspan=\"2\">Presi\u00f3n nominal<\/td>\r\n<td style=\"text-align: center;\">Taladro<\/td>\r\n<td style=\"text-align: center;\" colspan=\"3\">\u00a0Dimensi\u00f3n cara a cara (en mm)<\/td>\r\n<td style=\"text-align: center;\">Peso<\/td>\r\n<\/tr>\r\n<tr>\r\n<td style=\"text-align: center;\">(en mm)<\/td>\r\n<td style=\"text-align: center;\">RF<\/td>\r\n<td style=\"text-align: center;\">BW<\/td>\r\n<td style=\"text-align: center;\">RTJ<\/td>\r\n<td style=\"text-align: center;\">kg<\/td>\r\n<\/tr>\r\n<tr>\r\n<td>CLASE 150<\/td>\r\n<td style=\"text-align: center;\">1360<\/td>\r\n<td style=\"text-align: center;\">2400<\/td>\r\n<td style=\"text-align: center;\">2400<\/td>\r\n<td style=\"text-align: center;\">MFR<\/td>\r\n<td style=\"text-align: center;\">25000<\/td>\r\n<\/tr>\r\n<tr>\r\n<td>CLASE 300<\/td>\r\n<td style=\"text-align: center;\">1360<\/td>\r\n<td style=\"text-align: center;\">2500<\/td>\r\n<td style=\"text-align: center;\">2500<\/td>\r\n<td style=\"text-align: center;\">MFR<\/td>\r\n<td style=\"text-align: center;\">27000<\/td>\r\n<\/tr>\r\n<tr>\r\n<td>CLASE 600<\/td>\r\n<td style=\"text-align: center;\">1360<\/td>\r\n<td style=\"text-align: center;\">2700<\/td>\r\n<td style=\"text-align: center;\">2700<\/td>\r\n<td style=\"text-align: center;\">MFR<\/td>\r\n<td style=\"text-align: center;\">37000<\/td>\r\n<\/tr>\r\n<\/tbody>\r\n<\/table>\r\n\r\n\r\n\r\n<h2 class=\"wp-block-heading\" id=\"h-features-of-56-inch-ball-valves\">Caracter\u00edsticas de las v\u00e1lvulas de bola de 56 pulgadas<\/h2>\r\n\r\n\r\n\r\n<ol>\r\n<li>La v\u00e1lvula de bola ZECO de 56 pulgadas tiene un v\u00e1stago antiexplosi\u00f3n. Debido a que el di\u00e1metro de la v\u00e1lvula es demasiado grande, al reemplazar la empaquetadura, si no hay una estructura anti-explosi\u00f3n en el v\u00e1stago, el personal no puede controlar la posici\u00f3n del v\u00e1stago en absoluto y el v\u00e1stago ser\u00e1 empujado fuera del cuerpo de la v\u00e1lvula debido a la enorme presi\u00f3n causada por las p\u00e9rdidas de propiedad espec\u00edficas del sitio del oleoducto y las amenazas a la seguridad del personal;<\/li>\r\n<li>La v\u00e1lvula de bola ZECO de 56 pulgadas est\u00e1 dise\u00f1ada con una estructura s\u00faper resistente al fuego para evitar grandes p\u00e9rdidas despu\u00e9s del incendio. Despu\u00e9s de que la estructura de sello resistente sea da\u00f1ada por el fuego, si no hay una estructura a prueba de incendios, causar\u00e1 una gran fuga, y despu\u00e9s de la estructura a prueba de incendios, la estructura de sello de metal reemplazar\u00e1 la estructura de sello resistente para mantener una estrecha cooperaci\u00f3n con la bola. , para evitar fugas y provocar mayores p\u00e9rdidas;<\/li>\r\n<li>La v\u00e1lvula de bola ZECO de 56 pulgadas tiene un excelente dise\u00f1o en combinaci\u00f3n de junta t\u00f3rica y junta para evitar fugas desde el \u00e1rea de conexi\u00f3n del cuerpo;<\/li>\r\n<li>La v\u00e1lvula de bola ZECO de 56 pulgadas tiene un dise\u00f1o de asiento flotante con resorte para asegurar el sellado incluso a bajas presiones.\r\n\r\n\r\n\r\n\r\n\r\n<\/li>\r\n<\/ol>\r\n\r\n\r\n\r\n<h2 class=\"wp-block-heading\" id=\"h-material-of-56-inch-ball-valve\">Material de la v\u00e1lvula de bola de 56 pulgadas:<\/h2>\r\n\r\n\r\n\r\n<figure class=\"wp-block-table\">\r\n<table>\r\n<tbody>\r\n<tr>\r\n<td>No<\/td>\r\n<td>Pieza<\/td>\r\n<td>Material<\/td>\r\n<\/tr>\r\n<tr>\r\n<td>1<\/td>\r\n<td>Cuerpo<\/td>\r\n<td>ASTM A105<\/td>\r\n<\/tr>\r\n<tr>\r\n<td>2<\/td>\r\n<td>Cap\u00f3<\/td>\r\n<td>ASTM A2105<\/td>\r\n<\/tr>\r\n<tr>\r\n<td>3<\/td>\r\n<td>Bola<\/td>\r\n<td>ASTM A105<\/td>\r\n<\/tr>\r\n<tr>\r\n<td>4<\/td>\r\n<td>Asiento<\/td>\r\n<td>ASTM A105 + PTFE<\/td>\r\n<\/tr>\r\n<tr>\r\n<td>5<\/td>\r\n<td>V\u00e1stago<\/td>\r\n<td>ASTM A182 F6a<\/td>\r\n<\/tr>\r\n<tr>\r\n<td>6<\/td>\r\n<td>Dispositivo antiest\u00e1tico<\/td>\r\n<td>SS304<\/td>\r\n<\/tr>\r\n<tr>\r\n<td>7<\/td>\r\n<td>Junta<\/td>\r\n<td>Grafito + SS304<\/td>\r\n<\/tr>\r\n<tr>\r\n<td>8<\/td>\r\n<td>Perno<\/td>\r\n<td>ASTM A193 B7<\/td>\r\n<\/tr>\r\n<tr>\r\n<td>9<\/td>\r\n<td>Tuerca<\/td>\r\n<td>ASTM A194 2H<\/td>\r\n<\/tr>\r\n<tr>\r\n<td>10<\/td>\r\n<td>Junta t\u00f3rica<\/td>\r\n<td>Vit\u00f3n A<\/td>\r\n<\/tr>\r\n<tr>\r\n<td>11<\/td>\r\n<td>Actuador de engranaje<\/td>\r\n<td>ASTM A216 WCB<\/td>\r\n<\/tr>\r\n<\/tbody>\r\n<\/table>\r\n<\/figure>\r\n\r\n\r\n\r\n<h2 class=\"wp-block-heading\">ENCUENTRE LA V\u00c1LVULA DE BOLA DE 12 PULGADAS Y LA V\u00c1LVULA DE BOLA DE 5 PULGADAS<\/h2>\r\n\r\n\r\n\r\n<p>Si est\u00e1 buscando v\u00e1lvulas de bola de 12 pulgadas y v\u00e1lvulas de bola de 5 pulgadas, haga clic en los siguientes enlaces.<\/p>\r\n\r\n\r\n\r\n<div class=\"wp-block-comments-query-loop\">\r\n<div class=\"wp-block-columns is-layout-flex wp-container-core-columns-is-layout-9d6595d7 wp-block-columns-is-layout-flex\">\r\n<div class=\"wp-block-column is-layout-flow wp-block-column-is-layout-flow\"><div class=\"gb-button-wrapper gb-button-wrapper-fb120fca\">\r\n\r\n <a class=\"gb-button gb-button-0e3f0a74 gb-button-text\" href=\"https:\/\/zecovalve.com\/es\/producto\/12-inch-ball-valve\/\"><strong>OBT\u00c9N PRECIO DE V\u00c1LVULA DE BOLA DE 12 PULGADAS<\/strong><\/a> <\/div><\/div>\r\n\r\n\r\n\r\n<div class=\"wp-block-column is-layout-flow wp-block-column-is-layout-flow\"><div class=\"gb-button-wrapper gb-button-wrapper-6882e6e1\">\r\n\r\n <a class=\"gb-button gb-button-b8472bb1 gb-button-text\" href=\"https:\/\/zecovalve.com\/es\/categoria-de-productos\/ball-valve\/\"><strong>OBT\u00c9N PRECIO DE V\u00c1LVULA DE BOLA DE 5 PULGADAS<\/strong><\/a> <\/div><\/div>\r\n<\/div>\r\n<\/div>","protected":false},"excerpt":{"rendered":"<p>ZECO Valve est\u00e1 introduciendo v\u00e1lvulas de bola de gran di\u00e1metro en Global desde 2016. ZECO Valve est\u00e1 dise\u00f1ando v\u00e1lvulas que funcionar\u00e1n en todos... <a title=\"V\u00e1lvula de bola de 56 pulgadas\" class=\"read-more\" href=\"https:\/\/zecovalve.com\/es\/producto\/56-inch-ball-valve\" aria-label=\"M\u00e1s en V\u00e1lvula de bola de 56 pulgadas\">Leer m\u00e1s<\/a><\/p>","protected":false},"featured_media":27855,"comment_status":"closed","ping_status":"closed","template":"","meta":{"_generate-full-width-content":"","kt_blocks_editor_width":""},"product_cat":[2047,2462],"product_tag":[3913],"class_list":["post-16257","product","type-product","status-publish","has-post-thumbnail","hentry","product_cat-ball-valve","product_cat-ball-valve-by-size","product_tag-full-port-ball-valve","sales-flash-overlay","woocommerce-text-align-center","woocommerce-image-align-center","do-quantity-buttons"],"featured_image_src_large":["https:\/\/zecovalve.com\/wp-content\/uploads\/2022\/06\/56-inch-Ball-Valve-1.jpg",800,600,false],"author_info":[],"comment_info":0,"taxonomy_info":{"product_cat":[{"value":2047,"label":"Ball Valve"},{"value":2462,"label":"Ball Valve By Size"}],"product_tag":[{"value":3913,"label":"Full Port Ball Valve"}]},"yoast_head":"<!-- This site is optimized with the Yoast SEO Premium plugin v15.4 - https:\/\/yoast.com\/wordpress\/plugins\/seo\/ -->\n<title>Large Ball Valve- 56in | ZECO Valve - 12 inch Ball Valve &amp; 5 inch Ball Valve<\/title>\n<meta name=\"robots\" content=\"index, follow, max-snippet:-1, max-image-preview:large, max-video-preview:-1\" \/>\n<link rel=\"canonical\" href=\"https:\/\/zecovalve.com\/es\/producto\/56-inch-ball-valve\" \/>\n<meta property=\"og:locale\" content=\"es_ES\" \/>\n<meta property=\"og:type\" content=\"article\" \/>\n<meta property=\"og:title\" content=\"Large Ball Valve- 56in | ZECO Valve - 12 inch Ball Valve &amp; 5 inch Ball Valve\" \/>\n<meta property=\"og:description\" content=\"ZECO Valve is bringing large bore ball valves into Global since 2016. ZECO Valve is designing valves that will work in every ... Leer m\u00e1s\" \/>\n<meta property=\"og:url\" content=\"https:\/\/zecovalve.com\/es\/producto\/56-inch-ball-valve\" \/>\n<meta property=\"og:site_name\" content=\"ZECO Valve\" \/>\n<meta property=\"article:modified_time\" content=\"2023-06-07T07:04:04+00:00\" \/>\n<meta property=\"og:image\" content=\"https:\/\/zecovalve.com\/wp-content\/uploads\/2022\/06\/56-inch-Ball-Valve-1.jpg\" \/>\n\t<meta property=\"og:image:width\" content=\"800\" \/>\n\t<meta property=\"og:image:height\" content=\"600\" \/>\n<meta name=\"twitter:card\" content=\"summary_large_image\" \/>\n<meta name=\"twitter:label1\" content=\"Escrito por\">\n\t<meta name=\"twitter:data1\" content=\"Jerry\">\n\t<meta name=\"twitter:label2\" content=\"Tiempo de lectura\">\n\t<meta name=\"twitter:data2\" content=\"2 minutos\">\n<script type=\"application\/ld+json\" class=\"yoast-schema-graph\">{\"@context\":\"https:\/\/schema.org\",\"@graph\":[{\"@type\":\"WebSite\",\"@id\":\"https:\/\/zecovalve.com\/#website\",\"url\":\"https:\/\/zecovalve.com\/\",\"name\":\"ZECO Valve\",\"description\":\"Industrial Ball Valve, Gate Valve and Globe Valve Manufacturer\",\"potentialAction\":[{\"@type\":\"SearchAction\",\"target\":\"https:\/\/zecovalve.com\/?s={search_term_string}\",\"query-input\":\"required name=search_term_string\"}],\"inLanguage\":\"es\"},{\"@type\":\"ImageObject\",\"@id\":\"https:\/\/zecovalve.com\/product\/56-inch-ball-valve#primaryimage\",\"inLanguage\":\"es\",\"url\":\"https:\/\/zecovalve.com\/wp-content\/uploads\/2022\/06\/56-inch-Ball-Valve-1.jpg\",\"width\":800,\"height\":600,\"caption\":\"56 inch Ball Valve\"},{\"@type\":\"WebPage\",\"@id\":\"https:\/\/zecovalve.com\/product\/56-inch-ball-valve#webpage\",\"url\":\"https:\/\/zecovalve.com\/product\/56-inch-ball-valve\",\"name\":\"Large Ball Valve- 56in | ZECO Valve - 12 inch Ball Valve & 5 inch Ball Valve\",\"isPartOf\":{\"@id\":\"https:\/\/zecovalve.com\/#website\"},\"primaryImageOfPage\":{\"@id\":\"https:\/\/zecovalve.com\/product\/56-inch-ball-valve#primaryimage\"},\"datePublished\":\"2022-06-20T12:37:19+00:00\",\"dateModified\":\"2023-06-07T07:04:04+00:00\",\"breadcrumb\":{\"@id\":\"https:\/\/zecovalve.com\/product\/56-inch-ball-valve#breadcrumb\"},\"inLanguage\":\"es\",\"potentialAction\":[{\"@type\":\"ReadAction\",\"target\":[\"https:\/\/zecovalve.com\/product\/56-inch-ball-valve\"]}]},{\"@type\":\"BreadcrumbList\",\"@id\":\"https:\/\/zecovalve.com\/product\/56-inch-ball-valve#breadcrumb\",\"itemListElement\":[{\"@type\":\"ListItem\",\"position\":1,\"item\":{\"@type\":\"WebPage\",\"@id\":\"https:\/\/zecovalve.com\/\",\"url\":\"https:\/\/zecovalve.com\/\",\"name\":\"Home\"}},{\"@type\":\"ListItem\",\"position\":2,\"item\":{\"@type\":\"WebPage\",\"@id\":\"https:\/\/zecovalve.com\/product-category\",\"url\":\"https:\/\/zecovalve.com\/product-category\",\"name\":\"Industrial Valve Manufacturer | Water Valve Manufacturer\"}},{\"@type\":\"ListItem\",\"position\":3,\"item\":{\"@type\":\"WebPage\",\"@id\":\"https:\/\/zecovalve.com\/product\/56-inch-ball-valve\",\"url\":\"https:\/\/zecovalve.com\/product\/56-inch-ball-valve\",\"name\":\"56 inch Ball Valve\"}}]}]}<\/script>\n<!-- \/ Yoast SEO Premium plugin. -->","_links":{"self":[{"href":"https:\/\/zecovalve.com\/es\/wp-json\/wp\/v2\/product\/16257","targetHints":{"allow":["GET"]}}],"collection":[{"href":"https:\/\/zecovalve.com\/es\/wp-json\/wp\/v2\/product"}],"about":[{"href":"https:\/\/zecovalve.com\/es\/wp-json\/wp\/v2\/types\/product"}],"replies":[{"embeddable":true,"href":"https:\/\/zecovalve.com\/es\/wp-json\/wp\/v2\/comments?post=16257"}],"wp:featuredmedia":[{"embeddable":true,"href":"https:\/\/zecovalve.com\/es\/wp-json\/wp\/v2\/media\/27855"}],"wp:attachment":[{"href":"https:\/\/zecovalve.com\/es\/wp-json\/wp\/v2\/media?parent=16257"}],"wp:term":[{"taxonomy":"product_cat","embeddable":true,"href":"https:\/\/zecovalve.com\/es\/wp-json\/wp\/v2\/product_cat?post=16257"},{"taxonomy":"product_tag","embeddable":true,"href":"https:\/\/zecovalve.com\/es\/wp-json\/wp\/v2\/product_tag?post=16257"}],"curies":[{"name":"wp","href":"https:\/\/api.w.org\/{rel}","templated":true}]}}