{"id":16263,"date":"2022-06-20T12:56:16","date_gmt":"2022-06-20T12:56:16","guid":{"rendered":"https:\/\/zecovalve.com\/?post_type=product&#038;p=16263"},"modified":"2023-06-07T13:55:37","modified_gmt":"2023-06-07T13:55:37","slug":"electric-gate-valve","status":"publish","type":"product","link":"https:\/\/zecovalve.com\/es\/producto\/electric-gate-valve","title":{"rendered":"V\u00e1lvula de compuerta de accionamiento el\u00e9ctrico"},"content":{"rendered":"<figure class=\"wp-block-image alignnone size-medium wp-image-17921\"><img loading=\"lazy\" decoding=\"async\" width=\"300\" height=\"225\" class=\"wp-image-17921\" src=\"https:\/\/zecovalve.com\/wp-content\/uploads\/2022\/07\/Electric-Gate-Valve-300x225.jpg\" alt=\"V\u00e1lvula de compuerta el\u00e9ctrica\" srcset=\"https:\/\/zecovalve.com\/wp-content\/uploads\/2022\/07\/Electric-Gate-Valve-300x225.jpg 300w, https:\/\/zecovalve.com\/wp-content\/uploads\/2022\/07\/Electric-Gate-Valve-768x576.jpg 768w, https:\/\/zecovalve.com\/wp-content\/uploads\/2022\/07\/Electric-Gate-Valve-600x450.jpg 600w, https:\/\/zecovalve.com\/wp-content\/uploads\/2022\/07\/Electric-Gate-Valve.jpg 800w\" sizes=\"auto, (max-width: 300px) 100vw, 300px\" \/><\/figure>\r\n\r\n\r\n<div class=\"gb-button-wrapper gb-button-wrapper-6d8495a3\">\r\n\r\n\r\n<p><a class=\"gb-button gb-button-3d442e11 gb-button-text\" href=\"mailto:commercial@zecovalve.com\" target=\"_blank\" rel=\"noopener noreferrer\"><strong>OBTENER PRECIO DE V\u00c1LVULA DE COMPUERTA ACCIONADA EL\u00c9CTRICA<\/strong><\/a><\/p>\r\n<\/div>\r\n\r\n\r\n\r\n\r\n<h2 class=\"wp-block-heading\" id=\"h-what-is-an-electric-actuated-gate-valve\">\u00bfQu\u00e9 es una v\u00e1lvula de compuerta accionada el\u00e9ctricamente?<\/h2>\r\n\r\n\r\n\r\n<p>La v\u00e1lvula de compuerta accionada el\u00e9ctricamente se refiere al movimiento lineal del actuador de la v\u00e1lvula de compuerta el\u00e9ctrica a trav\u00e9s de voltaje el\u00e9ctrico y control de se\u00f1al para abrir o cerrar la v\u00e1lvula de compuerta. Las v\u00e1lvulas de compuerta el\u00e9ctricas pueden ayudarlo a lograr el prop\u00f3sito del control remoto, ayudarlo a reducir los costos de mano de obra y mejorar la eficiencia de la producci\u00f3n.<\/p>\r\n\r\n\r\n\r\n<p>La v\u00e1lvula de compuerta accionada el\u00e9ctricamente ZECO es una v\u00e1lvula de compuerta controlada por un actuador el\u00e9ctrico. Puede operar la v\u00e1lvula de compuerta de forma remota a trav\u00e9s de un dispositivo el\u00e9ctrico, que generalmente se instala en la parte superior de la v\u00e1lvula de compuerta. Los actuadores el\u00e9ctricos se dividen en tres, uno es de carrera recta: la v\u00e1lvula hacia arriba y hacia abajo para controlar la apertura de la v\u00e1lvula (como v\u00e1lvula de asiento simple, v\u00e1lvula de asiento doble, v\u00e1lvula de manguito, v\u00e1lvula en Y, etc.); El otro es un cuarto de vuelta: el \u00e1ngulo impulsado de la v\u00e1lvula tiene una rotaci\u00f3n de 0 ~ 90 \u00b0 para controlar la apertura de la v\u00e1lvula (como v\u00e1lvula de mariposa exc\u00e9ntrica, v\u00e1lvula de bola, v\u00e1lvula rotativa, v\u00e1lvulas de tap\u00f3n, etc.); El \u00faltimo son los actuadores el\u00e9ctricos de vueltas m\u00faltiples (\u00e1ngulo de 360\u00b0 &gt;) y son adecuados para v\u00e1lvulas de compuerta, v\u00e1lvulas de globo, etc. La rotaci\u00f3n del eje de salida del actuador el\u00e9ctrico dura m\u00e1s de una semana, es decir, m\u00e1s de 360\u00b0, generalmente se necesita m\u00e1s de una. Se puede lograr el control del proceso de apertura y cierre de la v\u00e1lvula de anillo. ZECO es un fabricante profesional de v\u00e1lvulas de compuerta el\u00e9ctricas, la alta calidad crea la marca ZECO.<\/p>\r\n\r\n\r\n\r\n<h2 class=\"wp-block-heading\">\u00bfC\u00f3mo funciona una v\u00e1lvula de compuerta accionada el\u00e9ctricamente?<\/h2>\r\n\r\n\r\n\r\n<p>El par es la fuerza de rotaci\u00f3n que genera un actuador para cerrar una v\u00e1lvula rotacional. Los actuadores el\u00e9ctricos pueden generar esta fuerza transmiti\u00e9ndola al eje de salida y luego al v\u00e1stago de la v\u00e1lvula. Cuando se aplica presi\u00f3n al v\u00e1stago de la v\u00e1lvula, el orificio de la v\u00e1lvula se abre o se cierra.<\/p>\r\n\r\n\r\n\r\n<h2 class=\"wp-block-heading\">\u00bfPara qu\u00e9 se utiliza una v\u00e1lvula de compuerta accionada el\u00e9ctricamente?<\/h2>\r\n\r\n\r\n\r\n<p>La v\u00e1lvula de compuerta accionada el\u00e9ctricamente es una de las v\u00e1lvulas de corte m\u00e1s com\u00fanmente utilizadas, se utiliza principalmente para conectar o cortar el medio en la tuber\u00eda, pero no es adecuada para ajustar el flujo del medio. La v\u00e1lvula de compuerta es adecuada para un amplio rango de presi\u00f3n, temperatura y calibre, especialmente adecuada para tuber\u00edas de mediano y gran di\u00e1metro.<\/p>\r\n\r\n\r\n\r\n<h2 class=\"wp-block-heading\" id=\"h-features-of-electric-gate-valve\">Caracter\u00edsticas de la v\u00e1lvula de compuerta el\u00e9ctrica:<\/h2>\r\n\r\n\r\n\r\n<ul class=\"wp-block-list\">\r\n<li>1. El anillo espaciador junto con la empaquetadura se usa en v\u00e1lvulas de compuerta de clase 300 y superiores, mientras que la v\u00e1lvula de clase 150 solo est\u00e1 equipada con empaquetadura; el embalaje con anillo de linterna est\u00e1 disponible a petici\u00f3n del cliente;<\/li>\r\n<li>2. La cu\u00f1a flexible puede compensar la distorsi\u00f3n de la superficie del asiento y la deformaci\u00f3n del cuerpo causadas por la tensi\u00f3n de la tuber\u00eda;<\/li>\r\n<li>3. Dise\u00f1o de retenci\u00f3n de explosi\u00f3n: la cara c\u00f3nica del asiento trasero hace contacto firmemente con el asiento trasero del cap\u00f3 y la resistencia de la conexi\u00f3n cap\u00f3-cu\u00f1a excede la de la ra\u00edz de la rosca del cap\u00f3;<\/li>\r\n<li>4. La v\u00e1lvula de compuerta el\u00e9ctrica ZECO est\u00e1 equipada de serie con un actuador el\u00e9ctrico AUMA. Otras marcas se pueden personalizar seg\u00fan los requisitos de los clientes.<\/li>\r\n<\/ul>\r\n\r\n\r\n\r\n<h2 class=\"wp-block-heading\">Aplicaciones de v\u00e1lvulas de compuerta accionadas el\u00e9ctricamente<\/h2>\r\n\r\n\r\n\r\n<p>La v\u00e1lvula de compuerta accionada el\u00e9ctricamente es adecuada para agua, aceite, cemento, pulpa de papel y otros medios, y se usa ampliamente en papel y pulpa, plantas de energ\u00eda, astilleros, tratamiento de aguas residuales, etc.<\/p>\r\n\r\n\r\n\r\n<h2 class=\"wp-block-heading\" id=\"h-material-of-electric-actuated-gate-valves\">Material de las v\u00e1lvulas de compuerta accionadas el\u00e9ctricamente<\/h2>\r\n\r\n\r\n\r\n<ul class=\"wp-block-list\">\r\n<li>Tipo de actuador: Actuador de v\u00e1lvula de compuerta el\u00e9ctrica multivuelta<\/li>\r\n<li>Material del cuerpo: acero al carbono, acero inoxidable, acero forjado, etc.<\/li>\r\n<li>Presi\u00f3n: 10 \/ 16 \/ 20 \/ 40 \/ 64 bar (#150 \/ #300 \/ #400 \/ #600 \/ #900)<\/li>\r\n<li>Temperatura del medio: -196 a 585 \u2103<\/li>\r\n<li>Medios adecuados: agua, aire, petr\u00f3leo, gas, pulpa, cemento, etc.<\/li>\r\n<li>Voltaje: Trif\u00e1sico: 380V AC. Rango: 380 VCA ~ 420 VCA; Monof\u00e1sico: 220V CA. Rango: 200 VCA ~ 240 VCA<\/li>\r\n<\/ul>","protected":false},"excerpt":{"rendered":"<p>\u00bfQu\u00e9 es una v\u00e1lvula de compuerta accionada el\u00e9ctricamente? La v\u00e1lvula de compuerta accionada el\u00e9ctricamente se refiere al movimiento lineal del actuador de la v\u00e1lvula de compuerta el\u00e9ctrica... <a title=\"V\u00e1lvula de compuerta de accionamiento el\u00e9ctrico\" class=\"read-more\" href=\"https:\/\/zecovalve.com\/es\/producto\/electric-gate-valve\" aria-label=\"M\u00e1s en V\u00e1lvula de compuerta accionada el\u00e9ctricamente\">Leer m\u00e1s<\/a><\/p>","protected":false},"featured_media":27873,"comment_status":"closed","ping_status":"closed","template":"","meta":{"_generate-full-width-content":"","kt_blocks_editor_width":""},"product_cat":[2052,2457],"product_tag":[2766,2727,2798,2723],"class_list":["post-16263","product","type-product","status-publish","has-post-thumbnail","hentry","product_cat-gate-valve","product_cat-gate-valve-by-drive-mode","product_tag-motorised-valve","product_tag-motorized-valve","product_tag-osy-valve","product_tag-what-is-a-valve","sales-flash-overlay","woocommerce-text-align-center","woocommerce-image-align-center","do-quantity-buttons"],"featured_image_src_large":["https:\/\/zecovalve.com\/wp-content\/uploads\/2022\/06\/Electric-Actuated-Gate-Valve.jpg",800,600,false],"author_info":[],"comment_info":0,"taxonomy_info":{"product_cat":[{"value":2052,"label":"Gate Valve"},{"value":2457,"label":"Gate Valve with Actuator"}],"product_tag":[{"value":2766,"label":"Motorised Valve"},{"value":2727,"label":"Motorized Valve"},{"value":2798,"label":"OS&amp;Y Valve"},{"value":2723,"label":"What is a Valve"}]},"yoast_head":"<!-- This site is optimized with the Yoast SEO Premium plugin v15.4 - https:\/\/yoast.com\/wordpress\/plugins\/seo\/ -->\n<title>Electric Actuated Gate Valve - Actuated Gate Valve | ZECO Valve<\/title>\n<meta name=\"robots\" content=\"index, follow, max-snippet:-1, max-image-preview:large, max-video-preview:-1\" \/>\n<link rel=\"canonical\" href=\"https:\/\/zecovalve.com\/es\/producto\/electric-gate-valve\" \/>\n<meta property=\"og:locale\" content=\"es_ES\" \/>\n<meta property=\"og:type\" content=\"article\" \/>\n<meta property=\"og:title\" content=\"Electric Actuated Gate Valve - Actuated Gate Valve | ZECO Valve\" \/>\n<meta property=\"og:description\" content=\"What is an Electric Actuated Gate Valve? Electric actuated gate valve refers to the linear movement of the electric gate valve actuator ... Leer m\u00e1s\" \/>\n<meta property=\"og:url\" content=\"https:\/\/zecovalve.com\/es\/producto\/electric-gate-valve\" \/>\n<meta property=\"og:site_name\" content=\"ZECO Valve\" \/>\n<meta property=\"article:modified_time\" content=\"2023-06-07T13:55:37+00:00\" \/>\n<meta property=\"og:image\" content=\"https:\/\/zecovalve.com\/wp-content\/uploads\/2022\/06\/Electric-Actuated-Gate-Valve.jpg\" \/>\n\t<meta property=\"og:image:width\" content=\"800\" \/>\n\t<meta property=\"og:image:height\" content=\"600\" \/>\n<meta name=\"twitter:card\" content=\"summary_large_image\" \/>\n<meta name=\"twitter:label1\" content=\"Escrito por\">\n\t<meta name=\"twitter:data1\" content=\"Jerry\">\n\t<meta name=\"twitter:label2\" content=\"Tiempo de lectura\">\n\t<meta name=\"twitter:data2\" content=\"2 minutos\">\n<script type=\"application\/ld+json\" class=\"yoast-schema-graph\">{\"@context\":\"https:\/\/schema.org\",\"@graph\":[{\"@type\":\"WebSite\",\"@id\":\"https:\/\/zecovalve.com\/#website\",\"url\":\"https:\/\/zecovalve.com\/\",\"name\":\"ZECO Valve\",\"description\":\"Industrial Ball Valve, Gate Valve and Globe Valve Manufacturer\",\"potentialAction\":[{\"@type\":\"SearchAction\",\"target\":\"https:\/\/zecovalve.com\/?s={search_term_string}\",\"query-input\":\"required name=search_term_string\"}],\"inLanguage\":\"es\"},{\"@type\":\"ImageObject\",\"@id\":\"https:\/\/zecovalve.com\/product\/electric-gate-valve#primaryimage\",\"inLanguage\":\"es\",\"url\":\"https:\/\/zecovalve.com\/wp-content\/uploads\/2022\/06\/Electric-Actuated-Gate-Valve.jpg\",\"width\":800,\"height\":600,\"caption\":\"Electric Actuated Gate Valve\"},{\"@type\":\"WebPage\",\"@id\":\"https:\/\/zecovalve.com\/product\/electric-gate-valve#webpage\",\"url\":\"https:\/\/zecovalve.com\/product\/electric-gate-valve\",\"name\":\"Electric Actuated Gate Valve - Actuated Gate Valve | ZECO Valve\",\"isPartOf\":{\"@id\":\"https:\/\/zecovalve.com\/#website\"},\"primaryImageOfPage\":{\"@id\":\"https:\/\/zecovalve.com\/product\/electric-gate-valve#primaryimage\"},\"datePublished\":\"2022-06-20T12:56:16+00:00\",\"dateModified\":\"2023-06-07T13:55:37+00:00\",\"breadcrumb\":{\"@id\":\"https:\/\/zecovalve.com\/product\/electric-gate-valve#breadcrumb\"},\"inLanguage\":\"es\",\"potentialAction\":[{\"@type\":\"ReadAction\",\"target\":[\"https:\/\/zecovalve.com\/product\/electric-gate-valve\"]}]},{\"@type\":\"BreadcrumbList\",\"@id\":\"https:\/\/zecovalve.com\/product\/electric-gate-valve#breadcrumb\",\"itemListElement\":[{\"@type\":\"ListItem\",\"position\":1,\"item\":{\"@type\":\"WebPage\",\"@id\":\"https:\/\/zecovalve.com\/\",\"url\":\"https:\/\/zecovalve.com\/\",\"name\":\"Home\"}},{\"@type\":\"ListItem\",\"position\":2,\"item\":{\"@type\":\"WebPage\",\"@id\":\"https:\/\/zecovalve.com\/product-category\",\"url\":\"https:\/\/zecovalve.com\/product-category\",\"name\":\"Industrial Valve Manufacturer | Water Valve Manufacturer\"}},{\"@type\":\"ListItem\",\"position\":3,\"item\":{\"@type\":\"WebPage\",\"@id\":\"https:\/\/zecovalve.com\/product\/electric-gate-valve\",\"url\":\"https:\/\/zecovalve.com\/product\/electric-gate-valve\",\"name\":\"Electric Actuated Gate Valve\"}}]}]}<\/script>\n<!-- \/ Yoast SEO Premium plugin. -->","_links":{"self":[{"href":"https:\/\/zecovalve.com\/es\/wp-json\/wp\/v2\/product\/16263","targetHints":{"allow":["GET"]}}],"collection":[{"href":"https:\/\/zecovalve.com\/es\/wp-json\/wp\/v2\/product"}],"about":[{"href":"https:\/\/zecovalve.com\/es\/wp-json\/wp\/v2\/types\/product"}],"replies":[{"embeddable":true,"href":"https:\/\/zecovalve.com\/es\/wp-json\/wp\/v2\/comments?post=16263"}],"wp:featuredmedia":[{"embeddable":true,"href":"https:\/\/zecovalve.com\/es\/wp-json\/wp\/v2\/media\/27873"}],"wp:attachment":[{"href":"https:\/\/zecovalve.com\/es\/wp-json\/wp\/v2\/media?parent=16263"}],"wp:term":[{"taxonomy":"product_cat","embeddable":true,"href":"https:\/\/zecovalve.com\/es\/wp-json\/wp\/v2\/product_cat?post=16263"},{"taxonomy":"product_tag","embeddable":true,"href":"https:\/\/zecovalve.com\/es\/wp-json\/wp\/v2\/product_tag?post=16263"}],"curies":[{"name":"wp","href":"https:\/\/api.w.org\/{rel}","templated":true}]}}