{"id":16272,"date":"2022-06-20T13:06:39","date_gmt":"2022-06-20T13:06:39","guid":{"rendered":"https:\/\/zecovalve.com\/?post_type=product&#038;p=16272"},"modified":"2023-06-07T07:04:40","modified_gmt":"2023-06-07T07:04:40","slug":"forged-ball-valve","status":"publish","type":"product","link":"https:\/\/zecovalve.com\/es\/producto\/forged-ball-valve","title":{"rendered":"V\u00e1lvula de bola forjada - V\u00e1lvula de bola de bronce"},"content":{"rendered":"<p>Las v\u00e1lvulas de bola de bronce forjado se utilizan com\u00fanmente en condiciones de agua de mar altamente corrosivas.<\/p>\r\n\r\n\r\n\r\n<div class=\"wp-block-columns is-layout-flex wp-container-core-columns-is-layout-9d6595d7 wp-block-columns-is-layout-flex\">\r\n<div class=\"wp-block-column is-layout-flow wp-block-column-is-layout-flow\">\r\n<figure class=\"wp-block-image size-large\"><img decoding=\"async\" src=\"https:\/\/zecovalve.com\/wp-content\/uploads\/2022\/06\/14-forged-ball-valve-300x225.jpg\" alt=\"\" \/><\/figure>\r\n<\/div>\r\n\r\n\r\n\r\n<div class=\"wp-block-column is-layout-flow wp-block-column-is-layout-flow\">\r\n<figure class=\"wp-block-image size-large\"><img decoding=\"async\" src=\"https:\/\/zecovalve.com\/wp-content\/uploads\/2022\/06\/14-forged-ball-valve-1-300x225.jpg\" alt=\"\" \/><\/figure>\r\n<\/div>\r\n\r\n\r\n\r\n<div class=\"wp-block-column is-layout-flow wp-block-column-is-layout-flow\">\r\n<figure class=\"wp-block-image size-large\"><img decoding=\"async\" src=\"https:\/\/zecovalve.com\/wp-content\/uploads\/2022\/06\/14-forged-ball-valve-2-300x225.jpg\" alt=\"\" \/><\/figure>\r\n<\/div>\r\n<\/div>\r\n\r\n\r\n\r\n<div class=\"wp-block-columns is-layout-flex wp-container-core-columns-is-layout-9d6595d7 wp-block-columns-is-layout-flex\">\r\n<div class=\"wp-block-column is-layout-flow wp-block-column-is-layout-flow\">\r\n<figure class=\"wp-block-image size-large\"><img decoding=\"async\" src=\"https:\/\/zecovalve.com\/wp-content\/uploads\/2022\/06\/14-forged-ball-valve-3-300x225.jpg\" alt=\"\" \/><\/figure>\r\n<\/div>\r\n\r\n\r\n\r\n<div class=\"wp-block-column is-layout-flow wp-block-column-is-layout-flow\">\r\n<figure class=\"wp-block-image size-large\"><img decoding=\"async\" src=\"https:\/\/zecovalve.com\/wp-content\/uploads\/2022\/06\/14-forged-ball-valve-4-300x225.jpg\" alt=\"\" \/><\/figure>\r\n<\/div>\r\n\r\n\r\n\r\n<div class=\"wp-block-column is-layout-flow wp-block-column-is-layout-flow\">\r\n<figure class=\"wp-block-image size-large\"><img decoding=\"async\" src=\"https:\/\/zecovalve.com\/wp-content\/uploads\/2022\/06\/14-forged-ball-valve-5-300x225.jpg\" alt=\"\" \/><\/figure>\r\n<\/div>\r\n\r\n\r\n\r\n<div class=\"wp-block-column is-layout-flow wp-block-column-is-layout-flow\">\r\n<figure class=\"wp-block-image size-large\"><img decoding=\"async\" src=\"https:\/\/zecovalve.com\/wp-content\/uploads\/2022\/06\/forged-ball-valve-300x225.jpg\" alt=\"\" \/><\/figure>\r\n<\/div>\r\n<\/div>\r\n\r\n\r\n<div class=\"gb-button-wrapper gb-button-wrapper-6d8495a3\">\r\n\r\n\r\n<p><a class=\"gb-button gb-button-3d442e11 gb-button-text\" href=\"https:\/\/zecovalve.com\/es\/contact\/\" target=\"_blank\" rel=\"noopener noreferrer\"><strong>OBTENER PRECIO DE V\u00c1LVULA<\/strong><\/a><\/p>\r\n<\/div>\r\n\r\n\r\n\r\n\r\n<h2 class=\"wp-block-heading\">\u00bfQu\u00e9 es una v\u00e1lvula de bola de bronce?<\/h2>\r\n\r\n\r\n\r\n<p>La v\u00e1lvula de bola de bronce significa que el cuerpo, el cap\u00f3 y la bola, as\u00ed como las piezas internas, est\u00e1n hechos de bronce. Com\u00fanmente utilizado en ambientes resistentes a la corrosi\u00f3n, como las condiciones del agua de mar.<\/p>\r\n\r\n\r\n\r\n<h3 class=\"wp-block-heading\">\u00bfQu\u00e9 es el material de bronce?<\/h3>\r\n\r\n\r\n\r\n<p>El bronce es una aleaci\u00f3n a base de cobre que normalmente consta de aproximadamente 88% de cobre y 12% de esta\u00f1o. Tambi\u00e9n pueden estar presentes en la aleaci\u00f3n trazas de otros metales, como aluminio, manganeso, f\u00f3sforo y silicio.<\/p>\r\n\r\n\r\n\r\n<p>El material de bronce se puede clasificar como bronce de aluminio, bronce de aluminio y n\u00edquel, bronce de aluminio y silicio y bronce de manganeso, etc. Los grados m\u00e1s utilizados son ASTM B148 C95800, ASTM B62 C83600, ASTM B283 C61900, etc.<\/p>\r\n\r\n\r\n\r\n<h3 class=\"wp-block-heading\">Ventajas del material de bronce<\/h3>\r\n\r\n\r\n\r\n<ul class=\"wp-block-list\">\r\n<li>Excelente conductividad t\u00e9rmica<\/li>\r\n<li>Resistencia a la corrosi\u00f3n del agua salada<\/li>\r\n<li>Alta ductilidad<\/li>\r\n<\/ul>\r\n<h2>Aplicaciones de las v\u00e1lvulas de bronce<\/h2>\r\n<p>Las v\u00e1lvulas de bronce se utilizan com\u00fanmente en la industria petroqu\u00edmica y en casos de uso de alto rendimiento, particularmente en entornos marinos donde se requieren bajos niveles de corrosi\u00f3n.<\/p>\r\n\r\n\r\n\r\n<h2 class=\"wp-block-heading\" id=\"h-what-is-a-forged-ball-valve\">\u00bfQu\u00e9 es una v\u00e1lvula de bola forjada?<\/h2>\r\n\r\n\r\n\r\n<p>La v\u00e1lvula de bola forjada ZECO se divide en v\u00e1lvulas de bola forjadas de dos piezas y v\u00e1lvulas de bola forjadas de tres piezas, as\u00ed como v\u00e1lvulas de bola forjadas de di\u00e1metro peque\u00f1o y v\u00e1lvulas de bola forjadas de di\u00e1metro grande, que se utilizan ampliamente en diversas condiciones industriales de alta presi\u00f3n. Por lo general, presi\u00f3n de 600 lb, 800 lb, 900 lb, 1500 lb, temperatura de trabajo en varias tuber\u00edas: 46 \u2103 ~ 425 \u2103. Por supuesto, 150 LB y 300 LB de baja presi\u00f3n tambi\u00e9n se utilizan con frecuencia en la lista de usuarios. Sus materiales tambi\u00e9n incluyen ASTM A105, ASTM A182 F304, ASTM A182 F316, ASTM B283 C61900, ASTM B148 C95800 y otros materiales de forja.<\/p>\r\n\r\n\r\n\r\n<h2 class=\"wp-block-heading\" id=\"h-features-of-forged-ball-valve\">Caracter\u00edsticas de la v\u00e1lvula de bola forjada:<\/h2>\r\n\r\n\r\n\r\n<ul class=\"wp-block-list\">\r\n<li>La v\u00e1lvula de bola forjada ZECO tiene asientos con efecto de doble pist\u00f3n que se activan por presi\u00f3n en ambas direcciones. Por lo tanto, los anillos de asiento siempre son empujados contra la bola por la presi\u00f3n de arriba\/de abajo o de la cavidad. Si el asiento aguas arriba falla, el asiento aguas abajo todav\u00eda puede garantizar un sellado herm\u00e9tico. Ampliamente utilizado en aplicaciones espec\u00edficas o para algunas pruebas de presi\u00f3n de tuber\u00edas. Dado que las v\u00e1lvulas de efecto de doble pist\u00f3n no tienen la funci\u00f3n de alivio autom\u00e1tico, se deber\u00e1 proporcionar la v\u00e1lvula autom\u00e1tica de alivio de presi\u00f3n de la cavidad, a menos que se acuerde lo contrario;<\/li>\r\n<li>La v\u00e1lvula de bola de forja ZECO tiene un asiento de alivio autom\u00e1tico. Si la fuerza creada por la presi\u00f3n de la cavidad del cuerpo es mayor que la fuerza del resorte precargado m\u00e1s la fuerza creada por la presi\u00f3n de la tuber\u00eda, la presi\u00f3n de la cavidad se libera a trav\u00e9s del asiento de alivio autom\u00e1tico, el asiento con efecto de doble pist\u00f3n a\u00fan funciona como un sello herm\u00e9tico;<\/li>\r\n<li>La v\u00e1lvula de bola forjada ZECO est\u00e1 disponible en configuraciones adicionales a pedido, como el dise\u00f1o de asiento de anillo Delta, es m\u00e1s f\u00e1cil de sellar;<\/li>\r\n<li>La v\u00e1lvula de bola forjada ZECO est\u00e1 disponible en configuraciones adicionales a pedido, como el dise\u00f1o Lipseal, que es m\u00e1s f\u00e1cil de conservar.<\/li>\r\n<\/ul>\r\n\r\n\r\n\r\n<h2 class=\"wp-block-heading\" id=\"h-material-of-forged-ball-valve\">Material de la v\u00e1lvula de bola forjada:<\/h2>\r\n\r\n\r\n\r\n<figure class=\"wp-block-table\">\r\n<table>\r\n<tbody>\r\n<tr>\r\n<td>No<\/td>\r\n<td>Pieza<\/td>\r\n<td>Material<\/td>\r\n<\/tr>\r\n<tr>\r\n<td>1<\/td>\r\n<td>Cuerpo<\/td>\r\n<td>ASTM B283 C61900<\/td>\r\n<\/tr>\r\n<tr>\r\n<td>2<\/td>\r\n<td>Cap\u00f3<\/td>\r\n<td>ASTM B283 C61900<\/td>\r\n<\/tr>\r\n<tr>\r\n<td>3<\/td>\r\n<td>Bola<\/td>\r\n<td>ASTM B283 C61900<\/td>\r\n<\/tr>\r\n<tr>\r\n<td>4<\/td>\r\n<td>Asiento<\/td>\r\n<td>TEFLON<\/td>\r\n<\/tr>\r\n<tr>\r\n<td>5<\/td>\r\n<td>V\u00e1stago<\/td>\r\n<td>ASTM B283 C61900<\/td>\r\n<\/tr>\r\n<tr>\r\n<td>6<\/td>\r\n<td>Empaquetadura de v\u00e1stago<\/td>\r\n<td>Grafito<\/td>\r\n<\/tr>\r\n<tr>\r\n<td>7<\/td>\r\n<td>Junta<\/td>\r\n<td>Grafito<\/td>\r\n<\/tr>\r\n<tr>\r\n<td>8<\/td>\r\n<td>Perno<\/td>\r\n<td>ASTM A193 B8M<\/td>\r\n<\/tr>\r\n<tr>\r\n<td>9<\/td>\r\n<td>Tuerca<\/td>\r\n<td>ASTM A194 8M<\/td>\r\n<\/tr>\r\n<tr>\r\n<td>10<\/td>\r\n<td>Collar\u00edn de parada<\/td>\r\n<td>ASTM A1025<\/td>\r\n<\/tr>\r\n<tr>\r\n<td>11<\/td>\r\n<td>Palanca<\/td>\r\n<td>ASTM A351 CF8<\/td>\r\n<\/tr>\r\n<\/tbody>\r\n<\/table>\r\n<\/figure>","protected":false},"excerpt":{"rendered":"<p>Las v\u00e1lvulas de bola de bronce forjado se utilizan com\u00fanmente en condiciones de agua de mar altamente corrosivas. \u00bfQu\u00e9 es una v\u00e1lvula de bola de bronce? La v\u00e1lvula de bola de bronce... <a title=\"V\u00e1lvula de bola forjada \u2013 V\u00e1lvula de bola de bronce\" class=\"read-more\" href=\"https:\/\/zecovalve.com\/es\/producto\/forged-ball-valve\" aria-label=\"M\u00e1s en V\u00e1lvula de bola forjada \u2013 V\u00e1lvula de bola de bronce\">Leer m\u00e1s<\/a><\/p>","protected":false},"featured_media":27856,"comment_status":"closed","ping_status":"closed","template":"","meta":{"_generate-full-width-content":"","kt_blocks_editor_width":""},"product_cat":[2047,2461,2465],"product_tag":[2655,2804,2656],"class_list":["post-16272","product","type-product","status-publish","has-post-thumbnail","hentry","product_cat-ball-valve","product_cat-ball-valve-by-material","product_cat-forged-steel-ball-valve","product_tag-1-2-ball-valve","product_tag-2-inch-ball-valve","product_tag-3-4-ball-valve","sales-flash-overlay","woocommerce-text-align-center","woocommerce-image-align-center","do-quantity-buttons"],"featured_image_src_large":["https:\/\/zecovalve.com\/wp-content\/uploads\/2022\/06\/Forged-Ball-Valve-Bronze-Ball-Valve.jpg",800,600,false],"author_info":[],"comment_info":0,"taxonomy_info":{"product_cat":[{"value":2047,"label":"Ball Valve"},{"value":2461,"label":"Ball Valve By Material"},{"value":2465,"label":"Forged Ball Valve"}],"product_tag":[{"value":2655,"label":"1 2 ball valve"},{"value":2804,"label":"2 inch Ball Valve"},{"value":2656,"label":"3 4 ball valve"}]},"yoast_head":"<!-- This site is optimized with the Yoast SEO Premium plugin v15.4 - https:\/\/yoast.com\/wordpress\/plugins\/seo\/ -->\n<title>Bronze Ball Valve - Forged Ball Valve Manufacturer | ZECO Valve<\/title>\n<meta name=\"robots\" content=\"index, follow, max-snippet:-1, max-image-preview:large, max-video-preview:-1\" \/>\n<link rel=\"canonical\" href=\"https:\/\/zecovalve.com\/es\/producto\/forged-ball-valve\" \/>\n<meta property=\"og:locale\" content=\"es_ES\" \/>\n<meta property=\"og:type\" content=\"article\" \/>\n<meta property=\"og:title\" content=\"Bronze Ball Valve - Forged Ball Valve Manufacturer | ZECO Valve\" \/>\n<meta property=\"og:description\" content=\"Forged bronze ball valves are commonly used in highly corrosive seawater conditions. What is a Bronze Ball Valve? The bronze ball valve ... Leer m\u00e1s\" \/>\n<meta property=\"og:url\" content=\"https:\/\/zecovalve.com\/es\/producto\/forged-ball-valve\" \/>\n<meta property=\"og:site_name\" content=\"ZECO Valve\" \/>\n<meta property=\"article:modified_time\" content=\"2023-06-07T07:04:40+00:00\" \/>\n<meta property=\"og:image\" content=\"https:\/\/zecovalve.com\/wp-content\/uploads\/2022\/06\/Forged-Ball-Valve-Bronze-Ball-Valve.jpg\" \/>\n\t<meta property=\"og:image:width\" content=\"800\" \/>\n\t<meta property=\"og:image:height\" content=\"600\" \/>\n<meta name=\"twitter:card\" content=\"summary_large_image\" \/>\n<meta name=\"twitter:label1\" content=\"Escrito por\">\n\t<meta name=\"twitter:data1\" content=\"Jerry\">\n\t<meta name=\"twitter:label2\" content=\"Tiempo de lectura\">\n\t<meta name=\"twitter:data2\" content=\"2 minutos\">\n<script type=\"application\/ld+json\" class=\"yoast-schema-graph\">{\"@context\":\"https:\/\/schema.org\",\"@graph\":[{\"@type\":\"WebSite\",\"@id\":\"https:\/\/zecovalve.com\/#website\",\"url\":\"https:\/\/zecovalve.com\/\",\"name\":\"ZECO Valve\",\"description\":\"Industrial Ball Valve, Gate Valve and Globe Valve Manufacturer\",\"potentialAction\":[{\"@type\":\"SearchAction\",\"target\":\"https:\/\/zecovalve.com\/?s={search_term_string}\",\"query-input\":\"required name=search_term_string\"}],\"inLanguage\":\"es\"},{\"@type\":\"ImageObject\",\"@id\":\"https:\/\/zecovalve.com\/product\/forged-ball-valve#primaryimage\",\"inLanguage\":\"es\",\"url\":\"https:\/\/zecovalve.com\/wp-content\/uploads\/2022\/06\/Forged-Ball-Valve-Bronze-Ball-Valve.jpg\",\"width\":800,\"height\":600,\"caption\":\"Forged Ball Valve - Bronze Ball Valve\"},{\"@type\":\"WebPage\",\"@id\":\"https:\/\/zecovalve.com\/product\/forged-ball-valve#webpage\",\"url\":\"https:\/\/zecovalve.com\/product\/forged-ball-valve\",\"name\":\"Bronze Ball Valve - Forged Ball Valve Manufacturer | ZECO Valve\",\"isPartOf\":{\"@id\":\"https:\/\/zecovalve.com\/#website\"},\"primaryImageOfPage\":{\"@id\":\"https:\/\/zecovalve.com\/product\/forged-ball-valve#primaryimage\"},\"datePublished\":\"2022-06-20T13:06:39+00:00\",\"dateModified\":\"2023-06-07T07:04:40+00:00\",\"breadcrumb\":{\"@id\":\"https:\/\/zecovalve.com\/product\/forged-ball-valve#breadcrumb\"},\"inLanguage\":\"es\",\"potentialAction\":[{\"@type\":\"ReadAction\",\"target\":[\"https:\/\/zecovalve.com\/product\/forged-ball-valve\"]}]},{\"@type\":\"BreadcrumbList\",\"@id\":\"https:\/\/zecovalve.com\/product\/forged-ball-valve#breadcrumb\",\"itemListElement\":[{\"@type\":\"ListItem\",\"position\":1,\"item\":{\"@type\":\"WebPage\",\"@id\":\"https:\/\/zecovalve.com\/\",\"url\":\"https:\/\/zecovalve.com\/\",\"name\":\"Home\"}},{\"@type\":\"ListItem\",\"position\":2,\"item\":{\"@type\":\"WebPage\",\"@id\":\"https:\/\/zecovalve.com\/product-category\",\"url\":\"https:\/\/zecovalve.com\/product-category\",\"name\":\"Industrial Valve Manufacturer | Water Valve Manufacturer\"}},{\"@type\":\"ListItem\",\"position\":3,\"item\":{\"@type\":\"WebPage\",\"@id\":\"https:\/\/zecovalve.com\/product\/forged-ball-valve\",\"url\":\"https:\/\/zecovalve.com\/product\/forged-ball-valve\",\"name\":\"Forged Ball Valve &#8211; Bronze Ball Valve\"}}]}]}<\/script>\n<!-- \/ Yoast SEO Premium plugin. -->","_links":{"self":[{"href":"https:\/\/zecovalve.com\/es\/wp-json\/wp\/v2\/product\/16272","targetHints":{"allow":["GET"]}}],"collection":[{"href":"https:\/\/zecovalve.com\/es\/wp-json\/wp\/v2\/product"}],"about":[{"href":"https:\/\/zecovalve.com\/es\/wp-json\/wp\/v2\/types\/product"}],"replies":[{"embeddable":true,"href":"https:\/\/zecovalve.com\/es\/wp-json\/wp\/v2\/comments?post=16272"}],"wp:featuredmedia":[{"embeddable":true,"href":"https:\/\/zecovalve.com\/es\/wp-json\/wp\/v2\/media\/27856"}],"wp:attachment":[{"href":"https:\/\/zecovalve.com\/es\/wp-json\/wp\/v2\/media?parent=16272"}],"wp:term":[{"taxonomy":"product_cat","embeddable":true,"href":"https:\/\/zecovalve.com\/es\/wp-json\/wp\/v2\/product_cat?post=16272"},{"taxonomy":"product_tag","embeddable":true,"href":"https:\/\/zecovalve.com\/es\/wp-json\/wp\/v2\/product_tag?post=16272"}],"curies":[{"name":"wp","href":"https:\/\/api.w.org\/{rel}","templated":true}]}}