{"id":16285,"date":"2022-06-20T13:13:37","date_gmt":"2022-06-20T13:13:37","guid":{"rendered":"https:\/\/zecovalve.com\/?post_type=product&#038;p=16285"},"modified":"2023-06-15T12:43:17","modified_gmt":"2023-06-15T12:43:17","slug":"4-inch-gate-valve","status":"publish","type":"product","link":"https:\/\/zecovalve.com\/es\/producto\/4-inch-gate-valve","title":{"rendered":"V\u00e1lvula de compuerta de 4 pulgadas"},"content":{"rendered":"<p>La v\u00e1lvula de compuerta de 4 pulgadas se distingue por el tama\u00f1o de la v\u00e1lvula de compuerta, la v\u00e1lvula de compuerta de 4 pulgadas con DN es decir DN100.<\/p>\r\n\r\n\r\n\r\n<figure class=\"wp-block-image alignnone size-medium wp-image-16286\">\r\n<p><img loading=\"lazy\" decoding=\"async\" class=\"wp-image-27884 size-medium\" src=\"https:\/\/zecovalve.com\/wp-content\/uploads\/2022\/06\/4-inch-Gate-Valve-2-300x225.jpg\" alt=\"V\u00e1lvula de compuerta de 4 pulgadas\" width=\"300\" height=\"225\" srcset=\"https:\/\/zecovalve.com\/wp-content\/uploads\/2022\/06\/4-inch-Gate-Valve-2-300x225.jpg 300w, https:\/\/zecovalve.com\/wp-content\/uploads\/2022\/06\/4-inch-Gate-Valve-2-768x576.jpg 768w, https:\/\/zecovalve.com\/wp-content\/uploads\/2022\/06\/4-inch-Gate-Valve-2-600x450.jpg 600w, https:\/\/zecovalve.com\/wp-content\/uploads\/2022\/06\/4-inch-Gate-Valve-2.jpg 800w\" sizes=\"auto, (max-width: 300px) 100vw, 300px\" \/><\/p>\r\n<\/figure>\r\n\r\n\r\n<div class=\"gb-button-wrapper gb-button-wrapper-6d8495a3\">\r\n\r\n\r\n<p><a class=\"gb-button gb-button-3d442e11 gb-button-text\" href=\"mailto:commercial@zecovalve.com\" target=\"_blank\" rel=\"noopener noreferrer\"><strong>OBT\u00c9N PRECIO DE V\u00c1LVULA DE COMPUERTA DE 4 PULGADAS<\/strong><\/a><\/p>\r\n<\/div>\r\n\r\n\r\n\r\n\r\n<h2 class=\"wp-block-heading\" id=\"h-what-is-a-4-inch-gate-valve\">\u00bfQu\u00e9 es una v\u00e1lvula de compuerta de 4 pulgadas?<\/h2>\r\n\r\n\r\n\r\n<p>La v\u00e1lvula de compuerta ZECO de 4 pulgadas es uno de los tama\u00f1os m\u00e1s utilizados. La v\u00e1lvula de compuerta en la l\u00ednea simplemente cambia el efecto y parece peque\u00f1a, la compuerta realmente peque\u00f1a para proteger la tuber\u00eda es muy importante, aunque el interruptor de la v\u00e1lvula de compuerta tarda mucho tiempo, el torque de la v\u00e1lvula de compuerta necesario para encenderse, en caso de una emergencia, si solo hay una persona en l\u00ednea, si va a cerrar una v\u00e1lvula de bola de 4 pulgadas, es posible que el humano sea muy grande, si el proceso de fabricaci\u00f3n es una peque\u00f1a omisi\u00f3n que causa un torque excesivo, es probable que tampoco se abra, pero la puerta se opera con el volante , gire el volante para impulsar el v\u00e1stago promovido, esto en s\u00ed es un proceso de apertura, es muy ligero.<\/p>\r\n\r\n\r\n\r\n<h2 class=\"wp-block-heading\" id=\"h-features-of-4-gate-valve\">Caracter\u00edsticas de la v\u00e1lvula de 4 compuertas<\/h2>\r\n\r\n\r\n\r\n<ul class=\"wp-block-list\">\r\n<li>El v\u00e1stago de la v\u00e1lvula de compuerta ZECO de 4 pulgadas adopta una cabeza en T que es integral. Es mucho m\u00e1s resistente que un v\u00e1stago roscado o soldado y es menos propenso a doblarse por alta presi\u00f3n;<\/li>\r\n<li>El prensaestopas de la v\u00e1lvula de compuerta ZECO de 4 pulgadas es lo suficientemente profundo como para garantizar un empaque suficiente para mantener el v\u00e1stago sellado durante mucho tiempo. Los requisitos de dise\u00f1o est\u00e1ndar instalados del prensaestopas cumplen con los requisitos de emisiones no organizadas de &lt;100 ppm, la protecci\u00f3n ambiental de ZECO ha obtenido la certificaci\u00f3n ISO 14001, con un sentido de responsabilidad social de las obligaciones empresariales;<\/li>\r\n<li>El dise\u00f1o del volante de la v\u00e1lvula de compuerta ZECO de 4 pulgadas hace que la v\u00e1lvula sea f\u00e1cil de operar; el proceso de operaci\u00f3n manual se utiliza para encender. Tambi\u00e9n se encuentran disponibles accionamientos de turbina y dispositivos el\u00e9ctricos y neum\u00e1ticos;<\/li>\r\n<li>La v\u00e1lvula de compuerta ZECO de 4 pulgadas se ha enviado a todas partes del mundo y ha sido bien recibida por los usuarios de las compa\u00f1\u00edas petroleras y de gas natural. ZECO se ha ganado el reconocimiento de usuarios de todo el mundo y oportunidades de cooperaci\u00f3n a largo plazo con su calidad.<\/li>\r\n<\/ul>\r\n\r\n\r\n\r\n<h2 class=\"wp-block-heading\">Dimensiones y peso de la v\u00e1lvula de compuerta de 4 pulgadas<\/h2>\r\n\r\n\r\n\r\n<table border=\"=1\" width=\"800\">\r\n<tbody>\r\n<tr>\r\n<td rowspan=\"2\">Presi\u00f3n nominal<\/td>\r\n<td style=\"text-align: center;\">Taladro<\/td>\r\n<td style=\"text-align: center;\" colspan=\"3\">\u00a0Dimensi\u00f3n cara a cara (en mm)<\/td>\r\n<td style=\"text-align: center;\">Peso<\/td>\r\n<\/tr>\r\n<tr>\r\n<td style=\"text-align: center;\">(en mm)<\/td>\r\n<td style=\"text-align: center;\">RF<\/td>\r\n<td style=\"text-align: center;\">BW<\/td>\r\n<td style=\"text-align: center;\">RTJ<\/td>\r\n<td style=\"text-align: center;\">kg<\/td>\r\n<\/tr>\r\n<tr>\r\n<td>CLASE 150<\/td>\r\n<td style=\"text-align: center;\">100<\/td>\r\n<td style=\"text-align: center;\">229<\/td>\r\n<td style=\"text-align: center;\">305<\/td>\r\n<td style=\"text-align: center;\">241<\/td>\r\n<td style=\"text-align: center;\">45<\/td>\r\n<\/tr>\r\n<tr>\r\n<td>CLASE 300<\/td>\r\n<td style=\"text-align: center;\">100<\/td>\r\n<td style=\"text-align: center;\">305<\/td>\r\n<td style=\"text-align: center;\">305<\/td>\r\n<td style=\"text-align: center;\">321<\/td>\r\n<td style=\"text-align: center;\">74<\/td>\r\n<\/tr>\r\n<tr>\r\n<td>CLASE 600<\/td>\r\n<td style=\"text-align: center;\">100<\/td>\r\n<td style=\"text-align: center;\">432<\/td>\r\n<td style=\"text-align: center;\">432<\/td>\r\n<td style=\"text-align: center;\">435<\/td>\r\n<td style=\"text-align: center;\">134<\/td>\r\n<\/tr>\r\n<tr>\r\n<td>CLASE 900<\/td>\r\n<td style=\"text-align: center;\">98<\/td>\r\n<td style=\"text-align: center;\">457<\/td>\r\n<td style=\"text-align: center;\">457<\/td>\r\n<td style=\"text-align: center;\">460<\/td>\r\n<td style=\"text-align: center;\">174<\/td>\r\n<\/tr>\r\n<tr>\r\n<td>CLASE 1500<\/td>\r\n<td style=\"text-align: center;\">92<\/td>\r\n<td style=\"text-align: center;\">546<\/td>\r\n<td style=\"text-align: center;\">546<\/td>\r\n<td style=\"text-align: center;\">549<\/td>\r\n<td style=\"text-align: center;\">260<\/td>\r\n<\/tr>\r\n<tr>\r\n<td>CLASE 2500<\/td>\r\n<td style=\"text-align: center;\">72<\/td>\r\n<td style=\"text-align: center;\">673<\/td>\r\n<td style=\"text-align: center;\">673<\/td>\r\n<td style=\"text-align: center;\">683<\/td>\r\n<td style=\"text-align: center;\">606<\/td>\r\n<\/tr>\r\n<\/tbody>\r\n<\/table>\r\n\r\n\r\n\r\n<h2 class=\"wp-block-heading\">Aplicaciones de la v\u00e1lvula de 4 compuertas<\/h2>\r\n\r\n\r\n\r\n<p>4 Las v\u00e1lvulas de compuerta se utilizan en muchas aplicaciones industriales, incluidas la industria del petr\u00f3leo y el gas, la farmac\u00e9utica, la manufacturera, la automotriz y la marina.<\/p>\r\n\r\n\r\n\r\n<p>Las v\u00e1lvulas de compuerta de v\u00e1stago no ascendente son muy populares en barcos, en aplicaciones subterr\u00e1neas o donde el espacio vertical es limitado porque no ocupan espacio adicional.<\/p>\r\n\r\n\r\n\r\n<h2 class=\"wp-block-heading\" id=\"h-material-of-4-inch-gate-valve\">Material de la v\u00e1lvula de compuerta de 4 pulgadas<\/h2>\r\n\r\n\r\n\r\n<figure class=\"wp-block-table\">\r\n<table>\r\n<tbody>\r\n<tr>\r\n<td>No<\/td>\r\n<td>Pieza<\/td>\r\n<td>Material<\/td>\r\n<\/tr>\r\n<tr>\r\n<td>1<\/td>\r\n<td>Cuerpo<\/td>\r\n<td>ASTM A351 CF8<\/td>\r\n<\/tr>\r\n<tr>\r\n<td>2<\/td>\r\n<td>Anillo de asiento<\/td>\r\n<td>ASTM A182 F316 + STL<\/td>\r\n<\/tr>\r\n<tr>\r\n<td>3<\/td>\r\n<td>Cu\u00f1a<\/td>\r\n<td>ASTM A351 CF8M + STL<\/td>\r\n<\/tr>\r\n<tr>\r\n<td>4<\/td>\r\n<td>V\u00e1stago<\/td>\r\n<td>ASTM A276 316<\/td>\r\n<\/tr>\r\n<tr>\r\n<td>5<\/td>\r\n<td>Junta del cap\u00f3<\/td>\r\n<td>Grafito + SS316<\/td>\r\n<\/tr>\r\n<tr>\r\n<td>6<\/td>\r\n<td>Perno del cap\u00f3<\/td>\r\n<td>ASTM A193 B8<\/td>\r\n<\/tr>\r\n<tr>\r\n<td>7<\/td>\r\n<td>Tuerca de sombrerete<\/td>\r\n<td>ASTM A194 8<\/td>\r\n<\/tr>\r\n<tr>\r\n<td>8<\/td>\r\n<td>Cap\u00f3<\/td>\r\n<td>ASTM A351 CF8<\/td>\r\n<\/tr>\r\n<tr>\r\n<td>9<\/td>\r\n<td>Asiento trasero<\/td>\r\n<td>ASTM A182 F316<\/td>\r\n<\/tr>\r\n<tr>\r\n<td>10<\/td>\r\n<td>Empaquetadura de v\u00e1stago<\/td>\r\n<td>Grafito reforzado<\/td>\r\n<\/tr>\r\n<tr>\r\n<td>11<\/td>\r\n<td>Volante<\/td>\r\n<td>KTH330-08<\/td>\r\n<\/tr>\r\n<\/tbody>\r\n<\/table>\r\n<\/figure>\r\n\r\n\r\n\r\n<h2 class=\"wp-block-heading\">Precio de la v\u00e1lvula de compuerta<\/h2>\r\n\r\n\r\n\r\n<p>La v\u00e1lvula de compuerta de 4 pulgadas suele ser uno de los tama\u00f1os de v\u00e1lvula de compuerta m\u00e1s f\u00e1cilmente comparables y ZECO Valev puede ofrecer precios muy competitivos para este producto; comun\u00edquese con ZECO Valve para obtener m\u00e1s detalles.<\/p>","protected":false},"excerpt":{"rendered":"<p>La v\u00e1lvula de compuerta de 4 pulgadas se distingue por el tama\u00f1o de la v\u00e1lvula de compuerta, la v\u00e1lvula de compuerta de 4 pulgadas con DN es decir DN100. \u2026 <a title=\"V\u00e1lvula de compuerta de 4 pulgadas\" class=\"read-more\" href=\"https:\/\/zecovalve.com\/es\/producto\/4-inch-gate-valve\" aria-label=\"M\u00e1s en V\u00e1lvula de compuerta de 4 pulgadas\">Leer m\u00e1s<\/a><\/p>","protected":false},"featured_media":27884,"comment_status":"closed","ping_status":"closed","template":"","meta":{"_generate-full-width-content":"","kt_blocks_editor_width":""},"product_cat":[2052,2458],"product_tag":[],"class_list":["post-16285","product","type-product","status-publish","has-post-thumbnail","hentry","product_cat-gate-valve","product_cat-gate-valve-by-inch","sales-flash-overlay","woocommerce-text-align-center","woocommerce-image-align-center","do-quantity-buttons"],"featured_image_src_large":["https:\/\/zecovalve.com\/wp-content\/uploads\/2022\/06\/4-inch-Gate-Valve-2.jpg",800,600,false],"author_info":[],"comment_info":0,"taxonomy_info":{"product_cat":[{"value":2052,"label":"Gate Valve"},{"value":2458,"label":"Gate Valve By Inch"}]},"yoast_head":"<!-- This site is optimized with the Yoast SEO Premium plugin v15.4 - https:\/\/yoast.com\/wordpress\/plugins\/seo\/ -->\n<title>Gate Valve 4 inch - Competitive 4 inch Gate Valve Price | ZECO Valve<\/title>\n<meta name=\"robots\" content=\"index, follow, max-snippet:-1, max-image-preview:large, max-video-preview:-1\" \/>\n<link rel=\"canonical\" href=\"https:\/\/zecovalve.com\/es\/producto\/4-inch-gate-valve\" \/>\n<meta property=\"og:locale\" content=\"es_ES\" \/>\n<meta property=\"og:type\" content=\"article\" \/>\n<meta property=\"og:title\" content=\"Gate Valve 4 inch - Competitive 4 inch Gate Valve Price | ZECO Valve\" \/>\n<meta property=\"og:description\" content=\"Gate valve 4 inch is distinguished by the size of the gate valve, 4 inch gate valve with DN to say DN100. ... Leer m\u00e1s\" \/>\n<meta property=\"og:url\" content=\"https:\/\/zecovalve.com\/es\/producto\/4-inch-gate-valve\" \/>\n<meta property=\"og:site_name\" content=\"ZECO Valve\" \/>\n<meta property=\"article:modified_time\" content=\"2023-06-15T12:43:17+00:00\" \/>\n<meta property=\"og:image\" content=\"https:\/\/zecovalve.com\/wp-content\/uploads\/2022\/06\/4-inch-Gate-Valve-2.jpg\" \/>\n\t<meta property=\"og:image:width\" content=\"800\" \/>\n\t<meta property=\"og:image:height\" content=\"600\" \/>\n<meta name=\"twitter:card\" content=\"summary_large_image\" \/>\n<meta name=\"twitter:label1\" content=\"Escrito por\">\n\t<meta name=\"twitter:data1\" content=\"Jerry\">\n\t<meta name=\"twitter:label2\" content=\"Tiempo de lectura\">\n\t<meta name=\"twitter:data2\" content=\"2 minutos\">\n<script type=\"application\/ld+json\" class=\"yoast-schema-graph\">{\"@context\":\"https:\/\/schema.org\",\"@graph\":[{\"@type\":\"WebSite\",\"@id\":\"https:\/\/zecovalve.com\/#website\",\"url\":\"https:\/\/zecovalve.com\/\",\"name\":\"ZECO Valve\",\"description\":\"Industrial Ball Valve, Gate Valve and Globe Valve Manufacturer\",\"potentialAction\":[{\"@type\":\"SearchAction\",\"target\":\"https:\/\/zecovalve.com\/?s={search_term_string}\",\"query-input\":\"required name=search_term_string\"}],\"inLanguage\":\"es\"},{\"@type\":\"ImageObject\",\"@id\":\"https:\/\/zecovalve.com\/product\/4-inch-gate-valve#primaryimage\",\"inLanguage\":\"es\",\"url\":\"https:\/\/zecovalve.com\/wp-content\/uploads\/2022\/06\/4-inch-Gate-Valve-2.jpg\",\"width\":800,\"height\":600,\"caption\":\"4 inch Gate Valve\"},{\"@type\":\"WebPage\",\"@id\":\"https:\/\/zecovalve.com\/product\/4-inch-gate-valve#webpage\",\"url\":\"https:\/\/zecovalve.com\/product\/4-inch-gate-valve\",\"name\":\"Gate Valve 4 inch - Competitive 4 inch Gate Valve Price | ZECO Valve\",\"isPartOf\":{\"@id\":\"https:\/\/zecovalve.com\/#website\"},\"primaryImageOfPage\":{\"@id\":\"https:\/\/zecovalve.com\/product\/4-inch-gate-valve#primaryimage\"},\"datePublished\":\"2022-06-20T13:13:37+00:00\",\"dateModified\":\"2023-06-15T12:43:17+00:00\",\"breadcrumb\":{\"@id\":\"https:\/\/zecovalve.com\/product\/4-inch-gate-valve#breadcrumb\"},\"inLanguage\":\"es\",\"potentialAction\":[{\"@type\":\"ReadAction\",\"target\":[\"https:\/\/zecovalve.com\/product\/4-inch-gate-valve\"]}]},{\"@type\":\"BreadcrumbList\",\"@id\":\"https:\/\/zecovalve.com\/product\/4-inch-gate-valve#breadcrumb\",\"itemListElement\":[{\"@type\":\"ListItem\",\"position\":1,\"item\":{\"@type\":\"WebPage\",\"@id\":\"https:\/\/zecovalve.com\/\",\"url\":\"https:\/\/zecovalve.com\/\",\"name\":\"Home\"}},{\"@type\":\"ListItem\",\"position\":2,\"item\":{\"@type\":\"WebPage\",\"@id\":\"https:\/\/zecovalve.com\/product-category\",\"url\":\"https:\/\/zecovalve.com\/product-category\",\"name\":\"Industrial Valve Manufacturer | Water Valve Manufacturer\"}},{\"@type\":\"ListItem\",\"position\":3,\"item\":{\"@type\":\"WebPage\",\"@id\":\"https:\/\/zecovalve.com\/product\/4-inch-gate-valve\",\"url\":\"https:\/\/zecovalve.com\/product\/4-inch-gate-valve\",\"name\":\"4 inch Gate Valve\"}}]}]}<\/script>\n<!-- \/ Yoast SEO Premium plugin. -->","_links":{"self":[{"href":"https:\/\/zecovalve.com\/es\/wp-json\/wp\/v2\/product\/16285","targetHints":{"allow":["GET"]}}],"collection":[{"href":"https:\/\/zecovalve.com\/es\/wp-json\/wp\/v2\/product"}],"about":[{"href":"https:\/\/zecovalve.com\/es\/wp-json\/wp\/v2\/types\/product"}],"replies":[{"embeddable":true,"href":"https:\/\/zecovalve.com\/es\/wp-json\/wp\/v2\/comments?post=16285"}],"wp:featuredmedia":[{"embeddable":true,"href":"https:\/\/zecovalve.com\/es\/wp-json\/wp\/v2\/media\/27884"}],"wp:attachment":[{"href":"https:\/\/zecovalve.com\/es\/wp-json\/wp\/v2\/media?parent=16285"}],"wp:term":[{"taxonomy":"product_cat","embeddable":true,"href":"https:\/\/zecovalve.com\/es\/wp-json\/wp\/v2\/product_cat?post=16285"},{"taxonomy":"product_tag","embeddable":true,"href":"https:\/\/zecovalve.com\/es\/wp-json\/wp\/v2\/product_tag?post=16285"}],"curies":[{"name":"wp","href":"https:\/\/api.w.org\/{rel}","templated":true}]}}