{"id":16294,"date":"2022-06-20T13:21:05","date_gmt":"2022-06-20T13:21:05","guid":{"rendered":"https:\/\/zecovalve.com\/?post_type=product&#038;p=16294"},"modified":"2023-06-15T12:42:27","modified_gmt":"2023-06-15T12:42:27","slug":"forged-gate-valve","status":"publish","type":"product","link":"https:\/\/zecovalve.com\/es\/producto\/forged-gate-valve","title":{"rendered":"V\u00e1lvula de compuerta forjada"},"content":{"rendered":"<p>ZECO Valve fabrica una gama vers\u00e1til de v\u00e1lvulas de retenci\u00f3n, de globo y de compuerta de acero forjado de peque\u00f1o di\u00e1metro. La cartera incluye v\u00e1lvulas en forma de T y Y, as\u00ed como v\u00e1lvulas criog\u00e9nicas y selladas con fuelle. Las v\u00e1lvulas de compuerta, globo y retenci\u00f3n de acero forjado est\u00e1n disponibles en una variedad de materiales y conexiones finales para satisfacer los requisitos del cliente.<\/p>\r\n\r\n\r\n\r\n<figure class=\"wp-block-image alignnone size-medium wp-image-16295\">\r\n<p><img loading=\"lazy\" decoding=\"async\" class=\"wp-image-27883 size-medium\" src=\"https:\/\/zecovalve.com\/wp-content\/uploads\/2022\/06\/Forged-Gate-Valve-1-300x225.jpg\" alt=\"V\u00e1lvula de compuerta forjada\" width=\"300\" height=\"225\" srcset=\"https:\/\/zecovalve.com\/wp-content\/uploads\/2022\/06\/Forged-Gate-Valve-1-300x225.jpg 300w, https:\/\/zecovalve.com\/wp-content\/uploads\/2022\/06\/Forged-Gate-Valve-1-768x576.jpg 768w, https:\/\/zecovalve.com\/wp-content\/uploads\/2022\/06\/Forged-Gate-Valve-1-600x450.jpg 600w, https:\/\/zecovalve.com\/wp-content\/uploads\/2022\/06\/Forged-Gate-Valve-1.jpg 800w\" sizes=\"auto, (max-width: 300px) 100vw, 300px\" \/><\/p>\r\n<\/figure>\r\n\r\n\r\n\r\n\r\n<div class=\"gb-button-wrapper gb-button-wrapper-6d8495a3\">\r\n\r\n\r\n<p><a class=\"gb-button gb-button-3d442e11 gb-button-text\" href=\"mailto:commercial@zecovalve.com\" target=\"_blank\" rel=\"noopener noreferrer\"><strong>OBTENER PRECIO DE V\u00c1LVULA DE COMPUERTA FORJADA<\/strong><\/a><\/p>\r\n<\/div>\r\n\r\n\r\n<h2 class=\"wp-block-heading\" id=\"h-what-is-a-forged-gate-valve\">\u00bfQu\u00e9 es una v\u00e1lvula de compuerta forjada?<\/h2>\r\n\r\n\r\n\r\n<p>La v\u00e1lvula de compuerta de acero forjado es un tipo de v\u00e1lvula de compuerta cuyas piezas est\u00e1n hechas de material forjado. La compuerta de la v\u00e1lvula de compuerta de acero forjado se mueve a lo largo de la direcci\u00f3n vertical de la l\u00ednea central del pasaje. Se utiliza principalmente para funciones de cierre en tuber\u00edas. La v\u00e1lvula de compuerta de acero forjado es una v\u00e1lvula ampliamente utilizada. Generalmente se utiliza para el dispositivo de cierre con un tama\u00f1o\u22642\u201d.<\/p>\r\n\r\n\r\n\r\n<p>ZECO es un fabricante de v\u00e1lvulas de compuerta forjadas. Las v\u00e1lvulas de compuerta forjadas son adecuadas para diversas condiciones industriales y pueden usarse para la instalaci\u00f3n de tuber\u00edas terrestres y subterr\u00e1neas. Debido a que las v\u00e1lvulas forjadas tienen mejor resistencia a la corrosi\u00f3n que las fundidas, pueden evitar el alto costo del reemplazo frecuente causado por la corrosi\u00f3n. Seg\u00fan el modo de conexi\u00f3n, la v\u00e1lvula de compuerta forjada se puede dividir en cuatro tipos: conexi\u00f3n roscada, conexi\u00f3n para soldadura por encaje, conexi\u00f3n para soldadura a tope y conexi\u00f3n de brida. La conexi\u00f3n roscada es una de ellas, que se puede utilizar principalmente para conexiones de rosca internas o conexiones de rosca externas y conexiones de roscas de tuber\u00edas. La conexi\u00f3n roscada se utiliza generalmente para tuber\u00edas de media y baja presi\u00f3n; Las conexiones soldadas por enchufe son adecuadas para tuber\u00edas de alta presi\u00f3n, que generalmente se encuentran en v\u00e1lvulas de compuerta forjadas de di\u00e1metro peque\u00f1o, de menos de 2 pulgadas; La soldadura a tope tambi\u00e9n es adecuada para tuber\u00edas de alta presi\u00f3n, pero generalmente ocurre en v\u00e1lvulas de compuerta forjadas de gran di\u00e1metro, de m\u00e1s de 2 pulgadas; La conexi\u00f3n de brida se puede dividir en dos tipos de brida integral y brida de soldadura, seg\u00fan las condiciones de trabajo espec\u00edficas de los usuarios a elegir; La v\u00e1lvula de compuerta forjada se utiliza principalmente para cortar, por lo que se puede aplicar a tuber\u00edas con flujo bidireccional del medio.<\/p>\r\n\r\n\r\n\r\n<h2 class=\"wp-block-heading\">Especificaciones de la v\u00e1lvula de compuerta forjada<\/h2>\r\n\r\n\r\n\r\n<ul class=\"wp-block-list\">\r\n<li>Dise\u00f1o b\u00e1sico: API 602, ANSI B16.34<\/li>\r\n<li>De extremo a extremo: est\u00e1ndar DHV<\/li>\r\n<li>Prueba e inspecci\u00f3n: API-598<\/li>\r\n<li>Extremos atornillados (NPT) seg\u00fan ANSI\/ASME B1.20.1<\/li>\r\n<li>Extremos para soldar seg\u00fan ASME B16.11<\/li>\r\n<li>Extremos para soldar a tope seg\u00fan ASME B16.25<\/li>\r\n<li>Brida final: ANSI B16.5<\/li>\r\n<\/ul>\r\n\r\n\r\n\r\n<h2 class=\"wp-block-heading\" id=\"h-features-of-forged-steel-gate-valve\">Caracter\u00edsticas de la v\u00e1lvula de compuerta de acero forjado<\/h2>\r\n\r\n\r\n\r\n<ul class=\"wp-block-list\">\r\n<li>La v\u00e1lvula de compuerta forjada ZECO adopta el dise\u00f1o de sellado inverso. En el uso a largo plazo, si es necesario reemplazar la empaquetadura, siempre que la v\u00e1lvula est\u00e9 completamente abierta, la empaquetadura se puede reemplazar en l\u00ednea sin fugas en la v\u00e1lvula;<\/li>\r\n<li>El dise\u00f1o del v\u00e1stago con cabeza en T de la v\u00e1lvula de compuerta forjada ZECO proporciona una conexi\u00f3n positiva entre el disco y el v\u00e1stago y garantiza una operaci\u00f3n de asiento efectiva;<\/li>\r\n<li>La cu\u00f1a s\u00f3lida totalmente guiada de la v\u00e1lvula de compuerta forjada ZECO reduce el desgaste en las superficies de asiento;<\/li>\r\n<li>La disposici\u00f3n de pernos y pernos de la v\u00e1lvula de compuerta forjada ZECO facilita el mantenimiento del empaque.<\/li>\r\n<li>Tornillo exterior y yugo (OS&amp;Y)<\/li>\r\n<li>Prensaestopas autoalineable de dos piezas<\/li>\r\n<li>Bonete atornillado con junta en espiral<\/li>\r\n<li>Asiento trasero integral<\/li>\r\n<\/ul>\r\n\r\n\r\n\r\n<h2 class=\"wp-block-heading\" id=\"h-material-of-forged-gate-valve\">Material de la v\u00e1lvula de compuerta forjada<\/h2>\r\n\r\n\r\n\r\n<figure class=\"wp-block-table\">\r\n<table>\r\n<tbody>\r\n<tr>\r\n<td>No<\/td>\r\n<td>Pieza<\/td>\r\n<td>Material<\/td>\r\n<\/tr>\r\n<tr>\r\n<td>1<\/td>\r\n<td>Cuerpo<\/td>\r\n<td>ASTM A105<\/td>\r\n<\/tr>\r\n<tr>\r\n<td>2<\/td>\r\n<td>Anillo de asiento<\/td>\r\n<td>ASTM A276 410<\/td>\r\n<\/tr>\r\n<tr>\r\n<td>3<\/td>\r\n<td>Cu\u00f1a<\/td>\r\n<td>ASTM A276 420<\/td>\r\n<\/tr>\r\n<tr>\r\n<td>4<\/td>\r\n<td>Junta<\/td>\r\n<td>Grafito + SS304<\/td>\r\n<\/tr>\r\n<tr>\r\n<td>5<\/td>\r\n<td>V\u00e1stago<\/td>\r\n<td>ASTM A276 420<\/td>\r\n<\/tr>\r\n<tr>\r\n<td>6<\/td>\r\n<td>Cap\u00f3<\/td>\r\n<td>ASTM A105<\/td>\r\n<\/tr>\r\n<tr>\r\n<td>7<\/td>\r\n<td>Perno del cap\u00f3<\/td>\r\n<td>ASTM A193 B7<\/td>\r\n<\/tr>\r\n<tr>\r\n<td>8<\/td>\r\n<td>Empaquetadura de v\u00e1stago<\/td>\r\n<td>Grafito reforzado<\/td>\r\n<\/tr>\r\n<tr>\r\n<td>9<\/td>\r\n<td>Gl\u00e1ndula<\/td>\r\n<td>ASTM A276 410<\/td>\r\n<\/tr>\r\n<tr>\r\n<td>10<\/td>\r\n<td>Brida prensaestopas<\/td>\r\n<td>ASTM A105<\/td>\r\n<\/tr>\r\n<tr>\r\n<td>11<\/td>\r\n<td>Volante<\/td>\r\n<td>ASTM A197<\/td>\r\n<\/tr>\r\n<\/tbody>\r\n<\/table>\r\n<\/figure>","protected":false},"excerpt":{"rendered":"<p>ZECO Valve fabrica una gama vers\u00e1til de v\u00e1lvulas de retenci\u00f3n, de globo y de compuerta de acero forjado de peque\u00f1o di\u00e1metro. La cartera incluye v\u00e1lvulas en forma de T... <a title=\"V\u00e1lvula de compuerta forjada\" class=\"read-more\" href=\"https:\/\/zecovalve.com\/es\/producto\/forged-gate-valve\" aria-label=\"M\u00e1s en V\u00e1lvula de compuerta forjada\">Leer m\u00e1s<\/a><\/p>","protected":false},"featured_media":27883,"comment_status":"closed","ping_status":"closed","template":"","meta":{"_generate-full-width-content":"","kt_blocks_editor_width":""},"product_cat":[2464,2052],"product_tag":[2798],"class_list":["post-16294","product","type-product","status-publish","has-post-thumbnail","hentry","product_cat-forged-steel-gate-valve","product_cat-gate-valve","product_tag-osy-valve","sales-flash-overlay","woocommerce-text-align-center","woocommerce-image-align-center","do-quantity-buttons"],"featured_image_src_large":["https:\/\/zecovalve.com\/wp-content\/uploads\/2022\/06\/Forged-Gate-Valve-1.jpg",800,600,false],"author_info":[],"comment_info":0,"taxonomy_info":{"product_cat":[{"value":2464,"label":"Forged Steel Gate Valve"},{"value":2052,"label":"Gate Valve"}],"product_tag":[{"value":2798,"label":"OS&amp;Y Valve"}]},"yoast_head":"<!-- This site is optimized with the Yoast SEO Premium plugin v15.4 - https:\/\/yoast.com\/wordpress\/plugins\/seo\/ -->\n<title>Forged Gate Valve - Forged Steel Gate Valve Manufacturers | ZECO Valve<\/title>\n<meta name=\"robots\" content=\"index, follow, max-snippet:-1, max-image-preview:large, max-video-preview:-1\" \/>\n<link rel=\"canonical\" href=\"https:\/\/zecovalve.com\/es\/producto\/forged-gate-valve\" \/>\n<meta property=\"og:locale\" content=\"es_ES\" \/>\n<meta property=\"og:type\" content=\"article\" \/>\n<meta property=\"og:title\" content=\"Forged Gate Valve - Forged Steel Gate Valve Manufacturers | ZECO Valve\" \/>\n<meta property=\"og:description\" content=\"ZECO Valve manufactures a versatile range of Small Bore Forged Steel Gate, Globe, and Check Valves. The portfolio comprises valves in T-pattern ... Leer m\u00e1s\" \/>\n<meta property=\"og:url\" content=\"https:\/\/zecovalve.com\/es\/producto\/forged-gate-valve\" \/>\n<meta property=\"og:site_name\" content=\"ZECO Valve\" \/>\n<meta property=\"article:modified_time\" content=\"2023-06-15T12:42:27+00:00\" \/>\n<meta property=\"og:image\" content=\"https:\/\/zecovalve.com\/wp-content\/uploads\/2022\/06\/Forged-Gate-Valve-1.jpg\" \/>\n\t<meta property=\"og:image:width\" content=\"800\" \/>\n\t<meta property=\"og:image:height\" content=\"600\" \/>\n<meta name=\"twitter:card\" content=\"summary_large_image\" \/>\n<meta name=\"twitter:label1\" content=\"Escrito por\">\n\t<meta name=\"twitter:data1\" content=\"Jerry\">\n\t<meta name=\"twitter:label2\" content=\"Tiempo de lectura\">\n\t<meta name=\"twitter:data2\" content=\"2 minutos\">\n<script type=\"application\/ld+json\" class=\"yoast-schema-graph\">{\"@context\":\"https:\/\/schema.org\",\"@graph\":[{\"@type\":\"WebSite\",\"@id\":\"https:\/\/zecovalve.com\/#website\",\"url\":\"https:\/\/zecovalve.com\/\",\"name\":\"ZECO Valve\",\"description\":\"Industrial Ball Valve, Gate Valve and Globe Valve Manufacturer\",\"potentialAction\":[{\"@type\":\"SearchAction\",\"target\":\"https:\/\/zecovalve.com\/?s={search_term_string}\",\"query-input\":\"required name=search_term_string\"}],\"inLanguage\":\"es\"},{\"@type\":\"ImageObject\",\"@id\":\"https:\/\/zecovalve.com\/product\/forged-gate-valve#primaryimage\",\"inLanguage\":\"es\",\"url\":\"https:\/\/zecovalve.com\/wp-content\/uploads\/2022\/06\/Forged-Gate-Valve-1.jpg\",\"width\":800,\"height\":600,\"caption\":\"Forged Gate Valve\"},{\"@type\":\"WebPage\",\"@id\":\"https:\/\/zecovalve.com\/product\/forged-gate-valve#webpage\",\"url\":\"https:\/\/zecovalve.com\/product\/forged-gate-valve\",\"name\":\"Forged Gate Valve - Forged Steel Gate Valve Manufacturers | ZECO Valve\",\"isPartOf\":{\"@id\":\"https:\/\/zecovalve.com\/#website\"},\"primaryImageOfPage\":{\"@id\":\"https:\/\/zecovalve.com\/product\/forged-gate-valve#primaryimage\"},\"datePublished\":\"2022-06-20T13:21:05+00:00\",\"dateModified\":\"2023-06-15T12:42:27+00:00\",\"breadcrumb\":{\"@id\":\"https:\/\/zecovalve.com\/product\/forged-gate-valve#breadcrumb\"},\"inLanguage\":\"es\",\"potentialAction\":[{\"@type\":\"ReadAction\",\"target\":[\"https:\/\/zecovalve.com\/product\/forged-gate-valve\"]}]},{\"@type\":\"BreadcrumbList\",\"@id\":\"https:\/\/zecovalve.com\/product\/forged-gate-valve#breadcrumb\",\"itemListElement\":[{\"@type\":\"ListItem\",\"position\":1,\"item\":{\"@type\":\"WebPage\",\"@id\":\"https:\/\/zecovalve.com\/\",\"url\":\"https:\/\/zecovalve.com\/\",\"name\":\"Home\"}},{\"@type\":\"ListItem\",\"position\":2,\"item\":{\"@type\":\"WebPage\",\"@id\":\"https:\/\/zecovalve.com\/product-category\",\"url\":\"https:\/\/zecovalve.com\/product-category\",\"name\":\"Industrial Valve Manufacturer | Water Valve Manufacturer\"}},{\"@type\":\"ListItem\",\"position\":3,\"item\":{\"@type\":\"WebPage\",\"@id\":\"https:\/\/zecovalve.com\/product\/forged-gate-valve\",\"url\":\"https:\/\/zecovalve.com\/product\/forged-gate-valve\",\"name\":\"Forged Gate Valve\"}}]}]}<\/script>\n<!-- \/ Yoast SEO Premium plugin. -->","_links":{"self":[{"href":"https:\/\/zecovalve.com\/es\/wp-json\/wp\/v2\/product\/16294","targetHints":{"allow":["GET"]}}],"collection":[{"href":"https:\/\/zecovalve.com\/es\/wp-json\/wp\/v2\/product"}],"about":[{"href":"https:\/\/zecovalve.com\/es\/wp-json\/wp\/v2\/types\/product"}],"replies":[{"embeddable":true,"href":"https:\/\/zecovalve.com\/es\/wp-json\/wp\/v2\/comments?post=16294"}],"wp:featuredmedia":[{"embeddable":true,"href":"https:\/\/zecovalve.com\/es\/wp-json\/wp\/v2\/media\/27883"}],"wp:attachment":[{"href":"https:\/\/zecovalve.com\/es\/wp-json\/wp\/v2\/media?parent=16294"}],"wp:term":[{"taxonomy":"product_cat","embeddable":true,"href":"https:\/\/zecovalve.com\/es\/wp-json\/wp\/v2\/product_cat?post=16294"},{"taxonomy":"product_tag","embeddable":true,"href":"https:\/\/zecovalve.com\/es\/wp-json\/wp\/v2\/product_tag?post=16294"}],"curies":[{"name":"wp","href":"https:\/\/api.w.org\/{rel}","templated":true}]}}