{"id":16301,"date":"2022-06-20T13:29:11","date_gmt":"2022-06-20T13:29:11","guid":{"rendered":"https:\/\/zecovalve.com\/?post_type=product&#038;p=16301"},"modified":"2022-06-28T03:25:38","modified_gmt":"2022-06-28T03:25:38","slug":"pneumatic-butterfly-valve","status":"publish","type":"product","link":"https:\/\/zecovalve.com\/es\/producto\/pneumatic-butterfly-valve","title":{"rendered":"V\u00e1lvula de mariposa neum\u00e1tica"},"content":{"rendered":"<h1 class=\"sep-title\">V\u00e1lvula de mariposa neum\u00e1tica<\/h1>\n<div class=\"sep-box-detail clearfix\">\n<div class=\"box-lf\">\n<div class=\"thumb\">\n<figure id=\"attachment_16302\" aria-describedby=\"caption-attachment-16302\" style=\"width: 290px\" class=\"wp-caption alignnone\"><img loading=\"lazy\" decoding=\"async\" class=\"size-medium wp-image-16302\" src=\"https:\/\/zecovalve.com\/wp-content\/uploads\/2022\/06\/pneumatic-butterfly-valve-300x225.jpg\" alt=\"V\u00e1lvula de mariposa neum\u00e1tica\" width=\"300\" height=\"225\" srcset=\"https:\/\/zecovalve.com\/wp-content\/uploads\/2022\/06\/pneumatic-butterfly-valve-300x225.jpg 300w, https:\/\/zecovalve.com\/wp-content\/uploads\/2022\/06\/pneumatic-butterfly-valve-768x576.jpg 768w, https:\/\/zecovalve.com\/wp-content\/uploads\/2022\/06\/pneumatic-butterfly-valve-600x450.jpg 600w, https:\/\/zecovalve.com\/wp-content\/uploads\/2022\/06\/pneumatic-butterfly-valve.jpg 800w\" sizes=\"auto, (max-width: 300px) 100vw, 300px\" \/><figcaption id=\"caption-attachment-16302\" class=\"wp-caption-text\">V\u00e1lvula de mariposa neum\u00e1tica<\/figcaption><\/figure>\n<\/div>\n<div class=\"info\"><a href=\"https:\/\/zecovalve.com\/es\/products\/pneumatic-butterfly-valve.html\/#form\"><i class=\"fa fa-commenting-o\" aria-hidden=\"true\"><\/i>\u00a0OBTENER PRECIO DE V\u00c1LVULA<\/a><\/div>\n<\/div>\n<div class=\"box-rt\">\n<div class=\"gg\">\n<div class=\"swiper-container swiper-container-initialized swiper-container-vertical\">\n<div class=\"swiper-wrapper\"><\/div>\n<\/div>\n<\/div>\n<\/div>\n<\/div>\n<div class=\"richtext\">\n<h2>Descripci\u00f3n de la v\u00e1lvula de mariposa neum\u00e1tica:<\/h2>\n<p>La v\u00e1lvula de mariposa neum\u00e1tica ZECO principalmente en la tuber\u00eda como funci\u00f3n de truncamiento es utilizar dispositivos neum\u00e1ticos para impulsar la acci\u00f3n de apertura y cierre del disco de mariposa giratorio del v\u00e1stago de la v\u00e1lvula para lograr el efecto de truncamiento o flujo medio abierto. En la actualidad, la v\u00e1lvula de mariposa de baja presi\u00f3n de di\u00e1metro grande o medio es una tuber\u00eda que se utiliza m\u00e1s. La v\u00e1lvula de mariposa neum\u00e1tica b\u00e1sicamente se canaliza a gran altura, a trav\u00e9s de la v\u00e1lvula de solenoide controla la apertura y el cierre de la v\u00e1lvula, pero tambi\u00e9n tiene el efecto de regular el flujo del medio, la resistencia del fluido de la v\u00e1lvula de mariposa es peque\u00f1a, de gran di\u00e1metro y el di\u00e1metro de la v\u00e1lvula de mariposa neum\u00e1tica abre todas El \u00e1rea de circulaci\u00f3n efectiva es grande, porque las razones para abrir y cerrar el dispositivo neum\u00e1tico son muy r\u00e1pidas y seguras. Debido a que la placa del disco en ambos lados del v\u00e1stago de la v\u00e1lvula recibe una fuerza casi igual del medio, pero produce torque en direcciones opuestas, el torque de apertura y cierre es peque\u00f1o y f\u00e1cil de abrir. Bajo baja presi\u00f3n, la v\u00e1lvula de mariposa tambi\u00e9n puede lograr un buen sellado. Los materiales de sellado de la v\u00e1lvula de mariposa son NBR, VITON, revestimiento de tefl\u00f3n, etc., y los materiales de sellado met\u00e1licos son metal y l\u00e1minas de metal laminadas resistentes. Estos materiales tambi\u00e9n tienen un excelente rendimiento de sellado a baja temperatura.<\/p>\n<h2>Caracter\u00edsticas de la v\u00e1lvula de mariposa neum\u00e1tica:<\/h2>\n<p>1. Se extiende el cojinete de la v\u00e1lvula de mariposa neum\u00e1tica ZECO. El rodamiento extendido puede reducir la fricci\u00f3n del v\u00e1stago y mantener un par de torsi\u00f3n m\u00e1s bajo;<\/p>\n<p>2. El v\u00e1stago de la v\u00e1lvula de mariposa neum\u00e1tica ZECO est\u00e1 dise\u00f1ado con un dise\u00f1o anti-explosi\u00f3n. Este dise\u00f1o protege a los mantenedores cuando se requiere mantenimiento;<\/p>\n<p>3. El sello de la v\u00e1lvula de mariposa neum\u00e1tica ZECO adopta un sello laminado. Este sello laminado puede ayudar a que la v\u00e1lvula mantenga cero fugas durante el estado de cierre total;<\/p>\n<p>4. El asiento de la v\u00e1lvula de mariposa neum\u00e1tica ZECO puede elegir un asiento estelitizado. El asiento integral con revestimiento met\u00e1lico puede ayudar a que la v\u00e1lvula reduzca el mantenimiento y prolongue la vida \u00fatil de la v\u00e1lvula.<\/p>\n<h2>Material de la v\u00e1lvula de mariposa neum\u00e1tica:<\/h2>\n<table>\n<tbody>\n<tr class=\"firstRow\">\n<td valign=\"center\">No<\/td>\n<td valign=\"center\">Pieza<\/td>\n<td valign=\"center\">Material<\/td>\n<\/tr>\n<tr>\n<td valign=\"center\">1<\/td>\n<td valign=\"center\">Cuerpo<\/td>\n<td valign=\"center\">ASTM A351 CF8<\/td>\n<\/tr>\n<tr>\n<td valign=\"center\">2<\/td>\n<td valign=\"center\">Anillo de sello<\/td>\n<td valign=\"center\">Grafito + SS304<\/td>\n<\/tr>\n<tr>\n<td valign=\"center\">3<\/td>\n<td valign=\"center\">Brida de retenci\u00f3n<\/td>\n<td valign=\"center\">ASTM A182 F304<\/td>\n<\/tr>\n<tr>\n<td valign=\"center\">4<\/td>\n<td valign=\"center\">Pin<\/td>\n<td valign=\"center\">ASTM A276 304<\/td>\n<\/tr>\n<tr>\n<td valign=\"center\">5<\/td>\n<td valign=\"center\">Disco<\/td>\n<td valign=\"center\">ASTM A351 CF8<\/td>\n<\/tr>\n<tr>\n<td valign=\"center\">6<\/td>\n<td valign=\"center\">V\u00e1stago<\/td>\n<td valign=\"center\">ASTM A276 304<\/td>\n<\/tr>\n<tr>\n<td valign=\"center\">7<\/td>\n<td valign=\"center\">Empaquetadura de v\u00e1stago<\/td>\n<td valign=\"center\">Grafito<\/td>\n<\/tr>\n<tr>\n<td valign=\"center\">8<\/td>\n<td valign=\"center\">Golpe de tallo<\/td>\n<td valign=\"center\">SS304 + PTFE<\/td>\n<\/tr>\n<tr>\n<td valign=\"center\">9<\/td>\n<td valign=\"center\">Perno<\/td>\n<td valign=\"center\">ASTM A193 B8<\/td>\n<\/tr>\n<tr>\n<td valign=\"center\">10<\/td>\n<td valign=\"center\">Tuerca<\/td>\n<td valign=\"center\">ASTM A194 8<\/td>\n<\/tr>\n<tr>\n<td valign=\"center\">11<\/td>\n<td valign=\"center\">Yugo<\/td>\n<td valign=\"center\">ASTM A216 WCB<\/td>\n<\/tr>\n<\/tbody>\n<\/table>\n<\/div>","protected":false},"excerpt":{"rendered":"<p>V\u00e1lvula de mariposa neum\u00e1tica OBTENER PRECIO DE V\u00c1LVULA Descripci\u00f3n de la v\u00e1lvula de mariposa neum\u00e1tica: V\u00e1lvula de mariposa neum\u00e1tica ZECO principalmente en la tuber\u00eda como truncamiento... <a title=\"V\u00e1lvula de mariposa neum\u00e1tica\" class=\"read-more\" href=\"https:\/\/zecovalve.com\/es\/producto\/pneumatic-butterfly-valve\" aria-label=\"M\u00e1s en V\u00e1lvula Mariposa Neum\u00e1tica\">Leer m\u00e1s<\/a><\/p>","protected":false},"featured_media":16302,"comment_status":"closed","ping_status":"closed","template":"","meta":{"_generate-full-width-content":"","kt_blocks_editor_width":""},"product_cat":[2044,2468,2604],"product_tag":[],"class_list":["post-16301","product","type-product","status-publish","has-post-thumbnail","hentry","product_cat-butterfly-valve","product_cat-butterfly-valve-by-drive-mode","product_cat-triple-offset-butterfly-valve","sales-flash-overlay","woocommerce-text-align-center","woocommerce-image-align-center","do-quantity-buttons"],"featured_image_src_large":["https:\/\/zecovalve.com\/wp-content\/uploads\/2022\/06\/pneumatic-butterfly-valve.jpg",800,600,false],"author_info":[],"comment_info":0,"taxonomy_info":{"product_cat":[{"value":2044,"label":"Butterfly Valve"},{"value":2468,"label":"Butterfly Valve By Drive Mode"},{"value":2604,"label":"Triple Offset Butterfly Valve"}]},"yoast_head":"<!-- This site is optimized with the Yoast SEO Premium plugin v15.4 - https:\/\/yoast.com\/wordpress\/plugins\/seo\/ -->\n<title>Pneumatic Butterfly Valve - ZECO Valve<\/title>\n<meta name=\"robots\" content=\"index, follow, max-snippet:-1, max-image-preview:large, max-video-preview:-1\" \/>\n<link rel=\"canonical\" href=\"https:\/\/zecovalve.com\/es\/producto\/pneumatic-butterfly-valve\" \/>\n<meta property=\"og:locale\" content=\"es_ES\" \/>\n<meta property=\"og:type\" content=\"article\" \/>\n<meta property=\"og:title\" content=\"Pneumatic Butterfly Valve - ZECO Valve\" \/>\n<meta property=\"og:description\" content=\"Pneumatic Butterfly Valve \u00a0GET VALVE PRICE Description of Pneumatic Butterfly Valve: ZECO pneumatic butterfly valve mainly in the pipeline as a truncation ... Leer m\u00e1s\" \/>\n<meta property=\"og:url\" content=\"https:\/\/zecovalve.com\/es\/producto\/pneumatic-butterfly-valve\" \/>\n<meta property=\"og:site_name\" content=\"ZECO Valve\" \/>\n<meta property=\"article:modified_time\" content=\"2022-06-28T03:25:38+00:00\" \/>\n<meta property=\"og:image\" content=\"https:\/\/zecovalve.com\/wp-content\/uploads\/2022\/06\/pneumatic-butterfly-valve.jpg\" \/>\n\t<meta property=\"og:image:width\" content=\"800\" \/>\n\t<meta property=\"og:image:height\" content=\"600\" \/>\n<meta name=\"twitter:card\" content=\"summary_large_image\" \/>\n<meta name=\"twitter:label1\" content=\"Escrito por\">\n\t<meta name=\"twitter:data1\" content=\"Jerry\">\n\t<meta name=\"twitter:label2\" content=\"Tiempo de lectura\">\n\t<meta name=\"twitter:data2\" content=\"1 minuto\">\n<script type=\"application\/ld+json\" class=\"yoast-schema-graph\">{\"@context\":\"https:\/\/schema.org\",\"@graph\":[{\"@type\":\"WebSite\",\"@id\":\"https:\/\/zecovalve.com\/#website\",\"url\":\"https:\/\/zecovalve.com\/\",\"name\":\"ZECO Valve\",\"description\":\"Industrial Ball Valve, Gate Valve and Globe Valve Manufacturer\",\"potentialAction\":[{\"@type\":\"SearchAction\",\"target\":\"https:\/\/zecovalve.com\/?s={search_term_string}\",\"query-input\":\"required name=search_term_string\"}],\"inLanguage\":\"es\"},{\"@type\":\"ImageObject\",\"@id\":\"https:\/\/zecovalve.com\/product\/pneumatic-butterfly-valve#primaryimage\",\"inLanguage\":\"es\",\"url\":\"https:\/\/zecovalve.com\/wp-content\/uploads\/2022\/06\/pneumatic-butterfly-valve.jpg\",\"width\":800,\"height\":600,\"caption\":\"Pneumatic Butterfly Valve\"},{\"@type\":\"WebPage\",\"@id\":\"https:\/\/zecovalve.com\/product\/pneumatic-butterfly-valve#webpage\",\"url\":\"https:\/\/zecovalve.com\/product\/pneumatic-butterfly-valve\",\"name\":\"Pneumatic Butterfly Valve - ZECO Valve\",\"isPartOf\":{\"@id\":\"https:\/\/zecovalve.com\/#website\"},\"primaryImageOfPage\":{\"@id\":\"https:\/\/zecovalve.com\/product\/pneumatic-butterfly-valve#primaryimage\"},\"datePublished\":\"2022-06-20T13:29:11+00:00\",\"dateModified\":\"2022-06-28T03:25:38+00:00\",\"breadcrumb\":{\"@id\":\"https:\/\/zecovalve.com\/product\/pneumatic-butterfly-valve#breadcrumb\"},\"inLanguage\":\"es\",\"potentialAction\":[{\"@type\":\"ReadAction\",\"target\":[\"https:\/\/zecovalve.com\/product\/pneumatic-butterfly-valve\"]}]},{\"@type\":\"BreadcrumbList\",\"@id\":\"https:\/\/zecovalve.com\/product\/pneumatic-butterfly-valve#breadcrumb\",\"itemListElement\":[{\"@type\":\"ListItem\",\"position\":1,\"item\":{\"@type\":\"WebPage\",\"@id\":\"https:\/\/zecovalve.com\/\",\"url\":\"https:\/\/zecovalve.com\/\",\"name\":\"Home\"}},{\"@type\":\"ListItem\",\"position\":2,\"item\":{\"@type\":\"WebPage\",\"@id\":\"https:\/\/zecovalve.com\/product-category\",\"url\":\"https:\/\/zecovalve.com\/product-category\",\"name\":\"Industrial Valve Manufacturer | Water Valve Manufacturer\"}},{\"@type\":\"ListItem\",\"position\":3,\"item\":{\"@type\":\"WebPage\",\"@id\":\"https:\/\/zecovalve.com\/product\/pneumatic-butterfly-valve\",\"url\":\"https:\/\/zecovalve.com\/product\/pneumatic-butterfly-valve\",\"name\":\"Pneumatic Butterfly Valve\"}}]}]}<\/script>\n<!-- \/ Yoast SEO Premium plugin. -->","_links":{"self":[{"href":"https:\/\/zecovalve.com\/es\/wp-json\/wp\/v2\/product\/16301","targetHints":{"allow":["GET"]}}],"collection":[{"href":"https:\/\/zecovalve.com\/es\/wp-json\/wp\/v2\/product"}],"about":[{"href":"https:\/\/zecovalve.com\/es\/wp-json\/wp\/v2\/types\/product"}],"replies":[{"embeddable":true,"href":"https:\/\/zecovalve.com\/es\/wp-json\/wp\/v2\/comments?post=16301"}],"wp:featuredmedia":[{"embeddable":true,"href":"https:\/\/zecovalve.com\/es\/wp-json\/wp\/v2\/media\/16302"}],"wp:attachment":[{"href":"https:\/\/zecovalve.com\/es\/wp-json\/wp\/v2\/media?parent=16301"}],"wp:term":[{"taxonomy":"product_cat","embeddable":true,"href":"https:\/\/zecovalve.com\/es\/wp-json\/wp\/v2\/product_cat?post=16301"},{"taxonomy":"product_tag","embeddable":true,"href":"https:\/\/zecovalve.com\/es\/wp-json\/wp\/v2\/product_tag?post=16301"}],"curies":[{"name":"wp","href":"https:\/\/api.w.org\/{rel}","templated":true}]}}