{"id":16303,"date":"2022-06-20T13:31:28","date_gmt":"2022-06-20T13:31:28","guid":{"rendered":"https:\/\/zecovalve.com\/?post_type=product&#038;p=16303"},"modified":"2023-06-07T07:04:57","modified_gmt":"2023-06-07T07:04:57","slug":"three-piece-ball-valve","status":"publish","type":"product","link":"https:\/\/zecovalve.com\/es\/producto\/three-piece-ball-valve","title":{"rendered":"V\u00e1lvula de bola de tres piezas"},"content":{"rendered":"<p>La v\u00e1lvula de bola es actualmente la v\u00e1lvula m\u00e1s utilizada y se puede fabricar en diferentes tipos para que sea adecuada para diferentes industrias. Por ejemplo, puede estar hecho de acero inoxidable, pl\u00e1stico, lat\u00f3n, etc.<\/p>\r\n\r\n\r\n\r\n<div class=\"wp-block-columns is-layout-flex wp-container-core-columns-is-layout-9d6595d7 wp-block-columns-is-layout-flex\">\r\n<div class=\"wp-block-column is-layout-flow wp-block-column-is-layout-flow\"><div class=\"wp-block-image\">\r\n<figure class=\"aligncenter size-large\"><img decoding=\"async\" src=\"https:\/\/zecovalve.com\/wp-content\/uploads\/2022\/06\/three-piece-ball-valve-1-300x225.jpg\" alt=\"\" \/><\/figure>\r\n<\/div><\/div>\r\n\r\n\r\n\r\n<div class=\"wp-block-column is-layout-flow wp-block-column-is-layout-flow\"><div class=\"wp-block-image\">\r\n<figure class=\"aligncenter size-large\"><img decoding=\"async\" src=\"https:\/\/zecovalve.com\/wp-content\/uploads\/2022\/06\/three-piece-ball-valve-2-300x225.jpg\" alt=\"\" \/><\/figure>\r\n<\/div><\/div>\r\n\r\n\r\n\r\n<div class=\"wp-block-column is-layout-flow wp-block-column-is-layout-flow\"><div class=\"wp-block-image\">\r\n<figure class=\"aligncenter size-large\"><img decoding=\"async\" src=\"https:\/\/zecovalve.com\/wp-content\/uploads\/2022\/06\/three-piece-ball-valve-3-300x225.jpg\" alt=\"\" \/><\/figure>\r\n<\/div><\/div>\r\n<\/div>\r\n\r\n\r\n\r\n<div class=\"wp-block-columns is-layout-flex wp-container-core-columns-is-layout-9d6595d7 wp-block-columns-is-layout-flex\">\r\n<div class=\"wp-block-column is-layout-flow wp-block-column-is-layout-flow\">\r\n<figure class=\"wp-block-image size-large\"><img decoding=\"async\" src=\"https:\/\/zecovalve.com\/wp-content\/uploads\/2022\/06\/three-piece-ball-valve-4-300x225.jpg\" alt=\"\" \/><\/figure>\r\n<\/div>\r\n\r\n\r\n\r\n<div class=\"wp-block-column is-layout-flow wp-block-column-is-layout-flow\">\r\n<figure class=\"wp-block-image size-large\"><img decoding=\"async\" src=\"https:\/\/zecovalve.com\/wp-content\/uploads\/2022\/06\/three-piece-ball-valve-5-300x225.jpg\" alt=\"\" \/><\/figure>\r\n<\/div>\r\n\r\n\r\n\r\n<div class=\"wp-block-column is-layout-flow wp-block-column-is-layout-flow\">\r\n<figure class=\"wp-block-image size-large\"><img decoding=\"async\" src=\"https:\/\/zecovalve.com\/wp-content\/uploads\/2022\/06\/three-piece-ball-valve-6-300x225.jpg\" alt=\"\" \/><\/figure>\r\n<\/div>\r\n\r\n\r\n\r\n<div class=\"wp-block-column is-layout-flow wp-block-column-is-layout-flow\">\r\n<figure class=\"wp-block-image size-large\"><img decoding=\"async\" src=\"https:\/\/zecovalve.com\/wp-content\/uploads\/2022\/06\/three-piece-ball-valve-7-300x225.jpg\" alt=\"\" \/><\/figure>\r\n<\/div>\r\n<\/div>\r\n\r\n\r\n<div class=\"gb-button-wrapper gb-button-wrapper-6d8495a3\">\r\n\r\n\r\n<p><a class=\"gb-button gb-button-3d442e11 gb-button-text\" href=\"https:\/\/zecovalve.com\/es\/contact\/\" target=\"_blank\" rel=\"noopener noreferrer\"><strong>OBT\u00c9N PRECIO DE V\u00c1LVULA DE BOLA DE TRES PIEZAS<\/strong><\/a><\/p>\r\n<\/div>\r\n\r\n\r\n\r\n\r\n<h2 class=\"wp-block-heading\" id=\"h-what-is-a-three-piece-ball-valve\">\u00bfQu\u00e9 es una v\u00e1lvula de bola de tres piezas?<\/h2>\r\n\r\n\r\n\r\n<p>Nuevamente, como sugiere el nombre, las v\u00e1lvulas de bola de tres piezas constan de tres piezas: dos tapas de extremo y un cuerpo. Las tapas de los extremos generalmente est\u00e1n roscadas o soldadas a la tuber\u00eda y la secci\u00f3n del cuerpo principal se puede quitar f\u00e1cilmente para limpiarla o repararla sin quitar las tapas de los extremos. Esta puede ser una opci\u00f3n muy valiosa porque evita el cierre de la l\u00ednea si se requiere mantenimiento.<\/p>\r\n\r\n\r\n\r\n<h2 class=\"wp-block-heading\" id=\"h-features-of-three-piece-ball-valves\">Caracter\u00edsticas de las v\u00e1lvulas de bola de tres piezas<\/h2>\r\n\r\n\r\n\r\n<p>La v\u00e1lvula de bola de tres piezas es una v\u00e1lvula de bola de alto rendimiento, ideal para una amplia variedad de servicios. Dise\u00f1ada para un mantenimiento simple en l\u00ednea y una vida \u00fatil larga y confiable, esta v\u00e1lvula de bola con asiento el\u00e1stico ofrece caracter\u00edsticas t\u00e9cnicas sofisticadas que permiten un rendimiento superior a un costo econ\u00f3mico.<\/p>\r\n\r\n\r\n\r\n<p>La ventaja de la v\u00e1lvula de bola de tres piezas es que es f\u00e1cil de desmontar. De manera que se pueda mantener y limpiar el cuerpo central sin afectar toda la tuber\u00eda. Por ejemplo, cuando el cuerpo de la v\u00e1lvula est\u00e1 bloqueado, solo necesitamos desatar los pernos de la v\u00e1lvula de bola, sacar el actuador y el cuerpo central, y luego limpiarlo y darle mantenimiento. Despu\u00e9s de la limpieza, podemos unir el cuerpo central y la tapa del extremo con pernos. No necesitamos desmontar toda la v\u00e1lvula de la tuber\u00eda, lo que reduce en gran medida nuestros costos de mantenimiento. En segundo lugar, la mayor\u00eda de las v\u00e1lvulas de bola de tres piezas tienen dise\u00f1os de paso total, lo que puede permitir transportar m\u00e1s flujo.<\/p>\r\n\r\n\r\n\r\n<h2 class=\"wp-block-heading\" id=\"h-material-of-three-piece-ball-valves\">Material de las v\u00e1lvulas de bola de tres piezas<\/h2>\r\n\r\n\r\n\r\n<figure class=\"wp-block-table\">\r\n<table>\r\n<tbody>\r\n<tr>\r\n<td>No<\/td>\r\n<td>Pieza<\/td>\r\n<td>Material<\/td>\r\n<\/tr>\r\n<tr>\r\n<td>1<\/td>\r\n<td>Cuerpo<\/td>\r\n<td>Acero forjado, Acero inoxidable<\/td>\r\n<\/tr>\r\n<tr>\r\n<td>2<\/td>\r\n<td>Cap\u00f3<\/td>\r\n<td>Acero forjado, Acero inoxidable<\/td>\r\n<\/tr>\r\n<tr>\r\n<td>3<\/td>\r\n<td>Perno del cap\u00f3<\/td>\r\n<td>ASTM A193 B7\/B8\/B8M<\/td>\r\n<\/tr>\r\n<tr>\r\n<td>4<\/td>\r\n<td>Tuerca de sombrerete<\/td>\r\n<td>ASTM A194 2H \/ 8 \/ 8M<\/td>\r\n<\/tr>\r\n<tr>\r\n<td>5<\/td>\r\n<td>Junta del cap\u00f3<\/td>\r\n<td>Grafito +SS316<\/td>\r\n<\/tr>\r\n<tr>\r\n<td>6<\/td>\r\n<td>Anillo de asiento<\/td>\r\n<td>VITON<\/td>\r\n<\/tr>\r\n<tr>\r\n<td>7<\/td>\r\n<td>Bola<\/td>\r\n<td>Acero forjado<\/td>\r\n<\/tr>\r\n<tr>\r\n<td>8<\/td>\r\n<td>V\u00e1stago<\/td>\r\n<td>ASTM A276 304\/316<\/td>\r\n<\/tr>\r\n<tr>\r\n<td>9<\/td>\r\n<td>Empaquetadura de v\u00e1stago<\/td>\r\n<td>Grafito<\/td>\r\n<\/tr>\r\n<tr>\r\n<td>10<\/td>\r\n<td>Gl\u00e1ndula<\/td>\r\n<td>Acero inoxidable<\/td>\r\n<\/tr>\r\n<tr>\r\n<td>11<\/td>\r\n<td>Collar\u00edn de parada<\/td>\r\n<td>ANSI 1025<\/td>\r\n<\/tr>\r\n<\/tbody>\r\n<\/table>\r\n<\/figure>","protected":false},"excerpt":{"rendered":"<p>La v\u00e1lvula de bola es actualmente la v\u00e1lvula m\u00e1s utilizada y se puede fabricar en diferentes tipos para que sea adecuada para diferentes industrias. \u2026 <a title=\"V\u00e1lvula de bola de tres piezas\" class=\"read-more\" href=\"https:\/\/zecovalve.com\/es\/producto\/three-piece-ball-valve\" aria-label=\"M\u00e1s en V\u00e1lvula de bola de tres piezas\">Leer m\u00e1s<\/a><\/p>","protected":false},"featured_media":27857,"comment_status":"closed","ping_status":"closed","template":"","meta":{"_generate-full-width-content":"","kt_blocks_editor_width":""},"product_cat":[2047,2465],"product_tag":[3089],"class_list":["post-16303","product","type-product","status-publish","has-post-thumbnail","hentry","product_cat-ball-valve","product_cat-forged-steel-ball-valve","product_tag-3-piece-ball-valve","sales-flash-overlay","woocommerce-text-align-center","woocommerce-image-align-center","do-quantity-buttons"],"featured_image_src_large":["https:\/\/zecovalve.com\/wp-content\/uploads\/2022\/06\/Three-Piece-Ball-Valve-8.jpg",800,600,false],"author_info":[],"comment_info":0,"taxonomy_info":{"product_cat":[{"value":2047,"label":"Ball Valve"},{"value":2465,"label":"Forged Ball Valve"}],"product_tag":[{"value":3089,"label":"3 Piece Ball Valve"}]},"yoast_head":"<!-- This site is optimized with the Yoast SEO Premium plugin v15.4 - https:\/\/yoast.com\/wordpress\/plugins\/seo\/ -->\n<title>Three Piece Ball Valve - 3 Piece Ball Valve Manufacturer | ZECO Valve<\/title>\n<meta name=\"robots\" content=\"index, follow, max-snippet:-1, max-image-preview:large, max-video-preview:-1\" \/>\n<link rel=\"canonical\" href=\"https:\/\/zecovalve.com\/es\/producto\/three-piece-ball-valve\" \/>\n<meta property=\"og:locale\" content=\"es_ES\" \/>\n<meta property=\"og:type\" content=\"article\" \/>\n<meta property=\"og:title\" content=\"Three Piece Ball Valve - 3 Piece Ball Valve Manufacturer | ZECO Valve\" \/>\n<meta property=\"og:description\" content=\"Ball valve is currently the most widely used valve, it can be made into different types to be suitable for different industries. ... Leer m\u00e1s\" \/>\n<meta property=\"og:url\" content=\"https:\/\/zecovalve.com\/es\/producto\/three-piece-ball-valve\" \/>\n<meta property=\"og:site_name\" content=\"ZECO Valve\" \/>\n<meta property=\"article:modified_time\" content=\"2023-06-07T07:04:57+00:00\" \/>\n<meta property=\"og:image\" content=\"https:\/\/zecovalve.com\/wp-content\/uploads\/2022\/06\/Three-Piece-Ball-Valve-8.jpg\" \/>\n\t<meta property=\"og:image:width\" content=\"800\" \/>\n\t<meta property=\"og:image:height\" content=\"600\" \/>\n<meta name=\"twitter:card\" content=\"summary_large_image\" \/>\n<meta name=\"twitter:label1\" content=\"Escrito por\">\n\t<meta name=\"twitter:data1\" content=\"Jerry\">\n\t<meta name=\"twitter:label2\" content=\"Tiempo de lectura\">\n\t<meta name=\"twitter:data2\" content=\"1 minuto\">\n<script type=\"application\/ld+json\" class=\"yoast-schema-graph\">{\"@context\":\"https:\/\/schema.org\",\"@graph\":[{\"@type\":\"WebSite\",\"@id\":\"https:\/\/zecovalve.com\/#website\",\"url\":\"https:\/\/zecovalve.com\/\",\"name\":\"ZECO Valve\",\"description\":\"Industrial Ball Valve, Gate Valve and Globe Valve Manufacturer\",\"potentialAction\":[{\"@type\":\"SearchAction\",\"target\":\"https:\/\/zecovalve.com\/?s={search_term_string}\",\"query-input\":\"required name=search_term_string\"}],\"inLanguage\":\"es\"},{\"@type\":\"ImageObject\",\"@id\":\"https:\/\/zecovalve.com\/product\/three-piece-ball-valve#primaryimage\",\"inLanguage\":\"es\",\"url\":\"https:\/\/zecovalve.com\/wp-content\/uploads\/2022\/06\/Three-Piece-Ball-Valve-8.jpg\",\"width\":800,\"height\":600,\"caption\":\"Three Piece Ball Valve\"},{\"@type\":\"WebPage\",\"@id\":\"https:\/\/zecovalve.com\/product\/three-piece-ball-valve#webpage\",\"url\":\"https:\/\/zecovalve.com\/product\/three-piece-ball-valve\",\"name\":\"Three Piece Ball Valve - 3 Piece Ball Valve Manufacturer | ZECO Valve\",\"isPartOf\":{\"@id\":\"https:\/\/zecovalve.com\/#website\"},\"primaryImageOfPage\":{\"@id\":\"https:\/\/zecovalve.com\/product\/three-piece-ball-valve#primaryimage\"},\"datePublished\":\"2022-06-20T13:31:28+00:00\",\"dateModified\":\"2023-06-07T07:04:57+00:00\",\"breadcrumb\":{\"@id\":\"https:\/\/zecovalve.com\/product\/three-piece-ball-valve#breadcrumb\"},\"inLanguage\":\"es\",\"potentialAction\":[{\"@type\":\"ReadAction\",\"target\":[\"https:\/\/zecovalve.com\/product\/three-piece-ball-valve\"]}]},{\"@type\":\"BreadcrumbList\",\"@id\":\"https:\/\/zecovalve.com\/product\/three-piece-ball-valve#breadcrumb\",\"itemListElement\":[{\"@type\":\"ListItem\",\"position\":1,\"item\":{\"@type\":\"WebPage\",\"@id\":\"https:\/\/zecovalve.com\/\",\"url\":\"https:\/\/zecovalve.com\/\",\"name\":\"Home\"}},{\"@type\":\"ListItem\",\"position\":2,\"item\":{\"@type\":\"WebPage\",\"@id\":\"https:\/\/zecovalve.com\/product-category\",\"url\":\"https:\/\/zecovalve.com\/product-category\",\"name\":\"Industrial Valve Manufacturer | Water Valve Manufacturer\"}},{\"@type\":\"ListItem\",\"position\":3,\"item\":{\"@type\":\"WebPage\",\"@id\":\"https:\/\/zecovalve.com\/product\/three-piece-ball-valve\",\"url\":\"https:\/\/zecovalve.com\/product\/three-piece-ball-valve\",\"name\":\"Three Piece Ball Valve\"}}]}]}<\/script>\n<!-- \/ Yoast SEO Premium plugin. -->","_links":{"self":[{"href":"https:\/\/zecovalve.com\/es\/wp-json\/wp\/v2\/product\/16303","targetHints":{"allow":["GET"]}}],"collection":[{"href":"https:\/\/zecovalve.com\/es\/wp-json\/wp\/v2\/product"}],"about":[{"href":"https:\/\/zecovalve.com\/es\/wp-json\/wp\/v2\/types\/product"}],"replies":[{"embeddable":true,"href":"https:\/\/zecovalve.com\/es\/wp-json\/wp\/v2\/comments?post=16303"}],"wp:featuredmedia":[{"embeddable":true,"href":"https:\/\/zecovalve.com\/es\/wp-json\/wp\/v2\/media\/27857"}],"wp:attachment":[{"href":"https:\/\/zecovalve.com\/es\/wp-json\/wp\/v2\/media?parent=16303"}],"wp:term":[{"taxonomy":"product_cat","embeddable":true,"href":"https:\/\/zecovalve.com\/es\/wp-json\/wp\/v2\/product_cat?post=16303"},{"taxonomy":"product_tag","embeddable":true,"href":"https:\/\/zecovalve.com\/es\/wp-json\/wp\/v2\/product_tag?post=16303"}],"curies":[{"name":"wp","href":"https:\/\/api.w.org\/{rel}","templated":true}]}}