{"id":16316,"date":"2022-06-20T13:36:19","date_gmt":"2022-06-20T13:36:19","guid":{"rendered":"https:\/\/zecovalve.com\/?post_type=product&#038;p=16316"},"modified":"2022-09-01T00:40:15","modified_gmt":"2022-09-01T00:40:15","slug":"8-inch-butterfly-valve","status":"publish","type":"product","link":"https:\/\/zecovalve.com\/es\/producto\/8-inch-butterfly-valve","title":{"rendered":"V\u00e1lvula mariposa de 8\u2033"},"content":{"rendered":"<p>ZECO Valve es un fabricante profesional de v\u00e1lvulas de mariposa que ofrece un precio competitivo de v\u00e1lvulas de mariposa.<\/p>\r\n\r\n\r\n\r\n<figure class=\"wp-block-image size-full\"><img loading=\"lazy\" decoding=\"async\" class=\"alignnone size-medium wp-image-16949\" src=\"https:\/\/zecovalve.com\/wp-content\/uploads\/2022\/06\/butterfly-valve-1-300x200.jpg\" alt=\"\" width=\"300\" height=\"200\" srcset=\"https:\/\/zecovalve.com\/wp-content\/uploads\/2022\/06\/butterfly-valve-1-300x200.jpg 300w, https:\/\/zecovalve.com\/wp-content\/uploads\/2022\/06\/butterfly-valve-1.jpg 600w\" sizes=\"auto, (max-width: 300px) 100vw, 300px\" \/><\/figure>\r\n\r\n\r\n<div class=\"gb-button-wrapper gb-button-wrapper-6d8495a3\">\r\n\r\n\r\n<p><a class=\"gb-button gb-button-3d442e11 gb-button-text\" href=\"mailto:commercial@zecovalve.com\" target=\"_blank\" rel=\"noopener noreferrer\"><strong>OBT\u00c9N PRECIO DE V\u00c1LVULA DE MARIPOSA DE 8 PULGADAS<\/strong><\/a><\/p>\r\n<\/div>\r\n\r\n\r\n\r\n\r\n<h2 class=\"wp-block-heading\">\u00bfQu\u00e9 es la v\u00e1lvula de mariposa de 8 pulgadas?<\/h2>\r\n\r\n\r\n\r\n<p>Las v\u00e1lvulas de mariposa dan servicio a sistemas de protecci\u00f3n contra incendios de alto rendimiento y est\u00e1n disponibles en una amplia gama de tama\u00f1os con conexiones de extremo tipo wafer, ranuradas o prensadas. Las v\u00e1lvulas de mariposa brindan un servicio de cierre bidireccional en servicios comerciales e industriales y pueden proporcionar muchos ciclos sin mantenimiento y aun as\u00ed acomodar un cierre &quot;herm\u00e9tico&quot;.<\/p>\r\n\r\n\r\n\r\n<p>La v\u00e1lvula de mariposa ZECO de 8 pulgadas adopta material de caucho o tefl\u00f3n como cara de sellado, esta estructura puede reducirse. La v\u00e1lvula de mariposa se puede utilizar en varias tuber\u00edas, lo que comparte muchas ventajas: como su estructura compacta, cierre r\u00e1pido, capacidad de sellado ajustada, operaci\u00f3n f\u00e1cil y larga vida \u00fatil. Durante el proceso de cierre, la abrasi\u00f3n es peque\u00f1a. Debido a que la v\u00e1lvula est\u00e1 dise\u00f1ada con una estructura de doble compensaci\u00f3n, cuando la v\u00e1lvula est\u00e1 completamente abierta, el sello del disco se afloja. Cuando la v\u00e1lvula est\u00e1 completamente cerrada, el cuerpo y el disco comprimen el anillo de sellado, lo que provoca la deformaci\u00f3n; este tipo de sellado flexible maximiza la capacidad de sellado. La cara de sellado coopera con precisi\u00f3n con el cuerpo, evita suficientemente el lavado del medio y prolonga la vida \u00fatil de la v\u00e1lvula. La v\u00e1lvula tiene una estructura compleja para un recipiente a presi\u00f3n y una m\u00e1quina operativa, por lo que se debe tener en cuenta el mantenimiento de la v\u00e1lvula y su apertura\/cierre ocasional; Al mismo tiempo, tambi\u00e9n se considerar\u00e1 principalmente el estado de presi\u00f3n est\u00e1tica de la v\u00e1lvula. Al mantener la v\u00e1lvula en una determinada posici\u00f3n, la capacidad operativa de la v\u00e1lvula puede verse reducida, esto es causado por la acumulaci\u00f3n de sustancias corrosivas en las piezas m\u00f3viles. En algunas circunstancias, la v\u00e1lvula deber\u00e1 circular abierta\/cerrada peri\u00f3dicamente. La integridad del l\u00edmite de presi\u00f3n requiere la integridad de las piezas que soportan presi\u00f3n, la capacidad de soportar presi\u00f3n debe comprobarse peri\u00f3dicamente.<\/p>\r\n\r\n\r\n\r\n<h2 class=\"wp-block-heading\">Est\u00e1ndares de v\u00e1lvula mariposa de 8\u2033<\/h2>\r\n\r\n\r\n\r\n<figure class=\"wp-block-table\">\r\n<table>\r\n<tbody>\r\n<tr>\r\n<td>Norma de dise\u00f1o<\/td>\r\n<td>API 609, ASME B16.34, JIS B2064, GB\/T 12238<\/td>\r\n<\/tr>\r\n<tr>\r\n<td>Cara a cara<\/td>\r\n<td>API 609, DIN 3202, ISO 5752, BS 5155<\/td>\r\n<\/tr>\r\n<tr>\r\n<td>Extremo de brida<\/td>\r\n<td>DIN 2501, ASME B16.5, BS 4504, JIS 10K<\/td>\r\n<\/tr>\r\n<tr>\r\n<td>Brida superior<\/td>\r\n<td>ISO 5211<\/td>\r\n<\/tr>\r\n<tr>\r\n<td>Inspecci\u00f3n de prueba<\/td>\r\n<td>API 598, EN 12266-1<\/td>\r\n<\/tr>\r\n<\/tbody>\r\n<\/table>\r\n<\/figure>\r\n\r\n\r\n\r\n<h2 class=\"wp-block-heading\">Dimensiones y peso de la v\u00e1lvula de mariposa de 8 pulgadas<\/h2>\r\n\r\n\r\n\r\n<table border=\"=1\" width=\"800\">\r\n<tbody>\r\n<tr>\r\n<td rowspan=\"2\">Presi\u00f3n nominal<\/td>\r\n<td style=\"text-align: center;\">Taladro<\/td>\r\n<td style=\"text-align: center;\" colspan=\"3\">\u00a0Dimensi\u00f3n cara a cara (en mm)<\/td>\r\n<td style=\"text-align: center;\">Peso<\/td>\r\n<\/tr>\r\n<tr>\r\n<td style=\"text-align: center;\">(en mm)<\/td>\r\n<td style=\"text-align: center;\">RF<\/td>\r\n<td style=\"text-align: center;\">Oblea<\/td>\r\n<td style=\"text-align: center;\">Arrastrar<\/td>\r\n<td style=\"text-align: center;\">kg<\/td>\r\n<\/tr>\r\n<tr>\r\n<td>CLASE 150<\/td>\r\n<td style=\"text-align: center;\">201<\/td>\r\n<td style=\"text-align: center;\">292\/152<\/td>\r\n<td style=\"text-align: center;\">60\/64<\/td>\r\n<td style=\"text-align: center;\">60\/64<\/td>\r\n<td style=\"text-align: center;\">20<\/td>\r\n<\/tr>\r\n<tr>\r\n<td>CLASE 300<\/td>\r\n<td style=\"text-align: center;\">201<\/td>\r\n<td style=\"text-align: center;\">418\/230<\/td>\r\n<td style=\"text-align: center;\">73<\/td>\r\n<td style=\"text-align: center;\">73<\/td>\r\n<td style=\"text-align: center;\">35<\/td>\r\n<\/tr>\r\n<tr>\r\n<td>CLASE 600<\/td>\r\n<td style=\"text-align: center;\">201<\/td>\r\n<td style=\"text-align: center;\">660\/230<\/td>\r\n<td style=\"text-align: center;\">102<\/td>\r\n<td style=\"text-align: center;\">102<\/td>\r\n<td style=\"text-align: center;\">60<\/td>\r\n<\/tr>\r\n<\/tbody>\r\n<\/table>\r\n\r\n\r\n\r\n<h2 class=\"wp-block-heading\">Material de la v\u00e1lvula de mariposa de 8 pulgadas:<\/h2>\r\n\r\n\r\n\r\n<figure class=\"wp-block-table\">\r\n<table>\r\n<tbody>\r\n<tr>\r\n<td>No<\/td>\r\n<td>Pieza<\/td>\r\n<td>Material<\/td>\r\n<\/tr>\r\n<tr>\r\n<td>1<\/td>\r\n<td>Cuerpo<\/td>\r\n<td>Hierro fundido \/ Hierro d\u00factil \/ Acero al carbono \/ Acero inoxidable<\/td>\r\n<\/tr>\r\n<tr>\r\n<td>2<\/td>\r\n<td>Disco<\/td>\r\n<td>Hierro fundido \/ Hierro d\u00factil \/ Acero al carbono \/ Acero inoxidable<\/td>\r\n<\/tr>\r\n<tr>\r\n<td>3<\/td>\r\n<td>V\u00e1stago<\/td>\r\n<td>Acero inoxidable<\/td>\r\n<\/tr>\r\n<tr>\r\n<td>4<\/td>\r\n<td>Asiento<\/td>\r\n<td>EPDM \/ NBR \/ PTFE \/ VITON \/ HYPALON \/ SS304 \/ SS304 +Grafito<\/td>\r\n<\/tr>\r\n<tr>\r\n<td>5<\/td>\r\n<td>Empaquetadura de v\u00e1stago<\/td>\r\n<td>EPDM \/ NBR \/ Grafito<\/td>\r\n<\/tr>\r\n<\/tbody>\r\n<\/table>\r\n<\/figure>\r\n\r\n\r\n\r\n<h2 class=\"wp-block-heading\">Caracter\u00edsticas de la v\u00e1lvula de mariposa de 8 pulgadas<\/h2>\r\n\r\n\r\n\r\n<ul class=\"wp-block-list\">\r\n<li>La v\u00e1lvula de mariposa ZECO de 8 pulgadas puede elegir un anillo de asiento de metal con metal o un anillo de asiento resistente;<\/li>\r\n<li>El yugo de la v\u00e1lvula de mariposa ZECO de 8 pulgadas est\u00e1 dise\u00f1ado de acuerdo con la norma ISO 5211 y est\u00e1 conectado con un actuador el\u00e9ctrico, un actuador neum\u00e1tico, un actuador hidr\u00e1ulico y se opera manualmente;<\/li>\r\n<li>La v\u00e1lvula de mariposa ZECO de 8 pulgadas tiene un dise\u00f1o de anillo de sellado reemplazable;<\/li>\r\n<li>Si la v\u00e1lvula de mariposa ZECO de 8 pulgadas elige metal para la estructura met\u00e1lica, puede tener un dise\u00f1o y estructura de seguridad contra incendios, la estructura con asiento de metal hace que la v\u00e1lvula sea a prueba de incendios y cumple con los requisitos de API 607.<\/li>\r\n<li>P\u00e9rdida m\u00ednima de presi\u00f3n.<\/li>\r\n<li>Facil de abrir y cerrar<\/li>\r\n<li>Buena estanqueidad<\/li>\r\n<li>Dise\u00f1o compacto<\/li>\r\n<li>Se debe controlar el f\u00e1cil movimiento del disco durante el montaje.<\/li>\r\n<\/ul>\r\n\r\n\r\n\r\n<h2 class=\"wp-block-heading\">Aplicaciones de la v\u00e1lvula mariposa de 8\u2033<\/h2>\r\n\r\n\r\n\r\n<ul class=\"wp-block-list\">\r\n<li>Sistemas de calefacci\u00f3n y aire acondicionado.<\/li>\r\n<li>Sistema de purificaci\u00f3n de agua.<\/li>\r\n<li>Industria minera<\/li>\r\n<li>Construcci\u00f3n naval<\/li>\r\n<li>Industria qu\u00edmica<\/li>\r\n<li>Industria de alimentos<\/li>\r\n<li>Industria de petr\u00f3leo y gas<\/li>\r\n<li>Sistema de extinci\u00f3n de incendios<\/li>\r\n<\/ul>","protected":false},"excerpt":{"rendered":"<p>ZECO Valve es un fabricante profesional de v\u00e1lvulas de mariposa que ofrece un precio competitivo de v\u00e1lvulas de mariposa. \u00bfQu\u00e9 es la v\u00e1lvula de mariposa de 8 pulgadas? V\u00e1lvulas de mariposa \u2026 <a title=\"V\u00e1lvula mariposa de 8\u2033\" class=\"read-more\" href=\"https:\/\/zecovalve.com\/es\/producto\/8-inch-butterfly-valve\" aria-label=\"M\u00e1s en V\u00e1lvula Mariposa 8\u2033\">Leer m\u00e1s<\/a><\/p>","protected":false},"featured_media":16949,"comment_status":"closed","ping_status":"closed","template":"","meta":{"_generate-full-width-content":"","kt_blocks_editor_width":""},"product_cat":[2044,2470],"product_tag":[2806,2801],"class_list":["post-16316","product","type-product","status-publish","has-post-thumbnail","hentry","product_cat-butterfly-valve","product_cat-butterfly-valve-by-inch","product_tag-butterfly-valve-wafer-type","product_tag-wafer-type-butterfly-valve","sales-flash-overlay","woocommerce-text-align-center","woocommerce-image-align-center","do-quantity-buttons"],"featured_image_src_large":["https:\/\/zecovalve.com\/wp-content\/uploads\/2022\/06\/butterfly-valve-1.jpg",600,400,false],"author_info":[],"comment_info":0,"taxonomy_info":{"product_cat":[{"value":2044,"label":"Butterfly Valve"},{"value":2470,"label":"Butterfly Valve By Inch"}],"product_tag":[{"value":2806,"label":"Butterfly Valve Wafer Type"},{"value":2801,"label":"Wafer Type Butterfly Valve"}]},"yoast_head":"<!-- This site is optimized with the Yoast SEO Premium plugin v15.4 - https:\/\/yoast.com\/wordpress\/plugins\/seo\/ -->\n<title>8&quot; Butterfly Valve - Butterfly Valve 8 Inch | 8 Inch Butterfly Valve Price | ZECO<\/title>\n<meta name=\"robots\" content=\"index, follow, max-snippet:-1, max-image-preview:large, max-video-preview:-1\" \/>\n<link rel=\"canonical\" href=\"https:\/\/zecovalve.com\/es\/producto\/8-inch-butterfly-valve\" \/>\n<meta property=\"og:locale\" content=\"es_ES\" \/>\n<meta property=\"og:type\" content=\"article\" \/>\n<meta property=\"og:title\" content=\"8&quot; Butterfly Valve - Butterfly Valve 8 Inch | 8 Inch Butterfly Valve Price | ZECO\" \/>\n<meta property=\"og:description\" content=\"ZECO Valve is a professional butterfly valve manufacturer, providing a competitive butterfly valve price. What is 8 Inch Butterfly Valve? Butterfly valves ... Leer m\u00e1s\" \/>\n<meta property=\"og:url\" content=\"https:\/\/zecovalve.com\/es\/producto\/8-inch-butterfly-valve\" \/>\n<meta property=\"og:site_name\" content=\"ZECO Valve\" \/>\n<meta property=\"article:modified_time\" content=\"2022-09-01T00:40:15+00:00\" \/>\n<meta property=\"og:image\" content=\"https:\/\/zecovalve.com\/wp-content\/uploads\/2022\/06\/butterfly-valve-1.jpg\" \/>\n\t<meta property=\"og:image:width\" content=\"600\" \/>\n\t<meta property=\"og:image:height\" content=\"400\" \/>\n<meta name=\"twitter:card\" content=\"summary_large_image\" \/>\n<meta name=\"twitter:label1\" content=\"Escrito por\">\n\t<meta name=\"twitter:data1\" content=\"Jerry\">\n\t<meta name=\"twitter:label2\" content=\"Tiempo de lectura\">\n\t<meta name=\"twitter:data2\" content=\"2 minutos\">\n<script type=\"application\/ld+json\" class=\"yoast-schema-graph\">{\"@context\":\"https:\/\/schema.org\",\"@graph\":[{\"@type\":\"WebSite\",\"@id\":\"https:\/\/zecovalve.com\/#website\",\"url\":\"https:\/\/zecovalve.com\/\",\"name\":\"ZECO Valve\",\"description\":\"Industrial Ball Valve, Gate Valve and Globe Valve Manufacturer\",\"potentialAction\":[{\"@type\":\"SearchAction\",\"target\":\"https:\/\/zecovalve.com\/?s={search_term_string}\",\"query-input\":\"required name=search_term_string\"}],\"inLanguage\":\"es\"},{\"@type\":\"ImageObject\",\"@id\":\"https:\/\/zecovalve.com\/product\/8-inch-butterfly-valve#primaryimage\",\"inLanguage\":\"es\",\"url\":\"https:\/\/zecovalve.com\/wp-content\/uploads\/2022\/06\/butterfly-valve-1.jpg\",\"width\":600,\"height\":400},{\"@type\":\"WebPage\",\"@id\":\"https:\/\/zecovalve.com\/product\/8-inch-butterfly-valve#webpage\",\"url\":\"https:\/\/zecovalve.com\/product\/8-inch-butterfly-valve\",\"name\":\"8\\\" Butterfly Valve - Butterfly Valve 8 Inch | 8 Inch Butterfly Valve Price | ZECO\",\"isPartOf\":{\"@id\":\"https:\/\/zecovalve.com\/#website\"},\"primaryImageOfPage\":{\"@id\":\"https:\/\/zecovalve.com\/product\/8-inch-butterfly-valve#primaryimage\"},\"datePublished\":\"2022-06-20T13:36:19+00:00\",\"dateModified\":\"2022-09-01T00:40:15+00:00\",\"breadcrumb\":{\"@id\":\"https:\/\/zecovalve.com\/product\/8-inch-butterfly-valve#breadcrumb\"},\"inLanguage\":\"es\",\"potentialAction\":[{\"@type\":\"ReadAction\",\"target\":[\"https:\/\/zecovalve.com\/product\/8-inch-butterfly-valve\"]}]},{\"@type\":\"BreadcrumbList\",\"@id\":\"https:\/\/zecovalve.com\/product\/8-inch-butterfly-valve#breadcrumb\",\"itemListElement\":[{\"@type\":\"ListItem\",\"position\":1,\"item\":{\"@type\":\"WebPage\",\"@id\":\"https:\/\/zecovalve.com\/\",\"url\":\"https:\/\/zecovalve.com\/\",\"name\":\"Home\"}},{\"@type\":\"ListItem\",\"position\":2,\"item\":{\"@type\":\"WebPage\",\"@id\":\"https:\/\/zecovalve.com\/product-category\",\"url\":\"https:\/\/zecovalve.com\/product-category\",\"name\":\"Industrial Valve Manufacturer | Water Valve Manufacturer\"}},{\"@type\":\"ListItem\",\"position\":3,\"item\":{\"@type\":\"WebPage\",\"@id\":\"https:\/\/zecovalve.com\/product\/8-inch-butterfly-valve\",\"url\":\"https:\/\/zecovalve.com\/product\/8-inch-butterfly-valve\",\"name\":\"8&#8243; Butterfly Valve\"}}]}]}<\/script>\n<!-- \/ Yoast SEO Premium plugin. -->","_links":{"self":[{"href":"https:\/\/zecovalve.com\/es\/wp-json\/wp\/v2\/product\/16316","targetHints":{"allow":["GET"]}}],"collection":[{"href":"https:\/\/zecovalve.com\/es\/wp-json\/wp\/v2\/product"}],"about":[{"href":"https:\/\/zecovalve.com\/es\/wp-json\/wp\/v2\/types\/product"}],"replies":[{"embeddable":true,"href":"https:\/\/zecovalve.com\/es\/wp-json\/wp\/v2\/comments?post=16316"}],"wp:featuredmedia":[{"embeddable":true,"href":"https:\/\/zecovalve.com\/es\/wp-json\/wp\/v2\/media\/16949"}],"wp:attachment":[{"href":"https:\/\/zecovalve.com\/es\/wp-json\/wp\/v2\/media?parent=16316"}],"wp:term":[{"taxonomy":"product_cat","embeddable":true,"href":"https:\/\/zecovalve.com\/es\/wp-json\/wp\/v2\/product_cat?post=16316"},{"taxonomy":"product_tag","embeddable":true,"href":"https:\/\/zecovalve.com\/es\/wp-json\/wp\/v2\/product_tag?post=16316"}],"curies":[{"name":"wp","href":"https:\/\/api.w.org\/{rel}","templated":true}]}}