{"id":16318,"date":"2022-06-20T13:38:03","date_gmt":"2022-06-20T13:38:03","guid":{"rendered":"https:\/\/zecovalve.com\/?post_type=product&#038;p=16318"},"modified":"2023-06-15T12:51:11","modified_gmt":"2023-06-15T12:51:11","slug":"12-inch-gate-valve","status":"publish","type":"product","link":"https:\/\/zecovalve.com\/es\/producto\/12-inch-gate-valve","title":{"rendered":"V\u00e1lvula de compuerta de 12 pulgadas"},"content":{"rendered":"<p>La v\u00e1lvula de compuerta de 12 pulgadas es un tama\u00f1o de v\u00e1lvula com\u00fan en tuber\u00edas.<\/p>\r\n\r\n\r\n\r\n<figure class=\"wp-block-image alignnone size-medium wp-image-16319\">\r\n<p><img loading=\"lazy\" decoding=\"async\" class=\"size-medium wp-image-19563\" src=\"https:\/\/zecovalve.com\/wp-content\/uploads\/2022\/06\/12-inch-Gate-Valve-1-225x300.jpg\" alt=\"V\u00e1lvula de compuerta de 12 pulgadas\" width=\"225\" height=\"300\" srcset=\"https:\/\/zecovalve.com\/wp-content\/uploads\/2022\/06\/12-inch-Gate-Valve-1-225x300.jpg 225w, https:\/\/zecovalve.com\/wp-content\/uploads\/2022\/06\/12-inch-Gate-Valve-1-768x1024.jpg 768w, https:\/\/zecovalve.com\/wp-content\/uploads\/2022\/06\/12-inch-Gate-Valve-1-1152x1536.jpg 1152w, https:\/\/zecovalve.com\/wp-content\/uploads\/2022\/06\/12-inch-Gate-Valve-1-1536x2048.jpg 1536w, https:\/\/zecovalve.com\/wp-content\/uploads\/2022\/06\/12-inch-Gate-Valve-1-600x800.jpg 600w, https:\/\/zecovalve.com\/wp-content\/uploads\/2022\/06\/12-inch-Gate-Valve-1-scaled.jpg 1920w\" sizes=\"auto, (max-width: 225px) 100vw, 225px\" \/><\/p>\r\n<\/figure>\r\n\r\n\r\n<div class=\"gb-button-wrapper gb-button-wrapper-6d8495a3\">\r\n\r\n\r\n<p><a class=\"gb-button gb-button-3d442e11 gb-button-text\" href=\"mailto:commercial@zecovalve.com\" target=\"_blank\" rel=\"noopener noreferrer\"><strong>OBT\u00c9N PRECIO DE V\u00c1LVULA DE COMPUERTA DE 12\u2033<\/strong><\/a><\/p>\r\n<\/div>\r\n\r\n\r\n\r\n\r\n<h2 class=\"wp-block-heading\" id=\"h-what-is-12-inch-gate-valve\">\u00bfQu\u00e9 es la v\u00e1lvula de compuerta de 12 pulgadas?<\/h2>\r\n\r\n\r\n\r\n<p>El cuerpo de la v\u00e1lvula de compuerta ZECO de 12 pulgadas atraviesa la estructura, que es similar a la tuber\u00eda recta en estado completamente abierto, para garantizar la m\u00ednima resistencia al flujo y el flujo arremolinado, y reducir el costo en la tuber\u00eda del usuario. Hay dos formas de conectar el cuerpo de la v\u00e1lvula y el cap\u00f3, una es la conexi\u00f3n por perno del cap\u00f3 del cuerpo de la v\u00e1lvula, la otra es la estructura autosellante a presi\u00f3n, el interior del cuerpo de la v\u00e1lvula de ambos tipos de estructura es el mismo, hay un Riel gu\u00eda para permitir el movimiento fijo de la puerta, no causado por la desviaci\u00f3n del impacto de problemas de sellado. El cap\u00f3 y el soporte son integrales y divididos, dependiendo del tama\u00f1o de la v\u00e1lvula de compuerta, generalmente 10\u201d o menos son cap\u00f3 y yugo de una sola pieza y 10\u201d o m\u00e1s son yugo y cap\u00f3 divididos.<\/p>\r\n\r\n\r\n\r\n<h2 class=\"wp-block-heading\" id=\"h-features-of-12-inch-gate-valve\">Caracter\u00edsticas de la v\u00e1lvula de compuerta de 12 pulgadas:<\/h2>\r\n\r\n\r\n\r\n<ul class=\"wp-block-list\">\r\n<li>Los ingenieros t\u00e9cnicos de ZECO han considerado plenamente la dificultad del servicio posventa, por lo que desarrollaron la estructura que se puede mantener en l\u00ednea, como asiento de v\u00e1lvula renovable, empaque reemplazable en l\u00ednea, volante reemplazable en l\u00ednea, etc., para facilitar el mantenimiento de personal de posventa;<\/li>\r\n<li>La cu\u00f1a de la v\u00e1lvula de compuerta ZECO de 12 pulgadas se muele hasta una superficie de espejo antes del ensamblaje para garantizar que encaje perfectamente con el anillo del asiento y no se atasque;<\/li>\r\n<li>El sellado del v\u00e1stago de la v\u00e1lvula de compuerta ZECO de 12 pulgadas se realiza mediante la colaboraci\u00f3n de grafito tejido y flexible, lo que garantiza una estanqueidad m\u00e1s confiable;<\/li>\r\n<li>La v\u00e1lvula de compuerta ZECO de 12 pulgadas tiene un buen rendimiento de sellado a altas temperaturas y una v\u00e1lvula de cu\u00f1a no es f\u00e1cil de atascar despu\u00e9s de calentarla. Adecuado para vapor, aceite a alta temperatura, petr\u00f3leo, gas y otros medios, as\u00ed como componentes de conmutaci\u00f3n frecuente. No apto para medios que se coquizan f\u00e1cilmente.<\/li>\r\n<\/ul>\r\n\r\n\r\n\r\n<h2 class=\"wp-block-heading\">Aplicaciones de la v\u00e1lvula de compuerta de 12 pulgadas<\/h2>\r\n\r\n\r\n\r\n<p>Las v\u00e1lvulas de compuerta de 12 pulgadas se pueden encontrar en cualquier lugar donde se requiera un cierre econ\u00f3mico. Las v\u00e1lvulas de compuerta son ideales para cualquier aplicaci\u00f3n que involucre lodos, ya que la compuerta puede atravesarlas. Las v\u00e1lvulas de compuerta tambi\u00e9n son comunes en aplicaciones que utilizan l\u00edquidos como aceites pesados, grasas ligeras, barnices y otros l\u00edquidos no inflamables.<\/p>\r\n\r\n\r\n\r\n<h2 class=\"wp-block-heading\">Dimensiones y peso de la v\u00e1lvula de compuerta de 12 \u2033<\/h2>\r\n\r\n\r\n\r\n<table border=\"=1\" width=\"800\">\r\n<tbody>\r\n<tr>\r\n<td rowspan=\"2\">Presi\u00f3n nominal\u00a0<\/td>\r\n<td>Taladro<\/td>\r\n<td colspan=\"3\">\u00a0Dimensi\u00f3n cara a cara (en mm)\u00a0 \u00a0<\/td>\r\n<td>Peso<\/td>\r\n<\/tr>\r\n<tr>\r\n<td>(en mm)<\/td>\r\n<td>RF<\/td>\r\n<td>BW<\/td>\r\n<td>RTJ<\/td>\r\n<td>kg<\/td>\r\n<\/tr>\r\n<tr>\r\n<td>CLASE 150<\/td>\r\n<td>300<\/td>\r\n<td>356<\/td>\r\n<td>502<\/td>\r\n<td>368<\/td>\r\n<td>290<\/td>\r\n<\/tr>\r\n<tr>\r\n<td>CLASE 300<\/td>\r\n<td>300<\/td>\r\n<td>502<\/td>\r\n<td>502<\/td>\r\n<td>518<\/td>\r\n<td>486<\/td>\r\n<\/tr>\r\n<tr>\r\n<td>CLASE 600<\/td>\r\n<td>298<\/td>\r\n<td>838<\/td>\r\n<td>838<\/td>\r\n<td>841<\/td>\r\n<td>1068<\/td>\r\n<\/tr>\r\n<tr>\r\n<td>CLASE 900<\/td>\r\n<td>282<\/td>\r\n<td>965<\/td>\r\n<td>965<\/td>\r\n<td>968<\/td>\r\n<td>1542<\/td>\r\n<\/tr>\r\n<tr>\r\n<td>CLASE 1500<\/td>\r\n<td>263<\/td>\r\n<td>1130<\/td>\r\n<td>1130<\/td>\r\n<td>1146<\/td>\r\n<td>3816<\/td>\r\n<\/tr>\r\n<tr>\r\n<td>CLASE 2500<\/td>\r\n<td>218<\/td>\r\n<td>1422<\/td>\r\n<td>1422<\/td>\r\n<td>1445<\/td>\r\n<td>6500<\/td>\r\n<\/tr>\r\n<\/tbody>\r\n<\/table>\r\n\r\n\r\n\r\n<h2 class=\"wp-block-heading\" id=\"h-material-of-12-inch-gate-valve\">Material de la v\u00e1lvula de compuerta de 12 pulgadas:<\/h2>\r\n\r\n\r\n\r\n<figure class=\"wp-block-table is-style-stripes\">\r\n<table>\r\n<tbody>\r\n<tr>\r\n<td>No<\/td>\r\n<td>Pieza<\/td>\r\n<td>Material<\/td>\r\n<\/tr>\r\n<tr>\r\n<td>1<\/td>\r\n<td>Cuerpo<\/td>\r\n<td>ASTM A217 WC9<\/td>\r\n<\/tr>\r\n<tr>\r\n<td>2<\/td>\r\n<td>Anillo de asiento<\/td>\r\n<td>ASTM A182 F22 + STL<\/td>\r\n<\/tr>\r\n<tr>\r\n<td>3<\/td>\r\n<td>Cu\u00f1a<\/td>\r\n<td>ASTM A217 WC9 + STL<\/td>\r\n<\/tr>\r\n<tr>\r\n<td>4<\/td>\r\n<td>V\u00e1stago<\/td>\r\n<td>ASTM A276 420<\/td>\r\n<\/tr>\r\n<tr>\r\n<td>5<\/td>\r\n<td>Junta del cap\u00f3<\/td>\r\n<td>Grafito + SS316<\/td>\r\n<\/tr>\r\n<tr>\r\n<td>6<\/td>\r\n<td>Perno del cap\u00f3<\/td>\r\n<td>ASTM A193 B16<\/td>\r\n<\/tr>\r\n<tr>\r\n<td>7<\/td>\r\n<td>Tuerca de sombrerete<\/td>\r\n<td>ASTM A194 4<\/td>\r\n<\/tr>\r\n<tr>\r\n<td>8<\/td>\r\n<td>Cap\u00f3<\/td>\r\n<td>ASTM A217 WC9<\/td>\r\n<\/tr>\r\n<tr>\r\n<td>9<\/td>\r\n<td>Asiento trasero<\/td>\r\n<td>ASTM A182 F6a<\/td>\r\n<\/tr>\r\n<tr>\r\n<td>10<\/td>\r\n<td>Empaquetadura de v\u00e1stago<\/td>\r\n<td>Grafito reforzado<\/td>\r\n<\/tr>\r\n<tr>\r\n<td>11<\/td>\r\n<td>Volante<\/td>\r\n<td>KTH330-08<\/td>\r\n<\/tr>\r\n<\/tbody>\r\n<\/table>\r\n<\/figure>\r\n\r\n\r\n\r\n<h2 class=\"wp-block-heading\" id=\"h-12-inch-gate-valve-supplier\">Proveedor de v\u00e1lvulas de compuerta de 12 pulgadas<\/h2>\r\n\r\n\r\n\r\n<p>Como empresa de v\u00e1lvulas con certificaci\u00f3n API 6D y API 600, ZECO Valve se especializa en v\u00e1lvulas de compuerta, que est\u00e1n disponibles en tama\u00f1os que van desde 1 \u2033 a 88 \u2033, adem\u00e1s de v\u00e1lvulas de compuerta de 12 pulgadas.<\/p>","protected":false},"excerpt":{"rendered":"<p>La v\u00e1lvula de compuerta de 12 pulgadas es un tama\u00f1o de v\u00e1lvula com\u00fan en tuber\u00edas. \u00bfQu\u00e9 es la v\u00e1lvula de compuerta de 12 pulgadas? El cuerpo de v\u00e1lvulas de ZECO... <a title=\"V\u00e1lvula de compuerta de 12 pulgadas\" class=\"read-more\" href=\"https:\/\/zecovalve.com\/es\/producto\/12-inch-gate-valve\" aria-label=\"M\u00e1s en V\u00e1lvula de compuerta de 12 pulgadas\">Leer m\u00e1s<\/a><\/p>","protected":false},"featured_media":27886,"comment_status":"closed","ping_status":"closed","template":"","meta":{"_generate-full-width-content":"","kt_blocks_editor_width":""},"product_cat":[2052,2458],"product_tag":[],"class_list":["post-16318","product","type-product","status-publish","has-post-thumbnail","hentry","product_cat-gate-valve","product_cat-gate-valve-by-inch","sales-flash-overlay","woocommerce-text-align-center","woocommerce-image-align-center","do-quantity-buttons"],"featured_image_src_large":["https:\/\/zecovalve.com\/wp-content\/uploads\/2022\/06\/12-inch-Gate-Valve-2.jpg",800,600,false],"author_info":[],"comment_info":0,"taxonomy_info":{"product_cat":[{"value":2052,"label":"Gate Valve"},{"value":2458,"label":"Gate Valve By Inch"}]},"yoast_head":"<!-- This site is optimized with the Yoast SEO Premium plugin v15.4 - https:\/\/yoast.com\/wordpress\/plugins\/seo\/ -->\n<title>12 inch Gate Valve Supplier | ZECO Valve - Gate Valve 12inch to 88 inch<\/title>\n<meta name=\"robots\" content=\"index, follow, max-snippet:-1, max-image-preview:large, max-video-preview:-1\" \/>\n<link rel=\"canonical\" href=\"https:\/\/zecovalve.com\/es\/producto\/12-inch-gate-valve\" \/>\n<meta property=\"og:locale\" content=\"es_ES\" \/>\n<meta property=\"og:type\" content=\"article\" \/>\n<meta property=\"og:title\" content=\"12 inch Gate Valve Supplier | ZECO Valve - Gate Valve 12inch to 88 inch\" \/>\n<meta property=\"og:description\" content=\"Gate valve 12 inch is a common valve size in pipelines. What is 12 Inch Gate Valve? The valve body of ZECO ... Leer m\u00e1s\" \/>\n<meta property=\"og:url\" content=\"https:\/\/zecovalve.com\/es\/producto\/12-inch-gate-valve\" \/>\n<meta property=\"og:site_name\" content=\"ZECO Valve\" \/>\n<meta property=\"article:modified_time\" content=\"2023-06-15T12:51:11+00:00\" \/>\n<meta property=\"og:image\" content=\"https:\/\/zecovalve.com\/wp-content\/uploads\/2022\/06\/12-inch-Gate-Valve-2.jpg\" \/>\n\t<meta property=\"og:image:width\" content=\"800\" \/>\n\t<meta property=\"og:image:height\" content=\"600\" \/>\n<meta name=\"twitter:card\" content=\"summary_large_image\" \/>\n<meta name=\"twitter:label1\" content=\"Escrito por\">\n\t<meta name=\"twitter:data1\" content=\"Jerry\">\n\t<meta name=\"twitter:label2\" content=\"Tiempo de lectura\">\n\t<meta name=\"twitter:data2\" content=\"2 minutos\">\n<script type=\"application\/ld+json\" class=\"yoast-schema-graph\">{\"@context\":\"https:\/\/schema.org\",\"@graph\":[{\"@type\":\"WebSite\",\"@id\":\"https:\/\/zecovalve.com\/#website\",\"url\":\"https:\/\/zecovalve.com\/\",\"name\":\"ZECO Valve\",\"description\":\"Industrial Ball Valve, Gate Valve and Globe Valve Manufacturer\",\"potentialAction\":[{\"@type\":\"SearchAction\",\"target\":\"https:\/\/zecovalve.com\/?s={search_term_string}\",\"query-input\":\"required name=search_term_string\"}],\"inLanguage\":\"es\"},{\"@type\":\"ImageObject\",\"@id\":\"https:\/\/zecovalve.com\/product\/12-inch-gate-valve#primaryimage\",\"inLanguage\":\"es\",\"url\":\"https:\/\/zecovalve.com\/wp-content\/uploads\/2022\/06\/12-inch-Gate-Valve-2.jpg\",\"width\":800,\"height\":600,\"caption\":\"12 inch Gate Valve\"},{\"@type\":\"WebPage\",\"@id\":\"https:\/\/zecovalve.com\/product\/12-inch-gate-valve#webpage\",\"url\":\"https:\/\/zecovalve.com\/product\/12-inch-gate-valve\",\"name\":\"12 inch Gate Valve Supplier | ZECO Valve - Gate Valve 12inch to 88 inch\",\"isPartOf\":{\"@id\":\"https:\/\/zecovalve.com\/#website\"},\"primaryImageOfPage\":{\"@id\":\"https:\/\/zecovalve.com\/product\/12-inch-gate-valve#primaryimage\"},\"datePublished\":\"2022-06-20T13:38:03+00:00\",\"dateModified\":\"2023-06-15T12:51:11+00:00\",\"breadcrumb\":{\"@id\":\"https:\/\/zecovalve.com\/product\/12-inch-gate-valve#breadcrumb\"},\"inLanguage\":\"es\",\"potentialAction\":[{\"@type\":\"ReadAction\",\"target\":[\"https:\/\/zecovalve.com\/product\/12-inch-gate-valve\"]}]},{\"@type\":\"BreadcrumbList\",\"@id\":\"https:\/\/zecovalve.com\/product\/12-inch-gate-valve#breadcrumb\",\"itemListElement\":[{\"@type\":\"ListItem\",\"position\":1,\"item\":{\"@type\":\"WebPage\",\"@id\":\"https:\/\/zecovalve.com\/\",\"url\":\"https:\/\/zecovalve.com\/\",\"name\":\"Home\"}},{\"@type\":\"ListItem\",\"position\":2,\"item\":{\"@type\":\"WebPage\",\"@id\":\"https:\/\/zecovalve.com\/product-category\",\"url\":\"https:\/\/zecovalve.com\/product-category\",\"name\":\"Industrial Valve Manufacturer | Water Valve Manufacturer\"}},{\"@type\":\"ListItem\",\"position\":3,\"item\":{\"@type\":\"WebPage\",\"@id\":\"https:\/\/zecovalve.com\/product\/12-inch-gate-valve\",\"url\":\"https:\/\/zecovalve.com\/product\/12-inch-gate-valve\",\"name\":\"12 inch Gate Valve\"}}]}]}<\/script>\n<!-- \/ Yoast SEO Premium plugin. -->","_links":{"self":[{"href":"https:\/\/zecovalve.com\/es\/wp-json\/wp\/v2\/product\/16318","targetHints":{"allow":["GET"]}}],"collection":[{"href":"https:\/\/zecovalve.com\/es\/wp-json\/wp\/v2\/product"}],"about":[{"href":"https:\/\/zecovalve.com\/es\/wp-json\/wp\/v2\/types\/product"}],"replies":[{"embeddable":true,"href":"https:\/\/zecovalve.com\/es\/wp-json\/wp\/v2\/comments?post=16318"}],"wp:featuredmedia":[{"embeddable":true,"href":"https:\/\/zecovalve.com\/es\/wp-json\/wp\/v2\/media\/27886"}],"wp:attachment":[{"href":"https:\/\/zecovalve.com\/es\/wp-json\/wp\/v2\/media?parent=16318"}],"wp:term":[{"taxonomy":"product_cat","embeddable":true,"href":"https:\/\/zecovalve.com\/es\/wp-json\/wp\/v2\/product_cat?post=16318"},{"taxonomy":"product_tag","embeddable":true,"href":"https:\/\/zecovalve.com\/es\/wp-json\/wp\/v2\/product_tag?post=16318"}],"curies":[{"name":"wp","href":"https:\/\/api.w.org\/{rel}","templated":true}]}}