{"id":16344,"date":"2022-06-20T14:52:15","date_gmt":"2022-06-20T14:52:15","guid":{"rendered":"https:\/\/zecovalve.com\/?post_type=product&#038;p=16344"},"modified":"2023-06-15T12:51:34","modified_gmt":"2023-06-15T12:51:34","slug":"slab-gate-valve","status":"publish","type":"product","link":"https:\/\/zecovalve.com\/es\/producto\/slab-gate-valve","title":{"rendered":"V\u00e1lvula de compuerta para losa - V\u00e1lvula de compuerta pasante"},"content":{"rendered":"<p>Las v\u00e1lvulas de compuerta de paso a trav\u00e9s de conducto est\u00e1n dise\u00f1adas y fabricadas de acuerdo con las normas API 6D y API 6A y espec\u00edficamente para servicios on-off. Esta v\u00e1lvula es adecuada para soportar todo tipo de fluidos de proceso, en condiciones de alta presi\u00f3n y temperatura.<\/p>\r\n\r\n\r\n\r\n<figure class=\"wp-block-image alignnone size-medium wp-image-16345\"><img loading=\"lazy\" decoding=\"async\" width=\"300\" height=\"225\" class=\"wp-image-16345\" src=\"https:\/\/zecovalve.com\/wp-content\/uploads\/2022\/06\/slab-gate-valve-300x225.jpg\" alt=\"V\u00e1lvula de compuerta de losa\" srcset=\"https:\/\/zecovalve.com\/wp-content\/uploads\/2022\/06\/slab-gate-valve-300x225.jpg 300w, https:\/\/zecovalve.com\/wp-content\/uploads\/2022\/06\/slab-gate-valve-768x576.jpg 768w, https:\/\/zecovalve.com\/wp-content\/uploads\/2022\/06\/slab-gate-valve-600x450.jpg 600w, https:\/\/zecovalve.com\/wp-content\/uploads\/2022\/06\/slab-gate-valve.jpg 800w\" sizes=\"auto, (max-width: 300px) 100vw, 300px\" \/><\/figure>\r\n\r\n\r\n<div class=\"gb-button-wrapper gb-button-wrapper-6d8495a3\">\r\n\r\n\r\n<p><a class=\"gb-button gb-button-3d442e11 gb-button-text\" href=\"mailto:commercial@zecovalve.com\" target=\"_blank\" rel=\"noopener noreferrer\"><strong>OBTENER PRECIO DE V\u00c1LVULA DE COMPUERTA DE LOSA<\/strong><\/a><\/p>\r\n<p>&nbsp;<\/p>\r\n<\/div>\r\n\r\n\r\n\r\n\r\n<h2 class=\"wp-block-heading\" id=\"h-what-is-a-slab-gate-valve\">\u00bfQu\u00e9 es una v\u00e1lvula de compuerta para losas?<\/h2>\r\n\r\n\r\n\r\n<p>Las v\u00e1lvulas de compuerta de losa son v\u00e1lvulas de paso total, lo que significa que el orificio de la compuerta es exactamente del mismo tama\u00f1o que la tuber\u00eda. Este dise\u00f1o de puerto completo proporciona un caudal total a trav\u00e9s de la v\u00e1lvula y una baja ca\u00edda de presi\u00f3n, y permite <a href=\"https:\/\/zecovalve.com\/es\/understanding-pigging-and-pig-valves-in-industrial-pipelines-zeco-valve-blog.html\/\" data-internallinksmanager029f6b8e52c=\"12\" title=\"pigging\" target=\"_blank\" rel=\"noopener\">pigging<\/a> la l\u00ednea cuando sea necesario.<\/p>\r\n\r\n\r\n\r\n<p>Las caracter\u00edsticas de flujo de la v\u00e1lvula de compuerta de losa ZECO con orificios de desviaci\u00f3n son las mismas que las de la tuber\u00eda del mismo di\u00e1metro. En comparaci\u00f3n con los otros dos tipos de v\u00e1lvulas, las caracter\u00edsticas de flujo de la v\u00e1lvula de compuerta de losa de tipo de ajuste sin orificio de desv\u00edo son mejores que las del tipo ordinario sin orificio de desv\u00edo. Por lo tanto, en la industria de tuber\u00edas largas, gas natural, petr\u00f3leo, la v\u00e1lvula de compuerta de losa con orificio de desviaci\u00f3n es particularmente ampliamente utilizada. ZECO Valve Group, un conocido fabricante de v\u00e1lvulas de compuerta de losa en China, puede suministrar v\u00e1lvulas de compuerta de losa a gran escala, de excelente calidad y aspecto exquisito en plena conformidad con las normas API 6D.<\/p>\r\n\r\n\r\n\r\n<h2 class=\"wp-block-heading\">Especificaciones de las v\u00e1lvulas de compuerta para losas<\/h2>\r\n\r\n\r\n\r\n<figure class=\"wp-block-table is-style-stripes\">\r\n<table>\r\n<tbody>\r\n<tr>\r\n<th>Talla<\/th>\r\n<td>NPS 2\u2033~48\u2033<\/td>\r\n<\/tr>\r\n<tr>\r\n<th>Presi\u00f3n nominal<\/th>\r\n<td>Clase 150~1500<\/td>\r\n<\/tr>\r\n<tr>\r\n<th>Material<\/th>\r\n<td>WCB,LCB,CF8,CF8M,CF3,CF3M<\/td>\r\n<\/tr>\r\n<tr>\r\n<th>Norma de dise\u00f1o y fabricaci\u00f3n<\/th>\r\n<td>ASME B16.34, API 6D<\/td>\r\n<\/tr>\r\n<tr>\r\n<th>Cara a cara<\/th>\r\n<td>ASME B 16.10,BSEN 588,API 6D<\/td>\r\n<\/tr>\r\n<tr>\r\n<th>Conexi\u00f3n final<\/th>\r\n<td>ASME B16.5,ASME B16.47,BSEN 1092<\/td>\r\n<\/tr>\r\n<tr>\r\n<th>Norma de ensayo<\/th>\r\n<td>ISO 5208,API 6D,BSEN 12266<\/td>\r\n<\/tr>\r\n<tr>\r\n<th>Tipo de estructura<\/th>\r\n<td>Puerta simple con\/sin conducto pasante, Puerta doble con\/sin conducto pasante<\/td>\r\n<\/tr>\r\n<tr>\r\n<th>M\u00e9todo de funcionamiento<\/th>\r\n<td>Manual, tornillo sin fin, actuador el\u00e9ctrico, actuador neum\u00e1tico<\/td>\r\n<\/tr>\r\n<\/tbody>\r\n<\/table>\r\n<\/figure>\r\n\r\n\r\n\r\n<h2 class=\"wp-block-heading\">Sellado de v\u00e1lvulas de compuerta de losa<\/h2>\r\n\r\n\r\n\r\n<ul class=\"wp-block-list\">\r\n<li>Sellado del cuerpo\r\n<ul>\r\n<li>Todas las juntas del cuerpo primario son de metal con metal, heridas en espiral o juntas tipo anillo.<\/li>\r\n<li>Disponible previa solicitud:\r\n<ul>\r\n<li>Junta blanda secundaria para introducir una barrera redundante<\/li>\r\n<li>Detector de fugas<\/li>\r\n<\/ul>\r\n<\/li>\r\n<\/ul>\r\n<\/li>\r\n<\/ul>\r\n\r\n\r\n\r\n<ul class=\"wp-block-list\">\r\n<li>Sellado del v\u00e1stago\r\n<ul>\r\n<li>Tipo Chevron de PTFE: Anillos en V m\u00faltiples termopl\u00e1sticos, con o sin anillo de linterna.<\/li>\r\n<li>Disponible previa solicitud:\r\n<ul>\r\n<li>Junta t\u00f3rica<\/li>\r\n<li>Sellado de grafito<\/li>\r\n<li>Juntas de v\u00e1stago metal-metal adem\u00e1s de las juntas termopl\u00e1sticas est\u00e1ndar<\/li>\r\n<li>Capacidad de inyecci\u00f3n de sellante (opcional)<\/li>\r\n<li>Junta de v\u00e1stago elastom\u00e9rica redundante (AED )<\/li>\r\n<li>Detector de fugas<\/li>\r\n<\/ul>\r\n<\/li>\r\n<\/ul>\r\n<\/li>\r\n<\/ul>\r\n\r\n\r\n\r\n<ul class=\"wp-block-list\">\r\n<li>Sellado del asiento\r\n<ul>\r\n<li>La construcci\u00f3n de la v\u00e1lvula de compuerta ZECO Slab incluye asientos flotantes activados por muelle, que proporcionan un asiento positivo en ambos lados, independientemente de las condiciones de presi\u00f3n aguas arriba o aguas abajo. Las juntas del asiento est\u00e1n activadas por resorte para garantizar el sellado en condiciones de baja presi\u00f3n. Cuando la presi\u00f3n de la l\u00ednea aumenta, la presi\u00f3n de contacto entre el asiento y la compuerta aumenta en consecuencia para proporcionar un cierre positivo. Dado que ambos asientos est\u00e1n activados individualmente por la presi\u00f3n diferencial a trav\u00e9s del propio asiento, la cavidad de la v\u00e1lvula se puede purgar cuando el lado aguas arriba y\/o aguas abajo est\u00e1 presurizado. La v\u00e1lvula presenta un rendimiento id\u00e9ntico, independientemente de la direcci\u00f3n del flujo y\/o de la orientaci\u00f3n de la presi\u00f3n diferencial.<\/li>\r\n<\/ul>\r\n<\/li>\r\n<\/ul>\r\n\r\n\r\n\r\n<h2 class=\"wp-block-heading\" id=\"h-features-of-slab-gate-valve\">Caracter\u00edsticas de las v\u00e1lvulas de compuerta para losas<\/h2>\r\n\r\n\r\n\r\n<ul class=\"wp-block-list\">\r\n<li>Las v\u00e1lvulas de compuerta de losa se componen de una sola unidad de compuerta que sube y baja entre dos anillos de asiento. Debido a que la compuerta se desliza entre los asientos, las v\u00e1lvulas de compuerta de losa son adecuadas para el medio con part\u00edculas en suspensi\u00f3n. La superficie de sellado de las v\u00e1lvulas de compuerta de losa est\u00e1 pr\u00e1cticamente autoposicionada y no resulta da\u00f1ada por la deformaci\u00f3n t\u00e9rmica del cuerpo. Aunque la v\u00e1lvula se cierre en fr\u00edo, la elongaci\u00f3n en caliente del v\u00e1stago no sobrecarga la superficie de sellado, y las v\u00e1lvulas de compuerta de losa sin orificios de desviaci\u00f3n no requieren una gran precisi\u00f3n en la posici\u00f3n de cierre de la compuerta. Cuando la v\u00e1lvula est\u00e1 totalmente abierta, el paso a trav\u00e9s es suave y lineal, y el coeficiente de resistencia al flujo es m\u00ednimo, pegable y sin p\u00e9rdida de presi\u00f3n.<\/li>\r\n<li>La v\u00e1lvula de compuerta de losa ZECO est\u00e1 equipada con un orificio de inyecci\u00f3n de grasa, en caso de da\u00f1os en la superficie de sellado, el personal de mantenimiento puede inyectar f\u00e1cilmente sellador a trav\u00e9s del orificio de inyecci\u00f3n de grasa para mantener la superficie de sellado para garantizar el rendimiento normal de conmutaci\u00f3n de la v\u00e1lvula o en el caso de mantenimiento, proporcionar sellador de inyecci\u00f3n para lubricar la superficie de sellado para prolongar la vida \u00fatil normal de la v\u00e1lvula;<\/li>\r\n<li>Cuando la v\u00e1lvula de compuerta de losa ZECO est\u00e1 completamente abierta, el canal es la tuber\u00eda recta, el coeficiente de resistencia al flujo y la p\u00e9rdida de presi\u00f3n son muy peque\u00f1os y casi insignificantes, lo que puede reducir el costo de operaci\u00f3n de la tuber\u00eda para los usuarios, y las pastillas se pueden utilizar para la limpieza cuando se limpia la tuber\u00eda;<\/li>\r\n<li>La v\u00e1lvula de compuerta de losa ZECO est\u00e1 equipada con un dispositivo autom\u00e1tico de protecci\u00f3n de alivio de presi\u00f3n, que puede aliviar autom\u00e1ticamente la presi\u00f3n en caso de sobrepresi\u00f3n en la c\u00e1mara central del cuerpo de la v\u00e1lvula para proteger el uso seguro de la v\u00e1lvula;<\/li>\r\n<li>La estructura de asiento flotante de la v\u00e1lvula de compuerta de losa ZECO garantiza la estanqueidad de la v\u00e1lvula en ambas direcciones.<\/li>\r\n<\/ul>\r\n\r\n\r\n\r\n<h2 class=\"wp-block-heading\">Desventajas de la v\u00e1lvula de compuerta de losa<\/h2>\r\n\r\n\r\n\r\n<p>Las v\u00e1lvulas de compuerta de losa tambi\u00e9n tienen algunas desventajas: cuando la presi\u00f3n del medio es baja, la superficie de sellado met\u00e1lica puede no sellar completamente, en cambio, cuando la presi\u00f3n del medio es demasiado alta, la alta frecuencia de apertura y cierre puede hacer que la superficie de sellado se desgaste demasiado cuando no hay medio o lubricaci\u00f3n. Otro inconveniente es que una compuerta circular que se mueve horizontalmente en un canal circular controla el flujo eficazmente s\u00f3lo cuando est\u00e1 en 50% de la posici\u00f3n cerrada de la v\u00e1lvula.<\/p>\r\n\r\n\r\n\r\n<h2 class=\"wp-block-heading\" id=\"h-material-of-slab-gate-valve\">Material de las v\u00e1lvulas de compuerta pasantes<\/h2>\r\n\r\n\r\n\r\n<figure class=\"wp-block-table is-style-regular\">\r\n<table>\r\n<tbody>\r\n<tr>\r\n<td>Cuerpo Bonete Disco Asiento V\u00e1stago Anillo de estanqueidad Material de la superficie de estanqueidad Junta t\u00f3rica Perno Tuerca Muelle Tuerca del v\u00e1stago Junta Empaquetadura<\/td>\r\n<td>WCB\/LCB\/CF8M\/CF8\/CF3M\/CF3\/WC6\/WC9\/CD3MN A105+ENP\/LF2+ENP\/F304\/F316\/F304L\/F316L\/F51 A105+ENP\/LF2+ENP\/F304\/F316\/F304L\/F316L\/F51 F6a\/F304\/F316\/F304L\/F316L\/F51 PTFE\/NYLON\/PEEK\/TEFLON 1~12 Material de embutici\u00f3n VITON\/NBR B7M\/B8M\/L7M\/B16M 2HM\/8M\/7M\/4M 17-4PH\/Inconel C95200\/D2\/A536 Grafito flexible+304\/Grafito flexible+316 Grafito flexible\/PTFE<\/td>\r\n<\/tr>\r\n<\/tbody>\r\n<\/table>\r\n<\/figure>","protected":false},"excerpt":{"rendered":"<p>Las v\u00e1lvulas de compuerta de losa a trav\u00e9s de conducto est\u00e1n dise\u00f1adas y fabricadas de acuerdo con las normas API 6D y API 6A y espec\u00edficamente para encendido-apagado... <a title=\"V\u00e1lvula de compuerta de losa: v\u00e1lvula de compuerta pasante\" class=\"read-more\" href=\"https:\/\/zecovalve.com\/es\/producto\/slab-gate-valve\" aria-label=\"M\u00e1s en V\u00e1lvula de compuerta de losa \u2013 V\u00e1lvula de compuerta pasante por conducto\">Leer m\u00e1s<\/a><\/p>","protected":false},"featured_media":27887,"comment_status":"closed","ping_status":"closed","template":"","meta":{"_generate-full-width-content":"","kt_blocks_editor_width":""},"product_cat":[2052,2456],"product_tag":[2798],"class_list":["post-16344","product","type-product","status-publish","has-post-thumbnail","hentry","product_cat-gate-valve","product_cat-gate-valve-by-form","product_tag-osy-valve","sales-flash-overlay","woocommerce-text-align-center","woocommerce-image-align-center","do-quantity-buttons"],"featured_image_src_large":["https:\/\/zecovalve.com\/wp-content\/uploads\/2022\/06\/Slab-Gate-Valve-1.jpg",800,600,false],"author_info":[],"comment_info":0,"taxonomy_info":{"product_cat":[{"value":2052,"label":"Gate Valve"},{"value":2456,"label":"Gate Valve By Form"}],"product_tag":[{"value":2798,"label":"OS&amp;Y Valve"}]},"yoast_head":"<!-- This site is optimized with the Yoast SEO Premium plugin v15.4 - https:\/\/yoast.com\/wordpress\/plugins\/seo\/ -->\n<title>Slab Gate Valve - Through Conduit Gate Valve | ZECO Valve<\/title>\n<meta name=\"robots\" content=\"index, follow, max-snippet:-1, max-image-preview:large, max-video-preview:-1\" \/>\n<link rel=\"canonical\" href=\"https:\/\/zecovalve.com\/es\/producto\/slab-gate-valve\" \/>\n<meta property=\"og:locale\" content=\"es_ES\" \/>\n<meta property=\"og:type\" content=\"article\" \/>\n<meta property=\"og:title\" content=\"Slab Gate Valve - Through Conduit Gate Valve | ZECO Valve\" \/>\n<meta property=\"og:description\" content=\"Slab through conduit gate valves are designed and manufactured in accordance with API 6D and API 6A standards and specifically for on-off ... Leer m\u00e1s\" \/>\n<meta property=\"og:url\" content=\"https:\/\/zecovalve.com\/es\/producto\/slab-gate-valve\" \/>\n<meta property=\"og:site_name\" content=\"ZECO Valve\" \/>\n<meta property=\"article:modified_time\" content=\"2023-06-15T12:51:34+00:00\" \/>\n<meta property=\"og:image\" content=\"https:\/\/zecovalve.com\/wp-content\/uploads\/2022\/06\/Slab-Gate-Valve-1.jpg\" \/>\n\t<meta property=\"og:image:width\" content=\"800\" \/>\n\t<meta property=\"og:image:height\" content=\"600\" \/>\n<meta name=\"twitter:card\" content=\"summary_large_image\" \/>\n<meta name=\"twitter:label1\" content=\"Escrito por\">\n\t<meta name=\"twitter:data1\" content=\"Jerry\">\n\t<meta name=\"twitter:label2\" content=\"Tiempo de lectura\">\n\t<meta name=\"twitter:data2\" content=\"4 minutos\">\n<script type=\"application\/ld+json\" class=\"yoast-schema-graph\">{\"@context\":\"https:\/\/schema.org\",\"@graph\":[{\"@type\":\"WebSite\",\"@id\":\"https:\/\/zecovalve.com\/#website\",\"url\":\"https:\/\/zecovalve.com\/\",\"name\":\"ZECO Valve\",\"description\":\"Industrial Ball Valve, Gate Valve and Globe Valve Manufacturer\",\"potentialAction\":[{\"@type\":\"SearchAction\",\"target\":\"https:\/\/zecovalve.com\/?s={search_term_string}\",\"query-input\":\"required name=search_term_string\"}],\"inLanguage\":\"es\"},{\"@type\":\"ImageObject\",\"@id\":\"https:\/\/zecovalve.com\/product\/slab-gate-valve#primaryimage\",\"inLanguage\":\"es\",\"url\":\"https:\/\/zecovalve.com\/wp-content\/uploads\/2022\/06\/Slab-Gate-Valve-1.jpg\",\"width\":800,\"height\":600,\"caption\":\"Slab Gate Valve\"},{\"@type\":\"WebPage\",\"@id\":\"https:\/\/zecovalve.com\/product\/slab-gate-valve#webpage\",\"url\":\"https:\/\/zecovalve.com\/product\/slab-gate-valve\",\"name\":\"Slab Gate Valve - Through Conduit Gate Valve | ZECO Valve\",\"isPartOf\":{\"@id\":\"https:\/\/zecovalve.com\/#website\"},\"primaryImageOfPage\":{\"@id\":\"https:\/\/zecovalve.com\/product\/slab-gate-valve#primaryimage\"},\"datePublished\":\"2022-06-20T14:52:15+00:00\",\"dateModified\":\"2023-06-15T12:51:34+00:00\",\"breadcrumb\":{\"@id\":\"https:\/\/zecovalve.com\/product\/slab-gate-valve#breadcrumb\"},\"inLanguage\":\"es\",\"potentialAction\":[{\"@type\":\"ReadAction\",\"target\":[\"https:\/\/zecovalve.com\/product\/slab-gate-valve\"]}]},{\"@type\":\"BreadcrumbList\",\"@id\":\"https:\/\/zecovalve.com\/product\/slab-gate-valve#breadcrumb\",\"itemListElement\":[{\"@type\":\"ListItem\",\"position\":1,\"item\":{\"@type\":\"WebPage\",\"@id\":\"https:\/\/zecovalve.com\/\",\"url\":\"https:\/\/zecovalve.com\/\",\"name\":\"Home\"}},{\"@type\":\"ListItem\",\"position\":2,\"item\":{\"@type\":\"WebPage\",\"@id\":\"https:\/\/zecovalve.com\/product-category\",\"url\":\"https:\/\/zecovalve.com\/product-category\",\"name\":\"Industrial Valve Manufacturer | Water Valve Manufacturer\"}},{\"@type\":\"ListItem\",\"position\":3,\"item\":{\"@type\":\"WebPage\",\"@id\":\"https:\/\/zecovalve.com\/product\/slab-gate-valve\",\"url\":\"https:\/\/zecovalve.com\/product\/slab-gate-valve\",\"name\":\"Slab Gate Valve &#8211; Through Conduit Gate Valve\"}}]}]}<\/script>\n<!-- \/ Yoast SEO Premium plugin. -->","_links":{"self":[{"href":"https:\/\/zecovalve.com\/es\/wp-json\/wp\/v2\/product\/16344","targetHints":{"allow":["GET"]}}],"collection":[{"href":"https:\/\/zecovalve.com\/es\/wp-json\/wp\/v2\/product"}],"about":[{"href":"https:\/\/zecovalve.com\/es\/wp-json\/wp\/v2\/types\/product"}],"replies":[{"embeddable":true,"href":"https:\/\/zecovalve.com\/es\/wp-json\/wp\/v2\/comments?post=16344"}],"wp:featuredmedia":[{"embeddable":true,"href":"https:\/\/zecovalve.com\/es\/wp-json\/wp\/v2\/media\/27887"}],"wp:attachment":[{"href":"https:\/\/zecovalve.com\/es\/wp-json\/wp\/v2\/media?parent=16344"}],"wp:term":[{"taxonomy":"product_cat","embeddable":true,"href":"https:\/\/zecovalve.com\/es\/wp-json\/wp\/v2\/product_cat?post=16344"},{"taxonomy":"product_tag","embeddable":true,"href":"https:\/\/zecovalve.com\/es\/wp-json\/wp\/v2\/product_tag?post=16344"}],"curies":[{"name":"wp","href":"https:\/\/api.w.org\/{rel}","templated":true}]}}