{"id":16388,"date":"2022-06-21T03:50:16","date_gmt":"2022-06-21T03:50:16","guid":{"rendered":"https:\/\/zecovalve.com\/?post_type=product&#038;p=16388"},"modified":"2022-09-10T08:34:43","modified_gmt":"2022-09-10T08:34:43","slug":"96-inch-butterfly-valve","status":"publish","type":"product","link":"https:\/\/zecovalve.com\/es\/producto\/96-inch-butterfly-valve","title":{"rendered":"V\u00e1lvula de mariposa grande"},"content":{"rendered":"<figure class=\"wp-block-image alignnone size-large is-resized size-medium wp-image-16389\"><img loading=\"lazy\" decoding=\"async\" class=\"wp-image-27106\" src=\"https:\/\/zecovalve.com\/wp-content\/uploads\/2022\/09\/96-inch-Butterfly-Valve-2-1024x768.jpg\" alt=\"\" width=\"512\" height=\"384\" srcset=\"https:\/\/zecovalve.com\/wp-content\/uploads\/2022\/09\/96-inch-Butterfly-Valve-2-1024x768.jpg 1024w, https:\/\/zecovalve.com\/wp-content\/uploads\/2022\/09\/96-inch-Butterfly-Valve-2-300x225.jpg 300w, https:\/\/zecovalve.com\/wp-content\/uploads\/2022\/09\/96-inch-Butterfly-Valve-2-768x576.jpg 768w, https:\/\/zecovalve.com\/wp-content\/uploads\/2022\/09\/96-inch-Butterfly-Valve-2-600x450.jpg 600w, https:\/\/zecovalve.com\/wp-content\/uploads\/2022\/09\/96-inch-Butterfly-Valve-2.jpg 1440w\" sizes=\"auto, (max-width: 512px) 100vw, 512px\" \/><\/figure>\r\n\r\n\r\n\r\n\r\n<div class=\"gb-button-wrapper gb-button-wrapper-6d8495a3\">\r\n\r\n<a class=\"gb-button gb-button-3d442e11 gb-button-text\" href=\"mailto:commercial@zecovalve.com\" target=\"_blank\" rel=\"noopener noreferrer\"><strong>OBT\u00c9N PRECIO DE V\u00c1LVULA DE MARIPOSA DE 96 PULGADAS<\/strong><\/a>\r\n\r\n<\/div>\r\n\r\n\r\n<h2 class=\"wp-block-heading\">\u00bfQu\u00e9 es la v\u00e1lvula de mariposa?<\/h2>\r\n\r\n\r\n\r\n\r\nLas v\u00e1lvulas de mariposa son v\u00e1lvulas de movimiento rotacional de un cuarto de vuelta que se utilizan en tuber\u00edas para detener, regular e iniciar el flujo. Las v\u00e1lvulas de mariposa, una rotaci\u00f3n de 90\u00b0 de la manija que puede cerrar o abrir completamente la v\u00e1lvula, son f\u00e1ciles y r\u00e1pidas de operar. La principal diferencia entre las v\u00e1lvulas de mariposa y otras v\u00e1lvulas es el disco. El disco de la v\u00e1lvula de mariposa est\u00e1 siempre en el flujo provocando un cambio de presi\u00f3n para cualquier posici\u00f3n de la v\u00e1lvula.\r\n\r\n\r\n\r\n\r\n<h2 class=\"wp-block-heading\">\u00bfCu\u00e1les son los tipos de v\u00e1lvulas de mariposa?<\/h2>\r\n\r\n\r\n\r\n\r\nLas v\u00e1lvulas de mariposa generalmente se componen de un cuerpo circular corto, discos redondos, asientos blandos o de metal con metal, cojinetes de eje superior e inferior y prensaestopas. Hay dos tipos principales de cuerpos de v\u00e1lvulas de mariposa, a saber, el tipo Wafer y el tipo Lug. El tipo wafer es un dise\u00f1o com\u00fanmente usado que se ajusta entre dos bridas, mientras que el tipo lug generalmente se usa entre dos bridas mediante pernos que unen las dos bridas. Las v\u00e1lvulas de mariposa tienen pocas ventajas cuando se utilizan en aplicaciones de v\u00e1lvulas grandes en comparaci\u00f3n con las v\u00e1lvulas de compuerta, globo, obturador y bola. El peso, el espacio y el costo son las ventajas m\u00e1s obvias; el costo de mantenimiento suele ser bajo ya que solo hay una cantidad m\u00ednima de piezas m\u00f3viles y no hay un bolsillo para una trampa de fluidos. Las v\u00e1lvulas de mariposa son perfectas para manejar un gran flujo de l\u00edquidos o gases a una presi\u00f3n relativamente baja. Tambi\u00e9n es adecuado para manipular lodos o l\u00edquidos con gran cantidad de s\u00f3lidos en suspensi\u00f3n. La designaci\u00f3n de v\u00e1lvulas de mariposa se basa en el principio de amortiguador de tuber\u00eda, con el elemento de control de flujo que consiste en un disco de casi el mismo di\u00e1metro que el di\u00e1metro interior de la tuber\u00eda contigua, cuyo eje gira vertical u horizontalmente. Las v\u00e1lvulas de mariposa se abren completamente cuando el disco se encuentra paralelo a la tuber\u00eda y las v\u00e1lvulas se cierran cuando el disco se acerca a posiciones perpendiculares. La v\u00e1lvula de mariposa tambi\u00e9n se puede colocar en posiciones intermedias, para fines de estrangulaci\u00f3n, y esta acci\u00f3n se puede asegurar en su lugar utilizando los dispositivos de bloqueo de la manija.\r\n\r\n\r\n\r\n\r\n<h2 class=\"wp-block-heading\" id=\"h-large-butterfly-valve-for-sale\">Venta de v\u00e1lvula de mariposa grande<\/h2>\r\n\r\n\r\n\r\n\r\nLa v\u00e1lvula de mariposa ZECO de 96 pulgadas puede elegir una estructura exc\u00e9ntrica doble o una estructura exc\u00e9ntrica triple, la estructura exc\u00e9ntrica doble puede usar una estructura de sellado suave o una estructura de sellado dura, la estructura exc\u00e9ntrica triple puede usar una estructura de sellado unidireccional y una estructura de sellado bidireccional. Es posible que no se instale inmediatamente una v\u00e1lvula de mariposa de gran di\u00e1metro en la tuber\u00eda, por lo tanto, preste especial atenci\u00f3n a la v\u00e1lvula antes de la instalaci\u00f3n y el mantenimiento. Las piezas de contacto medio y el v\u00e1stago son las partes clave de una v\u00e1lvula; se adoptan las siguientes medidas.\r\n\r\n\r\n\r\n\r\n<ul class=\"wp-block-list\">\r\n \t<li>El lado interno de la v\u00e1lvula se limpiar\u00e1 sin residuos ni manchas para mantener la limpieza y sequedad de la v\u00e1lvula.<\/li>\r\n \t<li>Las piezas de cierre de la v\u00e1lvula deber\u00e1n estar en estado de cierre. Si la v\u00e1lvula debe levantarse, tenga cuidado al levantarla, tirarla o caerla, est\u00e1 totalmente prohibido, especialmente el volante y el v\u00e1stago no deben ser el punto de elevaci\u00f3n. ZECO, como fabricante de v\u00e1lvulas de mariposa de gran tama\u00f1o, se dedica a investigar y dise\u00f1ar los problemas que pueden ocurrir en la producci\u00f3n o incluso en la entrega a los usuarios cuando almacenan los productos, y luego da los correspondientes planes anticipados para prevenir los posibles ocurrencia.<\/li>\r\n<\/ul>\r\n\r\n\r\n\r\n<h2 class=\"wp-block-heading\">Costo de la v\u00e1lvula de mariposa grande<\/h2>\r\n\r\n\r\n\r\n\r\nLas v\u00e1lvulas de mariposa son generalmente 40% m\u00e1s baratas que las v\u00e1lvulas de compuerta de hierro, no solo en t\u00e9rminos de costos iniciales sino tambi\u00e9n en t\u00e9rminos de costos de instalaci\u00f3n. Las v\u00e1lvulas de mariposa que se instalan correctamente son pr\u00e1cticamente autolimpiantes y son mucho menos susceptibles a fallas debido a la acumulaci\u00f3n de basura. Para acceder a Costos y Precios, podr\u00e1 encontrar informaci\u00f3n sobre las empresas que venden v\u00e1lvulas de mariposa en ZECO Valve, junto con su informaci\u00f3n de contacto.\r\n\r\n\r\n\r\n\r\n<h2 class=\"wp-block-heading\" id=\"h-features-of-large-butterfly-valve\">Caracter\u00edsticas de la v\u00e1lvula de mariposa grande<\/h2>\r\n\r\n\r\n\r\n<ol class=\"wp-block-list\">\r\n \t<li>La v\u00e1lvula de mariposa grande ZECO de 96 pulgadas se puede elegir con asiento de goma de doble desplazamiento. Los asientos de NBR est\u00e1n recubiertos de azufre en la estructura, lo que aumenta el rendimiento del sellado. La superficie del disco est\u00e1 dise\u00f1ada en forma de esfera para reducir el \u00e1rea de contacto y la fuerza de fricci\u00f3n;<\/li>\r\n \t<li>La v\u00e1lvula de mariposa grande ZECO se puede elegir con asiento de PTFE de doble desplazamiento. Un excedente entre el asiento de PTFE y el disco asegura el sellado en baja presi\u00f3n;<\/li>\r\n \t<li>La v\u00e1lvula de mariposa grande ZECO se puede elegir con asiento met\u00e1lico de triple desplazamiento;<\/li>\r\n \t<li>La v\u00e1lvula de mariposa grande ZECO se puede elegir con asiento met\u00e1lico de doble desplazamiento.<\/li>\r\n<\/ol>\r\n\r\n\r\n\r\n<h2 class=\"wp-block-heading\">Detalles de la v\u00e1lvula de mariposa de tipo c\u00e9ntrico<\/h2>\r\n\r\n\r\n\r\n<figure class=\"wp-block-table\">\r\n<table>\r\n<tbody>\r\n<tr>\r\n<th>Modelo<\/th>\r\n<td>Tipo de asiento de goma, tipo de asiento de tefl\u00f3n, tipo de asiento de metal, amortiguador y otros<\/td>\r\n<\/tr>\r\n<tr>\r\n<th>Material<\/th>\r\n<td>Hierro fundido, hierro d\u00factil, acero al carbono, acero inoxidable, bronce de aluminio y otros<\/td>\r\n<\/tr>\r\n<tr>\r\n<th>Clase de presi\u00f3n<\/th>\r\n<td>JIS10K-20K, ANSI150Lb-300Lb<\/td>\r\n<\/tr>\r\n<tr>\r\n<th>Conexi\u00f3n final<\/th>\r\n<td>Tipo oblea, tipo orejeta, tipo brida<\/td>\r\n<\/tr>\r\n<tr>\r\n<th>Operaci\u00f3n<\/th>\r\n<td>Manual, Neum\u00e1tico, Hidr\u00e1ulico, Motor El\u00e9ctrico<\/td>\r\n<\/tr>\r\n<tr>\r\n<th>Talla<\/th>\r\n<td>1-1\/2\u2033(40 mm)-96\u2033(2400 mm)<\/td>\r\n<\/tr>\r\n<\/tbody>\r\n<\/table>\r\n<\/figure>\r\n\r\n\r\n\r\n<h2 class=\"wp-block-heading\">Detalles de la v\u00e1lvula de mariposa tipo exc\u00e9ntrica<\/h2>\r\n\r\n\r\n\r\n<figure class=\"wp-block-table\">\r\n<table>\r\n<tbody>\r\n<tr>\r\n<th>Modelo<\/th>\r\n<td>Tipo de asiento de tefl\u00f3n, tipo de asiento de metal, tipo de asiento laminado y otros<\/td>\r\n<\/tr>\r\n<tr>\r\n<th>Material<\/th>\r\n<td>Acero al carbono, acero inoxidable y otros<\/td>\r\n<\/tr>\r\n<tr>\r\n<th>Clase de presi\u00f3n<\/th>\r\n<td>JIS10K-20K, ANSI150Lb-900Lb<\/td>\r\n<\/tr>\r\n<tr>\r\n<th>Conexi\u00f3n final<\/th>\r\n<td>Tipo oblea, tipo orejeta, tipo brida<\/td>\r\n<\/tr>\r\n<tr>\r\n<th>Operaci\u00f3n<\/th>\r\n<td>Manual, Neum\u00e1tico, Hidr\u00e1ulico, Motor El\u00e9ctrico<\/td>\r\n<\/tr>\r\n<tr>\r\n<th>Talla<\/th>\r\n<td>2\u2033(50mm) \u2013 96\u2033(2400mm)<\/td>\r\n<\/tr>\r\n<\/tbody>\r\n<\/table>\r\n<\/figure>","protected":false},"excerpt":{"rendered":"<p>\u00bfQu\u00e9 es la v\u00e1lvula de mariposa? Las v\u00e1lvulas de mariposa son v\u00e1lvulas de movimiento rotacional de un cuarto de vuelta que se utilizan en tuber\u00edas para detener, regular e iniciar el flujo. V\u00e1lvulas de mariposa, \u2026 <a title=\"V\u00e1lvula de mariposa grande\" class=\"read-more\" href=\"https:\/\/zecovalve.com\/es\/producto\/96-inch-butterfly-valve\" aria-label=\"M\u00e1s en V\u00e1lvula Mariposa Grande\">Leer m\u00e1s<\/a><\/p>","protected":false},"featured_media":27106,"comment_status":"closed","ping_status":"closed","template":"","meta":{"_generate-full-width-content":"","kt_blocks_editor_width":""},"product_cat":[2044,2470],"product_tag":[],"class_list":["post-16388","product","type-product","status-publish","has-post-thumbnail","hentry","product_cat-butterfly-valve","product_cat-butterfly-valve-by-inch","sales-flash-overlay","woocommerce-text-align-center","woocommerce-image-align-center","do-quantity-buttons"],"featured_image_src_large":["https:\/\/zecovalve.com\/wp-content\/uploads\/2022\/09\/96-inch-Butterfly-Valve-2-1024x768.jpg",1024,768,true],"author_info":[],"comment_info":0,"taxonomy_info":{"product_cat":[{"value":2044,"label":"Butterfly Valve"},{"value":2470,"label":"Butterfly Valve By Inch"}]},"yoast_head":"<!-- This site is optimized with the Yoast SEO Premium plugin v15.4 - https:\/\/yoast.com\/wordpress\/plugins\/seo\/ -->\n<title>Large Butterfly Valve For Sale - Big Size Butterfly Valve Cost | ZECO Valve<\/title>\n<meta name=\"robots\" content=\"index, follow, max-snippet:-1, max-image-preview:large, max-video-preview:-1\" \/>\n<link rel=\"canonical\" href=\"https:\/\/zecovalve.com\/es\/producto\/96-inch-butterfly-valve\" \/>\n<meta property=\"og:locale\" content=\"es_ES\" \/>\n<meta property=\"og:type\" content=\"article\" \/>\n<meta property=\"og:title\" content=\"Large Butterfly Valve For Sale - Big Size Butterfly Valve Cost | ZECO Valve\" \/>\n<meta property=\"og:description\" content=\"What is Butterfly Valve? Butterfly valves are quarter-turn rotational motion valves used in pipelines to stop, regulate and start flow. Butterfly valves, ... Leer m\u00e1s\" \/>\n<meta property=\"og:url\" content=\"https:\/\/zecovalve.com\/es\/producto\/96-inch-butterfly-valve\" \/>\n<meta property=\"og:site_name\" content=\"ZECO Valve\" \/>\n<meta property=\"article:modified_time\" content=\"2022-09-10T08:34:43+00:00\" \/>\n<meta property=\"og:image\" content=\"https:\/\/zecovalve.com\/wp-content\/uploads\/2022\/09\/96-inch-Butterfly-Valve-2.jpg\" \/>\n\t<meta property=\"og:image:width\" content=\"1440\" \/>\n\t<meta property=\"og:image:height\" content=\"1080\" \/>\n<meta name=\"twitter:card\" content=\"summary_large_image\" \/>\n<meta name=\"twitter:label1\" content=\"Escrito por\">\n\t<meta name=\"twitter:data1\" content=\"Jerry\">\n\t<meta name=\"twitter:label2\" content=\"Tiempo de lectura\">\n\t<meta name=\"twitter:data2\" content=\"3 minutos\">\n<script type=\"application\/ld+json\" class=\"yoast-schema-graph\">{\"@context\":\"https:\/\/schema.org\",\"@graph\":[{\"@type\":\"WebSite\",\"@id\":\"https:\/\/zecovalve.com\/#website\",\"url\":\"https:\/\/zecovalve.com\/\",\"name\":\"ZECO Valve\",\"description\":\"Industrial Ball Valve, Gate Valve and Globe Valve Manufacturer\",\"potentialAction\":[{\"@type\":\"SearchAction\",\"target\":\"https:\/\/zecovalve.com\/?s={search_term_string}\",\"query-input\":\"required name=search_term_string\"}],\"inLanguage\":\"es\"},{\"@type\":\"ImageObject\",\"@id\":\"https:\/\/zecovalve.com\/product\/96-inch-butterfly-valve#primaryimage\",\"inLanguage\":\"es\",\"url\":\"https:\/\/zecovalve.com\/wp-content\/uploads\/2022\/09\/96-inch-Butterfly-Valve-2.jpg\",\"width\":1440,\"height\":1080},{\"@type\":\"WebPage\",\"@id\":\"https:\/\/zecovalve.com\/product\/96-inch-butterfly-valve#webpage\",\"url\":\"https:\/\/zecovalve.com\/product\/96-inch-butterfly-valve\",\"name\":\"Large Butterfly Valve For Sale - Big Size Butterfly Valve Cost | ZECO Valve\",\"isPartOf\":{\"@id\":\"https:\/\/zecovalve.com\/#website\"},\"primaryImageOfPage\":{\"@id\":\"https:\/\/zecovalve.com\/product\/96-inch-butterfly-valve#primaryimage\"},\"datePublished\":\"2022-06-21T03:50:16+00:00\",\"dateModified\":\"2022-09-10T08:34:43+00:00\",\"breadcrumb\":{\"@id\":\"https:\/\/zecovalve.com\/product\/96-inch-butterfly-valve#breadcrumb\"},\"inLanguage\":\"es\",\"potentialAction\":[{\"@type\":\"ReadAction\",\"target\":[\"https:\/\/zecovalve.com\/product\/96-inch-butterfly-valve\"]}]},{\"@type\":\"BreadcrumbList\",\"@id\":\"https:\/\/zecovalve.com\/product\/96-inch-butterfly-valve#breadcrumb\",\"itemListElement\":[{\"@type\":\"ListItem\",\"position\":1,\"item\":{\"@type\":\"WebPage\",\"@id\":\"https:\/\/zecovalve.com\/\",\"url\":\"https:\/\/zecovalve.com\/\",\"name\":\"Home\"}},{\"@type\":\"ListItem\",\"position\":2,\"item\":{\"@type\":\"WebPage\",\"@id\":\"https:\/\/zecovalve.com\/product-category\",\"url\":\"https:\/\/zecovalve.com\/product-category\",\"name\":\"Industrial Valve Manufacturer | Water Valve Manufacturer\"}},{\"@type\":\"ListItem\",\"position\":3,\"item\":{\"@type\":\"WebPage\",\"@id\":\"https:\/\/zecovalve.com\/product\/96-inch-butterfly-valve\",\"url\":\"https:\/\/zecovalve.com\/product\/96-inch-butterfly-valve\",\"name\":\"Large Butterfly Valve\"}}]}]}<\/script>\n<!-- \/ Yoast SEO Premium plugin. -->","_links":{"self":[{"href":"https:\/\/zecovalve.com\/es\/wp-json\/wp\/v2\/product\/16388","targetHints":{"allow":["GET"]}}],"collection":[{"href":"https:\/\/zecovalve.com\/es\/wp-json\/wp\/v2\/product"}],"about":[{"href":"https:\/\/zecovalve.com\/es\/wp-json\/wp\/v2\/types\/product"}],"replies":[{"embeddable":true,"href":"https:\/\/zecovalve.com\/es\/wp-json\/wp\/v2\/comments?post=16388"}],"wp:featuredmedia":[{"embeddable":true,"href":"https:\/\/zecovalve.com\/es\/wp-json\/wp\/v2\/media\/27106"}],"wp:attachment":[{"href":"https:\/\/zecovalve.com\/es\/wp-json\/wp\/v2\/media?parent=16388"}],"wp:term":[{"taxonomy":"product_cat","embeddable":true,"href":"https:\/\/zecovalve.com\/es\/wp-json\/wp\/v2\/product_cat?post=16388"},{"taxonomy":"product_tag","embeddable":true,"href":"https:\/\/zecovalve.com\/es\/wp-json\/wp\/v2\/product_tag?post=16388"}],"curies":[{"name":"wp","href":"https:\/\/api.w.org\/{rel}","templated":true}]}}