{"id":16391,"date":"2022-06-21T03:52:37","date_gmt":"2022-06-21T03:52:37","guid":{"rendered":"https:\/\/zecovalve.com\/?post_type=product&#038;p=16391"},"modified":"2023-06-07T07:05:33","modified_gmt":"2023-06-07T07:05:33","slug":"4-inch-ball-valve","status":"publish","type":"product","link":"https:\/\/zecovalve.com\/es\/producto\/4-inch-ball-valve","title":{"rendered":"V\u00e1lvula de bola de 4 pulgadas"},"content":{"rendered":"<p>Una amplia selecci\u00f3n de v\u00e1lvulas de bola ZECO est\u00e1 disponible en materiales de bronce, lat\u00f3n, sin plomo*, acero al carbono o acero inoxidable. Seleccione la v\u00e1lvula de bola adecuada en una pieza, dos piezas, tres piezas, puerto completo o puerto convencional. Hay disponible una gama de materiales de acabado.<\/p>\r\n\r\n\r\n\r\n<figure class=\"wp-block-image size-large is-resized\"><img loading=\"lazy\" decoding=\"async\" class=\"wp-image-27052\" src=\"https:\/\/zecovalve.com\/wp-content\/uploads\/2022\/08\/4-inch-ball-valve-1024x768.jpg\" alt=\"\" width=\"512\" height=\"384\" srcset=\"https:\/\/zecovalve.com\/wp-content\/uploads\/2022\/08\/4-inch-ball-valve-1024x768.jpg 1024w, https:\/\/zecovalve.com\/wp-content\/uploads\/2022\/08\/4-inch-ball-valve-300x225.jpg 300w, https:\/\/zecovalve.com\/wp-content\/uploads\/2022\/08\/4-inch-ball-valve-768x576.jpg 768w, https:\/\/zecovalve.com\/wp-content\/uploads\/2022\/08\/4-inch-ball-valve-600x450.jpg 600w, https:\/\/zecovalve.com\/wp-content\/uploads\/2022\/08\/4-inch-ball-valve.jpg 1440w\" sizes=\"auto, (max-width: 512px) 100vw, 512px\" \/><\/figure>\r\n\r\n\r\n\r\n\r\n<div class=\"gb-button-wrapper gb-button-wrapper-6d8495a3\">\r\n\r\n\r\n<p><a class=\"gb-button gb-button-3d442e11 gb-button-text\" href=\"mailto:commercial@zecovalve.com\" target=\"_blank\" rel=\"noopener noreferrer\"><strong>OBT\u00c9N PRECIO DE V\u00c1LVULA DE BOLA DE 4 PULGADAS<\/strong><\/a><\/p>\r\n<\/div>\r\n\r\n\r\n<h2 class=\"wp-block-heading\">\u00bfQu\u00e9 es la v\u00e1lvula de bola de 4 pulgadas?<\/h2>\r\n\r\n\r\n\r\n<p>Una v\u00e1lvula de bola de 4 pulgadas es un dispositivo de encendido\/apagado de un cuarto de vuelta. Una bola pivotante en el centro de la v\u00e1lvula controla el flujo de medios l\u00edquidos o gaseosos.<\/p>\r\n\r\n\r\n\r\n<p>La bola pivotante se conoce como bola giratoria, y est\u00e1 dise\u00f1ada con un orificio (un agujero) en el centro. Un v\u00e1stago en la parte superior de la bola la hace girar para abrir o cerrar la v\u00e1lvula. El v\u00e1stago puede girarse mediante palancas manuales o automatizadas.<\/p>\r\n\r\n\r\n\r\n<p>La v\u00e1lvula de bola ZECO de 4 pulgadas es tambi\u00e9n el producto por lotes m\u00e1s com\u00fan, que son principalmente v\u00e1lvulas de bola flotantes. Ocasionalmente se podr\u00e1n utilizar v\u00e1lvulas de bola fijas debido a condiciones especiales de trabajo. ZECO y el Centro Nacional de Pruebas de Bombas y V\u00e1lvulas son socios estrat\u00e9gicos a largo plazo. ZECO env\u00eda peri\u00f3dicamente muestras de productos para uso rutinario al centro de pruebas para realizar pruebas cada a\u00f1o y verificar que los productos no hayan cambiado debido a posibles cambios en el proceso de producci\u00f3n a largo plazo.<\/p>\r\n\r\n\r\n\r\n<h2 class=\"wp-block-heading\">Dimensiones y peso de la v\u00e1lvula de bola de 4 pulgadas<\/h2>\r\n\r\n\r\n\r\n<table border=\"=1\" width=\"800\">\r\n<tbody>\r\n<tr>\r\n<td rowspan=\"2\">Presi\u00f3n nominal<\/td>\r\n<td style=\"text-align: center;\">Taladro<\/td>\r\n<td style=\"text-align: center;\" colspan=\"3\">\u00a0Dimensi\u00f3n cara a cara (en mm)<\/td>\r\n<td style=\"text-align: center;\">Peso<\/td>\r\n<\/tr>\r\n<tr>\r\n<td style=\"text-align: center;\">(en mm)<\/td>\r\n<td style=\"text-align: center;\">RF<\/td>\r\n<td style=\"text-align: center;\">BW<\/td>\r\n<td style=\"text-align: center;\">RTJ<\/td>\r\n<td style=\"text-align: center;\">kg<\/td>\r\n<\/tr>\r\n<tr>\r\n<td>CLASE 150<\/td>\r\n<td style=\"text-align: center;\">100<\/td>\r\n<td style=\"text-align: center;\">229<\/td>\r\n<td style=\"text-align: center;\">305<\/td>\r\n<td style=\"text-align: center;\">241<\/td>\r\n<td style=\"text-align: center;\">35<\/td>\r\n<\/tr>\r\n<tr>\r\n<td>CLASE 300<\/td>\r\n<td style=\"text-align: center;\">100<\/td>\r\n<td style=\"text-align: center;\">305<\/td>\r\n<td style=\"text-align: center;\">305<\/td>\r\n<td style=\"text-align: center;\">321<\/td>\r\n<td style=\"text-align: center;\">55<\/td>\r\n<\/tr>\r\n<tr>\r\n<td>CLASE 600<\/td>\r\n<td style=\"text-align: center;\">100<\/td>\r\n<td style=\"text-align: center;\">432<\/td>\r\n<td style=\"text-align: center;\">432<\/td>\r\n<td style=\"text-align: center;\">435<\/td>\r\n<td style=\"text-align: center;\">102<\/td>\r\n<\/tr>\r\n<tr>\r\n<td>CLASE 900<\/td>\r\n<td style=\"text-align: center;\">100<\/td>\r\n<td style=\"text-align: center;\">457<\/td>\r\n<td style=\"text-align: center;\">457<\/td>\r\n<td style=\"text-align: center;\">460<\/td>\r\n<td style=\"text-align: center;\">146<\/td>\r\n<\/tr>\r\n<tr>\r\n<td>CLASE 1500<\/td>\r\n<td style=\"text-align: center;\">100<\/td>\r\n<td style=\"text-align: center;\">546<\/td>\r\n<td style=\"text-align: center;\">546<\/td>\r\n<td style=\"text-align: center;\">549<\/td>\r\n<td style=\"text-align: center;\">216<\/td>\r\n<\/tr>\r\n<tr>\r\n<td>CLASE 2500<\/td>\r\n<td style=\"text-align: center;\">87<\/td>\r\n<td style=\"text-align: center;\">673<\/td>\r\n<td style=\"text-align: center;\">673<\/td>\r\n<td style=\"text-align: center;\">683<\/td>\r\n<td style=\"text-align: center;\">263<\/td>\r\n<\/tr>\r\n<\/tbody>\r\n<\/table>\r\n\r\n\r\n\r\n<h2 class=\"wp-block-heading\">\u00bfC\u00f3mo funciona la v\u00e1lvula de bola 4 in?<\/h2>\r\n\r\n\r\n\r\n<p>Una v\u00e1lvula de bola de 4 pulgadas es una v\u00e1lvula de cierre que controla el flujo de un l\u00edquido o gas por medio de una bola giratoria que tiene un orificio. Al girar la bola un cuarto de vuelta (90 grados) alrededor de su eje, el medio puede fluir o bloquearse.<\/p>\r\n\r\n\r\n\r\n<h2 class=\"wp-block-heading\">Caracter\u00edsticas de la v\u00e1lvula de bola de 4 pulgadas<\/h2>\r\n\r\n\r\n\r\n<ul class=\"wp-block-list\">\r\n<li>1. La v\u00e1lvula de bola ZECO de 4 pulgadas est\u00e1 dise\u00f1ada con una estructura de alivio de presi\u00f3n autom\u00e1tica. Cuando el cambio de presi\u00f3n o temperatura en la tuber\u00eda causa un aumento anormal de presi\u00f3n en el cuerpo de la v\u00e1lvula, el medio abrir\u00e1 el anillo de sellado mediante la presi\u00f3n de sobrepresi\u00f3n para el alivio autom\u00e1tico de presi\u00f3n, a fin de garantizar la seguridad de la v\u00e1lvula y la tuber\u00eda. ;<\/li>\r\n<li>2. La v\u00e1lvula de bola ZECO de 4 pulgadas tiene un dise\u00f1o de asiento confiable en baja presi\u00f3n. En l\u00edneas de muy baja presi\u00f3n, dependiendo del propio asiento no se puede garantizar el sellado, puede haber una peque\u00f1a fuga. Por lo tanto, ZECO dise\u00f1\u00f3 la forma de sellado del asiento de v\u00e1lvula cargado por el resorte de placa. En condiciones de baja presi\u00f3n, la presi\u00f3n del resorte de placa hace que el asiento de la v\u00e1lvula est\u00e9 cerca de la bola, lo que garantiza el sellado confiable y el rendimiento de sellado de la v\u00e1lvula de bola en uso a largo plazo;<\/li>\r\n<li>3. La v\u00e1lvula de bola ZECO de 4 pulgadas tiene un dise\u00f1o de asiento confiable a altas temperaturas. En los asientos de estructuras de temperatura media y alta, ZECO utiliza poliestireno como material de sellado que se puede utilizar a una temperatura de 300 \u2103, y para temperaturas m\u00e1s altas se dise\u00f1\u00f3 utilizando una combinaci\u00f3n de sello met\u00e1lico de material resistente a altas temperaturas;<\/li>\r\n<li>4. La v\u00e1lvula de bola ZECO de 4 pulgadas tambi\u00e9n tiene una estructura de protecci\u00f3n contra incendios, un v\u00e1stago antiexplosi\u00f3n y una estructura est\u00e1ndar internacional antiest\u00e1tica.<\/li>\r\n<\/ul>\r\n\r\n\r\n\r\n<h2 class=\"wp-block-heading\">Material de la v\u00e1lvula de bola de 4 \u2033<\/h2>\r\n\r\n\r\n\r\n<figure class=\"wp-block-table\">\r\n<table>\r\n<tbody>\r\n<tr>\r\n<td>No<\/td>\r\n<td>Pieza<\/td>\r\n<td>Material<\/td>\r\n<\/tr>\r\n<tr>\r\n<td>1<\/td>\r\n<td>Cuerpo<\/td>\r\n<td>ASTM A105<\/td>\r\n<\/tr>\r\n<tr>\r\n<td>2<\/td>\r\n<td>Cap\u00f3<\/td>\r\n<td>ASTM A105<\/td>\r\n<\/tr>\r\n<tr>\r\n<td>3<\/td>\r\n<td>Bola<\/td>\r\n<td>ASTM A182 F304<\/td>\r\n<\/tr>\r\n<tr>\r\n<td>4<\/td>\r\n<td>Asiento<\/td>\r\n<td>ASTM A182 F304<\/td>\r\n<\/tr>\r\n<tr>\r\n<td>5<\/td>\r\n<td>V\u00e1stago<\/td>\r\n<td>ASTM A276 304<\/td>\r\n<\/tr>\r\n<tr>\r\n<td>6<\/td>\r\n<td>Dispositivo antiest\u00e1tico<\/td>\r\n<td>SS304<\/td>\r\n<\/tr>\r\n<tr>\r\n<td>7<\/td>\r\n<td>Junta<\/td>\r\n<td>Grafito + SS304<\/td>\r\n<\/tr>\r\n<tr>\r\n<td>8<\/td>\r\n<td>Perno<\/td>\r\n<td>ASTM A193 B7<\/td>\r\n<\/tr>\r\n<tr>\r\n<td>9<\/td>\r\n<td>Tuerca<\/td>\r\n<td>ASTM A194 2H<\/td>\r\n<\/tr>\r\n<tr>\r\n<td>10<\/td>\r\n<td>Junta t\u00f3rica<\/td>\r\n<td>Vit\u00f3n A<\/td>\r\n<\/tr>\r\n<tr>\r\n<td>11<\/td>\r\n<td>Palanca<\/td>\r\n<td>ASTM A216 WCB<\/td>\r\n<\/tr>\r\n<\/tbody>\r\n<\/table>\r\n<\/figure>\r\n\r\n\r\n\r\n<h2 class=\"wp-block-heading\">Precio de la v\u00e1lvula de bola de 4 pulgadas<\/h2>\r\n\r\n\r\n\r\n<p>ZECO Valve es un fabricante profesional de v\u00e1lvulas de bola de 4 \u2033 en China, aprobado por el certificado API 6D, API 607. Podemos ofrecer un precio competitivo de v\u00e1lvula de bola de 4 pulgadas. Si tiene alguna consulta, cont\u00e1ctenos.<\/p>","protected":false},"excerpt":{"rendered":"<p>Una amplia selecci\u00f3n de v\u00e1lvulas de bola ZECO est\u00e1 disponible en materiales de bronce, lat\u00f3n, sin plomo*, acero al carbono o acero inoxidable. Seleccione el derecho\u2026 <a title=\"V\u00e1lvula de bola de 4 pulgadas\" class=\"read-more\" href=\"https:\/\/zecovalve.com\/es\/producto\/4-inch-ball-valve\" aria-label=\"M\u00e1s en V\u00e1lvula de bola de 4 pulgadas\">Leer m\u00e1s<\/a><\/p>","protected":false},"featured_media":27858,"comment_status":"closed","ping_status":"closed","template":"","meta":{"_generate-full-width-content":"","kt_blocks_editor_width":""},"product_cat":[2047,2462],"product_tag":[2802,3913],"class_list":["post-16391","product","type-product","status-publish","has-post-thumbnail","hentry","product_cat-ball-valve","product_cat-ball-valve-by-size","product_tag-ball-valve-price","product_tag-full-port-ball-valve","sales-flash-overlay","woocommerce-text-align-center","woocommerce-image-align-center","do-quantity-buttons"],"featured_image_src_large":["https:\/\/zecovalve.com\/wp-content\/uploads\/2022\/06\/4-inch-Ball-Valve-1.jpg",800,600,false],"author_info":[],"comment_info":0,"taxonomy_info":{"product_cat":[{"value":2047,"label":"Ball Valve"},{"value":2462,"label":"Ball Valve By Size"}],"product_tag":[{"value":2802,"label":"Ball Valve Price"},{"value":3913,"label":"Full Port Ball Valve"}]},"yoast_head":"<!-- This site is optimized with the Yoast SEO Premium plugin v15.4 - https:\/\/yoast.com\/wordpress\/plugins\/seo\/ -->\n<title>Ball Valve 4 Inch - Competitive 4 Inch Ball Valve Price - 4&quot; Ball Valve Manufacturer | ZECO<\/title>\n<meta name=\"robots\" content=\"index, follow, max-snippet:-1, max-image-preview:large, max-video-preview:-1\" \/>\n<link rel=\"canonical\" href=\"https:\/\/zecovalve.com\/es\/producto\/4-inch-ball-valve\" \/>\n<meta property=\"og:locale\" content=\"es_ES\" \/>\n<meta property=\"og:type\" content=\"article\" \/>\n<meta property=\"og:title\" content=\"Ball Valve 4 Inch - Competitive 4 Inch Ball Valve Price - 4&quot; Ball Valve Manufacturer | ZECO\" \/>\n<meta property=\"og:description\" content=\"A wide selection of ZECO ball valves is available in bronze, brass, lead-free*, carbon steel, or stainless steel materials. Select the right ... Leer m\u00e1s\" \/>\n<meta property=\"og:url\" content=\"https:\/\/zecovalve.com\/es\/producto\/4-inch-ball-valve\" \/>\n<meta property=\"og:site_name\" content=\"ZECO Valve\" \/>\n<meta property=\"article:modified_time\" content=\"2023-06-07T07:05:33+00:00\" \/>\n<meta property=\"og:image\" content=\"https:\/\/zecovalve.com\/wp-content\/uploads\/2022\/06\/4-inch-Ball-Valve-1.jpg\" \/>\n\t<meta property=\"og:image:width\" content=\"800\" \/>\n\t<meta property=\"og:image:height\" content=\"600\" \/>\n<meta name=\"twitter:card\" content=\"summary_large_image\" \/>\n<meta name=\"twitter:label1\" content=\"Escrito por\">\n\t<meta name=\"twitter:data1\" content=\"Jerry\">\n\t<meta name=\"twitter:label2\" content=\"Tiempo de lectura\">\n\t<meta name=\"twitter:data2\" content=\"2 minutos\">\n<script type=\"application\/ld+json\" class=\"yoast-schema-graph\">{\"@context\":\"https:\/\/schema.org\",\"@graph\":[{\"@type\":\"WebSite\",\"@id\":\"https:\/\/zecovalve.com\/#website\",\"url\":\"https:\/\/zecovalve.com\/\",\"name\":\"ZECO Valve\",\"description\":\"Industrial Ball Valve, Gate Valve and Globe Valve Manufacturer\",\"potentialAction\":[{\"@type\":\"SearchAction\",\"target\":\"https:\/\/zecovalve.com\/?s={search_term_string}\",\"query-input\":\"required name=search_term_string\"}],\"inLanguage\":\"es\"},{\"@type\":\"ImageObject\",\"@id\":\"https:\/\/zecovalve.com\/product\/4-inch-ball-valve#primaryimage\",\"inLanguage\":\"es\",\"url\":\"https:\/\/zecovalve.com\/wp-content\/uploads\/2022\/06\/4-inch-Ball-Valve-1.jpg\",\"width\":800,\"height\":600,\"caption\":\"4 inch Ball Valve\"},{\"@type\":\"WebPage\",\"@id\":\"https:\/\/zecovalve.com\/product\/4-inch-ball-valve#webpage\",\"url\":\"https:\/\/zecovalve.com\/product\/4-inch-ball-valve\",\"name\":\"Ball Valve 4 Inch - Competitive 4 Inch Ball Valve Price - 4\\\" Ball Valve Manufacturer | ZECO\",\"isPartOf\":{\"@id\":\"https:\/\/zecovalve.com\/#website\"},\"primaryImageOfPage\":{\"@id\":\"https:\/\/zecovalve.com\/product\/4-inch-ball-valve#primaryimage\"},\"datePublished\":\"2022-06-21T03:52:37+00:00\",\"dateModified\":\"2023-06-07T07:05:33+00:00\",\"breadcrumb\":{\"@id\":\"https:\/\/zecovalve.com\/product\/4-inch-ball-valve#breadcrumb\"},\"inLanguage\":\"es\",\"potentialAction\":[{\"@type\":\"ReadAction\",\"target\":[\"https:\/\/zecovalve.com\/product\/4-inch-ball-valve\"]}]},{\"@type\":\"BreadcrumbList\",\"@id\":\"https:\/\/zecovalve.com\/product\/4-inch-ball-valve#breadcrumb\",\"itemListElement\":[{\"@type\":\"ListItem\",\"position\":1,\"item\":{\"@type\":\"WebPage\",\"@id\":\"https:\/\/zecovalve.com\/\",\"url\":\"https:\/\/zecovalve.com\/\",\"name\":\"Home\"}},{\"@type\":\"ListItem\",\"position\":2,\"item\":{\"@type\":\"WebPage\",\"@id\":\"https:\/\/zecovalve.com\/product-category\",\"url\":\"https:\/\/zecovalve.com\/product-category\",\"name\":\"Industrial Valve Manufacturer | Water Valve Manufacturer\"}},{\"@type\":\"ListItem\",\"position\":3,\"item\":{\"@type\":\"WebPage\",\"@id\":\"https:\/\/zecovalve.com\/product\/4-inch-ball-valve\",\"url\":\"https:\/\/zecovalve.com\/product\/4-inch-ball-valve\",\"name\":\"4 inch Ball Valve\"}}]}]}<\/script>\n<!-- \/ Yoast SEO Premium plugin. -->","_links":{"self":[{"href":"https:\/\/zecovalve.com\/es\/wp-json\/wp\/v2\/product\/16391","targetHints":{"allow":["GET"]}}],"collection":[{"href":"https:\/\/zecovalve.com\/es\/wp-json\/wp\/v2\/product"}],"about":[{"href":"https:\/\/zecovalve.com\/es\/wp-json\/wp\/v2\/types\/product"}],"replies":[{"embeddable":true,"href":"https:\/\/zecovalve.com\/es\/wp-json\/wp\/v2\/comments?post=16391"}],"wp:featuredmedia":[{"embeddable":true,"href":"https:\/\/zecovalve.com\/es\/wp-json\/wp\/v2\/media\/27858"}],"wp:attachment":[{"href":"https:\/\/zecovalve.com\/es\/wp-json\/wp\/v2\/media?parent=16391"}],"wp:term":[{"taxonomy":"product_cat","embeddable":true,"href":"https:\/\/zecovalve.com\/es\/wp-json\/wp\/v2\/product_cat?post=16391"},{"taxonomy":"product_tag","embeddable":true,"href":"https:\/\/zecovalve.com\/es\/wp-json\/wp\/v2\/product_tag?post=16391"}],"curies":[{"name":"wp","href":"https:\/\/api.w.org\/{rel}","templated":true}]}}