{"id":16395,"date":"2022-06-21T04:07:01","date_gmt":"2022-06-21T04:07:01","guid":{"rendered":"https:\/\/zecovalve.com\/?post_type=product&#038;p=16395"},"modified":"2023-06-15T12:52:54","modified_gmt":"2023-06-15T12:52:54","slug":"2-inch-gate-valve","status":"publish","type":"product","link":"https:\/\/zecovalve.com\/es\/producto\/2-inch-gate-valve","title":{"rendered":"V\u00e1lvula de compuerta de 2 pulgadas"},"content":{"rendered":"<p>Las v\u00e1lvulas de compuerta de 2 pulgadas son v\u00e1lvulas de cierre bidireccionales multiusos para aplicaciones comerciales e industriales.<\/p>\r\n\r\n\r\n\r\n<div class=\"wp-block-columns is-layout-flex wp-container-core-columns-is-layout-9d6595d7 wp-block-columns-is-layout-flex\">\r\n<div class=\"wp-block-column is-layout-flow wp-block-column-is-layout-flow\">\r\n<figure class=\"wp-block-image size-full is-resized\"><img loading=\"lazy\" decoding=\"async\" class=\"wp-image-16182\" src=\"https:\/\/zecovalve.com\/wp-content\/uploads\/2022\/06\/carbon-steel-gate-valve.jpg\" alt=\"V\u00e1lvula de compuerta de acero al carbono\" width=\"400\" height=\"300\" srcset=\"https:\/\/zecovalve.com\/wp-content\/uploads\/2022\/06\/carbon-steel-gate-valve.jpg 800w, https:\/\/zecovalve.com\/wp-content\/uploads\/2022\/06\/carbon-steel-gate-valve-300x225.jpg 300w, https:\/\/zecovalve.com\/wp-content\/uploads\/2022\/06\/carbon-steel-gate-valve-768x576.jpg 768w, https:\/\/zecovalve.com\/wp-content\/uploads\/2022\/06\/carbon-steel-gate-valve-600x450.jpg 600w\" sizes=\"auto, (max-width: 400px) 100vw, 400px\" \/><\/figure>\r\n<\/div>\r\n\r\n\r\n\r\n<div class=\"wp-block-column is-layout-flow wp-block-column-is-layout-flow\">\r\n<figure class=\"wp-block-image size-full is-resized\"><img loading=\"lazy\" decoding=\"async\" class=\"wp-image-16295\" src=\"https:\/\/zecovalve.com\/wp-content\/uploads\/2022\/06\/forged-gate-valve.jpg\" alt=\"v\u00e1lvula de compuerta forjada\" width=\"400\" height=\"300\" srcset=\"https:\/\/zecovalve.com\/wp-content\/uploads\/2022\/06\/forged-gate-valve.jpg 800w, https:\/\/zecovalve.com\/wp-content\/uploads\/2022\/06\/forged-gate-valve-300x225.jpg 300w, https:\/\/zecovalve.com\/wp-content\/uploads\/2022\/06\/forged-gate-valve-768x576.jpg 768w, https:\/\/zecovalve.com\/wp-content\/uploads\/2022\/06\/forged-gate-valve-600x450.jpg 600w\" sizes=\"auto, (max-width: 400px) 100vw, 400px\" \/><\/figure>\r\n<\/div>\r\n<\/div>\r\n\r\n\r\n<div class=\"gb-button-wrapper gb-button-wrapper-6d8495a3\">\r\n\r\n\r\n<p><a class=\"gb-button gb-button-3d442e11 gb-button-text\" href=\"mailto:commercial@zecovalve.com\" target=\"_blank\" rel=\"noopener noreferrer\"><strong>OBT\u00c9N PRECIO DE V\u00c1LVULA DE COMPUERTA DE 2 PULGADAS<\/strong><\/a><\/p>\r\n<\/div>\r\n\r\n\r\n<h2 class=\"wp-block-heading\">\u00bfQu\u00e9 es una v\u00e1lvula de compuerta de 2 pulgadas?<\/h2>\r\n\r\n\r\n\r\n<p>La v\u00e1lvula de compuerta ZECO de 2 pulgadas est\u00e1 dise\u00f1ada para una m\u00e1xima distribuci\u00f3n de tensi\u00f3n en todas las direcciones y una m\u00ednima turbulencia y resistencia al flujo mediante el dise\u00f1o del cuerpo y el cap\u00f3. La v\u00e1lvula de compuerta ZECO de 2 pulgadas puede elegir un cuerpo de v\u00e1lvula de forja o un cuerpo de v\u00e1lvula de fundici\u00f3n, principalmente de acuerdo con las necesidades espec\u00edficas de los usuarios. 2 pulgadas como una v\u00e1lvula de peque\u00f1o calibre, todo el equipo de ZECO trabaj\u00f3 arduamente para procesarla, ensamblarla, probarla y enviarla como una embarcaci\u00f3n. ZECO se adhiere al principio de que no importa la v\u00e1lvula de gran tama\u00f1o o la v\u00e1lvula de tama\u00f1o peque\u00f1o, se ocupar\u00e1 de los productos incisivos e incisivos desde cada detalle y finalmente los entregar\u00e1 a los usuarios, para satisfacer a los usuarios y mantener un funcionamiento estable y seguro. por mucho tiempo.<\/p>\r\n\r\n\r\n\r\n<h2 class=\"wp-block-heading\" id=\"h-types-of-gate-valve-2-inch\">Tipos de v\u00e1lvula de compuerta de 2 pulgadas<\/h2>\r\n\r\n\r\n\r\n<ul class=\"wp-block-list\">\r\n<li>V\u00e1lvula de compuerta de acero inoxidable de 2 pulgadas\r\n<ul>\r\n<li>Con una construcci\u00f3n resistente a la corrosi\u00f3n con un volante de aluminio y v\u00e1stago, bonete, cuerpo y cu\u00f1a no ascendentes de acero inoxidable 316, estas v\u00e1lvulas de compuerta son ideales para aplicaciones de refiner\u00eda, qu\u00edmica y otros procesos.<\/li>\r\n<\/ul>\r\n<\/li>\r\n<li>V\u00e1lvula de compuerta de lat\u00f3n de 2 pulgadas\r\n<ul>\r\n<li>Dise\u00f1adas con manijas de rueda de hierro fundido y discos, cu\u00f1as, v\u00e1stagos y bonetes atornillados de lat\u00f3n, estas v\u00e1lvulas de cierre principales de puerto completo se pueden usar completamente abiertas o completamente cerradas en aplicaciones de agua y aire comprimido. Los tallos no ascendentes se pueden utilizar en espacios verticales limitados.<\/li>\r\n<\/ul>\r\n<\/li>\r\n<li>V\u00e1lvula de compuerta de acero Caron de 2 pulgadas\r\n<ul>\r\n<li>Las v\u00e1lvulas de acero fundido son adecuadas para aplicaciones de gas, petr\u00f3leo, vapor, agua y servicios generales. Las roscas externas del v\u00e1stago de la v\u00e1lvula evitan la contaminaci\u00f3n del medio de flujo.<\/li>\r\n<\/ul>\r\n<\/li>\r\n<li>V\u00e1lvula de compuerta de bronce de 2 pulgadas\r\n<ul>\r\n<li>Al actuar como un cierre positivo, estas v\u00e1lvulas de puerto completo se pueden usar completamente abiertas o completamente cerradas en aplicaciones de vapor, agua y aire comprimido.<\/li>\r\n<\/ul>\r\n<\/li>\r\n<\/ul>\r\n\r\n\r\n\r\n<h2 class=\"wp-block-heading\">Ventajas de la v\u00e1lvula de compuerta de 2 pulgadas<\/h2>\r\n\r\n\r\n\r\n<ul class=\"wp-block-list\">\r\n<li>Alta resistencia a la corrosi\u00f3n y al impacto<\/li>\r\n<li>Flexibilidad que cubre las variaciones de flujo<\/li>\r\n<li>Facil mantenimiento<\/li>\r\n<li>La v\u00e1lvula de compuerta ZECO de 2 pulgadas es altamente selectiva, puede elegir un cuerpo de v\u00e1lvula forjado o un cuerpo de v\u00e1lvula fundido, desde el est\u00e1ndar ASTM A182 hasta el est\u00e1ndar ASTM A216 y el est\u00e1ndar ASTM A351, son el rango de producci\u00f3n de ZECO, las clases de presi\u00f3n pueden elegir entre 150 lb y 1500 lb.<\/li>\r\n<li>La conexi\u00f3n del v\u00e1stago a la cu\u00f1a de la v\u00e1lvula de compuerta ZECO de 2 pulgadas tiene un dise\u00f1o de cabeza en T que es integral (sin soldadura) al v\u00e1stago. La precisi\u00f3n en las dimensiones y acabados aseguran una larga vida con una perfecta estanqueidad en la zona de embalaje, resultando en menores emisiones fugitivas;<\/li>\r\n<li>El empaque del v\u00e1stago de la v\u00e1lvula de compuerta ZECO de 2 pulgadas est\u00e1 dise\u00f1ado y dispuesto para garantizar un sellado m\u00e1ximo a lo largo del v\u00e1stago durante la operaci\u00f3n o mientras est\u00e1 en la posici\u00f3n, permitiendo as\u00ed una mayor reducci\u00f3n de las emisiones fugitivas. Nuestros embalajes son del tipo SIN ASBESTO;<\/li>\r\n<li>ZECO es un fabricante profesional de v\u00e1lvulas de compuerta. ZECO es capaz de ofrecer productos de alta calidad a los usuarios finales.<\/li>\r\n<\/ul>\r\n\r\n\r\n\r\n<h2 class=\"wp-block-heading\">Dimensiones y peso de la v\u00e1lvula de compuerta de 2 pulgadas<\/h2>\r\n\r\n\r\n\r\n<table border=\"=1\" width=\"800\">\r\n<tbody>\r\n<tr>\r\n<td rowspan=\"2\">Presi\u00f3n nominal<\/td>\r\n<td style=\"text-align: center;\">Taladro<\/td>\r\n<td style=\"text-align: center;\" colspan=\"3\">\u00a0Dimensi\u00f3n cara a cara (en mm)<\/td>\r\n<td style=\"text-align: center;\">Peso<\/td>\r\n<\/tr>\r\n<tr>\r\n<td style=\"text-align: center;\">(en mm)<\/td>\r\n<td style=\"text-align: center;\">RF<\/td>\r\n<td style=\"text-align: center;\">BW<\/td>\r\n<td style=\"text-align: center;\">RTJ<\/td>\r\n<td style=\"text-align: center;\">kg<\/td>\r\n<\/tr>\r\n<tr>\r\n<td>CLASE 150<\/td>\r\n<td style=\"text-align: center;\">50<\/td>\r\n<td style=\"text-align: center;\">178<\/td>\r\n<td style=\"text-align: center;\">216<\/td>\r\n<td style=\"text-align: center;\">191<\/td>\r\n<td style=\"text-align: center;\">27<\/td>\r\n<\/tr>\r\n<tr>\r\n<td>CLASE 300<\/td>\r\n<td style=\"text-align: center;\">50<\/td>\r\n<td style=\"text-align: center;\">216<\/td>\r\n<td style=\"text-align: center;\">216<\/td>\r\n<td style=\"text-align: center;\">232<\/td>\r\n<td style=\"text-align: center;\">32<\/td>\r\n<\/tr>\r\n<tr>\r\n<td>CLASE 600<\/td>\r\n<td style=\"text-align: center;\">50<\/td>\r\n<td style=\"text-align: center;\">292<\/td>\r\n<td style=\"text-align: center;\">292<\/td>\r\n<td style=\"text-align: center;\">295<\/td>\r\n<td style=\"text-align: center;\">50<\/td>\r\n<\/tr>\r\n<tr>\r\n<td>CLASE 900<\/td>\r\n<td style=\"text-align: center;\">47<\/td>\r\n<td style=\"text-align: center;\">368<\/td>\r\n<td style=\"text-align: center;\">368<\/td>\r\n<td style=\"text-align: center;\">371<\/td>\r\n<td style=\"text-align: center;\">116<\/td>\r\n<\/tr>\r\n<tr>\r\n<td>CLASE 1500<\/td>\r\n<td style=\"text-align: center;\">47<\/td>\r\n<td style=\"text-align: center;\">368<\/td>\r\n<td style=\"text-align: center;\">368<\/td>\r\n<td style=\"text-align: center;\">371<\/td>\r\n<td style=\"text-align: center;\">116<\/td>\r\n<\/tr>\r\n<tr>\r\n<td>CLASE 2500<\/td>\r\n<td style=\"text-align: center;\">38<\/td>\r\n<td style=\"text-align: center;\">451<\/td>\r\n<td style=\"text-align: center;\">451<\/td>\r\n<td style=\"text-align: center;\">454<\/td>\r\n<td style=\"text-align: center;\">156<\/td>\r\n<\/tr>\r\n<\/tbody>\r\n<\/table>\r\n\r\n\r\n\r\n<h2 class=\"wp-block-heading\">Precio de la v\u00e1lvula de compuerta de 2 pulgadas<\/h2>\r\n\r\n\r\n\r\n<p>ZECO Valve es un fabricante profesional de v\u00e1lvulas de compuerta de 2 pulgadas. Si tiene alguna consulta, comun\u00edquese con nosotros. Podemos ofrecer un precio competitivo de v\u00e1lvula de compuerta de 2 pulgadas.<\/p>\r\n\r\n\r\n\r\n<h2 class=\"wp-block-heading\">Material de la v\u00e1lvula de compuerta de 2 pulgadas<\/h2>\r\n\r\n\r\n\r\n<figure class=\"wp-block-table\">\r\n<table>\r\n<tbody>\r\n<tr>\r\n<td>No<\/td>\r\n<td>Pieza<\/td>\r\n<td>Material<\/td>\r\n<\/tr>\r\n<tr>\r\n<td>1<\/td>\r\n<td>Cuerpo<\/td>\r\n<td>ASTM A217 WC6<\/td>\r\n<\/tr>\r\n<tr>\r\n<td>2<\/td>\r\n<td>Anillo de asiento<\/td>\r\n<td>ASTM A182 F11 + STL<\/td>\r\n<\/tr>\r\n<tr>\r\n<td>3<\/td>\r\n<td>Cu\u00f1a<\/td>\r\n<td>ASTM A217 WC6 + STL<\/td>\r\n<\/tr>\r\n<tr>\r\n<td>4<\/td>\r\n<td>V\u00e1stago<\/td>\r\n<td>ASTM A276 410<\/td>\r\n<\/tr>\r\n<tr>\r\n<td>5<\/td>\r\n<td>Junta del cap\u00f3<\/td>\r\n<td>Grafito + SS316<\/td>\r\n<\/tr>\r\n<tr>\r\n<td>6<\/td>\r\n<td>Perno del cap\u00f3<\/td>\r\n<td>ASTM A193 B16<\/td>\r\n<\/tr>\r\n<tr>\r\n<td>7<\/td>\r\n<td>Tuerca de sombrerete<\/td>\r\n<td>ASTM A194 4<\/td>\r\n<\/tr>\r\n<tr>\r\n<td>8<\/td>\r\n<td>Cap\u00f3<\/td>\r\n<td>ASTM A217 WC6<\/td>\r\n<\/tr>\r\n<tr>\r\n<td>9<\/td>\r\n<td>Asiento trasero<\/td>\r\n<td>ASTM A182 F6a<\/td>\r\n<\/tr>\r\n<tr>\r\n<td>10<\/td>\r\n<td>Empaquetadura de v\u00e1stago<\/td>\r\n<td>Grafito reforzado<\/td>\r\n<\/tr>\r\n<tr>\r\n<td>11<\/td>\r\n<td>Volante<\/td>\r\n<td>KTH330-08<\/td>\r\n<\/tr>\r\n<\/tbody>\r\n<\/table>\r\n<\/figure>","protected":false},"excerpt":{"rendered":"<p>Las v\u00e1lvulas de compuerta de 2 pulgadas son v\u00e1lvulas de cierre bidireccionales multiusos para aplicaciones comerciales e industriales. \u00bfQu\u00e9 es una v\u00e1lvula de compuerta de 2 pulgadas? ZECO\u2026 <a title=\"V\u00e1lvula de compuerta de 2 pulgadas\" class=\"read-more\" href=\"https:\/\/zecovalve.com\/es\/producto\/2-inch-gate-valve\" aria-label=\"M\u00e1s en V\u00e1lvula de compuerta de 2 pulgadas\">Leer m\u00e1s<\/a><\/p>","protected":false},"featured_media":27888,"comment_status":"closed","ping_status":"closed","template":"","meta":{"_generate-full-width-content":"","kt_blocks_editor_width":""},"product_cat":[2052,2458],"product_tag":[],"class_list":["post-16395","product","type-product","status-publish","has-post-thumbnail","hentry","product_cat-gate-valve","product_cat-gate-valve-by-inch","sales-flash-overlay","woocommerce-text-align-center","woocommerce-image-align-center","do-quantity-buttons"],"featured_image_src_large":["https:\/\/zecovalve.com\/wp-content\/uploads\/2022\/06\/2-inch-Gate-Valve-1.jpg",800,600,false],"author_info":[],"comment_info":0,"taxonomy_info":{"product_cat":[{"value":2052,"label":"Gate Valve"},{"value":2458,"label":"Gate Valve By Inch"}]},"yoast_head":"<!-- This site is optimized with the Yoast SEO Premium plugin v15.4 - https:\/\/yoast.com\/wordpress\/plugins\/seo\/ -->\n<title>Gate Valve 2 Inch - Competitive 2 Inch Gate Valve Price | ZECO Valve<\/title>\n<meta name=\"robots\" content=\"index, follow, max-snippet:-1, max-image-preview:large, max-video-preview:-1\" \/>\n<link rel=\"canonical\" href=\"https:\/\/zecovalve.com\/es\/producto\/2-inch-gate-valve\" \/>\n<meta property=\"og:locale\" content=\"es_ES\" \/>\n<meta property=\"og:type\" content=\"article\" \/>\n<meta property=\"og:title\" content=\"Gate Valve 2 Inch - Competitive 2 Inch Gate Valve Price | ZECO Valve\" \/>\n<meta property=\"og:description\" content=\"2 inch Gate valves are multi-purpose bi-directional shutoff valves for commercial and industrial applications. What is a Gate Valve 2 inch? ZECO ... Leer m\u00e1s\" \/>\n<meta property=\"og:url\" content=\"https:\/\/zecovalve.com\/es\/producto\/2-inch-gate-valve\" \/>\n<meta property=\"og:site_name\" content=\"ZECO Valve\" \/>\n<meta property=\"article:modified_time\" content=\"2023-06-15T12:52:54+00:00\" \/>\n<meta property=\"og:image\" content=\"https:\/\/zecovalve.com\/wp-content\/uploads\/2022\/06\/2-inch-Gate-Valve-1.jpg\" \/>\n\t<meta property=\"og:image:width\" content=\"800\" \/>\n\t<meta property=\"og:image:height\" content=\"600\" \/>\n<meta name=\"twitter:card\" content=\"summary_large_image\" \/>\n<meta name=\"twitter:label1\" content=\"Escrito por\">\n\t<meta name=\"twitter:data1\" content=\"Jerry\">\n\t<meta name=\"twitter:label2\" content=\"Tiempo de lectura\">\n\t<meta name=\"twitter:data2\" content=\"2 minutos\">\n<script type=\"application\/ld+json\" class=\"yoast-schema-graph\">{\"@context\":\"https:\/\/schema.org\",\"@graph\":[{\"@type\":\"WebSite\",\"@id\":\"https:\/\/zecovalve.com\/#website\",\"url\":\"https:\/\/zecovalve.com\/\",\"name\":\"ZECO Valve\",\"description\":\"Industrial Ball Valve, Gate Valve and Globe Valve Manufacturer\",\"potentialAction\":[{\"@type\":\"SearchAction\",\"target\":\"https:\/\/zecovalve.com\/?s={search_term_string}\",\"query-input\":\"required name=search_term_string\"}],\"inLanguage\":\"es\"},{\"@type\":\"ImageObject\",\"@id\":\"https:\/\/zecovalve.com\/product\/2-inch-gate-valve#primaryimage\",\"inLanguage\":\"es\",\"url\":\"https:\/\/zecovalve.com\/wp-content\/uploads\/2022\/06\/2-inch-Gate-Valve-1.jpg\",\"width\":800,\"height\":600,\"caption\":\"2 inch Gate Valve\"},{\"@type\":\"WebPage\",\"@id\":\"https:\/\/zecovalve.com\/product\/2-inch-gate-valve#webpage\",\"url\":\"https:\/\/zecovalve.com\/product\/2-inch-gate-valve\",\"name\":\"Gate Valve 2 Inch - Competitive 2 Inch Gate Valve Price | ZECO Valve\",\"isPartOf\":{\"@id\":\"https:\/\/zecovalve.com\/#website\"},\"primaryImageOfPage\":{\"@id\":\"https:\/\/zecovalve.com\/product\/2-inch-gate-valve#primaryimage\"},\"datePublished\":\"2022-06-21T04:07:01+00:00\",\"dateModified\":\"2023-06-15T12:52:54+00:00\",\"breadcrumb\":{\"@id\":\"https:\/\/zecovalve.com\/product\/2-inch-gate-valve#breadcrumb\"},\"inLanguage\":\"es\",\"potentialAction\":[{\"@type\":\"ReadAction\",\"target\":[\"https:\/\/zecovalve.com\/product\/2-inch-gate-valve\"]}]},{\"@type\":\"BreadcrumbList\",\"@id\":\"https:\/\/zecovalve.com\/product\/2-inch-gate-valve#breadcrumb\",\"itemListElement\":[{\"@type\":\"ListItem\",\"position\":1,\"item\":{\"@type\":\"WebPage\",\"@id\":\"https:\/\/zecovalve.com\/\",\"url\":\"https:\/\/zecovalve.com\/\",\"name\":\"Home\"}},{\"@type\":\"ListItem\",\"position\":2,\"item\":{\"@type\":\"WebPage\",\"@id\":\"https:\/\/zecovalve.com\/product-category\",\"url\":\"https:\/\/zecovalve.com\/product-category\",\"name\":\"Industrial Valve Manufacturer | Water Valve Manufacturer\"}},{\"@type\":\"ListItem\",\"position\":3,\"item\":{\"@type\":\"WebPage\",\"@id\":\"https:\/\/zecovalve.com\/product\/2-inch-gate-valve\",\"url\":\"https:\/\/zecovalve.com\/product\/2-inch-gate-valve\",\"name\":\"2 inch Gate Valve\"}}]}]}<\/script>\n<!-- \/ Yoast SEO Premium plugin. -->","_links":{"self":[{"href":"https:\/\/zecovalve.com\/es\/wp-json\/wp\/v2\/product\/16395","targetHints":{"allow":["GET"]}}],"collection":[{"href":"https:\/\/zecovalve.com\/es\/wp-json\/wp\/v2\/product"}],"about":[{"href":"https:\/\/zecovalve.com\/es\/wp-json\/wp\/v2\/types\/product"}],"replies":[{"embeddable":true,"href":"https:\/\/zecovalve.com\/es\/wp-json\/wp\/v2\/comments?post=16395"}],"wp:featuredmedia":[{"embeddable":true,"href":"https:\/\/zecovalve.com\/es\/wp-json\/wp\/v2\/media\/27888"}],"wp:attachment":[{"href":"https:\/\/zecovalve.com\/es\/wp-json\/wp\/v2\/media?parent=16395"}],"wp:term":[{"taxonomy":"product_cat","embeddable":true,"href":"https:\/\/zecovalve.com\/es\/wp-json\/wp\/v2\/product_cat?post=16395"},{"taxonomy":"product_tag","embeddable":true,"href":"https:\/\/zecovalve.com\/es\/wp-json\/wp\/v2\/product_tag?post=16395"}],"curies":[{"name":"wp","href":"https:\/\/api.w.org\/{rel}","templated":true}]}}