{"id":16397,"date":"2022-06-21T04:44:32","date_gmt":"2022-06-21T04:44:32","guid":{"rendered":"https:\/\/zecovalve.com\/?post_type=product&#038;p=16397"},"modified":"2023-06-15T12:53:16","modified_gmt":"2023-06-15T12:53:16","slug":"56-inch-gate-valve","status":"publish","type":"product","link":"https:\/\/zecovalve.com\/es\/producto\/56-inch-gate-valve","title":{"rendered":"V\u00e1lvula de compuerta grande"},"content":{"rendered":"<p>Nos hemos comprometido a ofrecer precios competitivos, productos excepcionales de buena calidad y entrega r\u00e1pida de v\u00e1lvulas de compuerta de 36 pulgadas y v\u00e1lvulas de compuerta de 30 pulgadas, v\u00e1lvulas de retenci\u00f3n tipo oblea y v\u00e1lvulas de bola de mu\u00f1\u00f3n, v\u00e1lvulas de mariposa tipo oblea y v\u00e1lvulas de placa doble. . Nos esforzaremos por mantener nuestra gran reputaci\u00f3n como el mejor proveedor de productos del mundo. Si tiene alguna pregunta o comentario, por favor cont\u00e1ctenos libremente. El producto se suministrar\u00e1 a todo el mundo, como Europa, Am\u00e9rica, Australia, Indonesia, Holanda, Canc\u00fan y Yakarta. Suministraremos productos mucho mejores con dise\u00f1os diversificados y servicios expertos. Damos la m\u00e1s sincera bienvenida a amigos de todo el mundo para que visiten nuestra empresa y cooperen con nosotros sobre la base de beneficios mutuos y a largo plazo.<\/p>\r\n\r\n\r\n<div class=\"gb-button-wrapper gb-button-wrapper-6d8495a3\">\r\n\r\n\r\n<p><a class=\"gb-button gb-button-3d442e11 gb-button-text\" href=\"https:\/\/zecovalve.com\/es\/contact\/\" target=\"_blank\" rel=\"noopener noreferrer\"><strong>OBT\u00c9N EL PRECIO DE LA V\u00c1LVULA DE COMPUERTA DE 30 PULGADAS Y DE LA V\u00c1LVULA DE COMPUERTA DE 36 PULGADAS<\/strong><\/a><\/p>\r\n<\/div>\r\n\r\n\r\n\r\n\r\n<h2 class=\"wp-block-heading\" id=\"h-description-of-30-inch-gate-valve-36-inch-gate-valve\">Descripci\u00f3n de la v\u00e1lvula de compuerta de 30 pulgadas y la v\u00e1lvula de compuerta de 36 pulgadas<\/h2>\r\n\r\n\r\n\r\n<p>ZECO puede producir el tama\u00f1o de v\u00e1lvula de compuerta m\u00e1s grande de 30 y 36 pulgadas, sin embargo, tambi\u00e9n tiene un historial de v\u00e1lvulas de compuerta, cuando el proyecto del campo petrol\u00edfero de Kelamayi necesita una compuerta, en China, hay moldes de v\u00e1lvulas de compuerta de 30 y 36 pulgadas que tienen muy pocos, pero ZECO con coraje y fuerza siguiendo la lista, con tecnolog\u00eda ZECO con <a href=\"https:\/\/zecovalve.com\/es\/\" data-internallinksmanager029f6b8e52c=\"9\" title=\"fabricante de v\u00e1lvulas industriales\" target=\"_blank\" rel=\"noopener\">v\u00e1lvula china<\/a> El consultor t\u00e9cnico general de la asociaci\u00f3n es en el mismo a\u00f1o la relaci\u00f3n entre los otros disc\u00edpulos, dos personas d\u00eda y noche para discutir la investigaci\u00f3n cerca uno del otro durante un mes, finalmente para finalizar el dise\u00f1o, el dibujo y el seguimiento de la v\u00e1lvula de compuerta de 30 y 36 pulgadas. procesos de desarrollo y producci\u00f3n de moldes y, finalmente, entrega completa. ZECO tiene la capacidad y la fuerza para completar v\u00e1lvulas de compuerta de mayor tama\u00f1o para satisfacer las necesidades de los usuarios de todo el mundo. Si tiene requisitos personalizados especiales, no dude en contactarnos.<\/p>\r\n\r\n\r\n<div class=\"wp-block-image\">\r\n<figure class=\"aligncenter size-large is-resized\"><img loading=\"lazy\" decoding=\"async\" class=\"wp-image-26860\" src=\"https:\/\/zecovalve.com\/wp-content\/uploads\/2022\/08\/1267-P17-542x1024.jpg\" alt=\"\" width=\"271\" height=\"512\" srcset=\"https:\/\/zecovalve.com\/wp-content\/uploads\/2022\/08\/1267-P17-542x1024.jpg 542w, https:\/\/zecovalve.com\/wp-content\/uploads\/2022\/08\/1267-P17-159x300.jpg 159w, https:\/\/zecovalve.com\/wp-content\/uploads\/2022\/08\/1267-P17-768x1451.jpg 768w, https:\/\/zecovalve.com\/wp-content\/uploads\/2022\/08\/1267-P17-813x1536.jpg 813w, https:\/\/zecovalve.com\/wp-content\/uploads\/2022\/08\/1267-P17-1084x2048.jpg 1084w, https:\/\/zecovalve.com\/wp-content\/uploads\/2022\/08\/1267-P17-600x1134.jpg 600w, https:\/\/zecovalve.com\/wp-content\/uploads\/2022\/08\/1267-P17-scaled.jpg 1355w\" sizes=\"auto, (max-width: 271px) 100vw, 271px\" \/><\/figure>\r\n<\/div>\r\n\r\n\r\n<h2 class=\"wp-block-heading\">Est\u00e1ndares de v\u00e1lvula de compuerta de 30 pulgadas y v\u00e1lvula de compuerta de 36 pulgadas<\/h2>\r\n\r\n\r\n\r\n<figure class=\"wp-block-table is-style-stripes\">\r\n<table>\r\n<tbody>\r\n<tr>\r\n<td>Norma de dise\u00f1o<\/td>\r\n<td>API6D, ASME B12634<\/td>\r\n<\/tr>\r\n<tr>\r\n<td>Cara a cara<\/td>\r\n<td>ASTM B16.10, API 6D<\/td>\r\n<\/tr>\r\n<tr>\r\n<td>Dimensiones de la brida final<\/td>\r\n<td>ASME B16.5, MSS SP44<\/td>\r\n<\/tr>\r\n<tr>\r\n<td>Inspecci\u00f3n y prueba<\/td>\r\n<td>API 598, API 6D<\/td>\r\n<\/tr>\r\n<\/tbody>\r\n<\/table>\r\n<\/figure>\r\n\r\n\r\n\r\n<h2 class=\"wp-block-heading\" id=\"h-features-of-30-inch-gate-valve-36-inch-gate-valve\">Caracter\u00edsticas de la v\u00e1lvula de compuerta de 30 pulgadas y de la v\u00e1lvula de compuerta de 36 pulgadas<\/h2>\r\n\r\n\r\n\r\n<ul class=\"wp-block-list\">\r\n<li>Tama\u00f1os: 30 \u2033 y 36 \u2033<\/li>\r\n<li>Los extremos de las bridas cumplen con ASME B16.10<\/li>\r\n<li>Asiento paralelo de doble disco con mecanismo de cu\u00f1a de cuatro puntos<\/li>\r\n<li>V\u00e1stago no ascendente (NRS) y (tornillo exterior y yugo) OS&amp;Y<\/li>\r\n<li>Tuerca de llave cuadrada de 2\u201d \u2013 abierta hacia la izquierda o hacia la derecha<\/li>\r\n<li>Presi\u00f3n m\u00e1xima de trabajo de 150 PSIG (1000 kPa\/10 barg); Presi\u00f3n de prueba de 300 PSIG (2100 kPa\/21 barg)<\/li>\r\n<li>Dise\u00f1ado para aplicaciones de agua potable.<\/li>\r\n<\/ul>\r\n\r\n\r\n\r\n<h2 class=\"wp-block-heading\" id=\"h-material-of-30-inch-gate-valve-36-inch-gate-valve\">Material de la v\u00e1lvula de compuerta de 30 pulgadas y de la v\u00e1lvula de compuerta de 36 pulgadas<\/h2>\r\n\r\n\r\n\r\n<figure class=\"wp-block-table\">\r\n<table>\r\n<tbody>\r\n<tr>\r\n<td>No<\/td>\r\n<td>Pieza<\/td>\r\n<td>Material<\/td>\r\n<\/tr>\r\n<tr>\r\n<td>1<\/td>\r\n<td>Cuerpo<\/td>\r\n<td>ASTM A216 WCB<\/td>\r\n<\/tr>\r\n<tr>\r\n<td>2<\/td>\r\n<td>Anillo de asiento<\/td>\r\n<td>ASTM A105 + STL<\/td>\r\n<\/tr>\r\n<tr>\r\n<td>3<\/td>\r\n<td>Cu\u00f1a<\/td>\r\n<td>ASTM A216 WCB + STL<\/td>\r\n<\/tr>\r\n<tr>\r\n<td>4<\/td>\r\n<td>V\u00e1stago<\/td>\r\n<td>ASTM A276 410<\/td>\r\n<\/tr>\r\n<tr>\r\n<td>5<\/td>\r\n<td>Junta del cap\u00f3<\/td>\r\n<td>Grafito + SS304<\/td>\r\n<\/tr>\r\n<tr>\r\n<td>6<\/td>\r\n<td>Perno del cap\u00f3<\/td>\r\n<td>ASTM A193 B7<\/td>\r\n<\/tr>\r\n<tr>\r\n<td>7<\/td>\r\n<td>Tuerca de sombrerete<\/td>\r\n<td>ASTM A194 2H<\/td>\r\n<\/tr>\r\n<tr>\r\n<td>8<\/td>\r\n<td>Cap\u00f3<\/td>\r\n<td>ASTM A216 WCB<\/td>\r\n<\/tr>\r\n<tr>\r\n<td>9<\/td>\r\n<td>Asiento trasero<\/td>\r\n<td>ASTM A182 F6a<\/td>\r\n<\/tr>\r\n<tr>\r\n<td>10<\/td>\r\n<td>Empaquetadura de v\u00e1stago<\/td>\r\n<td>Grafito reforzado<\/td>\r\n<\/tr>\r\n<tr>\r\n<td>11<\/td>\r\n<td>Actuador de engranaje<\/td>\r\n<td>KTH330-08<\/td>\r\n<\/tr>\r\n<\/tbody>\r\n<\/table>\r\n<\/figure>\r\n<p>ZECO Valve tambi\u00e9n fabrica v\u00e1lvulas de compuerta peque\u00f1as, como v\u00e1lvulas de compuerta de 2 pulgadas y v\u00e1lvulas de compuerta de 1 pulgada. Si necesita el precio de una v\u00e1lvula de compuerta de 1 pulgada, tambi\u00e9n puede contactarnos.<\/p>","protected":false},"excerpt":{"rendered":"<p>Nos hemos comprometido a ofrecer una tarifa competitiva, productos excepcionales de buena calidad y entrega r\u00e1pida de v\u00e1lvulas de compuerta de 36 pulgadas... <a title=\"V\u00e1lvula de compuerta grande\" class=\"read-more\" href=\"https:\/\/zecovalve.com\/es\/producto\/56-inch-gate-valve\" aria-label=\"M\u00e1s en V\u00e1lvula de compuerta grande\">Leer m\u00e1s<\/a><\/p>","protected":false},"featured_media":27889,"comment_status":"closed","ping_status":"closed","template":"","meta":{"_generate-full-width-content":"","kt_blocks_editor_width":""},"product_cat":[2052,2458,2454],"product_tag":[],"class_list":["post-16397","product","type-product","status-publish","has-post-thumbnail","hentry","product_cat-gate-valve","product_cat-gate-valve-by-inch","product_cat-gate-valve-by-material","sales-flash-overlay","woocommerce-text-align-center","woocommerce-image-align-center","do-quantity-buttons"],"featured_image_src_large":["https:\/\/zecovalve.com\/wp-content\/uploads\/2022\/06\/Large-Gate-Valve.jpg",800,600,false],"author_info":[],"comment_info":0,"taxonomy_info":{"product_cat":[{"value":2052,"label":"Gate Valve"},{"value":2458,"label":"Gate Valve By Inch"},{"value":2454,"label":"Gate Valve By Material"}]},"yoast_head":"<!-- This site is optimized with the Yoast SEO Premium plugin v15.4 - https:\/\/yoast.com\/wordpress\/plugins\/seo\/ -->\n<title>Large Gate Valve - 30 Inch Gate Valve &amp; 36 Inch Gate Valve | ZECO Valve<\/title>\n<meta name=\"robots\" content=\"index, follow, max-snippet:-1, max-image-preview:large, max-video-preview:-1\" \/>\n<link rel=\"canonical\" href=\"https:\/\/zecovalve.com\/es\/producto\/56-inch-gate-valve\" \/>\n<meta property=\"og:locale\" content=\"es_ES\" \/>\n<meta property=\"og:type\" content=\"article\" \/>\n<meta property=\"og:title\" content=\"Large Gate Valve - 30 Inch Gate Valve &amp; 36 Inch Gate Valve | ZECO Valve\" \/>\n<meta property=\"og:description\" content=\"We&#8217;ve been committed to offering a competitive rate, outstanding merchandise of good quality, too as fast delivery for 36 Inch Gate Valve ... Leer m\u00e1s\" \/>\n<meta property=\"og:url\" content=\"https:\/\/zecovalve.com\/es\/producto\/56-inch-gate-valve\" \/>\n<meta property=\"og:site_name\" content=\"ZECO Valve\" \/>\n<meta property=\"article:modified_time\" content=\"2023-06-15T12:53:16+00:00\" \/>\n<meta property=\"og:image\" content=\"https:\/\/zecovalve.com\/wp-content\/uploads\/2022\/06\/Large-Gate-Valve.jpg\" \/>\n\t<meta property=\"og:image:width\" content=\"800\" \/>\n\t<meta property=\"og:image:height\" content=\"600\" \/>\n<meta name=\"twitter:card\" content=\"summary_large_image\" \/>\n<meta name=\"twitter:label1\" content=\"Escrito por\">\n\t<meta name=\"twitter:data1\" content=\"Jerry\">\n\t<meta name=\"twitter:label2\" content=\"Tiempo de lectura\">\n\t<meta name=\"twitter:data2\" content=\"2 minutos\">\n<script type=\"application\/ld+json\" class=\"yoast-schema-graph\">{\"@context\":\"https:\/\/schema.org\",\"@graph\":[{\"@type\":\"WebSite\",\"@id\":\"https:\/\/zecovalve.com\/#website\",\"url\":\"https:\/\/zecovalve.com\/\",\"name\":\"ZECO Valve\",\"description\":\"Industrial Ball Valve, Gate Valve and Globe Valve Manufacturer\",\"potentialAction\":[{\"@type\":\"SearchAction\",\"target\":\"https:\/\/zecovalve.com\/?s={search_term_string}\",\"query-input\":\"required name=search_term_string\"}],\"inLanguage\":\"es\"},{\"@type\":\"ImageObject\",\"@id\":\"https:\/\/zecovalve.com\/product\/56-inch-gate-valve#primaryimage\",\"inLanguage\":\"es\",\"url\":\"https:\/\/zecovalve.com\/wp-content\/uploads\/2022\/06\/Large-Gate-Valve.jpg\",\"width\":800,\"height\":600,\"caption\":\"Large Gate Valve\"},{\"@type\":\"WebPage\",\"@id\":\"https:\/\/zecovalve.com\/product\/56-inch-gate-valve#webpage\",\"url\":\"https:\/\/zecovalve.com\/product\/56-inch-gate-valve\",\"name\":\"Large Gate Valve - 30 Inch Gate Valve & 36 Inch Gate Valve | ZECO Valve\",\"isPartOf\":{\"@id\":\"https:\/\/zecovalve.com\/#website\"},\"primaryImageOfPage\":{\"@id\":\"https:\/\/zecovalve.com\/product\/56-inch-gate-valve#primaryimage\"},\"datePublished\":\"2022-06-21T04:44:32+00:00\",\"dateModified\":\"2023-06-15T12:53:16+00:00\",\"breadcrumb\":{\"@id\":\"https:\/\/zecovalve.com\/product\/56-inch-gate-valve#breadcrumb\"},\"inLanguage\":\"es\",\"potentialAction\":[{\"@type\":\"ReadAction\",\"target\":[\"https:\/\/zecovalve.com\/product\/56-inch-gate-valve\"]}]},{\"@type\":\"BreadcrumbList\",\"@id\":\"https:\/\/zecovalve.com\/product\/56-inch-gate-valve#breadcrumb\",\"itemListElement\":[{\"@type\":\"ListItem\",\"position\":1,\"item\":{\"@type\":\"WebPage\",\"@id\":\"https:\/\/zecovalve.com\/\",\"url\":\"https:\/\/zecovalve.com\/\",\"name\":\"Home\"}},{\"@type\":\"ListItem\",\"position\":2,\"item\":{\"@type\":\"WebPage\",\"@id\":\"https:\/\/zecovalve.com\/product-category\",\"url\":\"https:\/\/zecovalve.com\/product-category\",\"name\":\"Industrial Valve Manufacturer | Water Valve Manufacturer\"}},{\"@type\":\"ListItem\",\"position\":3,\"item\":{\"@type\":\"WebPage\",\"@id\":\"https:\/\/zecovalve.com\/product\/56-inch-gate-valve\",\"url\":\"https:\/\/zecovalve.com\/product\/56-inch-gate-valve\",\"name\":\"Large Gate Valve\"}}]}]}<\/script>\n<!-- \/ Yoast SEO Premium plugin. -->","_links":{"self":[{"href":"https:\/\/zecovalve.com\/es\/wp-json\/wp\/v2\/product\/16397","targetHints":{"allow":["GET"]}}],"collection":[{"href":"https:\/\/zecovalve.com\/es\/wp-json\/wp\/v2\/product"}],"about":[{"href":"https:\/\/zecovalve.com\/es\/wp-json\/wp\/v2\/types\/product"}],"replies":[{"embeddable":true,"href":"https:\/\/zecovalve.com\/es\/wp-json\/wp\/v2\/comments?post=16397"}],"wp:featuredmedia":[{"embeddable":true,"href":"https:\/\/zecovalve.com\/es\/wp-json\/wp\/v2\/media\/27889"}],"wp:attachment":[{"href":"https:\/\/zecovalve.com\/es\/wp-json\/wp\/v2\/media?parent=16397"}],"wp:term":[{"taxonomy":"product_cat","embeddable":true,"href":"https:\/\/zecovalve.com\/es\/wp-json\/wp\/v2\/product_cat?post=16397"},{"taxonomy":"product_tag","embeddable":true,"href":"https:\/\/zecovalve.com\/es\/wp-json\/wp\/v2\/product_tag?post=16397"}],"curies":[{"name":"wp","href":"https:\/\/api.w.org\/{rel}","templated":true}]}}