{"id":16415,"date":"2022-06-21T04:57:53","date_gmt":"2022-06-21T04:57:53","guid":{"rendered":"https:\/\/zecovalve.com\/?post_type=product&#038;p=16415"},"modified":"2022-06-28T03:25:31","modified_gmt":"2022-06-28T03:25:31","slug":"manual-butterfly-valve","status":"publish","type":"product","link":"https:\/\/zecovalve.com\/es\/producto\/manual-butterfly-valve","title":{"rendered":"V\u00e1lvula de mariposa manual"},"content":{"rendered":"<h1 class=\"sep-title\">V\u00e1lvula de mariposa manual<\/h1>\n<div class=\"sep-box-detail clearfix\">\n<div class=\"box-lf\">\n<div class=\"thumb\">\n<figure id=\"attachment_16416\" aria-describedby=\"caption-attachment-16416\" style=\"width: 290px\" class=\"wp-caption alignnone\"><img loading=\"lazy\" decoding=\"async\" class=\"size-medium wp-image-16416\" src=\"https:\/\/zecovalve.com\/wp-content\/uploads\/2022\/06\/manual-butterfly-valve-300x225.jpg\" alt=\"V\u00e1lvula de mariposa manual\" width=\"300\" height=\"225\" srcset=\"https:\/\/zecovalve.com\/wp-content\/uploads\/2022\/06\/manual-butterfly-valve-300x225.jpg 300w, https:\/\/zecovalve.com\/wp-content\/uploads\/2022\/06\/manual-butterfly-valve-768x576.jpg 768w, https:\/\/zecovalve.com\/wp-content\/uploads\/2022\/06\/manual-butterfly-valve-600x450.jpg 600w, https:\/\/zecovalve.com\/wp-content\/uploads\/2022\/06\/manual-butterfly-valve.jpg 800w\" sizes=\"auto, (max-width: 300px) 100vw, 300px\" \/><figcaption id=\"caption-attachment-16416\" class=\"wp-caption-text\">V\u00e1lvula de mariposa manual<\/figcaption><\/figure>\n<\/div>\n<div class=\"info\"><a href=\"https:\/\/zecovalve.com\/es\/products\/manual-butterfly-valve.html\/#form\"><i class=\"fa fa-commenting-o\" aria-hidden=\"true\"><\/i>\u00a0OBTENER PRECIO DE V\u00c1LVULA<\/a><\/div>\n<\/div>\n<div class=\"box-rt\">\n<div class=\"gg\">\n<div class=\"swiper-container swiper-container-initialized swiper-container-vertical\">\n<div class=\"swiper-wrapper\"><\/div>\n<\/div>\n<\/div>\n<\/div>\n<\/div>\n<div class=\"richtext\">\n<h2>Descripci\u00f3n de la v\u00e1lvula de mariposa manual:<\/h2>\n<p>La v\u00e1lvula de mariposa ZECO lleva el nombre de la operaci\u00f3n manual y se nombra seg\u00fan la operaci\u00f3n manual; La v\u00e1lvula de mariposa operada manualmente puede manejarse mediante manija o mediante engranaje. La v\u00e1lvula de mariposa operada por manija se usa generalmente para v\u00e1lvulas de mariposa de di\u00e1metro peque\u00f1o. Debido al bajo par de apertura, los operadores pueden utilizar la manija. En cuanto a la v\u00e1lvula de mariposa de gran tama\u00f1o, es dif\u00edcil para el operador abrirla incluso si tiene un par de apertura grande. Por lo tanto, se adopta el funcionamiento con engranajes. El funcionamiento con engranajes reduce la fuerza de apertura a un nivel muy bajo mediante engranajes de varias etapas.<\/p>\n<p>&nbsp;<\/p>\n<h2>Caracter\u00edsticas de la v\u00e1lvula de mariposa manual:<\/h2>\n<p>1. La v\u00e1lvula de mariposa manual ZECO en el proceso de dise\u00f1o, especialmente considerada en la v\u00e1lvula de mariposa que ajusta la aplicaci\u00f3n de este problema, hace pleno uso del principio de sellado de la v\u00e1lvula de mariposa triple exc\u00e9ntrica, abri\u00f3 el \u00e1ngulo del proceso de dise\u00f1o sin el \u00e1rea faltante. eliminando as\u00ed los problemas no se puede ajustar la aplicaci\u00f3n de ajuste regional, m\u00e1s descartado el caso de apertura baja, no se puede ajustar el fen\u00f3meno normal debido a la fricci\u00f3n;<\/p>\n<p>2. El dise\u00f1o de la v\u00e1lvula de mariposa manual ZECO requiere rangos m\u00e1s amplios de temperatura y presi\u00f3n, que las v\u00e1lvulas de mariposa con asiento el\u00e1stico convencionales no pueden cumplir, esto ha llevado al desarrollo de v\u00e1lvulas de mariposa de alto rendimiento o v\u00e1lvulas de mariposa de triple desplazamiento;<\/p>\n<p>3. El eje de la v\u00e1lvula de mariposa manual ZECO est\u00e1 completamente guiado por el cojinete del eje y el seguidor del prensaestopas para evitar cualquier carga lateral debido al empuje de la presi\u00f3n de la l\u00ednea;<\/p>\n<p>4. El anillo de sellado de la v\u00e1lvula de mariposa manual ZECO est\u00e1 dise\u00f1ado para ser reemplazado; en el proceso de uso a largo plazo, las superficies de sellado del asiento y la clapeta inevitablemente da\u00f1an y afectan la superficie de sellado, y la necesidad de mantener estos problemas, el enfoque habitual es quitar la v\u00e1lvula para reemplazar toda la v\u00e1lvula, operaciones que cuestan mucho dinero para comprar un reemplazo de mantenimiento con la v\u00e1lvula y esperar un largo proceso de entrega de la v\u00e1lvula. El dise\u00f1o reemplazable del asiento de v\u00e1lvula y del anillo de sellado de ZECO puede ser directamente reparado en sitio cuando la v\u00e1lvula necesita mantenimiento, ahorrando tiempo y dinero.<\/p>\n<p>&nbsp;<\/p>\n<h2>Material de la v\u00e1lvula de mariposa manual:<\/h2>\n<table>\n<tbody>\n<tr class=\"firstRow\">\n<td valign=\"center\">No<\/td>\n<td valign=\"center\">Pieza<\/td>\n<td valign=\"center\">Material<\/td>\n<\/tr>\n<tr>\n<td valign=\"center\">1<\/td>\n<td valign=\"center\">Cuerpo<\/td>\n<td valign=\"center\">ASTM A351 CF8M<\/td>\n<\/tr>\n<tr>\n<td valign=\"center\">2<\/td>\n<td valign=\"center\">Anillo de sello<\/td>\n<td valign=\"center\">Grafito + SS316<\/td>\n<\/tr>\n<tr>\n<td valign=\"center\">3<\/td>\n<td valign=\"center\">Brida de retenci\u00f3n<\/td>\n<td valign=\"center\">ASTM A182 F316<\/td>\n<\/tr>\n<tr>\n<td valign=\"center\">4<\/td>\n<td valign=\"center\">Pin<\/td>\n<td valign=\"center\">ASTM A276 316<\/td>\n<\/tr>\n<tr>\n<td valign=\"center\">5<\/td>\n<td valign=\"center\">Disco<\/td>\n<td valign=\"center\">ASTM A351 CF8M<\/td>\n<\/tr>\n<tr>\n<td valign=\"center\">6<\/td>\n<td valign=\"center\">V\u00e1stago<\/td>\n<td valign=\"center\">ASTM A276 316<\/td>\n<\/tr>\n<tr>\n<td valign=\"center\">7<\/td>\n<td valign=\"center\">Empaquetadura de v\u00e1stago<\/td>\n<td valign=\"center\">Grafito<\/td>\n<\/tr>\n<tr>\n<td valign=\"center\">8<\/td>\n<td valign=\"center\">Golpe de tallo<\/td>\n<td valign=\"center\">SS316 + PTFE<\/td>\n<\/tr>\n<tr>\n<td valign=\"center\">9<\/td>\n<td valign=\"center\">Perno<\/td>\n<td valign=\"center\">ASTM A193 B8<\/td>\n<\/tr>\n<tr>\n<td valign=\"center\">10<\/td>\n<td valign=\"center\">Tuerca<\/td>\n<td valign=\"center\">ASTM A194 8<\/td>\n<\/tr>\n<tr>\n<td valign=\"center\">11<\/td>\n<td valign=\"center\">Yugo<\/td>\n<td valign=\"center\">ASTM A216 WCB<\/td>\n<\/tr>\n<\/tbody>\n<\/table>\n<\/div>","protected":false},"excerpt":{"rendered":"<p>V\u00e1lvula de mariposa manual OBTENER PRECIO DE LA V\u00c1LVULA Descripci\u00f3n de la v\u00e1lvula de mariposa manual: La v\u00e1lvula de mariposa ZECO lleva el nombre de la operaci\u00f3n manual y\u2026 <a title=\"V\u00e1lvula de mariposa manual\" class=\"read-more\" href=\"https:\/\/zecovalve.com\/es\/producto\/manual-butterfly-valve\" aria-label=\"M\u00e1s en V\u00e1lvula Mariposa Manual\">Leer m\u00e1s<\/a><\/p>","protected":false},"featured_media":16416,"comment_status":"closed","ping_status":"closed","template":"","meta":{"_generate-full-width-content":"","kt_blocks_editor_width":""},"product_cat":[2044,2468,2604],"product_tag":[],"class_list":["post-16415","product","type-product","status-publish","has-post-thumbnail","hentry","product_cat-butterfly-valve","product_cat-butterfly-valve-by-drive-mode","product_cat-triple-offset-butterfly-valve","sales-flash-overlay","woocommerce-text-align-center","woocommerce-image-align-center","do-quantity-buttons"],"featured_image_src_large":["https:\/\/zecovalve.com\/wp-content\/uploads\/2022\/06\/manual-butterfly-valve.jpg",800,600,false],"author_info":[],"comment_info":0,"taxonomy_info":{"product_cat":[{"value":2044,"label":"Butterfly Valve"},{"value":2468,"label":"Butterfly Valve By Drive Mode"},{"value":2604,"label":"Triple Offset Butterfly Valve"}]},"yoast_head":"<!-- This site is optimized with the Yoast SEO Premium plugin v15.4 - https:\/\/yoast.com\/wordpress\/plugins\/seo\/ -->\n<title>Manual Butterfly Valve - ZECO Valve<\/title>\n<meta name=\"robots\" content=\"index, follow, max-snippet:-1, max-image-preview:large, max-video-preview:-1\" \/>\n<link rel=\"canonical\" href=\"https:\/\/zecovalve.com\/es\/producto\/manual-butterfly-valve\" \/>\n<meta property=\"og:locale\" content=\"es_ES\" \/>\n<meta property=\"og:type\" content=\"article\" \/>\n<meta property=\"og:title\" content=\"Manual Butterfly Valve - ZECO Valve\" \/>\n<meta property=\"og:description\" content=\"Manual Butterfly Valve \u00a0GET VALVE PRICE Description of Manual Butterfly Valve: The ZECO butterfly valve is named after the manual operation and ... Leer m\u00e1s\" \/>\n<meta property=\"og:url\" content=\"https:\/\/zecovalve.com\/es\/producto\/manual-butterfly-valve\" \/>\n<meta property=\"og:site_name\" content=\"ZECO Valve\" \/>\n<meta property=\"article:modified_time\" content=\"2022-06-28T03:25:31+00:00\" \/>\n<meta property=\"og:image\" content=\"https:\/\/zecovalve.com\/wp-content\/uploads\/2022\/06\/manual-butterfly-valve.jpg\" \/>\n\t<meta property=\"og:image:width\" content=\"800\" \/>\n\t<meta property=\"og:image:height\" content=\"600\" \/>\n<meta name=\"twitter:card\" content=\"summary_large_image\" \/>\n<meta name=\"twitter:label1\" content=\"Escrito por\">\n\t<meta name=\"twitter:data1\" content=\"Jerry\">\n\t<meta name=\"twitter:label2\" content=\"Tiempo de lectura\">\n\t<meta name=\"twitter:data2\" content=\"2 minutos\">\n<script type=\"application\/ld+json\" class=\"yoast-schema-graph\">{\"@context\":\"https:\/\/schema.org\",\"@graph\":[{\"@type\":\"WebSite\",\"@id\":\"https:\/\/zecovalve.com\/#website\",\"url\":\"https:\/\/zecovalve.com\/\",\"name\":\"ZECO Valve\",\"description\":\"Industrial Ball Valve, Gate Valve and Globe Valve Manufacturer\",\"potentialAction\":[{\"@type\":\"SearchAction\",\"target\":\"https:\/\/zecovalve.com\/?s={search_term_string}\",\"query-input\":\"required name=search_term_string\"}],\"inLanguage\":\"es\"},{\"@type\":\"ImageObject\",\"@id\":\"https:\/\/zecovalve.com\/product\/manual-butterfly-valve#primaryimage\",\"inLanguage\":\"es\",\"url\":\"https:\/\/zecovalve.com\/wp-content\/uploads\/2022\/06\/manual-butterfly-valve.jpg\",\"width\":800,\"height\":600,\"caption\":\"Manual Butterfly Valve\"},{\"@type\":\"WebPage\",\"@id\":\"https:\/\/zecovalve.com\/product\/manual-butterfly-valve#webpage\",\"url\":\"https:\/\/zecovalve.com\/product\/manual-butterfly-valve\",\"name\":\"Manual Butterfly Valve - ZECO Valve\",\"isPartOf\":{\"@id\":\"https:\/\/zecovalve.com\/#website\"},\"primaryImageOfPage\":{\"@id\":\"https:\/\/zecovalve.com\/product\/manual-butterfly-valve#primaryimage\"},\"datePublished\":\"2022-06-21T04:57:53+00:00\",\"dateModified\":\"2022-06-28T03:25:31+00:00\",\"breadcrumb\":{\"@id\":\"https:\/\/zecovalve.com\/product\/manual-butterfly-valve#breadcrumb\"},\"inLanguage\":\"es\",\"potentialAction\":[{\"@type\":\"ReadAction\",\"target\":[\"https:\/\/zecovalve.com\/product\/manual-butterfly-valve\"]}]},{\"@type\":\"BreadcrumbList\",\"@id\":\"https:\/\/zecovalve.com\/product\/manual-butterfly-valve#breadcrumb\",\"itemListElement\":[{\"@type\":\"ListItem\",\"position\":1,\"item\":{\"@type\":\"WebPage\",\"@id\":\"https:\/\/zecovalve.com\/\",\"url\":\"https:\/\/zecovalve.com\/\",\"name\":\"Home\"}},{\"@type\":\"ListItem\",\"position\":2,\"item\":{\"@type\":\"WebPage\",\"@id\":\"https:\/\/zecovalve.com\/product-category\",\"url\":\"https:\/\/zecovalve.com\/product-category\",\"name\":\"Industrial Valve Manufacturer | Water Valve Manufacturer\"}},{\"@type\":\"ListItem\",\"position\":3,\"item\":{\"@type\":\"WebPage\",\"@id\":\"https:\/\/zecovalve.com\/product\/manual-butterfly-valve\",\"url\":\"https:\/\/zecovalve.com\/product\/manual-butterfly-valve\",\"name\":\"Manual Butterfly Valve\"}}]}]}<\/script>\n<!-- \/ Yoast SEO Premium plugin. -->","_links":{"self":[{"href":"https:\/\/zecovalve.com\/es\/wp-json\/wp\/v2\/product\/16415","targetHints":{"allow":["GET"]}}],"collection":[{"href":"https:\/\/zecovalve.com\/es\/wp-json\/wp\/v2\/product"}],"about":[{"href":"https:\/\/zecovalve.com\/es\/wp-json\/wp\/v2\/types\/product"}],"replies":[{"embeddable":true,"href":"https:\/\/zecovalve.com\/es\/wp-json\/wp\/v2\/comments?post=16415"}],"wp:featuredmedia":[{"embeddable":true,"href":"https:\/\/zecovalve.com\/es\/wp-json\/wp\/v2\/media\/16416"}],"wp:attachment":[{"href":"https:\/\/zecovalve.com\/es\/wp-json\/wp\/v2\/media?parent=16415"}],"wp:term":[{"taxonomy":"product_cat","embeddable":true,"href":"https:\/\/zecovalve.com\/es\/wp-json\/wp\/v2\/product_cat?post=16415"},{"taxonomy":"product_tag","embeddable":true,"href":"https:\/\/zecovalve.com\/es\/wp-json\/wp\/v2\/product_tag?post=16415"}],"curies":[{"name":"wp","href":"https:\/\/api.w.org\/{rel}","templated":true}]}}