{"id":16417,"date":"2022-06-21T05:02:27","date_gmt":"2022-06-21T05:02:27","guid":{"rendered":"https:\/\/zecovalve.com\/?post_type=product&#038;p=16417"},"modified":"2023-06-17T00:58:13","modified_gmt":"2023-06-17T00:58:13","slug":"stainless-steel-swing-check-valve","status":"publish","type":"product","link":"https:\/\/zecovalve.com\/es\/producto\/stainless-steel-swing-check-valve","title":{"rendered":"V\u00e1lvula antirretorno oscilante de acero inoxidable"},"content":{"rendered":"<p>Las v\u00e1lvulas de retenci\u00f3n son dispositivos de prevenci\u00f3n de reflujo dise\u00f1ados para evitar que el fluido (l\u00edquido o gas) regrese a los sistemas de proceso vitales. La v\u00e1lvula de retenci\u00f3n oscilante tiene un cuerpo y adornos de acero inoxidable junto con una conexi\u00f3n bridada. La clasificaci\u00f3n de presi\u00f3n puede ser de 150 lb a 2500 lb<\/p>\r\n\r\n\r\n\r\n<figure class=\"wp-block-image alignnone size-medium wp-image-16418\">\r\n<p><img loading=\"lazy\" decoding=\"async\" class=\"wp-image-27924 size-medium\" src=\"https:\/\/zecovalve.com\/wp-content\/uploads\/2022\/06\/Stainless-Steel-Swing-Check-Valve-1-300x225.jpg\" alt=\"V\u00e1lvula antirretorno oscilante de acero inoxidable\" width=\"300\" height=\"225\" srcset=\"https:\/\/zecovalve.com\/wp-content\/uploads\/2022\/06\/Stainless-Steel-Swing-Check-Valve-1-300x225.jpg 300w, https:\/\/zecovalve.com\/wp-content\/uploads\/2022\/06\/Stainless-Steel-Swing-Check-Valve-1-768x576.jpg 768w, https:\/\/zecovalve.com\/wp-content\/uploads\/2022\/06\/Stainless-Steel-Swing-Check-Valve-1-600x450.jpg 600w, https:\/\/zecovalve.com\/wp-content\/uploads\/2022\/06\/Stainless-Steel-Swing-Check-Valve-1.jpg 800w\" sizes=\"auto, (max-width: 300px) 100vw, 300px\" \/><\/p>\r\n<\/figure>\r\n\r\n\r\n\r\n\r\n<div class=\"gb-button-wrapper gb-button-wrapper-6d8495a3\">\r\n\r\n\r\n<p><a class=\"gb-button gb-button-3d442e11 gb-button-text\" href=\"mailto:commercial@zecovalve.com\" target=\"_blank\" rel=\"noopener noreferrer\"><strong>OBT\u00c9N PRECIO DE V\u00c1LVULA DE RETENCI\u00d3N OSCILANTE DE ACERO INOXIDABLE<\/strong><\/a><\/p>\r\n<\/div>\r\n\r\n\r\n<h2 class=\"wp-block-heading\" id=\"h-what-is-a-stainless-steel-swing-check-valve\">\u00bfQu\u00e9 es una v\u00e1lvula de retenci\u00f3n oscilante de acero inoxidable?<\/h2>\r\n\r\n\r\n\r\n<p>Las v\u00e1lvulas de retenci\u00f3n oscilantes de acero inoxidable est\u00e1n dise\u00f1adas y fabricadas estrictamente seg\u00fan las normas internacionales API 6D, BS1868, ASME B16.34 o equivalentes, para reducir la resistencia al flujo y la ca\u00edda de presi\u00f3n al m\u00ednimo posible, lo que es adecuado para montarse \u00fanicamente en posici\u00f3n horizontal. El anillo de asiento traslapado y atornillado garantiza un cierre herm\u00e9tico y un servicio de larga duraci\u00f3n. El disco de la v\u00e1lvula est\u00e1 perfectamente dise\u00f1ado, mecanizado con precisi\u00f3n y guiado para un cierre autom\u00e1tico eficiente a presi\u00f3n cero, con una caracter\u00edstica de estructura compacta y servicio de bajas emisiones. Tanto en construcciones de giro como de pist\u00f3n.<\/p>\r\n\r\n\r\n\r\n<p>ZECO es un fabricante profesional de v\u00e1lvulas de retenci\u00f3n oscilantes, los materiales de acero inoxidable se pueden seleccionar como ASTM A351 CF8, ASTM A351 CF8M, ASTM A351 CF3, ASTM A351 CF3M, UNS S32205 o materiales de acero s\u00faper inoxidable, etc. ZECO es muy estricto en cuanto a las pruebas de materias primas. Todos los materiales de acero inoxidable deben someterse a pruebas espectrales y an\u00e1lisis f\u00edsicos cuando llegan a la f\u00e1brica, y solo cuando cumplan con los requisitos de las normas internacionales se les podr\u00e1 permitir ingresar a la f\u00e1brica e iniciar el proceso de procesamiento formal. La v\u00e1lvula de retenci\u00f3n oscilante de acero inoxidable de ZECO abre el disco completamente en la l\u00ednea para evitar el flujo del medio del disco y aumentar la resistencia al flujo. La v\u00e1lvula de retenci\u00f3n oscilante es el requisito de proceso m\u00e1s importante en la superficie de sellado del disco y la superficie de sellado del cuerpo de la v\u00e1lvula porque no existe una fuerza externa para ayudar a sellar, por lo que solo la superficie de sellado del disco y del asiento de la v\u00e1lvula pueden coincidir estrechamente para lograr el estado de sellado completo. al mismo tiempo, seg\u00fan los requisitos de las condiciones de trabajo, se puede cambiar el material de la superficie de sellado del disco para lograr el efecto deseado.<\/p>\r\n\r\n\r\n\r\n<h2 class=\"wp-block-heading\" id=\"h-features-of-stainless-steel-swing-check-valve\">Caracter\u00edsticas de la v\u00e1lvula de retenci\u00f3n oscilante de acero inoxidable:<\/h2>\r\n\r\n\r\n\r\n<ul class=\"wp-block-list\">\r\n<li>El material de la v\u00e1lvula de retenci\u00f3n oscilante de acero inoxidable ZECO ha sido estrictamente probado para cumplir con los est\u00e1ndares internacionales;<\/li>\r\n<li>La bisagra y el pasador de bisagra de la v\u00e1lvula de retenci\u00f3n oscilante de acero inoxidable ZECO se proporcionan y montan de manera que permitan el movimiento completo del disco. Y ZECO se asegura de que el disco est\u00e9 completamente abierto en la carrocer\u00eda;<\/li>\r\n<li>El asiento de la v\u00e1lvula de retenci\u00f3n oscilante de acero inoxidable ZECO es renovable;<\/li>\r\n<li>Tipo de disco oscilante est\u00e1ndar, usado en posici\u00f3n horizontal para aplicaciones de servicio l\u00edquido o usado en posici\u00f3n vertical donde el l\u00edquido fluye de abajo hacia arriba.<\/li>\r\n<li>Dise\u00f1o y fabricaci\u00f3n seg\u00fan API 6D, BS1868 o ASME B16.34;<\/li>\r\n<li>Dimensiones cara a cara seg\u00fan ASME B16.10;<\/li>\r\n<li>Estructurado en Tapa Atornillada;<\/li>\r\n<li>Sistema de derivaci\u00f3n opcional y conjunto de contrapeso;<\/li>\r\n<li>Cierre r\u00e1pido y acciones flexibles del disco de la v\u00e1lvula;<\/li>\r\n<li>Peque\u00f1o impacto de cierre, no es probable que se genere golpe de ariete;<\/li>\r\n<li>Disco tipo oscilaci\u00f3n;<\/li>\r\n<li>Puede dise\u00f1arse con un cilindro amortiguador.<\/li>\r\n<\/ul>\r\n\r\n\r\n\r\n<h2 class=\"wp-block-heading\" id=\"h-product-range-of-stainless-steel-swing-check-valves\">Gama de productos de v\u00e1lvulas de retenci\u00f3n oscilantes de acero inoxidable<\/h2>\r\n\r\n\r\n\r\n<ul class=\"wp-block-list\">\r\n<li><span style=\"background-color: var(--base-3); color: var(--contrast);\">Di\u00e1metro nominal: 1\/2 \u2033 ~ 60 \u2033<\/span><\/li>\r\n<li>Rango de presi\u00f3n: Clase 150 \u20131500<\/li>\r\n<li>Conexi\u00f3n final: RF, RTJ, BW<\/li>\r\n<li>Temperatura de trabajo: -46 \u2103 ~ + 560 \u2103<\/li>\r\n<\/ul>\r\n\r\n\r\n\r\n<h2 class=\"wp-block-heading\">\u00bfDebe instalarse la v\u00e1lvula de retenci\u00f3n oscilante vertical u horizontalmente?<\/h2>\r\n\r\n\r\n\r\n<p>Escuchamos a mucha gente preguntar: &quot;\u00bfSe pueden instalar v\u00e1lvulas de retenci\u00f3n giratorias verticalmente?&quot;<\/p>\r\n\r\n\r\n\r\n<p>La respuesta simple a esa pregunta es s\u00ed, las v\u00e1lvulas de retenci\u00f3n oscilantes se pueden instalar en ambas direcciones. Pero para ser muy claros, instalar una v\u00e1lvula de retenci\u00f3n oscilante en una tuber\u00eda horizontal en realidad puede parecer que la v\u00e1lvula est\u00e1 vertical. Cuando instala una v\u00e1lvula de retenci\u00f3n en una tuber\u00eda vertical, la v\u00e1lvula estar\u00e1 horizontal.<\/p>\r\n\r\n\r\n\r\n<p>Sin embargo, lo m\u00e1s com\u00fan es instalar una v\u00e1lvula de retenci\u00f3n oscilante en una tuber\u00eda horizontal. Cuando la gente pregunta si las v\u00e1lvulas de retenci\u00f3n oscilantes se pueden instalar verticalmente, normalmente se refieren a la tuber\u00eda.<\/p>\r\n\r\n\r\n\r\n<h2 class=\"wp-block-heading\">C\u00f3mo instalar v\u00e1lvulas de retenci\u00f3n oscilantes verticalmente<\/h2>\r\n\r\n\r\n\r\n<p>La instalaci\u00f3n de una v\u00e1lvula de retenci\u00f3n oscilante en una tuber\u00eda vertical no cambia el proceso de instalaci\u00f3n, pero debe asegurarse de que la flecha de flujo apunte hacia arriba. Esto permite que el flujo de agua a trav\u00e9s de la tuber\u00eda suba hacia arriba y evita que la gravedad la tire hacia atr\u00e1s y contamine el suministro de agua.<\/p>\r\n\r\n\r\n\r\n<p>Aunque existen diferentes tama\u00f1os y estilos de v\u00e1lvulas de retenci\u00f3n oscilantes, puede mirar este diagrama para ver c\u00f3mo funciona desde el interior.<\/p>\r\n\r\n\r\n\r\n<h3 class=\"wp-block-heading\">Pasos para instalar la v\u00e1lvula de retenci\u00f3n oscilante<\/h3>\r\n\r\n\r\n\r\n<p>El trabajo de conectar una v\u00e1lvula de retenci\u00f3n oscilante a una tuber\u00eda es extremadamente f\u00e1cil, pero descubrir\u00e1 que vale la pena ir despacio y comprobar las cosas con cuidado. Es mucho m\u00e1s f\u00e1cil detectar un problema durante la instalaci\u00f3n que desinstalar o reemplazar la v\u00e1lvula de retenci\u00f3n oscilante.<\/p>\r\n\r\n\r\n\r\n<p>Estos son los pasos para instalar una v\u00e1lvula de retenci\u00f3n oscilante:<\/p>\r\n\r\n\r\n\r\n<ol class=\"wp-block-list\">\r\n<li><strong>Tama\u00f1o de la v\u00e1lvula de retenci\u00f3n<\/strong> Antes de comprar su v\u00e1lvula de retenci\u00f3n oscilante, aseg\u00farese de conocer el tama\u00f1o y el estilo que necesita. Mida las tuber\u00edas a las que conectar\u00e1 la v\u00e1lvula y verifique el material. Existen v\u00e1lvulas roscadas, v\u00e1lvulas de casquillo y materiales como acero al carbono, acero inoxidable y PVC. Puedes ver a\u00fan m\u00e1s opciones aqu\u00ed.<\/li>\r\n<li><strong>Mire dentro de la v\u00e1lvula<\/strong> Echar un vistazo r\u00e1pido al interior de la v\u00e1lvula garantizar\u00e1 que nada quede atascado en el interior durante el env\u00edo. Si algo peque\u00f1o entrara en la v\u00e1lvula de retenci\u00f3n oscilante, podr\u00eda provocar que la trampilla se atasque e impedir que fluya toda el agua. Este es un paso r\u00e1pido y sencillo que podr\u00eda ahorrarle horas de tiempo y frustraci\u00f3n.<\/li>\r\n<li><strong>Revisa los bordes<\/strong> Ya sea que necesite una v\u00e1lvula de retenci\u00f3n oscilante con bridas o no, debe revisar los bordes de cerca. Busque bordes irregulares, rayones o cualquier otra cosa que pueda impedir que la v\u00e1lvula selle correctamente.<\/li>\r\n<li><strong>Confirmar la colocaci\u00f3n de la v\u00e1lvula<\/strong> Este es el \u00fanico paso que cambiar\u00e1 seg\u00fan la direcci\u00f3n de su tuber\u00eda. Busque en su v\u00e1lvula una flecha que indique la direcci\u00f3n del flujo. Si est\u00e1 instalando su v\u00e1lvula de retenci\u00f3n oscilante en una tuber\u00eda horizontal, col\u00f3quela en la direcci\u00f3n adecuada.<\/li>\r\n<\/ol>\r\n\r\n\r\n\r\n<p>Si est\u00e1 instalando su v\u00e1lvula de retenci\u00f3n oscilante en una tuber\u00eda vertical, aseg\u00farese de que la flecha de flujo apunte hacia arriba.<\/p>\r\n\r\n\r\n\r\n<ol class=\"wp-block-list\" start=\"5\">\r\n<li><strong>Conecte la v\u00e1lvula de retenci\u00f3n oscilante a la tuber\u00eda<\/strong> Finalmente, puede conectar su v\u00e1lvula de retenci\u00f3n oscilante a su tuber\u00eda. Dependiendo del tipo de v\u00e1lvula que est\u00e9s usando, necesitar\u00e1s atornillarla con las manos o simplemente juntar las piezas y asegurarte de que est\u00e9n seguras.<\/li>\r\n<li><strong>Pruebe la v\u00e1lvula<\/strong> Puede probar la funcionalidad de su v\u00e1lvula de retenci\u00f3n oscilante abriendo el agua y asegur\u00e1ndose de que fluya. Si usa una v\u00e1lvula de PVC transparente como esta, la prueba es f\u00e1cil porque puede ver c\u00f3mo est\u00e1 funcionando la v\u00e1lvula.<\/li>\r\n<\/ol>\r\n\r\n\r\n\r\n<p>Si durante la prueba descubre que el flujo de agua est\u00e1 bloqueado, debe volver a verificar la direcci\u00f3n de la v\u00e1lvula de retenci\u00f3n oscilante. Si nota una fuga o cualquier otro problema, puede solucionarlo siguiendo los consejos a continuaci\u00f3n.<\/p>\r\n\r\n\r\n\r\n<h2 class=\"wp-block-heading\" id=\"h-material-of-stainless-steel-swing-check-valves\">Material de las v\u00e1lvulas de retenci\u00f3n oscilantes de acero inoxidable<\/h2>\r\n\r\n\r\n\r\n<figure class=\"wp-block-table\">\r\n<table>\r\n<tbody>\r\n<tr>\r\n<td>No<\/td>\r\n<td>Pieza<\/td>\r\n<td>Material<\/td>\r\n<\/tr>\r\n<tr>\r\n<td>1<\/td>\r\n<td>Cuerpo<\/td>\r\n<td>ASTM A351 CF8<\/td>\r\n<\/tr>\r\n<tr>\r\n<td>2<\/td>\r\n<td>Asiento<\/td>\r\n<td>ASTM A182 F304<\/td>\r\n<\/tr>\r\n<tr>\r\n<td>3<\/td>\r\n<td>Disco<\/td>\r\n<td>ASTM A351 CF8<\/td>\r\n<\/tr>\r\n<tr>\r\n<td>4<\/td>\r\n<td>Brazo<\/td>\r\n<td>ASTM A351 CF8<\/td>\r\n<\/tr>\r\n<tr>\r\n<td>5<\/td>\r\n<td>Tuerca<\/td>\r\n<td>ASTM A194 8<\/td>\r\n<\/tr>\r\n<tr>\r\n<td>6<\/td>\r\n<td>Pin<\/td>\r\n<td>ASTM A182 F304<\/td>\r\n<\/tr>\r\n<tr>\r\n<td>7<\/td>\r\n<td>Conector<\/td>\r\n<td>ASTM A351 CF8<\/td>\r\n<\/tr>\r\n<tr>\r\n<td>8<\/td>\r\n<td>Junta<\/td>\r\n<td>Grafito + SS304<\/td>\r\n<\/tr>\r\n<tr>\r\n<td>9<\/td>\r\n<td>Cap\u00f3<\/td>\r\n<td>ASTM A351 CF8<\/td>\r\n<\/tr>\r\n<tr>\r\n<td>10<\/td>\r\n<td>Perno<\/td>\r\n<td>ASTM A193 B8<\/td>\r\n<\/tr>\r\n<\/tbody>\r\n<\/table>\r\n<\/figure>","protected":false},"excerpt":{"rendered":"<p>Las v\u00e1lvulas de retenci\u00f3n son dispositivos de prevenci\u00f3n de reflujo dise\u00f1ados para evitar que el fluido (l\u00edquido o gas) regrese a los sistemas de proceso vitales. El \u2026 <a title=\"V\u00e1lvula antirretorno oscilante de acero inoxidable\" class=\"read-more\" href=\"https:\/\/zecovalve.com\/es\/producto\/stainless-steel-swing-check-valve\" aria-label=\"M\u00e1s en V\u00e1lvula de retenci\u00f3n oscilante de acero inoxidable\">Leer m\u00e1s<\/a><\/p>","protected":false},"featured_media":27924,"comment_status":"closed","ping_status":"closed","template":"","meta":{"_generate-full-width-content":"","kt_blocks_editor_width":""},"product_cat":[2455,2067],"product_tag":[2657,2661,2660,2723],"class_list":["post-16417","product","type-product","status-publish","has-post-thumbnail","hentry","product_cat-check-valve","product_cat-swing-check-valve","product_tag-non-return-valve","product_tag-nrv-valve","product_tag-swing-check-valve","product_tag-what-is-a-valve","sales-flash-overlay","woocommerce-text-align-center","woocommerce-image-align-center","do-quantity-buttons"],"featured_image_src_large":["https:\/\/zecovalve.com\/wp-content\/uploads\/2022\/06\/Stainless-Steel-Swing-Check-Valve-1.jpg",800,600,false],"author_info":[],"comment_info":0,"taxonomy_info":{"product_cat":[{"value":2455,"label":"Check Valve"},{"value":2067,"label":"Swing Check Valve"}],"product_tag":[{"value":2657,"label":"Non Return Valve"},{"value":2661,"label":"NRV Valve"},{"value":2660,"label":"Swing Check Valve"},{"value":2723,"label":"What is a Valve"}]},"yoast_head":"<!-- This site is optimized with the Yoast SEO Premium plugin v15.4 - https:\/\/yoast.com\/wordpress\/plugins\/seo\/ -->\n<title>Stainless Steel Swing Check Valve - Check Valve Types | ZECO Valve<\/title>\n<meta name=\"robots\" content=\"index, follow, max-snippet:-1, max-image-preview:large, max-video-preview:-1\" \/>\n<link rel=\"canonical\" href=\"https:\/\/zecovalve.com\/es\/producto\/stainless-steel-swing-check-valve\" \/>\n<meta property=\"og:locale\" content=\"es_ES\" \/>\n<meta property=\"og:type\" content=\"article\" \/>\n<meta property=\"og:title\" content=\"Stainless Steel Swing Check Valve - Check Valve Types | ZECO Valve\" \/>\n<meta property=\"og:description\" content=\"Check valves are backflow prevention devices designed to prevent the fluid (liquid or gas) from flowing backward into vital process systems. The ... Leer m\u00e1s\" \/>\n<meta property=\"og:url\" content=\"https:\/\/zecovalve.com\/es\/producto\/stainless-steel-swing-check-valve\" \/>\n<meta property=\"og:site_name\" content=\"ZECO Valve\" \/>\n<meta property=\"article:modified_time\" content=\"2023-06-17T00:58:13+00:00\" \/>\n<meta property=\"og:image\" content=\"https:\/\/zecovalve.com\/wp-content\/uploads\/2022\/06\/Stainless-Steel-Swing-Check-Valve-1.jpg\" \/>\n\t<meta property=\"og:image:width\" content=\"800\" \/>\n\t<meta property=\"og:image:height\" content=\"600\" \/>\n<meta name=\"twitter:card\" content=\"summary_large_image\" \/>\n<meta name=\"twitter:label1\" content=\"Escrito por\">\n\t<meta name=\"twitter:data1\" content=\"Jerry\">\n\t<meta name=\"twitter:label2\" content=\"Tiempo de lectura\">\n\t<meta name=\"twitter:data2\" content=\"5 minutos\">\n<script type=\"application\/ld+json\" class=\"yoast-schema-graph\">{\"@context\":\"https:\/\/schema.org\",\"@graph\":[{\"@type\":\"WebSite\",\"@id\":\"https:\/\/zecovalve.com\/#website\",\"url\":\"https:\/\/zecovalve.com\/\",\"name\":\"ZECO Valve\",\"description\":\"Industrial Ball Valve, Gate Valve and Globe Valve Manufacturer\",\"potentialAction\":[{\"@type\":\"SearchAction\",\"target\":\"https:\/\/zecovalve.com\/?s={search_term_string}\",\"query-input\":\"required name=search_term_string\"}],\"inLanguage\":\"es\"},{\"@type\":\"ImageObject\",\"@id\":\"https:\/\/zecovalve.com\/product\/stainless-steel-swing-check-valve#primaryimage\",\"inLanguage\":\"es\",\"url\":\"https:\/\/zecovalve.com\/wp-content\/uploads\/2022\/06\/Stainless-Steel-Swing-Check-Valve-1.jpg\",\"width\":800,\"height\":600,\"caption\":\"Stainless Steel Swing Check Valve\"},{\"@type\":\"WebPage\",\"@id\":\"https:\/\/zecovalve.com\/product\/stainless-steel-swing-check-valve#webpage\",\"url\":\"https:\/\/zecovalve.com\/product\/stainless-steel-swing-check-valve\",\"name\":\"Stainless Steel Swing Check Valve - Check Valve Types | ZECO Valve\",\"isPartOf\":{\"@id\":\"https:\/\/zecovalve.com\/#website\"},\"primaryImageOfPage\":{\"@id\":\"https:\/\/zecovalve.com\/product\/stainless-steel-swing-check-valve#primaryimage\"},\"datePublished\":\"2022-06-21T05:02:27+00:00\",\"dateModified\":\"2023-06-17T00:58:13+00:00\",\"breadcrumb\":{\"@id\":\"https:\/\/zecovalve.com\/product\/stainless-steel-swing-check-valve#breadcrumb\"},\"inLanguage\":\"es\",\"potentialAction\":[{\"@type\":\"ReadAction\",\"target\":[\"https:\/\/zecovalve.com\/product\/stainless-steel-swing-check-valve\"]}]},{\"@type\":\"BreadcrumbList\",\"@id\":\"https:\/\/zecovalve.com\/product\/stainless-steel-swing-check-valve#breadcrumb\",\"itemListElement\":[{\"@type\":\"ListItem\",\"position\":1,\"item\":{\"@type\":\"WebPage\",\"@id\":\"https:\/\/zecovalve.com\/\",\"url\":\"https:\/\/zecovalve.com\/\",\"name\":\"Home\"}},{\"@type\":\"ListItem\",\"position\":2,\"item\":{\"@type\":\"WebPage\",\"@id\":\"https:\/\/zecovalve.com\/product-category\",\"url\":\"https:\/\/zecovalve.com\/product-category\",\"name\":\"Industrial Valve Manufacturer | Water Valve Manufacturer\"}},{\"@type\":\"ListItem\",\"position\":3,\"item\":{\"@type\":\"WebPage\",\"@id\":\"https:\/\/zecovalve.com\/product\/stainless-steel-swing-check-valve\",\"url\":\"https:\/\/zecovalve.com\/product\/stainless-steel-swing-check-valve\",\"name\":\"Stainless Steel Swing Check Valve\"}}]}]}<\/script>\n<!-- \/ Yoast SEO Premium plugin. -->","_links":{"self":[{"href":"https:\/\/zecovalve.com\/es\/wp-json\/wp\/v2\/product\/16417","targetHints":{"allow":["GET"]}}],"collection":[{"href":"https:\/\/zecovalve.com\/es\/wp-json\/wp\/v2\/product"}],"about":[{"href":"https:\/\/zecovalve.com\/es\/wp-json\/wp\/v2\/types\/product"}],"replies":[{"embeddable":true,"href":"https:\/\/zecovalve.com\/es\/wp-json\/wp\/v2\/comments?post=16417"}],"wp:featuredmedia":[{"embeddable":true,"href":"https:\/\/zecovalve.com\/es\/wp-json\/wp\/v2\/media\/27924"}],"wp:attachment":[{"href":"https:\/\/zecovalve.com\/es\/wp-json\/wp\/v2\/media?parent=16417"}],"wp:term":[{"taxonomy":"product_cat","embeddable":true,"href":"https:\/\/zecovalve.com\/es\/wp-json\/wp\/v2\/product_cat?post=16417"},{"taxonomy":"product_tag","embeddable":true,"href":"https:\/\/zecovalve.com\/es\/wp-json\/wp\/v2\/product_tag?post=16417"}],"curies":[{"name":"wp","href":"https:\/\/api.w.org\/{rel}","templated":true}]}}