{"id":16425,"date":"2022-06-21T05:08:05","date_gmt":"2022-06-21T05:08:05","guid":{"rendered":"https:\/\/zecovalve.com\/?post_type=product&#038;p=16425"},"modified":"2023-06-07T07:06:40","modified_gmt":"2023-06-07T07:06:40","slug":"8-inch-ball-valve","status":"publish","type":"product","link":"https:\/\/zecovalve.com\/es\/producto\/8-inch-ball-valve","title":{"rendered":"V\u00e1lvula de bola de 8 pulgadas"},"content":{"rendered":"<p>ZECO Valve es un fabricante y proveedor de v\u00e1lvulas de bola industriales en China desde 1991. Como f\u00e1brica l\u00edder y profesional de v\u00e1lvulas de bola en China con m\u00e1s de 30 a\u00f1os de certificaci\u00f3n API, nuestra empresa fabrica dise\u00f1os de v\u00e1lvulas de bola flotantes y de mu\u00f1\u00f3n industriales, como uno, dos y v\u00e1lvulas de bola de tres piezas con diferentes materiales; y tambi\u00e9n v\u00e1lvulas de accionamiento manual, incluidas v\u00e1lvulas de bola accionadas por engranajes.<\/p>\r\n\r\n\r\n\r\n<figure class=\"wp-block-image size-full is-resized\"><img loading=\"lazy\" decoding=\"async\" class=\"wp-image-16510\" src=\"https:\/\/zecovalve.com\/wp-content\/uploads\/2022\/06\/trunnion-mounted-ball-valve-4.jpg\" alt=\"\" width=\"400\" height=\"300\" srcset=\"https:\/\/zecovalve.com\/wp-content\/uploads\/2022\/06\/trunnion-mounted-ball-valve-4.jpg 800w, https:\/\/zecovalve.com\/wp-content\/uploads\/2022\/06\/trunnion-mounted-ball-valve-4-300x225.jpg 300w, https:\/\/zecovalve.com\/wp-content\/uploads\/2022\/06\/trunnion-mounted-ball-valve-4-768x576.jpg 768w, https:\/\/zecovalve.com\/wp-content\/uploads\/2022\/06\/trunnion-mounted-ball-valve-4-600x450.jpg 600w\" sizes=\"auto, (max-width: 400px) 100vw, 400px\" \/><\/figure>\r\n\r\n\r\n\r\n\r\n<div class=\"gb-button-wrapper gb-button-wrapper-6d8495a3\">\r\n\r\n\r\n<p><a class=\"gb-button gb-button-3d442e11 gb-button-text\" href=\"mailto:commercial@zecovalve.com\" target=\"_blank\" rel=\"noopener noreferrer\"><strong>OBT\u00c9N PRECIO DE V\u00c1LVULA DE BOLA DE 8 PULGADAS<\/strong><\/a><\/p>\r\n<\/div>\r\n\r\n\r\n<h2 class=\"wp-block-heading\">\u00bfQu\u00e9 es la v\u00e1lvula de bola de 8 pulgadas?<\/h2>\r\n\r\n\r\n\r\n<p>Las v\u00e1lvulas de bola de 8 pulgadas son una forma de v\u00e1lvulas de cierre que controlar\u00e1n el flujo de gas o l\u00edquido. Esto se puede hacer usando una bola giratoria que tenga un orificio. Al girar la bola 90 grados, se bloquea o se permite que el gas o l\u00edquido fluya. Se sabe que proporcionan un sellado estable incluso cuando no se utilizan durante un per\u00edodo de tiempo. Tambi\u00e9n cuentan con una vida \u00fatil m\u00e1s larga. Adem\u00e1s, tienen una mejor resistencia a los contaminantes, lo que las convierte en una opci\u00f3n m\u00e1s popular entre otras v\u00e1lvulas.<\/p>\r\n\r\n\r\n\r\n<p>La v\u00e1lvula de bola ZECO de 8 pulgadas tiene dos opciones: puede elegir una v\u00e1lvula de bola flotante o una v\u00e1lvula de bola montada en mu\u00f1\u00f3n, y puede optar por fundir o forjar el material. La calidad de la fundici\u00f3n de la v\u00e1lvula es de suma importancia para la vida \u00fatil del producto, el personal y la seguridad ambiental, particularmente en servicios de alta temperatura y alta presi\u00f3n, ya que la v\u00e1lvula sirve como uno de los equipos que contienen presi\u00f3n en una tuber\u00eda controlada por proceso. Por lo tanto, las piezas fundidas siempre son certificadas primero por los clientes que lo requieren estrictamente antes de que un fabricante de v\u00e1lvulas sea precalificado y aprobado como proveedor calificado.<\/p>\r\n\r\n\r\n\r\n<h2 class=\"wp-block-heading\" id=\"h-dimensions-weight-of-8-inch-ball-valve\">Dimensiones y peso de la v\u00e1lvula de bola de 8 pulgadas<\/h2>\r\n\r\n\r\n\r\n<table border=\"=1\" width=\"800\">\r\n<tbody>\r\n<tr>\r\n<td rowspan=\"2\">Presi\u00f3n nominal<\/td>\r\n<td style=\"text-align: center;\">Taladro<\/td>\r\n<td style=\"text-align: center;\" colspan=\"3\">\u00a0Dimensi\u00f3n cara a cara (en mm)<\/td>\r\n<td style=\"text-align: center;\">Peso<\/td>\r\n<\/tr>\r\n<tr>\r\n<td style=\"text-align: center;\">(en mm)<\/td>\r\n<td style=\"text-align: center;\">RF<\/td>\r\n<td style=\"text-align: center;\">BW<\/td>\r\n<td style=\"text-align: center;\">RTJ<\/td>\r\n<td style=\"text-align: center;\">kg<\/td>\r\n<\/tr>\r\n<tr>\r\n<td>CLASE 150<\/td>\r\n<td style=\"text-align: center;\">201<\/td>\r\n<td style=\"text-align: center;\">457<\/td>\r\n<td style=\"text-align: center;\">521<\/td>\r\n<td style=\"text-align: center;\">470<\/td>\r\n<td style=\"text-align: center;\">205<\/td>\r\n<\/tr>\r\n<tr>\r\n<td>CLASE 300<\/td>\r\n<td style=\"text-align: center;\">201<\/td>\r\n<td style=\"text-align: center;\">502<\/td>\r\n<td style=\"text-align: center;\">521<\/td>\r\n<td style=\"text-align: center;\">518<\/td>\r\n<td style=\"text-align: center;\">255<\/td>\r\n<\/tr>\r\n<tr>\r\n<td>CLASE 600<\/td>\r\n<td style=\"text-align: center;\">201<\/td>\r\n<td style=\"text-align: center;\">660<\/td>\r\n<td style=\"text-align: center;\">660<\/td>\r\n<td style=\"text-align: center;\">664<\/td>\r\n<td style=\"text-align: center;\">390<\/td>\r\n<\/tr>\r\n<tr>\r\n<td>CLASE 900<\/td>\r\n<td style=\"text-align: center;\">201<\/td>\r\n<td style=\"text-align: center;\">737<\/td>\r\n<td style=\"text-align: center;\">737<\/td>\r\n<td style=\"text-align: center;\">740<\/td>\r\n<td style=\"text-align: center;\">640<\/td>\r\n<\/tr>\r\n<tr>\r\n<td>CLASE 1500<\/td>\r\n<td style=\"text-align: center;\">192<\/td>\r\n<td style=\"text-align: center;\">832<\/td>\r\n<td style=\"text-align: center;\">832<\/td>\r\n<td style=\"text-align: center;\">841<\/td>\r\n<td style=\"text-align: center;\">870<\/td>\r\n<\/tr>\r\n<tr>\r\n<td>CLASE 2500<\/td>\r\n<td style=\"text-align: center;\">179<\/td>\r\n<td style=\"text-align: center;\">1022<\/td>\r\n<td style=\"text-align: center;\">1022<\/td>\r\n<td style=\"text-align: center;\">1038<\/td>\r\n<td style=\"text-align: center;\">1017<\/td>\r\n<\/tr>\r\n<\/tbody>\r\n<\/table>\r\n\r\n\r\n\r\n<h2 class=\"wp-block-heading\">\u00bfPara qu\u00e9 se utiliza la v\u00e1lvula de bola de 8 pulgadas?<\/h2>\r\n\r\n\r\n\r\n<p>Casi todas las aplicaciones industriales necesitan protecci\u00f3n contra fugas. Esto es particularmente importante para aquellos que requieren mecanismos de cierre herm\u00e9tico. Tales ejemplos son las aplicaciones puramente l\u00edquidas o gaseosas, incluidas las industrias del gas natural, el almacenamiento de productos qu\u00edmicos y aquellas que trabajan con fluidos corrosivos. Los lodos no funcionan bien con estas v\u00e1lvulas.<\/p>\r\n\r\n\r\n\r\n<h2 class=\"wp-block-heading\">Caracter\u00edsticas de la v\u00e1lvula de bola de 8 \u2033<\/h2>\r\n\r\n\r\n\r\n<ul class=\"wp-block-list\">\r\n<li>La v\u00e1lvula de bola ZECO de 8 pulgadas tiene un dise\u00f1o de alivio de presi\u00f3n de cavidad. Cuando la fuerza creada por la presi\u00f3n de la cavidad es menor que la fuerza creada por la presi\u00f3n de la l\u00ednea, entonces se asegura el contacto entre la bola y el anillo del asiento para proporcionar un sello herm\u00e9tico; Cuando la presi\u00f3n de la cavidad es mayor que la fuerza del resorte del asiento m\u00e1s la presi\u00f3n de la l\u00ednea, la acci\u00f3n de alivio autom\u00e1tico permite que el asiento de la v\u00e1lvula se aleje ligeramente de la superficie de la bola. Por lo tanto, cualquier sobrepresi\u00f3n dentro de la cavidad del cuerpo se descarga en la tuber\u00eda para restablecer el equilibrio entre la cavidad del cuerpo y la tuber\u00eda (ya sea en el lado aguas arriba o aguas abajo);<\/li>\r\n<li>La v\u00e1lvula de bola ZECO de 8 pulgadas tiene un dise\u00f1o de conexi\u00f3n de inyecci\u00f3n de sellador de emergencia, lo que permite intervenciones externas para evitar fugas en el v\u00e1stago. En el mantenimiento, s\u00f3lo a trav\u00e9s del orificio de engrase de emergencia puede pasar el v\u00e1stago de la v\u00e1lvula y el asiento a la estructura de sellado para mantenimiento de emergencia y mantenimiento a largo plazo, simple y conveniente;<\/li>\r\n<li>La v\u00e1lvula de bola ZECO de 8 pulgadas tiene un dise\u00f1o de v\u00e1stago a prueba de explosiones, una caracter\u00edstica de seguridad que funciona para asegurar el sellado del v\u00e1stago en cualquier presi\u00f3n;<\/li>\r\n<li>La v\u00e1lvula de bola ZECO de 8 pulgadas tiene un dise\u00f1o de sellado de respaldo de metal a metal; cuando el material del asiento el\u00e1stico primario se deteriora por el fuego, el metal a metal proporciona el cierre.<\/li>\r\n<\/ul>\r\n\r\n\r\n\r\n<h2 class=\"wp-block-heading\">Material de la v\u00e1lvula de bola de 8 pulgadas<\/h2>\r\n\r\n\r\n\r\n<figure class=\"wp-block-table\">\r\n<table>\r\n<tbody>\r\n<tr>\r\n<td>No<\/td>\r\n<td>Pieza<\/td>\r\n<td>Material<\/td>\r\n<\/tr>\r\n<tr>\r\n<td>1<\/td>\r\n<td>Cuerpo<\/td>\r\n<td>ASTM A105<\/td>\r\n<\/tr>\r\n<tr>\r\n<td>2<\/td>\r\n<td>Cap\u00f3<\/td>\r\n<td>ASTM A105<\/td>\r\n<\/tr>\r\n<tr>\r\n<td>3<\/td>\r\n<td>Bola<\/td>\r\n<td>ASTM A182 F316<\/td>\r\n<\/tr>\r\n<tr>\r\n<td>4<\/td>\r\n<td>Asiento<\/td>\r\n<td>ASTM A182 F316 + PTFE<\/td>\r\n<\/tr>\r\n<tr>\r\n<td>5<\/td>\r\n<td>V\u00e1stago<\/td>\r\n<td>ASTM A276 316<\/td>\r\n<\/tr>\r\n<tr>\r\n<td>6<\/td>\r\n<td>Dispositivo antiest\u00e1tico<\/td>\r\n<td>SS316<\/td>\r\n<\/tr>\r\n<tr>\r\n<td>7<\/td>\r\n<td>Junta<\/td>\r\n<td>Grafito + SS316<\/td>\r\n<\/tr>\r\n<tr>\r\n<td>8<\/td>\r\n<td>Perno<\/td>\r\n<td>ASTM A193 B7<\/td>\r\n<\/tr>\r\n<tr>\r\n<td>9<\/td>\r\n<td>Tuerca<\/td>\r\n<td>ASTM A194 2H<\/td>\r\n<\/tr>\r\n<tr>\r\n<td>10<\/td>\r\n<td>Junta t\u00f3rica<\/td>\r\n<td>Vit\u00f3n A<\/td>\r\n<\/tr>\r\n<tr>\r\n<td>11<\/td>\r\n<td>Palanca<\/td>\r\n<td>ASTM A216 WCB<\/td>\r\n<\/tr>\r\n<\/tbody>\r\n<\/table>\r\n<\/figure>\r\n\r\n\r\n\r\n<h2 class=\"wp-block-heading\">Fabricante de v\u00e1lvulas de bola de China<\/h2>\r\n\r\n\r\n\r\n<p>Las v\u00e1lvulas de bola son v\u00e1lvulas de cuarto de vuelta de acci\u00f3n r\u00e1pida que utilizan una bola giratoria para transferir el flujo de medios a trav\u00e9s de un sistema. Gracias a su caracter\u00edstica de cierre herm\u00e9tico, est\u00e1n ganando importancia en m\u00faltiples industrias. Se utilizan en industrias de petr\u00f3leo y gas, petroqu\u00edmica, industria el\u00e9ctrica, oleoductos y pr\u00e1cticamente cualquier aplicaci\u00f3n que requiera cierre de fluidos.<\/p>\r\n\r\n\r\n\r\n<p>Las v\u00e1lvulas de bola vienen en diferentes tipos y tienen diferentes complementos, lo que puede resultar abrumador. Adem\u00e1s, si bien las v\u00e1lvulas de bola se utilizan principalmente para aplicaciones de encendido\/apagado, algunos tipos se han vuelto \u00fatiles para aplicaciones de estrangulaci\u00f3n. Todo esto hace que sea dif\u00edcil elegir qu\u00e9 tipo de v\u00e1lvula de bola se adapta mejor a su aplicaci\u00f3n.<\/p>\r\n\r\n\r\n\r\n<p>Dado que las v\u00e1lvulas de bola son tan complejas, hemos desglosado todos los elementos esenciales para brindarle una mejor comprensi\u00f3n de este tipo de v\u00e1lvula. Esta gu\u00eda lo ayudar\u00e1 a determinar qu\u00e9 v\u00e1lvula de bola le brindar\u00e1 los resultados deseados.<\/p>","protected":false},"excerpt":{"rendered":"<p>ZECO Valve es un fabricante y proveedor de v\u00e1lvulas de bola industriales en China desde 1991. Como v\u00e1lvula de bola l\u00edder y profesional en China... <a title=\"V\u00e1lvula de bola de 8 pulgadas\" class=\"read-more\" href=\"https:\/\/zecovalve.com\/es\/producto\/8-inch-ball-valve\" aria-label=\"M\u00e1s en V\u00e1lvula de bola de 8 pulgadas\">Leer m\u00e1s<\/a><\/p>","protected":false},"featured_media":27860,"comment_status":"closed","ping_status":"closed","template":"","meta":{"_generate-full-width-content":"","kt_blocks_editor_width":""},"product_cat":[2047,2462],"product_tag":[3896,3913],"class_list":["post-16425","product","type-product","status-publish","has-post-thumbnail","hentry","product_cat-ball-valve","product_cat-ball-valve-by-size","product_tag-flanged-ball-valve","product_tag-full-port-ball-valve","sales-flash-overlay","woocommerce-text-align-center","woocommerce-image-align-center","do-quantity-buttons"],"featured_image_src_large":["https:\/\/zecovalve.com\/wp-content\/uploads\/2022\/06\/8-inch-Ball-Valve-1.jpg",800,600,false],"author_info":[],"comment_info":0,"taxonomy_info":{"product_cat":[{"value":2047,"label":"Ball Valve"},{"value":2462,"label":"Ball Valve By Size"}],"product_tag":[{"value":3896,"label":"Flanged Ball Valve"},{"value":3913,"label":"Full Port Ball Valve"}]},"yoast_head":"<!-- This site is optimized with the Yoast SEO Premium plugin v15.4 - https:\/\/yoast.com\/wordpress\/plugins\/seo\/ -->\n<title>8 Inch Ball Valve - China Ball Valve Manufacturer | ZECO Valve<\/title>\n<meta name=\"robots\" content=\"index, follow, max-snippet:-1, max-image-preview:large, max-video-preview:-1\" \/>\n<link rel=\"canonical\" href=\"https:\/\/zecovalve.com\/es\/producto\/8-inch-ball-valve\" \/>\n<meta property=\"og:locale\" content=\"es_ES\" \/>\n<meta property=\"og:type\" content=\"article\" \/>\n<meta property=\"og:title\" content=\"8 Inch Ball Valve - China Ball Valve Manufacturer | ZECO Valve\" \/>\n<meta property=\"og:description\" content=\"ZECO Valve is an industrial ball valve manufacturer &amp; supplier in China since 1991. As a leading &amp; professional China ball valve ... Leer m\u00e1s\" \/>\n<meta property=\"og:url\" content=\"https:\/\/zecovalve.com\/es\/producto\/8-inch-ball-valve\" \/>\n<meta property=\"og:site_name\" content=\"ZECO Valve\" \/>\n<meta property=\"article:modified_time\" content=\"2023-06-07T07:06:40+00:00\" \/>\n<meta property=\"og:image\" content=\"https:\/\/zecovalve.com\/wp-content\/uploads\/2022\/06\/8-inch-Ball-Valve-1.jpg\" \/>\n\t<meta property=\"og:image:width\" content=\"800\" \/>\n\t<meta property=\"og:image:height\" content=\"600\" \/>\n<meta name=\"twitter:card\" content=\"summary_large_image\" \/>\n<meta name=\"twitter:label1\" content=\"Escrito por\">\n\t<meta name=\"twitter:data1\" content=\"Jerry\">\n\t<meta name=\"twitter:label2\" content=\"Tiempo de lectura\">\n\t<meta name=\"twitter:data2\" content=\"3 minutos\">\n<script type=\"application\/ld+json\" class=\"yoast-schema-graph\">{\"@context\":\"https:\/\/schema.org\",\"@graph\":[{\"@type\":\"WebSite\",\"@id\":\"https:\/\/zecovalve.com\/#website\",\"url\":\"https:\/\/zecovalve.com\/\",\"name\":\"ZECO Valve\",\"description\":\"Industrial Ball Valve, Gate Valve and Globe Valve Manufacturer\",\"potentialAction\":[{\"@type\":\"SearchAction\",\"target\":\"https:\/\/zecovalve.com\/?s={search_term_string}\",\"query-input\":\"required name=search_term_string\"}],\"inLanguage\":\"es\"},{\"@type\":\"ImageObject\",\"@id\":\"https:\/\/zecovalve.com\/product\/8-inch-ball-valve#primaryimage\",\"inLanguage\":\"es\",\"url\":\"https:\/\/zecovalve.com\/wp-content\/uploads\/2022\/06\/8-inch-Ball-Valve-1.jpg\",\"width\":800,\"height\":600,\"caption\":\"8 inch Ball Valve\"},{\"@type\":\"WebPage\",\"@id\":\"https:\/\/zecovalve.com\/product\/8-inch-ball-valve#webpage\",\"url\":\"https:\/\/zecovalve.com\/product\/8-inch-ball-valve\",\"name\":\"8 Inch Ball Valve - China Ball Valve Manufacturer | ZECO Valve\",\"isPartOf\":{\"@id\":\"https:\/\/zecovalve.com\/#website\"},\"primaryImageOfPage\":{\"@id\":\"https:\/\/zecovalve.com\/product\/8-inch-ball-valve#primaryimage\"},\"datePublished\":\"2022-06-21T05:08:05+00:00\",\"dateModified\":\"2023-06-07T07:06:40+00:00\",\"breadcrumb\":{\"@id\":\"https:\/\/zecovalve.com\/product\/8-inch-ball-valve#breadcrumb\"},\"inLanguage\":\"es\",\"potentialAction\":[{\"@type\":\"ReadAction\",\"target\":[\"https:\/\/zecovalve.com\/product\/8-inch-ball-valve\"]}]},{\"@type\":\"BreadcrumbList\",\"@id\":\"https:\/\/zecovalve.com\/product\/8-inch-ball-valve#breadcrumb\",\"itemListElement\":[{\"@type\":\"ListItem\",\"position\":1,\"item\":{\"@type\":\"WebPage\",\"@id\":\"https:\/\/zecovalve.com\/\",\"url\":\"https:\/\/zecovalve.com\/\",\"name\":\"Home\"}},{\"@type\":\"ListItem\",\"position\":2,\"item\":{\"@type\":\"WebPage\",\"@id\":\"https:\/\/zecovalve.com\/product-category\",\"url\":\"https:\/\/zecovalve.com\/product-category\",\"name\":\"Industrial Valve Manufacturer | Water Valve Manufacturer\"}},{\"@type\":\"ListItem\",\"position\":3,\"item\":{\"@type\":\"WebPage\",\"@id\":\"https:\/\/zecovalve.com\/product\/8-inch-ball-valve\",\"url\":\"https:\/\/zecovalve.com\/product\/8-inch-ball-valve\",\"name\":\"8 inch Ball Valve\"}}]}]}<\/script>\n<!-- \/ Yoast SEO Premium plugin. -->","_links":{"self":[{"href":"https:\/\/zecovalve.com\/es\/wp-json\/wp\/v2\/product\/16425","targetHints":{"allow":["GET"]}}],"collection":[{"href":"https:\/\/zecovalve.com\/es\/wp-json\/wp\/v2\/product"}],"about":[{"href":"https:\/\/zecovalve.com\/es\/wp-json\/wp\/v2\/types\/product"}],"replies":[{"embeddable":true,"href":"https:\/\/zecovalve.com\/es\/wp-json\/wp\/v2\/comments?post=16425"}],"wp:featuredmedia":[{"embeddable":true,"href":"https:\/\/zecovalve.com\/es\/wp-json\/wp\/v2\/media\/27860"}],"wp:attachment":[{"href":"https:\/\/zecovalve.com\/es\/wp-json\/wp\/v2\/media?parent=16425"}],"wp:term":[{"taxonomy":"product_cat","embeddable":true,"href":"https:\/\/zecovalve.com\/es\/wp-json\/wp\/v2\/product_cat?post=16425"},{"taxonomy":"product_tag","embeddable":true,"href":"https:\/\/zecovalve.com\/es\/wp-json\/wp\/v2\/product_tag?post=16425"}],"curies":[{"name":"wp","href":"https:\/\/api.w.org\/{rel}","templated":true}]}}