{"id":16468,"date":"2022-06-21T06:25:05","date_gmt":"2022-06-21T06:25:05","guid":{"rendered":"https:\/\/zecovalve.com\/?post_type=product&#038;p=16468"},"modified":"2023-06-07T07:07:23","modified_gmt":"2023-06-07T07:07:23","slug":"3pc-ball-valve","status":"publish","type":"product","link":"https:\/\/zecovalve.com\/es\/producto\/3pc-ball-valve","title":{"rendered":"V\u00e1lvula de bola de acero inoxidable de 3 piezas"},"content":{"rendered":"<p>La v\u00e1lvula de bola de 3 piezas est\u00e1 dise\u00f1ada para desmontarse para facilitar la limpieza.<\/p>\r\n\r\n\r\n\r\n<div class=\"wp-block-columns is-layout-flex wp-container-core-columns-is-layout-9d6595d7 wp-block-columns-is-layout-flex\">\r\n<div class=\"wp-block-column is-layout-flow wp-block-column-is-layout-flow\">\r\n<figure class=\"wp-block-image size-large is-resized\"><img loading=\"lazy\" decoding=\"async\" class=\"wp-image-19545\" src=\"https:\/\/zecovalve.com\/wp-content\/uploads\/2022\/07\/3-piece-stainless-steel-ball-valve-1-1024x1024.jpg\" alt=\"\" width=\"512\" height=\"512\" srcset=\"https:\/\/zecovalve.com\/wp-content\/uploads\/2022\/07\/3-piece-stainless-steel-ball-valve-1-1024x1024.jpg 1024w, https:\/\/zecovalve.com\/wp-content\/uploads\/2022\/07\/3-piece-stainless-steel-ball-valve-1-300x300.jpg 300w, https:\/\/zecovalve.com\/wp-content\/uploads\/2022\/07\/3-piece-stainless-steel-ball-valve-1-150x150.jpg 150w, https:\/\/zecovalve.com\/wp-content\/uploads\/2022\/07\/3-piece-stainless-steel-ball-valve-1-768x768.jpg 768w, https:\/\/zecovalve.com\/wp-content\/uploads\/2022\/07\/3-piece-stainless-steel-ball-valve-1-1536x1536.jpg 1536w, https:\/\/zecovalve.com\/wp-content\/uploads\/2022\/07\/3-piece-stainless-steel-ball-valve-1-2048x2048.jpg 2048w, https:\/\/zecovalve.com\/wp-content\/uploads\/2022\/07\/3-piece-stainless-steel-ball-valve-1-400x400.jpg 400w, https:\/\/zecovalve.com\/wp-content\/uploads\/2022\/07\/3-piece-stainless-steel-ball-valve-1-600x600.jpg 600w, https:\/\/zecovalve.com\/wp-content\/uploads\/2022\/07\/3-piece-stainless-steel-ball-valve-1-100x100.jpg 100w\" sizes=\"auto, (max-width: 512px) 100vw, 512px\" \/><\/figure>\r\n<\/div>\r\n\r\n\r\n\r\n<div class=\"wp-block-column is-layout-flow wp-block-column-is-layout-flow\">\r\n<figure class=\"wp-block-image size-large is-resized\"><img loading=\"lazy\" decoding=\"async\" class=\"wp-image-19547\" src=\"https:\/\/zecovalve.com\/wp-content\/uploads\/2022\/07\/3-piece-stainless-steel-ball-valve-2-1024x1024.jpg\" alt=\"\" width=\"512\" height=\"512\" srcset=\"https:\/\/zecovalve.com\/wp-content\/uploads\/2022\/07\/3-piece-stainless-steel-ball-valve-2-1024x1024.jpg 1024w, https:\/\/zecovalve.com\/wp-content\/uploads\/2022\/07\/3-piece-stainless-steel-ball-valve-2-300x300.jpg 300w, https:\/\/zecovalve.com\/wp-content\/uploads\/2022\/07\/3-piece-stainless-steel-ball-valve-2-150x150.jpg 150w, https:\/\/zecovalve.com\/wp-content\/uploads\/2022\/07\/3-piece-stainless-steel-ball-valve-2-768x768.jpg 768w, https:\/\/zecovalve.com\/wp-content\/uploads\/2022\/07\/3-piece-stainless-steel-ball-valve-2-1536x1536.jpg 1536w, https:\/\/zecovalve.com\/wp-content\/uploads\/2022\/07\/3-piece-stainless-steel-ball-valve-2-2048x2048.jpg 2048w, https:\/\/zecovalve.com\/wp-content\/uploads\/2022\/07\/3-piece-stainless-steel-ball-valve-2-400x400.jpg 400w, https:\/\/zecovalve.com\/wp-content\/uploads\/2022\/07\/3-piece-stainless-steel-ball-valve-2-600x600.jpg 600w, https:\/\/zecovalve.com\/wp-content\/uploads\/2022\/07\/3-piece-stainless-steel-ball-valve-2-100x100.jpg 100w\" sizes=\"auto, (max-width: 512px) 100vw, 512px\" \/><\/figure>\r\n<\/div>\r\n\r\n\r\n\r\n<div class=\"wp-block-column is-layout-flow wp-block-column-is-layout-flow\">\r\n<figure class=\"wp-block-image size-large is-resized\"><img loading=\"lazy\" decoding=\"async\" class=\"wp-image-19546\" src=\"https:\/\/zecovalve.com\/wp-content\/uploads\/2022\/07\/3-piece-stainless-steel-ball-valve-3-1024x1024.jpg\" alt=\"\" width=\"512\" height=\"512\" srcset=\"https:\/\/zecovalve.com\/wp-content\/uploads\/2022\/07\/3-piece-stainless-steel-ball-valve-3-1024x1024.jpg 1024w, https:\/\/zecovalve.com\/wp-content\/uploads\/2022\/07\/3-piece-stainless-steel-ball-valve-3-300x300.jpg 300w, https:\/\/zecovalve.com\/wp-content\/uploads\/2022\/07\/3-piece-stainless-steel-ball-valve-3-150x150.jpg 150w, https:\/\/zecovalve.com\/wp-content\/uploads\/2022\/07\/3-piece-stainless-steel-ball-valve-3-768x768.jpg 768w, https:\/\/zecovalve.com\/wp-content\/uploads\/2022\/07\/3-piece-stainless-steel-ball-valve-3-1536x1536.jpg 1536w, https:\/\/zecovalve.com\/wp-content\/uploads\/2022\/07\/3-piece-stainless-steel-ball-valve-3-2048x2048.jpg 2048w, https:\/\/zecovalve.com\/wp-content\/uploads\/2022\/07\/3-piece-stainless-steel-ball-valve-3-400x400.jpg 400w, https:\/\/zecovalve.com\/wp-content\/uploads\/2022\/07\/3-piece-stainless-steel-ball-valve-3-600x600.jpg 600w, https:\/\/zecovalve.com\/wp-content\/uploads\/2022\/07\/3-piece-stainless-steel-ball-valve-3-100x100.jpg 100w\" sizes=\"auto, (max-width: 512px) 100vw, 512px\" \/><\/figure>\r\n<\/div>\r\n<\/div>\r\n\r\n\r\n<div class=\"gb-button-wrapper gb-button-wrapper-6d8495a3\">\r\n\r\n\r\n<p><a class=\"gb-button gb-button-3d442e11 gb-button-text\" href=\"https:\/\/zecovalve.com\/es\/contact\/\" target=\"_blank\" rel=\"noopener noreferrer\"><strong>OBTENER PRECIO DE V\u00c1LVULA<\/strong><\/a><\/p>\r\n<\/div>\r\n\r\n\r\n\r\n\r\n<h2 class=\"wp-block-heading\" id=\"h-what-is-a-3-piece-stainless-steel-ball-valve\">\u00bfQu\u00e9 es una v\u00e1lvula de bola de 3 piezas?<\/h2>\r\n\r\n\r\n\r\n<p>La v\u00e1lvula de bola de acero inoxidable de 3 piezas ZECO suele ser una v\u00e1lvula de bola de mu\u00f1\u00f3n y una v\u00e1lvula de bola flotante.<\/p>\r\n\r\n\r\n\r\n<p>La v\u00e1lvula de bola de 3 piezas solo necesita girar la bola 90 grados a trav\u00e9s del engranaje o manija para detener el flujo de medio en la tuber\u00eda. La c\u00e1mara del cuerpo de bola, al igual que la v\u00e1lvula de compuerta, tiene una resistencia al flujo casi tan cercana a cero como una secci\u00f3n de tuber\u00eda cuando est\u00e1 completamente abierta, lo que equivale a una l\u00ednea recta. Pero debido a que la v\u00e1lvula de bola de 3 piezas puede dise\u00f1arse especialmente para condiciones especiales, la v\u00e1lvula de bola tambi\u00e9n se cambia lentamente de una v\u00e1lvula truncada a una v\u00e1lvula que puede estrangular y controlar el flujo.<\/p>\r\n\r\n\r\n\r\n<h2 class=\"wp-block-heading\">Aplicaciones de las v\u00e1lvulas de bola de acero inoxidable de 3 piezas<\/h2>\r\n\r\n\r\n\r\n<p>La v\u00e1lvula de bola de acero inoxidable de 3 piezas ZECO se usa ampliamente en la industria del petr\u00f3leo, productos qu\u00edmicos y gas natural y cumple con los requisitos del est\u00e1ndar de dise\u00f1o API 6D.<\/p>\r\n\r\n\r\n\r\n<h2 class=\"wp-block-heading\" id=\"h-features-of-3-piece-stainless-steel-ball-valve\">Caracter\u00edsticas de las v\u00e1lvulas de bola de acero inoxidable de 3 piezas:<\/h2>\r\n\r\n\r\n\r\n<ul class=\"wp-block-list\">\r\n<li>Al operar una v\u00e1lvula, la fricci\u00f3n entre la bola y la cara de sellado generar\u00e1 carga est\u00e1tica y se acumular\u00e1 en la bola. Para evitar chispas est\u00e1ticas, se ha dise\u00f1ado un dispositivo antiest\u00e1tico en la v\u00e1lvula para eliminar las cargas est\u00e1ticas;<\/li>\r\n<li>Seg\u00fan los requisitos del cliente o los requisitos del sistema de trabajo, el cuerpo est\u00e1 equipado con una v\u00e1lvula de alivio. Una vez que se bloquean dos lados de la v\u00e1lvula de bola de acero inoxidable de 3 piezas ZECO y se agrega presi\u00f3n, se aliviar\u00e1n los residuos dentro de la cavidad;<\/li>\r\n<li>Cuando aparece una presi\u00f3n alta anormal en la cavidad, la v\u00e1lvula de bola de acero inoxidable de 3 piezas ZECO con estructura de sellado simple tiene la funci\u00f3n de autoalivio de presi\u00f3n; El espesor de la pared de una v\u00e1lvula est\u00e1 dise\u00f1ado para ser m\u00e1s grueso para fines corrosivos. El v\u00e1stago, el mu\u00f1\u00f3n, el asiento del cuerpo y la cubierta inferior est\u00e1n chapados seg\u00fan ASTM B733 y ASTM B656;<\/li>\r\n<li>Operaci\u00f3n manual para posici\u00f3n de apertura\/cierre total dise\u00f1ada con dispositivo de bloqueo, por lo tanto, se evita el mal funcionamiento y la vibraci\u00f3n imprevista de la l\u00ednea para abrir\/cerrar la v\u00e1lvula de bola de acero inoxidable ZECO de 3 piezas.<\/li>\r\n<\/ul>\r\n\r\n\r\n\r\n<h2 class=\"wp-block-heading\" id=\"h-material-of-3-piece-stainless-steel-ball-valve\">Material de las v\u00e1lvulas de bola de acero inoxidable de 3 piezas:<\/h2>\r\n\r\n\r\n\r\n<figure class=\"wp-block-table\">\r\n<table>\r\n<tbody>\r\n<tr>\r\n<td>No<\/td>\r\n<td>Pieza<\/td>\r\n<td>Material<\/td>\r\n<\/tr>\r\n<tr>\r\n<td>1<\/td>\r\n<td>Cuerpo<\/td>\r\n<td>ASTM A351 CF8M<\/td>\r\n<\/tr>\r\n<tr>\r\n<td>2<\/td>\r\n<td>Cap\u00f3<\/td>\r\n<td>ASTM A351 CF8M<\/td>\r\n<\/tr>\r\n<tr>\r\n<td>3<\/td>\r\n<td>Perno del cap\u00f3<\/td>\r\n<td>ASTM A193 B8M<\/td>\r\n<\/tr>\r\n<tr>\r\n<td>4<\/td>\r\n<td>Tuerca de sombrerete<\/td>\r\n<td>ASTM A194 8M<\/td>\r\n<\/tr>\r\n<tr>\r\n<td>5<\/td>\r\n<td>Junta del cap\u00f3<\/td>\r\n<td>Grafito +SS316<\/td>\r\n<\/tr>\r\n<tr>\r\n<td>6<\/td>\r\n<td>Anillo de asiento<\/td>\r\n<td>DESARROLLO<\/td>\r\n<\/tr>\r\n<tr>\r\n<td>7<\/td>\r\n<td>Bola<\/td>\r\n<td>ASTM A182 F316<\/td>\r\n<\/tr>\r\n<tr>\r\n<td>8<\/td>\r\n<td>V\u00e1stago<\/td>\r\n<td>ASTM A276 316<\/td>\r\n<\/tr>\r\n<tr>\r\n<td>9<\/td>\r\n<td>Empaquetadura de v\u00e1stago<\/td>\r\n<td>Grafito<\/td>\r\n<\/tr>\r\n<tr>\r\n<td>10<\/td>\r\n<td>Gl\u00e1ndula<\/td>\r\n<td>ASTM A351 CF8M<\/td>\r\n<\/tr>\r\n<tr>\r\n<td>11<\/td>\r\n<td>Collar\u00edn de parada<\/td>\r\n<td>ANSI 1025<\/td>\r\n<\/tr>\r\n<\/tbody>\r\n<\/table>\r\n<\/figure>","protected":false},"excerpt":{"rendered":"<p>La v\u00e1lvula de bola de 3 piezas est\u00e1 dise\u00f1ada para desmontarse y facilitar la limpieza. \u00bfQu\u00e9 es una v\u00e1lvula de bola de 3 piezas? ZECO 3\u2026 <a title=\"V\u00e1lvula de bola de acero inoxidable de 3 piezas\" class=\"read-more\" href=\"https:\/\/zecovalve.com\/es\/producto\/3pc-ball-valve\" aria-label=\"M\u00e1s en V\u00e1lvula de Bola de Acero Inoxidable de 3 Piezas\">Leer m\u00e1s<\/a><\/p>","protected":false},"featured_media":27862,"comment_status":"closed","ping_status":"closed","template":"","meta":{"_generate-full-width-content":"","kt_blocks_editor_width":""},"product_cat":[2047],"product_tag":[3089,3254,2658,3914,3244,2832],"class_list":["post-16468","product","type-product","status-publish","has-post-thumbnail","hentry","product_cat-ball-valve","product_tag-3-piece-ball-valve","product_tag-ball-valve-stainless-steel","product_tag-isolation-valve","product_tag-reduced-bore-ball-valve","product_tag-stainless-ball-valve","product_tag-stainless-steel-ball-valve","sales-flash-overlay","woocommerce-text-align-center","woocommerce-image-align-center","do-quantity-buttons"],"featured_image_src_large":["https:\/\/zecovalve.com\/wp-content\/uploads\/2022\/06\/3-Piece-Stainless-Steel-Ball-Valve.jpg",800,600,false],"author_info":[],"comment_info":0,"taxonomy_info":{"product_cat":[{"value":2047,"label":"Ball Valve"}],"product_tag":[{"value":3089,"label":"3 Piece Ball Valve"},{"value":3254,"label":"Ball Valve Stainless Steel"},{"value":2658,"label":"Isolation Valve"},{"value":3914,"label":"Reduced Bore Ball Valve"},{"value":3244,"label":"Stainless Ball Valve"},{"value":2832,"label":"Stainless Steel Ball Valve"}]},"yoast_head":"<!-- This site is optimized with the Yoast SEO Premium plugin v15.4 - https:\/\/yoast.com\/wordpress\/plugins\/seo\/ -->\n<title>3 Piece Stainless Steel Ball Valve - 3 Piece Ball Valve | ZECO Valve<\/title>\n<meta name=\"robots\" content=\"index, follow, max-snippet:-1, max-image-preview:large, max-video-preview:-1\" \/>\n<link rel=\"canonical\" href=\"https:\/\/zecovalve.com\/es\/producto\/3pc-ball-valve\" \/>\n<meta property=\"og:locale\" content=\"es_ES\" \/>\n<meta property=\"og:type\" content=\"article\" \/>\n<meta property=\"og:title\" content=\"3 Piece Stainless Steel Ball Valve - 3 Piece Ball Valve | ZECO Valve\" \/>\n<meta property=\"og:description\" content=\"3 Piece Ball Valve is designed to be taken apart for easy cleaning. What is a 3 Piece Ball Valve? ZECO 3 ... Leer m\u00e1s\" \/>\n<meta property=\"og:url\" content=\"https:\/\/zecovalve.com\/es\/producto\/3pc-ball-valve\" \/>\n<meta property=\"og:site_name\" content=\"ZECO Valve\" \/>\n<meta property=\"article:modified_time\" content=\"2023-06-07T07:07:23+00:00\" \/>\n<meta property=\"og:image\" content=\"https:\/\/zecovalve.com\/wp-content\/uploads\/2022\/06\/3-Piece-Stainless-Steel-Ball-Valve.jpg\" \/>\n\t<meta property=\"og:image:width\" content=\"800\" \/>\n\t<meta property=\"og:image:height\" content=\"600\" \/>\n<meta name=\"twitter:card\" content=\"summary_large_image\" \/>\n<meta name=\"twitter:label1\" content=\"Escrito por\">\n\t<meta name=\"twitter:data1\" content=\"Jerry\">\n\t<meta name=\"twitter:label2\" content=\"Tiempo de lectura\">\n\t<meta name=\"twitter:data2\" content=\"2 minutos\">\n<script type=\"application\/ld+json\" class=\"yoast-schema-graph\">{\"@context\":\"https:\/\/schema.org\",\"@graph\":[{\"@type\":\"WebSite\",\"@id\":\"https:\/\/zecovalve.com\/#website\",\"url\":\"https:\/\/zecovalve.com\/\",\"name\":\"ZECO Valve\",\"description\":\"Industrial Ball Valve, Gate Valve and Globe Valve Manufacturer\",\"potentialAction\":[{\"@type\":\"SearchAction\",\"target\":\"https:\/\/zecovalve.com\/?s={search_term_string}\",\"query-input\":\"required name=search_term_string\"}],\"inLanguage\":\"es\"},{\"@type\":\"ImageObject\",\"@id\":\"https:\/\/zecovalve.com\/product\/3pc-ball-valve#primaryimage\",\"inLanguage\":\"es\",\"url\":\"https:\/\/zecovalve.com\/wp-content\/uploads\/2022\/06\/3-Piece-Stainless-Steel-Ball-Valve.jpg\",\"width\":800,\"height\":600,\"caption\":\"3 Piece Stainless Steel Ball Valve\"},{\"@type\":\"WebPage\",\"@id\":\"https:\/\/zecovalve.com\/product\/3pc-ball-valve#webpage\",\"url\":\"https:\/\/zecovalve.com\/product\/3pc-ball-valve\",\"name\":\"3 Piece Stainless Steel Ball Valve - 3 Piece Ball Valve | ZECO Valve\",\"isPartOf\":{\"@id\":\"https:\/\/zecovalve.com\/#website\"},\"primaryImageOfPage\":{\"@id\":\"https:\/\/zecovalve.com\/product\/3pc-ball-valve#primaryimage\"},\"datePublished\":\"2022-06-21T06:25:05+00:00\",\"dateModified\":\"2023-06-07T07:07:23+00:00\",\"breadcrumb\":{\"@id\":\"https:\/\/zecovalve.com\/product\/3pc-ball-valve#breadcrumb\"},\"inLanguage\":\"es\",\"potentialAction\":[{\"@type\":\"ReadAction\",\"target\":[\"https:\/\/zecovalve.com\/product\/3pc-ball-valve\"]}]},{\"@type\":\"BreadcrumbList\",\"@id\":\"https:\/\/zecovalve.com\/product\/3pc-ball-valve#breadcrumb\",\"itemListElement\":[{\"@type\":\"ListItem\",\"position\":1,\"item\":{\"@type\":\"WebPage\",\"@id\":\"https:\/\/zecovalve.com\/\",\"url\":\"https:\/\/zecovalve.com\/\",\"name\":\"Home\"}},{\"@type\":\"ListItem\",\"position\":2,\"item\":{\"@type\":\"WebPage\",\"@id\":\"https:\/\/zecovalve.com\/product-category\",\"url\":\"https:\/\/zecovalve.com\/product-category\",\"name\":\"Industrial Valve Manufacturer | Water Valve Manufacturer\"}},{\"@type\":\"ListItem\",\"position\":3,\"item\":{\"@type\":\"WebPage\",\"@id\":\"https:\/\/zecovalve.com\/product\/3pc-ball-valve\",\"url\":\"https:\/\/zecovalve.com\/product\/3pc-ball-valve\",\"name\":\"3 Piece Stainless Steel Ball Valve\"}}]}]}<\/script>\n<!-- \/ Yoast SEO Premium plugin. -->","_links":{"self":[{"href":"https:\/\/zecovalve.com\/es\/wp-json\/wp\/v2\/product\/16468","targetHints":{"allow":["GET"]}}],"collection":[{"href":"https:\/\/zecovalve.com\/es\/wp-json\/wp\/v2\/product"}],"about":[{"href":"https:\/\/zecovalve.com\/es\/wp-json\/wp\/v2\/types\/product"}],"replies":[{"embeddable":true,"href":"https:\/\/zecovalve.com\/es\/wp-json\/wp\/v2\/comments?post=16468"}],"wp:featuredmedia":[{"embeddable":true,"href":"https:\/\/zecovalve.com\/es\/wp-json\/wp\/v2\/media\/27862"}],"wp:attachment":[{"href":"https:\/\/zecovalve.com\/es\/wp-json\/wp\/v2\/media?parent=16468"}],"wp:term":[{"taxonomy":"product_cat","embeddable":true,"href":"https:\/\/zecovalve.com\/es\/wp-json\/wp\/v2\/product_cat?post=16468"},{"taxonomy":"product_tag","embeddable":true,"href":"https:\/\/zecovalve.com\/es\/wp-json\/wp\/v2\/product_tag?post=16468"}],"curies":[{"name":"wp","href":"https:\/\/api.w.org\/{rel}","templated":true}]}}