{"id":16513,"date":"2022-06-21T06:54:43","date_gmt":"2022-06-21T06:54:43","guid":{"rendered":"https:\/\/zecovalve.com\/?post_type=product&#038;p=16513"},"modified":"2022-08-19T06:06:54","modified_gmt":"2022-08-19T06:06:54","slug":"high-performance-butterfly-valve","status":"publish","type":"product","link":"https:\/\/zecovalve.com\/es\/producto\/high-performance-butterfly-valve","title":{"rendered":"V\u00e1lvula de mariposa de alto rendimiento"},"content":{"rendered":"<figure class=\"wp-block-image alignnone size-medium wp-image-16514\"><img loading=\"lazy\" decoding=\"async\" width=\"300\" height=\"225\" class=\"wp-image-16514\" src=\"https:\/\/zecovalve.com\/wp-content\/uploads\/2022\/06\/high-performance-butterfly-valve-300x225.jpg\" alt=\"V\u00e1lvula de mariposa de alto rendimiento\" srcset=\"https:\/\/zecovalve.com\/wp-content\/uploads\/2022\/06\/high-performance-butterfly-valve-300x225.jpg 300w, https:\/\/zecovalve.com\/wp-content\/uploads\/2022\/06\/high-performance-butterfly-valve-768x576.jpg 768w, https:\/\/zecovalve.com\/wp-content\/uploads\/2022\/06\/high-performance-butterfly-valve-600x450.jpg 600w, https:\/\/zecovalve.com\/wp-content\/uploads\/2022\/06\/high-performance-butterfly-valve.jpg 800w\" sizes=\"auto, (max-width: 300px) 100vw, 300px\" \/><\/figure>\r\n\r\n\r\n\r\n\r\n<div class=\"gb-button-wrapper gb-button-wrapper-6d8495a3\">\r\n\r\n<a class=\"gb-button gb-button-3d442e11 gb-button-text\" href=\"https:\/\/zecovalve.com\/es\/contact\/\" target=\"_blank\" rel=\"noopener noreferrer\"><strong>OBTENGA PRECIO DE V\u00c1LVULA DE MARIPOSA DE ALTO RENDIMIENTO<\/strong><\/a>\r\n\r\n<\/div>\r\n\r\n\r\n<h2 class=\"wp-block-heading\" id=\"h-what-is-a-high-performance-butterfly-valve\">\u00bfQu\u00e9 es una v\u00e1lvula de mariposa de alto rendimiento?<\/h2>\r\n\r\n\r\n\r\n\r\nLa v\u00e1lvula de mariposa Hgh Performance es un producto innovador de dise\u00f1o de doble compensaci\u00f3n con tecnolog\u00eda avanzada l\u00edder en el mundo. Esta v\u00e1lvula de mariposa tiene una estructura \u00fanica con un rendimiento de sellado ultra confiable, amplias condiciones de trabajo y bajo torque de operaci\u00f3n.\r\n\r\n\r\n\r\n\r\n<h2 class=\"wp-block-heading\">Especificaciones de v\u00e1lvulas de mariposa de alto rendimiento<\/h2>\r\n\r\n\r\n\r\n<figure class=\"wp-block-table is-style-stripes\">\r\n<table>\r\n<tbody>\r\n<tr>\r\n<td>Nombre<\/td>\r\n<td>\u00a0V\u00e1lvula de mariposa de alto rendimiento<\/td>\r\n<\/tr>\r\n<tr>\r\n<td>Dise\u00f1o<\/td>\r\n<td>\u00a0API 609\/ASME B16.34<\/td>\r\n<\/tr>\r\n<tr>\r\n<td>Conexi\u00f3n final<\/td>\r\n<td>\u00a0Oblea\/Lug\/Doble brida<\/td>\r\n<\/tr>\r\n<tr>\r\n<td>Operaci\u00f3n<\/td>\r\n<td>\u00a0Manual\/Neum\u00e1tico\/El\u00e9ctrico<\/td>\r\n<\/tr>\r\n<tr>\r\n<td>Tama\u00f1os<\/td>\r\n<td>\u00a0NPS 2\u2033-60\u2033(DN50-DN1500)<\/td>\r\n<\/tr>\r\n<tr>\r\n<td>Presi\u00f3n nominal<\/td>\r\n<td>\u00a0Clase ASME 150-300-600 (PN16-PN25-PN40)<\/td>\r\n<\/tr>\r\n<tr>\r\n<td>Material del cuerpo<\/td>\r\n<td>\u00a0Acero al carbono, Acero inoxidable, Acero aleado, Acero inoxidable d\u00faplex<\/td>\r\n<\/tr>\r\n<tr>\r\n<td>Material del asiento<\/td>\r\n<td>\u00a0PTFE, RPTFE, PPL<\/td>\r\n<\/tr>\r\n<tr>\r\n<td>Temperatura<\/td>\r\n<td>\u00a0-29 \u2103 a 250 \u2103<\/td>\r\n<\/tr>\r\n<\/tbody>\r\n<\/table>\r\n<\/figure>\r\n\r\n\r\n\r\n<h2 class=\"wp-block-heading\" id=\"h-features-of-high-performance-butterfly-valve\">Caracter\u00edsticas de la v\u00e1lvula de mariposa de alto rendimiento:<\/h2>\r\n\r\n\r\n\r\n<ul class=\"wp-block-list\">\r\n \t<li>El dise\u00f1o de asiento resistente de la v\u00e1lvula de mariposa de alto rendimiento ZECO est\u00e1 dise\u00f1ado para proporcionar una soluci\u00f3n m\u00e1s optimizada para el campo con requisitos de desgaste y bajo torque, y para reemplazar f\u00e1cilmente el asiento despu\u00e9s de da\u00f1arlo sin necesidad de herramientas especiales;<\/li>\r\n \t<li>La v\u00e1lvula de mariposa de alto rendimiento ZECO est\u00e1 equipada con cojinetes compuestos en el v\u00e1stago por encima y por debajo del disco. Los cojinetes compuestos tienen un devanado de filamento de PTFE y epoxi, lo que reduce el torque en el interruptor y reduce el desgaste entre el v\u00e1stago y el cuerpo para un servicio m\u00e1s prolongado;<\/li>\r\n \t<li>El dise\u00f1o del asiento el\u00e1stico bidireccional ign\u00edfugo de la v\u00e1lvula de mariposa de alto rendimiento ZECO garantiza cero fugas de la v\u00e1lvula durante el funcionamiento normal. El sello de metal con metal del asiento despu\u00e9s del incendio cumple o excede la especificaci\u00f3n de \u201cseguridad contra incendios\u201d de la industria;<\/li>\r\n \t<li>El dise\u00f1o de brida del prensaestopas de la v\u00e1lvula de mariposa de alto rendimiento ZECO aplica carga contra el prensaestopas para evitar fugas externas. Totalmente ajustable.<\/li>\r\n \t<li>Placa superior ISO 5211 para montaje directo de una amplia gama de actuadores, manijas y engranajes<\/li>\r\n \t<li>La empaquetadura del v\u00e1stago ajustable cuenta con casquillo desplegable con f\u00e1cil acceso sin necesidad de retirar el actuador.<\/li>\r\n \t<li>Los pasadores de cu\u00f1a tangenciales est\u00e1n desplazados del centro del v\u00e1stago, lo que los comprime en lugar de cortarlos.<\/li>\r\n \t<li>El tope del disco est\u00e1 dise\u00f1ado para evitar la rotaci\u00f3n del disco en la direcci\u00f3n incorrecta y posibles da\u00f1os al asiento.<\/li>\r\n \t<li>El clip de retenci\u00f3n proporciona un v\u00e1stago a prueba de explosiones<\/li>\r\n \t<li>Sistema de sellado del v\u00e1stago con carga din\u00e1mica mediante un conjunto de resortes Belleville. El puente del casquillo en forma de balanc\u00edn compensa el ajuste desigual de los pernos del casquillo<\/li>\r\n \t<li>El rodamiento &quot;Bear-X&quot; tiene una excelente resistencia t\u00e9rmica, qu\u00edmica y al desgaste.<\/li>\r\n \t<li>Body de una pieza con cuello extendido.<\/li>\r\n \t<li>Dise\u00f1o de asiento suave con sello de labio flexible y autoenergizante. Dos puntos de contacto en el dise\u00f1o de asientos met\u00e1licos a prueba de incendios<\/li>\r\n<\/ul>\r\n\r\n\r\n\r\n<h2 class=\"wp-block-heading\">Aplicaciones de la v\u00e1lvula de mariposa de alto rendimiento<\/h2>\r\n\r\n\r\n\r\n\r\nLas v\u00e1lvulas de mariposa de alto rendimiento est\u00e1n especialmente dise\u00f1adas para aplicaciones en las industrias qu\u00edmica, de procesamiento de hidrocarburos, de pulpa y papel, de agua y aguas residuales y de HVAC en todo el mundo. La v\u00e1lvula se dise\u00f1\u00f3 teniendo en cuenta que las industrias de procesos necesitan productos que brinden un rendimiento excepcional y al mismo tiempo reduzcan el costo total de propiedad.\r\n\r\n\r\n\r\n\r\n<h2 class=\"wp-block-heading\" id=\"h-high-performance-butterfly-valve-manufacturers\">Fabricantes de v\u00e1lvulas de mariposa de alto rendimiento<\/h2>\r\n\r\n\r\n\r\n\r\nZECO Valve es uno de los principales fabricantes mundiales de v\u00e1lvulas de mariposa de alto rendimiento. Basado en muchos a\u00f1os de investigaci\u00f3n, desarrollo y experiencia de campo, el dise\u00f1o ZECO es superior y m\u00e1s vers\u00e1til que el dise\u00f1o de v\u00e1lvula de mariposa de alto rendimiento ofrecido por otros fabricantes. Los productos ZECO se producen bajo el sistema de gesti\u00f3n de calidad ISO9001. Cada proceso de producci\u00f3n tiene los correspondientes documentos del sistema de gesti\u00f3n y procedimientos del sistema de gesti\u00f3n para garantizar que cada v\u00e1lvula cumpla o supere los est\u00e1ndares internacionales o los requisitos del usuario. La v\u00e1lvula de mariposa de alto rendimiento ZECO es un producto maduro para las industrias de procesamiento de petr\u00f3leo y gas, calefacci\u00f3n, energ\u00eda, agua y tratamiento de aguas residuales, especialmente adecuada para entornos hostiles y aplicaciones industriales que requieren presi\u00f3n y temperatura nominales. ZECO tiene experiencia profesional en fabricaci\u00f3n de v\u00e1lvulas de mariposa de alto rendimiento, con excelentes registros de calidad y tiempos de entrega r\u00e1pidos en las industrias a las que presta servicios.","protected":false},"excerpt":{"rendered":"<p>\u00bfQu\u00e9 es una v\u00e1lvula de mariposa de alto rendimiento? La v\u00e1lvula de mariposa Hgh Performance es un producto innovador de dise\u00f1o de doble compensaci\u00f3n con tecnolog\u00eda avanzada l\u00edder en el mundo. \u2026 <a title=\"V\u00e1lvula de mariposa de alto rendimiento\" class=\"read-more\" href=\"https:\/\/zecovalve.com\/es\/producto\/high-performance-butterfly-valve\" aria-label=\"M\u00e1s en V\u00e1lvula Mariposa de Alto Rendimiento\">Leer m\u00e1s<\/a><\/p>","protected":false},"featured_media":16514,"comment_status":"closed","ping_status":"closed","template":"","meta":{"_generate-full-width-content":"","kt_blocks_editor_width":""},"product_cat":[2044,2467],"product_tag":[],"class_list":["post-16513","product","type-product","status-publish","has-post-thumbnail","hentry","product_cat-butterfly-valve","product_cat-butterfly-valve-by-form","sales-flash-overlay","woocommerce-text-align-center","woocommerce-image-align-center","do-quantity-buttons"],"featured_image_src_large":["https:\/\/zecovalve.com\/wp-content\/uploads\/2022\/06\/high-performance-butterfly-valve.jpg",800,600,false],"author_info":[],"comment_info":0,"taxonomy_info":{"product_cat":[{"value":2044,"label":"Butterfly Valve"},{"value":2467,"label":"Butterfly Valve By Form"}]},"yoast_head":"<!-- This site is optimized with the Yoast SEO Premium plugin v15.4 - https:\/\/yoast.com\/wordpress\/plugins\/seo\/ -->\n<title>High Performance Butterfly Valve Manufacturers | ZECO Valve<\/title>\n<meta name=\"robots\" content=\"index, follow, max-snippet:-1, max-image-preview:large, max-video-preview:-1\" \/>\n<link rel=\"canonical\" href=\"https:\/\/zecovalve.com\/es\/producto\/high-performance-butterfly-valve\" \/>\n<meta property=\"og:locale\" content=\"es_ES\" \/>\n<meta property=\"og:type\" content=\"article\" \/>\n<meta property=\"og:title\" content=\"High Performance Butterfly Valve Manufacturers | ZECO Valve\" \/>\n<meta property=\"og:description\" content=\"What is a High Performance Butterfly Valve? Hgh Performance Butterfly Valve is an innovative double offset design product with advanced world-leading technology. ... Leer m\u00e1s\" \/>\n<meta property=\"og:url\" content=\"https:\/\/zecovalve.com\/es\/producto\/high-performance-butterfly-valve\" \/>\n<meta property=\"og:site_name\" content=\"ZECO Valve\" \/>\n<meta property=\"article:modified_time\" content=\"2022-08-19T06:06:54+00:00\" \/>\n<meta property=\"og:image\" content=\"https:\/\/zecovalve.com\/wp-content\/uploads\/2022\/06\/high-performance-butterfly-valve.jpg\" \/>\n\t<meta property=\"og:image:width\" content=\"800\" \/>\n\t<meta property=\"og:image:height\" content=\"600\" \/>\n<meta name=\"twitter:card\" content=\"summary_large_image\" \/>\n<meta name=\"twitter:label1\" content=\"Escrito por\">\n\t<meta name=\"twitter:data1\" content=\"Jerry\">\n\t<meta name=\"twitter:label2\" content=\"Tiempo de lectura\">\n\t<meta name=\"twitter:data2\" content=\"2 minutos\">\n<script type=\"application\/ld+json\" class=\"yoast-schema-graph\">{\"@context\":\"https:\/\/schema.org\",\"@graph\":[{\"@type\":\"WebSite\",\"@id\":\"https:\/\/zecovalve.com\/#website\",\"url\":\"https:\/\/zecovalve.com\/\",\"name\":\"ZECO Valve\",\"description\":\"Industrial Ball Valve, Gate Valve and Globe Valve Manufacturer\",\"potentialAction\":[{\"@type\":\"SearchAction\",\"target\":\"https:\/\/zecovalve.com\/?s={search_term_string}\",\"query-input\":\"required name=search_term_string\"}],\"inLanguage\":\"es\"},{\"@type\":\"ImageObject\",\"@id\":\"https:\/\/zecovalve.com\/product\/high-performance-butterfly-valve#primaryimage\",\"inLanguage\":\"es\",\"url\":\"https:\/\/zecovalve.com\/wp-content\/uploads\/2022\/06\/high-performance-butterfly-valve.jpg\",\"width\":800,\"height\":600,\"caption\":\"High Performance Butterfly Valve\"},{\"@type\":\"WebPage\",\"@id\":\"https:\/\/zecovalve.com\/product\/high-performance-butterfly-valve#webpage\",\"url\":\"https:\/\/zecovalve.com\/product\/high-performance-butterfly-valve\",\"name\":\"High Performance Butterfly Valve Manufacturers | ZECO Valve\",\"isPartOf\":{\"@id\":\"https:\/\/zecovalve.com\/#website\"},\"primaryImageOfPage\":{\"@id\":\"https:\/\/zecovalve.com\/product\/high-performance-butterfly-valve#primaryimage\"},\"datePublished\":\"2022-06-21T06:54:43+00:00\",\"dateModified\":\"2022-08-19T06:06:54+00:00\",\"breadcrumb\":{\"@id\":\"https:\/\/zecovalve.com\/product\/high-performance-butterfly-valve#breadcrumb\"},\"inLanguage\":\"es\",\"potentialAction\":[{\"@type\":\"ReadAction\",\"target\":[\"https:\/\/zecovalve.com\/product\/high-performance-butterfly-valve\"]}]},{\"@type\":\"BreadcrumbList\",\"@id\":\"https:\/\/zecovalve.com\/product\/high-performance-butterfly-valve#breadcrumb\",\"itemListElement\":[{\"@type\":\"ListItem\",\"position\":1,\"item\":{\"@type\":\"WebPage\",\"@id\":\"https:\/\/zecovalve.com\/\",\"url\":\"https:\/\/zecovalve.com\/\",\"name\":\"Home\"}},{\"@type\":\"ListItem\",\"position\":2,\"item\":{\"@type\":\"WebPage\",\"@id\":\"https:\/\/zecovalve.com\/product-category\",\"url\":\"https:\/\/zecovalve.com\/product-category\",\"name\":\"Industrial Valve Manufacturer | Water Valve Manufacturer\"}},{\"@type\":\"ListItem\",\"position\":3,\"item\":{\"@type\":\"WebPage\",\"@id\":\"https:\/\/zecovalve.com\/product\/high-performance-butterfly-valve\",\"url\":\"https:\/\/zecovalve.com\/product\/high-performance-butterfly-valve\",\"name\":\"High Performance Butterfly Valve\"}}]}]}<\/script>\n<!-- \/ Yoast SEO Premium plugin. -->","_links":{"self":[{"href":"https:\/\/zecovalve.com\/es\/wp-json\/wp\/v2\/product\/16513","targetHints":{"allow":["GET"]}}],"collection":[{"href":"https:\/\/zecovalve.com\/es\/wp-json\/wp\/v2\/product"}],"about":[{"href":"https:\/\/zecovalve.com\/es\/wp-json\/wp\/v2\/types\/product"}],"replies":[{"embeddable":true,"href":"https:\/\/zecovalve.com\/es\/wp-json\/wp\/v2\/comments?post=16513"}],"wp:featuredmedia":[{"embeddable":true,"href":"https:\/\/zecovalve.com\/es\/wp-json\/wp\/v2\/media\/16514"}],"wp:attachment":[{"href":"https:\/\/zecovalve.com\/es\/wp-json\/wp\/v2\/media?parent=16513"}],"wp:term":[{"taxonomy":"product_cat","embeddable":true,"href":"https:\/\/zecovalve.com\/es\/wp-json\/wp\/v2\/product_cat?post=16513"},{"taxonomy":"product_tag","embeddable":true,"href":"https:\/\/zecovalve.com\/es\/wp-json\/wp\/v2\/product_tag?post=16513"}],"curies":[{"name":"wp","href":"https:\/\/api.w.org\/{rel}","templated":true}]}}