{"id":16515,"date":"2022-06-21T06:56:11","date_gmt":"2022-06-21T06:56:11","guid":{"rendered":"https:\/\/zecovalve.com\/?post_type=product&#038;p=16515"},"modified":"2022-09-01T00:49:59","modified_gmt":"2022-09-01T00:49:59","slug":"6-inch-butterfly-valve","status":"publish","type":"product","link":"https:\/\/zecovalve.com\/es\/producto\/6-inch-butterfly-valve","title":{"rendered":"V\u00e1lvula de mariposa tipo oblea de 6 pulgadas"},"content":{"rendered":"<p>La v\u00e1lvula de mariposa de 6 pulgadas significa que el tama\u00f1o de la v\u00e1lvula es de 6 pulgadas y en DN es DN150.<\/p>\r\n\r\n\r\n\r\n<figure class=\"wp-block-image size-full\"><img loading=\"lazy\" decoding=\"async\" width=\"391\" height=\"298\" class=\"wp-image-11857\" src=\"https:\/\/zecovalve.com\/wp-content\/uploads\/2022\/01\/20220104161938-61d4739ab54a2.jpg\" alt=\"\" srcset=\"https:\/\/zecovalve.com\/wp-content\/uploads\/2022\/01\/20220104161938-61d4739ab54a2.jpg 391w, https:\/\/zecovalve.com\/wp-content\/uploads\/2022\/01\/20220104161938-61d4739ab54a2-300x229.jpg 300w\" sizes=\"auto, (max-width: 391px) 100vw, 391px\" \/><\/figure>\r\n\r\n\r\n<div class=\"gb-button-wrapper gb-button-wrapper-6d8495a3\">\r\n\r\n\r\n<p><a class=\"gb-button gb-button-3d442e11 gb-button-text\" href=\"mailto:commercial@zecovalve.com\" target=\"_blank\" rel=\"noopener noreferrer\"><strong>OBT\u00c9N PRECIO DE V\u00c1LVULA DE MARIPOSA DE 6 PULGADAS<\/strong><\/a><\/p>\r\n<\/div>\r\n\r\n\r\n\r\n\r\n<h2 class=\"wp-block-heading\" id=\"h-what-is-a-6-inch-wafer-type-butterfly-valve\">\u00bfQu\u00e9 es una v\u00e1lvula de mariposa tipo oblea de 6 pulgadas?<\/h2>\r\n\r\n\r\n\r\n<p>V\u00e1lvula de mariposa de 6 pulgadas para control de apertura y cierre de aire, aceite y otros medios compatibles con los materiales de construcci\u00f3n. La v\u00e1lvula estilo wafer se monta en s\u00e1ndwich entre bridas ANSI\/ASME Clase 150 proporcionadas por el cliente y otras bridas est\u00e1ndar internacionales.<\/p>\r\n\r\n\r\n\r\n<h2 class=\"wp-block-heading\">Dimensiones y peso de 6 v\u00e1lvulas de mariposa<\/h2>\r\n\r\n\r\n\r\n<table border=\"=1\" width=\"800\">\r\n<tbody>\r\n<tr>\r\n<td rowspan=\"2\">Presi\u00f3n nominal<\/td>\r\n<td style=\"text-align: center;\" colspan=\"4\">\u00a0Dimensi\u00f3n cara a cara (en mm)<\/td>\r\n<td style=\"text-align: center;\">Peso<\/td>\r\n<\/tr>\r\n<tr>\r\n<td style=\"text-align: center;\">Patr\u00f3n largo RF<\/td>\r\n<td style=\"text-align: center;\">Patr\u00f3n corto de RF<\/td>\r\n<td style=\"text-align: center;\">Tipo de oblea<\/td>\r\n<td style=\"text-align: center;\">Tipo de terminal<\/td>\r\n<td style=\"text-align: center;\">kg<\/td>\r\n<\/tr>\r\n<tr>\r\n<td>CLASE 150<\/td>\r\n<td style=\"text-align: center;\">267<\/td>\r\n<td style=\"text-align: center;\">140<\/td>\r\n<td style=\"text-align: center;\">57<\/td>\r\n<td style=\"text-align: center;\">57<\/td>\r\n<td style=\"text-align: center;\">65<\/td>\r\n<\/tr>\r\n<tr>\r\n<td>CLASE 300<\/td>\r\n<td style=\"text-align: center;\">403<\/td>\r\n<td style=\"text-align: center;\">210<\/td>\r\n<td style=\"text-align: center;\">59<\/td>\r\n<td style=\"text-align: center;\">59<\/td>\r\n<td style=\"text-align: center;\">90<\/td>\r\n<\/tr>\r\n<tr>\r\n<td>CLASE 600<\/td>\r\n<td style=\"text-align: center;\">559<\/td>\r\n<td style=\"text-align: center;\">210<\/td>\r\n<td style=\"text-align: center;\">78<\/td>\r\n<td style=\"text-align: center;\">78<\/td>\r\n<td style=\"text-align: center;\">170<\/td>\r\n<\/tr>\r\n<\/tbody>\r\n<\/table>\r\n\r\n\r\n\r\n<h2 class=\"wp-block-heading\">Instalaci\u00f3n de v\u00e1lvula mariposa de 6 pulgadas<\/h2>\r\n\r\n\r\n\r\n<p>ZECO proporciona instrucciones de instalaci\u00f3n detalladas para garantizar un alto rendimiento y una larga vida \u00fatil de la v\u00e1lvula de mariposa de 6 pulgadas. La capacidad de las bridas y v\u00e1lvulas de las tuber\u00edas depende de la deformaci\u00f3n de las juntas. La fuerza actuante del atornillado no s\u00f3lo resiste la fuerza para aflojar la conexi\u00f3n sino que tambi\u00e9n mantiene la tensi\u00f3n de compresi\u00f3n necesaria. Tenga en cuenta que la fuerza no excede la carga de la junta y la carga de presi\u00f3n.<\/p>\r\n\r\n\r\n\r\n<p>Para garantizar una buena conexi\u00f3n se tendr\u00e1n en cuenta las siguientes instrucciones.<\/p>\r\n\r\n\r\n\r\n<ul class=\"wp-block-list\">\r\n<li>Verifique la superficie de la brida, si aparece alg\u00fan defecto con fugas, ranuras o impresiones, rep\u00e1relo antes de la instalaci\u00f3n;<\/li>\r\n<li>Las solicitudes de instalaci\u00f3n de bridas de hierro fundido son m\u00e1s que las de hierro fundido d\u00factil. Se propone utilizar acero de baja resistencia atornillado para reducir, como resultado de la excesiva precompresi\u00f3n de la brida, la posibilidad de exceder la tensi\u00f3n prescrita. Colocar una junta de brida plana en la brida plana para evitar un torque excesivo que da\u00f1e la brida del perno. No debe confundirse con la brida plana convexa de la brida cargada. En la conexi\u00f3n de brida de hierro fundido es particularmente importante que la parte superior se instale mejor para garantizar que, en ausencia de carga excesiva, las circunstancias de la junta atornillada generen una fuerza de compactaci\u00f3n adecuada;<\/li>\r\n<li>Las juntas tienen la capacidad de resistir deformaciones y da\u00f1os;<\/li>\r\n<li>Verifique el centrado de las bridas de las piezas de ensamblaje. Lubrique las roscas de los pernos. Los pernos se sujetar\u00e1n secuencialmente para garantizar un contacto nivelado entre la brida y la junta.<\/li>\r\n<\/ul>\r\n\r\n\r\n\r\n<h2 class=\"wp-block-heading\" id=\"h-features-of-6-butterfly-valve\">Caracter\u00edsticas de la v\u00e1lvula de mariposa 6:<\/h2>\r\n\r\n\r\n\r\n<ul class=\"wp-block-list\">\r\n<li><span style=\"background-color: var(--base-3); color: var(--contrast);\">La forma \u00fanica del disco y el asiento ondulado reducen el torque requerido y extienden la vida \u00fatil de la v\u00e1lvula. <\/span><\/li>\r\n<li>El asiento del disco est\u00e1 vulcanizado en un anillo de respaldo fen\u00f3lico que garantiza un control positivo del torque del asiento y al mismo tiempo elimina la distorsi\u00f3n del asiento.<\/li>\r\n<li>El disco de acero inoxidable 316 mecanizado con precisi\u00f3n con construcci\u00f3n de v\u00e1stago (eje) de dos piezas mejora la capacidad de flujo de la v\u00e1lvula y reduce la turbulencia.<\/li>\r\n<li>El v\u00e1stago utiliza cojinetes de PTFE\/grafito con sellos de anillo tipo V para evitar fugas.<\/li>\r\n<li><span style=\"background-color: var(--base-3); color: var(--contrast);\">El soporte conectado con el dispositivo de accionamiento cumple con el est\u00e1ndar ISO5211;<\/span><\/li>\r\n<li>El v\u00e1stago est\u00e1 dise\u00f1ado para cumplir con los requisitos API 609 con un dise\u00f1o resistente a explosiones.<\/li>\r\n<\/ul>\r\n\r\n\r\n\r\n<h2 class=\"wp-block-heading\" id=\"h-material-of-6-inch-butterfly-valve\">Material de la v\u00e1lvula de mariposa de 6 pulgadas:<\/h2>\r\n\r\n\r\n\r\n<figure class=\"wp-block-table is-style-stripes\">\r\n<table>\r\n<tbody>\r\n<tr>\r\n<td>No<\/td>\r\n<td>Pieza<\/td>\r\n<td>Material<\/td>\r\n<\/tr>\r\n<tr>\r\n<td>1<\/td>\r\n<td>Cuerpo<\/td>\r\n<td>ASTM A351 CF8M<\/td>\r\n<\/tr>\r\n<tr>\r\n<td>2<\/td>\r\n<td>Anillo de sello<\/td>\r\n<td>Grafito + SS316<\/td>\r\n<\/tr>\r\n<tr>\r\n<td>3<\/td>\r\n<td>Brida de retenci\u00f3n<\/td>\r\n<td>ASTM A182 F316<\/td>\r\n<\/tr>\r\n<tr>\r\n<td>4<\/td>\r\n<td>Pin<\/td>\r\n<td>ASTM A276 316<\/td>\r\n<\/tr>\r\n<tr>\r\n<td>5<\/td>\r\n<td>Disco<\/td>\r\n<td>ASTM A351 CF8M<\/td>\r\n<\/tr>\r\n<tr>\r\n<td>6<\/td>\r\n<td>V\u00e1stago<\/td>\r\n<td>ASTM A276 316<\/td>\r\n<\/tr>\r\n<tr>\r\n<td>7<\/td>\r\n<td>Empaquetadura de v\u00e1stago<\/td>\r\n<td>Grafito<\/td>\r\n<\/tr>\r\n<tr>\r\n<td>8<\/td>\r\n<td>Golpe de tallo<\/td>\r\n<td>SS316 + PTFE<\/td>\r\n<\/tr>\r\n<tr>\r\n<td>9<\/td>\r\n<td>Perno<\/td>\r\n<td>ASTM A193 B8<\/td>\r\n<\/tr>\r\n<tr>\r\n<td>10<\/td>\r\n<td>Tuerca<\/td>\r\n<td>ASTM A194 8<\/td>\r\n<\/tr>\r\n<tr>\r\n<td>11<\/td>\r\n<td>Yugo<\/td>\r\n<td>ASTM A216 WCB<\/td>\r\n<\/tr>\r\n<\/tbody>\r\n<\/table>\r\n<\/figure>","protected":false},"excerpt":{"rendered":"<p>La v\u00e1lvula de mariposa de 6 pulgadas significa que el tama\u00f1o de la v\u00e1lvula es de 6 pulgadas y en DN es DN150. \u00bfQu\u00e9 es un 6 pulgadas...? <a title=\"V\u00e1lvula de mariposa tipo oblea de 6 pulgadas\" class=\"read-more\" href=\"https:\/\/zecovalve.com\/es\/producto\/6-inch-butterfly-valve\" aria-label=\"M\u00e1s en V\u00e1lvula Mariposa Tipo Wafer de 6 pulgadas\">Leer m\u00e1s<\/a><\/p>","protected":false},"featured_media":11857,"comment_status":"closed","ping_status":"closed","template":"","meta":{"_generate-full-width-content":"","kt_blocks_editor_width":""},"product_cat":[2044,2470],"product_tag":[2806,2801],"class_list":["post-16515","product","type-product","status-publish","has-post-thumbnail","hentry","product_cat-butterfly-valve","product_cat-butterfly-valve-by-inch","product_tag-butterfly-valve-wafer-type","product_tag-wafer-type-butterfly-valve","sales-flash-overlay","woocommerce-text-align-center","woocommerce-image-align-center","do-quantity-buttons"],"featured_image_src_large":["https:\/\/zecovalve.com\/wp-content\/uploads\/2022\/01\/20220104161938-61d4739ab54a2.jpg",391,298,false],"author_info":[],"comment_info":0,"taxonomy_info":{"product_cat":[{"value":2044,"label":"Butterfly Valve"},{"value":2470,"label":"Butterfly Valve By Inch"}],"product_tag":[{"value":2806,"label":"Butterfly Valve Wafer Type"},{"value":2801,"label":"Wafer Type Butterfly Valve"}]},"yoast_head":"<!-- This site is optimized with the Yoast SEO Premium plugin v15.4 - https:\/\/yoast.com\/wordpress\/plugins\/seo\/ -->\n<title>6 inch Wafer Type Butterfly Valve - 6 Butterfly Valve Manufacturer | ZECO<\/title>\n<meta name=\"robots\" content=\"index, follow, max-snippet:-1, max-image-preview:large, max-video-preview:-1\" \/>\n<link rel=\"canonical\" href=\"https:\/\/zecovalve.com\/es\/producto\/6-inch-butterfly-valve\" \/>\n<meta property=\"og:locale\" content=\"es_ES\" \/>\n<meta property=\"og:type\" content=\"article\" \/>\n<meta property=\"og:title\" content=\"6 inch Wafer Type Butterfly Valve - 6 Butterfly Valve Manufacturer | ZECO\" \/>\n<meta property=\"og:description\" content=\"Butterflly valve 6 inch means the valve size is 6 inch, and in DN it is DN150. What is a 6 Inch ... Leer m\u00e1s\" \/>\n<meta property=\"og:url\" content=\"https:\/\/zecovalve.com\/es\/producto\/6-inch-butterfly-valve\" \/>\n<meta property=\"og:site_name\" content=\"ZECO Valve\" \/>\n<meta property=\"article:modified_time\" content=\"2022-09-01T00:49:59+00:00\" \/>\n<meta property=\"og:image\" content=\"https:\/\/zecovalve.com\/wp-content\/uploads\/2022\/01\/20220104161938-61d4739ab54a2.jpg\" \/>\n\t<meta property=\"og:image:width\" content=\"391\" \/>\n\t<meta property=\"og:image:height\" content=\"298\" \/>\n<meta name=\"twitter:card\" content=\"summary_large_image\" \/>\n<meta name=\"twitter:label1\" content=\"Escrito por\">\n\t<meta name=\"twitter:data1\" content=\"Jerry\">\n\t<meta name=\"twitter:label2\" content=\"Tiempo de lectura\">\n\t<meta name=\"twitter:data2\" content=\"2 minutos\">\n<script type=\"application\/ld+json\" class=\"yoast-schema-graph\">{\"@context\":\"https:\/\/schema.org\",\"@graph\":[{\"@type\":\"WebSite\",\"@id\":\"https:\/\/zecovalve.com\/#website\",\"url\":\"https:\/\/zecovalve.com\/\",\"name\":\"ZECO Valve\",\"description\":\"Industrial Ball Valve, Gate Valve and Globe Valve Manufacturer\",\"potentialAction\":[{\"@type\":\"SearchAction\",\"target\":\"https:\/\/zecovalve.com\/?s={search_term_string}\",\"query-input\":\"required name=search_term_string\"}],\"inLanguage\":\"es\"},{\"@type\":\"ImageObject\",\"@id\":\"https:\/\/zecovalve.com\/product\/6-inch-butterfly-valve#primaryimage\",\"inLanguage\":\"es\",\"url\":\"https:\/\/zecovalve.com\/wp-content\/uploads\/2022\/01\/20220104161938-61d4739ab54a2.jpg\",\"width\":391,\"height\":298},{\"@type\":\"WebPage\",\"@id\":\"https:\/\/zecovalve.com\/product\/6-inch-butterfly-valve#webpage\",\"url\":\"https:\/\/zecovalve.com\/product\/6-inch-butterfly-valve\",\"name\":\"6 inch Wafer Type Butterfly Valve - 6 Butterfly Valve Manufacturer | ZECO\",\"isPartOf\":{\"@id\":\"https:\/\/zecovalve.com\/#website\"},\"primaryImageOfPage\":{\"@id\":\"https:\/\/zecovalve.com\/product\/6-inch-butterfly-valve#primaryimage\"},\"datePublished\":\"2022-06-21T06:56:11+00:00\",\"dateModified\":\"2022-09-01T00:49:59+00:00\",\"breadcrumb\":{\"@id\":\"https:\/\/zecovalve.com\/product\/6-inch-butterfly-valve#breadcrumb\"},\"inLanguage\":\"es\",\"potentialAction\":[{\"@type\":\"ReadAction\",\"target\":[\"https:\/\/zecovalve.com\/product\/6-inch-butterfly-valve\"]}]},{\"@type\":\"BreadcrumbList\",\"@id\":\"https:\/\/zecovalve.com\/product\/6-inch-butterfly-valve#breadcrumb\",\"itemListElement\":[{\"@type\":\"ListItem\",\"position\":1,\"item\":{\"@type\":\"WebPage\",\"@id\":\"https:\/\/zecovalve.com\/\",\"url\":\"https:\/\/zecovalve.com\/\",\"name\":\"Home\"}},{\"@type\":\"ListItem\",\"position\":2,\"item\":{\"@type\":\"WebPage\",\"@id\":\"https:\/\/zecovalve.com\/product-category\",\"url\":\"https:\/\/zecovalve.com\/product-category\",\"name\":\"Industrial Valve Manufacturer | Water Valve Manufacturer\"}},{\"@type\":\"ListItem\",\"position\":3,\"item\":{\"@type\":\"WebPage\",\"@id\":\"https:\/\/zecovalve.com\/product\/6-inch-butterfly-valve\",\"url\":\"https:\/\/zecovalve.com\/product\/6-inch-butterfly-valve\",\"name\":\"6 inch Wafer Type Butterfly Valve\"}}]}]}<\/script>\n<!-- \/ Yoast SEO Premium plugin. -->","_links":{"self":[{"href":"https:\/\/zecovalve.com\/es\/wp-json\/wp\/v2\/product\/16515","targetHints":{"allow":["GET"]}}],"collection":[{"href":"https:\/\/zecovalve.com\/es\/wp-json\/wp\/v2\/product"}],"about":[{"href":"https:\/\/zecovalve.com\/es\/wp-json\/wp\/v2\/types\/product"}],"replies":[{"embeddable":true,"href":"https:\/\/zecovalve.com\/es\/wp-json\/wp\/v2\/comments?post=16515"}],"wp:featuredmedia":[{"embeddable":true,"href":"https:\/\/zecovalve.com\/es\/wp-json\/wp\/v2\/media\/11857"}],"wp:attachment":[{"href":"https:\/\/zecovalve.com\/es\/wp-json\/wp\/v2\/media?parent=16515"}],"wp:term":[{"taxonomy":"product_cat","embeddable":true,"href":"https:\/\/zecovalve.com\/es\/wp-json\/wp\/v2\/product_cat?post=16515"},{"taxonomy":"product_tag","embeddable":true,"href":"https:\/\/zecovalve.com\/es\/wp-json\/wp\/v2\/product_tag?post=16515"}],"curies":[{"name":"wp","href":"https:\/\/api.w.org\/{rel}","templated":true}]}}