{"id":16523,"date":"2022-06-21T07:07:21","date_gmt":"2022-06-21T07:07:21","guid":{"rendered":"https:\/\/zecovalve.com\/?post_type=product&#038;p=16523"},"modified":"2022-09-01T00:48:27","modified_gmt":"2022-09-01T00:48:27","slug":"4-inch-butterfly-valve","status":"publish","type":"product","link":"https:\/\/zecovalve.com\/es\/producto\/4-inch-butterfly-valve","title":{"rendered":"V\u00e1lvula de mariposa de 4 pulgadas"},"content":{"rendered":"<figure class=\"wp-block-image size-full is-resized\"><img loading=\"lazy\" decoding=\"async\" class=\"wp-image-16939\" src=\"https:\/\/zecovalve.com\/wp-content\/uploads\/2022\/06\/wafer-butterfly-valve.jpg\" alt=\"V\u00e1lvula de mariposa Wafer\" width=\"248\" height=\"225\" srcset=\"https:\/\/zecovalve.com\/wp-content\/uploads\/2022\/06\/wafer-butterfly-valve.jpg 330w, https:\/\/zecovalve.com\/wp-content\/uploads\/2022\/06\/wafer-butterfly-valve-300x273.jpg 300w\" sizes=\"auto, (max-width: 248px) 100vw, 248px\" \/><\/figure>\r\n\r\n\r\n<div class=\"gb-button-wrapper gb-button-wrapper-6d8495a3\">\r\n\r\n\r\n<p><a class=\"gb-button gb-button-3d442e11 gb-button-text\" href=\"mailto:commercial@zecovalve.com\" target=\"_blank\" rel=\"noopener noreferrer\"><strong>OBT\u00c9N 4 EN PRECIO DE V\u00c1LVULA DE MARIPOSA<\/strong><\/a><\/p>\r\n<\/div>\r\n\r\n\r\n\r\n\r\n<h2 class=\"wp-block-heading\" id=\"h-what-is-4-in-butterfly-valve\">\u00bfQu\u00e9 es 4 en la v\u00e1lvula de mariposa?<\/h2>\r\n\r\n\r\n\r\n<p>La v\u00e1lvula de mariposa ZECO de 4 pulgadas est\u00e1 hecha de cuerpo, disco, v\u00e1stago, asiento, prensaestopas, engranaje, etc. La v\u00e1lvula de mariposa ZECO es el tama\u00f1o m\u00e1s utilizado en tuber\u00edas peque\u00f1as, por lo que existe un problema de almacenamiento. Los problemas a la hora de almacenar son casi los mismos que los de la preparaci\u00f3n del parto. El tiempo es el factor clave; normalmente, el per\u00edodo de almacenamiento de la v\u00e1lvula de compuerta lo decide el material de sellado. Si es necesario almacenar la v\u00e1lvula durante varias semanas o meses, se necesitan mejores condiciones de almacenamiento. La v\u00e1lvula generalmente se almacena en el interior y su temperatura ambiente de almacenamiento debe ser superior al punto de roc\u00edo. Si las v\u00e1lvulas se almacenan al aire libre, apoye la v\u00e1lvula para asegurarse de que no entre en contacto con la tierra; al mismo tiempo, se agregar\u00e1 una cubierta impermeable a la v\u00e1lvula.<\/p>\r\n\r\n\r\n\r\n<h2 class=\"wp-block-heading\">Descripci\u00f3n general de la v\u00e1lvula de mariposa de 4 pulgadas<\/h2>\r\n\r\n\r\n\r\n<ul class=\"wp-block-list\">\r\n<li>Material del cuerpo: Hierro d\u00factil pintado con epoxi\/acero al carbono\/acero inoxidable<\/li>\r\n<li>Tama\u00f1o y conexi\u00f3n: Oblea de 4 pulgadas, RF, RTJ<\/li>\r\n<li>Asientos: EPDM<\/li>\r\n<li>Disco: Acero inoxidable<\/li>\r\n<li>Actuador: palanca manual de 10 posiciones (bloqueable en cualquier posici\u00f3n)<\/li>\r\n<\/ul>\r\n\r\n\r\n\r\n<h2 class=\"wp-block-heading\">Dimensiones y peso de la v\u00e1lvula de mariposa de 4 pulgadas<\/h2>\r\n\r\n\r\n\r\n<p>&nbsp;<\/p>\r\n<table border=\"=1\" width=\"800\">\r\n<tbody>\r\n<tr>\r\n<td rowspan=\"2\">Presi\u00f3n nominal<\/td>\r\n<td style=\"text-align: center;\">Taladro<\/td>\r\n<td style=\"text-align: center;\" colspan=\"3\">\u00a0Dimensi\u00f3n cara a cara (en mm)<\/td>\r\n<td style=\"text-align: center;\">Peso<\/td>\r\n<\/tr>\r\n<tr>\r\n<td style=\"text-align: center;\">(en mm)<\/td>\r\n<td style=\"text-align: center;\">RF<\/td>\r\n<td style=\"text-align: center;\">Oblea<\/td>\r\n<td style=\"text-align: center;\">Arrastrar<\/td>\r\n<td style=\"text-align: center;\">kg<\/td>\r\n<\/tr>\r\n<tr>\r\n<td>CLASE 150<\/td>\r\n<td style=\"text-align: center;\">100<\/td>\r\n<td style=\"text-align: center;\">229\/127<\/td>\r\n<td style=\"text-align: center;\">52\/54<\/td>\r\n<td style=\"text-align: center;\">52\/54<\/td>\r\n<td style=\"text-align: center;\">11<\/td>\r\n<\/tr>\r\n<tr>\r\n<td>CLASE 300<\/td>\r\n<td style=\"text-align: center;\">100<\/td>\r\n<td style=\"text-align: center;\">305\/190<\/td>\r\n<td style=\"text-align: center;\">54<\/td>\r\n<td style=\"text-align: center;\">54<\/td>\r\n<td style=\"text-align: center;\">16<\/td>\r\n<\/tr>\r\n<tr>\r\n<td>CLASE 600<\/td>\r\n<td style=\"text-align: center;\">100<\/td>\r\n<td style=\"text-align: center;\">432\/190<\/td>\r\n<td style=\"text-align: center;\">64<\/td>\r\n<td style=\"text-align: center;\">64<\/td>\r\n<td style=\"text-align: center;\">35<\/td>\r\n<\/tr>\r\n<\/tbody>\r\n<\/table>\r\n\r\n\r\n\r\n<h2 class=\"wp-block-heading\" id=\"h-features-of-4-inch-butterfly-valve\">Caracter\u00edsticas de la v\u00e1lvula de mariposa de 4 pulgadas:<\/h2>\r\n\r\n\r\n\r\n<ul class=\"wp-block-list\">\r\n<li>1. Las v\u00e1lvulas de mariposa ZECO de 4 pulgadas son de f\u00e1cil mantenimiento. En cualquier momento, preste atenci\u00f3n a la superficie de sellado y al sello del eje. Cuando la superficie de sellado tenga abrasi\u00f3n o fugas, generalmente use el sello prensado de la placa de tornillo para resolver, cuando la fuga ocurri\u00f3 en el m\u00e1s grande, el anillo interior se puede ajustar m\u00e1s -Se debe resolver un solo chip, si hay da\u00f1os en los sellos, se pueden quitar los sellos de la placa, reemplazar los sellos, cuando el sello tenga fugas, ajustar el prensaestopas o reemplazar el anillo de sello;<\/li>\r\n<li>2. El dise\u00f1o de doble desplazamiento de la v\u00e1lvula de mariposa ZECO de 4 pulgadas es menos abrasivo y tiene una excelente capacidad de sellado;<\/li>\r\n<li>3. El dispositivo de interruptor de l\u00edmite de la v\u00e1lvula de mariposa ZECO de 4 pulgadas garantiza la posici\u00f3n correcta de apertura\/cierre;<\/li>\r\n<li>4. El cuerpo, el disco y el v\u00e1stago de la v\u00e1lvula de mariposa ZECO de 4 pulgadas tienen suficiente resistencia y flexibilidad, el sellado se puede cambiar dentro de la v\u00e1lvula.<\/li>\r\n<li>Larga vida \u00fatil con sello confiable y sin mantenimiento frecuente.<\/li>\r\n<li>P\u00e9rdida de presi\u00f3n\r\n<ul>\r\n<li>Demasiada p\u00e9rdida de presi\u00f3n provocar\u00e1 un aumento del coste de energ\u00eda correlativa. Las v\u00e1lvulas de mariposa tienen caracter\u00edsticas de flujo tres veces mejores que las v\u00e1lvulas de globo y aproximadamente 75% de una v\u00e1lvula de compuerta del mismo tama\u00f1o.<\/li>\r\n<\/ul>\r\n<\/li>\r\n<li>Multifunci\u00f3n\r\n<ul>\r\n<li>La v\u00e1lvula de mariposa con brida se puede utilizar para servicio de encendido\/apagado y regulaci\u00f3n. Son superiores en multifunci\u00f3n en comparaci\u00f3n con las v\u00e1lvulas de compuerta. Las v\u00e1lvulas de mariposa pueden usarse ampliamente en el campo qu\u00edmico debido a las opciones de ajuste y la elecci\u00f3n del revestimiento elastom\u00e9rico.<\/li>\r\n<\/ul>\r\n<\/li>\r\n<li>Peso\r\n<ul>\r\n<li>Las v\u00e1lvulas de mariposa de brida tienen las caracter\u00edsticas de ser livianas y de tama\u00f1o peque\u00f1o, por ejemplo, el peso y el tama\u00f1o de una v\u00e1lvula de mariposa de 10\u201d son 1\/9 y 1\/6 de una v\u00e1lvula de compuerta de 10\u201d. Por lo tanto, la v\u00e1lvula de mariposa es f\u00e1cil de instalar y ahorra el costo del sistema de tuber\u00edas.<\/li>\r\n<\/ul>\r\n<\/li>\r\n<li>Apretado a la burbuja\r\n<ul>\r\n<li>Las v\u00e1lvulas de mariposa con dise\u00f1o de asiento el\u00e1stico pueden ser herm\u00e9ticas en comparaci\u00f3n con las compuertas con asiento met\u00e1lico o las v\u00e1lvulas de globo.<\/li>\r\n<\/ul>\r\n<\/li>\r\n<li>F\u00e1cil de operar\r\n<ul>\r\n<li>La v\u00e1lvula de mariposa ofrece una apertura de 90 grados para cerrar.<\/li>\r\n<\/ul>\r\n<\/li>\r\n<li>Mantenimiento\r\n<ul>\r\n<li>Las v\u00e1lvulas de mariposa con brida instaladas correctamente son autolimpiantes y son menos susceptibles a fallas debido a la basura en la tuber\u00eda.<\/li>\r\n<\/ul>\r\n<\/li>\r\n<\/ul>\r\n\r\n\r\n\r\n<h2 class=\"wp-block-heading\" id=\"h-material-of-4-inch-butterfly-valve\">Material de la v\u00e1lvula de mariposa de 4 pulgadas:<\/h2>\r\n\r\n\r\n\r\n<figure class=\"wp-block-table\">\r\n<table>\r\n<tbody>\r\n<tr>\r\n<td>No<\/td>\r\n<td>Pieza<\/td>\r\n<td>Material<\/td>\r\n<\/tr>\r\n<tr>\r\n<td>1<\/td>\r\n<td>Cuerpo<\/td>\r\n<td>GGG50<\/td>\r\n<\/tr>\r\n<tr>\r\n<td>2<\/td>\r\n<td>Anillo de sello<\/td>\r\n<td>EPDM<\/td>\r\n<\/tr>\r\n<tr>\r\n<td>3<\/td>\r\n<td>Brida de retenci\u00f3n<\/td>\r\n<td>ASTM A182 F304<\/td>\r\n<\/tr>\r\n<tr>\r\n<td>4<\/td>\r\n<td>Pin<\/td>\r\n<td>ASTM A276 304<\/td>\r\n<\/tr>\r\n<tr>\r\n<td>5<\/td>\r\n<td>Disco<\/td>\r\n<td>ASTM A351 CF8<\/td>\r\n<\/tr>\r\n<tr>\r\n<td>6<\/td>\r\n<td>V\u00e1stago<\/td>\r\n<td>ASTM A276 304<\/td>\r\n<\/tr>\r\n<tr>\r\n<td>7<\/td>\r\n<td>Empaquetadura de v\u00e1stago<\/td>\r\n<td>Grafito<\/td>\r\n<\/tr>\r\n<tr>\r\n<td>8<\/td>\r\n<td>Golpe de tallo<\/td>\r\n<td>SS304 + PTFE<\/td>\r\n<\/tr>\r\n<tr>\r\n<td>9<\/td>\r\n<td>Perno<\/td>\r\n<td>ASTM A193 B7<\/td>\r\n<\/tr>\r\n<tr>\r\n<td>10<\/td>\r\n<td>Tuerca<\/td>\r\n<td>ASTM A194 2H<\/td>\r\n<\/tr>\r\n<tr>\r\n<td>11<\/td>\r\n<td>Yugo<\/td>\r\n<td>ASTM A216 WCB<\/td>\r\n<\/tr>\r\n<\/tbody>\r\n<\/table>\r\n<\/figure>","protected":false},"excerpt":{"rendered":"<p>\u00bfQu\u00e9 es 4 en la v\u00e1lvula de mariposa? La v\u00e1lvula de mariposa ZECO de 4 pulgadas est\u00e1 hecha de cuerpo, disco, v\u00e1stago, asiento, prensaestopas, engranaje, etc. <a title=\"V\u00e1lvula de mariposa de 4 pulgadas\" class=\"read-more\" href=\"https:\/\/zecovalve.com\/es\/producto\/4-inch-butterfly-valve\" aria-label=\"M\u00e1s en V\u00e1lvula Mariposa de 4 pulgadas\">Leer m\u00e1s<\/a><\/p>","protected":false},"featured_media":17037,"comment_status":"closed","ping_status":"closed","template":"","meta":{"_generate-full-width-content":"","kt_blocks_editor_width":""},"product_cat":[2044,2470],"product_tag":[2806,2801],"class_list":["post-16523","product","type-product","status-publish","has-post-thumbnail","hentry","product_cat-butterfly-valve","product_cat-butterfly-valve-by-inch","product_tag-butterfly-valve-wafer-type","product_tag-wafer-type-butterfly-valve","sales-flash-overlay","woocommerce-text-align-center","woocommerce-image-align-center","do-quantity-buttons"],"featured_image_src_large":["https:\/\/zecovalve.com\/wp-content\/uploads\/2022\/06\/wafer-butterfly-valve-1.jpg",330,300,false],"author_info":[],"comment_info":0,"taxonomy_info":{"product_cat":[{"value":2044,"label":"Butterfly Valve"},{"value":2470,"label":"Butterfly Valve By Inch"}],"product_tag":[{"value":2806,"label":"Butterfly Valve Wafer Type"},{"value":2801,"label":"Wafer Type Butterfly Valve"}]},"yoast_head":"<!-- This site is optimized with the Yoast SEO Premium plugin v15.4 - https:\/\/yoast.com\/wordpress\/plugins\/seo\/ -->\n<title>4 in Butterfly Valve - Butterfly Valve 4 Inch | 4 Inch Butterfly Valve | ZECO<\/title>\n<meta name=\"robots\" content=\"index, follow, max-snippet:-1, max-image-preview:large, max-video-preview:-1\" \/>\n<link rel=\"canonical\" href=\"https:\/\/zecovalve.com\/es\/producto\/4-inch-butterfly-valve\" \/>\n<meta property=\"og:locale\" content=\"es_ES\" \/>\n<meta property=\"og:type\" content=\"article\" \/>\n<meta property=\"og:title\" content=\"4 in Butterfly Valve - Butterfly Valve 4 Inch | 4 Inch Butterfly Valve | ZECO\" \/>\n<meta property=\"og:description\" content=\"What is 4 in Butterfly Valve? ZECO 4 inch butterfly valve is made of body, disc, stem, seat, stuffing box, gear, etc. ... Leer m\u00e1s\" \/>\n<meta property=\"og:url\" content=\"https:\/\/zecovalve.com\/es\/producto\/4-inch-butterfly-valve\" \/>\n<meta property=\"og:site_name\" content=\"ZECO Valve\" \/>\n<meta property=\"article:modified_time\" content=\"2022-09-01T00:48:27+00:00\" \/>\n<meta property=\"og:image\" content=\"https:\/\/zecovalve.com\/wp-content\/uploads\/2022\/06\/wafer-butterfly-valve-1.jpg\" \/>\n\t<meta property=\"og:image:width\" content=\"330\" \/>\n\t<meta property=\"og:image:height\" content=\"300\" \/>\n<meta name=\"twitter:card\" content=\"summary_large_image\" \/>\n<meta name=\"twitter:label1\" content=\"Escrito por\">\n\t<meta name=\"twitter:data1\" content=\"Jerry\">\n\t<meta name=\"twitter:label2\" content=\"Tiempo de lectura\">\n\t<meta name=\"twitter:data2\" content=\"2 minutos\">\n<script type=\"application\/ld+json\" class=\"yoast-schema-graph\">{\"@context\":\"https:\/\/schema.org\",\"@graph\":[{\"@type\":\"WebSite\",\"@id\":\"https:\/\/zecovalve.com\/#website\",\"url\":\"https:\/\/zecovalve.com\/\",\"name\":\"ZECO Valve\",\"description\":\"Industrial Ball Valve, Gate Valve and Globe Valve Manufacturer\",\"potentialAction\":[{\"@type\":\"SearchAction\",\"target\":\"https:\/\/zecovalve.com\/?s={search_term_string}\",\"query-input\":\"required name=search_term_string\"}],\"inLanguage\":\"es\"},{\"@type\":\"ImageObject\",\"@id\":\"https:\/\/zecovalve.com\/product\/4-inch-butterfly-valve#primaryimage\",\"inLanguage\":\"es\",\"url\":\"https:\/\/zecovalve.com\/wp-content\/uploads\/2022\/06\/wafer-butterfly-valve-1.jpg\",\"width\":330,\"height\":300,\"caption\":\"Wafer Butterfly Valve\"},{\"@type\":\"WebPage\",\"@id\":\"https:\/\/zecovalve.com\/product\/4-inch-butterfly-valve#webpage\",\"url\":\"https:\/\/zecovalve.com\/product\/4-inch-butterfly-valve\",\"name\":\"4 in Butterfly Valve - Butterfly Valve 4 Inch | 4 Inch Butterfly Valve | ZECO\",\"isPartOf\":{\"@id\":\"https:\/\/zecovalve.com\/#website\"},\"primaryImageOfPage\":{\"@id\":\"https:\/\/zecovalve.com\/product\/4-inch-butterfly-valve#primaryimage\"},\"datePublished\":\"2022-06-21T07:07:21+00:00\",\"dateModified\":\"2022-09-01T00:48:27+00:00\",\"breadcrumb\":{\"@id\":\"https:\/\/zecovalve.com\/product\/4-inch-butterfly-valve#breadcrumb\"},\"inLanguage\":\"es\",\"potentialAction\":[{\"@type\":\"ReadAction\",\"target\":[\"https:\/\/zecovalve.com\/product\/4-inch-butterfly-valve\"]}]},{\"@type\":\"BreadcrumbList\",\"@id\":\"https:\/\/zecovalve.com\/product\/4-inch-butterfly-valve#breadcrumb\",\"itemListElement\":[{\"@type\":\"ListItem\",\"position\":1,\"item\":{\"@type\":\"WebPage\",\"@id\":\"https:\/\/zecovalve.com\/\",\"url\":\"https:\/\/zecovalve.com\/\",\"name\":\"Home\"}},{\"@type\":\"ListItem\",\"position\":2,\"item\":{\"@type\":\"WebPage\",\"@id\":\"https:\/\/zecovalve.com\/product-category\",\"url\":\"https:\/\/zecovalve.com\/product-category\",\"name\":\"Industrial Valve Manufacturer | Water Valve Manufacturer\"}},{\"@type\":\"ListItem\",\"position\":3,\"item\":{\"@type\":\"WebPage\",\"@id\":\"https:\/\/zecovalve.com\/product\/4-inch-butterfly-valve\",\"url\":\"https:\/\/zecovalve.com\/product\/4-inch-butterfly-valve\",\"name\":\"4 inch Butterfly Valve\"}}]}]}<\/script>\n<!-- \/ Yoast SEO Premium plugin. -->","_links":{"self":[{"href":"https:\/\/zecovalve.com\/es\/wp-json\/wp\/v2\/product\/16523","targetHints":{"allow":["GET"]}}],"collection":[{"href":"https:\/\/zecovalve.com\/es\/wp-json\/wp\/v2\/product"}],"about":[{"href":"https:\/\/zecovalve.com\/es\/wp-json\/wp\/v2\/types\/product"}],"replies":[{"embeddable":true,"href":"https:\/\/zecovalve.com\/es\/wp-json\/wp\/v2\/comments?post=16523"}],"wp:featuredmedia":[{"embeddable":true,"href":"https:\/\/zecovalve.com\/es\/wp-json\/wp\/v2\/media\/17037"}],"wp:attachment":[{"href":"https:\/\/zecovalve.com\/es\/wp-json\/wp\/v2\/media?parent=16523"}],"wp:term":[{"taxonomy":"product_cat","embeddable":true,"href":"https:\/\/zecovalve.com\/es\/wp-json\/wp\/v2\/product_cat?post=16523"},{"taxonomy":"product_tag","embeddable":true,"href":"https:\/\/zecovalve.com\/es\/wp-json\/wp\/v2\/product_tag?post=16523"}],"curies":[{"name":"wp","href":"https:\/\/api.w.org\/{rel}","templated":true}]}}