{"id":16525,"date":"2022-06-21T07:10:57","date_gmt":"2022-06-21T07:10:57","guid":{"rendered":"https:\/\/zecovalve.com\/?post_type=product&#038;p=16525"},"modified":"2023-06-07T07:08:17","modified_gmt":"2023-06-07T07:08:17","slug":"industrial-ball-valve","status":"publish","type":"product","link":"https:\/\/zecovalve.com\/es\/producto\/industrial-ball-valve","title":{"rendered":"V\u00e1lvula de bola industrial"},"content":{"rendered":"<h1 class=\"sep-title\">V\u00e1lvula de bola industrial<\/h1>\n<div class=\"sep-box-detail clearfix\">\n<div class=\"box-lf\">\n<div class=\"thumb\">\n<p><img loading=\"lazy\" decoding=\"async\" class=\"size-medium wp-image-16526\" src=\"https:\/\/zecovalve.com\/wp-content\/uploads\/2022\/06\/industrial-ball-valve-1_1638956977-300x225.jpg\" alt=\"V\u00e1lvula de bola industrial\" width=\"300\" height=\"225\" srcset=\"https:\/\/zecovalve.com\/wp-content\/uploads\/2022\/06\/industrial-ball-valve-1_1638956977-300x225.jpg 300w, https:\/\/zecovalve.com\/wp-content\/uploads\/2022\/06\/industrial-ball-valve-1_1638956977-768x576.jpg 768w, https:\/\/zecovalve.com\/wp-content\/uploads\/2022\/06\/industrial-ball-valve-1_1638956977-600x450.jpg 600w, https:\/\/zecovalve.com\/wp-content\/uploads\/2022\/06\/industrial-ball-valve-1_1638956977.jpg 800w\" sizes=\"auto, (max-width: 300px) 100vw, 300px\" \/><\/p>\n<p><img loading=\"lazy\" decoding=\"async\" class=\"alignnone size-medium wp-image-16527\" src=\"https:\/\/zecovalve.com\/wp-content\/uploads\/2022\/06\/industrial-ball-valve-2-300x225.jpg\" alt=\"\" width=\"300\" height=\"225\" srcset=\"https:\/\/zecovalve.com\/wp-content\/uploads\/2022\/06\/industrial-ball-valve-2-300x225.jpg 300w, https:\/\/zecovalve.com\/wp-content\/uploads\/2022\/06\/industrial-ball-valve-2-768x576.jpg 768w, https:\/\/zecovalve.com\/wp-content\/uploads\/2022\/06\/industrial-ball-valve-2-600x450.jpg 600w, https:\/\/zecovalve.com\/wp-content\/uploads\/2022\/06\/industrial-ball-valve-2.jpg 800w\" sizes=\"auto, (max-width: 300px) 100vw, 300px\" \/> <img loading=\"lazy\" decoding=\"async\" class=\"alignnone size-medium wp-image-16528\" src=\"https:\/\/zecovalve.com\/wp-content\/uploads\/2022\/06\/industrial-ball-valve-3-300x225.jpg\" alt=\"\" width=\"300\" height=\"225\" srcset=\"https:\/\/zecovalve.com\/wp-content\/uploads\/2022\/06\/industrial-ball-valve-3-300x225.jpg 300w, https:\/\/zecovalve.com\/wp-content\/uploads\/2022\/06\/industrial-ball-valve-3-768x576.jpg 768w, https:\/\/zecovalve.com\/wp-content\/uploads\/2022\/06\/industrial-ball-valve-3-600x450.jpg 600w, https:\/\/zecovalve.com\/wp-content\/uploads\/2022\/06\/industrial-ball-valve-3.jpg 800w\" sizes=\"auto, (max-width: 300px) 100vw, 300px\" \/> <img loading=\"lazy\" decoding=\"async\" class=\"alignnone size-medium wp-image-16529\" src=\"https:\/\/zecovalve.com\/wp-content\/uploads\/2022\/06\/industrial-ball-valve-4-300x225.jpg\" alt=\"\" width=\"300\" height=\"225\" srcset=\"https:\/\/zecovalve.com\/wp-content\/uploads\/2022\/06\/industrial-ball-valve-4-300x225.jpg 300w, https:\/\/zecovalve.com\/wp-content\/uploads\/2022\/06\/industrial-ball-valve-4-768x576.jpg 768w, https:\/\/zecovalve.com\/wp-content\/uploads\/2022\/06\/industrial-ball-valve-4-600x450.jpg 600w, https:\/\/zecovalve.com\/wp-content\/uploads\/2022\/06\/industrial-ball-valve-4.jpg 800w\" sizes=\"auto, (max-width: 300px) 100vw, 300px\" \/><\/p>\n<\/div>\n<div class=\"info\"><a href=\"https:\/\/zecovalve.com\/es\/products\/industrial-ball-valve.html\/#form\"><i class=\"fa fa-commenting-o\" aria-hidden=\"true\"><\/i>\u00a0OBTENER PRECIO DE V\u00c1LVULA<\/a><\/div>\n<\/div>\n<div class=\"box-rt\">\n<div class=\"gg\">\n<div class=\"swiper-container swiper-container-initialized swiper-container-vertical\">\n<div class=\"swiper-wrapper\">\n<div class=\"swiper-slide swiper-slide-active\">\n<div class=\"img\"><\/div>\n<\/div>\n<\/div>\n<\/div>\n<\/div>\n<\/div>\n<\/div>\n<div class=\"richtext\">\n<h2>Descripci\u00f3n de la v\u00e1lvula de bola industrial:<\/h2>\n<p>La v\u00e1lvula de bola industrial ZECO se usa ampliamente en petroqu\u00edmica, refinaci\u00f3n, metalurgia, plataformas marinas y otras industrias. Nuestros clientes incluyen China National Natural Gas Corporation, Chemical Equipment Corporation, CNOOC y otras unidades miembros de suministro de punto fijo. La compa\u00f1\u00eda de v\u00e1lvulas industriales ZECO lleva a cabo una inspecci\u00f3n estricta de cada v\u00e1lvula de bola industrial, y los inspectores son altamente responsables de cada componente, junto con el equipo de prueba m\u00e1s avanzado y un estricto sistema de gesti\u00f3n de calidad, para que cada v\u00e1lvula de bola pueda soportar la cuidadosa selecci\u00f3n de los clientes. Entre los fabricantes de v\u00e1lvulas de bola industriales,\u00a0<a href=\"https:\/\/zecovalve.com\/es\/\" target=\"_self\" rel=\"noopener\">Empresa ZECO<\/a>\u00a0Seguramente le brindar\u00e1 los mejores productos.<\/p>\n<h2>Caracter\u00edsticas de la v\u00e1lvula de bola industrial:<\/h2>\n<p>1. La v\u00e1lvula de bola industrial ZECO tiene un dise\u00f1o especial de protecci\u00f3n contra incendios y dos sellos, el primero es un sello resistente y el segundo es un sello met\u00e1lico. En caso de incendio, la resistente estructura del sello se destruir\u00e1 en primer lugar. En este momento, el resorte empujar\u00e1 el sello met\u00e1lico hacia la bola y se sellar\u00e1 herm\u00e9ticamente con la bola para reducir la fuga del medio;<\/p>\n<p>2. V\u00e1lvula de bola industrial ZECO para evitar en el proceso de conmutaci\u00f3n el efecto electrost\u00e1tico y provocar un peligro de explosi\u00f3n inflamable, en cada cuerpo de v\u00e1lvula de bola, bola y v\u00e1stago est\u00e1n dise\u00f1ados el dispositivo antiest\u00e1tico, compuesto por una bola y un resorte de acero inoxidable. puede generar r\u00e1pidamente electricidad est\u00e1tica desde la esfera de la v\u00e1lvula y conducirla al cuerpo de la v\u00e1lvula, entrega suave y cuerpo;<\/p>\n<p>3. V\u00e1lvula de bola industrial ZECO para mejorar el uso a largo plazo de la v\u00e1lvula en la tuber\u00eda, f\u00e1cil mantenimiento, por lo que en el orificio de engrase del dise\u00f1o del v\u00e1stago y el asiento, por lo que en el mantenimiento regular o el uso a largo plazo despu\u00e9s de la microfuga es necesario reparaci\u00f3n, puede ser una operaci\u00f3n simple, mediante la inyecci\u00f3n de grasa de sellado, garantizar el uso normal de la v\u00e1lvula de bola en la tuber\u00eda;<\/p>\n<p>4. La v\u00e1lvula de bola industrial ZECO se puede recubrir con una capa de epoxi de hasta 1500 \u03bcm de espesor, dependiendo de los requisitos del cliente, para proteger mejor la v\u00e1lvula contra la corrosi\u00f3n. Este proceso puede prevenir eficazmente la v\u00e1lvula de bola en algunas condiciones de medio corrosivo por erosi\u00f3n del medio.<\/p>\n<h2>Material de la v\u00e1lvula de bola industrial:<\/h2>\n<table>\n<tbody>\n<tr class=\"firstRow\">\n<td valign=\"center\">No<\/td>\n<td valign=\"center\">Pieza<\/td>\n<td valign=\"center\">Material<\/td>\n<\/tr>\n<tr>\n<td valign=\"center\">1<\/td>\n<td valign=\"center\">Cuerpo<\/td>\n<td valign=\"center\">ASTM A216 WCB<\/td>\n<\/tr>\n<tr>\n<td valign=\"center\">2<\/td>\n<td valign=\"center\">Cap\u00f3<\/td>\n<td valign=\"center\">ASTM A216 WCB<\/td>\n<\/tr>\n<tr>\n<td valign=\"center\">3<\/td>\n<td valign=\"center\">Bola<\/td>\n<td valign=\"center\">ASTM A182 F304<\/td>\n<\/tr>\n<tr>\n<td valign=\"center\">4<\/td>\n<td valign=\"center\">Asiento<\/td>\n<td valign=\"center\">ASTM A182 F304 + PTFE<\/td>\n<\/tr>\n<tr>\n<td valign=\"center\">5<\/td>\n<td valign=\"center\">V\u00e1stago<\/td>\n<td valign=\"center\">ASTM A276 304<\/td>\n<\/tr>\n<tr>\n<td valign=\"center\">6<\/td>\n<td valign=\"center\">Dispositivo antiest\u00e1tico<\/td>\n<td valign=\"center\">SS304<\/td>\n<\/tr>\n<tr>\n<td valign=\"center\">7<\/td>\n<td valign=\"center\">Junta<\/td>\n<td valign=\"center\">Grafito + SS304<\/td>\n<\/tr>\n<tr>\n<td valign=\"center\">8<\/td>\n<td valign=\"center\">Perno<\/td>\n<td valign=\"center\">ASTM A193 B7<\/td>\n<\/tr>\n<tr>\n<td valign=\"center\">9<\/td>\n<td valign=\"center\">Tuerca<\/td>\n<td valign=\"center\">ASTM A194 2H<\/td>\n<\/tr>\n<tr>\n<td valign=\"center\">10<\/td>\n<td valign=\"center\">Junta t\u00f3rica<\/td>\n<td valign=\"center\">Vit\u00f3n A<\/td>\n<\/tr>\n<tr>\n<td valign=\"center\">11<\/td>\n<td valign=\"center\">Palanca<\/td>\n<td valign=\"center\">ASTM A216 WCB<\/td>\n<\/tr>\n<\/tbody>\n<\/table>\n<\/div>","protected":false},"excerpt":{"rendered":"<p>V\u00e1lvula de bola industrial OBTENER PRECIO DE LA V\u00c1LVULA Descripci\u00f3n de la v\u00e1lvula de bola industrial: La v\u00e1lvula de bola industrial ZECO se utiliza ampliamente en petroqu\u00edmica, refinaci\u00f3n, metalurgia,\u2026 <a title=\"V\u00e1lvula de bola industrial\" class=\"read-more\" href=\"https:\/\/zecovalve.com\/es\/producto\/industrial-ball-valve\" aria-label=\"M\u00e1s en V\u00e1lvulas de Bola Industriales\">Leer m\u00e1s<\/a><\/p>","protected":false},"featured_media":27864,"comment_status":"closed","ping_status":"closed","template":"","meta":{"_generate-full-width-content":"","kt_blocks_editor_width":""},"product_cat":[2047,2459,2465],"product_tag":[2804,3920,2658],"class_list":["post-16525","product","type-product","status-publish","has-post-thumbnail","hentry","product_cat-ball-valve","product_cat-ball-valve-by-form","product_cat-forged-steel-ball-valve","product_tag-2-inch-ball-valve","product_tag-api-6d-ball-valve","product_tag-isolation-valve","sales-flash-overlay","woocommerce-text-align-center","woocommerce-image-align-center","do-quantity-buttons"],"featured_image_src_large":["https:\/\/zecovalve.com\/wp-content\/uploads\/2022\/06\/Industrial-Ball-Valve.jpg",800,600,false],"author_info":[],"comment_info":0,"taxonomy_info":{"product_cat":[{"value":2047,"label":"Ball Valve"},{"value":2459,"label":"Ball Valve By Form"},{"value":2465,"label":"Forged Ball Valve"}],"product_tag":[{"value":2804,"label":"2 inch Ball Valve"},{"value":3920,"label":"API 6D Ball Valve"},{"value":2658,"label":"Isolation Valve"}]},"yoast_head":"<!-- This site is optimized with the Yoast SEO Premium plugin v15.4 - https:\/\/yoast.com\/wordpress\/plugins\/seo\/ -->\n<title>Industrial Ball Valve - ZECO Valve<\/title>\n<meta name=\"robots\" content=\"index, follow, max-snippet:-1, max-image-preview:large, max-video-preview:-1\" \/>\n<link rel=\"canonical\" href=\"https:\/\/zecovalve.com\/es\/producto\/industrial-ball-valve\" \/>\n<meta property=\"og:locale\" content=\"es_ES\" \/>\n<meta property=\"og:type\" content=\"article\" \/>\n<meta property=\"og:title\" content=\"Industrial Ball Valve - ZECO Valve\" \/>\n<meta property=\"og:description\" content=\"Industrial Ball Valve \u00a0GET VALVE PRICE Description of Industrial Ball Valve: ZECO industrial ball valve is widely used in petrochemical, refining, metallurgy, ... Leer m\u00e1s\" \/>\n<meta property=\"og:url\" content=\"https:\/\/zecovalve.com\/es\/producto\/industrial-ball-valve\" \/>\n<meta property=\"og:site_name\" content=\"ZECO Valve\" \/>\n<meta property=\"article:modified_time\" content=\"2023-06-07T07:08:17+00:00\" \/>\n<meta property=\"og:image\" content=\"https:\/\/zecovalve.com\/wp-content\/uploads\/2022\/06\/Industrial-Ball-Valve.jpg\" \/>\n\t<meta property=\"og:image:width\" content=\"800\" \/>\n\t<meta property=\"og:image:height\" content=\"600\" \/>\n<meta name=\"twitter:card\" content=\"summary_large_image\" \/>\n<meta name=\"twitter:label1\" content=\"Escrito por\">\n\t<meta name=\"twitter:data1\" content=\"Jerry\">\n\t<meta name=\"twitter:label2\" content=\"Tiempo de lectura\">\n\t<meta name=\"twitter:data2\" content=\"2 minutos\">\n<script type=\"application\/ld+json\" class=\"yoast-schema-graph\">{\"@context\":\"https:\/\/schema.org\",\"@graph\":[{\"@type\":\"WebSite\",\"@id\":\"https:\/\/zecovalve.com\/#website\",\"url\":\"https:\/\/zecovalve.com\/\",\"name\":\"ZECO Valve\",\"description\":\"Industrial Ball Valve, Gate Valve and Globe Valve Manufacturer\",\"potentialAction\":[{\"@type\":\"SearchAction\",\"target\":\"https:\/\/zecovalve.com\/?s={search_term_string}\",\"query-input\":\"required name=search_term_string\"}],\"inLanguage\":\"es\"},{\"@type\":\"ImageObject\",\"@id\":\"https:\/\/zecovalve.com\/product\/industrial-ball-valve#primaryimage\",\"inLanguage\":\"es\",\"url\":\"https:\/\/zecovalve.com\/wp-content\/uploads\/2022\/06\/Industrial-Ball-Valve.jpg\",\"width\":800,\"height\":600,\"caption\":\"Industrial Ball Valve\"},{\"@type\":\"WebPage\",\"@id\":\"https:\/\/zecovalve.com\/product\/industrial-ball-valve#webpage\",\"url\":\"https:\/\/zecovalve.com\/product\/industrial-ball-valve\",\"name\":\"Industrial Ball Valve - ZECO Valve\",\"isPartOf\":{\"@id\":\"https:\/\/zecovalve.com\/#website\"},\"primaryImageOfPage\":{\"@id\":\"https:\/\/zecovalve.com\/product\/industrial-ball-valve#primaryimage\"},\"datePublished\":\"2022-06-21T07:10:57+00:00\",\"dateModified\":\"2023-06-07T07:08:17+00:00\",\"breadcrumb\":{\"@id\":\"https:\/\/zecovalve.com\/product\/industrial-ball-valve#breadcrumb\"},\"inLanguage\":\"es\",\"potentialAction\":[{\"@type\":\"ReadAction\",\"target\":[\"https:\/\/zecovalve.com\/product\/industrial-ball-valve\"]}]},{\"@type\":\"BreadcrumbList\",\"@id\":\"https:\/\/zecovalve.com\/product\/industrial-ball-valve#breadcrumb\",\"itemListElement\":[{\"@type\":\"ListItem\",\"position\":1,\"item\":{\"@type\":\"WebPage\",\"@id\":\"https:\/\/zecovalve.com\/\",\"url\":\"https:\/\/zecovalve.com\/\",\"name\":\"Home\"}},{\"@type\":\"ListItem\",\"position\":2,\"item\":{\"@type\":\"WebPage\",\"@id\":\"https:\/\/zecovalve.com\/product-category\",\"url\":\"https:\/\/zecovalve.com\/product-category\",\"name\":\"Industrial Valve Manufacturer | Water Valve Manufacturer\"}},{\"@type\":\"ListItem\",\"position\":3,\"item\":{\"@type\":\"WebPage\",\"@id\":\"https:\/\/zecovalve.com\/product\/industrial-ball-valve\",\"url\":\"https:\/\/zecovalve.com\/product\/industrial-ball-valve\",\"name\":\"Industrial Ball Valve\"}}]}]}<\/script>\n<!-- \/ Yoast SEO Premium plugin. -->","_links":{"self":[{"href":"https:\/\/zecovalve.com\/es\/wp-json\/wp\/v2\/product\/16525","targetHints":{"allow":["GET"]}}],"collection":[{"href":"https:\/\/zecovalve.com\/es\/wp-json\/wp\/v2\/product"}],"about":[{"href":"https:\/\/zecovalve.com\/es\/wp-json\/wp\/v2\/types\/product"}],"replies":[{"embeddable":true,"href":"https:\/\/zecovalve.com\/es\/wp-json\/wp\/v2\/comments?post=16525"}],"wp:featuredmedia":[{"embeddable":true,"href":"https:\/\/zecovalve.com\/es\/wp-json\/wp\/v2\/media\/27864"}],"wp:attachment":[{"href":"https:\/\/zecovalve.com\/es\/wp-json\/wp\/v2\/media?parent=16525"}],"wp:term":[{"taxonomy":"product_cat","embeddable":true,"href":"https:\/\/zecovalve.com\/es\/wp-json\/wp\/v2\/product_cat?post=16525"},{"taxonomy":"product_tag","embeddable":true,"href":"https:\/\/zecovalve.com\/es\/wp-json\/wp\/v2\/product_tag?post=16525"}],"curies":[{"name":"wp","href":"https:\/\/api.w.org\/{rel}","templated":true}]}}