{"id":16546,"date":"2022-06-21T07:25:55","date_gmt":"2022-06-21T07:25:55","guid":{"rendered":"https:\/\/zecovalve.com\/?post_type=product&#038;p=16546"},"modified":"2023-06-07T07:08:45","modified_gmt":"2023-06-07T07:08:45","slug":"cryogenic-ball-valve","status":"publish","type":"product","link":"https:\/\/zecovalve.com\/es\/producto\/cryogenic-ball-valve","title":{"rendered":"V\u00e1lvula de bola criog\u00e9nica"},"content":{"rendered":"<figure class=\"wp-block-image alignnone size-medium wp-image-16547\"><img loading=\"lazy\" decoding=\"async\" width=\"300\" height=\"225\" class=\"wp-image-16547\" src=\"https:\/\/zecovalve.com\/wp-content\/uploads\/2022\/06\/cryogenic-ball-valve-300x225.jpg\" alt=\"V\u00e1lvula de bola criog\u00e9nica\" srcset=\"https:\/\/zecovalve.com\/wp-content\/uploads\/2022\/06\/cryogenic-ball-valve-300x225.jpg 300w, https:\/\/zecovalve.com\/wp-content\/uploads\/2022\/06\/cryogenic-ball-valve-768x576.jpg 768w, https:\/\/zecovalve.com\/wp-content\/uploads\/2022\/06\/cryogenic-ball-valve-600x450.jpg 600w, https:\/\/zecovalve.com\/wp-content\/uploads\/2022\/06\/cryogenic-ball-valve.jpg 800w\" sizes=\"auto, (max-width: 300px) 100vw, 300px\" \/><\/figure>\r\n\r\n\r\n\r\n\r\n<div class=\"gb-button-wrapper gb-button-wrapper-6d8495a3\">\r\n\r\n\r\n<p><a class=\"gb-button gb-button-3d442e11 gb-button-text\" href=\"mailto:commercial@zecovalve.com\" target=\"_blank\" rel=\"noopener noreferrer\"><strong>OBTENER PRECIO DE V\u00c1LVULA DE BOLA CRIOG\u00c9NICA<\/strong><\/a><\/p>\r\n<\/div>\r\n\r\n\r\n<h2 class=\"wp-block-heading\">\u00bfQu\u00e9 es la v\u00e1lvula criog\u00e9nica?<\/h2>\r\n\r\n\r\n\r\n<p>Las v\u00e1lvulas criog\u00e9nicas se mantienen en una posici\u00f3n cerrada natural para mantener los gases criog\u00e9nicos u otros medios seguros y contenidos de forma segura. Una v\u00e1lvula criog\u00e9nica generalmente est\u00e1 dise\u00f1ada para reaccionar a una alta presi\u00f3n que empuja la v\u00e1lvula a la posici\u00f3n abierta para permitir que el gas u otros medios fluyan f\u00e1cilmente.<\/p>\r\n\r\n\r\n\r\n<h2 class=\"wp-block-heading\" id=\"h-what-is-a-cryogenic-ball-valve\">\u00bfQu\u00e9 es una v\u00e1lvula de bola criog\u00e9nica?<\/h2>\r\n\r\n\r\n\r\n<p>La v\u00e1lvula de bola criog\u00e9nica ZECO puede dise\u00f1arse con bola flotante y bola montada sobre mu\u00f1\u00f3n. Para evitar un aumento anormal de presi\u00f3n en la cavidad del cuerpo de la v\u00e1lvula, en el lado aguas arriba de la bola se har\u00e1 un orificio para conectar la cavidad del cuerpo entre la tuber\u00eda aguas arriba y la presi\u00f3n de equilibrio, por lo que durante la instalaci\u00f3n es necesario considerar la direcci\u00f3n del flujo medio. La estructura del asiento de la v\u00e1lvula se utiliza del tipo DBB, que puede aliviar autom\u00e1ticamente la presi\u00f3n en la tuber\u00eda aguas arriba o aguas abajo cuando la presi\u00f3n de la cavidad del cuerpo aumenta anormalmente. Entre el cuerpo y el asiento, el tipo de sello est\u00e1 dise\u00f1ado para doble sello de labio o con doble sello de labio de carga inversa. Entre el v\u00e1stago y la empaquetadura se utiliza sello de labio + tipo grafito. La empaquetadura de la v\u00e1lvula se cargar\u00e1 con un resorte Belleville para evitar que se afloje. El casquete de la v\u00e1lvula est\u00e1 dise\u00f1ado como tipo casquete extendido. A diferentes temperaturas de servicio para mantener la temperatura del asiento de la empaquetadura por encima de 0 \u2103.<\/p>\r\n\r\n\r\n\r\n<h2 class=\"wp-block-heading\">Especificaciones de la v\u00e1lvula de bola criog\u00e9nica<\/h2>\r\n\r\n\r\n\r\n<ul class=\"wp-block-list\">\r\n<li>Clase 150 a Clase 2500<\/li>\r\n<li>Rango de tama\u00f1os \u00bc\u201d a 24\u201d (Depende de la clase)<\/li>\r\n<li>Flotante y Mu\u00f1\u00f3n, Di\u00e1metro Total y Reducido<\/li>\r\n<li>Espesor de pared del cuerpo ASME B16.34, versiones forjadas o fundidas<\/li>\r\n<li>Probado criog\u00e9nicamente a -196 \u00b0C (-320 \u00b0F)<\/li>\r\n<li>Dise\u00f1o a prueba de incendios API 607<\/li>\r\n<li>Est\u00e1ndar de bola ventilada<\/li>\r\n<li>Dise\u00f1o de v\u00e1stago guiado a prueba de explosiones y de bajo torque<\/li>\r\n<li>Embalaje con carga din\u00e1mica y capacidad antiest\u00e1tica<\/li>\r\n<li>Emisiones fugitivas ISO 15848<\/li>\r\n<li>Asientos de PTFE, TFM, CTFM, PCTFE y metal disponibles<\/li>\r\n<li>Las v\u00e1lvulas se desengrasan, limpian y empaquetan antes del env\u00edo.<\/li>\r\n<li>Longitudes personalizadas cara a cara disponibles seg\u00fan los requisitos del cliente<\/li>\r\n<li>Operadores manuales, el\u00e9ctricos, neum\u00e1ticos o electrohidr\u00e1ulicos disponibles<\/li>\r\n<li>Pruebas de fuego: API 607, API 6FA, BS 6755 Parte II<\/li>\r\n<li>Pruebas: API 598, API 17D, ISO 5208, BS 6755 Parte I, BS 6364<\/li>\r\n<li>Marcado: MSS-SP-25, PED<\/li>\r\n<li>Certificaciones: API607, SIL, NACE, MR0175, PED, Emisiones fugitivas<\/li>\r\n<\/ul>\r\n\r\n\r\n\r\n<h2 class=\"wp-block-heading\">\u00bfPor qu\u00e9 la v\u00e1lvula criog\u00e9nica tiene un cap\u00f3 extendido?<\/h2>\r\n\r\n\r\n\r\n<p>El etileno, el ox\u00edgeno l\u00edquido, el hidr\u00f3geno l\u00edquido, el gas natural licuado, el petr\u00f3leo licuado y otros medios l\u00edquidos que las v\u00e1lvulas criog\u00e9nicas transfieren son inflamables y explosivos. Es m\u00e1s, se gasificar\u00e1n y expandir\u00e1n cientos de veces cuando aumente la temperatura.<\/p>\r\n\r\n\r\n\r\n<p>Este tipo de v\u00e1lvula siempre est\u00e1 equipada con una tapa extendida o, concretamente, un v\u00e1stago extendido. Eso es porque:<\/p>\r\n\r\n\r\n\r\n<ul class=\"wp-block-list\">\r\n<li>El cap\u00f3 extendido puede evitar que el prensaestopas, que desempe\u00f1a un papel importante en la v\u00e1lvula criog\u00e9nica y otras v\u00e1lvulas, se da\u00f1e debido a las bajas temperaturas. A medida que la temperatura baja, la empaquetadura se volver\u00e1 gradualmente menos el\u00e1stica y perder\u00e1 su capacidad de evitar fugas. Luego, congele a medias el espacio entre la empaquetadura y el v\u00e1stago, lo que dificulta el movimiento del v\u00e1stago y raya la empaquetadura a medida que el v\u00e1stago se mueve. Al final, lo que sigue es una fuga grave. Por lo tanto, se utiliza un v\u00e1stago extendido para garantizar que la empaquetadura est\u00e9 lo suficientemente caliente, al menos por encima de 8 \u2103.<\/li>\r\n<li>La estructura extendida del cap\u00f3 hace que sea conveniente envolver materiales especiales alrededor de la v\u00e1lvula, evitando la p\u00e9rdida de energ\u00eda fr\u00eda.<\/li>\r\n<li>Las tuber\u00edas y v\u00e1lvulas suelen instalarse en la denominada &quot;caja fr\u00eda&quot;, pero su &quot;cuello largo&quot; puede atravesar la pared de la &quot;caja fr\u00eda&quot;. En base a esto, el v\u00e1stago extendido hace que sea conveniente desmontar o reemplazar las partes principales de la v\u00e1lvula r\u00e1pidamente a trav\u00e9s del casquete.<\/li>\r\n<\/ul>\r\n\r\n\r\n\r\n<p>Por lo tanto, el cuerpo de la v\u00e1lvula y la tuber\u00eda est\u00e1n soldados entre s\u00ed para reducir las fugas de la caja fr\u00eda tanto como sea posible y garantizar el rendimiento de sellado de la v\u00e1lvula.<\/p>\r\n\r\n\r\n\r\n<h2 class=\"wp-block-heading\" id=\"h-features-of-cryogenic-ball-valve\">Caracter\u00edsticas de la v\u00e1lvula de bola criog\u00e9nica<\/h2>\r\n\r\n\r\n\r\n<ul class=\"wp-block-list\">\r\n<li>Las piezas de presi\u00f3n de la v\u00e1lvula de bola criog\u00e9nica ZECO se deben a que despu\u00e9s del tratamiento criog\u00e9nico antes del mecanizado, en un tanque de nitr\u00f3geno l\u00edquido: 196 \u2103, repita dos veces el \u00faltimo aislamiento durante 1 ~ 2 horas, por lo que las piezas de la v\u00e1lvula de bola ZECO no lo har\u00e1n debido al cambio de temperatura del medio causado por el calor y el fr\u00edo. la estructura de sellado y encogimiento no causar\u00e1 deformaci\u00f3n debido a la baja temperatura;<\/li>\r\n<li>Para proteger el efecto de sellado a largo plazo de la caja de empaque, la cubierta de la v\u00e1lvula de bola criog\u00e9nica ZECO adopta la estructura de cuello largo para mantener la caja de empaque alejada de las bajas temperaturas y agregarle material aislante;<\/li>\r\n<li>La junta especialmente desarrollada de la v\u00e1lvula de bola criog\u00e9nica ZECO puede garantizar el funcionamiento normal a baja temperatura y temperatura normal;<\/li>\r\n<li>El v\u00e1stago de la v\u00e1lvula de bola criog\u00e9nica ZECO tambi\u00e9n est\u00e1 cromado y tratado con nitruro, lo que mejora en gran medida la dureza de la superficie del v\u00e1stago.<\/li>\r\n<li>Lapeado de bola\/asiento\r\n<ul>\r\n<li>Los juegos de bolas y asientos traslapados se utilizan cuando los materiales y los requisitos de sellado lo exigen. Este preciso proceso de fabricaci\u00f3n garantiza el par de funcionamiento m\u00e1s bajo y la capacidad de sellado m\u00e1s herm\u00e9tico posible de la bola y los asientos, al mismo tiempo que proporciona una vida \u00fatil excepcionalmente larga para la aplicaci\u00f3n prevista. El lapeado es un proceso de acabado de superficies en el que se utilizan compuestos de pulido extremadamente finos como agente de lapeado para lograr superficies de contacto notablemente cercanas.<\/li>\r\n<\/ul>\r\n<\/li>\r\n<li>Extensi\u00f3n del v\u00e1stago que ahorra energ\u00eda\r\n<ul>\r\n<li>El espacio entre el di\u00e1metro interior de la carcasa de extensi\u00f3n del v\u00e1stago y el di\u00e1metro exterior del v\u00e1stago forjado est\u00e1 dise\u00f1ado para ser inferior a 1 mm. Esta configuraci\u00f3n est\u00e1 dise\u00f1ada para mantener el calor alejado del l\u00edquido contenido en la l\u00ednea, ahorrando as\u00ed importantes costes energ\u00e9ticos.<\/li>\r\n<\/ul>\r\n<\/li>\r\n<li>Pruebas criog\u00e9nicas\r\n<ul>\r\n<li>ZECO Valve dise\u00f1a v\u00e1lvulas de bola de servicio criog\u00e9nico en total conformidad con BS 6364, que incluye pruebas de prueba de dise\u00f1o a temperaturas extremadamente bajas de -196 \u2103. Se realizan inspecciones de calidad detalladas antes y despu\u00e9s de las pruebas criog\u00e9nicas, y las v\u00e1lvulas se vuelven a ensamblar y probar a temperatura ambiente para su verificaci\u00f3n.<\/li>\r\n<\/ul>\r\n<\/li>\r\n<\/ul>\r\n\r\n\r\n\r\n<h2 class=\"wp-block-heading\" id=\"h-material-of-cryogenic-ball-valve\">Material de la v\u00e1lvula de bola criog\u00e9nica<\/h2>\r\n\r\n\r\n\r\n<figure class=\"wp-block-table\">\r\n<table>\r\n<tbody>\r\n<tr>\r\n<td>No<\/td>\r\n<td>Pieza<\/td>\r\n<td>Material<\/td>\r\n<\/tr>\r\n<tr>\r\n<td>1<\/td>\r\n<td>Cuerpo<\/td>\r\n<td>ASTM A350 LF2<\/td>\r\n<\/tr>\r\n<tr>\r\n<td>2<\/td>\r\n<td>Cap\u00f3<\/td>\r\n<td>ASTM A350 LF2<\/td>\r\n<\/tr>\r\n<tr>\r\n<td>3<\/td>\r\n<td>Bola<\/td>\r\n<td>ASTM A350 LF2<\/td>\r\n<\/tr>\r\n<tr>\r\n<td>4<\/td>\r\n<td>Asiento<\/td>\r\n<td>ASTM A182 F316 + TFM<\/td>\r\n<\/tr>\r\n<tr>\r\n<td>5<\/td>\r\n<td>V\u00e1stago<\/td>\r\n<td>17-4PH<\/td>\r\n<\/tr>\r\n<tr>\r\n<td>6<\/td>\r\n<td>Dispositivo antiest\u00e1tico<\/td>\r\n<td>SS316<\/td>\r\n<\/tr>\r\n<tr>\r\n<td>7<\/td>\r\n<td>Junta<\/td>\r\n<td>Grafito + SS316<\/td>\r\n<\/tr>\r\n<tr>\r\n<td>8<\/td>\r\n<td>Perno<\/td>\r\n<td>ASTM A193 B8<\/td>\r\n<\/tr>\r\n<tr>\r\n<td>9<\/td>\r\n<td>Tuerca<\/td>\r\n<td>ASTM A194 8<\/td>\r\n<\/tr>\r\n<tr>\r\n<td>10<\/td>\r\n<td>Junta t\u00f3rica<\/td>\r\n<td>Vit\u00f3n A<\/td>\r\n<\/tr>\r\n<tr>\r\n<td>11<\/td>\r\n<td>Palanca<\/td>\r\n<td>ASTM A216 WCB<\/td>\r\n<\/tr>\r\n<\/tbody>\r\n<\/table>\r\n<\/figure>","protected":false},"excerpt":{"rendered":"<p>\u00bfQu\u00e9 es la v\u00e1lvula criog\u00e9nica? Las v\u00e1lvulas criog\u00e9nicas se mantienen en una posici\u00f3n cerrada natural para mantener seguros los gases criog\u00e9nicos u otros medios y... <a title=\"V\u00e1lvula de bola criog\u00e9nica\" class=\"read-more\" href=\"https:\/\/zecovalve.com\/es\/producto\/cryogenic-ball-valve\" aria-label=\"M\u00e1s en V\u00e1lvula de bola criog\u00e9nica\">Leer m\u00e1s<\/a><\/p>","protected":false},"featured_media":27865,"comment_status":"closed","ping_status":"closed","template":"","meta":{"_generate-full-width-content":"","kt_blocks_editor_width":""},"product_cat":[2047,2461],"product_tag":[3896],"class_list":["post-16546","product","type-product","status-publish","has-post-thumbnail","hentry","product_cat-ball-valve","product_cat-ball-valve-by-material","product_tag-flanged-ball-valve","sales-flash-overlay","woocommerce-text-align-center","woocommerce-image-align-center","do-quantity-buttons"],"featured_image_src_large":["https:\/\/zecovalve.com\/wp-content\/uploads\/2022\/06\/Cryogenic-Ball-Valve-4.jpg",800,600,false],"author_info":[],"comment_info":0,"taxonomy_info":{"product_cat":[{"value":2047,"label":"Ball Valve"},{"value":2461,"label":"Ball Valve By Material"}],"product_tag":[{"value":3896,"label":"Flanged Ball Valve"}]},"yoast_head":"<!-- This site is optimized with the Yoast SEO Premium plugin v15.4 - https:\/\/yoast.com\/wordpress\/plugins\/seo\/ -->\n<title>Cryogenic Valve - Cryogenic Ball Valve | Cryogenic Ball Valves Manufacturers<\/title>\n<meta name=\"robots\" content=\"index, follow, max-snippet:-1, max-image-preview:large, max-video-preview:-1\" \/>\n<link rel=\"canonical\" href=\"https:\/\/zecovalve.com\/es\/producto\/cryogenic-ball-valve\" \/>\n<meta property=\"og:locale\" content=\"es_ES\" \/>\n<meta property=\"og:type\" content=\"article\" \/>\n<meta property=\"og:title\" content=\"Cryogenic Valve - Cryogenic Ball Valve | Cryogenic Ball Valves Manufacturers\" \/>\n<meta property=\"og:description\" content=\"What is Cryogenic Valve? Cryogenic valves are kept in a natural closed position to keep cryogenic gasses or other mediums secure and ... Leer m\u00e1s\" \/>\n<meta property=\"og:url\" content=\"https:\/\/zecovalve.com\/es\/producto\/cryogenic-ball-valve\" \/>\n<meta property=\"og:site_name\" content=\"ZECO Valve\" \/>\n<meta property=\"article:modified_time\" content=\"2023-06-07T07:08:45+00:00\" \/>\n<meta property=\"og:image\" content=\"https:\/\/zecovalve.com\/wp-content\/uploads\/2022\/06\/Cryogenic-Ball-Valve-4.jpg\" \/>\n\t<meta property=\"og:image:width\" content=\"800\" \/>\n\t<meta property=\"og:image:height\" content=\"600\" \/>\n<meta name=\"twitter:card\" content=\"summary_large_image\" \/>\n<meta name=\"twitter:label1\" content=\"Escrito por\">\n\t<meta name=\"twitter:data1\" content=\"Jerry\">\n\t<meta name=\"twitter:label2\" content=\"Tiempo de lectura\">\n\t<meta name=\"twitter:data2\" content=\"4 minutos\">\n<script type=\"application\/ld+json\" class=\"yoast-schema-graph\">{\"@context\":\"https:\/\/schema.org\",\"@graph\":[{\"@type\":\"WebSite\",\"@id\":\"https:\/\/zecovalve.com\/#website\",\"url\":\"https:\/\/zecovalve.com\/\",\"name\":\"ZECO Valve\",\"description\":\"Industrial Ball Valve, Gate Valve and Globe Valve Manufacturer\",\"potentialAction\":[{\"@type\":\"SearchAction\",\"target\":\"https:\/\/zecovalve.com\/?s={search_term_string}\",\"query-input\":\"required name=search_term_string\"}],\"inLanguage\":\"es\"},{\"@type\":\"ImageObject\",\"@id\":\"https:\/\/zecovalve.com\/product\/cryogenic-ball-valve#primaryimage\",\"inLanguage\":\"es\",\"url\":\"https:\/\/zecovalve.com\/wp-content\/uploads\/2022\/06\/Cryogenic-Ball-Valve-4.jpg\",\"width\":800,\"height\":600,\"caption\":\"Cryogenic Ball Valve\"},{\"@type\":\"WebPage\",\"@id\":\"https:\/\/zecovalve.com\/product\/cryogenic-ball-valve#webpage\",\"url\":\"https:\/\/zecovalve.com\/product\/cryogenic-ball-valve\",\"name\":\"Cryogenic Valve - Cryogenic Ball Valve | Cryogenic Ball Valves Manufacturers\",\"isPartOf\":{\"@id\":\"https:\/\/zecovalve.com\/#website\"},\"primaryImageOfPage\":{\"@id\":\"https:\/\/zecovalve.com\/product\/cryogenic-ball-valve#primaryimage\"},\"datePublished\":\"2022-06-21T07:25:55+00:00\",\"dateModified\":\"2023-06-07T07:08:45+00:00\",\"breadcrumb\":{\"@id\":\"https:\/\/zecovalve.com\/product\/cryogenic-ball-valve#breadcrumb\"},\"inLanguage\":\"es\",\"potentialAction\":[{\"@type\":\"ReadAction\",\"target\":[\"https:\/\/zecovalve.com\/product\/cryogenic-ball-valve\"]}]},{\"@type\":\"BreadcrumbList\",\"@id\":\"https:\/\/zecovalve.com\/product\/cryogenic-ball-valve#breadcrumb\",\"itemListElement\":[{\"@type\":\"ListItem\",\"position\":1,\"item\":{\"@type\":\"WebPage\",\"@id\":\"https:\/\/zecovalve.com\/\",\"url\":\"https:\/\/zecovalve.com\/\",\"name\":\"Home\"}},{\"@type\":\"ListItem\",\"position\":2,\"item\":{\"@type\":\"WebPage\",\"@id\":\"https:\/\/zecovalve.com\/product-category\",\"url\":\"https:\/\/zecovalve.com\/product-category\",\"name\":\"Industrial Valve Manufacturer | Water Valve Manufacturer\"}},{\"@type\":\"ListItem\",\"position\":3,\"item\":{\"@type\":\"WebPage\",\"@id\":\"https:\/\/zecovalve.com\/product\/cryogenic-ball-valve\",\"url\":\"https:\/\/zecovalve.com\/product\/cryogenic-ball-valve\",\"name\":\"Cryogenic Ball Valve\"}}]}]}<\/script>\n<!-- \/ Yoast SEO Premium plugin. -->","_links":{"self":[{"href":"https:\/\/zecovalve.com\/es\/wp-json\/wp\/v2\/product\/16546","targetHints":{"allow":["GET"]}}],"collection":[{"href":"https:\/\/zecovalve.com\/es\/wp-json\/wp\/v2\/product"}],"about":[{"href":"https:\/\/zecovalve.com\/es\/wp-json\/wp\/v2\/types\/product"}],"replies":[{"embeddable":true,"href":"https:\/\/zecovalve.com\/es\/wp-json\/wp\/v2\/comments?post=16546"}],"wp:featuredmedia":[{"embeddable":true,"href":"https:\/\/zecovalve.com\/es\/wp-json\/wp\/v2\/media\/27865"}],"wp:attachment":[{"href":"https:\/\/zecovalve.com\/es\/wp-json\/wp\/v2\/media?parent=16546"}],"wp:term":[{"taxonomy":"product_cat","embeddable":true,"href":"https:\/\/zecovalve.com\/es\/wp-json\/wp\/v2\/product_cat?post=16546"},{"taxonomy":"product_tag","embeddable":true,"href":"https:\/\/zecovalve.com\/es\/wp-json\/wp\/v2\/product_tag?post=16546"}],"curies":[{"name":"wp","href":"https:\/\/api.w.org\/{rel}","templated":true}]}}