{"id":16561,"date":"2022-06-21T07:47:48","date_gmt":"2022-06-21T07:47:48","guid":{"rendered":"https:\/\/zecovalve.com\/?post_type=product&#038;p=16561"},"modified":"2023-06-15T12:53:48","modified_gmt":"2023-06-15T12:53:48","slug":"cast-steel-gate-valve","status":"publish","type":"product","link":"https:\/\/zecovalve.com\/es\/producto\/cast-steel-gate-valve","title":{"rendered":"V\u00e1lvula de compuerta de acero fundido"},"content":{"rendered":"<h1 class=\"sep-title\">V\u00e1lvula de compuerta de acero fundido<\/h1>\n<div class=\"sep-box-detail clearfix\">\n<div class=\"box-lf\">\n<div class=\"thumb\">\n<p><img loading=\"lazy\" decoding=\"async\" class=\"wp-image-27891 size-medium\" src=\"https:\/\/zecovalve.com\/wp-content\/uploads\/2022\/06\/Cast-Steel-Gate-Valve-2-300x225.jpg\" alt=\"V\u00e1lvula de compuerta de acero fundido\" width=\"300\" height=\"225\" srcset=\"https:\/\/zecovalve.com\/wp-content\/uploads\/2022\/06\/Cast-Steel-Gate-Valve-2-300x225.jpg 300w, https:\/\/zecovalve.com\/wp-content\/uploads\/2022\/06\/Cast-Steel-Gate-Valve-2-768x576.jpg 768w, https:\/\/zecovalve.com\/wp-content\/uploads\/2022\/06\/Cast-Steel-Gate-Valve-2-600x450.jpg 600w, https:\/\/zecovalve.com\/wp-content\/uploads\/2022\/06\/Cast-Steel-Gate-Valve-2.jpg 800w\" sizes=\"auto, (max-width: 300px) 100vw, 300px\" \/><\/p>\n<\/div>\n<div class=\"info\"><a href=\"https:\/\/zecovalve.com\/es\/products\/cast-steel-gate-valve.html\/#form\"><i class=\"fa fa-commenting-o\" aria-hidden=\"true\"><\/i>\u00a0OBTENER PRECIO DE V\u00c1LVULA<\/a><\/div>\n<\/div>\n<div class=\"box-rt\">\n<div class=\"gg\">\n<div class=\"swiper-container swiper-container-initialized swiper-container-vertical\">\n<div class=\"swiper-wrapper\"><\/div>\n<\/div>\n<\/div>\n<\/div>\n<\/div>\n<div class=\"richtext\">\n<h2>Descripci\u00f3n de la v\u00e1lvula de compuerta de acero fundido:<\/h2>\n<p>La v\u00e1lvula de compuerta de acero fundido ZECO est\u00e1 controlada bajo el sistema de garant\u00eda de calidad de producci\u00f3n y fabricaci\u00f3n, ha cumplido con todos los est\u00e1ndares internacionales de la industria y los procedimientos documentados de los requisitos del usuario. Estos procedimientos y control incluyen la compra y validaci\u00f3n de materias primas, control de procesos, montaje, pruebas y env\u00edo, y todos los documentos necesarios. El sistema de garant\u00eda de calidad ZECO se ha formado en un archivo manual aprobado por ISO y API. ZECO tiene la certificaci\u00f3n ISO 9001 y licencia API para monogramar el producto API 6D. Cada v\u00e1lvula est\u00e1 dise\u00f1ada para verificar el cumplimiento mediante pruebas funcionales y de presi\u00f3n. Esto da como resultado un informe de prueba del material que documenta las propiedades qu\u00edmicas y mec\u00e1nicas de la presi\u00f3n. Tambi\u00e9n se registran ex\u00e1menes no destructivos adicionales y se hace referencia al n\u00famero de serie de la v\u00e1lvula.<\/p>\n<h2>Caracter\u00edsticas de la v\u00e1lvula de compuerta de acero fundido:<\/h2>\n<p>1. El v\u00e1stago ascendente de la v\u00e1lvula de compuerta de acero fundido ZECO se puede dise\u00f1ar con doble rosca ACME de precisi\u00f3n. Este dise\u00f1o le permite abrir o cerrar casi dos veces m\u00e1s r\u00e1pido y reduce la operaci\u00f3n manual;<\/p>\n<p>2. La empaquetadura del v\u00e1stago de la v\u00e1lvula de compuerta de acero fundido ZECO est\u00e1 dise\u00f1ada para controlar de manera \u00f3ptima las fugas de medio desde el v\u00e1stago. ZECO adopta m\u00e1quinas herramienta CNC para procesar el \u00e1rea de sellado del v\u00e1stago de la v\u00e1lvula, con buena suavidad. La rectitud del v\u00e1stago de la v\u00e1lvula se mide mediante un instrumento de medici\u00f3n de \u00e1ngulo especial, lo que garantiza el mejor efecto de sellado de la empaquetadura del v\u00e1stago de la v\u00e1lvula;<\/p>\n<p>3. El dise\u00f1o del asiento trasero de la v\u00e1lvula de compuerta de acero fundido ZECO puede reducir el problema de retirar la v\u00e1lvula de la tuber\u00eda cuando la v\u00e1lvula necesita mantenimiento durante el servicio;<\/p>\n<p>4. De acuerdo con las condiciones de trabajo, el estelitado se puede utilizar como material de la superficie de sellado de la cu\u00f1a de la v\u00e1lvula y de la superficie de sellado del anillo del asiento de la v\u00e1lvula de compuerta de acero fundido ZECO para mejorar la resistencia a la abrasi\u00f3n y a la corrosi\u00f3n del anillo de sellado.<\/p>\n<h2>Material de la v\u00e1lvula de compuerta de acero fundido:<\/h2>\n<table>\n<tbody>\n<tr class=\"firstRow\">\n<td valign=\"center\">No<\/td>\n<td valign=\"center\">Pieza<\/td>\n<td valign=\"center\">Material<\/td>\n<\/tr>\n<tr>\n<td valign=\"center\">1<\/td>\n<td valign=\"center\">Cuerpo<\/td>\n<td valign=\"center\">ASTM A216 WCB<\/td>\n<\/tr>\n<tr>\n<td valign=\"center\">2<\/td>\n<td valign=\"center\">Anillo de asiento<\/td>\n<td valign=\"center\">ASTM A105 + STL<\/td>\n<\/tr>\n<tr>\n<td valign=\"center\">3<\/td>\n<td valign=\"center\">Cu\u00f1a<\/td>\n<td valign=\"center\">ASTM A216 WCB + STL<\/td>\n<\/tr>\n<tr>\n<td valign=\"center\">4<\/td>\n<td valign=\"center\">V\u00e1stago<\/td>\n<td valign=\"center\">ASTM A276 410<\/td>\n<\/tr>\n<tr>\n<td valign=\"center\">5<\/td>\n<td valign=\"center\">Junta del cap\u00f3<\/td>\n<td valign=\"center\">Grafito + SS304<\/td>\n<\/tr>\n<tr>\n<td valign=\"center\">6<\/td>\n<td valign=\"center\">Perno del cap\u00f3<\/td>\n<td valign=\"center\">ASTM A193 B7<\/td>\n<\/tr>\n<tr>\n<td valign=\"center\">7<\/td>\n<td valign=\"center\">Tuerca de sombrerete<\/td>\n<td valign=\"center\">ASTM A194 2H<\/td>\n<\/tr>\n<tr>\n<td valign=\"center\">8<\/td>\n<td valign=\"center\">Cap\u00f3<\/td>\n<td valign=\"center\">ASTM A216 WCB<\/td>\n<\/tr>\n<tr>\n<td valign=\"center\">9<\/td>\n<td valign=\"center\">Asiento trasero<\/td>\n<td valign=\"center\">ASTM A182 F6a<\/td>\n<\/tr>\n<tr>\n<td valign=\"center\">10<\/td>\n<td valign=\"center\">Empaquetadura de v\u00e1stago<\/td>\n<td valign=\"center\">Grafito reforzado<\/td>\n<\/tr>\n<tr>\n<td valign=\"center\">11<\/td>\n<td valign=\"center\">Volante<\/td>\n<td valign=\"center\">KTH330-08<\/td>\n<\/tr>\n<\/tbody>\n<\/table>\n<\/div>","protected":false},"excerpt":{"rendered":"<p>V\u00e1lvula de compuerta de acero fundido OBTENER PRECIO DE V\u00c1LVULA Descripci\u00f3n de la v\u00e1lvula de compuerta de acero fundido: La v\u00e1lvula de compuerta de acero fundido ZECO est\u00e1 controlada bajo... <a title=\"V\u00e1lvula de compuerta de acero fundido\" class=\"read-more\" href=\"https:\/\/zecovalve.com\/es\/producto\/cast-steel-gate-valve\" aria-label=\"M\u00e1s en V\u00e1lvula de compuerta de acero fundido\">Leer m\u00e1s<\/a><\/p>","protected":false},"featured_media":27891,"comment_status":"closed","ping_status":"closed","template":"","meta":{"_generate-full-width-content":"","kt_blocks_editor_width":""},"product_cat":[2052,2454],"product_tag":[2658,2798],"class_list":["post-16561","product","type-product","status-publish","has-post-thumbnail","hentry","product_cat-gate-valve","product_cat-gate-valve-by-material","product_tag-isolation-valve","product_tag-osy-valve","sales-flash-overlay","woocommerce-text-align-center","woocommerce-image-align-center","do-quantity-buttons"],"featured_image_src_large":["https:\/\/zecovalve.com\/wp-content\/uploads\/2022\/06\/Cast-Steel-Gate-Valve-2.jpg",800,600,false],"author_info":[],"comment_info":0,"taxonomy_info":{"product_cat":[{"value":2052,"label":"Gate Valve"},{"value":2454,"label":"Gate Valve By Material"}],"product_tag":[{"value":2658,"label":"Isolation Valve"},{"value":2798,"label":"OS&amp;Y Valve"}]},"yoast_head":"<!-- This site is optimized with the Yoast SEO Premium plugin v15.4 - https:\/\/yoast.com\/wordpress\/plugins\/seo\/ -->\n<title>Cast Steel Gate Valve - ZECO Valve<\/title>\n<meta name=\"robots\" content=\"index, follow, max-snippet:-1, max-image-preview:large, max-video-preview:-1\" \/>\n<link rel=\"canonical\" href=\"https:\/\/zecovalve.com\/es\/producto\/cast-steel-gate-valve\" \/>\n<meta property=\"og:locale\" content=\"es_ES\" \/>\n<meta property=\"og:type\" content=\"article\" \/>\n<meta property=\"og:title\" content=\"Cast Steel Gate Valve - ZECO Valve\" \/>\n<meta property=\"og:description\" content=\"Cast Steel Gate Valve \u00a0GET VALVE PRICE Description of Cast Steel Gate Valve: ZECO cast steel gate valve is in controlled under ... Leer m\u00e1s\" \/>\n<meta property=\"og:url\" content=\"https:\/\/zecovalve.com\/es\/producto\/cast-steel-gate-valve\" \/>\n<meta property=\"og:site_name\" content=\"ZECO Valve\" \/>\n<meta property=\"article:modified_time\" content=\"2023-06-15T12:53:48+00:00\" \/>\n<meta property=\"og:image\" content=\"https:\/\/zecovalve.com\/wp-content\/uploads\/2022\/06\/Cast-Steel-Gate-Valve-2.jpg\" \/>\n\t<meta property=\"og:image:width\" content=\"800\" \/>\n\t<meta property=\"og:image:height\" content=\"600\" \/>\n<meta name=\"twitter:card\" content=\"summary_large_image\" \/>\n<meta name=\"twitter:label1\" content=\"Escrito por\">\n\t<meta name=\"twitter:data1\" content=\"Jerry\">\n\t<meta name=\"twitter:label2\" content=\"Tiempo de lectura\">\n\t<meta name=\"twitter:data2\" content=\"1 minuto\">\n<script type=\"application\/ld+json\" class=\"yoast-schema-graph\">{\"@context\":\"https:\/\/schema.org\",\"@graph\":[{\"@type\":\"WebSite\",\"@id\":\"https:\/\/zecovalve.com\/#website\",\"url\":\"https:\/\/zecovalve.com\/\",\"name\":\"ZECO Valve\",\"description\":\"Industrial Ball Valve, Gate Valve and Globe Valve Manufacturer\",\"potentialAction\":[{\"@type\":\"SearchAction\",\"target\":\"https:\/\/zecovalve.com\/?s={search_term_string}\",\"query-input\":\"required name=search_term_string\"}],\"inLanguage\":\"es\"},{\"@type\":\"ImageObject\",\"@id\":\"https:\/\/zecovalve.com\/product\/cast-steel-gate-valve#primaryimage\",\"inLanguage\":\"es\",\"url\":\"https:\/\/zecovalve.com\/wp-content\/uploads\/2022\/06\/Cast-Steel-Gate-Valve-2.jpg\",\"width\":800,\"height\":600,\"caption\":\"Cast Steel Gate Valve\"},{\"@type\":\"WebPage\",\"@id\":\"https:\/\/zecovalve.com\/product\/cast-steel-gate-valve#webpage\",\"url\":\"https:\/\/zecovalve.com\/product\/cast-steel-gate-valve\",\"name\":\"Cast Steel Gate Valve - ZECO Valve\",\"isPartOf\":{\"@id\":\"https:\/\/zecovalve.com\/#website\"},\"primaryImageOfPage\":{\"@id\":\"https:\/\/zecovalve.com\/product\/cast-steel-gate-valve#primaryimage\"},\"datePublished\":\"2022-06-21T07:47:48+00:00\",\"dateModified\":\"2023-06-15T12:53:48+00:00\",\"breadcrumb\":{\"@id\":\"https:\/\/zecovalve.com\/product\/cast-steel-gate-valve#breadcrumb\"},\"inLanguage\":\"es\",\"potentialAction\":[{\"@type\":\"ReadAction\",\"target\":[\"https:\/\/zecovalve.com\/product\/cast-steel-gate-valve\"]}]},{\"@type\":\"BreadcrumbList\",\"@id\":\"https:\/\/zecovalve.com\/product\/cast-steel-gate-valve#breadcrumb\",\"itemListElement\":[{\"@type\":\"ListItem\",\"position\":1,\"item\":{\"@type\":\"WebPage\",\"@id\":\"https:\/\/zecovalve.com\/\",\"url\":\"https:\/\/zecovalve.com\/\",\"name\":\"Home\"}},{\"@type\":\"ListItem\",\"position\":2,\"item\":{\"@type\":\"WebPage\",\"@id\":\"https:\/\/zecovalve.com\/product-category\",\"url\":\"https:\/\/zecovalve.com\/product-category\",\"name\":\"Industrial Valve Manufacturer | Water Valve Manufacturer\"}},{\"@type\":\"ListItem\",\"position\":3,\"item\":{\"@type\":\"WebPage\",\"@id\":\"https:\/\/zecovalve.com\/product\/cast-steel-gate-valve\",\"url\":\"https:\/\/zecovalve.com\/product\/cast-steel-gate-valve\",\"name\":\"Cast Steel Gate Valve\"}}]}]}<\/script>\n<!-- \/ Yoast SEO Premium plugin. -->","_links":{"self":[{"href":"https:\/\/zecovalve.com\/es\/wp-json\/wp\/v2\/product\/16561","targetHints":{"allow":["GET"]}}],"collection":[{"href":"https:\/\/zecovalve.com\/es\/wp-json\/wp\/v2\/product"}],"about":[{"href":"https:\/\/zecovalve.com\/es\/wp-json\/wp\/v2\/types\/product"}],"replies":[{"embeddable":true,"href":"https:\/\/zecovalve.com\/es\/wp-json\/wp\/v2\/comments?post=16561"}],"wp:featuredmedia":[{"embeddable":true,"href":"https:\/\/zecovalve.com\/es\/wp-json\/wp\/v2\/media\/27891"}],"wp:attachment":[{"href":"https:\/\/zecovalve.com\/es\/wp-json\/wp\/v2\/media?parent=16561"}],"wp:term":[{"taxonomy":"product_cat","embeddable":true,"href":"https:\/\/zecovalve.com\/es\/wp-json\/wp\/v2\/product_cat?post=16561"},{"taxonomy":"product_tag","embeddable":true,"href":"https:\/\/zecovalve.com\/es\/wp-json\/wp\/v2\/product_tag?post=16561"}],"curies":[{"name":"wp","href":"https:\/\/api.w.org\/{rel}","templated":true}]}}