{"id":16567,"date":"2022-06-21T07:53:09","date_gmt":"2022-06-21T07:53:09","guid":{"rendered":"https:\/\/zecovalve.com\/?post_type=product&#038;p=16567"},"modified":"2023-06-17T02:31:26","modified_gmt":"2023-06-17T02:31:26","slug":"wafer-dual-plate-check-valve","status":"publish","type":"product","link":"https:\/\/zecovalve.com\/es\/producto\/wafer-dual-plate-check-valve","title":{"rendered":"V\u00e1lvula de retenci\u00f3n de doble placa Wafer"},"content":{"rendered":"<figure class=\"wp-block-image alignnone size-medium wp-image-16568\">\r\n<p><img loading=\"lazy\" decoding=\"async\" class=\"wp-image-27931 size-medium\" src=\"https:\/\/zecovalve.com\/wp-content\/uploads\/2022\/06\/Wafer-Dual-Plate-Check-Valve-2-300x225.jpg\" alt=\"V\u00e1lvula de retenci\u00f3n de doble placa Wafer\" width=\"300\" height=\"225\" srcset=\"https:\/\/zecovalve.com\/wp-content\/uploads\/2022\/06\/Wafer-Dual-Plate-Check-Valve-2-300x225.jpg 300w, https:\/\/zecovalve.com\/wp-content\/uploads\/2022\/06\/Wafer-Dual-Plate-Check-Valve-2-768x576.jpg 768w, https:\/\/zecovalve.com\/wp-content\/uploads\/2022\/06\/Wafer-Dual-Plate-Check-Valve-2-600x450.jpg 600w, https:\/\/zecovalve.com\/wp-content\/uploads\/2022\/06\/Wafer-Dual-Plate-Check-Valve-2.jpg 800w\" sizes=\"auto, (max-width: 300px) 100vw, 300px\" \/><\/p>\r\n<\/figure>\r\n\r\n\r\n\r\n\r\n<div class=\"gb-button-wrapper gb-button-wrapper-6d8495a3\">\r\n\r\n\r\n<p><a class=\"gb-button gb-button-3d442e11 gb-button-text\" href=\"mailto:commercial@zecovalve.com\" target=\"_blank\" rel=\"noopener noreferrer\"><strong>OBTENGA PRECIO DE V\u00c1LVULA DE RETENCI\u00d3N DE DOBLE PLACA WAFER<\/strong><\/a><\/p>\r\n<\/div>\r\n\r\n\r\n<h2 class=\"wp-block-heading\" id=\"h-what-is-a-wafer-dual-plate-check-valve\">\u00bfQu\u00e9 es una v\u00e1lvula antirretorno de doble disco Wafer?<\/h2>\r\n\r\n\r\n\r\n<p>La v\u00e1lvula antirretorno de doble placa es una v\u00e1lvula antirretorno polivalente mucho m\u00e1s resistente, ligera y peque\u00f1a que una v\u00e1lvula antirretorno oscilante convencional o una v\u00e1lvula antirretorno elevadora.<\/p>\r\n\r\n\r\n\r\n<p>La v\u00e1lvula de retenci\u00f3n de doble placa emplea dos placas accionadas por resorte y articuladas sobre un pasador de bisagra central. Cuando el caudal disminuye, las placas se cierran por la acci\u00f3n del muelle de torsi\u00f3n sin necesidad de invertir el flujo.<\/p>\r\n\r\n\r\n\r\n<p>La estructura de la v\u00e1lvula de retenci\u00f3n de doble placa ZECO wafer es que el disco est\u00e1 a lo largo del pasador en la posici\u00f3n central del cuerpo para girar, las dimensiones de la estructura corta, y peque\u00f1o volumen. Ligera de peso, buen rendimiento de proceso, r\u00e1pida apertura y cierre. Peque\u00f1a presi\u00f3n de martillo de agua, recorrido m\u00e1s corto, peque\u00f1a presi\u00f3n de impacto cerrado, En la tuber\u00eda horizontal o vertical se puede utilizar, incluso f\u00e1cil instalaci\u00f3n. El dise\u00f1o interno de la v\u00e1lvula de retenci\u00f3n de doble placa ZECO minimiza el problema del golpe de ariete, tambi\u00e9n puede mejorar significativamente la eficiencia del flujo que es importante para el sistema de tuber\u00edas de gran tama\u00f1o. Para sistemas de tuber\u00edas de gran di\u00e1metro exterior, 36\" y superiores, se recomienda y se prefiere el dise\u00f1o de doble placa. El dise\u00f1o de v\u00e1lvula de retenci\u00f3n de placa doble wafer tambi\u00e9n deber\u00eda considerarse para sistemas de tuber\u00edas de menor di\u00e1metro exterior en los que las v\u00e1lvulas de retenci\u00f3n oscilantes han demostrado tener problemas relacionados con el flujo. La v\u00e1lvula de retenci\u00f3n de doble placa ZECO tiene una dimensi\u00f3n cara a cara corta y el peso es s\u00f3lo aproximadamente 25% el de una v\u00e1lvula de retenci\u00f3n oscilante de tama\u00f1o comparable.<\/p>\r\n\r\n\r\n\r\n<h2 class=\"wp-block-heading\">Norma de dise\u00f1o de la v\u00e1lvula antirretorno wafer de doble placa<\/h2>\r\n\r\n\r\n\r\n<figure class=\"wp-block-table\">\r\n<table>\r\n<tbody>\r\n<tr>\r\n<td>Norma de dise\u00f1o<\/td>\r\n<td>Norma API 594 \/ API 6D<\/td>\r\n<\/tr>\r\n<tr>\r\n<td>Norma de inspecci\u00f3n y ensayo<\/td>\r\n<td>API 598<\/td>\r\n<\/tr>\r\n<tr>\r\n<td>Distancia entre bridas<\/td>\r\n<td>Seg\u00fan ANSI B API 594 \/ API 6D \/ ANSI B 16.10<\/td>\r\n<\/tr>\r\n<tr>\r\n<td>Conexi\u00f3n final<\/td>\r\n<td>Tipo oblea, sin pesta\u00f1a, patr\u00f3n s\u00e1ndwich<\/td>\r\n<\/tr>\r\n<tr>\r\n<td>Gama de tama\u00f1os de fabricaci\u00f3n<\/td>\r\n<td>3\u2033 (DN80) a 48\u2033(DN 1200)<\/td>\r\n<\/tr>\r\n<tr>\r\n<td>Presi\u00f3n nominal de la v\u00e1lvula<\/td>\r\n<td>Clase 150 - Clase 1500<\/td>\r\n<\/tr>\r\n<\/tbody>\r\n<\/table>\r\n<\/figure>\r\n\r\n\r\n\r\n<h2 class=\"wp-block-heading\" id=\"h-features-of-wafer-dual-plate-check-valve\">Caracter\u00edsticas de la v\u00e1lvula de retenci\u00f3n de doble placa Wafer<\/h2>\r\n\r\n\r\n\r\n<ul class=\"wp-block-list\">\r\n<li>Los cuerpos de las v\u00e1lvulas de retenci\u00f3n ZECO de doble placa wafer son de una sola pieza y dise\u00f1o cil\u00edndrico corto sin orificios a trav\u00e9s de la pared del cuerpo, no hay necesidad de pasadores o tapones externos y no hay fugas hacia el exterior. Para aplicaciones de servicio cr\u00edtico, como medios peligrosos o venenosos, \u00e9sta es una opci\u00f3n superior para minimizar las fugas no deseadas a la atm\u00f3sfera;<\/li>\r\n<li>Los dos muelles de alta torsi\u00f3n de la v\u00e1lvula de retenci\u00f3n de doble placa ZECO garantizan el cierre de la v\u00e1lvula lo m\u00e1s r\u00e1pido posible y reducen los golpes de ariete, a fin de prolongar la vida \u00fatil de la v\u00e1lvula y mejorar el rendimiento del sistema;<\/li>\r\n<li>La ranura del cuerpo de la v\u00e1lvula de retenci\u00f3n de doble plato ZECO con holgura cuidadosamente calculada est\u00e1 dise\u00f1ada para encajar en el pasador de bisagra y permite que \u00e9ste se mueva en la \u00fanica direcci\u00f3n del flujo. El dise\u00f1o elimina la posibilidad de fricci\u00f3n causada por el tal\u00f3n de la placa doble;<\/li>\r\n<li>El parachoques integral de fundici\u00f3n en la parte posterior de la placa doble es un dise\u00f1o eficaz para evitar los golpes frecuentes y reduce la presi\u00f3n de la placa doble contra el pasador de tope cuando la v\u00e1lvula est\u00e1 totalmente abierta, lo que prolonga la vida \u00fatil de la v\u00e1lvula y minimiza el coste de mantenimiento.<\/li>\r\n<li>Ca\u00edda de presi\u00f3n baja (Cv alto)\r\n<ul>\r\n<li>Las v\u00e1lvulas de retenci\u00f3n wafer de doble placa tienen un \u00e1rea abierta mayor que otros dise\u00f1os, por lo que reducen la ca\u00edda de presi\u00f3n en comparaci\u00f3n con las v\u00e1lvulas de retenci\u00f3n oscilantes, elevadoras o de otro tipo.<\/li>\r\n<\/ul>\r\n<\/li>\r\n<li>Peso ligero\r\n<ul>\r\n<li>Reduce el peso en 80-90% en comparaci\u00f3n con las v\u00e1lvulas de retenci\u00f3n con bridas convencionales.<\/li>\r\n<\/ul>\r\n<\/li>\r\n<li>Menor coste\r\n<ul>\r\n<li>Los perfiles ligeros y compactos y la eliminaci\u00f3n de bridas permiten fabricar v\u00e1lvulas de retenci\u00f3n de doble placa de forma m\u00e1s econ\u00f3mica que otros dise\u00f1os, especialmente a medida que aumentan los di\u00e1metros de las tuber\u00edas.<\/li>\r\n<\/ul>\r\n<\/li>\r\n<li>Alivia el golpe de ariete\r\n<ul>\r\n<li>Nuestros discos accionados por muelle est\u00e1n dise\u00f1ados para cerrar las v\u00e1lvulas r\u00e1pidamente. Esto garantiza un alto rendimiento, eliminando las vibraciones y creando una capacidad de respuesta din\u00e1mica en un dise\u00f1o sin golpes.<\/li>\r\n<\/ul>\r\n<\/li>\r\n<li>Instalaci\u00f3n sencilla\r\n<ul>\r\n<li>M\u00e1s f\u00e1ciles de instalar, desmontar y sustituir tanto en sistemas de tuber\u00edas nuevos como existentes.<\/li>\r\n<\/ul>\r\n<\/li>\r\n<\/ul>\r\n\r\n\r\n\r\n<h2 class=\"wp-block-heading\">Aplicaciones de la v\u00e1lvula de retenci\u00f3n Wafer de doble placa<\/h2>\r\n\r\n\r\n\r\n<p>Las v\u00e1lvulas de retenci\u00f3n de doble plato son aplicables para aire, gas, l\u00edquidos y vapores. Nuestras instalaciones se mantienen ordenadas, limpias y organizadas, con una atenci\u00f3n al detalle que marca la diferencia en la calidad de la fabricaci\u00f3n de v\u00e1lvulas de doble placa ANSI.<\/p>\r\n\r\n\r\n\r\n<h2 class=\"wp-block-heading\" id=\"h-material-of-wafer-dual-plate-check-valve\">Material de la v\u00e1lvula de retenci\u00f3n de doble placa Wafer<\/h2>\r\n\r\n\r\n\r\n<figure class=\"wp-block-table\">\r\n<table>\r\n<tbody>\r\n<tr>\r\n<td>No<\/td>\r\n<td>Pieza<\/td>\r\n<td>Material<\/td>\r\n<\/tr>\r\n<tr>\r\n<td>1<\/td>\r\n<td>Cuerpo<\/td>\r\n<td>ASTM A216 WCB<\/td>\r\n<\/tr>\r\n<tr>\r\n<td>2<\/td>\r\n<td>Anillo de asiento<\/td>\r\n<td>13Cr<\/td>\r\n<\/tr>\r\n<tr>\r\n<td>3<\/td>\r\n<td>Disco<\/td>\r\n<td>ASTM A216 WCB<\/td>\r\n<\/tr>\r\n<tr>\r\n<td>4<\/td>\r\n<td>Primavera<\/td>\r\n<td>Inconel X 750<\/td>\r\n<\/tr>\r\n<tr>\r\n<td>5<\/td>\r\n<td>Pin<\/td>\r\n<td>ASTM A182 F6a<\/td>\r\n<\/tr>\r\n<\/tbody>\r\n<\/table>\r\n<\/figure>","protected":false},"excerpt":{"rendered":"<p>\u00bfQu\u00e9 es una v\u00e1lvula de retenci\u00f3n de placa doble Wafer? La v\u00e1lvula de retenci\u00f3n de doble placa es una v\u00e1lvula antirretorno multiuso que es mucho m\u00e1s resistente,... <a title=\"V\u00e1lvula de retenci\u00f3n de doble placa Wafer\" class=\"read-more\" href=\"https:\/\/zecovalve.com\/es\/producto\/wafer-dual-plate-check-valve\" aria-label=\"M\u00e1s en V\u00e1lvula de retenci\u00f3n de doble disco Wafer\">Leer m\u00e1s<\/a><\/p>","protected":false},"featured_media":27931,"comment_status":"closed","ping_status":"closed","template":"","meta":{"_generate-full-width-content":"","kt_blocks_editor_width":""},"product_cat":[2455,2442],"product_tag":[2657,2661,2725],"class_list":["post-16567","product","type-product","status-publish","has-post-thumbnail","hentry","product_cat-check-valve","product_cat-wafer-check-valve","product_tag-non-return-valve","product_tag-nrv-valve","product_tag-wafer-check-valve","sales-flash-overlay","woocommerce-text-align-center","woocommerce-image-align-center","do-quantity-buttons"],"featured_image_src_large":["https:\/\/zecovalve.com\/wp-content\/uploads\/2022\/06\/Wafer-Dual-Plate-Check-Valve-2.jpg",800,600,false],"author_info":[],"comment_info":0,"taxonomy_info":{"product_cat":[{"value":2455,"label":"Check Valve"},{"value":2442,"label":"Wafer Check Valve"}],"product_tag":[{"value":2657,"label":"Non Return Valve"},{"value":2661,"label":"NRV Valve"},{"value":2725,"label":"Wafer Check Valve"}]},"yoast_head":"<!-- This site is optimized with the Yoast SEO Premium plugin v15.4 - https:\/\/yoast.com\/wordpress\/plugins\/seo\/ -->\n<title>Wafer Dual Plate Check Valve - Dual Plate Wafer Check Valve Manufacturer | ZECO<\/title>\n<meta name=\"robots\" content=\"index, follow, max-snippet:-1, max-image-preview:large, max-video-preview:-1\" \/>\n<link rel=\"canonical\" href=\"https:\/\/zecovalve.com\/es\/producto\/wafer-dual-plate-check-valve\" \/>\n<meta property=\"og:locale\" content=\"es_ES\" \/>\n<meta property=\"og:type\" content=\"article\" \/>\n<meta property=\"og:title\" content=\"Wafer Dual Plate Check Valve - Dual Plate Wafer Check Valve Manufacturer | ZECO\" \/>\n<meta property=\"og:description\" content=\"What is a Wafer Dual Plate Check Valve? The dual plate check valve is an all-purpose non-return valve that is much stronger, ... Leer m\u00e1s\" \/>\n<meta property=\"og:url\" content=\"https:\/\/zecovalve.com\/es\/producto\/wafer-dual-plate-check-valve\" \/>\n<meta property=\"og:site_name\" content=\"ZECO Valve\" \/>\n<meta property=\"article:modified_time\" content=\"2023-06-17T02:31:26+00:00\" \/>\n<meta property=\"og:image\" content=\"https:\/\/zecovalve.com\/wp-content\/uploads\/2022\/06\/Wafer-Dual-Plate-Check-Valve-2.jpg\" \/>\n\t<meta property=\"og:image:width\" content=\"800\" \/>\n\t<meta property=\"og:image:height\" content=\"600\" \/>\n<meta name=\"twitter:card\" content=\"summary_large_image\" \/>\n<meta name=\"twitter:label1\" content=\"Escrito por\">\n\t<meta name=\"twitter:data1\" content=\"Jerry\">\n\t<meta name=\"twitter:label2\" content=\"Tiempo de lectura\">\n\t<meta name=\"twitter:data2\" content=\"3 minutos\">\n<script type=\"application\/ld+json\" class=\"yoast-schema-graph\">{\"@context\":\"https:\/\/schema.org\",\"@graph\":[{\"@type\":\"WebSite\",\"@id\":\"https:\/\/zecovalve.com\/#website\",\"url\":\"https:\/\/zecovalve.com\/\",\"name\":\"ZECO Valve\",\"description\":\"Industrial Ball Valve, Gate Valve and Globe Valve Manufacturer\",\"potentialAction\":[{\"@type\":\"SearchAction\",\"target\":\"https:\/\/zecovalve.com\/?s={search_term_string}\",\"query-input\":\"required name=search_term_string\"}],\"inLanguage\":\"es\"},{\"@type\":\"ImageObject\",\"@id\":\"https:\/\/zecovalve.com\/product\/wafer-dual-plate-check-valve#primaryimage\",\"inLanguage\":\"es\",\"url\":\"https:\/\/zecovalve.com\/wp-content\/uploads\/2022\/06\/Wafer-Dual-Plate-Check-Valve-2.jpg\",\"width\":800,\"height\":600,\"caption\":\"Wafer Dual Plate Check Valve\"},{\"@type\":\"WebPage\",\"@id\":\"https:\/\/zecovalve.com\/product\/wafer-dual-plate-check-valve#webpage\",\"url\":\"https:\/\/zecovalve.com\/product\/wafer-dual-plate-check-valve\",\"name\":\"Wafer Dual Plate Check Valve - Dual Plate Wafer Check Valve Manufacturer | ZECO\",\"isPartOf\":{\"@id\":\"https:\/\/zecovalve.com\/#website\"},\"primaryImageOfPage\":{\"@id\":\"https:\/\/zecovalve.com\/product\/wafer-dual-plate-check-valve#primaryimage\"},\"datePublished\":\"2022-06-21T07:53:09+00:00\",\"dateModified\":\"2023-06-17T02:31:26+00:00\",\"breadcrumb\":{\"@id\":\"https:\/\/zecovalve.com\/product\/wafer-dual-plate-check-valve#breadcrumb\"},\"inLanguage\":\"es\",\"potentialAction\":[{\"@type\":\"ReadAction\",\"target\":[\"https:\/\/zecovalve.com\/product\/wafer-dual-plate-check-valve\"]}]},{\"@type\":\"BreadcrumbList\",\"@id\":\"https:\/\/zecovalve.com\/product\/wafer-dual-plate-check-valve#breadcrumb\",\"itemListElement\":[{\"@type\":\"ListItem\",\"position\":1,\"item\":{\"@type\":\"WebPage\",\"@id\":\"https:\/\/zecovalve.com\/\",\"url\":\"https:\/\/zecovalve.com\/\",\"name\":\"Home\"}},{\"@type\":\"ListItem\",\"position\":2,\"item\":{\"@type\":\"WebPage\",\"@id\":\"https:\/\/zecovalve.com\/product-category\",\"url\":\"https:\/\/zecovalve.com\/product-category\",\"name\":\"Industrial Valve Manufacturer | Water Valve Manufacturer\"}},{\"@type\":\"ListItem\",\"position\":3,\"item\":{\"@type\":\"WebPage\",\"@id\":\"https:\/\/zecovalve.com\/product\/wafer-dual-plate-check-valve\",\"url\":\"https:\/\/zecovalve.com\/product\/wafer-dual-plate-check-valve\",\"name\":\"Wafer Dual Plate Check Valve\"}}]}]}<\/script>\n<!-- \/ Yoast SEO Premium plugin. -->","_links":{"self":[{"href":"https:\/\/zecovalve.com\/es\/wp-json\/wp\/v2\/product\/16567","targetHints":{"allow":["GET"]}}],"collection":[{"href":"https:\/\/zecovalve.com\/es\/wp-json\/wp\/v2\/product"}],"about":[{"href":"https:\/\/zecovalve.com\/es\/wp-json\/wp\/v2\/types\/product"}],"replies":[{"embeddable":true,"href":"https:\/\/zecovalve.com\/es\/wp-json\/wp\/v2\/comments?post=16567"}],"wp:featuredmedia":[{"embeddable":true,"href":"https:\/\/zecovalve.com\/es\/wp-json\/wp\/v2\/media\/27931"}],"wp:attachment":[{"href":"https:\/\/zecovalve.com\/es\/wp-json\/wp\/v2\/media?parent=16567"}],"wp:term":[{"taxonomy":"product_cat","embeddable":true,"href":"https:\/\/zecovalve.com\/es\/wp-json\/wp\/v2\/product_cat?post=16567"},{"taxonomy":"product_tag","embeddable":true,"href":"https:\/\/zecovalve.com\/es\/wp-json\/wp\/v2\/product_tag?post=16567"}],"curies":[{"name":"wp","href":"https:\/\/api.w.org\/{rel}","templated":true}]}}