{"id":16590,"date":"2022-06-22T05:59:58","date_gmt":"2022-06-22T05:59:58","guid":{"rendered":"https:\/\/zecovalve.com\/?post_type=product&#038;p=16590"},"modified":"2023-06-15T12:54:11","modified_gmt":"2023-06-15T12:54:11","slug":"high-pressure-gate-valve","status":"publish","type":"product","link":"https:\/\/zecovalve.com\/es\/producto\/high-pressure-gate-valve","title":{"rendered":"V\u00e1lvula de compuerta de alta presi\u00f3n"},"content":{"rendered":"<h1 class=\"sep-title\">V\u00e1lvula de compuerta de alta presi\u00f3n<\/h1>\n<div class=\"sep-box-detail clearfix\">\n<div class=\"box-lf\">\n<div class=\"thumb\">\n<figure id=\"attachment_16591\" aria-describedby=\"caption-attachment-16591\" style=\"width: 290px\" class=\"wp-caption alignnone\"><img loading=\"lazy\" decoding=\"async\" class=\"size-medium wp-image-16591\" src=\"https:\/\/zecovalve.com\/wp-content\/uploads\/2022\/06\/high-pressure-gate-valve-300x225.jpg\" alt=\"V\u00e1lvula de compuerta de alta presi\u00f3n\" width=\"300\" height=\"225\" srcset=\"https:\/\/zecovalve.com\/wp-content\/uploads\/2022\/06\/high-pressure-gate-valve-300x225.jpg 300w, https:\/\/zecovalve.com\/wp-content\/uploads\/2022\/06\/high-pressure-gate-valve-768x576.jpg 768w, https:\/\/zecovalve.com\/wp-content\/uploads\/2022\/06\/high-pressure-gate-valve-600x450.jpg 600w, https:\/\/zecovalve.com\/wp-content\/uploads\/2022\/06\/high-pressure-gate-valve.jpg 800w\" sizes=\"auto, (max-width: 300px) 100vw, 300px\" \/><figcaption id=\"caption-attachment-16591\" class=\"wp-caption-text\">V\u00e1lvula de compuerta de alta presi\u00f3n<\/figcaption><\/figure>\n<\/div>\n<div class=\"info\"><a href=\"https:\/\/zecovalve.com\/es\/products\/high-pressure-gate-valve.html\/#form\"><i class=\"fa fa-commenting-o\" aria-hidden=\"true\"><\/i>\u00a0OBTENER PRECIO DE V\u00c1LVULA<\/a><\/div>\n<\/div>\n<div class=\"box-rt\">\n<div class=\"gg\">\n<div class=\"swiper-container swiper-container-initialized swiper-container-vertical\">\n<div class=\"swiper-wrapper\"><\/div>\n<\/div>\n<\/div>\n<\/div>\n<\/div>\n<div class=\"richtext\">\n<h2>Descripci\u00f3n de la v\u00e1lvula de compuerta de alta presi\u00f3n:<\/h2>\n<p>Cuando la presi\u00f3n es baja, el espesor de la brida es peque\u00f1o, el aumento de costo no es mucho, el estr\u00e9s t\u00e9rmico generado durante el calentamiento y enfriamiento es peque\u00f1o, depende de la fuerza de apriete de los pernos y de la junta para lograr un sellado f\u00e1cil. Es m\u00e1s conveniente reparar o reemplazar la v\u00e1lvula cuando se utiliza una conexi\u00f3n de brida. La presi\u00f3n de trabajo de la v\u00e1lvula de compuerta de alta presi\u00f3n ZECO es muy alta. Si la brida todav\u00eda est\u00e1 conectada con la tuber\u00eda, el espesor de la brida es muy grande. No solo aumenta obviamente el costo de la brida y el perno, sino que tambi\u00e9n la tensi\u00f3n t\u00e9rmica generada por el calentamiento y el enfriamiento es muy grande. A medida que aumenta la presi\u00f3n, la temperatura del medio de trabajo tambi\u00e9n aumenta, el perno en el trabajo a alta temperatura a largo plazo parece relajarse, lo que reduce la presi\u00f3n de la brida a la junta y causa f\u00e1cilmente fugas en la junta. La fuga de un tercio se produjo no solo se desarroll\u00f3 r\u00e1pidamente, y la fuga de alta velocidad del medio es f\u00e1cil de expulsar de la ranura de perforaci\u00f3n de la superficie de sellado de la brida, la reparaci\u00f3n es m\u00e1s dif\u00edcil. Si la v\u00e1lvula y la tuber\u00eda est\u00e1n soldadas, el peso y el costo se reducen considerablemente, la tensi\u00f3n t\u00e9rmica durante el calentamiento y el enfriamiento se reduce significativamente, el rendimiento del sellado mejora considerablemente y, una vez que se produce una fuga, es f\u00e1cil de solucionar.<\/p>\n<h2>Caracter\u00edsticas de la v\u00e1lvula de compuerta de alta presi\u00f3n:<\/h2>\n<p>1. La v\u00e1lvula de compuerta de alta presi\u00f3n ZECO generalmente adopta VT (inspecci\u00f3n visual) para productos soldados para verificar defectos de soldadura obvios, como grietas, bordes, eructos de soldadura, defectos de moldeo, quemaduras, salpicaduras, etc. Despu\u00e9s de pasar el examen visual m\u00e1s b\u00e1sico. inspecci\u00f3n, PT se utiliza para comprobar si hay grietas en la superficie de sellado y para probar la dureza de la superficie de sellado;<\/p>\n<p>2. La tuerca del v\u00e1stago de la v\u00e1lvula de compuerta de alta presi\u00f3n ZECO se puede reemplazar en l\u00ednea;<\/p>\n<p>3. El asiento trasero de la v\u00e1lvula de compuerta de alta presi\u00f3n ZECO est\u00e1 dise\u00f1ado para aliviar la contrapresi\u00f3n en la empaquetadura del v\u00e1stago cuando est\u00e1 completamente asentado;<\/p>\n<p>4. Los anillos de asiento de la v\u00e1lvula de compuerta de alta presi\u00f3n ZECO est\u00e1n soldados con sello para proporcionar una junta herm\u00e9tica.<\/p>\n<p>&nbsp;<\/p>\n<h2>Material de la v\u00e1lvula de compuerta de alta presi\u00f3n:<\/h2>\n<table>\n<tbody>\n<tr class=\"firstRow\">\n<td valign=\"center\">No<\/td>\n<td valign=\"center\">Pieza<\/td>\n<td valign=\"center\">Material<\/td>\n<\/tr>\n<tr>\n<td valign=\"center\">1<\/td>\n<td valign=\"center\">Cuerpo<\/td>\n<td valign=\"center\">\u00a0ASTM A217 WC9<\/td>\n<\/tr>\n<tr>\n<td valign=\"center\">2<\/td>\n<td valign=\"center\">Anillo de asiento<\/td>\n<td valign=\"center\">ASTM A182 F22 + STL<\/td>\n<\/tr>\n<tr>\n<td valign=\"center\">3<\/td>\n<td valign=\"center\">Cu\u00f1a<\/td>\n<td valign=\"center\">ASTM A217 WC9 + STL<\/td>\n<\/tr>\n<tr>\n<td valign=\"center\">4<\/td>\n<td valign=\"center\">V\u00e1stago<\/td>\n<td valign=\"center\">ASTM A276 420<\/td>\n<\/tr>\n<tr>\n<td valign=\"center\">5<\/td>\n<td valign=\"center\">Junta del cap\u00f3<\/td>\n<td valign=\"center\">Grafito + SS316<\/td>\n<\/tr>\n<tr>\n<td valign=\"center\">6<\/td>\n<td valign=\"center\">Perno del cap\u00f3<\/td>\n<td valign=\"center\">ASTM A193 B16<\/td>\n<\/tr>\n<tr>\n<td valign=\"center\">7<\/td>\n<td valign=\"center\">Tuerca de sombrerete<\/td>\n<td valign=\"center\">ASTM A194 4<\/td>\n<\/tr>\n<tr>\n<td valign=\"center\">8<\/td>\n<td valign=\"center\">Cap\u00f3<\/td>\n<td valign=\"center\">ASTM A217 WC9<\/td>\n<\/tr>\n<tr>\n<td valign=\"center\">9<\/td>\n<td valign=\"center\">Asiento trasero<\/td>\n<td valign=\"center\">ASTM A182 F6a<\/td>\n<\/tr>\n<tr>\n<td valign=\"center\">10<\/td>\n<td valign=\"center\">Empaquetadura de v\u00e1stago<\/td>\n<td valign=\"center\">Grafito reforzado<\/td>\n<\/tr>\n<tr>\n<td valign=\"center\">11<\/td>\n<td valign=\"center\">Volante<\/td>\n<td valign=\"center\">KTH330-08<\/td>\n<\/tr>\n<\/tbody>\n<\/table>\n<\/div>","protected":false},"excerpt":{"rendered":"<p>V\u00e1lvula de compuerta de alta presi\u00f3n OBTENER PRECIO DE V\u00c1LVULA Descripci\u00f3n de la v\u00e1lvula de compuerta de alta presi\u00f3n: Cuando la presi\u00f3n es baja, el espesor de la brida es... <a title=\"V\u00e1lvula de compuerta de alta presi\u00f3n\" class=\"read-more\" href=\"https:\/\/zecovalve.com\/es\/producto\/high-pressure-gate-valve\" aria-label=\"M\u00e1s en V\u00e1lvula de compuerta de alta presi\u00f3n\">Leer m\u00e1s<\/a><\/p>","protected":false},"featured_media":27893,"comment_status":"closed","ping_status":"closed","template":"","meta":{"_generate-full-width-content":"","kt_blocks_editor_width":""},"product_cat":[2052,2454],"product_tag":[2658,2798],"class_list":["post-16590","product","type-product","status-publish","has-post-thumbnail","hentry","product_cat-gate-valve","product_cat-gate-valve-by-material","product_tag-isolation-valve","product_tag-osy-valve","sales-flash-overlay","woocommerce-text-align-center","woocommerce-image-align-center","do-quantity-buttons"],"featured_image_src_large":["https:\/\/zecovalve.com\/wp-content\/uploads\/2022\/06\/High-Pressure-Gate-Valve-2.jpg",800,600,false],"author_info":[],"comment_info":0,"taxonomy_info":{"product_cat":[{"value":2052,"label":"Gate Valve"},{"value":2454,"label":"Gate Valve By Material"}],"product_tag":[{"value":2658,"label":"Isolation Valve"},{"value":2798,"label":"OS&amp;Y Valve"}]},"yoast_head":"<!-- This site is optimized with the Yoast SEO Premium plugin v15.4 - https:\/\/yoast.com\/wordpress\/plugins\/seo\/ -->\n<title>High Pressure Gate Valve - ZECO Valve<\/title>\n<meta name=\"robots\" content=\"index, follow, max-snippet:-1, max-image-preview:large, max-video-preview:-1\" \/>\n<link rel=\"canonical\" href=\"https:\/\/zecovalve.com\/es\/producto\/high-pressure-gate-valve\" \/>\n<meta property=\"og:locale\" content=\"es_ES\" \/>\n<meta property=\"og:type\" content=\"article\" \/>\n<meta property=\"og:title\" content=\"High Pressure Gate Valve - ZECO Valve\" \/>\n<meta property=\"og:description\" content=\"High Pressure Gate Valve \u00a0GET VALVE PRICE Description of High Pressure Gate Valve: When the pressure is low, the flange thickness is ... Leer m\u00e1s\" \/>\n<meta property=\"og:url\" content=\"https:\/\/zecovalve.com\/es\/producto\/high-pressure-gate-valve\" \/>\n<meta property=\"og:site_name\" content=\"ZECO Valve\" \/>\n<meta property=\"article:modified_time\" content=\"2023-06-15T12:54:11+00:00\" \/>\n<meta property=\"og:image\" content=\"https:\/\/zecovalve.com\/wp-content\/uploads\/2022\/06\/High-Pressure-Gate-Valve-2.jpg\" \/>\n\t<meta property=\"og:image:width\" content=\"800\" \/>\n\t<meta property=\"og:image:height\" content=\"600\" \/>\n<meta name=\"twitter:card\" content=\"summary_large_image\" \/>\n<meta name=\"twitter:label1\" content=\"Escrito por\">\n\t<meta name=\"twitter:data1\" content=\"Jerry\">\n\t<meta name=\"twitter:label2\" content=\"Tiempo de lectura\">\n\t<meta name=\"twitter:data2\" content=\"2 minutos\">\n<script type=\"application\/ld+json\" class=\"yoast-schema-graph\">{\"@context\":\"https:\/\/schema.org\",\"@graph\":[{\"@type\":\"WebSite\",\"@id\":\"https:\/\/zecovalve.com\/#website\",\"url\":\"https:\/\/zecovalve.com\/\",\"name\":\"ZECO Valve\",\"description\":\"Industrial Ball Valve, Gate Valve and Globe Valve Manufacturer\",\"potentialAction\":[{\"@type\":\"SearchAction\",\"target\":\"https:\/\/zecovalve.com\/?s={search_term_string}\",\"query-input\":\"required name=search_term_string\"}],\"inLanguage\":\"es\"},{\"@type\":\"ImageObject\",\"@id\":\"https:\/\/zecovalve.com\/product\/high-pressure-gate-valve#primaryimage\",\"inLanguage\":\"es\",\"url\":\"https:\/\/zecovalve.com\/wp-content\/uploads\/2022\/06\/High-Pressure-Gate-Valve-2.jpg\",\"width\":800,\"height\":600,\"caption\":\"High Pressure Gate Valve\"},{\"@type\":\"WebPage\",\"@id\":\"https:\/\/zecovalve.com\/product\/high-pressure-gate-valve#webpage\",\"url\":\"https:\/\/zecovalve.com\/product\/high-pressure-gate-valve\",\"name\":\"High Pressure Gate Valve - ZECO Valve\",\"isPartOf\":{\"@id\":\"https:\/\/zecovalve.com\/#website\"},\"primaryImageOfPage\":{\"@id\":\"https:\/\/zecovalve.com\/product\/high-pressure-gate-valve#primaryimage\"},\"datePublished\":\"2022-06-22T05:59:58+00:00\",\"dateModified\":\"2023-06-15T12:54:11+00:00\",\"breadcrumb\":{\"@id\":\"https:\/\/zecovalve.com\/product\/high-pressure-gate-valve#breadcrumb\"},\"inLanguage\":\"es\",\"potentialAction\":[{\"@type\":\"ReadAction\",\"target\":[\"https:\/\/zecovalve.com\/product\/high-pressure-gate-valve\"]}]},{\"@type\":\"BreadcrumbList\",\"@id\":\"https:\/\/zecovalve.com\/product\/high-pressure-gate-valve#breadcrumb\",\"itemListElement\":[{\"@type\":\"ListItem\",\"position\":1,\"item\":{\"@type\":\"WebPage\",\"@id\":\"https:\/\/zecovalve.com\/\",\"url\":\"https:\/\/zecovalve.com\/\",\"name\":\"Home\"}},{\"@type\":\"ListItem\",\"position\":2,\"item\":{\"@type\":\"WebPage\",\"@id\":\"https:\/\/zecovalve.com\/product-category\",\"url\":\"https:\/\/zecovalve.com\/product-category\",\"name\":\"Industrial Valve Manufacturer | Water Valve Manufacturer\"}},{\"@type\":\"ListItem\",\"position\":3,\"item\":{\"@type\":\"WebPage\",\"@id\":\"https:\/\/zecovalve.com\/product\/high-pressure-gate-valve\",\"url\":\"https:\/\/zecovalve.com\/product\/high-pressure-gate-valve\",\"name\":\"High Pressure Gate Valve\"}}]}]}<\/script>\n<!-- \/ Yoast SEO Premium plugin. -->","_links":{"self":[{"href":"https:\/\/zecovalve.com\/es\/wp-json\/wp\/v2\/product\/16590","targetHints":{"allow":["GET"]}}],"collection":[{"href":"https:\/\/zecovalve.com\/es\/wp-json\/wp\/v2\/product"}],"about":[{"href":"https:\/\/zecovalve.com\/es\/wp-json\/wp\/v2\/types\/product"}],"replies":[{"embeddable":true,"href":"https:\/\/zecovalve.com\/es\/wp-json\/wp\/v2\/comments?post=16590"}],"wp:featuredmedia":[{"embeddable":true,"href":"https:\/\/zecovalve.com\/es\/wp-json\/wp\/v2\/media\/27893"}],"wp:attachment":[{"href":"https:\/\/zecovalve.com\/es\/wp-json\/wp\/v2\/media?parent=16590"}],"wp:term":[{"taxonomy":"product_cat","embeddable":true,"href":"https:\/\/zecovalve.com\/es\/wp-json\/wp\/v2\/product_cat?post=16590"},{"taxonomy":"product_tag","embeddable":true,"href":"https:\/\/zecovalve.com\/es\/wp-json\/wp\/v2\/product_tag?post=16590"}],"curies":[{"name":"wp","href":"https:\/\/api.w.org\/{rel}","templated":true}]}}