{"id":16644,"date":"2022-06-22T07:41:11","date_gmt":"2022-06-22T07:41:11","guid":{"rendered":"https:\/\/zecovalve.com\/?post_type=product&#038;p=16644"},"modified":"2022-07-10T02:25:36","modified_gmt":"2022-07-10T02:25:36","slug":"carbon-steel-ball-valve","status":"publish","type":"product","link":"https:\/\/zecovalve.com\/es\/producto\/carbon-steel-ball-valve","title":{"rendered":"V\u00e1lvula de bola de acero al carbono"},"content":{"rendered":"<h1 class=\"sep-title\">V\u00e1lvula de bola de acero al carbono<\/h1>\n<div class=\"sep-box-detail clearfix\">\n<div class=\"box-lf\">\n<div class=\"thumb\">\n<figure id=\"attachment_16645\" aria-describedby=\"caption-attachment-16645\" style=\"width: 290px\" class=\"wp-caption alignnone\"><img loading=\"lazy\" decoding=\"async\" class=\"size-medium wp-image-16645\" src=\"https:\/\/zecovalve.com\/wp-content\/uploads\/2022\/06\/carbon-steel-ball-valve-1-300x225.jpg\" alt=\"V\u00e1lvula de bola de acero al carbono\" width=\"300\" height=\"225\" srcset=\"https:\/\/zecovalve.com\/wp-content\/uploads\/2022\/06\/carbon-steel-ball-valve-1-300x225.jpg 300w, https:\/\/zecovalve.com\/wp-content\/uploads\/2022\/06\/carbon-steel-ball-valve-1-768x576.jpg 768w, https:\/\/zecovalve.com\/wp-content\/uploads\/2022\/06\/carbon-steel-ball-valve-1-600x450.jpg 600w, https:\/\/zecovalve.com\/wp-content\/uploads\/2022\/06\/carbon-steel-ball-valve-1.jpg 800w\" sizes=\"auto, (max-width: 300px) 100vw, 300px\" \/><figcaption id=\"caption-attachment-16645\" class=\"wp-caption-text\">V\u00e1lvula de bola de acero al carbono<\/figcaption><\/figure>\n<p><img loading=\"lazy\" decoding=\"async\" class=\"alignnone size-medium wp-image-16646\" src=\"https:\/\/zecovalve.com\/wp-content\/uploads\/2022\/06\/carbon-steel-ball-valve-3-300x225.jpg\" alt=\"\" width=\"300\" height=\"225\" srcset=\"https:\/\/zecovalve.com\/wp-content\/uploads\/2022\/06\/carbon-steel-ball-valve-3-300x225.jpg 300w, https:\/\/zecovalve.com\/wp-content\/uploads\/2022\/06\/carbon-steel-ball-valve-3-768x576.jpg 768w, https:\/\/zecovalve.com\/wp-content\/uploads\/2022\/06\/carbon-steel-ball-valve-3-600x450.jpg 600w, https:\/\/zecovalve.com\/wp-content\/uploads\/2022\/06\/carbon-steel-ball-valve-3.jpg 800w\" sizes=\"auto, (max-width: 300px) 100vw, 300px\" \/> <img loading=\"lazy\" decoding=\"async\" class=\"alignnone size-medium wp-image-16647\" src=\"https:\/\/zecovalve.com\/wp-content\/uploads\/2022\/06\/carbon-steel-ball-valve-4-300x225.jpg\" alt=\"\" width=\"300\" height=\"225\" srcset=\"https:\/\/zecovalve.com\/wp-content\/uploads\/2022\/06\/carbon-steel-ball-valve-4-300x225.jpg 300w, https:\/\/zecovalve.com\/wp-content\/uploads\/2022\/06\/carbon-steel-ball-valve-4-768x576.jpg 768w, https:\/\/zecovalve.com\/wp-content\/uploads\/2022\/06\/carbon-steel-ball-valve-4-600x450.jpg 600w, https:\/\/zecovalve.com\/wp-content\/uploads\/2022\/06\/carbon-steel-ball-valve-4.jpg 800w\" sizes=\"auto, (max-width: 300px) 100vw, 300px\" \/> <img loading=\"lazy\" decoding=\"async\" class=\"alignnone size-medium wp-image-16648\" src=\"https:\/\/zecovalve.com\/wp-content\/uploads\/2022\/06\/gear-operated-ball-valve-5-300x225.jpg\" alt=\"\" width=\"300\" height=\"225\" srcset=\"https:\/\/zecovalve.com\/wp-content\/uploads\/2022\/06\/gear-operated-ball-valve-5-300x225.jpg 300w, https:\/\/zecovalve.com\/wp-content\/uploads\/2022\/06\/gear-operated-ball-valve-5-768x576.jpg 768w, https:\/\/zecovalve.com\/wp-content\/uploads\/2022\/06\/gear-operated-ball-valve-5-600x450.jpg 600w, https:\/\/zecovalve.com\/wp-content\/uploads\/2022\/06\/gear-operated-ball-valve-5.jpg 800w\" sizes=\"auto, (max-width: 300px) 100vw, 300px\" \/><\/div>\n<div class=\"info\"><a href=\"https:\/\/zecovalve.com\/es\/products\/carbon-steel-ball-valve.html\/#form\"><i class=\"fa fa-commenting-o\" aria-hidden=\"true\"><\/i>\u00a0OBTENER PRECIO DE V\u00c1LVULA<\/a><\/div>\n<\/div>\n<div class=\"box-rt\">\n<div class=\"gg\">\n<div class=\"swiper-container swiper-container-initialized swiper-container-vertical\">\n<div class=\"swiper-wrapper\">\n<div class=\"swiper-slide swiper-slide-prev\">\n<div class=\"img\"><\/div>\n<\/div>\n<\/div>\n<\/div>\n<\/div>\n<div class=\"swiper-button-next swiper-button-disabled\" tabindex=\"0\" role=\"button\" aria-label=\"La siguiente diapositiva\" aria-disabled=\"true\"><\/div>\n<\/div>\n<\/div>\n<div class=\"richtext\">\n<h2>Descripci\u00f3n de la v\u00e1lvula de bola de acero al carbono:<\/h2>\n<p>La v\u00e1lvula de bola de acero al carbono ZECO se usa generalmente en medios no corrosivos; bajo ciertas condiciones, como un cierto rango de temperatura, las condiciones de concentraci\u00f3n tambi\u00e9n se pueden usar en algunos medios corrosivos. Temperatura adecuada en \u2013 29 \u2103 ~ 425 \u2103, la marca com\u00fanmente utilizada para WCA de ASTM A216\/A216M, WCB, WCC. Cuando el requisito de resistencia es mayor, se adopta el WCC, porque el contenido de Mn en el WCC es mayor, lo que mejora el efecto de refuerzo del acero.<\/p>\n<h2>Caracter\u00edsticas de la v\u00e1lvula de bola de acero al carbono:<\/h2>\n<p>1. El efecto de pist\u00f3n \u00fanico es el dise\u00f1o est\u00e1ndar de la v\u00e1lvula de bola de acero al carbono ZECO. La presi\u00f3n tanto desde arriba como desde abajo empuja los anillos del asiento contra la bola. Si la fuerza creada por la presi\u00f3n de la cavidad del cuerpo es mayor que la fuerza del resorte precargado m\u00e1s la fuerza creada por la presi\u00f3n desde el lado aguas arriba o aguas abajo, los asientos se alejan de la bola. Por lo tanto, cualquier sobrepresi\u00f3n en la cavidad del cuerpo se libera autom\u00e1ticamente en la posici\u00f3n completamente abierta o completamente cerrada de las v\u00e1lvulas;<\/p>\n<p>2. La v\u00e1lvula de bola de acero al carbono ZECO tiene un dise\u00f1o a prueba de incendios. Las fugas en el \u00e1rea del v\u00e1stago de la v\u00e1lvula se evitan mediante dos juntas t\u00f3ricas y una junta prensaestopas. Las fugas a trav\u00e9s de la conexi\u00f3n del cuerpo de la v\u00e1lvula tambi\u00e9n se bloquean mediante una junta t\u00f3rica y una junta del cuerpo. Despu\u00e9s de que un incendio deterior\u00f3 las juntas t\u00f3ricas, el casquillo y la junta del cuerpo, la empaquetadura del v\u00e1stago a prueba de incendios evita fugas externas;<\/p>\n<p>3. La v\u00e1lvula de bola de acero al carbono ZECO tiene un dispositivo antiest\u00e1tico que evita el da\u00f1o de la electricidad est\u00e1tica en la tuber\u00eda;<\/p>\n<p>4. La v\u00e1lvula de bola de acero al carbono ZECO tiene un dise\u00f1o de v\u00e1stago anti-explosi\u00f3n para evitar lesiones personales causadas por el v\u00e1stago volante durante el mantenimiento.<\/p>\n<h2>Material de la v\u00e1lvula de bola de acero al carbono:<\/h2>\n<table>\n<tbody>\n<tr class=\"firstRow\">\n<td valign=\"center\">No<\/td>\n<td valign=\"center\">Pieza<\/td>\n<td valign=\"center\">Material<\/td>\n<\/tr>\n<tr>\n<td valign=\"center\">1<\/td>\n<td valign=\"center\">Cuerpo<\/td>\n<td valign=\"center\">ASTM A216 WCB<\/td>\n<\/tr>\n<tr>\n<td valign=\"center\">2<\/td>\n<td valign=\"center\">Cap\u00f3<\/td>\n<td valign=\"center\">ASTM A216 WCB<\/td>\n<\/tr>\n<tr>\n<td valign=\"center\">3<\/td>\n<td valign=\"center\">Bola<\/td>\n<td valign=\"center\">ASTM A182 F316<\/td>\n<\/tr>\n<tr>\n<td valign=\"center\">4<\/td>\n<td valign=\"center\">Asiento<\/td>\n<td valign=\"center\">ASTM A182 F316 + PTFE<\/td>\n<\/tr>\n<tr>\n<td valign=\"center\">5<\/td>\n<td valign=\"center\">V\u00e1stago<\/td>\n<td valign=\"center\">ASTM A276 316<\/td>\n<\/tr>\n<tr>\n<td valign=\"center\">6<\/td>\n<td valign=\"center\">Dispositivo antiest\u00e1tico<\/td>\n<td valign=\"center\">SS316<\/td>\n<\/tr>\n<tr>\n<td valign=\"center\">7<\/td>\n<td valign=\"center\">Junta<\/td>\n<td valign=\"center\">Grafito + SS316<\/td>\n<\/tr>\n<tr>\n<td valign=\"center\">8<\/td>\n<td valign=\"center\">Perno<\/td>\n<td valign=\"center\">ASTM A193 B7<\/td>\n<\/tr>\n<tr>\n<td valign=\"center\">9<\/td>\n<td valign=\"center\">Tuerca<\/td>\n<td valign=\"center\">ASTM A194 2H<\/td>\n<\/tr>\n<tr>\n<td valign=\"center\">10<\/td>\n<td valign=\"center\">Junta t\u00f3rica<\/td>\n<td valign=\"center\">Vit\u00f3n A<\/td>\n<\/tr>\n<tr>\n<td valign=\"center\">11<\/td>\n<td valign=\"center\">Palanca<\/td>\n<td valign=\"center\">ASTM A216 WCB<\/td>\n<\/tr>\n<\/tbody>\n<\/table>\n<\/div>","protected":false},"excerpt":{"rendered":"<p>V\u00e1lvula de bola de acero al carbono OBTENER PRECIO DE LA V\u00c1LVULA Descripci\u00f3n de la v\u00e1lvula de bola de acero al carbono: La v\u00e1lvula de bola de acero al carbono ZECO se usa generalmente en medios no corrosivos, bajo\u2026 <a title=\"V\u00e1lvula de bola de acero al carbono\" class=\"read-more\" href=\"https:\/\/zecovalve.com\/es\/producto\/carbon-steel-ball-valve\" aria-label=\"M\u00e1s en V\u00e1lvula de bola de acero al carbono\">Leer m\u00e1s<\/a><\/p>","protected":false},"featured_media":16645,"comment_status":"closed","ping_status":"closed","template":"","meta":{"_generate-full-width-content":"","kt_blocks_editor_width":""},"product_cat":[2047,2461],"product_tag":[2804,2658],"class_list":["post-16644","product","type-product","status-publish","has-post-thumbnail","hentry","product_cat-ball-valve","product_cat-ball-valve-by-material","product_tag-2-inch-ball-valve","product_tag-isolation-valve","sales-flash-overlay","woocommerce-text-align-center","woocommerce-image-align-center","do-quantity-buttons"],"featured_image_src_large":["https:\/\/zecovalve.com\/wp-content\/uploads\/2022\/06\/carbon-steel-ball-valve-1.jpg",800,600,false],"author_info":[],"comment_info":0,"taxonomy_info":{"product_cat":[{"value":2047,"label":"Ball Valve"},{"value":2461,"label":"Ball Valve By Material"}],"product_tag":[{"value":2804,"label":"2 inch Ball Valve"},{"value":2658,"label":"Isolation Valve"}]},"yoast_head":"<!-- This site is optimized with the Yoast SEO Premium plugin v15.4 - https:\/\/yoast.com\/wordpress\/plugins\/seo\/ -->\n<title>Carbon Steel Ball Valve - ZECO Valve<\/title>\n<meta name=\"robots\" content=\"index, follow, max-snippet:-1, max-image-preview:large, max-video-preview:-1\" \/>\n<link rel=\"canonical\" href=\"https:\/\/zecovalve.com\/es\/producto\/carbon-steel-ball-valve\" \/>\n<meta property=\"og:locale\" content=\"es_ES\" \/>\n<meta property=\"og:type\" content=\"article\" \/>\n<meta property=\"og:title\" content=\"Carbon Steel Ball Valve - ZECO Valve\" \/>\n<meta property=\"og:description\" content=\"Carbon Steel Ball Valve \u00a0GET VALVE PRICE Description of Carbon Steel Ball Valve: ZECO\u00a0carbon steel\u00a0ball valve\u00a0is usually used in non-corrosive media, under ... Leer m\u00e1s\" \/>\n<meta property=\"og:url\" content=\"https:\/\/zecovalve.com\/es\/producto\/carbon-steel-ball-valve\" \/>\n<meta property=\"og:site_name\" content=\"ZECO Valve\" \/>\n<meta property=\"article:modified_time\" content=\"2022-07-10T02:25:36+00:00\" \/>\n<meta property=\"og:image\" content=\"https:\/\/zecovalve.com\/wp-content\/uploads\/2022\/06\/carbon-steel-ball-valve-1.jpg\" \/>\n\t<meta property=\"og:image:width\" content=\"800\" \/>\n\t<meta property=\"og:image:height\" content=\"600\" \/>\n<meta name=\"twitter:card\" content=\"summary_large_image\" \/>\n<meta name=\"twitter:label1\" content=\"Escrito por\">\n\t<meta name=\"twitter:data1\" content=\"Jerry\">\n\t<meta name=\"twitter:label2\" content=\"Tiempo de lectura\">\n\t<meta name=\"twitter:data2\" content=\"1 minuto\">\n<script type=\"application\/ld+json\" class=\"yoast-schema-graph\">{\"@context\":\"https:\/\/schema.org\",\"@graph\":[{\"@type\":\"WebSite\",\"@id\":\"https:\/\/zecovalve.com\/#website\",\"url\":\"https:\/\/zecovalve.com\/\",\"name\":\"ZECO Valve\",\"description\":\"Industrial Ball Valve, Gate Valve and Globe Valve Manufacturer\",\"potentialAction\":[{\"@type\":\"SearchAction\",\"target\":\"https:\/\/zecovalve.com\/?s={search_term_string}\",\"query-input\":\"required name=search_term_string\"}],\"inLanguage\":\"es\"},{\"@type\":\"ImageObject\",\"@id\":\"https:\/\/zecovalve.com\/product\/carbon-steel-ball-valve#primaryimage\",\"inLanguage\":\"es\",\"url\":\"https:\/\/zecovalve.com\/wp-content\/uploads\/2022\/06\/carbon-steel-ball-valve-1.jpg\",\"width\":800,\"height\":600,\"caption\":\"Carbon Steel Ball Valve\"},{\"@type\":\"WebPage\",\"@id\":\"https:\/\/zecovalve.com\/product\/carbon-steel-ball-valve#webpage\",\"url\":\"https:\/\/zecovalve.com\/product\/carbon-steel-ball-valve\",\"name\":\"Carbon Steel Ball Valve - ZECO Valve\",\"isPartOf\":{\"@id\":\"https:\/\/zecovalve.com\/#website\"},\"primaryImageOfPage\":{\"@id\":\"https:\/\/zecovalve.com\/product\/carbon-steel-ball-valve#primaryimage\"},\"datePublished\":\"2022-06-22T07:41:11+00:00\",\"dateModified\":\"2022-07-10T02:25:36+00:00\",\"breadcrumb\":{\"@id\":\"https:\/\/zecovalve.com\/product\/carbon-steel-ball-valve#breadcrumb\"},\"inLanguage\":\"es\",\"potentialAction\":[{\"@type\":\"ReadAction\",\"target\":[\"https:\/\/zecovalve.com\/product\/carbon-steel-ball-valve\"]}]},{\"@type\":\"BreadcrumbList\",\"@id\":\"https:\/\/zecovalve.com\/product\/carbon-steel-ball-valve#breadcrumb\",\"itemListElement\":[{\"@type\":\"ListItem\",\"position\":1,\"item\":{\"@type\":\"WebPage\",\"@id\":\"https:\/\/zecovalve.com\/\",\"url\":\"https:\/\/zecovalve.com\/\",\"name\":\"Home\"}},{\"@type\":\"ListItem\",\"position\":2,\"item\":{\"@type\":\"WebPage\",\"@id\":\"https:\/\/zecovalve.com\/product-category\",\"url\":\"https:\/\/zecovalve.com\/product-category\",\"name\":\"Industrial Valve Manufacturer | Water Valve Manufacturer\"}},{\"@type\":\"ListItem\",\"position\":3,\"item\":{\"@type\":\"WebPage\",\"@id\":\"https:\/\/zecovalve.com\/product\/carbon-steel-ball-valve\",\"url\":\"https:\/\/zecovalve.com\/product\/carbon-steel-ball-valve\",\"name\":\"Carbon Steel Ball Valve\"}}]}]}<\/script>\n<!-- \/ Yoast SEO Premium plugin. -->","_links":{"self":[{"href":"https:\/\/zecovalve.com\/es\/wp-json\/wp\/v2\/product\/16644","targetHints":{"allow":["GET"]}}],"collection":[{"href":"https:\/\/zecovalve.com\/es\/wp-json\/wp\/v2\/product"}],"about":[{"href":"https:\/\/zecovalve.com\/es\/wp-json\/wp\/v2\/types\/product"}],"replies":[{"embeddable":true,"href":"https:\/\/zecovalve.com\/es\/wp-json\/wp\/v2\/comments?post=16644"}],"wp:featuredmedia":[{"embeddable":true,"href":"https:\/\/zecovalve.com\/es\/wp-json\/wp\/v2\/media\/16645"}],"wp:attachment":[{"href":"https:\/\/zecovalve.com\/es\/wp-json\/wp\/v2\/media?parent=16644"}],"wp:term":[{"taxonomy":"product_cat","embeddable":true,"href":"https:\/\/zecovalve.com\/es\/wp-json\/wp\/v2\/product_cat?post=16644"},{"taxonomy":"product_tag","embeddable":true,"href":"https:\/\/zecovalve.com\/es\/wp-json\/wp\/v2\/product_tag?post=16644"}],"curies":[{"name":"wp","href":"https:\/\/api.w.org\/{rel}","templated":true}]}}