{"id":16934,"date":"2022-06-25T10:33:12","date_gmt":"2022-06-25T10:33:12","guid":{"rendered":"https:\/\/zecovalve.com\/?post_type=product&#038;p=16934"},"modified":"2023-06-26T05:59:00","modified_gmt":"2023-06-26T05:59:00","slug":"differential-pressure-control-valve","status":"publish","type":"product","link":"https:\/\/zecovalve.com\/es\/producto\/differential-pressure-control-valve","title":{"rendered":"V\u00e1lvula de control de presi\u00f3n diferencial"},"content":{"rendered":"<div class=\"sep-pages-boxs bgs clearfix\">\n<div class=\"sep-container clearfix\">\n<h1 class=\"titles sizes1 cens gtj-ff-bold\">V\u00e1lvula de control de presi\u00f3n diferencial<\/h1>\n<div class=\"bq-sep-pro-detail-thumbs ons clearfix\">\n<div class=\"thumbs\">\n<div class=\"imgs ons\">\n<div class=\"swiper-container swiper-container-initialized swiper-container-horizontal\">\n<div class=\"swiper-wrapper\">\n<div class=\"swiper-slide swiper-slide-active\">\n<figure id=\"attachment_16935\" aria-describedby=\"caption-attachment-16935\" style=\"width: 254px\" class=\"wp-caption alignnone\"><img loading=\"lazy\" decoding=\"async\" class=\"size-medium wp-image-16935\" src=\"https:\/\/zecovalve.com\/wp-content\/uploads\/2022\/06\/differential-pressure-control-valve-264x300.png\" alt=\"V\u00e1lvula de control de presi\u00f3n diferencial\" width=\"264\" height=\"300\" srcset=\"https:\/\/zecovalve.com\/wp-content\/uploads\/2022\/06\/differential-pressure-control-valve-264x300.png 264w, https:\/\/zecovalve.com\/wp-content\/uploads\/2022\/06\/differential-pressure-control-valve.png 400w\" sizes=\"auto, (max-width: 264px) 100vw, 264px\" \/><figcaption id=\"caption-attachment-16935\" class=\"wp-caption-text\">V\u00e1lvula de control de presi\u00f3n diferencial<\/figcaption><\/figure>\n<\/div>\n<\/div>\n<\/div>\n<div class=\"lr-lists-boxs\"><\/div>\n<\/div>\n<\/div>\n<\/div>\n<\/div>\n<\/div>\n<div class=\"sep-pages-boxs clearfix\">\n<div class=\"sep-container clearfix\">\n<div id=\"zf-nexts\" class=\"flex clearfix\">\n<div class=\"bq-zf-lefts\">\n<div class=\"richtext\">\n<h2>Festejos de la v\u00e1lvula de control de presi\u00f3n diferencial<\/h2>\n<div class=\"text-center\"><img loading=\"lazy\" decoding=\"async\" class=\"alignnone size-medium wp-image-16936\" src=\"https:\/\/zecovalve.com\/wp-content\/uploads\/2022\/06\/differential-pressure-control-valve-3-300x225.png\" alt=\"\" width=\"300\" height=\"225\" srcset=\"https:\/\/zecovalve.com\/wp-content\/uploads\/2022\/06\/differential-pressure-control-valve-3-300x225.png 300w, https:\/\/zecovalve.com\/wp-content\/uploads\/2022\/06\/differential-pressure-control-valve-3.png 600w\" sizes=\"auto, (max-width: 300px) 100vw, 300px\" \/><\/div>\n<ul class=\"list-paddingleft-2\">\n<li>Control preciso y estable de la diferencia de presi\u00f3n\uff1b<\/li>\n<li>20-250Kpa Rango de control de la diferencia de presi\u00f3n;<\/li>\n<li>Depuraci\u00f3n sencilla, sin instalaciones el\u00e9ctricas complejas;<\/li>\n<li>Larga vida \u00fatil y durabilidad.<\/li>\n<\/ul>\n<\/div>\n<div class=\"richtext\">\n<h2>Principio de funcionamiento de la v\u00e1lvula de control de presi\u00f3n diferencial<\/h2>\n<div class=\"text-center\"><img loading=\"lazy\" decoding=\"async\" class=\"alignnone size-medium wp-image-16937\" src=\"https:\/\/zecovalve.com\/wp-content\/uploads\/2022\/06\/differential-pressure-control-valve-4-300x225.png\" alt=\"\" width=\"300\" height=\"225\" srcset=\"https:\/\/zecovalve.com\/wp-content\/uploads\/2022\/06\/differential-pressure-control-valve-4-300x225.png 300w, https:\/\/zecovalve.com\/wp-content\/uploads\/2022\/06\/differential-pressure-control-valve-4.png 600w\" sizes=\"auto, (max-width: 300px) 100vw, 300px\" \/><\/div>\n<p>P1 es la presi\u00f3n del suministro de agua, P2 es la presi\u00f3n del remanso en la v\u00e1lvula y P3 es la presi\u00f3n del remanso fuera de la v\u00e1lvula. Cuando P1-P3 aumenta, el diafragma de inducci\u00f3n desplaza el disco hacia arriba, reduciendo el \u00e1rea de flujo y aumentando P2-P3, con lo que P1-P2 se mantiene constante, es decir, la diferencia de presi\u00f3n en el sistema de control no var\u00eda. Por el contrario, si P1-P3 disminuye, el disco se desplazar\u00e1 hacia abajo, P2-P3 disminuir\u00e1 y P1-P2 permanecer\u00e1 invariable. Si P1-P3 permanece invariable, y la resistencia dentro del sistema controlado cambia, como P1-P2 aumenta, el disco se abre ligeramente, de modo que P2 vuelve a su valor original, es decir, P1-P2 permanece invariable. Por lo tanto, esta v\u00e1lvula puede ajustar los cambios de presi\u00f3n en el sistema fuera del sistema controlado.<\/p>\n<\/div>\n<div class=\"richtext\">\n<h2>Instalaci\u00f3n y puesta en servicio de v\u00e1lvulas de control de presi\u00f3n diferencial<\/h2>\n<div class=\"text-center\"><img loading=\"lazy\" decoding=\"async\" class=\"alignnone size-medium wp-image-16938\" src=\"https:\/\/zecovalve.com\/wp-content\/uploads\/2022\/06\/differential-pressure-control-valve-2-300x225.png\" alt=\"\" width=\"300\" height=\"225\" srcset=\"https:\/\/zecovalve.com\/wp-content\/uploads\/2022\/06\/differential-pressure-control-valve-2-300x225.png 300w, https:\/\/zecovalve.com\/wp-content\/uploads\/2022\/06\/differential-pressure-control-valve-2.png 600w\" sizes=\"auto, (max-width: 300px) 100vw, 300px\" \/><\/div>\n<p>Esta v\u00e1lvula es el m\u00e9todo de instalaci\u00f3n de remanso. La tuber\u00eda de control est\u00e1 conectada con la conexi\u00f3n de la tuber\u00eda de suministro de agua. Tipo externo: conectado con la tuber\u00eda de suministro en el extremo frontal del sistema controlado y conectado con la interfaz de control preestablecida de la v\u00e1lvula gu\u00eda de cobre en el extremo; La v\u00e1lvula de control de diferencia de presi\u00f3n y la v\u00e1lvula de equilibrio se utilizan juntas. La v\u00e1lvula de equilibrio se encarga de la medici\u00f3n del caudal, el cierre y la conexi\u00f3n de la tuber\u00eda de presi\u00f3n. Para usos espec\u00edficos, consulte al Grupo de V\u00e1lvulas ZECO.<\/p>\n<\/div>\n<div class=\"richtext\">\n<h2>V\u00e1lvula de control de presi\u00f3n diferencial Material y norma<\/h2>\n<p>Gama de tama\u00f1os: 2\u2033~12\u2033.<\/p>\n<p>Presi\u00f3n nominal: 10bar ~ 25bar<\/p>\n<p>Dimensiones cara a cara: AMSE B16.10, EN558-1<\/p>\n<p>Dimensi\u00f3n del extremo de la brida: AMSE B16.1\/16.42, AS4087, EN1092-2<\/p>\n<p>Revestimiento: Revestimiento epoxi por fusi\u00f3n<\/p>\n<p>Inspecci\u00f3n y ensayo: ISO 5208 \/ EN 12226-2<\/p>\n<p>&nbsp;<\/p>\n<div class=\"over-tabs\">\n<table width=\"1389\">\n<tbody>\n<tr class=\"firstRow\">\n<td>Pieza<\/td>\n<td>Material<\/td>\n<td>Est\u00e1ndar<\/td>\n<\/tr>\n<tr>\n<td>Cuerpo<\/td>\n<td>Hierro d\u00factil<\/td>\n<td>ES 1563\/DIN 1693<\/td>\n<\/tr>\n<tr>\n<td>Cap\u00f3<\/td>\n<td>Fundici\u00f3n d\u00factil + C37000<\/td>\n<td>ES 1563\/ES12167<\/td>\n<\/tr>\n<tr>\n<td>Recorte<\/td>\n<td>Acero inoxidable 431<\/td>\n<td>EN10088-1\/ASTM A959<\/td>\n<\/tr>\n<tr>\n<td>Asiento<\/td>\n<td>Acero inoxidable 431<\/td>\n<td>EN10088-1\/ASTM A959<\/td>\n<\/tr>\n<tr>\n<td>Diafragma<\/td>\n<td>EPDM \/ NBR<\/td>\n<td>ISO 4633<\/td>\n<\/tr>\n<tr>\n<td>Primavera<\/td>\n<td>Acero inoxidable 431<\/td>\n<td>EN10088-1\/ASTM A959<\/td>\n<\/tr>\n<tr>\n<td colspan=\"3\">Para las opciones de materiales que no figuran en la lista, consulte con la f\u00e1brica.<\/p>\n<p>ZECO fabrica v\u00e1lvulas en m\u00e1s de 50 aleaciones diferentes.<\/td>\n<\/tr>\n<\/tbody>\n<\/table>\n<\/div>\n<\/div>\n<\/div>\n<\/div>\n<\/div>\n<\/div>","protected":false},"excerpt":{"rendered":"<p>V\u00e1lvula de control de presi\u00f3n diferencial Caracter\u00edsticas de la v\u00e1lvula de control de presi\u00f3n diferencial Control de diferencia de presi\u00f3n preciso y estable; rango de control de diferencia de presi\u00f3n de 20-250 Kpa; Simple \u2026 <a title=\"V\u00e1lvula de control de presi\u00f3n diferencial\" class=\"read-more\" href=\"https:\/\/zecovalve.com\/es\/producto\/differential-pressure-control-valve\" aria-label=\"M\u00e1s en V\u00e1lvula de control de presi\u00f3n diferencial\">Leer m\u00e1s<\/a><\/p>","protected":false},"featured_media":27953,"comment_status":"closed","ping_status":"closed","template":"","meta":{"_generate-full-width-content":"","kt_blocks_editor_width":""},"product_cat":[2512],"product_tag":[2724,2654],"class_list":["post-16934","product","type-product","status-publish","has-post-thumbnail","hentry","product_cat-balancing-valve","product_tag-balancing-valve","product_tag-hvac-valve","sales-flash-overlay","woocommerce-text-align-center","woocommerce-image-align-center","do-quantity-buttons"],"featured_image_src_large":["https:\/\/zecovalve.com\/wp-content\/uploads\/2022\/06\/Differential-Pressure-Control-Valve-1.jpg",800,600,false],"author_info":[],"comment_info":0,"taxonomy_info":{"product_cat":[{"value":2512,"label":"Balancing Valve"}],"product_tag":[{"value":2724,"label":"Balancing Valve"},{"value":2654,"label":"HVAC Valve"}]},"yoast_head":"<!-- This site is optimized with the Yoast SEO Premium plugin v15.4 - https:\/\/yoast.com\/wordpress\/plugins\/seo\/ -->\n<title>Differential Pressure Control Valve - ZECO Valve<\/title>\n<meta name=\"robots\" content=\"index, follow, max-snippet:-1, max-image-preview:large, max-video-preview:-1\" \/>\n<link rel=\"canonical\" href=\"https:\/\/zecovalve.com\/es\/producto\/differential-pressure-control-valve\" \/>\n<meta property=\"og:locale\" content=\"es_ES\" \/>\n<meta property=\"og:type\" content=\"article\" \/>\n<meta property=\"og:title\" content=\"Differential Pressure Control Valve - ZECO Valve\" \/>\n<meta property=\"og:description\" content=\"Differential Pressure Control Valve Festures of Differential Pressure Control Valve Accurate and stable pressure difference control\uff1b 20-250Kpa Pressure difference control range; Simple ... Leer m\u00e1s\" \/>\n<meta property=\"og:url\" content=\"https:\/\/zecovalve.com\/es\/producto\/differential-pressure-control-valve\" \/>\n<meta property=\"og:site_name\" content=\"ZECO Valve\" \/>\n<meta property=\"article:modified_time\" content=\"2023-06-26T05:59:00+00:00\" \/>\n<meta property=\"og:image\" content=\"https:\/\/zecovalve.com\/wp-content\/uploads\/2022\/06\/Differential-Pressure-Control-Valve-1.jpg\" \/>\n\t<meta property=\"og:image:width\" content=\"800\" \/>\n\t<meta property=\"og:image:height\" content=\"600\" \/>\n<meta name=\"twitter:card\" content=\"summary_large_image\" \/>\n<meta name=\"twitter:label1\" content=\"Escrito por\">\n\t<meta name=\"twitter:data1\" content=\"Jerry\">\n\t<meta name=\"twitter:label2\" content=\"Tiempo de lectura\">\n\t<meta name=\"twitter:data2\" content=\"1 minuto\">\n<script type=\"application\/ld+json\" class=\"yoast-schema-graph\">{\"@context\":\"https:\/\/schema.org\",\"@graph\":[{\"@type\":\"WebSite\",\"@id\":\"https:\/\/zecovalve.com\/#website\",\"url\":\"https:\/\/zecovalve.com\/\",\"name\":\"ZECO Valve\",\"description\":\"Industrial Ball Valve, Gate Valve and Globe Valve Manufacturer\",\"potentialAction\":[{\"@type\":\"SearchAction\",\"target\":\"https:\/\/zecovalve.com\/?s={search_term_string}\",\"query-input\":\"required name=search_term_string\"}],\"inLanguage\":\"es\"},{\"@type\":\"ImageObject\",\"@id\":\"https:\/\/zecovalve.com\/product\/differential-pressure-control-valve#primaryimage\",\"inLanguage\":\"es\",\"url\":\"https:\/\/zecovalve.com\/wp-content\/uploads\/2022\/06\/Differential-Pressure-Control-Valve-1.jpg\",\"width\":800,\"height\":600,\"caption\":\"Differential Pressure Control Valve\"},{\"@type\":\"WebPage\",\"@id\":\"https:\/\/zecovalve.com\/product\/differential-pressure-control-valve#webpage\",\"url\":\"https:\/\/zecovalve.com\/product\/differential-pressure-control-valve\",\"name\":\"Differential Pressure Control Valve - ZECO Valve\",\"isPartOf\":{\"@id\":\"https:\/\/zecovalve.com\/#website\"},\"primaryImageOfPage\":{\"@id\":\"https:\/\/zecovalve.com\/product\/differential-pressure-control-valve#primaryimage\"},\"datePublished\":\"2022-06-25T10:33:12+00:00\",\"dateModified\":\"2023-06-26T05:59:00+00:00\",\"breadcrumb\":{\"@id\":\"https:\/\/zecovalve.com\/product\/differential-pressure-control-valve#breadcrumb\"},\"inLanguage\":\"es\",\"potentialAction\":[{\"@type\":\"ReadAction\",\"target\":[\"https:\/\/zecovalve.com\/product\/differential-pressure-control-valve\"]}]},{\"@type\":\"BreadcrumbList\",\"@id\":\"https:\/\/zecovalve.com\/product\/differential-pressure-control-valve#breadcrumb\",\"itemListElement\":[{\"@type\":\"ListItem\",\"position\":1,\"item\":{\"@type\":\"WebPage\",\"@id\":\"https:\/\/zecovalve.com\/\",\"url\":\"https:\/\/zecovalve.com\/\",\"name\":\"Home\"}},{\"@type\":\"ListItem\",\"position\":2,\"item\":{\"@type\":\"WebPage\",\"@id\":\"https:\/\/zecovalve.com\/product-category\",\"url\":\"https:\/\/zecovalve.com\/product-category\",\"name\":\"Industrial Valve Manufacturer | Water Valve Manufacturer\"}},{\"@type\":\"ListItem\",\"position\":3,\"item\":{\"@type\":\"WebPage\",\"@id\":\"https:\/\/zecovalve.com\/product\/differential-pressure-control-valve\",\"url\":\"https:\/\/zecovalve.com\/product\/differential-pressure-control-valve\",\"name\":\"Differential Pressure Control Valve\"}}]}]}<\/script>\n<!-- \/ Yoast SEO Premium plugin. -->","_links":{"self":[{"href":"https:\/\/zecovalve.com\/es\/wp-json\/wp\/v2\/product\/16934","targetHints":{"allow":["GET"]}}],"collection":[{"href":"https:\/\/zecovalve.com\/es\/wp-json\/wp\/v2\/product"}],"about":[{"href":"https:\/\/zecovalve.com\/es\/wp-json\/wp\/v2\/types\/product"}],"replies":[{"embeddable":true,"href":"https:\/\/zecovalve.com\/es\/wp-json\/wp\/v2\/comments?post=16934"}],"wp:featuredmedia":[{"embeddable":true,"href":"https:\/\/zecovalve.com\/es\/wp-json\/wp\/v2\/media\/27953"}],"wp:attachment":[{"href":"https:\/\/zecovalve.com\/es\/wp-json\/wp\/v2\/media?parent=16934"}],"wp:term":[{"taxonomy":"product_cat","embeddable":true,"href":"https:\/\/zecovalve.com\/es\/wp-json\/wp\/v2\/product_cat?post=16934"},{"taxonomy":"product_tag","embeddable":true,"href":"https:\/\/zecovalve.com\/es\/wp-json\/wp\/v2\/product_tag?post=16934"}],"curies":[{"name":"wp","href":"https:\/\/api.w.org\/{rel}","templated":true}]}}