{"id":16971,"date":"2022-06-25T11:40:15","date_gmt":"2022-06-25T11:40:15","guid":{"rendered":"https:\/\/zecovalve.com\/?post_type=product&#038;p=16971"},"modified":"2023-06-26T06:43:46","modified_gmt":"2023-06-26T06:43:46","slug":"wastewater-air-release-valve","status":"publish","type":"product","link":"https:\/\/zecovalve.com\/es\/producto\/wastewater-air-release-valve","title":{"rendered":"V\u00e1lvula de purga de aire para aguas residuales"},"content":{"rendered":"<div class=\"sep-pages-boxs bgs clearfix\">\n<div class=\"sep-container clearfix\">\n<h1 class=\"titles sizes1 cens gtj-ff-bold\">V\u00e1lvula de purga de aire para aguas residuales<\/h1>\n<div class=\"bq-sep-pro-detail-thumbs ons clearfix\">\n<div class=\"thumbs\">\n<div class=\"imgs ons\">\n<div class=\"swiper-container swiper-container-initialized swiper-container-horizontal\">\n<div class=\"swiper-wrapper\">\n<div class=\"swiper-slide swiper-slide-active\">\n<figure id=\"attachment_16965\" aria-describedby=\"caption-attachment-16965\" style=\"width: 290px\" class=\"wp-caption alignnone\"><img loading=\"lazy\" decoding=\"async\" class=\"size-medium wp-image-16965\" src=\"https:\/\/zecovalve.com\/wp-content\/uploads\/2022\/06\/wastewater-air-release-valve_1638170726-300x273.jpg\" alt=\"V\u00e1lvula de purga de aire para aguas residuales\" width=\"300\" height=\"273\" srcset=\"https:\/\/zecovalve.com\/wp-content\/uploads\/2022\/06\/wastewater-air-release-valve_1638170726-300x273.jpg 300w, https:\/\/zecovalve.com\/wp-content\/uploads\/2022\/06\/wastewater-air-release-valve_1638170726.jpg 330w\" sizes=\"auto, (max-width: 300px) 100vw, 300px\" \/><figcaption id=\"caption-attachment-16965\" class=\"wp-caption-text\">V\u00e1lvula de purga de aire para aguas residuales<\/figcaption><\/figure>\n<\/div>\n<\/div>\n<\/div>\n<div class=\"lr-lists-boxs\"><\/div>\n<\/div>\n<\/div>\n<\/div>\n<\/div>\n<\/div>\n<div class=\"sep-pages-boxs clearfix\">\n<div class=\"sep-container clearfix\">\n<div id=\"zf-nexts\" class=\"flex clearfix\">\n<div class=\"bq-zf-lefts\">\n<div class=\"richtext\">\n<h2>Festejos de la v\u00e1lvula de escape de aire de aguas residuales<\/h2>\n<div class=\"text-center\"><img loading=\"lazy\" decoding=\"async\" class=\"alignnone size-medium wp-image-16973\" src=\"https:\/\/zecovalve.com\/wp-content\/uploads\/2022\/06\/wastewater-air-release-valve-features1536395977-300x225.png\" alt=\"\" width=\"300\" height=\"225\" srcset=\"https:\/\/zecovalve.com\/wp-content\/uploads\/2022\/06\/wastewater-air-release-valve-features1536395977-300x225.png 300w, https:\/\/zecovalve.com\/wp-content\/uploads\/2022\/06\/wastewater-air-release-valve-features1536395977.png 600w\" sizes=\"auto, (max-width: 300px) 100vw, 300px\" \/><\/div>\n<p>El principio de esta v\u00e1lvula es el mismo que el de la v\u00e1lvula de escape de agua limpia, pero la estructura ha cambiado ligeramente, el cuerpo de la v\u00e1lvula se ha alargado, la estructura de la palanca ha cambiado ligeramente. Esto reducir\u00e1 la parte de control, de modo que la suciedad solamente en la parte inferior del cuerpo, no enrolle la parte superior del extractor de la estructura, no afecte al extractor, no se escape el agua.<\/p>\n<\/div>\n<div class=\"richtext\">\n<h2>Principio de funcionamiento de la v\u00e1lvula de escape de aire para aguas residuales<\/h2>\n<div class=\"text-center\"><img loading=\"lazy\" decoding=\"async\" class=\"alignnone size-medium wp-image-16974\" src=\"https:\/\/zecovalve.com\/wp-content\/uploads\/2022\/06\/wastewater-air-release-valve-principle-300x225.png\" alt=\"\" width=\"300\" height=\"225\" srcset=\"https:\/\/zecovalve.com\/wp-content\/uploads\/2022\/06\/wastewater-air-release-valve-principle-300x225.png 300w, https:\/\/zecovalve.com\/wp-content\/uploads\/2022\/06\/wastewater-air-release-valve-principle.png 600w\" sizes=\"auto, (max-width: 300px) 100vw, 300px\" \/><\/div>\n<ul class=\"list-paddingleft-2\">\n<li>La suciedad s\u00f3lo puede estar en la parte inferior del cuerpo sin enrollar la ventilaci\u00f3n superior\uff1b<\/li>\n<li>Puede eliminar el gas de la tuber\u00eda, reducir la resistencia y ahorrar energ\u00eda\uff1b.<\/li>\n<li>Cuando el tubo est\u00e1 bajo presi\u00f3n negativa, puede inhalar r\u00e1pida y autom\u00e1ticamente\uff1b.<\/li>\n<li>La bola de flotaci\u00f3n es de acero inoxidable, de larga vida \u00fatil, segura y fiable.<\/li>\n<\/ul>\n<\/div>\n<div class=\"richtext\">\n<h2>Instalaci\u00f3n y puesta en marcha de v\u00e1lvulas de purga de aire para aguas residuales<\/h2>\n<div class=\"text-center\"><img loading=\"lazy\" decoding=\"async\" class=\"alignnone size-medium wp-image-16975\" src=\"https:\/\/zecovalve.com\/wp-content\/uploads\/2022\/06\/wastewater-air-release-valve-installation-and-commissioning-300x225.png\" alt=\"\" width=\"300\" height=\"225\" srcset=\"https:\/\/zecovalve.com\/wp-content\/uploads\/2022\/06\/wastewater-air-release-valve-installation-and-commissioning-300x225.png 300w, https:\/\/zecovalve.com\/wp-content\/uploads\/2022\/06\/wastewater-air-release-valve-installation-and-commissioning.png 600w\" sizes=\"auto, (max-width: 300px) 100vw, 300px\" \/><\/div>\n<p>Si no se instala la v\u00e1lvula de descarga, la tuber\u00eda se bloquear\u00e1 en cualquier momento, lo que provocar\u00e1 que la capacidad de agua de salida de la tuber\u00eda no cumpla los requisitos de dise\u00f1o. Para usos espec\u00edficos, consulte al Grupo de V\u00e1lvulas ZECO.<\/p>\n<\/div>\n<div class=\"richtext\">\n<h2>V\u00e1lvula de purga de aire para aguas residuales Material y norma<\/h2>\n<p>Gama de tama\u00f1os: 2\u2033~10\u2033.<\/p>\n<p>Presi\u00f3n nominal: 10bar ~ 25bar<\/p>\n<p>Dimensiones cara a cara: AMSE B16.10, EN558-1<\/p>\n<p>Dimensi\u00f3n del extremo de la brida: AMSE B16.1\/16.42, AS4087, EN1092-2<\/p>\n<p>Revestimiento: Revestimiento epoxi por fusi\u00f3n<\/p>\n<p>Inspecci\u00f3n y ensayo: ISO 5208 \/ EN 12226-2<\/p>\n<p>&nbsp;<\/p>\n<div class=\"over-tabs\">\n<table width=\"1389\">\n<tbody>\n<tr class=\"firstRow\">\n<td>arte<\/td>\n<td>Material<\/td>\n<td>Est\u00e1ndar<\/td>\n<\/tr>\n<tr>\n<td>Cuerpo<\/td>\n<td>Hierro d\u00factil<\/td>\n<td>ES 1563\/DIN 1693<\/td>\n<\/tr>\n<tr>\n<td>Cap\u00f3<\/td>\n<td>Hierro d\u00factil<\/td>\n<td>ES 1563\/DIN 1693<\/td>\n<\/tr>\n<tr>\n<td>Cap\u00f3 de escape<\/td>\n<td>Hierro d\u00factil<\/td>\n<td>ES 1563\/DIN 1693<\/td>\n<\/tr>\n<tr>\n<td>Bola flotante<\/td>\n<td>Acero inoxidable 431<\/td>\n<td>EN10088-1\/ASTM A959<\/td>\n<\/tr>\n<tr>\n<td>Colador<\/td>\n<td>Acero inoxidable 431<\/td>\n<td>EN10088-1\/ASTM A959<\/td>\n<\/tr>\n<tr>\n<td>Sello<\/td>\n<td>EPDM \/ NBR<\/td>\n<td>ISO 4633<\/td>\n<\/tr>\n<tr>\n<td colspan=\"3\">Para las opciones de materiales que no figuran en la lista, consulte con la f\u00e1brica.<\/p>\n<p>ZECO fabrica v\u00e1lvulas en m\u00e1s de 50 aleaciones diferentes.<\/td>\n<\/tr>\n<\/tbody>\n<\/table>\n<\/div>\n<\/div>\n<\/div>\n<\/div>\n<\/div>\n<\/div>","protected":false},"excerpt":{"rendered":"<p>V\u00e1lvula de liberaci\u00f3n de aire para aguas residuales Caracter\u00edsticas de la v\u00e1lvula de liberaci\u00f3n de aire para aguas residuales Este principio de v\u00e1lvula es el mismo que el de la v\u00e1lvula de liberaci\u00f3n de aire para agua limpia,... <a title=\"V\u00e1lvula de purga de aire para aguas residuales\" class=\"read-more\" href=\"https:\/\/zecovalve.com\/es\/producto\/wastewater-air-release-valve\" aria-label=\"M\u00e1s en V\u00e1lvula de purga de aire para aguas residuales\">Leer m\u00e1s<\/a><\/p>","protected":false},"featured_media":27966,"comment_status":"closed","ping_status":"closed","template":"","meta":{"_generate-full-width-content":"","kt_blocks_editor_width":""},"product_cat":[2520],"product_tag":[2796,2765],"class_list":["post-16971","product","type-product","status-publish","has-post-thumbnail","hentry","product_cat-air-valve","product_tag-air-vent-valve","product_tag-vent-valve","sales-flash-overlay","woocommerce-text-align-center","woocommerce-image-align-center","do-quantity-buttons"],"featured_image_src_large":["https:\/\/zecovalve.com\/wp-content\/uploads\/2022\/06\/Waste-Air-Release-Valve.jpg",800,600,false],"author_info":[],"comment_info":0,"taxonomy_info":{"product_cat":[{"value":2520,"label":"Air Valve Manufacturer and Supplier"}],"product_tag":[{"value":2796,"label":"Air Vent Valve"},{"value":2765,"label":"Vent Valve"}]},"yoast_head":"<!-- This site is optimized with the Yoast SEO Premium plugin v15.4 - https:\/\/yoast.com\/wordpress\/plugins\/seo\/ -->\n<title>Wastewater Air Release Valve - ZECO Valve<\/title>\n<meta name=\"robots\" content=\"index, follow, max-snippet:-1, max-image-preview:large, max-video-preview:-1\" \/>\n<link rel=\"canonical\" href=\"https:\/\/zecovalve.com\/es\/producto\/wastewater-air-release-valve\" \/>\n<meta property=\"og:locale\" content=\"es_ES\" \/>\n<meta property=\"og:type\" content=\"article\" \/>\n<meta property=\"og:title\" content=\"Wastewater Air Release Valve - ZECO Valve\" \/>\n<meta property=\"og:description\" content=\"Wastewater Air Release Valve Festures of Wastewater Air Release Valve This valve principle is the same as the clean water\u00a0air release valve, ... Leer m\u00e1s\" \/>\n<meta property=\"og:url\" content=\"https:\/\/zecovalve.com\/es\/producto\/wastewater-air-release-valve\" \/>\n<meta property=\"og:site_name\" content=\"ZECO Valve\" \/>\n<meta property=\"article:modified_time\" content=\"2023-06-26T06:43:46+00:00\" \/>\n<meta property=\"og:image\" content=\"https:\/\/zecovalve.com\/wp-content\/uploads\/2022\/06\/Waste-Air-Release-Valve.jpg\" \/>\n\t<meta property=\"og:image:width\" content=\"800\" \/>\n\t<meta property=\"og:image:height\" content=\"600\" \/>\n<meta name=\"twitter:card\" content=\"summary_large_image\" \/>\n<meta name=\"twitter:label1\" content=\"Escrito por\">\n\t<meta name=\"twitter:data1\" content=\"Jerry\">\n\t<meta name=\"twitter:label2\" content=\"Tiempo de lectura\">\n\t<meta name=\"twitter:data2\" content=\"1 minuto\">\n<script type=\"application\/ld+json\" class=\"yoast-schema-graph\">{\"@context\":\"https:\/\/schema.org\",\"@graph\":[{\"@type\":\"WebSite\",\"@id\":\"https:\/\/zecovalve.com\/#website\",\"url\":\"https:\/\/zecovalve.com\/\",\"name\":\"ZECO Valve\",\"description\":\"Industrial Ball Valve, Gate Valve and Globe Valve Manufacturer\",\"potentialAction\":[{\"@type\":\"SearchAction\",\"target\":\"https:\/\/zecovalve.com\/?s={search_term_string}\",\"query-input\":\"required name=search_term_string\"}],\"inLanguage\":\"es\"},{\"@type\":\"ImageObject\",\"@id\":\"https:\/\/zecovalve.com\/product\/wastewater-air-release-valve#primaryimage\",\"inLanguage\":\"es\",\"url\":\"https:\/\/zecovalve.com\/wp-content\/uploads\/2022\/06\/Waste-Air-Release-Valve.jpg\",\"width\":800,\"height\":600,\"caption\":\"Waste Air Release Valve\"},{\"@type\":\"WebPage\",\"@id\":\"https:\/\/zecovalve.com\/product\/wastewater-air-release-valve#webpage\",\"url\":\"https:\/\/zecovalve.com\/product\/wastewater-air-release-valve\",\"name\":\"Wastewater Air Release Valve - ZECO Valve\",\"isPartOf\":{\"@id\":\"https:\/\/zecovalve.com\/#website\"},\"primaryImageOfPage\":{\"@id\":\"https:\/\/zecovalve.com\/product\/wastewater-air-release-valve#primaryimage\"},\"datePublished\":\"2022-06-25T11:40:15+00:00\",\"dateModified\":\"2023-06-26T06:43:46+00:00\",\"breadcrumb\":{\"@id\":\"https:\/\/zecovalve.com\/product\/wastewater-air-release-valve#breadcrumb\"},\"inLanguage\":\"es\",\"potentialAction\":[{\"@type\":\"ReadAction\",\"target\":[\"https:\/\/zecovalve.com\/product\/wastewater-air-release-valve\"]}]},{\"@type\":\"BreadcrumbList\",\"@id\":\"https:\/\/zecovalve.com\/product\/wastewater-air-release-valve#breadcrumb\",\"itemListElement\":[{\"@type\":\"ListItem\",\"position\":1,\"item\":{\"@type\":\"WebPage\",\"@id\":\"https:\/\/zecovalve.com\/\",\"url\":\"https:\/\/zecovalve.com\/\",\"name\":\"Home\"}},{\"@type\":\"ListItem\",\"position\":2,\"item\":{\"@type\":\"WebPage\",\"@id\":\"https:\/\/zecovalve.com\/product-category\",\"url\":\"https:\/\/zecovalve.com\/product-category\",\"name\":\"Industrial Valve Manufacturer | Water Valve Manufacturer\"}},{\"@type\":\"ListItem\",\"position\":3,\"item\":{\"@type\":\"WebPage\",\"@id\":\"https:\/\/zecovalve.com\/product\/wastewater-air-release-valve\",\"url\":\"https:\/\/zecovalve.com\/product\/wastewater-air-release-valve\",\"name\":\"Wastewater Air Release Valve\"}}]}]}<\/script>\n<!-- \/ Yoast SEO Premium plugin. -->","_links":{"self":[{"href":"https:\/\/zecovalve.com\/es\/wp-json\/wp\/v2\/product\/16971","targetHints":{"allow":["GET"]}}],"collection":[{"href":"https:\/\/zecovalve.com\/es\/wp-json\/wp\/v2\/product"}],"about":[{"href":"https:\/\/zecovalve.com\/es\/wp-json\/wp\/v2\/types\/product"}],"replies":[{"embeddable":true,"href":"https:\/\/zecovalve.com\/es\/wp-json\/wp\/v2\/comments?post=16971"}],"wp:featuredmedia":[{"embeddable":true,"href":"https:\/\/zecovalve.com\/es\/wp-json\/wp\/v2\/media\/27966"}],"wp:attachment":[{"href":"https:\/\/zecovalve.com\/es\/wp-json\/wp\/v2\/media?parent=16971"}],"wp:term":[{"taxonomy":"product_cat","embeddable":true,"href":"https:\/\/zecovalve.com\/es\/wp-json\/wp\/v2\/product_cat?post=16971"},{"taxonomy":"product_tag","embeddable":true,"href":"https:\/\/zecovalve.com\/es\/wp-json\/wp\/v2\/product_tag?post=16971"}],"curies":[{"name":"wp","href":"https:\/\/api.w.org\/{rel}","templated":true}]}}