{"id":16976,"date":"2022-06-25T11:44:15","date_gmt":"2022-06-25T11:44:15","guid":{"rendered":"https:\/\/zecovalve.com\/?post_type=product&#038;p=16976"},"modified":"2023-06-26T06:02:17","modified_gmt":"2023-06-26T06:02:17","slug":"pressure-independent-control-valve","status":"publish","type":"product","link":"https:\/\/zecovalve.com\/es\/producto\/pressure-independent-control-valve","title":{"rendered":"V\u00e1lvula de control independiente de la presi\u00f3n"},"content":{"rendered":"<div class=\"sep-pages-boxs bgs clearfix\">\n<div class=\"sep-container clearfix\">\n<h1 class=\"titles sizes1 cens gtj-ff-bold\">V\u00e1lvula de control independiente de la presi\u00f3n<\/h1>\n<div class=\"bq-sep-pro-detail-thumbs ons clearfix\">\n<div class=\"thumbs\">\n<div class=\"imgs ons\">\n<div class=\"swiper-container swiper-container-initialized swiper-container-horizontal\">\n<div class=\"swiper-wrapper\">\n<div class=\"swiper-slide swiper-slide-active\">\n<figure id=\"attachment_16977\" aria-describedby=\"caption-attachment-16977\" style=\"width: 254px\" class=\"wp-caption alignnone\"><img loading=\"lazy\" decoding=\"async\" class=\"size-medium wp-image-16977\" src=\"https:\/\/zecovalve.com\/wp-content\/uploads\/2022\/06\/pressure-independent-control-valve_1626230630-264x300.jpg\" alt=\"V\u00e1lvula de control independiente de la presi\u00f3n\" width=\"264\" height=\"300\" srcset=\"https:\/\/zecovalve.com\/wp-content\/uploads\/2022\/06\/pressure-independent-control-valve_1626230630-264x300.jpg 264w, https:\/\/zecovalve.com\/wp-content\/uploads\/2022\/06\/pressure-independent-control-valve_1626230630.jpg 400w\" sizes=\"auto, (max-width: 264px) 100vw, 264px\" \/><figcaption id=\"caption-attachment-16977\" class=\"wp-caption-text\">V\u00e1lvula de control independiente de la presi\u00f3n<\/figcaption><\/figure>\n<\/div>\n<\/div>\n<\/div>\n<div class=\"lr-lists-boxs\"><\/div>\n<\/div>\n<\/div>\n<\/div>\n<\/div>\n<\/div>\n<div class=\"sep-pages-boxs clearfix\">\n<div class=\"sep-container clearfix\">\n<div id=\"zf-nexts\" class=\"flex clearfix\">\n<div class=\"bq-zf-lefts\">\n<div class=\"richtext\">\n<h2>Caracter\u00edsticas de la v\u00e1lvula de control independiente de la presi\u00f3n<\/h2>\n<div class=\"text-center\"><img loading=\"lazy\" decoding=\"async\" class=\"alignnone size-medium wp-image-16978\" src=\"https:\/\/zecovalve.com\/wp-content\/uploads\/2022\/06\/pressure-independent-control-valve-features-300x225.jpg\" alt=\"\" width=\"300\" height=\"225\" srcset=\"https:\/\/zecovalve.com\/wp-content\/uploads\/2022\/06\/pressure-independent-control-valve-features-300x225.jpg 300w, https:\/\/zecovalve.com\/wp-content\/uploads\/2022\/06\/pressure-independent-control-valve-features.jpg 600w\" sizes=\"auto, (max-width: 300px) 100vw, 300px\" \/><\/div>\n<ul class=\"list-paddingleft-2\">\n<li>La regulaci\u00f3n del caudal y el equilibrio hidr\u00e1ulico est\u00e1n integrados;<\/li>\n<li>El regulador de presi\u00f3n diferencial de diafragma de acci\u00f3n autom\u00e1tica responde r\u00e1pidamente al cambio de caudal;<\/li>\n<li>Reducir el uso de v\u00e1lvulas del sistema de aire acondicionado;<\/li>\n<li>Mejora la eficacia del funcionamiento de la bomba de agua y ahorra energ\u00eda.<\/li>\n<\/ul>\n<\/div>\n<div class=\"richtext\">\n<h2>Principio de funcionamiento de la v\u00e1lvula de control independiente de la presi\u00f3n<\/h2>\n<div class=\"text-center\"><img loading=\"lazy\" decoding=\"async\" class=\"alignnone size-medium wp-image-16979\" src=\"https:\/\/zecovalve.com\/wp-content\/uploads\/2022\/06\/pressure-independent-control-valve-principle-300x225.jpg\" alt=\"\" width=\"300\" height=\"225\" srcset=\"https:\/\/zecovalve.com\/wp-content\/uploads\/2022\/06\/pressure-independent-control-valve-principle-300x225.jpg 300w, https:\/\/zecovalve.com\/wp-content\/uploads\/2022\/06\/pressure-independent-control-valve-principle.jpg 600w\" sizes=\"auto, (max-width: 300px) 100vw, 300px\" \/><\/div>\n<p>La v\u00e1lvula PICV mantiene \u2206P constante a trav\u00e9s de la fuerza del muelle. El canal de presi\u00f3n dentro del cuerpo de la v\u00e1lvula ajustar\u00e1 la presi\u00f3n P1 y P2 en ambos extremos de la estructura, provocando los extremos superior e inferior del diafragma respectivamente. El estado de equilibrio P1=P2+P resorte se mantendr\u00e1 a trav\u00e9s de la acci\u00f3n de la fuerza del resorte. Si P1 aumenta, la fuerza que act\u00faa en la parte inferior del diafragma aumenta correspondientemente, y el diafragma se mueve hacia arriba, reduciendo el espacio de la estructura de control de diferencia de presi\u00f3n, y P2 aumenta correspondientemente para alcanzar un nuevo equilibrio. Y viceversa; Y la v\u00e1lvula PICV ajusta el caudal ajustando el disco para cambiar el valor Kv.<\/p>\n<\/div>\n<div class=\"richtext\">\n<h2>Instalaci\u00f3n y puesta en servicio de v\u00e1lvulas de control independientes de la presi\u00f3n<\/h2>\n<div class=\"text-center\"><img loading=\"lazy\" decoding=\"async\" class=\"alignnone size-medium wp-image-16980\" src=\"https:\/\/zecovalve.com\/wp-content\/uploads\/2022\/06\/pressure-independent-control-valve-installation-and-commissioning-300x225.jpg\" alt=\"\" width=\"300\" height=\"225\" srcset=\"https:\/\/zecovalve.com\/wp-content\/uploads\/2022\/06\/pressure-independent-control-valve-installation-and-commissioning-300x225.jpg 300w, https:\/\/zecovalve.com\/wp-content\/uploads\/2022\/06\/pressure-independent-control-valve-installation-and-commissioning.jpg 600w\" sizes=\"auto, (max-width: 300px) 100vw, 300px\" \/><\/div>\n<p>Las especificaciones se determinan seg\u00fan el caudal de dise\u00f1o de la caja de aire acondicionado y el rango de presi\u00f3n admisible de la v\u00e1lvula de equilibrado independiente de la presi\u00f3n, y los par\u00e1metros t\u00e9cnicos se determinan seg\u00fan los requisitos. Para usos espec\u00edficos, consulte a Zeco Valve Group.<\/p>\n<\/div>\n<div class=\"richtext\">\n<h2>V\u00e1lvula de control independiente de la presi\u00f3n Material y norma<\/h2>\n<p>Gama de tama\u00f1os: 2\u2033~12\u2033.<br \/>\nPresi\u00f3n nominal: 10bar ~ 25bar<\/p>\n<p>Dimensiones cara a cara: AMSE B16.10, EN558-1<\/p>\n<p>Dimensi\u00f3n del extremo de la brida: AMSE B16.1\/16.42, AS4087, EN1092-2<\/p>\n<p>Revestimiento: Revestimiento epoxi por fusi\u00f3n<\/p>\n<p>Inspecci\u00f3n y ensayo: ISO 5208 \/ EN 12226-2<\/p>\n<div class=\"over-tabs\">\n<table cellspacing=\"0\">\n<tbody>\n<tr class=\"firstRow\">\n<td valign=\"center\">Pieza<\/td>\n<td valign=\"center\">Material<\/td>\n<td valign=\"center\">Est\u00e1ndar<\/td>\n<\/tr>\n<tr>\n<td valign=\"center\">Cuerpo<\/td>\n<td valign=\"center\">Hierro d\u00factil<\/td>\n<td valign=\"center\">ES 1563\/DIN 1693<\/td>\n<\/tr>\n<tr>\n<td valign=\"center\">Cap\u00f3<\/td>\n<td valign=\"center\">Hierro d\u00factil<\/td>\n<td valign=\"center\">ES 1563\/DIN 1693<\/td>\n<\/tr>\n<tr>\n<td valign=\"center\">Recorte<\/td>\n<td valign=\"center\">Acero inoxidable 304<\/td>\n<td valign=\"center\">EN10088-1\/ASTM A959<\/td>\n<\/tr>\n<tr>\n<td valign=\"center\">Asiento<\/td>\n<td valign=\"center\">Acero inoxidable 304<\/td>\n<td valign=\"center\">EN10088-1\/ASTM A959<\/td>\n<\/tr>\n<tr>\n<td valign=\"center\">Diafragma<\/td>\n<td valign=\"center\">EPDM \/ NBR<\/td>\n<td valign=\"center\">ISO 4633<\/td>\n<\/tr>\n<tr>\n<td valign=\"center\">Actuador el\u00e9ctrico<\/td>\n<td valign=\"center\">Honeywell<\/td>\n<td valign=\"center\">ML7421A-A\/B<\/td>\n<\/tr>\n<tr>\n<td colspan=\"3\" valign=\"center\">Para opciones de materiales no listados, consultar con f\u00e1brica.<\/p>\n<p>Zeco fabrica v\u00e1lvulas en m\u00e1s de 50 aleaciones diferentes.<\/td>\n<\/tr>\n<\/tbody>\n<\/table>\n<p>&nbsp;<\/p>\n<table border=\"1\">\n<tbody>\n<tr>\n<td>NPS<\/td>\n<td>En<\/td>\n<td>1<\/td>\n<td>1 1\/4<\/td>\n<td>1 1\/2<\/td>\n<td>2<\/td>\n<td>2 1\/2<\/td>\n<td>3<\/td>\n<td>4<\/td>\n<td>5<\/td>\n<td>6<\/td>\n<\/tr>\n<tr>\n<td>Rango de presi\u00f3n<\/td>\n<td>Kpa<\/td>\n<td>30-300<\/td>\n<td>30-300<\/td>\n<td>30-300<\/td>\n<td>30-300<\/td>\n<td>30-300<\/td>\n<td>30-300<\/td>\n<td>30-300<\/td>\n<td>30-300<\/td>\n<td>30-300<\/td>\n<\/tr>\n<tr>\n<td>Max. Caudal<\/td>\n<td>m3\/h<\/td>\n<td>2.9<\/td>\n<td>4.7<\/td>\n<td>7.7<\/td>\n<td>12.1<\/td>\n<td>20.4<\/td>\n<td>30.8<\/td>\n<td>45.3<\/td>\n<td>70.7<\/td>\n<td>101.8<\/td>\n<\/tr>\n<tr>\n<td>L<\/td>\n<td>mm<\/td>\n<td>150<\/td>\n<td>150<\/td>\n<td>200<\/td>\n<td>230<\/td>\n<td>290<\/td>\n<td>310<\/td>\n<td>350<\/td>\n<td>390<\/td>\n<td>480<\/td>\n<\/tr>\n<tr>\n<td>H<\/td>\n<td>mm<\/td>\n<td>185<\/td>\n<td>185<\/td>\n<td>205<\/td>\n<td>235<\/td>\n<td>275<\/td>\n<td>315<\/td>\n<td>335<\/td>\n<td>360<\/td>\n<td>400<\/td>\n<\/tr>\n<\/tbody>\n<\/table>\n<\/div>\n<\/div>\n<\/div>\n<\/div>\n<\/div>\n<\/div>","protected":false},"excerpt":{"rendered":"<p>V\u00e1lvula de control independiente de la presi\u00f3n Caracter\u00edsticas de la v\u00e1lvula de control independiente de la presi\u00f3n La regulaci\u00f3n del flujo y el equilibrio hidr\u00e1ulico est\u00e1n integrados; La presi\u00f3n diferencial del diafragma autoactuante... <a title=\"V\u00e1lvula de control independiente de la presi\u00f3n\" class=\"read-more\" href=\"https:\/\/zecovalve.com\/es\/producto\/pressure-independent-control-valve\" aria-label=\"M\u00e1s en V\u00e1lvula de control independiente de la presi\u00f3n\">Leer m\u00e1s<\/a><\/p>","protected":false},"featured_media":27956,"comment_status":"closed","ping_status":"closed","template":"","meta":{"_generate-full-width-content":"","kt_blocks_editor_width":""},"product_cat":[2512],"product_tag":[2724,2654,2766,2727,2723],"class_list":["post-16976","product","type-product","status-publish","has-post-thumbnail","hentry","product_cat-balancing-valve","product_tag-balancing-valve","product_tag-hvac-valve","product_tag-motorised-valve","product_tag-motorized-valve","product_tag-what-is-a-valve","sales-flash-overlay","woocommerce-text-align-center","woocommerce-image-align-center","do-quantity-buttons"],"featured_image_src_large":["https:\/\/zecovalve.com\/wp-content\/uploads\/2022\/06\/Pressure-Independent-Control-Valve-2.jpg",800,600,false],"author_info":[],"comment_info":0,"taxonomy_info":{"product_cat":[{"value":2512,"label":"Balancing Valve"}],"product_tag":[{"value":2724,"label":"Balancing Valve"},{"value":2654,"label":"HVAC Valve"},{"value":2766,"label":"Motorised Valve"},{"value":2727,"label":"Motorized Valve"},{"value":2723,"label":"What is a Valve"}]},"yoast_head":"<!-- This site is optimized with the Yoast SEO Premium plugin v15.4 - https:\/\/yoast.com\/wordpress\/plugins\/seo\/ -->\n<title>Pressure Independent Control Valve - ZECO Valve<\/title>\n<meta name=\"robots\" content=\"index, follow, max-snippet:-1, max-image-preview:large, max-video-preview:-1\" \/>\n<link rel=\"canonical\" href=\"https:\/\/zecovalve.com\/es\/producto\/pressure-independent-control-valve\" \/>\n<meta property=\"og:locale\" content=\"es_ES\" \/>\n<meta property=\"og:type\" content=\"article\" \/>\n<meta property=\"og:title\" content=\"Pressure Independent Control Valve - ZECO Valve\" \/>\n<meta property=\"og:description\" content=\"Pressure Independent Control Valve Features of Pressure Independent Control Valve Flow regulation and hydraulic balance are integrated; The self-acting diaphragm differential pressure ... Leer m\u00e1s\" \/>\n<meta property=\"og:url\" content=\"https:\/\/zecovalve.com\/es\/producto\/pressure-independent-control-valve\" \/>\n<meta property=\"og:site_name\" content=\"ZECO Valve\" \/>\n<meta property=\"article:modified_time\" content=\"2023-06-26T06:02:17+00:00\" \/>\n<meta property=\"og:image\" content=\"https:\/\/zecovalve.com\/wp-content\/uploads\/2022\/06\/Pressure-Independent-Control-Valve-2.jpg\" \/>\n\t<meta property=\"og:image:width\" content=\"800\" \/>\n\t<meta property=\"og:image:height\" content=\"600\" \/>\n<meta name=\"twitter:card\" content=\"summary_large_image\" \/>\n<meta name=\"twitter:label1\" content=\"Escrito por\">\n\t<meta name=\"twitter:data1\" content=\"Jerry\">\n\t<meta name=\"twitter:label2\" content=\"Tiempo de lectura\">\n\t<meta name=\"twitter:data2\" content=\"1 minuto\">\n<script type=\"application\/ld+json\" class=\"yoast-schema-graph\">{\"@context\":\"https:\/\/schema.org\",\"@graph\":[{\"@type\":\"WebSite\",\"@id\":\"https:\/\/zecovalve.com\/#website\",\"url\":\"https:\/\/zecovalve.com\/\",\"name\":\"ZECO Valve\",\"description\":\"Industrial Ball Valve, Gate Valve and Globe Valve Manufacturer\",\"potentialAction\":[{\"@type\":\"SearchAction\",\"target\":\"https:\/\/zecovalve.com\/?s={search_term_string}\",\"query-input\":\"required name=search_term_string\"}],\"inLanguage\":\"es\"},{\"@type\":\"ImageObject\",\"@id\":\"https:\/\/zecovalve.com\/product\/pressure-independent-control-valve#primaryimage\",\"inLanguage\":\"es\",\"url\":\"https:\/\/zecovalve.com\/wp-content\/uploads\/2022\/06\/Pressure-Independent-Control-Valve-2.jpg\",\"width\":800,\"height\":600,\"caption\":\"Pressure Independent Control Valve\"},{\"@type\":\"WebPage\",\"@id\":\"https:\/\/zecovalve.com\/product\/pressure-independent-control-valve#webpage\",\"url\":\"https:\/\/zecovalve.com\/product\/pressure-independent-control-valve\",\"name\":\"Pressure Independent Control Valve - ZECO Valve\",\"isPartOf\":{\"@id\":\"https:\/\/zecovalve.com\/#website\"},\"primaryImageOfPage\":{\"@id\":\"https:\/\/zecovalve.com\/product\/pressure-independent-control-valve#primaryimage\"},\"datePublished\":\"2022-06-25T11:44:15+00:00\",\"dateModified\":\"2023-06-26T06:02:17+00:00\",\"breadcrumb\":{\"@id\":\"https:\/\/zecovalve.com\/product\/pressure-independent-control-valve#breadcrumb\"},\"inLanguage\":\"es\",\"potentialAction\":[{\"@type\":\"ReadAction\",\"target\":[\"https:\/\/zecovalve.com\/product\/pressure-independent-control-valve\"]}]},{\"@type\":\"BreadcrumbList\",\"@id\":\"https:\/\/zecovalve.com\/product\/pressure-independent-control-valve#breadcrumb\",\"itemListElement\":[{\"@type\":\"ListItem\",\"position\":1,\"item\":{\"@type\":\"WebPage\",\"@id\":\"https:\/\/zecovalve.com\/\",\"url\":\"https:\/\/zecovalve.com\/\",\"name\":\"Home\"}},{\"@type\":\"ListItem\",\"position\":2,\"item\":{\"@type\":\"WebPage\",\"@id\":\"https:\/\/zecovalve.com\/product-category\",\"url\":\"https:\/\/zecovalve.com\/product-category\",\"name\":\"Industrial Valve Manufacturer | Water Valve Manufacturer\"}},{\"@type\":\"ListItem\",\"position\":3,\"item\":{\"@type\":\"WebPage\",\"@id\":\"https:\/\/zecovalve.com\/product\/pressure-independent-control-valve\",\"url\":\"https:\/\/zecovalve.com\/product\/pressure-independent-control-valve\",\"name\":\"Pressure Independent Control Valve\"}}]}]}<\/script>\n<!-- \/ Yoast SEO Premium plugin. -->","_links":{"self":[{"href":"https:\/\/zecovalve.com\/es\/wp-json\/wp\/v2\/product\/16976","targetHints":{"allow":["GET"]}}],"collection":[{"href":"https:\/\/zecovalve.com\/es\/wp-json\/wp\/v2\/product"}],"about":[{"href":"https:\/\/zecovalve.com\/es\/wp-json\/wp\/v2\/types\/product"}],"replies":[{"embeddable":true,"href":"https:\/\/zecovalve.com\/es\/wp-json\/wp\/v2\/comments?post=16976"}],"wp:featuredmedia":[{"embeddable":true,"href":"https:\/\/zecovalve.com\/es\/wp-json\/wp\/v2\/media\/27956"}],"wp:attachment":[{"href":"https:\/\/zecovalve.com\/es\/wp-json\/wp\/v2\/media?parent=16976"}],"wp:term":[{"taxonomy":"product_cat","embeddable":true,"href":"https:\/\/zecovalve.com\/es\/wp-json\/wp\/v2\/product_cat?post=16976"},{"taxonomy":"product_tag","embeddable":true,"href":"https:\/\/zecovalve.com\/es\/wp-json\/wp\/v2\/product_tag?post=16976"}],"curies":[{"name":"wp","href":"https:\/\/api.w.org\/{rel}","templated":true}]}}