{"id":16996,"date":"2022-06-25T12:48:04","date_gmt":"2022-06-25T12:48:04","guid":{"rendered":"https:\/\/zecovalve.com\/?post_type=product&#038;p=16996"},"modified":"2023-06-26T05:26:49","modified_gmt":"2023-06-26T05:26:49","slug":"flow-control-valve","status":"publish","type":"product","link":"https:\/\/zecovalve.com\/es\/producto\/flow-control-valve","title":{"rendered":"V\u00e1lvula de control de flujo"},"content":{"rendered":"<div class=\"sep-pages-boxs bgs clearfix\">\n<div class=\"sep-container clearfix\">\n<h1 class=\"titles sizes1 cens gtj-ff-bold\">V\u00e1lvula de control de flujo<\/h1>\n<div class=\"bq-sep-pro-detail-thumbs ons clearfix\">\n<div class=\"thumbs\">\n<div class=\"imgs ons\">\n<div class=\"swiper-container swiper-container-initialized swiper-container-horizontal\">\n<div class=\"swiper-wrapper\">\n<div class=\"swiper-slide swiper-slide-active\">\n<figure id=\"attachment_16997\" aria-describedby=\"caption-attachment-16997\" style=\"width: 254px\" class=\"wp-caption alignnone\"><img loading=\"lazy\" decoding=\"async\" class=\"size-medium wp-image-16997\" src=\"https:\/\/zecovalve.com\/wp-content\/uploads\/2022\/06\/flow-control-valve-1-264x300.jpg\" alt=\"V\u00e1lvula de control de flujo\" width=\"264\" height=\"300\" srcset=\"https:\/\/zecovalve.com\/wp-content\/uploads\/2022\/06\/flow-control-valve-1-264x300.jpg 264w, https:\/\/zecovalve.com\/wp-content\/uploads\/2022\/06\/flow-control-valve-1.jpg 400w\" sizes=\"auto, (max-width: 264px) 100vw, 264px\" \/><figcaption id=\"caption-attachment-16997\" class=\"wp-caption-text\">V\u00e1lvula de control de flujo<\/figcaption><\/figure>\n<\/div>\n<\/div>\n<\/div>\n<div class=\"lr-lists-boxs\"><\/div>\n<\/div>\n<\/div>\n<\/div>\n<\/div>\n<\/div>\n<div class=\"sep-pages-boxs clearfix\">\n<div class=\"sep-container clearfix\">\n<div id=\"zf-nexts\" class=\"flex clearfix\">\n<div class=\"bq-zf-lefts\">\n<div class=\"richtext\">\n<h2>Caracter\u00edsticas de la v\u00e1lvula de control de flujo<\/h2>\n<div class=\"text-center\"><img loading=\"lazy\" decoding=\"async\" class=\"alignnone size-medium wp-image-16998\" src=\"https:\/\/zecovalve.com\/wp-content\/uploads\/2022\/06\/features-of-flow-control-valve-300x225.jpg\" alt=\"\" width=\"300\" height=\"225\" srcset=\"https:\/\/zecovalve.com\/wp-content\/uploads\/2022\/06\/features-of-flow-control-valve-300x225.jpg 300w, https:\/\/zecovalve.com\/wp-content\/uploads\/2022\/06\/features-of-flow-control-valve.jpg 600w\" sizes=\"auto, (max-width: 300px) 100vw, 300px\" \/><\/div>\n<ul class=\"list-paddingleft-2\">\n<li>Instalaci\u00f3n y uso convenientes.<\/li>\n<li>La parte de control no tiene ning\u00fan mecanismo de detecci\u00f3n el\u00e9ctrico complejo y no es propenso a fallar.<\/li>\n<li>La configuraci\u00f3n es simple y la funci\u00f3n de ajuste se completar\u00e1 autom\u00e1ticamente despu\u00e9s de la configuraci\u00f3n.<\/li>\n<li>No se requiere operaci\u00f3n manual ni otra fuente de energ\u00eda.<\/li>\n<\/ul>\n<\/div>\n<div class=\"richtext\">\n<h2>Principio de funcionamiento de la v\u00e1lvula de control de flujo<\/h2>\n<div class=\"text-center\"><img loading=\"lazy\" decoding=\"async\" class=\"alignnone size-medium wp-image-16999\" src=\"https:\/\/zecovalve.com\/wp-content\/uploads\/2022\/06\/flow-control-valve-working-principle-300x225.jpg\" alt=\"\" width=\"300\" height=\"225\" srcset=\"https:\/\/zecovalve.com\/wp-content\/uploads\/2022\/06\/flow-control-valve-working-principle-300x225.jpg 300w, https:\/\/zecovalve.com\/wp-content\/uploads\/2022\/06\/flow-control-valve-working-principle.jpg 600w\" sizes=\"auto, (max-width: 300px) 100vw, 300px\" \/><\/div>\n<p>El valor del flujo en la tuber\u00eda se controla mediante el cambio del tama\u00f1o de apertura del disco de la v\u00e1lvula principal y se puede estabilizar en un valor establecido. El tama\u00f1o del interruptor de disco principal y la apertura est\u00e1n controlados por el tama\u00f1o de la v\u00e1lvula piloto. La presi\u00f3n del medio se toma del lado aguas abajo de la placa del acelerador m\u00e1s la fuerza del resorte y la presi\u00f3n tomada del lado aguas arriba de la placa del acelerador act\u00faan sobre la parte inferior del diafragma, respectivamente. Cuando el caudal y la presi\u00f3n en ambos lados de la placa de orificio del acelerador cambian, la presi\u00f3n que act\u00faa en la parte inferior del diafragma ya no se equilibrar\u00e1, la deformaci\u00f3n del diafragma, la apertura de la v\u00e1lvula gu\u00eda cambiar\u00e1n y la apertura de la v\u00e1lvula principal tambi\u00e9n cambiar\u00e1 en consecuencia para que el flujo en la carretera principal vuelva al valor establecido original.<\/p>\n<\/div>\n<div class=\"richtext\">\n<h2>Instalaci\u00f3n y puesta en servicio de v\u00e1lvula de control de flujo<\/h2>\n<div class=\"text-center\"><img loading=\"lazy\" decoding=\"async\" class=\"alignnone size-medium wp-image-17000\" src=\"https:\/\/zecovalve.com\/wp-content\/uploads\/2022\/06\/installation-and-commissioning-of-flow-control-valve-300x225.jpg\" alt=\"\" width=\"300\" height=\"225\" srcset=\"https:\/\/zecovalve.com\/wp-content\/uploads\/2022\/06\/installation-and-commissioning-of-flow-control-valve-300x225.jpg 300w, https:\/\/zecovalve.com\/wp-content\/uploads\/2022\/06\/installation-and-commissioning-of-flow-control-valve.jpg 600w\" sizes=\"auto, (max-width: 300px) 100vw, 300px\" \/><\/div>\n<p>Se debe instalar una v\u00e1lvula de compuerta y un filtro antes de la v\u00e1lvula principal, y se debe instalar una v\u00e1lvula de compuerta despu\u00e9s de la v\u00e1lvula principal para mantenimiento. La v\u00e1lvula gu\u00eda se ha ajustado antes de la entrega. Si el valor de flujo establecido no es adecuado para los requisitos del campo, se puede ajustar el tornillo de ajuste de la v\u00e1lvula gu\u00eda. Para un uso espec\u00edfico, consulte a ZECO Valve Group.<\/p>\n<\/div>\n<div class=\"richtext\">\n<h2>Material y est\u00e1ndar de la v\u00e1lvula de control de flujo<\/h2>\n<p>Rango de tama\u00f1o: 2\u201d-24\u201d<\/p>\n<p>Clasificaci\u00f3n de presi\u00f3n: 10bar-25bar<\/p>\n<p>Dimensiones cara a cara: AMSE B16.10, EN558-1<\/p>\n<p>Dimensi\u00f3n del extremo de la brida: AMSE B16.1\/16.42, AS4087, EN1092-2<\/p>\n<p>Revestimiento: Revestimiento epoxi por fusi\u00f3n<\/p>\n<p>Inspecci\u00f3n y ensayo: ISO 5208 \/ EN 12226-2<\/p>\n<div class=\"over-tabs\">\n<table>\n<tbody>\n<tr class=\"firstRow\">\n<td>Pieza<\/td>\n<td>Material<\/td>\n<td>Est\u00e1ndar<\/td>\n<\/tr>\n<tr>\n<td>Cuerpo<\/td>\n<td>Hierro d\u00factil<\/td>\n<td>ES 1563\/DIN 1693<\/td>\n<\/tr>\n<tr>\n<td>Cap\u00f3<\/td>\n<td>Hierro d\u00factil<\/td>\n<td>ES 1563\/DIN 1693<\/td>\n<\/tr>\n<tr>\n<td>Recorte<\/td>\n<td>Acero inoxidable 431<\/td>\n<td>EN10088-1\/ASTM A959<\/td>\n<\/tr>\n<tr>\n<td>Asiento<\/td>\n<td>Acero inoxidable 431<\/td>\n<td>EN10088-1\/ASTM A959<\/td>\n<\/tr>\n<tr>\n<td>Diafragma<\/td>\n<td>EPDM \/ NBR<\/td>\n<td>ISO 4633<\/td>\n<\/tr>\n<tr>\n<td>V\u00e1lvula piloto<\/td>\n<td>Acero inoxidable 431<\/td>\n<td>EN10088-1\/ASTM A959<\/td>\n<\/tr>\n<tr>\n<td colspan=\"3\">Para las opciones de materiales que no figuran en la lista, consulte con la f\u00e1brica.<\/p>\n<p>ZECO fabrica v\u00e1lvulas en m\u00e1s de 50 aleaciones diferentes.<\/td>\n<\/tr>\n<\/tbody>\n<\/table>\n<\/div>\n<\/div>\n<\/div>\n<\/div>\n<\/div>\n<\/div>","protected":false},"excerpt":{"rendered":"<p>V\u00e1lvula de control de flujo Caracter\u00edsticas de la v\u00e1lvula de control de flujo Instalaci\u00f3n y uso convenientes. La parte de control no tiene ning\u00fan mecanismo de detecci\u00f3n el\u00e9ctrico complejo y... <a title=\"V\u00e1lvula de control de flujo\" class=\"read-more\" href=\"https:\/\/zecovalve.com\/es\/producto\/flow-control-valve\" aria-label=\"M\u00e1s en V\u00e1lvula de control de flujo\">Leer m\u00e1s<\/a><\/p>","protected":false},"featured_media":27943,"comment_status":"closed","ping_status":"closed","template":"","meta":{"_generate-full-width-content":"","kt_blocks_editor_width":""},"product_cat":[2526],"product_tag":[2805],"class_list":["post-16996","product","type-product","status-publish","has-post-thumbnail","hentry","product_cat-water-control-valve","product_tag-pump-valve","sales-flash-overlay","woocommerce-text-align-center","woocommerce-image-align-center","do-quantity-buttons"],"featured_image_src_large":["https:\/\/zecovalve.com\/wp-content\/uploads\/2022\/06\/Flow-Control-Valve-2.jpg",800,600,false],"author_info":[],"comment_info":0,"taxonomy_info":{"product_cat":[{"value":2526,"label":"Water Control Valve"}],"product_tag":[{"value":2805,"label":"Pump Valve"}]},"yoast_head":"<!-- This site is optimized with the Yoast SEO Premium plugin v15.4 - https:\/\/yoast.com\/wordpress\/plugins\/seo\/ -->\n<title>Flow Control Valve - ZECO Valve<\/title>\n<meta name=\"robots\" content=\"index, follow, max-snippet:-1, max-image-preview:large, max-video-preview:-1\" \/>\n<link rel=\"canonical\" href=\"https:\/\/zecovalve.com\/es\/producto\/flow-control-valve\" \/>\n<meta property=\"og:locale\" content=\"es_ES\" \/>\n<meta property=\"og:type\" content=\"article\" \/>\n<meta property=\"og:title\" content=\"Flow Control Valve - ZECO Valve\" \/>\n<meta property=\"og:description\" content=\"Flow Control Valve Features of Flow Control Valve Convenient installation and use. The control part has no complex electric sensing mechanism and ... Leer m\u00e1s\" \/>\n<meta property=\"og:url\" content=\"https:\/\/zecovalve.com\/es\/producto\/flow-control-valve\" \/>\n<meta property=\"og:site_name\" content=\"ZECO Valve\" \/>\n<meta property=\"article:modified_time\" content=\"2023-06-26T05:26:49+00:00\" \/>\n<meta property=\"og:image\" content=\"https:\/\/zecovalve.com\/wp-content\/uploads\/2022\/06\/Flow-Control-Valve-2.jpg\" \/>\n\t<meta property=\"og:image:width\" content=\"800\" \/>\n\t<meta property=\"og:image:height\" content=\"600\" \/>\n<meta name=\"twitter:card\" content=\"summary_large_image\" \/>\n<meta name=\"twitter:label1\" content=\"Escrito por\">\n\t<meta name=\"twitter:data1\" content=\"Jerry\">\n\t<meta name=\"twitter:label2\" content=\"Tiempo de lectura\">\n\t<meta name=\"twitter:data2\" content=\"2 minutos\">\n<script type=\"application\/ld+json\" class=\"yoast-schema-graph\">{\"@context\":\"https:\/\/schema.org\",\"@graph\":[{\"@type\":\"WebSite\",\"@id\":\"https:\/\/zecovalve.com\/#website\",\"url\":\"https:\/\/zecovalve.com\/\",\"name\":\"ZECO Valve\",\"description\":\"Industrial Ball Valve, Gate Valve and Globe Valve Manufacturer\",\"potentialAction\":[{\"@type\":\"SearchAction\",\"target\":\"https:\/\/zecovalve.com\/?s={search_term_string}\",\"query-input\":\"required name=search_term_string\"}],\"inLanguage\":\"es\"},{\"@type\":\"ImageObject\",\"@id\":\"https:\/\/zecovalve.com\/product\/flow-control-valve#primaryimage\",\"inLanguage\":\"es\",\"url\":\"https:\/\/zecovalve.com\/wp-content\/uploads\/2022\/06\/Flow-Control-Valve-2.jpg\",\"width\":800,\"height\":600,\"caption\":\"Flow Control Valve\"},{\"@type\":\"WebPage\",\"@id\":\"https:\/\/zecovalve.com\/product\/flow-control-valve#webpage\",\"url\":\"https:\/\/zecovalve.com\/product\/flow-control-valve\",\"name\":\"Flow Control Valve - ZECO Valve\",\"isPartOf\":{\"@id\":\"https:\/\/zecovalve.com\/#website\"},\"primaryImageOfPage\":{\"@id\":\"https:\/\/zecovalve.com\/product\/flow-control-valve#primaryimage\"},\"datePublished\":\"2022-06-25T12:48:04+00:00\",\"dateModified\":\"2023-06-26T05:26:49+00:00\",\"breadcrumb\":{\"@id\":\"https:\/\/zecovalve.com\/product\/flow-control-valve#breadcrumb\"},\"inLanguage\":\"es\",\"potentialAction\":[{\"@type\":\"ReadAction\",\"target\":[\"https:\/\/zecovalve.com\/product\/flow-control-valve\"]}]},{\"@type\":\"BreadcrumbList\",\"@id\":\"https:\/\/zecovalve.com\/product\/flow-control-valve#breadcrumb\",\"itemListElement\":[{\"@type\":\"ListItem\",\"position\":1,\"item\":{\"@type\":\"WebPage\",\"@id\":\"https:\/\/zecovalve.com\/\",\"url\":\"https:\/\/zecovalve.com\/\",\"name\":\"Home\"}},{\"@type\":\"ListItem\",\"position\":2,\"item\":{\"@type\":\"WebPage\",\"@id\":\"https:\/\/zecovalve.com\/product-category\",\"url\":\"https:\/\/zecovalve.com\/product-category\",\"name\":\"Industrial Valve Manufacturer | Water Valve Manufacturer\"}},{\"@type\":\"ListItem\",\"position\":3,\"item\":{\"@type\":\"WebPage\",\"@id\":\"https:\/\/zecovalve.com\/product\/flow-control-valve\",\"url\":\"https:\/\/zecovalve.com\/product\/flow-control-valve\",\"name\":\"Flow Control Valve\"}}]}]}<\/script>\n<!-- \/ Yoast SEO Premium plugin. -->","_links":{"self":[{"href":"https:\/\/zecovalve.com\/es\/wp-json\/wp\/v2\/product\/16996","targetHints":{"allow":["GET"]}}],"collection":[{"href":"https:\/\/zecovalve.com\/es\/wp-json\/wp\/v2\/product"}],"about":[{"href":"https:\/\/zecovalve.com\/es\/wp-json\/wp\/v2\/types\/product"}],"replies":[{"embeddable":true,"href":"https:\/\/zecovalve.com\/es\/wp-json\/wp\/v2\/comments?post=16996"}],"wp:featuredmedia":[{"embeddable":true,"href":"https:\/\/zecovalve.com\/es\/wp-json\/wp\/v2\/media\/27943"}],"wp:attachment":[{"href":"https:\/\/zecovalve.com\/es\/wp-json\/wp\/v2\/media?parent=16996"}],"wp:term":[{"taxonomy":"product_cat","embeddable":true,"href":"https:\/\/zecovalve.com\/es\/wp-json\/wp\/v2\/product_cat?post=16996"},{"taxonomy":"product_tag","embeddable":true,"href":"https:\/\/zecovalve.com\/es\/wp-json\/wp\/v2\/product_tag?post=16996"}],"curies":[{"name":"wp","href":"https:\/\/api.w.org\/{rel}","templated":true}]}}