{"id":17044,"date":"2022-06-26T07:21:33","date_gmt":"2022-06-26T07:21:33","guid":{"rendered":"https:\/\/zecovalve.com\/?post_type=product&#038;p=17044"},"modified":"2023-06-26T05:28:15","modified_gmt":"2023-06-26T05:28:15","slug":"altitude-control-valve","status":"publish","type":"product","link":"https:\/\/zecovalve.com\/es\/producto\/altitude-control-valve","title":{"rendered":"V\u00e1lvula de control de altitud"},"content":{"rendered":"<div class=\"sep-pages-boxs bgs clearfix\">\n<div class=\"sep-container clearfix\">\n<h1 class=\"titles sizes1 cens gtj-ff-bold\">V\u00e1lvula de control de altitud<\/h1>\n<div class=\"bq-sep-pro-detail-thumbs ons clearfix\">\n<div class=\"thumbs\">\n<div class=\"imgs ons\">\n<div class=\"swiper-container swiper-container-initialized swiper-container-horizontal\">\n<div class=\"swiper-wrapper\">\n<div class=\"swiper-slide swiper-slide-active\">\n<figure id=\"attachment_17045\" aria-describedby=\"caption-attachment-17045\" style=\"width: 254px\" class=\"wp-caption alignnone\"><img loading=\"lazy\" decoding=\"async\" class=\"size-medium wp-image-17045\" src=\"https:\/\/zecovalve.com\/wp-content\/uploads\/2022\/06\/altitude-control-valve_1631945229-264x300.jpg\" alt=\"V\u00e1lvula de control de altitud\" width=\"264\" height=\"300\" srcset=\"https:\/\/zecovalve.com\/wp-content\/uploads\/2022\/06\/altitude-control-valve_1631945229-264x300.jpg 264w, https:\/\/zecovalve.com\/wp-content\/uploads\/2022\/06\/altitude-control-valve_1631945229.jpg 400w\" sizes=\"auto, (max-width: 264px) 100vw, 264px\" \/><figcaption id=\"caption-attachment-17045\" class=\"wp-caption-text\">V\u00e1lvula de control de altitud<\/figcaption><\/figure>\n<\/div>\n<\/div>\n<\/div>\n<div class=\"lr-lists-boxs\"><\/div>\n<\/div>\n<\/div>\n<\/div>\n<\/div>\n<\/div>\n<div class=\"sep-pages-boxs clearfix\">\n<div class=\"sep-container clearfix\">\n<div id=\"zf-nexts\" class=\"flex clearfix\">\n<div class=\"bq-zf-lefts\">\n<div class=\"richtext\">\n<h2>Caracter\u00edsticas de la v\u00e1lvula de control de altitud<\/h2>\n<div class=\"text-center\"><img loading=\"lazy\" decoding=\"async\" class=\"alignnone size-medium wp-image-17046\" src=\"https:\/\/zecovalve.com\/wp-content\/uploads\/2022\/06\/altitude-control-valve-features-300x250.png\" alt=\"\" width=\"300\" height=\"250\" srcset=\"https:\/\/zecovalve.com\/wp-content\/uploads\/2022\/06\/altitude-control-valve-features-300x250.png 300w, https:\/\/zecovalve.com\/wp-content\/uploads\/2022\/06\/altitude-control-valve-features.png 600w\" sizes=\"auto, (max-width: 300px) 100vw, 300px\" \/><\/div>\n<ul class=\"list-paddingleft-2\">\n<li>Llenado y cierre autom\u00e1tico del tanque sin el uso de flotadores o sensores;<\/li>\n<li>Apagado preciso a cent\u00edmetros del punto de ajuste;<\/li>\n<li>Punto de alto nivel ajustable con un solo tornillo;<\/li>\n<li>La operaci\u00f3n de escape a la atm\u00f3sfera permite una p\u00e9rdida de presi\u00f3n m\u00ednima.<\/li>\n<\/ul>\n<\/div>\n<div class=\"richtext\">\n<h2>Principio de funcionamiento de la v\u00e1lvula de control de altitud<\/h2>\n<div class=\"text-center\"><img loading=\"lazy\" decoding=\"async\" class=\"alignnone size-medium wp-image-17048\" src=\"https:\/\/zecovalve.com\/wp-content\/uploads\/2022\/06\/altitude-control-valve-principle-300x250.png\" alt=\"\" width=\"300\" height=\"250\" srcset=\"https:\/\/zecovalve.com\/wp-content\/uploads\/2022\/06\/altitude-control-valve-principle-300x250.png 300w, https:\/\/zecovalve.com\/wp-content\/uploads\/2022\/06\/altitude-control-valve-principle.png 600w\" sizes=\"auto, (max-width: 300px) 100vw, 300px\" \/><\/div>\n<p>La v\u00e1lvula de control de altitud se cierra a un nivel m\u00e1ximo de agua preestablecido para evitar el desbordamiento de un tanque o cisterna de almacenamiento sobre el suelo y se abre para reponer agua cuando se baja el nivel del tanque o cisterna de almacenamiento. La v\u00e1lvula de control de altitud controla el alto nivel de agua del dep\u00f3sito sin flotadores u otros dispositivos. Permanece completamente abierto hasta alcanzar el nivel de agua cerrado. La v\u00e1lvula est\u00e1 dise\u00f1ada para flujo unidireccional \u00fanicamente. La v\u00e1lvula se opera hidr\u00e1ulicamente con un control piloto. El control piloto opera bas\u00e1ndose en la diferencia de fuerza entre la carga del resorte y el nivel del agua en el dep\u00f3sito. El control piloto mide la altura del dep\u00f3sito a trav\u00e9s de un tubo sensor suministrado por el cliente y conectado directamente al dep\u00f3sito.<\/p>\n<\/div>\n<div class=\"richtext\">\n<h2>Instalaci\u00f3n y puesta en marcha de la v\u00e1lvula de control de altitud<\/h2>\n<div class=\"text-center\"><img loading=\"lazy\" decoding=\"async\" class=\"alignnone size-medium wp-image-17047\" src=\"https:\/\/zecovalve.com\/wp-content\/uploads\/2022\/06\/altitude-control-valve-installation-and-commissioning-300x250.png\" alt=\"\" width=\"300\" height=\"250\" srcset=\"https:\/\/zecovalve.com\/wp-content\/uploads\/2022\/06\/altitude-control-valve-installation-and-commissioning-300x250.png 300w, https:\/\/zecovalve.com\/wp-content\/uploads\/2022\/06\/altitude-control-valve-installation-and-commissioning.png 600w\" sizes=\"auto, (max-width: 300px) 100vw, 300px\" \/><\/div>\n<p>En \u00e1reas donde es posible que haya temperaturas bajo cero, la v\u00e1lvula debe ubicarse en una b\u00f3veda debajo de la l\u00ednea de congelaci\u00f3n. Para uso espec\u00edfico, consulte con Zeco Valve Group.<\/p>\n<\/div>\n<div class=\"richtext\">\n<h2>Material y est\u00e1ndar de la v\u00e1lvula de control de altitud<\/h2>\n<p>Rango de tama\u00f1o: 2\u2033~24\u2033<br \/>\nPresi\u00f3n nominal: 10bar ~ 25bar<\/p>\n<p>Dimensiones cara a cara: AMSE B16.10, EN558-1<\/p>\n<p>Dimensi\u00f3n del extremo de la brida: AMSE B16.5\/16.42, AS4087, EN1092-2<\/p>\n<p>Recubrimiento: Revestimiento epoxi adherido por fusi\u00f3n aprobado por WRAS<\/p>\n<p>Inspecci\u00f3n y ensayo: ISO 5208 \/ EN 12226-2<\/p>\n<div class=\"over-tabs\">\n<table cellspacing=\"0\">\n<tbody>\n<tr class=\"firstRow\">\n<td valign=\"center\">Pieza<\/td>\n<td valign=\"center\">Material<\/td>\n<td valign=\"center\">Est\u00e1ndar<\/td>\n<\/tr>\n<tr>\n<td valign=\"center\">Cuerpo<\/td>\n<td valign=\"center\">Hierro d\u00factil<\/td>\n<td valign=\"center\">ES 1563\/DIN 1693<\/td>\n<\/tr>\n<tr>\n<td valign=\"center\">Cap\u00f3<\/td>\n<td valign=\"center\">Hierro d\u00factil<\/td>\n<td valign=\"center\">ES 1563\/DIN 1693<\/td>\n<\/tr>\n<tr>\n<td valign=\"center\">Recorte<\/td>\n<td valign=\"center\">Acero inoxidable 304<\/td>\n<td valign=\"center\">EN 10088-1\/ASTM A959<\/td>\n<\/tr>\n<tr>\n<td valign=\"center\">Asiento<\/td>\n<td valign=\"center\">Acero inoxidable 304<\/td>\n<td valign=\"center\">EN 10088-1\/ASTM A959<\/td>\n<\/tr>\n<tr>\n<td valign=\"center\">Diafragma<\/td>\n<td valign=\"center\">EPDM \/ NBR<\/td>\n<td valign=\"center\">ISO 4633<\/td>\n<\/tr>\n<tr>\n<td valign=\"center\">V\u00e1lvula piloto<\/td>\n<td valign=\"center\">Acero inoxidable 304<\/td>\n<td valign=\"center\">EN 10088-1\/ASTM A959<\/td>\n<\/tr>\n<tr>\n<td colspan=\"3\" valign=\"center\">Para opciones de materiales no listados, consultar con f\u00e1brica.<\/p>\n<p>Zeco fabrica v\u00e1lvulas en m\u00e1s de 50 aleaciones diferentes.<\/td>\n<\/tr>\n<\/tbody>\n<\/table>\n<\/div>\n<\/div>\n<\/div>\n<\/div>\n<\/div>\n<\/div>","protected":false},"excerpt":{"rendered":"<p>V\u00e1lvula de control de altitud Caracter\u00edsticas de la v\u00e1lvula de control de altitud Llenado y cierre autom\u00e1tico del tanque sin el uso de flotadores o sensores; Apagado preciso... <a title=\"V\u00e1lvula de control de altitud\" class=\"read-more\" href=\"https:\/\/zecovalve.com\/es\/producto\/altitude-control-valve\" aria-label=\"M\u00e1s en V\u00e1lvula de control de altitud\">Leer m\u00e1s<\/a><\/p>","protected":false},"featured_media":27944,"comment_status":"closed","ping_status":"closed","template":"","meta":{"_generate-full-width-content":"","kt_blocks_editor_width":""},"product_cat":[2526],"product_tag":[],"class_list":["post-17044","product","type-product","status-publish","has-post-thumbnail","hentry","product_cat-water-control-valve","sales-flash-overlay","woocommerce-text-align-center","woocommerce-image-align-center","do-quantity-buttons"],"featured_image_src_large":["https:\/\/zecovalve.com\/wp-content\/uploads\/2022\/06\/Altitude-Control-Valve-1.jpg",800,600,false],"author_info":[],"comment_info":0,"taxonomy_info":{"product_cat":[{"value":2526,"label":"Water Control Valve"}]},"yoast_head":"<!-- This site is optimized with the Yoast SEO Premium plugin v15.4 - https:\/\/yoast.com\/wordpress\/plugins\/seo\/ -->\n<title>Altitude Control Valve - ZECO Valve<\/title>\n<meta name=\"robots\" content=\"index, follow, max-snippet:-1, max-image-preview:large, max-video-preview:-1\" \/>\n<link rel=\"canonical\" href=\"https:\/\/zecovalve.com\/es\/producto\/altitude-control-valve\" \/>\n<meta property=\"og:locale\" content=\"es_ES\" \/>\n<meta property=\"og:type\" content=\"article\" \/>\n<meta property=\"og:title\" content=\"Altitude Control Valve - ZECO Valve\" \/>\n<meta property=\"og:description\" content=\"Altitude Control Valve Features of Altitude Control Valve Automatic tank fill and shut-off without the use of floats or sensors; Accurate shut-off ... Leer m\u00e1s\" \/>\n<meta property=\"og:url\" content=\"https:\/\/zecovalve.com\/es\/producto\/altitude-control-valve\" \/>\n<meta property=\"og:site_name\" content=\"ZECO Valve\" \/>\n<meta property=\"article:modified_time\" content=\"2023-06-26T05:28:15+00:00\" \/>\n<meta property=\"og:image\" content=\"https:\/\/zecovalve.com\/wp-content\/uploads\/2022\/06\/Altitude-Control-Valve-1.jpg\" \/>\n\t<meta property=\"og:image:width\" content=\"800\" \/>\n\t<meta property=\"og:image:height\" content=\"600\" \/>\n<meta name=\"twitter:card\" content=\"summary_large_image\" \/>\n<meta name=\"twitter:label1\" content=\"Escrito por\">\n\t<meta name=\"twitter:data1\" content=\"Jerry\">\n\t<meta name=\"twitter:label2\" content=\"Tiempo de lectura\">\n\t<meta name=\"twitter:data2\" content=\"1 minuto\">\n<script type=\"application\/ld+json\" class=\"yoast-schema-graph\">{\"@context\":\"https:\/\/schema.org\",\"@graph\":[{\"@type\":\"WebSite\",\"@id\":\"https:\/\/zecovalve.com\/#website\",\"url\":\"https:\/\/zecovalve.com\/\",\"name\":\"ZECO Valve\",\"description\":\"Industrial Ball Valve, Gate Valve and Globe Valve Manufacturer\",\"potentialAction\":[{\"@type\":\"SearchAction\",\"target\":\"https:\/\/zecovalve.com\/?s={search_term_string}\",\"query-input\":\"required name=search_term_string\"}],\"inLanguage\":\"es\"},{\"@type\":\"ImageObject\",\"@id\":\"https:\/\/zecovalve.com\/product\/altitude-control-valve#primaryimage\",\"inLanguage\":\"es\",\"url\":\"https:\/\/zecovalve.com\/wp-content\/uploads\/2022\/06\/Altitude-Control-Valve-1.jpg\",\"width\":800,\"height\":600,\"caption\":\"Altitude Control Valve\"},{\"@type\":\"WebPage\",\"@id\":\"https:\/\/zecovalve.com\/product\/altitude-control-valve#webpage\",\"url\":\"https:\/\/zecovalve.com\/product\/altitude-control-valve\",\"name\":\"Altitude Control Valve - ZECO Valve\",\"isPartOf\":{\"@id\":\"https:\/\/zecovalve.com\/#website\"},\"primaryImageOfPage\":{\"@id\":\"https:\/\/zecovalve.com\/product\/altitude-control-valve#primaryimage\"},\"datePublished\":\"2022-06-26T07:21:33+00:00\",\"dateModified\":\"2023-06-26T05:28:15+00:00\",\"breadcrumb\":{\"@id\":\"https:\/\/zecovalve.com\/product\/altitude-control-valve#breadcrumb\"},\"inLanguage\":\"es\",\"potentialAction\":[{\"@type\":\"ReadAction\",\"target\":[\"https:\/\/zecovalve.com\/product\/altitude-control-valve\"]}]},{\"@type\":\"BreadcrumbList\",\"@id\":\"https:\/\/zecovalve.com\/product\/altitude-control-valve#breadcrumb\",\"itemListElement\":[{\"@type\":\"ListItem\",\"position\":1,\"item\":{\"@type\":\"WebPage\",\"@id\":\"https:\/\/zecovalve.com\/\",\"url\":\"https:\/\/zecovalve.com\/\",\"name\":\"Home\"}},{\"@type\":\"ListItem\",\"position\":2,\"item\":{\"@type\":\"WebPage\",\"@id\":\"https:\/\/zecovalve.com\/product-category\",\"url\":\"https:\/\/zecovalve.com\/product-category\",\"name\":\"Industrial Valve Manufacturer | Water Valve Manufacturer\"}},{\"@type\":\"ListItem\",\"position\":3,\"item\":{\"@type\":\"WebPage\",\"@id\":\"https:\/\/zecovalve.com\/product\/altitude-control-valve\",\"url\":\"https:\/\/zecovalve.com\/product\/altitude-control-valve\",\"name\":\"Altitude Control Valve\"}}]}]}<\/script>\n<!-- \/ Yoast SEO Premium plugin. -->","_links":{"self":[{"href":"https:\/\/zecovalve.com\/es\/wp-json\/wp\/v2\/product\/17044","targetHints":{"allow":["GET"]}}],"collection":[{"href":"https:\/\/zecovalve.com\/es\/wp-json\/wp\/v2\/product"}],"about":[{"href":"https:\/\/zecovalve.com\/es\/wp-json\/wp\/v2\/types\/product"}],"replies":[{"embeddable":true,"href":"https:\/\/zecovalve.com\/es\/wp-json\/wp\/v2\/comments?post=17044"}],"wp:featuredmedia":[{"embeddable":true,"href":"https:\/\/zecovalve.com\/es\/wp-json\/wp\/v2\/media\/27944"}],"wp:attachment":[{"href":"https:\/\/zecovalve.com\/es\/wp-json\/wp\/v2\/media?parent=17044"}],"wp:term":[{"taxonomy":"product_cat","embeddable":true,"href":"https:\/\/zecovalve.com\/es\/wp-json\/wp\/v2\/product_cat?post=17044"},{"taxonomy":"product_tag","embeddable":true,"href":"https:\/\/zecovalve.com\/es\/wp-json\/wp\/v2\/product_tag?post=17044"}],"curies":[{"name":"wp","href":"https:\/\/api.w.org\/{rel}","templated":true}]}}