{"id":17051,"date":"2022-06-26T07:27:59","date_gmt":"2022-06-26T07:27:59","guid":{"rendered":"https:\/\/zecovalve.com\/?post_type=product&#038;p=17051"},"modified":"2023-06-26T05:28:50","modified_gmt":"2023-06-26T05:28:50","slug":"surge-anticipating-valve","status":"publish","type":"product","link":"https:\/\/zecovalve.com\/es\/producto\/surge-anticipating-valve","title":{"rendered":"V\u00e1lvula anticipadora de sobretensiones"},"content":{"rendered":"<div class=\"sep-pages-boxs bgs clearfix\">\n<div class=\"sep-container clearfix\">\n<h1 class=\"titles sizes1 cens gtj-ff-bold\">V\u00e1lvula anticipadora de sobretensiones<\/h1>\n<figure id=\"attachment_17052\" aria-describedby=\"caption-attachment-17052\" style=\"width: 254px\" class=\"wp-caption alignnone\"><img loading=\"lazy\" decoding=\"async\" class=\"size-medium wp-image-17052\" src=\"https:\/\/zecovalve.com\/wp-content\/uploads\/2022\/06\/surge-anticipating-valve-1-264x300.jpg\" alt=\"V\u00e1lvula anticipadora de sobretensiones\" width=\"264\" height=\"300\" srcset=\"https:\/\/zecovalve.com\/wp-content\/uploads\/2022\/06\/surge-anticipating-valve-1-264x300.jpg 264w, https:\/\/zecovalve.com\/wp-content\/uploads\/2022\/06\/surge-anticipating-valve-1.jpg 400w\" sizes=\"auto, (max-width: 264px) 100vw, 264px\" \/><figcaption id=\"caption-attachment-17052\" class=\"wp-caption-text\">V\u00e1lvula anticipadora de sobretensiones<\/figcaption><\/figure>\n<\/div>\n<\/div>\n<div class=\"sep-pages-boxs clearfix\">\n<div class=\"sep-container clearfix\">\n<div id=\"zf-nexts\" class=\"flex clearfix\">\n<div class=\"bq-zf-lefts\">\n<div class=\"richtext\">\n<h2>Caracter\u00edsticas de la v\u00e1lvula anticipadora de sobretensiones<\/h2>\n<div class=\"text-center\"><img loading=\"lazy\" decoding=\"async\" class=\"alignnone size-medium wp-image-17053\" src=\"https:\/\/zecovalve.com\/wp-content\/uploads\/2022\/06\/surge-anticipating-valve-features-300x225.png\" alt=\"\" width=\"300\" height=\"225\" srcset=\"https:\/\/zecovalve.com\/wp-content\/uploads\/2022\/06\/surge-anticipating-valve-features-300x225.png 300w, https:\/\/zecovalve.com\/wp-content\/uploads\/2022\/06\/surge-anticipating-valve-features.png 600w\" sizes=\"auto, (max-width: 300px) 100vw, 300px\" \/><\/div>\n<ul class=\"list-paddingleft-2\">\n<li>La v\u00e1lvula piloto doble puede detectar ondas de baja presi\u00f3n y ondas de alta presi\u00f3n;<\/li>\n<li>Inducci\u00f3n sensible, control r\u00e1pido;<\/li>\n<li>Apertura r\u00e1pida para mantener la presi\u00f3n de la l\u00ednea;<\/li>\n<li>Puerto completo, peque\u00f1a resistencia a los fluidos.<\/li>\n<\/ul>\n<\/div>\n<div class=\"richtext\">\n<h2>Principio de funcionamiento de la v\u00e1lvula anticipadora de sobretensiones<\/h2>\n<div class=\"text-center\"><img loading=\"lazy\" decoding=\"async\" class=\"alignnone size-medium wp-image-17055\" src=\"https:\/\/zecovalve.com\/wp-content\/uploads\/2022\/06\/surge-anticipating-valve-principle-300x225.jpg\" alt=\"\" width=\"300\" height=\"225\" srcset=\"https:\/\/zecovalve.com\/wp-content\/uploads\/2022\/06\/surge-anticipating-valve-principle-300x225.jpg 300w, https:\/\/zecovalve.com\/wp-content\/uploads\/2022\/06\/surge-anticipating-valve-principle.jpg 600w\" sizes=\"auto, (max-width: 300px) 100vw, 300px\" \/><\/div>\n<p>Generalmente, una parada repentina de la bomba producir\u00e1 grandes fluctuaciones de presi\u00f3n; la presi\u00f3n en el tubo de muestreo tambi\u00e9n fluctuar\u00e1 en este momento. La v\u00e1lvula piloto de baja presi\u00f3n detecta esta onda de presi\u00f3n inicial para abrir el drenaje, de modo que la v\u00e1lvula principal se abra para evitar que las fluctuaciones de alta presi\u00f3n regresen del sistema. La v\u00e1lvula principal abierta drena las ondas de alta presi\u00f3n a la atm\u00f3sfera. La v\u00e1lvula piloto de alta presi\u00f3n induce ondas de alta presi\u00f3n que tambi\u00e9n abren y mantienen abierta la v\u00e1lvula principal. Cuando la presi\u00f3n del sistema es inferior a la presi\u00f3n preestablecida de la v\u00e1lvula piloto, la v\u00e1lvula piloto de alta presi\u00f3n se cierra, la presi\u00f3n de la sala de control de la v\u00e1lvula principal aumenta y la v\u00e1lvula principal se cierra para mantener la presi\u00f3n del sistema en la v\u00e1lvula piloto. presi\u00f3n preestablecida.<\/p>\n<\/div>\n<div class=\"richtext\">\n<h2>Instalaci\u00f3n y puesta en marcha de v\u00e1lvulas anticipadoras de sobretensiones<\/h2>\n<div class=\"text-center\"><img loading=\"lazy\" decoding=\"async\" class=\"alignnone size-medium wp-image-17054\" src=\"https:\/\/zecovalve.com\/wp-content\/uploads\/2022\/06\/surge-anticipating-valve-installation-and-commissioning-300x225.jpg\" alt=\"\" width=\"300\" height=\"225\" srcset=\"https:\/\/zecovalve.com\/wp-content\/uploads\/2022\/06\/surge-anticipating-valve-installation-and-commissioning-300x225.jpg 300w, https:\/\/zecovalve.com\/wp-content\/uploads\/2022\/06\/surge-anticipating-valve-installation-and-commissioning.jpg 600w\" sizes=\"auto, (max-width: 300px) 100vw, 300px\" \/><\/div>\n<p>Determine los ajustes de presi\u00f3n alta y baja y ajuste la presi\u00f3n de la tuber\u00eda en ajustes de baja presi\u00f3n. En este punto, la v\u00e1lvula piloto de baja presi\u00f3n se coloca en el estado cr\u00edtico de apertura, cierre y bloqueo de la tuerca. Ajuste la presi\u00f3n de la tuber\u00eda al valor de ajuste de alta presi\u00f3n, ajuste la v\u00e1lvula piloto de alta presi\u00f3n al estado cr\u00edtico de apertura y cierre para bloquear la tuerca. Para uso espec\u00edfico, consulte con Zeco Valve Group.<\/p>\n<\/div>\n<div class=\"richtext\">\n<h2>Material y est\u00e1ndar de la v\u00e1lvula anticipadora de sobretensiones<\/h2>\n<p>Gama de tama\u00f1os: 2\u2033~12\u2033.<br \/>\nPresi\u00f3n nominal\uff1a10bar ~ 25bar<\/p>\n<p>Dimensiones cara a cara: AMSE B16.10, EN558-1<\/p>\n<p>Dimensi\u00f3n del extremo de la brida:AMSE B16.5, AS4087, EN1092-2<\/p>\n<p>Recubrimiento: Revestimiento epoxi adherido por fusi\u00f3n aprobado por WRAS<\/p>\n<p>Inspecci\u00f3n y ensayo: ISO 5208 \/ EN 12226-2<\/p>\n<div class=\"over-tabs\">\n<table cellspacing=\"0\">\n<tbody>\n<tr class=\"firstRow\">\n<td valign=\"center\">Pieza<\/td>\n<td valign=\"center\">Material<\/td>\n<td valign=\"center\">Est\u00e1ndar<\/td>\n<\/tr>\n<tr>\n<td valign=\"center\">Cuerpo<\/td>\n<td valign=\"center\">Hierro d\u00factil<\/td>\n<td valign=\"center\">ES 1563\/DIN 1693<\/td>\n<\/tr>\n<tr>\n<td valign=\"center\">Cap\u00f3<\/td>\n<td valign=\"center\">Hierro d\u00factil<\/td>\n<td valign=\"center\">ES 1563\/DIN 1693<\/td>\n<\/tr>\n<tr>\n<td valign=\"center\">Recorte<\/td>\n<td valign=\"center\">Acero inoxidable 304<\/td>\n<td valign=\"center\">EN10088-1\/ASTM A959<\/td>\n<\/tr>\n<tr>\n<td valign=\"center\">Asiento<\/td>\n<td valign=\"center\">Acero inoxidable 304<\/td>\n<td valign=\"center\">EN10088-1\/ASTM A959<\/td>\n<\/tr>\n<tr>\n<td valign=\"center\">Diafragma<\/td>\n<td valign=\"center\">EPDM \/ NBR<\/td>\n<td valign=\"center\">ISO 4633<\/td>\n<\/tr>\n<tr>\n<td valign=\"center\">V\u00e1lvula piloto<\/td>\n<td valign=\"center\">Acero inoxidable 304<\/td>\n<td valign=\"center\">EN10088-1\/ASTM A959<\/td>\n<\/tr>\n<tr>\n<td colspan=\"3\" valign=\"center\">Para opciones de materiales no listados, consultar con f\u00e1brica.<\/p>\n<p>Zeco fabrica v\u00e1lvulas en m\u00e1s de 50 aleaciones diferentes.<\/td>\n<\/tr>\n<\/tbody>\n<\/table>\n<\/div>\n<\/div>\n<\/div>\n<\/div>\n<\/div>\n<\/div>","protected":false},"excerpt":{"rendered":"<p>V\u00e1lvula anticipadora de sobretensiones Caracter\u00edsticas de la v\u00e1lvula anticipadora de sobretensiones La v\u00e1lvula piloto doble puede detectar ondas de baja y alta presi\u00f3n; Inducci\u00f3n sensible,\u2026 <a title=\"V\u00e1lvula anticipadora de sobretensiones\" class=\"read-more\" href=\"https:\/\/zecovalve.com\/es\/producto\/surge-anticipating-valve\" aria-label=\"M\u00e1s en V\u00e1lvula Anticipadora de Sobretensiones\">Leer m\u00e1s<\/a><\/p>","protected":false},"featured_media":27945,"comment_status":"closed","ping_status":"closed","template":"","meta":{"_generate-full-width-content":"","kt_blocks_editor_width":""},"product_cat":[2597,2526],"product_tag":[2662,2805],"class_list":["post-17051","product","type-product","status-publish","has-post-thumbnail","hentry","product_cat-pressure-control-valve","product_cat-water-control-valve","product_tag-pressure-control-valve","product_tag-pump-valve","sales-flash-overlay","woocommerce-text-align-center","woocommerce-image-align-center","do-quantity-buttons"],"featured_image_src_large":["https:\/\/zecovalve.com\/wp-content\/uploads\/2022\/06\/Surge-Anticipating-Valve-2.jpg",800,600,false],"author_info":[],"comment_info":0,"taxonomy_info":{"product_cat":[{"value":2597,"label":"Pressure Control Valve"},{"value":2526,"label":"Water Control Valve"}],"product_tag":[{"value":2662,"label":"Pressure Control Valve"},{"value":2805,"label":"Pump Valve"}]},"yoast_head":"<!-- This site is optimized with the Yoast SEO Premium plugin v15.4 - https:\/\/yoast.com\/wordpress\/plugins\/seo\/ -->\n<title>Surge Anticipating Valve - ZECO Valve<\/title>\n<meta name=\"robots\" content=\"index, follow, max-snippet:-1, max-image-preview:large, max-video-preview:-1\" \/>\n<link rel=\"canonical\" href=\"https:\/\/zecovalve.com\/es\/producto\/surge-anticipating-valve\" \/>\n<meta property=\"og:locale\" content=\"es_ES\" \/>\n<meta property=\"og:type\" content=\"article\" \/>\n<meta property=\"og:title\" content=\"Surge Anticipating Valve - ZECO Valve\" \/>\n<meta property=\"og:description\" content=\"Surge Anticipating Valve Features of Surge Anticipating Valve Double pilot valve can sense low pressure waves and high pressure waves; Sensitive induction, ... Leer m\u00e1s\" \/>\n<meta property=\"og:url\" content=\"https:\/\/zecovalve.com\/es\/producto\/surge-anticipating-valve\" \/>\n<meta property=\"og:site_name\" content=\"ZECO Valve\" \/>\n<meta property=\"article:modified_time\" content=\"2023-06-26T05:28:50+00:00\" \/>\n<meta property=\"og:image\" content=\"https:\/\/zecovalve.com\/wp-content\/uploads\/2022\/06\/Surge-Anticipating-Valve-2.jpg\" \/>\n\t<meta property=\"og:image:width\" content=\"800\" \/>\n\t<meta property=\"og:image:height\" content=\"600\" \/>\n<meta name=\"twitter:card\" content=\"summary_large_image\" \/>\n<meta name=\"twitter:label1\" content=\"Escrito por\">\n\t<meta name=\"twitter:data1\" content=\"Jerry\">\n\t<meta name=\"twitter:label2\" content=\"Tiempo de lectura\">\n\t<meta name=\"twitter:data2\" content=\"1 minuto\">\n<script type=\"application\/ld+json\" class=\"yoast-schema-graph\">{\"@context\":\"https:\/\/schema.org\",\"@graph\":[{\"@type\":\"WebSite\",\"@id\":\"https:\/\/zecovalve.com\/#website\",\"url\":\"https:\/\/zecovalve.com\/\",\"name\":\"ZECO Valve\",\"description\":\"Industrial Ball Valve, Gate Valve and Globe Valve Manufacturer\",\"potentialAction\":[{\"@type\":\"SearchAction\",\"target\":\"https:\/\/zecovalve.com\/?s={search_term_string}\",\"query-input\":\"required name=search_term_string\"}],\"inLanguage\":\"es\"},{\"@type\":\"ImageObject\",\"@id\":\"https:\/\/zecovalve.com\/product\/surge-anticipating-valve#primaryimage\",\"inLanguage\":\"es\",\"url\":\"https:\/\/zecovalve.com\/wp-content\/uploads\/2022\/06\/Surge-Anticipating-Valve-2.jpg\",\"width\":800,\"height\":600,\"caption\":\"Surge Anticipating Valve\"},{\"@type\":\"WebPage\",\"@id\":\"https:\/\/zecovalve.com\/product\/surge-anticipating-valve#webpage\",\"url\":\"https:\/\/zecovalve.com\/product\/surge-anticipating-valve\",\"name\":\"Surge Anticipating Valve - ZECO Valve\",\"isPartOf\":{\"@id\":\"https:\/\/zecovalve.com\/#website\"},\"primaryImageOfPage\":{\"@id\":\"https:\/\/zecovalve.com\/product\/surge-anticipating-valve#primaryimage\"},\"datePublished\":\"2022-06-26T07:27:59+00:00\",\"dateModified\":\"2023-06-26T05:28:50+00:00\",\"breadcrumb\":{\"@id\":\"https:\/\/zecovalve.com\/product\/surge-anticipating-valve#breadcrumb\"},\"inLanguage\":\"es\",\"potentialAction\":[{\"@type\":\"ReadAction\",\"target\":[\"https:\/\/zecovalve.com\/product\/surge-anticipating-valve\"]}]},{\"@type\":\"BreadcrumbList\",\"@id\":\"https:\/\/zecovalve.com\/product\/surge-anticipating-valve#breadcrumb\",\"itemListElement\":[{\"@type\":\"ListItem\",\"position\":1,\"item\":{\"@type\":\"WebPage\",\"@id\":\"https:\/\/zecovalve.com\/\",\"url\":\"https:\/\/zecovalve.com\/\",\"name\":\"Home\"}},{\"@type\":\"ListItem\",\"position\":2,\"item\":{\"@type\":\"WebPage\",\"@id\":\"https:\/\/zecovalve.com\/product-category\",\"url\":\"https:\/\/zecovalve.com\/product-category\",\"name\":\"Industrial Valve Manufacturer | Water Valve Manufacturer\"}},{\"@type\":\"ListItem\",\"position\":3,\"item\":{\"@type\":\"WebPage\",\"@id\":\"https:\/\/zecovalve.com\/product\/surge-anticipating-valve\",\"url\":\"https:\/\/zecovalve.com\/product\/surge-anticipating-valve\",\"name\":\"Surge Anticipating Valve\"}}]}]}<\/script>\n<!-- \/ Yoast SEO Premium plugin. -->","_links":{"self":[{"href":"https:\/\/zecovalve.com\/es\/wp-json\/wp\/v2\/product\/17051","targetHints":{"allow":["GET"]}}],"collection":[{"href":"https:\/\/zecovalve.com\/es\/wp-json\/wp\/v2\/product"}],"about":[{"href":"https:\/\/zecovalve.com\/es\/wp-json\/wp\/v2\/types\/product"}],"replies":[{"embeddable":true,"href":"https:\/\/zecovalve.com\/es\/wp-json\/wp\/v2\/comments?post=17051"}],"wp:featuredmedia":[{"embeddable":true,"href":"https:\/\/zecovalve.com\/es\/wp-json\/wp\/v2\/media\/27945"}],"wp:attachment":[{"href":"https:\/\/zecovalve.com\/es\/wp-json\/wp\/v2\/media?parent=17051"}],"wp:term":[{"taxonomy":"product_cat","embeddable":true,"href":"https:\/\/zecovalve.com\/es\/wp-json\/wp\/v2\/product_cat?post=17051"},{"taxonomy":"product_tag","embeddable":true,"href":"https:\/\/zecovalve.com\/es\/wp-json\/wp\/v2\/product_tag?post=17051"}],"curies":[{"name":"wp","href":"https:\/\/api.w.org\/{rel}","templated":true}]}}