{"id":17057,"date":"2022-06-26T07:46:28","date_gmt":"2022-06-26T07:46:28","guid":{"rendered":"https:\/\/zecovalve.com\/?post_type=product&#038;p=17057"},"modified":"2023-06-26T06:01:20","modified_gmt":"2023-06-26T06:01:20","slug":"balancing-valve","status":"publish","type":"product","link":"https:\/\/zecovalve.com\/es\/producto\/balancing-valve","title":{"rendered":"V\u00e1lvula de equilibrado"},"content":{"rendered":"<div class=\"sep-pages-boxs bgs clearfix\">\n<div class=\"sep-container clearfix\">\n<h1 class=\"titles sizes1 cens gtj-ff-bold\">V\u00e1lvula de equilibrado<\/h1>\n<div class=\"bq-sep-pro-detail-thumbs ons clearfix\">\n<div class=\"thumbs\">\n<div class=\"imgs ons\">\n<div class=\"swiper-container swiper-container-initialized swiper-container-horizontal\">\n<div class=\"swiper-wrapper\">\n<div class=\"swiper-slide swiper-slide-active\">\n<figure id=\"attachment_17031\" aria-describedby=\"caption-attachment-17031\" style=\"width: 290px\" class=\"wp-caption alignnone\"><img loading=\"lazy\" decoding=\"async\" class=\"size-medium wp-image-17031\" src=\"https:\/\/zecovalve.com\/wp-content\/uploads\/2022\/06\/manual-flow-balancing-valve-300x273.jpg\" alt=\"V\u00e1lvula de equilibrado de caudal\" width=\"300\" height=\"273\" srcset=\"https:\/\/zecovalve.com\/wp-content\/uploads\/2022\/06\/manual-flow-balancing-valve-300x273.jpg 300w, https:\/\/zecovalve.com\/wp-content\/uploads\/2022\/06\/manual-flow-balancing-valve.jpg 330w\" sizes=\"auto, (max-width: 300px) 100vw, 300px\" \/><figcaption id=\"caption-attachment-17031\" class=\"wp-caption-text\">V\u00e1lvula de equilibrado de caudal<\/figcaption><\/figure>\n<\/div>\n<\/div>\n<\/div>\n<div class=\"lr-lists-boxs\"><\/div>\n<\/div>\n<\/div>\n<\/div>\n<\/div>\n<\/div>\n<div class=\"sep-pages-boxs clearfix\">\n<div class=\"sep-container clearfix\">\n<div id=\"zf-nexts\" class=\"flex clearfix\">\n<div class=\"bq-zf-lefts\">\n<div class=\"richtext\">\n<h2>Festejos de la v\u00e1lvula de equilibrado<\/h2>\n<div class=\"text-center\"><img loading=\"lazy\" decoding=\"async\" class=\"alignnone size-medium wp-image-17058\" src=\"https:\/\/zecovalve.com\/wp-content\/uploads\/2022\/06\/manual-flow-balancing-valve-2-300x225.png\" alt=\"\" width=\"300\" height=\"225\" srcset=\"https:\/\/zecovalve.com\/wp-content\/uploads\/2022\/06\/manual-flow-balancing-valve-2-300x225.png 300w, https:\/\/zecovalve.com\/wp-content\/uploads\/2022\/06\/manual-flow-balancing-valve-2.png 600w\" sizes=\"auto, (max-width: 300px) 100vw, 300px\" \/><\/div>\n<ul class=\"list-paddingleft-2\">\n<li>Estructura de flujo recto, baja resistencia al fluido;<\/li>\n<li>El volante muestra el n\u00famero de ciclos de apertura para facilitar la depuraci\u00f3n;<\/li>\n<li>La entrada y la salida de la v\u00e1lvula tienen un puerto de prueba autosellante;<\/li>\n<li>Dise\u00f1o de disco de v\u00e1lvula autoequilibrado, la apertura y el cierre no se ven afectados por la presi\u00f3n de la tuber\u00eda, puede cerrarse completamente.<\/li>\n<\/ul>\n<\/div>\n<div class=\"richtext\">\n<h2>Principio de funcionamiento de la v\u00e1lvula de equilibrado<\/h2>\n<div class=\"text-center\"><img loading=\"lazy\" decoding=\"async\" class=\"alignnone size-medium wp-image-17059\" src=\"https:\/\/zecovalve.com\/wp-content\/uploads\/2022\/06\/manual-flow-balancing-valve-3-300x225.png\" alt=\"\" width=\"300\" height=\"225\" srcset=\"https:\/\/zecovalve.com\/wp-content\/uploads\/2022\/06\/manual-flow-balancing-valve-3-300x225.png 300w, https:\/\/zecovalve.com\/wp-content\/uploads\/2022\/06\/manual-flow-balancing-valve-3.png 600w\" sizes=\"auto, (max-width: 300px) 100vw, 300px\" \/><\/div>\n<p>Al cambiar la holgura entre el n\u00facleo de la v\u00e1lvula y el asiento de la v\u00e1lvula (apertura), ajustar la capacidad de flujo de la v\u00e1lvula Kv (v\u00e1lvula) para cambiar la resistencia al flujo de flujo a trav\u00e9s de la v\u00e1lvula con el fin de lograr el prop\u00f3sito de ajuste de flujo, el papel del objeto es la resistencia del sistema, eliminar el fen\u00f3meno de desequilibrio de la resistencia en el sistema, por lo tanto a la nueva proporci\u00f3n de asignaci\u00f3n de agua de acuerdo con el dise\u00f1o y c\u00e1lculo de equilibrio, cada rama en proporci\u00f3n a aumentar o disminuir al mismo tiempo.<\/p>\n<\/div>\n<div class=\"richtext\">\n<h2>Instalaci\u00f3n y puesta en servicio de v\u00e1lvulas de equilibrado<\/h2>\n<div class=\"text-center\"><img loading=\"lazy\" decoding=\"async\" class=\"alignnone size-medium wp-image-17060\" src=\"https:\/\/zecovalve.com\/wp-content\/uploads\/2022\/06\/pressure-control-valve1534226071-300x225.png\" alt=\"\" width=\"300\" height=\"225\" srcset=\"https:\/\/zecovalve.com\/wp-content\/uploads\/2022\/06\/pressure-control-valve1534226071-300x225.png 300w, https:\/\/zecovalve.com\/wp-content\/uploads\/2022\/06\/pressure-control-valve1534226071.png 600w\" sizes=\"auto, (max-width: 300px) 100vw, 300px\" \/><\/div>\n<p>Existen dos m\u00e9todos de selecci\u00f3n. El primero consiste en utilizar el software para calcular el contenido de humedad positiva. El caudal de dise\u00f1o Q y la diferencia de presi\u00f3n de dise\u00f1o \u2206P se introducen para obtener el tama\u00f1o y la posici\u00f3n de preajuste de equilibrio de la v\u00e1lvula de equilibrio. Con el fin de obtener una mayor precisi\u00f3n, se recomienda que el posicionamiento de la v\u00e1lvula de equilibrio est\u00e9 en 50-90% del grado de apertura; En segundo lugar, cuando se conoce el flujo de dise\u00f1o Q y la diferencia de presi\u00f3n de dise\u00f1o \u2206P, el valor Kv se puede calcular mediante la f\u00f3rmula, y luego el tama\u00f1o adecuado de la v\u00e1lvula de equilibrio y los par\u00e1metros predeterminados se pueden seleccionar de la tabla de valores Kv. Para usos espec\u00edficos, consulte con el Grupo de V\u00e1lvulas ZECO.<\/p>\n<\/div>\n<div class=\"richtext\">\n<h2>Material y norma de la v\u00e1lvula de equilibrado<\/h2>\n<p>Gama de tama\u00f1os: 2\u2033~16\u2033.<br \/>\nPresi\u00f3n nominal: 10bar ~ 25bar<br \/>\nDimensiones cara a cara: AMSE B16.10, EN558-1<br \/>\nDimensi\u00f3n del extremo de la brida: AMSE B16.1\/16.42, AS4087, EN1092-2<br \/>\nRevestimiento: Revestimiento epoxi por fusi\u00f3n<br \/>\nInspecci\u00f3n y ensayo: ISO 5208 \/ EN 12226-2<\/p>\n<p>&nbsp;<\/p>\n<div class=\"over-tabs\">\n<table width=\"1389\">\n<tbody>\n<tr class=\"firstRow\">\n<td>Pieza<\/td>\n<td>Material<\/td>\n<td>Est\u00e1ndar<\/td>\n<\/tr>\n<tr>\n<td>Cuerpo<\/td>\n<td>Hierro d\u00factil<\/td>\n<td>ES 1563\/DIN 1693<\/td>\n<\/tr>\n<tr>\n<td>Cap\u00f3<\/td>\n<td>CuZn39Pb1 \/ C37000<\/td>\n<td>EN12167\/ASTM B135<\/td>\n<\/tr>\n<tr>\n<td>Recorte<\/td>\n<td>CuZn39Pb1 \/ C37000<\/td>\n<td>EN12167\/ASTM B135<\/td>\n<\/tr>\n<tr>\n<td>Puerto de medici\u00f3n<\/td>\n<td>CuZn39Pb1 \/ C37000<\/td>\n<td>EN12167\/ASTM B135<\/td>\n<\/tr>\n<tr>\n<td>Junta t\u00f3rica<\/td>\n<td>EPDM \/ NBR<\/td>\n<td>ISO 4633<\/td>\n<\/tr>\n<tr>\n<td>Volante<\/td>\n<td>Nylon<\/td>\n<td>ISO 4633<\/td>\n<\/tr>\n<tr>\n<td colspan=\"3\">Para las opciones de materiales que no figuran en la lista, consulte con la f\u00e1brica.<\/p>\n<p>ZECO fabrica v\u00e1lvulas en m\u00e1s de 50 aleaciones diferentes.<\/td>\n<\/tr>\n<\/tbody>\n<\/table>\n<\/div>\n<\/div>\n<\/div>\n<\/div>\n<\/div>\n<\/div>","protected":false},"excerpt":{"rendered":"<p>V\u00e1lvula de equilibrio Caracter\u00edsticas de la v\u00e1lvula de equilibrio Estructura de flujo recto, baja resistencia a los fluidos; El volante muestra el n\u00famero de ciclos de apertura para facilitar la depuraci\u00f3n; \u2026 <a title=\"V\u00e1lvula de equilibrado\" class=\"read-more\" href=\"https:\/\/zecovalve.com\/es\/producto\/balancing-valve\" aria-label=\"M\u00e1s en V\u00e1lvula de equilibrado\">Leer m\u00e1s<\/a><\/p>","protected":false},"featured_media":27955,"comment_status":"closed","ping_status":"closed","template":"","meta":{"_generate-full-width-content":"","kt_blocks_editor_width":""},"product_cat":[2512],"product_tag":[2724,2654],"class_list":["post-17057","product","type-product","status-publish","has-post-thumbnail","hentry","product_cat-balancing-valve","product_tag-balancing-valve","product_tag-hvac-valve","sales-flash-overlay","woocommerce-text-align-center","woocommerce-image-align-center","do-quantity-buttons"],"featured_image_src_large":["https:\/\/zecovalve.com\/wp-content\/uploads\/2022\/06\/Balancing-Valve-1.jpg",800,600,false],"author_info":[],"comment_info":0,"taxonomy_info":{"product_cat":[{"value":2512,"label":"Balancing Valve"}],"product_tag":[{"value":2724,"label":"Balancing Valve"},{"value":2654,"label":"HVAC Valve"}]},"yoast_head":"<!-- This site is optimized with the Yoast SEO Premium plugin v15.4 - https:\/\/yoast.com\/wordpress\/plugins\/seo\/ -->\n<title>Balancing Valve - ZECO Valve<\/title>\n<meta name=\"robots\" content=\"index, follow, max-snippet:-1, max-image-preview:large, max-video-preview:-1\" \/>\n<link rel=\"canonical\" href=\"https:\/\/zecovalve.com\/es\/producto\/balancing-valve\" \/>\n<meta property=\"og:locale\" content=\"es_ES\" \/>\n<meta property=\"og:type\" content=\"article\" \/>\n<meta property=\"og:title\" content=\"Balancing Valve - ZECO Valve\" \/>\n<meta property=\"og:description\" content=\"Balancing Valve Festures of Balancing Valve Straight flow structure, low fluid resistance; Handwheel display the number of opening cycles for easy debugging; ... Leer m\u00e1s\" \/>\n<meta property=\"og:url\" content=\"https:\/\/zecovalve.com\/es\/producto\/balancing-valve\" \/>\n<meta property=\"og:site_name\" content=\"ZECO Valve\" \/>\n<meta property=\"article:modified_time\" content=\"2023-06-26T06:01:20+00:00\" \/>\n<meta property=\"og:image\" content=\"https:\/\/zecovalve.com\/wp-content\/uploads\/2022\/06\/Balancing-Valve-1.jpg\" \/>\n\t<meta property=\"og:image:width\" content=\"800\" \/>\n\t<meta property=\"og:image:height\" content=\"600\" \/>\n<meta name=\"twitter:card\" content=\"summary_large_image\" \/>\n<meta name=\"twitter:label1\" content=\"Escrito por\">\n\t<meta name=\"twitter:data1\" content=\"Jerry\">\n\t<meta name=\"twitter:label2\" content=\"Tiempo de lectura\">\n\t<meta name=\"twitter:data2\" content=\"1 minuto\">\n<script type=\"application\/ld+json\" class=\"yoast-schema-graph\">{\"@context\":\"https:\/\/schema.org\",\"@graph\":[{\"@type\":\"WebSite\",\"@id\":\"https:\/\/zecovalve.com\/#website\",\"url\":\"https:\/\/zecovalve.com\/\",\"name\":\"ZECO Valve\",\"description\":\"Industrial Ball Valve, Gate Valve and Globe Valve Manufacturer\",\"potentialAction\":[{\"@type\":\"SearchAction\",\"target\":\"https:\/\/zecovalve.com\/?s={search_term_string}\",\"query-input\":\"required name=search_term_string\"}],\"inLanguage\":\"es\"},{\"@type\":\"ImageObject\",\"@id\":\"https:\/\/zecovalve.com\/product\/balancing-valve#primaryimage\",\"inLanguage\":\"es\",\"url\":\"https:\/\/zecovalve.com\/wp-content\/uploads\/2022\/06\/Balancing-Valve-1.jpg\",\"width\":800,\"height\":600,\"caption\":\"Balancing Valve\"},{\"@type\":\"WebPage\",\"@id\":\"https:\/\/zecovalve.com\/product\/balancing-valve#webpage\",\"url\":\"https:\/\/zecovalve.com\/product\/balancing-valve\",\"name\":\"Balancing Valve - ZECO Valve\",\"isPartOf\":{\"@id\":\"https:\/\/zecovalve.com\/#website\"},\"primaryImageOfPage\":{\"@id\":\"https:\/\/zecovalve.com\/product\/balancing-valve#primaryimage\"},\"datePublished\":\"2022-06-26T07:46:28+00:00\",\"dateModified\":\"2023-06-26T06:01:20+00:00\",\"breadcrumb\":{\"@id\":\"https:\/\/zecovalve.com\/product\/balancing-valve#breadcrumb\"},\"inLanguage\":\"es\",\"potentialAction\":[{\"@type\":\"ReadAction\",\"target\":[\"https:\/\/zecovalve.com\/product\/balancing-valve\"]}]},{\"@type\":\"BreadcrumbList\",\"@id\":\"https:\/\/zecovalve.com\/product\/balancing-valve#breadcrumb\",\"itemListElement\":[{\"@type\":\"ListItem\",\"position\":1,\"item\":{\"@type\":\"WebPage\",\"@id\":\"https:\/\/zecovalve.com\/\",\"url\":\"https:\/\/zecovalve.com\/\",\"name\":\"Home\"}},{\"@type\":\"ListItem\",\"position\":2,\"item\":{\"@type\":\"WebPage\",\"@id\":\"https:\/\/zecovalve.com\/product-category\",\"url\":\"https:\/\/zecovalve.com\/product-category\",\"name\":\"Industrial Valve Manufacturer | Water Valve Manufacturer\"}},{\"@type\":\"ListItem\",\"position\":3,\"item\":{\"@type\":\"WebPage\",\"@id\":\"https:\/\/zecovalve.com\/product\/balancing-valve\",\"url\":\"https:\/\/zecovalve.com\/product\/balancing-valve\",\"name\":\"Balancing Valve\"}}]}]}<\/script>\n<!-- \/ Yoast SEO Premium plugin. -->","_links":{"self":[{"href":"https:\/\/zecovalve.com\/es\/wp-json\/wp\/v2\/product\/17057","targetHints":{"allow":["GET"]}}],"collection":[{"href":"https:\/\/zecovalve.com\/es\/wp-json\/wp\/v2\/product"}],"about":[{"href":"https:\/\/zecovalve.com\/es\/wp-json\/wp\/v2\/types\/product"}],"replies":[{"embeddable":true,"href":"https:\/\/zecovalve.com\/es\/wp-json\/wp\/v2\/comments?post=17057"}],"wp:featuredmedia":[{"embeddable":true,"href":"https:\/\/zecovalve.com\/es\/wp-json\/wp\/v2\/media\/27955"}],"wp:attachment":[{"href":"https:\/\/zecovalve.com\/es\/wp-json\/wp\/v2\/media?parent=17057"}],"wp:term":[{"taxonomy":"product_cat","embeddable":true,"href":"https:\/\/zecovalve.com\/es\/wp-json\/wp\/v2\/product_cat?post=17057"},{"taxonomy":"product_tag","embeddable":true,"href":"https:\/\/zecovalve.com\/es\/wp-json\/wp\/v2\/product_tag?post=17057"}],"curies":[{"name":"wp","href":"https:\/\/api.w.org\/{rel}","templated":true}]}}