{"id":17081,"date":"2022-06-27T05:52:25","date_gmt":"2022-06-27T05:52:25","guid":{"rendered":"https:\/\/zecovalve.com\/?post_type=product&#038;p=17081"},"modified":"2023-06-26T06:44:53","modified_gmt":"2023-06-26T06:44:53","slug":"combination-air-valve","status":"publish","type":"product","link":"https:\/\/zecovalve.com\/es\/producto\/combination-air-valve","title":{"rendered":"V\u00e1lvula de aire combinada"},"content":{"rendered":"<div class=\"sep-pages-boxs bgs clearfix\">\n<div class=\"sep-container clearfix\">\n<h1 class=\"titles sizes1 cens gtj-ff-bold\">V\u00e1lvula de aire combinada<\/h1>\n<div class=\"bq-sep-pro-detail-thumbs ons clearfix\">\n<div class=\"thumbs\">\n<div class=\"imgs ons\">\n<div class=\"swiper-container swiper-container-initialized swiper-container-horizontal\">\n<div class=\"swiper-wrapper\">\n<div class=\"swiper-slide swiper-slide-active\">\n<figure id=\"attachment_16966\" aria-describedby=\"caption-attachment-16966\" style=\"width: 290px\" class=\"wp-caption alignnone\"><img loading=\"lazy\" decoding=\"async\" class=\"size-medium wp-image-16966\" src=\"https:\/\/zecovalve.com\/wp-content\/uploads\/2022\/06\/combination-air-valve-300x273.jpg\" alt=\"V\u00e1lvula de aire combinada\" width=\"300\" height=\"273\" srcset=\"https:\/\/zecovalve.com\/wp-content\/uploads\/2022\/06\/combination-air-valve-300x273.jpg 300w, https:\/\/zecovalve.com\/wp-content\/uploads\/2022\/06\/combination-air-valve.jpg 330w\" sizes=\"auto, (max-width: 300px) 100vw, 300px\" \/><figcaption id=\"caption-attachment-16966\" class=\"wp-caption-text\">Combinaci\u00f3n <a href=\"https:\/\/zecovalve.com\/es\/what-is-an-air-valve-air-valve-types-air-release-valve.html\/\" data-internallinksmanager029f6b8e52c=\"1\" title=\"V\u00e1lvula de aire\" target=\"_blank\" rel=\"noopener\">V\u00e1lvula de aire<\/a><\/figcaption><\/figure>\n<\/div>\n<\/div>\n<\/div>\n<div class=\"lr-lists-boxs\"><\/div>\n<\/div>\n<\/div>\n<\/div>\n<\/div>\n<\/div>\n<div class=\"sep-pages-boxs clearfix\">\n<div class=\"sep-container clearfix\">\n<div id=\"zf-nexts\" class=\"flex clearfix\">\n<div class=\"bq-zf-lefts\">\n<div class=\"richtext\">\n<h2>Funciones de la v\u00e1lvula combinada de aire<\/h2>\n<div class=\"text-center\">\u00a0\u00a0<img loading=\"lazy\" decoding=\"async\" class=\"alignnone size-medium wp-image-17084\" src=\"https:\/\/zecovalve.com\/wp-content\/uploads\/2022\/06\/single-body-combination-air-valve-features-300x225.png\" alt=\"\" width=\"300\" height=\"225\" srcset=\"https:\/\/zecovalve.com\/wp-content\/uploads\/2022\/06\/single-body-combination-air-valve-features-300x225.png 300w, https:\/\/zecovalve.com\/wp-content\/uploads\/2022\/06\/single-body-combination-air-valve-features.png 600w\" sizes=\"auto, (max-width: 300px) 100vw, 300px\" \/><\/div>\n<ul class=\"list-paddingleft-2\">\n<li>Succi\u00f3n a presi\u00f3n negativa\uff1b<\/li>\n<li>Escape r\u00e1pido\uff1b<\/li>\n<li>S\u00f3lo escape no drena\uff1b<\/li>\n<li>Escape ligero y grande.<\/li>\n<\/ul>\n<\/div>\n<div class=\"richtext\">\n<h2>Principio de funcionamiento de la v\u00e1lvula neum\u00e1tica combinada<\/h2>\n<div class=\"text-center\"><img loading=\"lazy\" decoding=\"async\" class=\"alignnone size-medium wp-image-17082\" src=\"https:\/\/zecovalve.com\/wp-content\/uploads\/2022\/06\/combination-air-valve-principle-300x250.png\" alt=\"\" width=\"300\" height=\"250\" srcset=\"https:\/\/zecovalve.com\/wp-content\/uploads\/2022\/06\/combination-air-valve-principle-300x250.png 300w, https:\/\/zecovalve.com\/wp-content\/uploads\/2022\/06\/combination-air-valve-principle.png 600w\" sizes=\"auto, (max-width: 300px) 100vw, 300px\" \/><\/div>\n<p>Cuando el tubo comenz\u00f3 a la inyecci\u00f3n de agua, el disco en la posici\u00f3n abierta, un gran n\u00famero de escape, cuando la l\u00ednea de aire hacia arriba, el lleno de agua en la v\u00e1lvula, bola flotante hacia arriba y conducir la v\u00e1lvula cerrada, detener el escape, cuando el tubo de agua es el transporte normal, si hay una peque\u00f1a cantidad de aire dentro de la v\u00e1lvula hasta cierto punto, los niveles de agua caen en la v\u00e1lvula, bola flotante cae, el aire se est\u00e1 agotando de los agujeros. Cuando la bomba se detiene, el flujo de agua en el tubo est\u00e1 vac\u00edo o se genera una presi\u00f3n negativa en el tubo. En ese momento, se abre r\u00e1pidamente el tap\u00f3n y se aspira el aire para garantizar la seguridad de la tuber\u00eda.<\/p>\n<\/div>\n<div class=\"richtext\">\n<h2>Instalaci\u00f3n y puesta en servicio de v\u00e1lvulas neum\u00e1ticas combinadas<\/h2>\n<div class=\"text-center\"><img loading=\"lazy\" decoding=\"async\" class=\"alignnone size-medium wp-image-17083\" src=\"https:\/\/zecovalve.com\/wp-content\/uploads\/2022\/06\/combination-air-valve-typical-applications-300x250.png\" alt=\"\" width=\"300\" height=\"250\" srcset=\"https:\/\/zecovalve.com\/wp-content\/uploads\/2022\/06\/combination-air-valve-typical-applications-300x250.png 300w, https:\/\/zecovalve.com\/wp-content\/uploads\/2022\/06\/combination-air-valve-typical-applications.png 600w\" sizes=\"auto, (max-width: 300px) 100vw, 300px\" \/><\/div>\n<p>Esta v\u00e1lvula se instala normalmente en el punto m\u00e1s alto del sistema, como el apriete del bonete en el cuerpo de la v\u00e1lvula, el\u00a0<a href=\"https:\/\/zecovalve.com\/es\/what-is-an-air-valve-air-valve-types-air-release-valve.html\/\" data-internallinksmanager029f6b8e52c=\"1\" title=\"V\u00e1lvula de aire\" target=\"_blank\" rel=\"noopener\">v\u00e1lvula de aire<\/a>\u00a0detiene el escape, normalmente, el cap\u00f3 debe estar abierto.\u00a0<a href=\"https:\/\/zecovalve.com\/es\/what-is-an-air-valve-air-valve-types-air-release-valve.html\/\" data-internallinksmanager029f6b8e52c=\"1\" title=\"V\u00e1lvula de aire\" target=\"_blank\" rel=\"noopener\">V\u00e1lvula de aire<\/a>\u00a0tambi\u00e9n se puede utilizar con la v\u00e1lvula de bloqueo, mantenimiento de la v\u00e1lvula de escape conveniente. Para usos espec\u00edficos, consulte con el Grupo de V\u00e1lvulas ZECO.<\/p>\n<\/div>\n<div class=\"richtext\">\n<h2>V\u00e1lvula de aire combinada Material y norma<\/h2>\n<p>Gama de tama\u00f1os: 2\u2033~8\u2033.<\/p>\n<p>Presi\u00f3n nominal: 10bar ~ 25bar<\/p>\n<p>Dimensiones cara a cara: AMSE B16.10, EN558-1<\/p>\n<p>Dimensi\u00f3n del extremo de la brida: AMSE B16.1\/16.42, AS4087, EN1092-2<\/p>\n<p>Revestimiento: Revestimiento epoxi por fusi\u00f3n<\/p>\n<p>Inspecci\u00f3n y ensayo: ISO 5208 \/ EN 12226-2<\/p>\n<div class=\"over-tabs\">\n<table width=\"1389\">\n<tbody>\n<tr class=\"firstRow\">\n<td>Pieza<\/td>\n<td>Material<\/td>\n<td>Est\u00e1ndar<\/td>\n<\/tr>\n<tr>\n<td>Cuerpo<\/td>\n<td>Hierro d\u00factil<\/td>\n<td>ES 1563\/DIN 1693<\/td>\n<\/tr>\n<tr>\n<td>Cap\u00f3<\/td>\n<td>Hierro d\u00factil<\/td>\n<td>ES 1563\/DIN 1693<\/td>\n<\/tr>\n<tr>\n<td>Cap\u00f3 de escape<\/td>\n<td>Hierro d\u00factil<\/td>\n<td>ES 1563\/DIN 1693<\/td>\n<\/tr>\n<tr>\n<td>Bola flotante<\/td>\n<td>Acero inoxidable 431<\/td>\n<td>EN10088-1\/ASTM A959<\/td>\n<\/tr>\n<tr>\n<td>Colador<\/td>\n<td>Acero inoxidable 431<\/td>\n<td>EN10088-1\/ASTM A959<\/td>\n<\/tr>\n<tr>\n<td>Sello<\/td>\n<td>EPDM \/ NBR<\/td>\n<td>ISO 4633<\/td>\n<\/tr>\n<tr>\n<td colspan=\"3\">Para las opciones de materiales que no figuran en la lista, consulte con la f\u00e1brica.<\/p>\n<p>ZECO fabrica v\u00e1lvulas en m\u00e1s de 50 aleaciones diferentes.<\/td>\n<\/tr>\n<\/tbody>\n<\/table>\n<\/div>\n<\/div>\n<\/div>\n<\/div>\n<\/div>\n<\/div>","protected":false},"excerpt":{"rendered":"<p>V\u00e1lvula de aire combinada Caracter\u00edsticas de la v\u00e1lvula de aire combinada Succi\u00f3n a presi\u00f3n negativa\uff1b Escape r\u00e1pido\uff1b El escape solo no drena\uff1b Escape ligero y grande. \u2026 <a title=\"V\u00e1lvula de aire combinada\" class=\"read-more\" href=\"https:\/\/zecovalve.com\/es\/producto\/combination-air-valve\" aria-label=\"M\u00e1s en V\u00e1lvula combinada de aire\">Leer m\u00e1s<\/a><\/p>","protected":false},"featured_media":27969,"comment_status":"closed","ping_status":"closed","template":"","meta":{"_generate-full-width-content":"","kt_blocks_editor_width":""},"product_cat":[2520],"product_tag":[2796,2765],"class_list":["post-17081","product","type-product","status-publish","has-post-thumbnail","hentry","product_cat-air-valve","product_tag-air-vent-valve","product_tag-vent-valve","sales-flash-overlay","woocommerce-text-align-center","woocommerce-image-align-center","do-quantity-buttons"],"featured_image_src_large":["https:\/\/zecovalve.com\/wp-content\/uploads\/2022\/06\/Combination-Air-Valve-1.jpg",800,600,false],"author_info":[],"comment_info":0,"taxonomy_info":{"product_cat":[{"value":2520,"label":"Air Valve Manufacturer and Supplier"}],"product_tag":[{"value":2796,"label":"Air Vent Valve"},{"value":2765,"label":"Vent Valve"}]},"yoast_head":"<!-- This site is optimized with the Yoast SEO Premium plugin v15.4 - https:\/\/yoast.com\/wordpress\/plugins\/seo\/ -->\n<title>Combination Air Valve - ZECO Valve<\/title>\n<meta name=\"robots\" content=\"index, follow, max-snippet:-1, max-image-preview:large, max-video-preview:-1\" \/>\n<link rel=\"canonical\" href=\"https:\/\/zecovalve.com\/es\/producto\/combination-air-valve\" \/>\n<meta property=\"og:locale\" content=\"es_ES\" \/>\n<meta property=\"og:type\" content=\"article\" \/>\n<meta property=\"og:title\" content=\"Combination Air Valve - ZECO Valve\" \/>\n<meta property=\"og:description\" content=\"Combination Air Valve Festures of Combination Air Valve \u00a0\u00a0 Suction at negative pressure\uff1b Fast exhaust\uff1b Exhaust only does not drain\uff1b Slight\u00a0exhaust\u00a0and large. ... Leer m\u00e1s\" \/>\n<meta property=\"og:url\" content=\"https:\/\/zecovalve.com\/es\/producto\/combination-air-valve\" \/>\n<meta property=\"og:site_name\" content=\"ZECO Valve\" \/>\n<meta property=\"article:modified_time\" content=\"2023-06-26T06:44:53+00:00\" \/>\n<meta property=\"og:image\" content=\"https:\/\/zecovalve.com\/wp-content\/uploads\/2022\/06\/Combination-Air-Valve-1.jpg\" \/>\n\t<meta property=\"og:image:width\" content=\"800\" \/>\n\t<meta property=\"og:image:height\" content=\"600\" \/>\n<meta name=\"twitter:card\" content=\"summary_large_image\" \/>\n<meta name=\"twitter:label1\" content=\"Escrito por\">\n\t<meta name=\"twitter:data1\" content=\"Jerry\">\n\t<meta name=\"twitter:label2\" content=\"Tiempo de lectura\">\n\t<meta name=\"twitter:data2\" content=\"1 minuto\">\n<script type=\"application\/ld+json\" class=\"yoast-schema-graph\">{\"@context\":\"https:\/\/schema.org\",\"@graph\":[{\"@type\":\"WebSite\",\"@id\":\"https:\/\/zecovalve.com\/#website\",\"url\":\"https:\/\/zecovalve.com\/\",\"name\":\"ZECO Valve\",\"description\":\"Industrial Ball Valve, Gate Valve and Globe Valve Manufacturer\",\"potentialAction\":[{\"@type\":\"SearchAction\",\"target\":\"https:\/\/zecovalve.com\/?s={search_term_string}\",\"query-input\":\"required name=search_term_string\"}],\"inLanguage\":\"es\"},{\"@type\":\"ImageObject\",\"@id\":\"https:\/\/zecovalve.com\/product\/combination-air-valve#primaryimage\",\"inLanguage\":\"es\",\"url\":\"https:\/\/zecovalve.com\/wp-content\/uploads\/2022\/06\/Combination-Air-Valve-1.jpg\",\"width\":800,\"height\":600,\"caption\":\"Combination Air Valve\"},{\"@type\":\"WebPage\",\"@id\":\"https:\/\/zecovalve.com\/product\/combination-air-valve#webpage\",\"url\":\"https:\/\/zecovalve.com\/product\/combination-air-valve\",\"name\":\"Combination Air Valve - ZECO Valve\",\"isPartOf\":{\"@id\":\"https:\/\/zecovalve.com\/#website\"},\"primaryImageOfPage\":{\"@id\":\"https:\/\/zecovalve.com\/product\/combination-air-valve#primaryimage\"},\"datePublished\":\"2022-06-27T05:52:25+00:00\",\"dateModified\":\"2023-06-26T06:44:53+00:00\",\"breadcrumb\":{\"@id\":\"https:\/\/zecovalve.com\/product\/combination-air-valve#breadcrumb\"},\"inLanguage\":\"es\",\"potentialAction\":[{\"@type\":\"ReadAction\",\"target\":[\"https:\/\/zecovalve.com\/product\/combination-air-valve\"]}]},{\"@type\":\"BreadcrumbList\",\"@id\":\"https:\/\/zecovalve.com\/product\/combination-air-valve#breadcrumb\",\"itemListElement\":[{\"@type\":\"ListItem\",\"position\":1,\"item\":{\"@type\":\"WebPage\",\"@id\":\"https:\/\/zecovalve.com\/\",\"url\":\"https:\/\/zecovalve.com\/\",\"name\":\"Home\"}},{\"@type\":\"ListItem\",\"position\":2,\"item\":{\"@type\":\"WebPage\",\"@id\":\"https:\/\/zecovalve.com\/product-category\",\"url\":\"https:\/\/zecovalve.com\/product-category\",\"name\":\"Industrial Valve Manufacturer | Water Valve Manufacturer\"}},{\"@type\":\"ListItem\",\"position\":3,\"item\":{\"@type\":\"WebPage\",\"@id\":\"https:\/\/zecovalve.com\/product\/combination-air-valve\",\"url\":\"https:\/\/zecovalve.com\/product\/combination-air-valve\",\"name\":\"Combination Air Valve\"}}]}]}<\/script>\n<!-- \/ Yoast SEO Premium plugin. -->","_links":{"self":[{"href":"https:\/\/zecovalve.com\/es\/wp-json\/wp\/v2\/product\/17081","targetHints":{"allow":["GET"]}}],"collection":[{"href":"https:\/\/zecovalve.com\/es\/wp-json\/wp\/v2\/product"}],"about":[{"href":"https:\/\/zecovalve.com\/es\/wp-json\/wp\/v2\/types\/product"}],"replies":[{"embeddable":true,"href":"https:\/\/zecovalve.com\/es\/wp-json\/wp\/v2\/comments?post=17081"}],"wp:featuredmedia":[{"embeddable":true,"href":"https:\/\/zecovalve.com\/es\/wp-json\/wp\/v2\/media\/27969"}],"wp:attachment":[{"href":"https:\/\/zecovalve.com\/es\/wp-json\/wp\/v2\/media?parent=17081"}],"wp:term":[{"taxonomy":"product_cat","embeddable":true,"href":"https:\/\/zecovalve.com\/es\/wp-json\/wp\/v2\/product_cat?post=17081"},{"taxonomy":"product_tag","embeddable":true,"href":"https:\/\/zecovalve.com\/es\/wp-json\/wp\/v2\/product_tag?post=17081"}],"curies":[{"name":"wp","href":"https:\/\/api.w.org\/{rel}","templated":true}]}}