{"id":17145,"date":"2022-06-27T08:01:07","date_gmt":"2022-06-27T08:01:07","guid":{"rendered":"https:\/\/zecovalve.com\/?post_type=product&#038;p=17145"},"modified":"2023-06-15T13:12:49","modified_gmt":"2023-06-15T13:12:49","slug":"knife-gate-valve","status":"publish","type":"product","link":"https:\/\/zecovalve.com\/es\/producto\/knife-gate-valve","title":{"rendered":"V\u00e1lvula de guillotina"},"content":{"rendered":"<div class=\"sep-pages-boxs bgs clearfix\">\n<div class=\"sep-container clearfix\">\n<h1 class=\"titles sizes1 cens gtj-ff-bold\"><\/h1>\n<div class=\"bq-sep-pro-detail-thumbs ons clearfix\">\n<div class=\"thumbs\">\n<div class=\"imgs ons\">\n<div class=\"swiper-container swiper-container-initialized swiper-container-horizontal\">\n<div class=\"swiper-wrapper\">\n<div class=\"swiper-slide swiper-slide-active\">\n<p><img loading=\"lazy\" decoding=\"async\" class=\"wp-image-27894 size-medium\" src=\"https:\/\/zecovalve.com\/wp-content\/uploads\/2022\/06\/Knife-Gate-Valve-4-300x225.jpg\" alt=\"V\u00e1lvula de guillotina\" width=\"300\" height=\"225\" srcset=\"https:\/\/zecovalve.com\/wp-content\/uploads\/2022\/06\/Knife-Gate-Valve-4-300x225.jpg 300w, https:\/\/zecovalve.com\/wp-content\/uploads\/2022\/06\/Knife-Gate-Valve-4-768x576.jpg 768w, https:\/\/zecovalve.com\/wp-content\/uploads\/2022\/06\/Knife-Gate-Valve-4-600x450.jpg 600w, https:\/\/zecovalve.com\/wp-content\/uploads\/2022\/06\/Knife-Gate-Valve-4.jpg 800w\" sizes=\"auto, (max-width: 300px) 100vw, 300px\" \/><\/p>\n<\/div>\n<\/div>\n<\/div>\n<\/div>\n<\/div>\n<\/div>\n<\/div>\n<\/div>\n<div class=\"sep-pages-boxs clearfix\">\n<div class=\"sep-container clearfix\">\n<div id=\"zf-nexts\" class=\"flex clearfix\">\n<div class=\"bq-zf-lefts\">\n<div class=\"richtext\">\n<h2>Caracter\u00edsticas de la v\u00e1lvula de guillotina<\/h2>\n<div class=\"text-center\"><img loading=\"lazy\" decoding=\"async\" class=\"alignnone size-medium wp-image-17146\" src=\"https:\/\/zecovalve.com\/wp-content\/uploads\/2022\/06\/knife-gate-valve-1-300x225.jpg\" alt=\"\" width=\"300\" height=\"225\" srcset=\"https:\/\/zecovalve.com\/wp-content\/uploads\/2022\/06\/knife-gate-valve-1-300x225.jpg 300w, https:\/\/zecovalve.com\/wp-content\/uploads\/2022\/06\/knife-gate-valve-1.jpg 600w\" sizes=\"auto, (max-width: 300px) 100vw, 300px\" \/><\/div>\n<ul class=\"list-paddingleft-2\">\n<li>Dise\u00f1o de paso total para una alta capacidad de rendimiento de medios;<\/li>\n<li>Junta en forma de U con buen efecto de sellado;<\/li>\n<li>La placa de compuerta con funci\u00f3n de compuerta, buen efecto de cierre, puede cerrar eficazmente todo tipo de desechos en el medio, para resolver el fen\u00f3meno de fuga despu\u00e9s del cierre que contiene grumos, part\u00edculas y medios de fibra;<\/li>\n<li>Capaz de trabajar en medios sucios, f\u00e1cil de instalar, f\u00e1cil de desmontar, f\u00e1cil de mantener, sin quitar la v\u00e1lvula, puede reemplazar los sellos de la v\u00e1lvula, lo que simplifica el mantenimiento de la v\u00e1lvula.<\/li>\n<\/ul>\n<\/div>\n<div class=\"richtext\">\n<h2>Principio de funcionamiento de la v\u00e1lvula de guillotina<\/h2>\n<div class=\"text-center\">\n<h2 style=\"font-family: -apple-system, system-ui, BlinkMacSystemFont, 'Segoe UI', Helvetica, Arial, sans-serif, 'Apple Color Emoji', 'Segoe UI Emoji', 'Segoe UI Symbol'; font-style: normal;\"><img loading=\"lazy\" decoding=\"async\" class=\"alignnone size-medium wp-image-17147\" style=\"font-size: 17px;\" src=\"https:\/\/zecovalve.com\/wp-content\/uploads\/2022\/06\/knife-gate-valve-2-300x225.jpg\" alt=\"\" width=\"300\" height=\"225\" srcset=\"https:\/\/zecovalve.com\/wp-content\/uploads\/2022\/06\/knife-gate-valve-2-300x225.jpg 300w, https:\/\/zecovalve.com\/wp-content\/uploads\/2022\/06\/knife-gate-valve-2.jpg 600w\" sizes=\"auto, (max-width: 300px) 100vw, 300px\" \/><\/h2>\n<\/div>\n<p>El limpiador entre el cuerpo de la v\u00e1lvula y el casquete de la v\u00e1lvula de guillotina evita que entren part\u00edculas s\u00f3lidas al casquete. La cavidad del cuerpo de la v\u00e1lvula, la configuraci\u00f3n del asiento y el dise\u00f1o de la compuerta inclinada brindan caracter\u00edsticas para impedir la entrada de medios espesos (p. ej., pulpa, lodo) o medios s\u00f3lidos (p. ej., gr\u00e1nulos y polvos).<\/p>\n<p>La compuerta y el asiento de la v\u00e1lvula de guillotina siempre est\u00e1n en estrecho contacto con la v\u00e1lvula sellada, y la compuerta con un orificio gu\u00eda con la misma v\u00e1lvula de compuerta de conducto, la compuerta tiene un di\u00e1metro de orificio redondo, a trav\u00e9s de la compuerta abri\u00e9ndose y cerr\u00e1ndose para que la Orificio redondo en la cancela y di\u00e1metro pasante para hacer un desenganche completo y coincidir con la acci\u00f3n. Adem\u00e1s, la ventaja de la estructura es que el di\u00e1metro del cuerpo de la v\u00e1lvula sin ranuras, el medio no se bloquear\u00e1 y tiene caracter\u00edsticas de flujo de di\u00e1metro completo, adecuadas para el uso de medios en polvo y part\u00edculas en la tuber\u00eda. Su estructura de sellado se puede dividir en un sello blando y una estructura de sello duro. El asiento de v\u00e1lvula sellado est\u00e1 dise\u00f1ado con una estructura m\u00f3vil, con funci\u00f3n antidesgaste y de compensaci\u00f3n autom\u00e1tica, lo que prolonga su vida \u00fatil. En el proceso de cierre y apertura, el asiento de la v\u00e1lvula y la placa de la compuerta deben estar cerca del movimiento, para que la fuerza de apertura y cierre de la v\u00e1lvula sea estable.<\/p>\n<\/div>\n<div class=\"richtext\">\n<h2>Instalaci\u00f3n y puesta en marcha de v\u00e1lvulas de guillotina<\/h2>\n<div class=\"text-center\"><img loading=\"lazy\" decoding=\"async\" class=\"alignnone size-medium wp-image-17148\" src=\"https:\/\/zecovalve.com\/wp-content\/uploads\/2022\/06\/knife-gate-valve-3-300x225.jpg\" alt=\"\" width=\"300\" height=\"225\" srcset=\"https:\/\/zecovalve.com\/wp-content\/uploads\/2022\/06\/knife-gate-valve-3-300x225.jpg 300w, https:\/\/zecovalve.com\/wp-content\/uploads\/2022\/06\/knife-gate-valve-3.jpg 600w\" sizes=\"auto, (max-width: 300px) 100vw, 300px\" \/><\/div>\n<p>La v\u00e1lvula de guillotina se puede dividir en v\u00e1lvula de guillotina neum\u00e1tica, v\u00e1lvula de guillotina el\u00e9ctrica y v\u00e1lvula de guillotina manual. Seg\u00fan el modo de funcionamiento, Instalaci\u00f3n y funcionamiento seg\u00fan las diferentes instrucciones de funcionamiento. Para uso espec\u00edfico, consulte con Zeco Valve Group.<\/p>\n<\/div>\n<div class=\"richtext\">\n<h2>Material y est\u00e1ndar de la v\u00e1lvula de guillotina<\/h2>\n<p>Gama de tama\u00f1os: 2\u2033~48\u2033.<br \/>\nClasificaci\u00f3n de presi\u00f3n: 10bar ~ 20bar<\/p>\n<p>Dimensiones Cara a Cara: MSS SP-81-2006<\/p>\n<p>Dimensi\u00f3n del extremo de la brida: EN1092, ASME B16.5, ASME B16.47, AS2129<\/p>\n<p>Inspecci\u00f3n y Prueba: MSS SP-81-2006<\/p>\n<div class=\"over-tabs\">\n<table cellspacing=\"0\">\n<tbody>\n<tr class=\"firstRow\">\n<td valign=\"center\">Pieza<\/td>\n<td valign=\"center\">Material<\/td>\n<td valign=\"center\">Est\u00e1ndar<\/td>\n<\/tr>\n<tr>\n<td valign=\"center\">Cuerpo<\/td>\n<td valign=\"center\">GGG40\/WCB\/CF8\/CF8M\/4A<\/td>\n<td valign=\"center\">EST\u00c1NDAR ASTM<\/td>\n<\/tr>\n<tr>\n<td valign=\"center\">Cap\u00f3<\/td>\n<td valign=\"center\">GGG40\/WCB\/CF8\/CF8M\/4A<\/td>\n<td valign=\"center\">EST\u00c1NDAR ASTM<\/td>\n<\/tr>\n<tr>\n<td valign=\"center\">Recorte<\/td>\n<td valign=\"center\">GGG40\/WCB\/CF8\/CF8M\/4A<\/td>\n<td valign=\"center\">EST\u00c1NDAR ASTM<\/td>\n<\/tr>\n<tr>\n<td valign=\"center\">Asiento<\/td>\n<td valign=\"center\">SELLO DURO\/EPDM<\/td>\n<td valign=\"center\">EST\u00c1NDAR ASTM<\/td>\n<\/tr>\n<tr>\n<td colspan=\"3\" valign=\"center\">Para opciones de materiales no listados, consultar con f\u00e1brica.<\/p>\n<p>Zeco fabrica v\u00e1lvulas en m\u00e1s de 50 aleaciones diferentes.<\/td>\n<\/tr>\n<\/tbody>\n<\/table>\n<\/div>\n<\/div>\n<\/div>\n<\/div>\n<\/div>\n<\/div>","protected":false},"excerpt":{"rendered":"<p>Caracter\u00edsticas de la v\u00e1lvula de guillotina Dise\u00f1o de paso total para una alta capacidad de rendimiento de medios; Junta en forma de U con buen efecto de sellado; Placa de puerta con\u2026 <a title=\"V\u00e1lvula de guillotina\" class=\"read-more\" href=\"https:\/\/zecovalve.com\/es\/producto\/knife-gate-valve\" aria-label=\"M\u00e1s en V\u00e1lvula de guillotina\">Leer m\u00e1s<\/a><\/p>","protected":false},"featured_media":27894,"comment_status":"closed","ping_status":"closed","template":"","meta":{"_generate-full-width-content":"","kt_blocks_editor_width":""},"product_cat":[2510],"product_tag":[],"class_list":["post-17145","product","type-product","status-publish","has-post-thumbnail","hentry","product_cat-water-gate-valve","sales-flash-overlay","woocommerce-text-align-center","woocommerce-image-align-center","do-quantity-buttons"],"featured_image_src_large":["https:\/\/zecovalve.com\/wp-content\/uploads\/2022\/06\/Knife-Gate-Valve-4.jpg",800,600,false],"author_info":[],"comment_info":0,"taxonomy_info":{"product_cat":[{"value":2510,"label":"Water Gate Valve"}]},"yoast_head":"<!-- This site is optimized with the Yoast SEO Premium plugin v15.4 - https:\/\/yoast.com\/wordpress\/plugins\/seo\/ -->\n<title>Knife Gate Valve - ZECO Valve<\/title>\n<meta name=\"robots\" content=\"index, follow, max-snippet:-1, max-image-preview:large, max-video-preview:-1\" \/>\n<link rel=\"canonical\" href=\"https:\/\/zecovalve.com\/es\/producto\/knife-gate-valve\" \/>\n<meta property=\"og:locale\" content=\"es_ES\" \/>\n<meta property=\"og:type\" content=\"article\" \/>\n<meta property=\"og:title\" content=\"Knife Gate Valve - ZECO Valve\" \/>\n<meta property=\"og:description\" content=\"Features of Knife Gate Valve Full bore design for high media throughput capacity; U-shaped gasket with good sealing effect; Gate plate with ... Leer m\u00e1s\" \/>\n<meta property=\"og:url\" content=\"https:\/\/zecovalve.com\/es\/producto\/knife-gate-valve\" \/>\n<meta property=\"og:site_name\" content=\"ZECO Valve\" \/>\n<meta property=\"article:modified_time\" content=\"2023-06-15T13:12:49+00:00\" \/>\n<meta property=\"og:image\" content=\"https:\/\/zecovalve.com\/wp-content\/uploads\/2022\/06\/Knife-Gate-Valve-4.jpg\" \/>\n\t<meta property=\"og:image:width\" content=\"800\" \/>\n\t<meta property=\"og:image:height\" content=\"600\" \/>\n<meta name=\"twitter:card\" content=\"summary_large_image\" \/>\n<meta name=\"twitter:label1\" content=\"Escrito por\">\n\t<meta name=\"twitter:data1\" content=\"Jerry\">\n\t<meta name=\"twitter:label2\" content=\"Tiempo de lectura\">\n\t<meta name=\"twitter:data2\" content=\"2 minutos\">\n<script type=\"application\/ld+json\" class=\"yoast-schema-graph\">{\"@context\":\"https:\/\/schema.org\",\"@graph\":[{\"@type\":\"WebSite\",\"@id\":\"https:\/\/zecovalve.com\/#website\",\"url\":\"https:\/\/zecovalve.com\/\",\"name\":\"ZECO Valve\",\"description\":\"Industrial Ball Valve, Gate Valve and Globe Valve Manufacturer\",\"potentialAction\":[{\"@type\":\"SearchAction\",\"target\":\"https:\/\/zecovalve.com\/?s={search_term_string}\",\"query-input\":\"required name=search_term_string\"}],\"inLanguage\":\"es\"},{\"@type\":\"ImageObject\",\"@id\":\"https:\/\/zecovalve.com\/product\/knife-gate-valve#primaryimage\",\"inLanguage\":\"es\",\"url\":\"https:\/\/zecovalve.com\/wp-content\/uploads\/2022\/06\/Knife-Gate-Valve-4.jpg\",\"width\":800,\"height\":600,\"caption\":\"Knife Gate Valve\"},{\"@type\":\"WebPage\",\"@id\":\"https:\/\/zecovalve.com\/product\/knife-gate-valve#webpage\",\"url\":\"https:\/\/zecovalve.com\/product\/knife-gate-valve\",\"name\":\"Knife Gate Valve - ZECO Valve\",\"isPartOf\":{\"@id\":\"https:\/\/zecovalve.com\/#website\"},\"primaryImageOfPage\":{\"@id\":\"https:\/\/zecovalve.com\/product\/knife-gate-valve#primaryimage\"},\"datePublished\":\"2022-06-27T08:01:07+00:00\",\"dateModified\":\"2023-06-15T13:12:49+00:00\",\"breadcrumb\":{\"@id\":\"https:\/\/zecovalve.com\/product\/knife-gate-valve#breadcrumb\"},\"inLanguage\":\"es\",\"potentialAction\":[{\"@type\":\"ReadAction\",\"target\":[\"https:\/\/zecovalve.com\/product\/knife-gate-valve\"]}]},{\"@type\":\"BreadcrumbList\",\"@id\":\"https:\/\/zecovalve.com\/product\/knife-gate-valve#breadcrumb\",\"itemListElement\":[{\"@type\":\"ListItem\",\"position\":1,\"item\":{\"@type\":\"WebPage\",\"@id\":\"https:\/\/zecovalve.com\/\",\"url\":\"https:\/\/zecovalve.com\/\",\"name\":\"Home\"}},{\"@type\":\"ListItem\",\"position\":2,\"item\":{\"@type\":\"WebPage\",\"@id\":\"https:\/\/zecovalve.com\/product-category\",\"url\":\"https:\/\/zecovalve.com\/product-category\",\"name\":\"Industrial Valve Manufacturer | Water Valve Manufacturer\"}},{\"@type\":\"ListItem\",\"position\":3,\"item\":{\"@type\":\"WebPage\",\"@id\":\"https:\/\/zecovalve.com\/product\/knife-gate-valve\",\"url\":\"https:\/\/zecovalve.com\/product\/knife-gate-valve\",\"name\":\"Knife Gate Valve\"}}]}]}<\/script>\n<!-- \/ Yoast SEO Premium plugin. -->","_links":{"self":[{"href":"https:\/\/zecovalve.com\/es\/wp-json\/wp\/v2\/product\/17145","targetHints":{"allow":["GET"]}}],"collection":[{"href":"https:\/\/zecovalve.com\/es\/wp-json\/wp\/v2\/product"}],"about":[{"href":"https:\/\/zecovalve.com\/es\/wp-json\/wp\/v2\/types\/product"}],"replies":[{"embeddable":true,"href":"https:\/\/zecovalve.com\/es\/wp-json\/wp\/v2\/comments?post=17145"}],"wp:featuredmedia":[{"embeddable":true,"href":"https:\/\/zecovalve.com\/es\/wp-json\/wp\/v2\/media\/27894"}],"wp:attachment":[{"href":"https:\/\/zecovalve.com\/es\/wp-json\/wp\/v2\/media?parent=17145"}],"wp:term":[{"taxonomy":"product_cat","embeddable":true,"href":"https:\/\/zecovalve.com\/es\/wp-json\/wp\/v2\/product_cat?post=17145"},{"taxonomy":"product_tag","embeddable":true,"href":"https:\/\/zecovalve.com\/es\/wp-json\/wp\/v2\/product_tag?post=17145"}],"curies":[{"name":"wp","href":"https:\/\/api.w.org\/{rel}","templated":true}]}}