{"id":17160,"date":"2022-06-27T08:25:55","date_gmt":"2022-06-27T08:25:55","guid":{"rendered":"https:\/\/zecovalve.com\/?post_type=product&#038;p=17160"},"modified":"2022-07-10T10:52:46","modified_gmt":"2022-07-10T10:52:46","slug":"wafer-butterfly-valve","status":"publish","type":"product","link":"https:\/\/zecovalve.com\/es\/producto\/wafer-butterfly-valve","title":{"rendered":"V\u00e1lvula de mariposa Wafer"},"content":{"rendered":"<div class=\"sep-pages-boxs bgs clearfix\">\n<div class=\"sep-container clearfix\">\n<h1 class=\"titles sizes1 cens gtj-ff-bold\">V\u00e1lvula de mariposa Wafer<\/h1>\n<div class=\"bq-sep-pro-detail-thumbs ons clearfix\">\n<div class=\"thumbs\">\n<div class=\"imgs ons\">\n<div class=\"swiper-container swiper-container-initialized swiper-container-horizontal\">\n<div class=\"swiper-wrapper\">\n<div class=\"swiper-slide swiper-slide-active\">\n<figure id=\"attachment_17037\" aria-describedby=\"caption-attachment-17037\" style=\"width: 290px\" class=\"wp-caption alignnone\"><img loading=\"lazy\" decoding=\"async\" class=\"size-medium wp-image-17037\" src=\"https:\/\/zecovalve.com\/wp-content\/uploads\/2022\/06\/wafer-butterfly-valve-1-300x273.jpg\" alt=\"V\u00e1lvula de mariposa Wafer\" width=\"300\" height=\"273\" srcset=\"https:\/\/zecovalve.com\/wp-content\/uploads\/2022\/06\/wafer-butterfly-valve-1-300x273.jpg 300w, https:\/\/zecovalve.com\/wp-content\/uploads\/2022\/06\/wafer-butterfly-valve-1.jpg 330w\" sizes=\"auto, (max-width: 300px) 100vw, 300px\" \/><figcaption id=\"caption-attachment-17037\" class=\"wp-caption-text\">V\u00e1lvula de mariposa Wafer<\/figcaption><\/figure>\n<\/div>\n<\/div>\n<\/div>\n<div class=\"lr-lists-boxs\"><\/div>\n<\/div>\n<\/div>\n<\/div>\n<\/div>\n<\/div>\n<div class=\"sep-pages-boxs clearfix\">\n<div class=\"sep-container clearfix\">\n<div id=\"zf-nexts\" class=\"flex clearfix\">\n<div class=\"bq-zf-lefts\">\n<div class=\"richtext\">\n<h2>Festejos de la v\u00e1lvula de mariposa Wafer<\/h2>\n<div class=\"text-center\"><img loading=\"lazy\" decoding=\"async\" class=\"alignnone size-medium wp-image-17166\" src=\"https:\/\/zecovalve.com\/wp-content\/uploads\/2022\/06\/wafer-concentric-butterfly-valve-2-300x225.png\" alt=\"\" width=\"300\" height=\"225\" srcset=\"https:\/\/zecovalve.com\/wp-content\/uploads\/2022\/06\/wafer-concentric-butterfly-valve-2-300x225.png 300w, https:\/\/zecovalve.com\/wp-content\/uploads\/2022\/06\/wafer-concentric-butterfly-valve-2.png 600w\" sizes=\"auto, (max-width: 300px) 100vw, 300px\" \/><\/div>\n<ul class=\"list-paddingleft-2\">\n<li>Estructura sencilla y compacta, peso ligero, f\u00e1cil de montar y reparar;<\/li>\n<li>Peque\u00f1o par de accionamiento, giro de 90\u00b0 port\u00e1til de apertura y cierre r\u00e1pidos;<\/li>\n<li>Peque\u00f1a resistencia al flujo, el efecto de ahorro de energ\u00eda es bueno;<\/li>\n<li>Sellado fiable, las fugas son nulas, larga vida \u00fatil.<\/li>\n<\/ul>\n<\/div>\n<div class=\"richtext\">\n<h2>Principio de funcionamiento de la v\u00e1lvula de mariposa wafer<\/h2>\n<div class=\"text-center\"><img loading=\"lazy\" decoding=\"async\" class=\"alignnone size-medium wp-image-17168\" src=\"https:\/\/zecovalve.com\/wp-content\/uploads\/2022\/06\/worm-gear-wafer-concentric-butterfly-valve-300x225.png\" alt=\"\" width=\"300\" height=\"225\" srcset=\"https:\/\/zecovalve.com\/wp-content\/uploads\/2022\/06\/worm-gear-wafer-concentric-butterfly-valve-300x225.png 300w, https:\/\/zecovalve.com\/wp-content\/uploads\/2022\/06\/worm-gear-wafer-concentric-butterfly-valve.png 600w\" sizes=\"auto, (max-width: 300px) 100vw, 300px\" \/><\/div>\n<p>El di\u00e1metro grande se puede aumentar debido al aumento del par, que se puede aumentar a\u00f1adiendo un cabezal de turbina o un actuador el\u00e9ctrico. Los actuadores el\u00e9ctricos pueden estar equipados con tipo com\u00fan, tipo dom\u00e9stico, tipo a prueba de explosiones y tipo de regulaci\u00f3n de acuerdo con las diferentes condiciones de trabajo, que<span style=\"font-size: inherit;\">\u00a0puede realizar el control remoto y la conexi\u00f3n en red de ordenadores.<\/span><\/p>\n<\/div>\n<div class=\"richtext\">\n<h2>Instalaci\u00f3n y puesta en servicio de v\u00e1lvulas de mariposa wafer<\/h2>\n<div class=\"text-center\"><img loading=\"lazy\" decoding=\"async\" class=\"alignnone size-medium wp-image-17167\" src=\"https:\/\/zecovalve.com\/wp-content\/uploads\/2022\/06\/wafer-concentric-butterfly-valve-3-300x225.png\" alt=\"\" width=\"300\" height=\"225\" srcset=\"https:\/\/zecovalve.com\/wp-content\/uploads\/2022\/06\/wafer-concentric-butterfly-valve-3-300x225.png 300w, https:\/\/zecovalve.com\/wp-content\/uploads\/2022\/06\/wafer-concentric-butterfly-valve-3.png 600w\" sizes=\"auto, (max-width: 300px) 100vw, 300px\" \/><\/div>\n<p>Esta v\u00e1lvula debe estar equipada con brida de mariposa. Coloque la v\u00e1lvula de mariposa en el centro de la brida especial en ambos extremos de la tuber\u00eda, y utilice el perno de doble cabeza a trav\u00e9s de la brida de la tuber\u00eda y sujete la v\u00e1lvula de mariposa para bloquear firmemente, entonces se puede utilizar normalmente. Para usos espec\u00edficos, consulte con el Grupo de V\u00e1lvulas ZECO.<\/p>\n<\/div>\n<div class=\"richtext\">\n<h2>V\u00e1lvula de mariposa Wafer Material y norma<\/h2>\n<p>Gama de tama\u00f1os: 2\u2033~48\u2033.<\/p>\n<p>Presi\u00f3n nominal: 10bar ~ 25bar<\/p>\n<p>Dimensiones cara a cara: EN 558-2008<\/p>\n<p>Dimensi\u00f3n del extremo de la brida: EN1092-2, ISO 7005-2<\/p>\n<p>Revestimiento: Revestimiento epoxi por fusi\u00f3n<\/p>\n<p>Inspecci\u00f3n y ensayo: EN 1074-1 y 2, EN 12266<\/p>\n<p>&nbsp;<\/p>\n<div class=\"over-tabs\">\n<table width=\"1389\">\n<tbody>\n<tr class=\"firstRow\">\n<td>Pieza<\/td>\n<td>Material<\/td>\n<td>Est\u00e1ndar<\/td>\n<\/tr>\n<tr>\n<td>Cuerpo<\/td>\n<td>Hierro d\u00factil<\/td>\n<td>ES 1563\/DIN 1693<\/td>\n<\/tr>\n<tr>\n<td>Disco<\/td>\n<td>Hierro d\u00factil<\/td>\n<td>ES 1563\/DIN 1693<\/td>\n<\/tr>\n<tr>\n<td>V\u00e1stago<\/td>\n<td>Acero inoxidable 431<\/td>\n<td>EN10088-1\/ASTM A959<\/td>\n<\/tr>\n<tr>\n<td>Mango<\/td>\n<td>Hierro d\u00factil<\/td>\n<td>ES 1563\/DIN 1693<\/td>\n<\/tr>\n<tr>\n<td>Asiento<\/td>\n<td>EPDM<\/td>\n<td>ISO 4633<\/td>\n<\/tr>\n<tr>\n<td>Casquillo<\/td>\n<td>CuZn39Pb1 \/ C37000<\/td>\n<td>EN12167\/ASTM B135<\/td>\n<\/tr>\n<tr>\n<td colspan=\"3\">Para las opciones de materiales que no figuran en la lista, consulte con la f\u00e1brica.<\/p>\n<p>ZECO fabrica v\u00e1lvulas en m\u00e1s de 50 aleaciones diferentes.<\/td>\n<\/tr>\n<\/tbody>\n<\/table>\n<\/div>\n<\/div>\n<\/div>\n<\/div>\n<\/div>\n<\/div>","protected":false},"excerpt":{"rendered":"<p>V\u00e1lvula de mariposa Wafer Caracter\u00edsticas de la v\u00e1lvula de mariposa Wafer de estructura simple y compacta, liviana, f\u00e1cil de ensamblar y reparar; Peque\u00f1o \u2026 <a title=\"V\u00e1lvula de mariposa Wafer\" class=\"read-more\" href=\"https:\/\/zecovalve.com\/es\/producto\/wafer-butterfly-valve\" aria-label=\"M\u00e1s en V\u00e1lvula de mariposa Wafer\">Leer m\u00e1s<\/a><\/p>","protected":false},"featured_media":17037,"comment_status":"closed","ping_status":"closed","template":"","meta":{"_generate-full-width-content":"","kt_blocks_editor_width":""},"product_cat":[2044,2514],"product_tag":[2806,2654,2658,2801],"class_list":["post-17160","product","type-product","status-publish","has-post-thumbnail","hentry","product_cat-butterfly-valve","product_cat-concentric-butterfly-valve","product_tag-butterfly-valve-wafer-type","product_tag-hvac-valve","product_tag-isolation-valve","product_tag-wafer-type-butterfly-valve","sales-flash-overlay","woocommerce-text-align-center","woocommerce-image-align-center","do-quantity-buttons"],"featured_image_src_large":["https:\/\/zecovalve.com\/wp-content\/uploads\/2022\/06\/wafer-butterfly-valve-1.jpg",330,300,false],"author_info":[],"comment_info":0,"taxonomy_info":{"product_cat":[{"value":2044,"label":"Butterfly Valve"},{"value":2514,"label":"Concentric Butterfly Valve"}],"product_tag":[{"value":2806,"label":"Butterfly Valve Wafer Type"},{"value":2654,"label":"HVAC Valve"},{"value":2658,"label":"Isolation Valve"},{"value":2801,"label":"Wafer Type Butterfly Valve"}]},"yoast_head":"<!-- This site is optimized with the Yoast SEO Premium plugin v15.4 - https:\/\/yoast.com\/wordpress\/plugins\/seo\/ -->\n<title>Wafer Butterfly Valve - ZECO Valve<\/title>\n<meta name=\"robots\" content=\"index, follow, max-snippet:-1, max-image-preview:large, max-video-preview:-1\" \/>\n<link rel=\"canonical\" href=\"https:\/\/zecovalve.com\/es\/producto\/wafer-butterfly-valve\" \/>\n<meta property=\"og:locale\" content=\"es_ES\" \/>\n<meta property=\"og:type\" content=\"article\" \/>\n<meta property=\"og:title\" content=\"Wafer Butterfly Valve - ZECO Valve\" \/>\n<meta property=\"og:description\" content=\"Wafer Butterfly Valve Festures of Wafer Butterfly Valve simple and compact in structure, light in weight, easy to assemble and repair; Small ... Leer m\u00e1s\" \/>\n<meta property=\"og:url\" content=\"https:\/\/zecovalve.com\/es\/producto\/wafer-butterfly-valve\" \/>\n<meta property=\"og:site_name\" content=\"ZECO Valve\" \/>\n<meta property=\"article:modified_time\" content=\"2022-07-10T10:52:46+00:00\" \/>\n<meta property=\"og:image\" content=\"https:\/\/zecovalve.com\/wp-content\/uploads\/2022\/06\/wafer-butterfly-valve-1.jpg\" \/>\n\t<meta property=\"og:image:width\" content=\"330\" \/>\n\t<meta property=\"og:image:height\" content=\"300\" \/>\n<meta name=\"twitter:card\" content=\"summary_large_image\" \/>\n<meta name=\"twitter:label1\" content=\"Escrito por\">\n\t<meta name=\"twitter:data1\" content=\"Jerry\">\n\t<meta name=\"twitter:label2\" content=\"Tiempo de lectura\">\n\t<meta name=\"twitter:data2\" content=\"1 minuto\">\n<script type=\"application\/ld+json\" class=\"yoast-schema-graph\">{\"@context\":\"https:\/\/schema.org\",\"@graph\":[{\"@type\":\"WebSite\",\"@id\":\"https:\/\/zecovalve.com\/#website\",\"url\":\"https:\/\/zecovalve.com\/\",\"name\":\"ZECO Valve\",\"description\":\"Industrial Ball Valve, Gate Valve and Globe Valve Manufacturer\",\"potentialAction\":[{\"@type\":\"SearchAction\",\"target\":\"https:\/\/zecovalve.com\/?s={search_term_string}\",\"query-input\":\"required name=search_term_string\"}],\"inLanguage\":\"es\"},{\"@type\":\"ImageObject\",\"@id\":\"https:\/\/zecovalve.com\/product\/wafer-butterfly-valve#primaryimage\",\"inLanguage\":\"es\",\"url\":\"https:\/\/zecovalve.com\/wp-content\/uploads\/2022\/06\/wafer-butterfly-valve-1.jpg\",\"width\":330,\"height\":300,\"caption\":\"Wafer Butterfly Valve\"},{\"@type\":\"WebPage\",\"@id\":\"https:\/\/zecovalve.com\/product\/wafer-butterfly-valve#webpage\",\"url\":\"https:\/\/zecovalve.com\/product\/wafer-butterfly-valve\",\"name\":\"Wafer Butterfly Valve - ZECO Valve\",\"isPartOf\":{\"@id\":\"https:\/\/zecovalve.com\/#website\"},\"primaryImageOfPage\":{\"@id\":\"https:\/\/zecovalve.com\/product\/wafer-butterfly-valve#primaryimage\"},\"datePublished\":\"2022-06-27T08:25:55+00:00\",\"dateModified\":\"2022-07-10T10:52:46+00:00\",\"breadcrumb\":{\"@id\":\"https:\/\/zecovalve.com\/product\/wafer-butterfly-valve#breadcrumb\"},\"inLanguage\":\"es\",\"potentialAction\":[{\"@type\":\"ReadAction\",\"target\":[\"https:\/\/zecovalve.com\/product\/wafer-butterfly-valve\"]}]},{\"@type\":\"BreadcrumbList\",\"@id\":\"https:\/\/zecovalve.com\/product\/wafer-butterfly-valve#breadcrumb\",\"itemListElement\":[{\"@type\":\"ListItem\",\"position\":1,\"item\":{\"@type\":\"WebPage\",\"@id\":\"https:\/\/zecovalve.com\/\",\"url\":\"https:\/\/zecovalve.com\/\",\"name\":\"Home\"}},{\"@type\":\"ListItem\",\"position\":2,\"item\":{\"@type\":\"WebPage\",\"@id\":\"https:\/\/zecovalve.com\/product-category\",\"url\":\"https:\/\/zecovalve.com\/product-category\",\"name\":\"Industrial Valve Manufacturer | Water Valve Manufacturer\"}},{\"@type\":\"ListItem\",\"position\":3,\"item\":{\"@type\":\"WebPage\",\"@id\":\"https:\/\/zecovalve.com\/product\/wafer-butterfly-valve\",\"url\":\"https:\/\/zecovalve.com\/product\/wafer-butterfly-valve\",\"name\":\"Wafer Butterfly Valve\"}}]}]}<\/script>\n<!-- \/ Yoast SEO Premium plugin. -->","_links":{"self":[{"href":"https:\/\/zecovalve.com\/es\/wp-json\/wp\/v2\/product\/17160","targetHints":{"allow":["GET"]}}],"collection":[{"href":"https:\/\/zecovalve.com\/es\/wp-json\/wp\/v2\/product"}],"about":[{"href":"https:\/\/zecovalve.com\/es\/wp-json\/wp\/v2\/types\/product"}],"replies":[{"embeddable":true,"href":"https:\/\/zecovalve.com\/es\/wp-json\/wp\/v2\/comments?post=17160"}],"wp:featuredmedia":[{"embeddable":true,"href":"https:\/\/zecovalve.com\/es\/wp-json\/wp\/v2\/media\/17037"}],"wp:attachment":[{"href":"https:\/\/zecovalve.com\/es\/wp-json\/wp\/v2\/media?parent=17160"}],"wp:term":[{"taxonomy":"product_cat","embeddable":true,"href":"https:\/\/zecovalve.com\/es\/wp-json\/wp\/v2\/product_cat?post=17160"},{"taxonomy":"product_tag","embeddable":true,"href":"https:\/\/zecovalve.com\/es\/wp-json\/wp\/v2\/product_tag?post=17160"}],"curies":[{"name":"wp","href":"https:\/\/api.w.org\/{rel}","templated":true}]}}