{"id":17184,"date":"2022-06-27T09:03:42","date_gmt":"2022-06-27T09:03:42","guid":{"rendered":"https:\/\/zecovalve.com\/?post_type=product&#038;p=17184"},"modified":"2022-07-03T06:37:53","modified_gmt":"2022-07-03T06:37:53","slug":"lug-butterfly-valve-2","status":"publish","type":"product","link":"https:\/\/zecovalve.com\/es\/producto\/lug-butterfly-valve-2","title":{"rendered":"V\u00e1lvula de mariposa Lug"},"content":{"rendered":"<div class=\"sep-pages-boxs bgs clearfix\">\n<div class=\"sep-container clearfix\">\n<h1 class=\"titles sizes1 cens gtj-ff-bold\">V\u00e1lvula de mariposa Lug<\/h1>\n<div class=\"bq-sep-pro-detail-thumbs ons clearfix\">\n<div class=\"thumbs\">\n<div class=\"imgs ons\">\n<div class=\"swiper-container swiper-container-initialized swiper-container-horizontal\">\n<div class=\"swiper-wrapper\">\n<div class=\"swiper-slide swiper-slide-active\">\n<figure id=\"attachment_16941\" aria-describedby=\"caption-attachment-16941\" style=\"width: 290px\" class=\"wp-caption alignnone\"><img loading=\"lazy\" decoding=\"async\" class=\"size-medium wp-image-16941\" src=\"https:\/\/zecovalve.com\/wp-content\/uploads\/2022\/06\/lug-butterfly-valve-1-300x273.jpg\" alt=\"V\u00e1lvula de mariposa Lug\" width=\"300\" height=\"273\" srcset=\"https:\/\/zecovalve.com\/wp-content\/uploads\/2022\/06\/lug-butterfly-valve-1-300x273.jpg 300w, https:\/\/zecovalve.com\/wp-content\/uploads\/2022\/06\/lug-butterfly-valve-1.jpg 330w\" sizes=\"auto, (max-width: 300px) 100vw, 300px\" \/><figcaption id=\"caption-attachment-16941\" class=\"wp-caption-text\">V\u00e1lvula de mariposa Lug<\/figcaption><\/figure>\n<\/div>\n<\/div>\n<\/div>\n<div class=\"lr-lists-boxs\"><\/div>\n<\/div>\n<\/div>\n<\/div>\n<\/div>\n<\/div>\n<div class=\"sep-pages-boxs clearfix\">\n<div class=\"sep-container clearfix\">\n<div id=\"zf-nexts\" class=\"flex clearfix\">\n<div class=\"bq-zf-lefts\">\n<div class=\"richtext\">\n<h2>Caracter\u00edsticas de la v\u00e1lvula de mariposa de leng\u00fceta<\/h2>\n<p><img loading=\"lazy\" decoding=\"async\" class=\"alignnone size-medium wp-image-17185\" src=\"https:\/\/zecovalve.com\/wp-content\/uploads\/2022\/06\/lug-butterfly-valve-1-1-300x225.jpg\" alt=\"\" width=\"300\" height=\"225\" srcset=\"https:\/\/zecovalve.com\/wp-content\/uploads\/2022\/06\/lug-butterfly-valve-1-1-300x225.jpg 300w, https:\/\/zecovalve.com\/wp-content\/uploads\/2022\/06\/lug-butterfly-valve-1-1.jpg 600w\" sizes=\"auto, (max-width: 300px) 100vw, 300px\" \/><\/p>\n<div class=\"text-center\"><\/div>\n<ul class=\"list-paddingleft-2\">\n<li>Par de apertura bajo, se adopta un sistema de sellado de equilibrio din\u00e1mico radial, de modo que las fuerzas en ambos lados de la entrada y salida del disco est\u00e9n aproximadamente equilibradas;<\/li>\n<li>Cojinete autolubricante para reducir el par de operaci\u00f3n y evitar bloquear el v\u00e1stago de la v\u00e1lvula en condiciones de apertura y cierre poco frecuentes;<\/li>\n<li>Mejor material del anillo de sellado, el sello est\u00e1 hecho de l\u00e1mina de acero inoxidable con grafito\/fibra de carbono\/PTFE, etc. M\u00e1s resistente al desgaste, a los impactos, confiable y respetuoso con el medio ambiente que el material de l\u00e1mina de asbesto de caucho;<\/li>\n<li>El sistema de sellado combinado con empaque garantiza que la fuga m\u00e1xima de la v\u00e1lvula pueda alcanzar \u226420 ppm. La estructura de sellado din\u00e1mico se puede utilizar si es necesario para que el sello del empaque est\u00e9 en buenas condiciones y se extienda el per\u00edodo de mantenimiento gratuito del empaque.<\/li>\n<\/ul>\n<\/div>\n<div class=\"richtext\">\n<h2>Principio de funcionamiento de la v\u00e1lvula de mariposa con orejeta<\/h2>\n<div class=\"text-center\"><img loading=\"lazy\" decoding=\"async\" class=\"alignnone size-medium wp-image-17186\" src=\"https:\/\/zecovalve.com\/wp-content\/uploads\/2022\/06\/lug-butterfly-valve-2-300x225.jpg\" alt=\"\" width=\"300\" height=\"225\" srcset=\"https:\/\/zecovalve.com\/wp-content\/uploads\/2022\/06\/lug-butterfly-valve-2-300x225.jpg 300w, https:\/\/zecovalve.com\/wp-content\/uploads\/2022\/06\/lug-butterfly-valve-2.jpg 600w\" sizes=\"auto, (max-width: 300px) 100vw, 300px\" \/><\/div>\n<p>La v\u00e1lvula de mariposa tipo lug tiene dos opciones de fijaci\u00f3n <span style=\"font-size: inherit;\">asiento y asiento flotante, que se pueden reparar sin salir del sitio, lo que puede acortar el tiempo de reparaci\u00f3n y mejorar en gran medida la eficiencia. Los asientos fijos son adecuados para v\u00e1lvulas donde el medio fluye hacia adelante, por lo que el sello es solo para una direcci\u00f3n y se debe tener en cuenta la direcci\u00f3n del flujo al instalar. Aunque el asiento de la v\u00e1lvula est\u00e9 fijo, la junta de la trampilla de la v\u00e1lvula a\u00fan se puede quitar. Si la v\u00e1lvula tiene asiento flotante, se puede instalar en cualquier direcci\u00f3n.<\/span><\/p>\n<\/div>\n<div class=\"richtext\">\n<h2>Instalaci\u00f3n y puesta en marcha de la v\u00e1lvula de mariposa de leng\u00fceta<\/h2>\n<div class=\"text-center\"><img loading=\"lazy\" decoding=\"async\" class=\"alignnone size-medium wp-image-17187\" src=\"https:\/\/zecovalve.com\/wp-content\/uploads\/2022\/06\/lug-butterfly-valve-3-300x225.jpg\" alt=\"\" width=\"300\" height=\"225\" srcset=\"https:\/\/zecovalve.com\/wp-content\/uploads\/2022\/06\/lug-butterfly-valve-3-300x225.jpg 300w, https:\/\/zecovalve.com\/wp-content\/uploads\/2022\/06\/lug-butterfly-valve-3.jpg 600w\" sizes=\"auto, (max-width: 300px) 100vw, 300px\" \/><\/div>\n<p>La v\u00e1lvula de mariposa tipo oblea debe almacenarse en una habitaci\u00f3n seca y ventilada y el canal de la v\u00e1lvula debe estar bloqueado en ambos extremos. El almacenamiento prolongado de la v\u00e1lvula debe inspeccionarse peri\u00f3dicamente y limpiarse de suciedad. Se debe prestar especial atenci\u00f3n a la limpieza de la superficie de sellado para evitar da\u00f1os a la superficie de sellado. Para uso espec\u00edfico, consulte con Zeco Valve Group.<\/p>\n<\/div>\n<div class=\"richtext\">\n<h2>Material y est\u00e1ndar de la v\u00e1lvula de mariposa de orejeta<\/h2>\n<p>Gama de tama\u00f1os: 2\u2033~48\u2033.<br \/>\nClasificaci\u00f3n de presi\u00f3n: 150LB ~ 300LB<\/p>\n<p>Dimensiones cara a cara: API 609, EN558<\/p>\n<p>Dimensi\u00f3n del extremo de la brida: EN1092, ASME B16.5, ASME B16.47, AS2129<\/p>\n<p>Inspecci\u00f3n y ensayo: API 598<\/p>\n<div class=\"over-tabs\">\n<table cellspacing=\"0\">\n<tbody>\n<tr class=\"firstRow\">\n<td valign=\"center\">Pieza<\/td>\n<td valign=\"center\">Material<\/td>\n<td valign=\"center\">Est\u00e1ndar<\/td>\n<\/tr>\n<tr>\n<td valign=\"center\">Cuerpo<\/td>\n<td valign=\"center\">GGG40\/WCB\/CF8M\/MONEL<\/td>\n<td valign=\"center\">EST\u00c1NDAR ASTM<\/td>\n<\/tr>\n<tr>\n<td valign=\"center\">Disco<\/td>\n<td valign=\"center\">GGG40\/WCB\/CF8M\/MONEL<\/td>\n<td valign=\"center\">EST\u00c1NDAR ASTM<\/td>\n<\/tr>\n<tr>\n<td valign=\"center\">V\u00e1stago<\/td>\n<td valign=\"center\">SS420\/SS410\/SS316\/MONEL<\/td>\n<td valign=\"center\">EST\u00c1NDAR ASTM<\/td>\n<\/tr>\n<tr>\n<td valign=\"center\">Asiento<\/td>\n<td valign=\"center\">SELLO DURO\/PTFE\/GRAFITO<\/td>\n<td valign=\"center\">EST\u00c1NDAR ASTM<\/td>\n<\/tr>\n<tr>\n<td colspan=\"3\" valign=\"center\">Para opciones de materiales no listados, consultar con f\u00e1brica.<\/p>\n<p>Zeco fabrica v\u00e1lvulas en m\u00e1s de 50 aleaciones diferentes.<\/td>\n<\/tr>\n<\/tbody>\n<\/table>\n<\/div>\n<\/div>\n<\/div>\n<\/div>\n<\/div>\n<\/div>","protected":false},"excerpt":{"rendered":"<p>V\u00e1lvula de mariposa de leng\u00fceta Caracter\u00edsticas de la v\u00e1lvula de mariposa de leng\u00fceta Par de apertura bajo, se adopta un sistema de sellado de equilibrio din\u00e1mico radial, de modo que las fuerzas... <a title=\"V\u00e1lvula de mariposa Lug\" class=\"read-more\" href=\"https:\/\/zecovalve.com\/es\/producto\/lug-butterfly-valve-2\" aria-label=\"M\u00e1s en V\u00e1lvula Mariposa Lug\">Leer m\u00e1s<\/a><\/p>","protected":false},"featured_media":16941,"comment_status":"closed","ping_status":"closed","template":"","meta":{"_generate-full-width-content":"","kt_blocks_editor_width":""},"product_cat":[2044,2467],"product_tag":[2723],"class_list":["post-17184","product","type-product","status-publish","has-post-thumbnail","hentry","product_cat-butterfly-valve","product_cat-butterfly-valve-by-form","product_tag-what-is-a-valve","sales-flash-overlay","woocommerce-text-align-center","woocommerce-image-align-center","do-quantity-buttons"],"featured_image_src_large":["https:\/\/zecovalve.com\/wp-content\/uploads\/2022\/06\/lug-butterfly-valve-1.jpg",330,300,false],"author_info":[],"comment_info":0,"taxonomy_info":{"product_cat":[{"value":2044,"label":"Butterfly Valve"},{"value":2467,"label":"Butterfly Valve By Form"}],"product_tag":[{"value":2723,"label":"What is a Valve"}]},"yoast_head":"<!-- This site is optimized with the Yoast SEO Premium plugin v15.4 - https:\/\/yoast.com\/wordpress\/plugins\/seo\/ -->\n<title>Lug Butterfly Valve - ZECO Valve<\/title>\n<meta name=\"robots\" content=\"index, follow, max-snippet:-1, max-image-preview:large, max-video-preview:-1\" \/>\n<link rel=\"canonical\" href=\"https:\/\/zecovalve.com\/es\/producto\/lug-butterfly-valve-2\" \/>\n<meta property=\"og:locale\" content=\"es_ES\" \/>\n<meta property=\"og:type\" content=\"article\" \/>\n<meta property=\"og:title\" content=\"Lug Butterfly Valve - ZECO Valve\" \/>\n<meta property=\"og:description\" content=\"Lug Butterfly Valve Features of Lug Butterfly Valve Low opening torque, Radial dynamic balance sealing system is adopted, so that the forces ... Leer m\u00e1s\" \/>\n<meta property=\"og:url\" content=\"https:\/\/zecovalve.com\/es\/producto\/lug-butterfly-valve-2\" \/>\n<meta property=\"og:site_name\" content=\"ZECO Valve\" \/>\n<meta property=\"article:modified_time\" content=\"2022-07-03T06:37:53+00:00\" \/>\n<meta property=\"og:image\" content=\"https:\/\/zecovalve.com\/wp-content\/uploads\/2022\/06\/lug-butterfly-valve-1.jpg\" \/>\n\t<meta property=\"og:image:width\" content=\"330\" \/>\n\t<meta property=\"og:image:height\" content=\"300\" \/>\n<meta name=\"twitter:card\" content=\"summary_large_image\" \/>\n<meta name=\"twitter:label1\" content=\"Escrito por\">\n\t<meta name=\"twitter:data1\" content=\"Jerry\">\n\t<meta name=\"twitter:label2\" content=\"Tiempo de lectura\">\n\t<meta name=\"twitter:data2\" content=\"2 minutos\">\n<script type=\"application\/ld+json\" class=\"yoast-schema-graph\">{\"@context\":\"https:\/\/schema.org\",\"@graph\":[{\"@type\":\"WebSite\",\"@id\":\"https:\/\/zecovalve.com\/#website\",\"url\":\"https:\/\/zecovalve.com\/\",\"name\":\"ZECO Valve\",\"description\":\"Industrial Ball Valve, Gate Valve and Globe Valve Manufacturer\",\"potentialAction\":[{\"@type\":\"SearchAction\",\"target\":\"https:\/\/zecovalve.com\/?s={search_term_string}\",\"query-input\":\"required name=search_term_string\"}],\"inLanguage\":\"es\"},{\"@type\":\"ImageObject\",\"@id\":\"https:\/\/zecovalve.com\/product\/lug-butterfly-valve-2#primaryimage\",\"inLanguage\":\"es\",\"url\":\"https:\/\/zecovalve.com\/wp-content\/uploads\/2022\/06\/lug-butterfly-valve-1.jpg\",\"width\":330,\"height\":300,\"caption\":\"Lug Butterfly Valve\"},{\"@type\":\"WebPage\",\"@id\":\"https:\/\/zecovalve.com\/product\/lug-butterfly-valve-2#webpage\",\"url\":\"https:\/\/zecovalve.com\/product\/lug-butterfly-valve-2\",\"name\":\"Lug Butterfly Valve - ZECO Valve\",\"isPartOf\":{\"@id\":\"https:\/\/zecovalve.com\/#website\"},\"primaryImageOfPage\":{\"@id\":\"https:\/\/zecovalve.com\/product\/lug-butterfly-valve-2#primaryimage\"},\"datePublished\":\"2022-06-27T09:03:42+00:00\",\"dateModified\":\"2022-07-03T06:37:53+00:00\",\"breadcrumb\":{\"@id\":\"https:\/\/zecovalve.com\/product\/lug-butterfly-valve-2#breadcrumb\"},\"inLanguage\":\"es\",\"potentialAction\":[{\"@type\":\"ReadAction\",\"target\":[\"https:\/\/zecovalve.com\/product\/lug-butterfly-valve-2\"]}]},{\"@type\":\"BreadcrumbList\",\"@id\":\"https:\/\/zecovalve.com\/product\/lug-butterfly-valve-2#breadcrumb\",\"itemListElement\":[{\"@type\":\"ListItem\",\"position\":1,\"item\":{\"@type\":\"WebPage\",\"@id\":\"https:\/\/zecovalve.com\/\",\"url\":\"https:\/\/zecovalve.com\/\",\"name\":\"Home\"}},{\"@type\":\"ListItem\",\"position\":2,\"item\":{\"@type\":\"WebPage\",\"@id\":\"https:\/\/zecovalve.com\/product-category\",\"url\":\"https:\/\/zecovalve.com\/product-category\",\"name\":\"Industrial Valve Manufacturer | Water Valve Manufacturer\"}},{\"@type\":\"ListItem\",\"position\":3,\"item\":{\"@type\":\"WebPage\",\"@id\":\"https:\/\/zecovalve.com\/product\/lug-butterfly-valve-2\",\"url\":\"https:\/\/zecovalve.com\/product\/lug-butterfly-valve-2\",\"name\":\"Lug Butterfly Valve\"}}]}]}<\/script>\n<!-- \/ Yoast SEO Premium plugin. -->","_links":{"self":[{"href":"https:\/\/zecovalve.com\/es\/wp-json\/wp\/v2\/product\/17184","targetHints":{"allow":["GET"]}}],"collection":[{"href":"https:\/\/zecovalve.com\/es\/wp-json\/wp\/v2\/product"}],"about":[{"href":"https:\/\/zecovalve.com\/es\/wp-json\/wp\/v2\/types\/product"}],"replies":[{"embeddable":true,"href":"https:\/\/zecovalve.com\/es\/wp-json\/wp\/v2\/comments?post=17184"}],"wp:featuredmedia":[{"embeddable":true,"href":"https:\/\/zecovalve.com\/es\/wp-json\/wp\/v2\/media\/16941"}],"wp:attachment":[{"href":"https:\/\/zecovalve.com\/es\/wp-json\/wp\/v2\/media?parent=17184"}],"wp:term":[{"taxonomy":"product_cat","embeddable":true,"href":"https:\/\/zecovalve.com\/es\/wp-json\/wp\/v2\/product_cat?post=17184"},{"taxonomy":"product_tag","embeddable":true,"href":"https:\/\/zecovalve.com\/es\/wp-json\/wp\/v2\/product_tag?post=17184"}],"curies":[{"name":"wp","href":"https:\/\/api.w.org\/{rel}","templated":true}]}}